{"id":82445,"date":"2026-02-10T12:58:03","date_gmt":"2026-02-10T11:58:03","guid":{"rendered":"https:\/\/valvex.com\/?post_type=product&#038;p=82445"},"modified":"2026-02-10T12:58:03","modified_gmt":"2026-02-10T11:58:03","slug":"kurek-kulowy-z-dlawikiem-z-dzwignia-stalowa-wersja-nakretno-nakretna","status":"publish","type":"product","link":"https:\/\/valvex.com\/ro\/produs\/kurek-kulowy-z-dlawikiem-z-dzwignia-stalowa-wersja-nakretno-nakretna\/","title":{"rendered":"Kurek kulowy z d\u0142awikiem z d\u017awigni\u0105 stalow\u0105, wersja nakr\u0119tno-nakr\u0119tna"},"content":{"rendered":"<p><img loading=\"lazy\" decoding=\"async\" class=\"alignnone wp-image-80784 size-full\" src=\"https:\/\/valvex.com\/wp-content\/uploads\/2025\/10\/OMAX-1-1.png\" alt=\"\" width=\"1920\" height=\"1377\" srcset=\"https:\/\/valvex.com\/wp-content\/uploads\/2025\/10\/OMAX-1-1.png 1920w, https:\/\/valvex.com\/wp-content\/uploads\/2025\/10\/OMAX-1-1-300x215.png 300w, https:\/\/valvex.com\/wp-content\/uploads\/2025\/10\/OMAX-1-1-1024x734.png 1024w, https:\/\/valvex.com\/wp-content\/uploads\/2025\/10\/OMAX-1-1-768x551.png 768w, https:\/\/valvex.com\/wp-content\/uploads\/2025\/10\/OMAX-1-1-1536x1102.png 1536w\" sizes=\"auto, (max-width: 1920px) 100vw, 1920px\" \/><\/p>\n<p><img loading=\"lazy\" decoding=\"async\" class=\"alignnone wp-image-80785 size-full\" src=\"https:\/\/valvex.com\/wp-content\/uploads\/2025\/10\/OMAX-2.png\" alt=\"\" width=\"1920\" height=\"718\" srcset=\"https:\/\/valvex.com\/wp-content\/uploads\/2025\/10\/OMAX-2.png 1920w, https:\/\/valvex.com\/wp-content\/uploads\/2025\/10\/OMAX-2-300x112.png 300w, https:\/\/valvex.com\/wp-content\/uploads\/2025\/10\/OMAX-2-1024x383.png 1024w, https:\/\/valvex.com\/wp-content\/uploads\/2025\/10\/OMAX-2-768x287.png 768w, https:\/\/valvex.com\/wp-content\/uploads\/2025\/10\/OMAX-2-1536x574.png 1536w\" sizes=\"auto, (max-width: 1920px) 100vw, 1920px\" \/><\/p>\n<p><img loading=\"lazy\" decoding=\"async\" class=\"alignnone wp-image-80786 size-full\" src=\"https:\/\/valvex.com\/wp-content\/uploads\/2025\/10\/OMAX-3.png\" alt=\"\" width=\"1920\" height=\"812\" srcset=\"https:\/\/valvex.com\/wp-content\/uploads\/2025\/10\/OMAX-3.png 1920w, https:\/\/valvex.com\/wp-content\/uploads\/2025\/10\/OMAX-3-300x127.png 300w, https:\/\/valvex.com\/wp-content\/uploads\/2025\/10\/OMAX-3-1024x433.png 1024w, https:\/\/valvex.com\/wp-content\/uploads\/2025\/10\/OMAX-3-768x325.png 768w, https:\/\/valvex.com\/wp-content\/uploads\/2025\/10\/OMAX-3-1536x650.png 1536w\" sizes=\"auto, (max-width: 1920px) 100vw, 1920px\" \/><\/p>\n<p><img loading=\"lazy\" decoding=\"async\" class=\"alignnone wp-image-80787 size-full\" src=\"https:\/\/valvex.com\/wp-content\/uploads\/2025\/10\/OMAX-4.png\" alt=\"\" width=\"1920\" height=\"2130\" srcset=\"https:\/\/valvex.com\/wp-content\/uploads\/2025\/10\/OMAX-4.png 1920w, https:\/\/valvex.com\/wp-content\/uploads\/2025\/10\/OMAX-4-270x300.png 270w, https:\/\/valvex.com\/wp-content\/uploads\/2025\/10\/OMAX-4-923x1024.png 923w, https:\/\/valvex.com\/wp-content\/uploads\/2025\/10\/OMAX-4-768x852.png 768w, https:\/\/valvex.com\/wp-content\/uploads\/2025\/10\/OMAX-4-1385x1536.png 1385w, https:\/\/valvex.com\/wp-content\/uploads\/2025\/10\/OMAX-4-1846x2048.png 1846w\" sizes=\"auto, (max-width: 1920px) 100vw, 1920px\" \/><\/p>\n<p>&nbsp;<\/p>\n<p><img loading=\"lazy\" decoding=\"async\" class=\"alignnone wp-image-80788 size-full\" src=\"https:\/\/valvex.com\/wp-content\/uploads\/2025\/10\/OMAX-5.png\" alt=\"\" width=\"1920\" height=\"497\" srcset=\"https:\/\/valvex.com\/wp-content\/uploads\/2025\/10\/OMAX-5.png 1920w, https:\/\/valvex.com\/wp-content\/uploads\/2025\/10\/OMAX-5-300x78.png 300w, https:\/\/valvex.com\/wp-content\/uploads\/2025\/10\/OMAX-5-1024x265.png 1024w, https:\/\/valvex.com\/wp-content\/uploads\/2025\/10\/OMAX-5-768x199.png 768w, https:\/\/valvex.com\/wp-content\/uploads\/2025\/10\/OMAX-5-1536x398.png 1536w\" sizes=\"auto, (max-width: 1920px) 100vw, 1920px\" \/><\/p>\n<p><img loading=\"lazy\" decoding=\"async\" class=\"alignnone wp-image-80789 size-full\" src=\"https:\/\/valvex.com\/wp-content\/uploads\/2025\/10\/OMAX-6.png\" alt=\"\" width=\"1920\" height=\"1024\" srcset=\"https:\/\/valvex.com\/wp-content\/uploads\/2025\/10\/OMAX-6.png 1920w, https:\/\/valvex.com\/wp-content\/uploads\/2025\/10\/OMAX-6-300x160.png 300w, https:\/\/valvex.com\/wp-content\/uploads\/2025\/10\/OMAX-6-1024x546.png 1024w, https:\/\/valvex.com\/wp-content\/uploads\/2025\/10\/OMAX-6-768x410.png 768w, https:\/\/valvex.com\/wp-content\/uploads\/2025\/10\/OMAX-6-1536x819.png 1536w\" sizes=\"auto, (max-width: 1920px) 100vw, 1920px\" \/><\/p>\n<p><img loading=\"lazy\" decoding=\"async\" class=\"alignnone wp-image-80790 size-full\" src=\"https:\/\/valvex.com\/wp-content\/uploads\/2025\/10\/OMAX-7.png\" alt=\"\" width=\"1920\" height=\"561\" srcset=\"https:\/\/valvex.com\/wp-content\/uploads\/2025\/10\/OMAX-7.png 1920w, https:\/\/valvex.com\/wp-content\/uploads\/2025\/10\/OMAX-7-300x88.png 300w, https:\/\/valvex.com\/wp-content\/uploads\/2025\/10\/OMAX-7-1024x299.png 1024w, https:\/\/valvex.com\/wp-content\/uploads\/2025\/10\/OMAX-7-768x224.png 768w, https:\/\/valvex.com\/wp-content\/uploads\/2025\/10\/OMAX-7-1536x449.png 1536w\" sizes=\"auto, (max-width: 1920px) 100vw, 1920px\" \/><\/p>\n<p><img loading=\"lazy\" decoding=\"async\" class=\"alignnone wp-image-80792 size-full\" src=\"https:\/\/valvex.com\/wp-content\/uploads\/2025\/10\/OMAX-9.png\" alt=\"\" width=\"1920\" height=\"1005\" srcset=\"https:\/\/valvex.com\/wp-content\/uploads\/2025\/10\/OMAX-9.png 1920w, https:\/\/valvex.com\/wp-content\/uploads\/2025\/10\/OMAX-9-300x157.png 300w, https:\/\/valvex.com\/wp-content\/uploads\/2025\/10\/OMAX-9-1024x536.png 1024w, https:\/\/valvex.com\/wp-content\/uploads\/2025\/10\/OMAX-9-768x402.png 768w, https:\/\/valvex.com\/wp-content\/uploads\/2025\/10\/OMAX-9-1536x804.png 1536w\" sizes=\"auto, (max-width: 1920px) 100vw, 1920px\" \/><\/p>\n<p><img loading=\"lazy\" decoding=\"async\" class=\"alignnone wp-image-80793 size-full\" src=\"https:\/\/valvex.com\/wp-content\/uploads\/2025\/10\/OMAX-10.png\" alt=\"\" width=\"1920\" height=\"598\" srcset=\"https:\/\/valvex.com\/wp-content\/uploads\/2025\/10\/OMAX-10.png 1920w, https:\/\/valvex.com\/wp-content\/uploads\/2025\/10\/OMAX-10-300x93.png 300w, https:\/\/valvex.com\/wp-content\/uploads\/2025\/10\/OMAX-10-1024x319.png 1024w, https:\/\/valvex.com\/wp-content\/uploads\/2025\/10\/OMAX-10-768x239.png 768w, https:\/\/valvex.com\/wp-content\/uploads\/2025\/10\/OMAX-10-1536x478.png 1536w\" sizes=\"auto, (max-width: 1920px) 100vw, 1920px\" \/><\/p>\n","protected":false},"featured_media":80637,"template":"","ikony_produktow":[],"product_category":[],"product_series":[2497],"color":[],"class_list":["post-82445","product","type-product","status-publish","has-post-thumbnail","hentry","product_series-omax-4"],"acf":[],"yoast_head":"<!-- This site is optimized with the Yoast SEO plugin v27.3 - https:\/\/yoast.com\/product\/yoast-seo-wordpress\/ -->\n<title>Kurek kulowy z d\u0142awikiem z d\u017awigni\u0105 stalow\u0105, wersja nakr\u0119tno-nakr\u0119tna - Valvex<\/title>\n<meta name=\"robots\" content=\"index, follow, max-snippet:-1, max-image-preview:large, max-video-preview:-1\" \/>\n<link rel=\"canonical\" href=\"https:\/\/valvex.com\/ro\/produs\/kurek-kulowy-z-dlawikiem-z-dzwignia-stalowa-wersja-nakretno-nakretna\/\" \/>\n<meta property=\"og:locale\" content=\"ro_RO\" \/>\n<meta property=\"og:type\" content=\"article\" \/>\n<meta property=\"og:title\" content=\"Kurek kulowy z d\u0142awikiem z d\u017awigni\u0105 stalow\u0105, wersja nakr\u0119tno-nakr\u0119tna - Valvex\" \/>\n<meta property=\"og:description\" content=\"&nbsp;\" \/>\n<meta property=\"og:url\" content=\"https:\/\/valvex.com\/ro\/produs\/kurek-kulowy-z-dlawikiem-z-dzwignia-stalowa-wersja-nakretno-nakretna\/\" \/>\n<meta property=\"og:site_name\" content=\"Valvex\" \/>\n<meta property=\"og:image\" content=\"https:\/\/valvex.com\/wp-content\/uploads\/2025\/10\/z-dlawikiem-z-dzwignia-stalowa-wersja-nakretno-nakretna.jpg\" \/>\n\t<meta property=\"og:image:width\" content=\"2000\" \/>\n\t<meta property=\"og:image:height\" content=\"1333\" \/>\n\t<meta property=\"og:image:type\" content=\"image\/jpeg\" \/>\n<meta name=\"twitter:card\" content=\"summary_large_image\" \/>\n<meta name=\"twitter:label1\" content=\"Timp estimat pentru citire\" \/>\n\t<meta name=\"twitter:data1\" content=\"2 minute\" \/>\n<script type=\"application\/ld+json\" class=\"yoast-schema-graph\">{\"@context\":\"https:\\\/\\\/schema.org\",\"@graph\":[{\"@type\":\"WebPage\",\"@id\":\"https:\\\/\\\/valvex.com\\\/ro\\\/produs\\\/kurek-kulowy-z-dlawikiem-z-dzwignia-stalowa-wersja-nakretno-nakretna\\\/\",\"url\":\"https:\\\/\\\/valvex.com\\\/ro\\\/produs\\\/kurek-kulowy-z-dlawikiem-z-dzwignia-stalowa-wersja-nakretno-nakretna\\\/\",\"name\":\"Kurek kulowy z d\u0142awikiem z d\u017awigni\u0105 stalow\u0105, wersja nakr\u0119tno-nakr\u0119tna - Valvex\",\"isPartOf\":{\"@id\":\"https:\\\/\\\/valvex.com\\\/ro\\\/#website\"},\"primaryImageOfPage\":{\"@id\":\"https:\\\/\\\/valvex.com\\\/ro\\\/produs\\\/kurek-kulowy-z-dlawikiem-z-dzwignia-stalowa-wersja-nakretno-nakretna\\\/#primaryimage\"},\"image\":{\"@id\":\"https:\\\/\\\/valvex.com\\\/ro\\\/produs\\\/kurek-kulowy-z-dlawikiem-z-dzwignia-stalowa-wersja-nakretno-nakretna\\\/#primaryimage\"},\"thumbnailUrl\":\"https:\\\/\\\/valvex.com\\\/wp-content\\\/uploads\\\/2025\\\/10\\\/z-dlawikiem-z-dzwignia-stalowa-wersja-nakretno-nakretna.jpg\",\"datePublished\":\"2026-02-10T11:58:03+00:00\",\"breadcrumb\":{\"@id\":\"https:\\\/\\\/valvex.com\\\/ro\\\/produs\\\/kurek-kulowy-z-dlawikiem-z-dzwignia-stalowa-wersja-nakretno-nakretna\\\/#breadcrumb\"},\"inLanguage\":\"ro-RO\",\"potentialAction\":[{\"@type\":\"ReadAction\",\"target\":[\"https:\\\/\\\/valvex.com\\\/ro\\\/produs\\\/kurek-kulowy-z-dlawikiem-z-dzwignia-stalowa-wersja-nakretno-nakretna\\\/\"]}]},{\"@type\":\"ImageObject\",\"inLanguage\":\"ro-RO\",\"@id\":\"https:\\\/\\\/valvex.com\\\/ro\\\/produs\\\/kurek-kulowy-z-dlawikiem-z-dzwignia-stalowa-wersja-nakretno-nakretna\\\/#primaryimage\",\"url\":\"https:\\\/\\\/valvex.com\\\/wp-content\\\/uploads\\\/2025\\\/10\\\/z-dlawikiem-z-dzwignia-stalowa-wersja-nakretno-nakretna.jpg\",\"contentUrl\":\"https:\\\/\\\/valvex.com\\\/wp-content\\\/uploads\\\/2025\\\/10\\\/z-dlawikiem-z-dzwignia-stalowa-wersja-nakretno-nakretna.jpg\",\"width\":2000,\"height\":1333},{\"@type\":\"BreadcrumbList\",\"@id\":\"https:\\\/\\\/valvex.com\\\/ro\\\/produs\\\/kurek-kulowy-z-dlawikiem-z-dzwignia-stalowa-wersja-nakretno-nakretna\\\/#breadcrumb\",\"itemListElement\":[{\"@type\":\"ListItem\",\"position\":1,\"name\":\"Strona g\u0142\u00f3wna\",\"item\":\"https:\\\/\\\/valvex.com\\\/ro\\\/\"},{\"@type\":\"ListItem\",\"position\":2,\"name\":\"Zona de instalatii\",\"item\":\"https:\\\/\\\/valvex.com\\\/ro\\\/oferta\\\/zona-de-instalatii\\\/\"},{\"@type\":\"ListItem\",\"position\":3,\"name\":\"Fitinguri pentru instalatiile de apa\",\"item\":\"https:\\\/\\\/valvex.com\\\/ro\\\/oferta\\\/zona-de-instalatii\\\/fitinguri-pentru-instalatiile-de-apa\\\/\"},{\"@type\":\"ListItem\",\"position\":4,\"name\":\"Kurek kulowy z d\u0142awikiem z d\u017awigni\u0105 stalow\u0105, wersja nakr\u0119tno-nakr\u0119tna\"}]},{\"@type\":\"WebSite\",\"@id\":\"https:\\\/\\\/valvex.com\\\/ro\\\/#website\",\"url\":\"https:\\\/\\\/valvex.com\\\/ro\\\/\",\"name\":\"Valvex\",\"description\":\"Produc\u0103tor de instala\u021bii sanitare \u0219i sanitare\",\"potentialAction\":[{\"@type\":\"SearchAction\",\"target\":{\"@type\":\"EntryPoint\",\"urlTemplate\":\"https:\\\/\\\/valvex.com\\\/ro\\\/?s={search_term_string}\"},\"query-input\":{\"@type\":\"PropertyValueSpecification\",\"valueRequired\":true,\"valueName\":\"search_term_string\"}}],\"inLanguage\":\"ro-RO\"}]}<\/script>\n<!-- \/ Yoast SEO plugin. -->","yoast_head_json":{"title":"Kurek kulowy z d\u0142awikiem z d\u017awigni\u0105 stalow\u0105, wersja nakr\u0119tno-nakr\u0119tna - Valvex","robots":{"index":"index","follow":"follow","max-snippet":"max-snippet:-1","max-image-preview":"max-image-preview:large","max-video-preview":"max-video-preview:-1"},"canonical":"https:\/\/valvex.com\/ro\/produs\/kurek-kulowy-z-dlawikiem-z-dzwignia-stalowa-wersja-nakretno-nakretna\/","og_locale":"ro_RO","og_type":"article","og_title":"Kurek kulowy z d\u0142awikiem z d\u017awigni\u0105 stalow\u0105, wersja nakr\u0119tno-nakr\u0119tna - Valvex","og_description":"&nbsp;","og_url":"https:\/\/valvex.com\/ro\/produs\/kurek-kulowy-z-dlawikiem-z-dzwignia-stalowa-wersja-nakretno-nakretna\/","og_site_name":"Valvex","og_image":[{"width":2000,"height":1333,"url":"https:\/\/valvex.com\/wp-content\/uploads\/2025\/10\/z-dlawikiem-z-dzwignia-stalowa-wersja-nakretno-nakretna.jpg","type":"image\/jpeg"}],"twitter_card":"summary_large_image","twitter_misc":{"Timp estimat pentru citire":"2 minute"},"schema":{"@context":"https:\/\/schema.org","@graph":[{"@type":"WebPage","@id":"https:\/\/valvex.com\/ro\/produs\/kurek-kulowy-z-dlawikiem-z-dzwignia-stalowa-wersja-nakretno-nakretna\/","url":"https:\/\/valvex.com\/ro\/produs\/kurek-kulowy-z-dlawikiem-z-dzwignia-stalowa-wersja-nakretno-nakretna\/","name":"Kurek kulowy z d\u0142awikiem z d\u017awigni\u0105 stalow\u0105, wersja nakr\u0119tno-nakr\u0119tna - Valvex","isPartOf":{"@id":"https:\/\/valvex.com\/ro\/#website"},"primaryImageOfPage":{"@id":"https:\/\/valvex.com\/ro\/produs\/kurek-kulowy-z-dlawikiem-z-dzwignia-stalowa-wersja-nakretno-nakretna\/#primaryimage"},"image":{"@id":"https:\/\/valvex.com\/ro\/produs\/kurek-kulowy-z-dlawikiem-z-dzwignia-stalowa-wersja-nakretno-nakretna\/#primaryimage"},"thumbnailUrl":"https:\/\/valvex.com\/wp-content\/uploads\/2025\/10\/z-dlawikiem-z-dzwignia-stalowa-wersja-nakretno-nakretna.jpg","datePublished":"2026-02-10T11:58:03+00:00","breadcrumb":{"@id":"https:\/\/valvex.com\/ro\/produs\/kurek-kulowy-z-dlawikiem-z-dzwignia-stalowa-wersja-nakretno-nakretna\/#breadcrumb"},"inLanguage":"ro-RO","potentialAction":[{"@type":"ReadAction","target":["https:\/\/valvex.com\/ro\/produs\/kurek-kulowy-z-dlawikiem-z-dzwignia-stalowa-wersja-nakretno-nakretna\/"]}]},{"@type":"ImageObject","inLanguage":"ro-RO","@id":"https:\/\/valvex.com\/ro\/produs\/kurek-kulowy-z-dlawikiem-z-dzwignia-stalowa-wersja-nakretno-nakretna\/#primaryimage","url":"https:\/\/valvex.com\/wp-content\/uploads\/2025\/10\/z-dlawikiem-z-dzwignia-stalowa-wersja-nakretno-nakretna.jpg","contentUrl":"https:\/\/valvex.com\/wp-content\/uploads\/2025\/10\/z-dlawikiem-z-dzwignia-stalowa-wersja-nakretno-nakretna.jpg","width":2000,"height":1333},{"@type":"BreadcrumbList","@id":"https:\/\/valvex.com\/ro\/produs\/kurek-kulowy-z-dlawikiem-z-dzwignia-stalowa-wersja-nakretno-nakretna\/#breadcrumb","itemListElement":[{"@type":"ListItem","position":1,"name":"Strona g\u0142\u00f3wna","item":"https:\/\/valvex.com\/ro\/"},{"@type":"ListItem","position":2,"name":"Zona de instalatii","item":"https:\/\/valvex.com\/ro\/oferta\/zona-de-instalatii\/"},{"@type":"ListItem","position":3,"name":"Fitinguri pentru instalatiile de apa","item":"https:\/\/valvex.com\/ro\/oferta\/zona-de-instalatii\/fitinguri-pentru-instalatiile-de-apa\/"},{"@type":"ListItem","position":4,"name":"Kurek kulowy z d\u0142awikiem z d\u017awigni\u0105 stalow\u0105, wersja nakr\u0119tno-nakr\u0119tna"}]},{"@type":"WebSite","@id":"https:\/\/valvex.com\/ro\/#website","url":"https:\/\/valvex.com\/ro\/","name":"Valvex","description":"Produc\u0103tor de instala\u021bii sanitare \u0219i sanitare","potentialAction":[{"@type":"SearchAction","target":{"@type":"EntryPoint","urlTemplate":"https:\/\/valvex.com\/ro\/?s={search_term_string}"},"query-input":{"@type":"PropertyValueSpecification","valueRequired":true,"valueName":"search_term_string"}}],"inLanguage":"ro-RO"}]}},"_links":{"self":[{"href":"https:\/\/valvex.com\/ro\/wp-json\/wp\/v2\/product\/82445","targetHints":{"allow":["GET"]}}],"collection":[{"href":"https:\/\/valvex.com\/ro\/wp-json\/wp\/v2\/product"}],"about":[{"href":"https:\/\/valvex.com\/ro\/wp-json\/wp\/v2\/types\/product"}],"wp:featuredmedia":[{"embeddable":true,"href":"https:\/\/valvex.com\/ro\/wp-json\/wp\/v2\/media\/80637"}],"wp:attachment":[{"href":"https:\/\/valvex.com\/ro\/wp-json\/wp\/v2\/media?parent=82445"}],"wp:term":[{"taxonomy":"ikony_produktow","embeddable":true,"href":"https:\/\/valvex.com\/ro\/wp-json\/wp\/v2\/ikony_produktow?post=82445"},{"taxonomy":"product_category","embeddable":true,"href":"https:\/\/valvex.com\/ro\/wp-json\/wp\/v2\/product_category?post=82445"},{"taxonomy":"product_series","embeddable":true,"href":"https:\/\/valvex.com\/ro\/wp-json\/wp\/v2\/product_series?post=82445"},{"taxonomy":"color","embeddable":true,"href":"https:\/\/valvex.com\/ro\/wp-json\/wp\/v2\/color?post=82445"}],"curies":[{"name":"wp","href":"https:\/\/api.w.org\/{rel}","templated":true}]}}