{"id":78356,"date":"2025-02-18T10:41:56","date_gmt":"2025-02-18T09:41:56","guid":{"rendered":"https:\/\/valvex.com\/product\/bateria-umywalkowa-stojaca-nablatowa-wysoka-2\/"},"modified":"2025-02-18T15:07:13","modified_gmt":"2025-02-18T14:07:13","slug":"bateria-umywalkowa-stojaca-nablatowa-wysoka-2","status":"publish","type":"product","link":"https:\/\/valvex.com\/ro\/produs\/bateria-umywalkowa-stojaca-nablatowa-wysoka-2\/","title":{"rendered":"Baterie stativ\u0103 \u00eenalt\u0103 pentru lavoar"},"content":{"rendered":"","protected":false},"featured_media":78450,"template":"","ikony_produktow":[2141,2143,2147,2146,2158],"product_category":[2349,1814,1924],"product_series":[2452],"color":[1762],"class_list":["post-78356","product","type-product","status-publish","has-post-thumbnail","hentry","ikony_produktow-25anigarantie","ikony_produktow-cartusceramicro","ikony_produktow-save-money-ro","ikony_produktow-easyfix-ro","ikony_produktow-t90c-ro","product_category-baterie-stojace-wysokie-ro","product_category-baie","product_category-lavoar","product_series-varso-ro","color-black"],"acf":[],"yoast_head":"<!-- This site is optimized with the Yoast SEO plugin v27.3 - https:\/\/yoast.com\/product\/yoast-seo-wordpress\/ -->\n<title>Baterie stativ\u0103 \u00eenalt\u0103 pentru lavoar - Valvex<\/title>\n<meta name=\"robots\" content=\"index, follow, max-snippet:-1, max-image-preview:large, max-video-preview:-1\" \/>\n<link rel=\"canonical\" href=\"https:\/\/valvex.com\/ro\/produs\/bateria-umywalkowa-stojaca-nablatowa-wysoka-2\/\" \/>\n<meta property=\"og:locale\" content=\"ro_RO\" \/>\n<meta property=\"og:type\" content=\"article\" \/>\n<meta property=\"og:title\" content=\"Baterie stativ\u0103 \u00eenalt\u0103 pentru lavoar - Valvex\" \/>\n<meta property=\"og:url\" content=\"https:\/\/valvex.com\/ro\/produs\/bateria-umywalkowa-stojaca-nablatowa-wysoka-2\/\" \/>\n<meta property=\"og:site_name\" content=\"Valvex\" \/>\n<meta property=\"article:modified_time\" content=\"2025-02-18T14:07:13+00:00\" \/>\n<meta property=\"og:image\" content=\"https:\/\/valvex.com\/wp-content\/uploads\/2025\/02\/2417968-tall-black-scaled.jpg\" \/>\n\t<meta property=\"og:image:width\" content=\"2560\" \/>\n\t<meta property=\"og:image:height\" content=\"1920\" \/>\n\t<meta property=\"og:image:type\" content=\"image\/jpeg\" \/>\n<meta name=\"twitter:card\" content=\"summary_large_image\" \/>\n<meta name=\"twitter:label1\" content=\"Timp estimat pentru citire\" \/>\n\t<meta name=\"twitter:data1\" content=\"1 minut\" \/>\n<script type=\"application\/ld+json\" class=\"yoast-schema-graph\">{\"@context\":\"https:\\\/\\\/schema.org\",\"@graph\":[{\"@type\":\"WebPage\",\"@id\":\"https:\\\/\\\/valvex.com\\\/ro\\\/produs\\\/bateria-umywalkowa-stojaca-nablatowa-wysoka-2\\\/\",\"url\":\"https:\\\/\\\/valvex.com\\\/ro\\\/produs\\\/bateria-umywalkowa-stojaca-nablatowa-wysoka-2\\\/\",\"name\":\"Baterie stativ\u0103 \u00eenalt\u0103 pentru lavoar - Valvex\",\"isPartOf\":{\"@id\":\"https:\\\/\\\/valvex.com\\\/ro\\\/#website\"},\"primaryImageOfPage\":{\"@id\":\"https:\\\/\\\/valvex.com\\\/ro\\\/produs\\\/bateria-umywalkowa-stojaca-nablatowa-wysoka-2\\\/#primaryimage\"},\"image\":{\"@id\":\"https:\\\/\\\/valvex.com\\\/ro\\\/produs\\\/bateria-umywalkowa-stojaca-nablatowa-wysoka-2\\\/#primaryimage\"},\"thumbnailUrl\":\"https:\\\/\\\/valvex.com\\\/wp-content\\\/uploads\\\/2025\\\/02\\\/VALVEX_2417960_VARSO-Black-wysoka.png\",\"datePublished\":\"2025-02-18T09:41:56+00:00\",\"dateModified\":\"2025-02-18T14:07:13+00:00\",\"breadcrumb\":{\"@id\":\"https:\\\/\\\/valvex.com\\\/ro\\\/produs\\\/bateria-umywalkowa-stojaca-nablatowa-wysoka-2\\\/#breadcrumb\"},\"inLanguage\":\"ro-RO\",\"potentialAction\":[{\"@type\":\"ReadAction\",\"target\":[\"https:\\\/\\\/valvex.com\\\/ro\\\/produs\\\/bateria-umywalkowa-stojaca-nablatowa-wysoka-2\\\/\"]}]},{\"@type\":\"ImageObject\",\"inLanguage\":\"ro-RO\",\"@id\":\"https:\\\/\\\/valvex.com\\\/ro\\\/produs\\\/bateria-umywalkowa-stojaca-nablatowa-wysoka-2\\\/#primaryimage\",\"url\":\"https:\\\/\\\/valvex.com\\\/wp-content\\\/uploads\\\/2025\\\/02\\\/VALVEX_2417960_VARSO-Black-wysoka.png\",\"contentUrl\":\"https:\\\/\\\/valvex.com\\\/wp-content\\\/uploads\\\/2025\\\/02\\\/VALVEX_2417960_VARSO-Black-wysoka.png\",\"width\":800,\"height\":800},{\"@type\":\"BreadcrumbList\",\"@id\":\"https:\\\/\\\/valvex.com\\\/ro\\\/produs\\\/bateria-umywalkowa-stojaca-nablatowa-wysoka-2\\\/#breadcrumb\",\"itemListElement\":[{\"@type\":\"ListItem\",\"position\":1,\"name\":\"Strona g\u0142\u00f3wna\",\"item\":\"https:\\\/\\\/valvex.com\\\/ro\\\/\"},{\"@type\":\"ListItem\",\"position\":2,\"name\":\"Baie\",\"item\":\"https:\\\/\\\/valvex.com\\\/ro\\\/oferta\\\/baie\\\/\"},{\"@type\":\"ListItem\",\"position\":3,\"name\":\"Lavoar\",\"item\":\"https:\\\/\\\/valvex.com\\\/ro\\\/oferta\\\/baie\\\/lavoar\\\/\"},{\"@type\":\"ListItem\",\"position\":4,\"name\":\"Baterie stativ\u0103 \u00eenalt\u0103 pentru lavoar\"}]},{\"@type\":\"WebSite\",\"@id\":\"https:\\\/\\\/valvex.com\\\/ro\\\/#website\",\"url\":\"https:\\\/\\\/valvex.com\\\/ro\\\/\",\"name\":\"Valvex\",\"description\":\"Produc\u0103tor de instala\u021bii sanitare \u0219i sanitare\",\"potentialAction\":[{\"@type\":\"SearchAction\",\"target\":{\"@type\":\"EntryPoint\",\"urlTemplate\":\"https:\\\/\\\/valvex.com\\\/ro\\\/?s={search_term_string}\"},\"query-input\":{\"@type\":\"PropertyValueSpecification\",\"valueRequired\":true,\"valueName\":\"search_term_string\"}}],\"inLanguage\":\"ro-RO\"}]}<\/script>\n<!-- \/ Yoast SEO plugin. -->","yoast_head_json":{"title":"Baterie stativ\u0103 \u00eenalt\u0103 pentru lavoar - Valvex","robots":{"index":"index","follow":"follow","max-snippet":"max-snippet:-1","max-image-preview":"max-image-preview:large","max-video-preview":"max-video-preview:-1"},"canonical":"https:\/\/valvex.com\/ro\/produs\/bateria-umywalkowa-stojaca-nablatowa-wysoka-2\/","og_locale":"ro_RO","og_type":"article","og_title":"Baterie stativ\u0103 \u00eenalt\u0103 pentru lavoar - Valvex","og_url":"https:\/\/valvex.com\/ro\/produs\/bateria-umywalkowa-stojaca-nablatowa-wysoka-2\/","og_site_name":"Valvex","article_modified_time":"2025-02-18T14:07:13+00:00","og_image":[{"width":2560,"height":1920,"url":"https:\/\/valvex.com\/wp-content\/uploads\/2025\/02\/2417968-tall-black-scaled.jpg","type":"image\/jpeg"}],"twitter_card":"summary_large_image","twitter_misc":{"Timp estimat pentru citire":"1 minut"},"schema":{"@context":"https:\/\/schema.org","@graph":[{"@type":"WebPage","@id":"https:\/\/valvex.com\/ro\/produs\/bateria-umywalkowa-stojaca-nablatowa-wysoka-2\/","url":"https:\/\/valvex.com\/ro\/produs\/bateria-umywalkowa-stojaca-nablatowa-wysoka-2\/","name":"Baterie stativ\u0103 \u00eenalt\u0103 pentru lavoar - Valvex","isPartOf":{"@id":"https:\/\/valvex.com\/ro\/#website"},"primaryImageOfPage":{"@id":"https:\/\/valvex.com\/ro\/produs\/bateria-umywalkowa-stojaca-nablatowa-wysoka-2\/#primaryimage"},"image":{"@id":"https:\/\/valvex.com\/ro\/produs\/bateria-umywalkowa-stojaca-nablatowa-wysoka-2\/#primaryimage"},"thumbnailUrl":"https:\/\/valvex.com\/wp-content\/uploads\/2025\/02\/VALVEX_2417960_VARSO-Black-wysoka.png","datePublished":"2025-02-18T09:41:56+00:00","dateModified":"2025-02-18T14:07:13+00:00","breadcrumb":{"@id":"https:\/\/valvex.com\/ro\/produs\/bateria-umywalkowa-stojaca-nablatowa-wysoka-2\/#breadcrumb"},"inLanguage":"ro-RO","potentialAction":[{"@type":"ReadAction","target":["https:\/\/valvex.com\/ro\/produs\/bateria-umywalkowa-stojaca-nablatowa-wysoka-2\/"]}]},{"@type":"ImageObject","inLanguage":"ro-RO","@id":"https:\/\/valvex.com\/ro\/produs\/bateria-umywalkowa-stojaca-nablatowa-wysoka-2\/#primaryimage","url":"https:\/\/valvex.com\/wp-content\/uploads\/2025\/02\/VALVEX_2417960_VARSO-Black-wysoka.png","contentUrl":"https:\/\/valvex.com\/wp-content\/uploads\/2025\/02\/VALVEX_2417960_VARSO-Black-wysoka.png","width":800,"height":800},{"@type":"BreadcrumbList","@id":"https:\/\/valvex.com\/ro\/produs\/bateria-umywalkowa-stojaca-nablatowa-wysoka-2\/#breadcrumb","itemListElement":[{"@type":"ListItem","position":1,"name":"Strona g\u0142\u00f3wna","item":"https:\/\/valvex.com\/ro\/"},{"@type":"ListItem","position":2,"name":"Baie","item":"https:\/\/valvex.com\/ro\/oferta\/baie\/"},{"@type":"ListItem","position":3,"name":"Lavoar","item":"https:\/\/valvex.com\/ro\/oferta\/baie\/lavoar\/"},{"@type":"ListItem","position":4,"name":"Baterie stativ\u0103 \u00eenalt\u0103 pentru lavoar"}]},{"@type":"WebSite","@id":"https:\/\/valvex.com\/ro\/#website","url":"https:\/\/valvex.com\/ro\/","name":"Valvex","description":"Produc\u0103tor de instala\u021bii sanitare \u0219i sanitare","potentialAction":[{"@type":"SearchAction","target":{"@type":"EntryPoint","urlTemplate":"https:\/\/valvex.com\/ro\/?s={search_term_string}"},"query-input":{"@type":"PropertyValueSpecification","valueRequired":true,"valueName":"search_term_string"}}],"inLanguage":"ro-RO"}]}},"_links":{"self":[{"href":"https:\/\/valvex.com\/ro\/wp-json\/wp\/v2\/product\/78356","targetHints":{"allow":["GET"]}}],"collection":[{"href":"https:\/\/valvex.com\/ro\/wp-json\/wp\/v2\/product"}],"about":[{"href":"https:\/\/valvex.com\/ro\/wp-json\/wp\/v2\/types\/product"}],"wp:featuredmedia":[{"embeddable":true,"href":"https:\/\/valvex.com\/ro\/wp-json\/wp\/v2\/media\/78450"}],"wp:attachment":[{"href":"https:\/\/valvex.com\/ro\/wp-json\/wp\/v2\/media?parent=78356"}],"wp:term":[{"taxonomy":"ikony_produktow","embeddable":true,"href":"https:\/\/valvex.com\/ro\/wp-json\/wp\/v2\/ikony_produktow?post=78356"},{"taxonomy":"product_category","embeddable":true,"href":"https:\/\/valvex.com\/ro\/wp-json\/wp\/v2\/product_category?post=78356"},{"taxonomy":"product_series","embeddable":true,"href":"https:\/\/valvex.com\/ro\/wp-json\/wp\/v2\/product_series?post=78356"},{"taxonomy":"color","embeddable":true,"href":"https:\/\/valvex.com\/ro\/wp-json\/wp\/v2\/color?post=78356"}],"curies":[{"name":"wp","href":"https:\/\/api.w.org\/{rel}","templated":true}]}}