{"id":70261,"date":"2022-08-08T09:26:44","date_gmt":"2022-08-08T07:26:44","guid":{"rendered":"http:\/\/valvex.com\/product\/bateria-umywalkowa-stojaca\/"},"modified":"2025-12-12T11:08:56","modified_gmt":"2025-12-12T10:08:56","slug":"decor-bateria-umywalkowa-stojaca","status":"publish","type":"product","link":"https:\/\/valvex.com\/ro\/produs\/decor-bateria-umywalkowa-stojaca\/","title":{"rendered":"Baterie stativ\u0103"},"content":{"rendered":"<h3 data-start=\"91\" data-end=\"125\"><strong data-start=\"95\" data-end=\"125\">Ap\u0103 printr-un singur click<\/strong><\/h3>\r\n<p data-start=\"127\" data-end=\"361\">Noua serie de baterii <strong data-start=\"149\" data-end=\"158\">DECOR<\/strong> combin\u0103 cele mai noi solu\u021bii tehnologice \u0219i inova\u021bii cu un stil de via\u021b\u0103 inspirat de principiile dezvolt\u0103rii durabile. De acum \u00eenainte, bucura\u021bi-v\u0103 de ap\u0103 \u00eentr-un mod confortabil, modern \u0219i responsabil.<\/p>\r\n<p data-start=\"363\" data-end=\"821\">Datorit\u0103 pornirii rapide a apei \u0219i posibilit\u0103\u021bii de a seta permanent temperatura preferat\u0103, DECOR nu este doar mai confortabil \u0219i mai u\u0219or de utilizat zilnic. Este, de asemenea, un instrument care ajut\u0103 la economisirea apei, precum \u0219i a timpului \u0219i banilor dumneavoastr\u0103. Presiunea constant\u0103 a apei previne pornirea accidental\u0103 a unui debit prea puternic, iar cu ajutorul sistemului <strong data-start=\"746\" data-end=\"760\">SAVE MONEY<\/strong> consumul de ap\u0103 este redus la mai pu\u021bin de 9 litri pe minut.<\/p>\r\n<p data-start=\"823\" data-end=\"943\">Designul brevetat al selectorului de temperatur\u0103 \u00eei confer\u0103 un stil unic \u0219i asigur\u0103 o utilizare confortabil\u0103 \u0219i precis\u0103.<\/p>\r\n<h3 data-start=\"945\" data-end=\"985\">\u00a0<\/h3>\r\n<h3 data-start=\"945\" data-end=\"985\"><strong data-start=\"949\" data-end=\"985\">Cum se utilizeaz\u0103 bateria DECOR?<\/strong><\/h3>\r\n<p data-start=\"987\" data-end=\"1053\">Este foarte simplu!<\/p>\r\n<p data-start=\"987\" data-end=\"1053\"><br data-start=\"1006\" data-end=\"1009\" \/><strong data-start=\"1009\" data-end=\"1053\">1. Seta\u021bi butonul la temperatura dorit\u0103.<\/strong><\/p>\r\n<p data-start=\"987\" data-end=\"1053\"><\/p>\r\n<figure class=\"wp-block-image size-full\"><img loading=\"lazy\" decoding=\"async\" width=\"300\" height=\"168\" class=\"wp-image-63364\" src=\"http:\/\/valvex.com\/wp-content\/uploads\/2022\/08\/valvex_click_on-bateria-umywalkowa-02-1-300x168-1.png\" alt=\"\" \/><\/figure>\r\n<p data-start=\"987\" data-end=\"1053\"><strong>2. Ap\u0103sa\u021bi butonul.<\/strong><\/p>\r\n<p data-start=\"987\" data-end=\"1053\"><\/p>\r\n<figure class=\"wp-block-image size-full\"><img loading=\"lazy\" decoding=\"async\" width=\"300\" height=\"168\" class=\"wp-image-63365\" src=\"http:\/\/valvex.com\/wp-content\/uploads\/2022\/08\/valvex_click_on-bateria-umywalkowa-03-1-300x168-1.png\" alt=\"\" \/><\/figure>\r\n<p data-start=\"987\" data-end=\"1053\">\u0218i asta e tot! Este foarte simplu \u0219i confortabil \u2014 iar \u00een acela\u0219i timp economic!<\/p>\r\n<p data-start=\"987\" data-end=\"1053\"><\/p>\r\n<figure class=\"wp-block-image size-full\"><img loading=\"lazy\" decoding=\"async\" width=\"300\" height=\"168\" class=\"wp-image-63366\" src=\"http:\/\/valvex.com\/wp-content\/uploads\/2022\/08\/valvex_click_on-bateria-umywalkowa-04-1-300x168-1.png\" alt=\"\" \/><\/figure>","protected":false},"featured_media":70263,"template":"","ikony_produktow":[2141,2143,2155,2147,2142,2144,2146,2153],"product_category":[2352,2299,1814,1924],"product_series":[2154],"color":[1760],"class_list":["post-70261","product","type-product","status-publish","has-post-thumbnail","hentry","ikony_produktow-25anigarantie","ikony_produktow-cartusceramicro","ikony_produktow-wlacz_jednym_kliknieciem-ro","ikony_produktow-save-money-ro","ikony_produktow-serviciude-48deoreinpolonia","ikony_produktow-o2-ro","ikony_produktow-easyfix-ro","ikony_produktow-easyclean-ro","product_category-baterie-stojace-ro","product_category-baterie-pentru-chiuveta","product_category-baie","product_category-lavoar","product_series-decor-ro","color-chrome"],"acf":[],"yoast_head":"<!-- This site is optimized with the Yoast SEO plugin v27.3 - https:\/\/yoast.com\/product\/yoast-seo-wordpress\/ -->\n<title>Baterie stativ\u0103 - Valvex<\/title>\n<meta name=\"robots\" content=\"index, follow, max-snippet:-1, max-image-preview:large, max-video-preview:-1\" \/>\n<link rel=\"canonical\" href=\"https:\/\/valvex.com\/ro\/produs\/decor-bateria-umywalkowa-stojaca\/\" \/>\n<meta property=\"og:locale\" content=\"ro_RO\" \/>\n<meta property=\"og:type\" content=\"article\" \/>\n<meta property=\"og:title\" content=\"Baterie stativ\u0103 - Valvex\" \/>\n<meta property=\"og:description\" content=\"Ap\u0103 printr-un singur click Noua serie de baterii DECOR combin\u0103 cele mai noi solu\u021bii tehnologice \u0219i inova\u021bii cu un stil de via\u021b\u0103 inspirat de principiile dezvolt\u0103rii durabile. De acum \u00eenainte, bucura\u021bi-v\u0103 de ap\u0103 \u00eentr-un mod confortabil, modern \u0219i responsabil. Datorit\u0103 pornirii rapide a apei \u0219i posibilit\u0103\u021bii de a seta permanent temperatura preferat\u0103, DECOR nu este [&hellip;]\" \/>\n<meta property=\"og:url\" content=\"https:\/\/valvex.com\/ro\/produs\/decor-bateria-umywalkowa-stojaca\/\" \/>\n<meta property=\"og:site_name\" content=\"Valvex\" \/>\n<meta property=\"article:modified_time\" content=\"2025-12-12T10:08:56+00:00\" \/>\n<meta property=\"og:image\" content=\"https:\/\/valvex.com\/wp-content\/uploads\/2022\/08\/VALVEX_2420600_DECOR_umywalka.png\" \/>\n\t<meta property=\"og:image:width\" content=\"800\" \/>\n\t<meta property=\"og:image:height\" content=\"800\" \/>\n\t<meta property=\"og:image:type\" content=\"image\/png\" \/>\n<meta name=\"twitter:card\" content=\"summary_large_image\" \/>\n<meta name=\"twitter:label1\" content=\"Timp estimat pentru citire\" \/>\n\t<meta name=\"twitter:data1\" content=\"2 minute\" \/>\n<script type=\"application\/ld+json\" class=\"yoast-schema-graph\">{\"@context\":\"https:\\\/\\\/schema.org\",\"@graph\":[{\"@type\":\"WebPage\",\"@id\":\"https:\\\/\\\/valvex.com\\\/ro\\\/produs\\\/decor-bateria-umywalkowa-stojaca\\\/\",\"url\":\"https:\\\/\\\/valvex.com\\\/ro\\\/produs\\\/decor-bateria-umywalkowa-stojaca\\\/\",\"name\":\"Baterie stativ\u0103 - Valvex\",\"isPartOf\":{\"@id\":\"https:\\\/\\\/valvex.com\\\/ro\\\/#website\"},\"primaryImageOfPage\":{\"@id\":\"https:\\\/\\\/valvex.com\\\/ro\\\/produs\\\/decor-bateria-umywalkowa-stojaca\\\/#primaryimage\"},\"image\":{\"@id\":\"https:\\\/\\\/valvex.com\\\/ro\\\/produs\\\/decor-bateria-umywalkowa-stojaca\\\/#primaryimage\"},\"thumbnailUrl\":\"https:\\\/\\\/valvex.com\\\/wp-content\\\/uploads\\\/2022\\\/08\\\/VALVEX_2420600_DECOR_umywalka.png\",\"datePublished\":\"2022-08-08T07:26:44+00:00\",\"dateModified\":\"2025-12-12T10:08:56+00:00\",\"breadcrumb\":{\"@id\":\"https:\\\/\\\/valvex.com\\\/ro\\\/produs\\\/decor-bateria-umywalkowa-stojaca\\\/#breadcrumb\"},\"inLanguage\":\"ro-RO\",\"potentialAction\":[{\"@type\":\"ReadAction\",\"target\":[\"https:\\\/\\\/valvex.com\\\/ro\\\/produs\\\/decor-bateria-umywalkowa-stojaca\\\/\"]}]},{\"@type\":\"ImageObject\",\"inLanguage\":\"ro-RO\",\"@id\":\"https:\\\/\\\/valvex.com\\\/ro\\\/produs\\\/decor-bateria-umywalkowa-stojaca\\\/#primaryimage\",\"url\":\"https:\\\/\\\/valvex.com\\\/wp-content\\\/uploads\\\/2022\\\/08\\\/VALVEX_2420600_DECOR_umywalka.png\",\"contentUrl\":\"https:\\\/\\\/valvex.com\\\/wp-content\\\/uploads\\\/2022\\\/08\\\/VALVEX_2420600_DECOR_umywalka.png\",\"width\":800,\"height\":800},{\"@type\":\"BreadcrumbList\",\"@id\":\"https:\\\/\\\/valvex.com\\\/ro\\\/produs\\\/decor-bateria-umywalkowa-stojaca\\\/#breadcrumb\",\"itemListElement\":[{\"@type\":\"ListItem\",\"position\":1,\"name\":\"Strona g\u0142\u00f3wna\",\"item\":\"https:\\\/\\\/valvex.com\\\/ro\\\/\"},{\"@type\":\"ListItem\",\"position\":2,\"name\":\"Baie\",\"item\":\"https:\\\/\\\/valvex.com\\\/ro\\\/oferta\\\/baie\\\/\"},{\"@type\":\"ListItem\",\"position\":3,\"name\":\"Baterie stativ\u0103\"}]},{\"@type\":\"WebSite\",\"@id\":\"https:\\\/\\\/valvex.com\\\/ro\\\/#website\",\"url\":\"https:\\\/\\\/valvex.com\\\/ro\\\/\",\"name\":\"Valvex\",\"description\":\"Produc\u0103tor de instala\u021bii sanitare \u0219i sanitare\",\"potentialAction\":[{\"@type\":\"SearchAction\",\"target\":{\"@type\":\"EntryPoint\",\"urlTemplate\":\"https:\\\/\\\/valvex.com\\\/ro\\\/?s={search_term_string}\"},\"query-input\":{\"@type\":\"PropertyValueSpecification\",\"valueRequired\":true,\"valueName\":\"search_term_string\"}}],\"inLanguage\":\"ro-RO\"}]}<\/script>\n<!-- \/ Yoast SEO plugin. -->","yoast_head_json":{"title":"Baterie stativ\u0103 - Valvex","robots":{"index":"index","follow":"follow","max-snippet":"max-snippet:-1","max-image-preview":"max-image-preview:large","max-video-preview":"max-video-preview:-1"},"canonical":"https:\/\/valvex.com\/ro\/produs\/decor-bateria-umywalkowa-stojaca\/","og_locale":"ro_RO","og_type":"article","og_title":"Baterie stativ\u0103 - Valvex","og_description":"Ap\u0103 printr-un singur click Noua serie de baterii DECOR combin\u0103 cele mai noi solu\u021bii tehnologice \u0219i inova\u021bii cu un stil de via\u021b\u0103 inspirat de principiile dezvolt\u0103rii durabile. De acum \u00eenainte, bucura\u021bi-v\u0103 de ap\u0103 \u00eentr-un mod confortabil, modern \u0219i responsabil. Datorit\u0103 pornirii rapide a apei \u0219i posibilit\u0103\u021bii de a seta permanent temperatura preferat\u0103, DECOR nu este [&hellip;]","og_url":"https:\/\/valvex.com\/ro\/produs\/decor-bateria-umywalkowa-stojaca\/","og_site_name":"Valvex","article_modified_time":"2025-12-12T10:08:56+00:00","og_image":[{"width":800,"height":800,"url":"https:\/\/valvex.com\/wp-content\/uploads\/2022\/08\/VALVEX_2420600_DECOR_umywalka.png","type":"image\/png"}],"twitter_card":"summary_large_image","twitter_misc":{"Timp estimat pentru citire":"2 minute"},"schema":{"@context":"https:\/\/schema.org","@graph":[{"@type":"WebPage","@id":"https:\/\/valvex.com\/ro\/produs\/decor-bateria-umywalkowa-stojaca\/","url":"https:\/\/valvex.com\/ro\/produs\/decor-bateria-umywalkowa-stojaca\/","name":"Baterie stativ\u0103 - Valvex","isPartOf":{"@id":"https:\/\/valvex.com\/ro\/#website"},"primaryImageOfPage":{"@id":"https:\/\/valvex.com\/ro\/produs\/decor-bateria-umywalkowa-stojaca\/#primaryimage"},"image":{"@id":"https:\/\/valvex.com\/ro\/produs\/decor-bateria-umywalkowa-stojaca\/#primaryimage"},"thumbnailUrl":"https:\/\/valvex.com\/wp-content\/uploads\/2022\/08\/VALVEX_2420600_DECOR_umywalka.png","datePublished":"2022-08-08T07:26:44+00:00","dateModified":"2025-12-12T10:08:56+00:00","breadcrumb":{"@id":"https:\/\/valvex.com\/ro\/produs\/decor-bateria-umywalkowa-stojaca\/#breadcrumb"},"inLanguage":"ro-RO","potentialAction":[{"@type":"ReadAction","target":["https:\/\/valvex.com\/ro\/produs\/decor-bateria-umywalkowa-stojaca\/"]}]},{"@type":"ImageObject","inLanguage":"ro-RO","@id":"https:\/\/valvex.com\/ro\/produs\/decor-bateria-umywalkowa-stojaca\/#primaryimage","url":"https:\/\/valvex.com\/wp-content\/uploads\/2022\/08\/VALVEX_2420600_DECOR_umywalka.png","contentUrl":"https:\/\/valvex.com\/wp-content\/uploads\/2022\/08\/VALVEX_2420600_DECOR_umywalka.png","width":800,"height":800},{"@type":"BreadcrumbList","@id":"https:\/\/valvex.com\/ro\/produs\/decor-bateria-umywalkowa-stojaca\/#breadcrumb","itemListElement":[{"@type":"ListItem","position":1,"name":"Strona g\u0142\u00f3wna","item":"https:\/\/valvex.com\/ro\/"},{"@type":"ListItem","position":2,"name":"Baie","item":"https:\/\/valvex.com\/ro\/oferta\/baie\/"},{"@type":"ListItem","position":3,"name":"Baterie stativ\u0103"}]},{"@type":"WebSite","@id":"https:\/\/valvex.com\/ro\/#website","url":"https:\/\/valvex.com\/ro\/","name":"Valvex","description":"Produc\u0103tor de instala\u021bii sanitare \u0219i sanitare","potentialAction":[{"@type":"SearchAction","target":{"@type":"EntryPoint","urlTemplate":"https:\/\/valvex.com\/ro\/?s={search_term_string}"},"query-input":{"@type":"PropertyValueSpecification","valueRequired":true,"valueName":"search_term_string"}}],"inLanguage":"ro-RO"}]}},"_links":{"self":[{"href":"https:\/\/valvex.com\/ro\/wp-json\/wp\/v2\/product\/70261","targetHints":{"allow":["GET"]}}],"collection":[{"href":"https:\/\/valvex.com\/ro\/wp-json\/wp\/v2\/product"}],"about":[{"href":"https:\/\/valvex.com\/ro\/wp-json\/wp\/v2\/types\/product"}],"wp:featuredmedia":[{"embeddable":true,"href":"https:\/\/valvex.com\/ro\/wp-json\/wp\/v2\/media\/70263"}],"wp:attachment":[{"href":"https:\/\/valvex.com\/ro\/wp-json\/wp\/v2\/media?parent=70261"}],"wp:term":[{"taxonomy":"ikony_produktow","embeddable":true,"href":"https:\/\/valvex.com\/ro\/wp-json\/wp\/v2\/ikony_produktow?post=70261"},{"taxonomy":"product_category","embeddable":true,"href":"https:\/\/valvex.com\/ro\/wp-json\/wp\/v2\/product_category?post=70261"},{"taxonomy":"product_series","embeddable":true,"href":"https:\/\/valvex.com\/ro\/wp-json\/wp\/v2\/product_series?post=70261"},{"taxonomy":"color","embeddable":true,"href":"https:\/\/valvex.com\/ro\/wp-json\/wp\/v2\/color?post=70261"}],"curies":[{"name":"wp","href":"https:\/\/api.w.org\/{rel}","templated":true}]}}