{"id":70221,"date":"2022-08-09T01:08:29","date_gmt":"2022-08-08T23:08:29","guid":{"rendered":"http:\/\/valvex.com\/product\/bateria-umywalkowa-wysoka-2\/"},"modified":"2024-08-21T09:30:47","modified_gmt":"2024-08-21T07:30:47","slug":"soho-bateria-umywalkowa-wysoka-2","status":"publish","type":"product","link":"https:\/\/valvex.com\/ro\/produs\/soho-bateria-umywalkowa-wysoka-2\/","title":{"rendered":"Baterie stativ\u0103 \u00eenalt\u0103 pentru lavoar"},"content":{"rendered":"","protected":false},"featured_media":75793,"template":"","ikony_produktow":[2141,2143,2147,2144,2146,2150],"product_category":[2349,2300,1814,1924],"product_series":[2148],"color":[1760],"class_list":["post-70221","product","type-product","status-publish","has-post-thumbnail","hentry","ikony_produktow-25anigarantie","ikony_produktow-cartusceramicro","ikony_produktow-save-money-ro","ikony_produktow-o2-ro","ikony_produktow-easyfix-ro","ikony_produktow-comfortzone-ro","product_category-baterie-stojace-wysokie-ro","product_category-baterie-pentru-chiuveta-inalt","product_category-baie","product_category-lavoar","product_series-soho-ro","color-chrome"],"acf":[],"yoast_head":"<!-- This site is optimized with the Yoast SEO plugin v27.3 - https:\/\/yoast.com\/product\/yoast-seo-wordpress\/ -->\n<title>Baterie stativ\u0103 \u00eenalt\u0103 pentru lavoar - Valvex<\/title>\n<meta name=\"robots\" content=\"index, follow, max-snippet:-1, max-image-preview:large, max-video-preview:-1\" \/>\n<link rel=\"canonical\" href=\"https:\/\/valvex.com\/ro\/produs\/soho-bateria-umywalkowa-wysoka-2\/\" \/>\n<meta property=\"og:locale\" content=\"ro_RO\" \/>\n<meta property=\"og:type\" content=\"article\" \/>\n<meta property=\"og:title\" content=\"Baterie stativ\u0103 \u00eenalt\u0103 pentru lavoar - Valvex\" \/>\n<meta property=\"og:url\" content=\"https:\/\/valvex.com\/ro\/produs\/soho-bateria-umywalkowa-wysoka-2\/\" \/>\n<meta property=\"og:site_name\" content=\"Valvex\" \/>\n<meta property=\"article:modified_time\" content=\"2024-08-21T07:30:47+00:00\" \/>\n<meta property=\"og:image\" content=\"https:\/\/valvex.com\/wp-content\/uploads\/2022\/08\/VALVEX_2417210_SOHO_umywalka_wysoka-1.png\" \/>\n\t<meta property=\"og:image:width\" content=\"800\" \/>\n\t<meta property=\"og:image:height\" content=\"800\" \/>\n\t<meta property=\"og:image:type\" content=\"image\/png\" \/>\n<meta name=\"twitter:card\" content=\"summary_large_image\" \/>\n<meta name=\"twitter:label1\" content=\"Timp estimat pentru citire\" \/>\n\t<meta name=\"twitter:data1\" content=\"1 minut\" \/>\n<script type=\"application\/ld+json\" class=\"yoast-schema-graph\">{\"@context\":\"https:\\\/\\\/schema.org\",\"@graph\":[{\"@type\":\"WebPage\",\"@id\":\"https:\\\/\\\/valvex.com\\\/ro\\\/produs\\\/soho-bateria-umywalkowa-wysoka-2\\\/\",\"url\":\"https:\\\/\\\/valvex.com\\\/ro\\\/produs\\\/soho-bateria-umywalkowa-wysoka-2\\\/\",\"name\":\"Baterie stativ\u0103 \u00eenalt\u0103 pentru lavoar - Valvex\",\"isPartOf\":{\"@id\":\"https:\\\/\\\/valvex.com\\\/ro\\\/#website\"},\"primaryImageOfPage\":{\"@id\":\"https:\\\/\\\/valvex.com\\\/ro\\\/produs\\\/soho-bateria-umywalkowa-wysoka-2\\\/#primaryimage\"},\"image\":{\"@id\":\"https:\\\/\\\/valvex.com\\\/ro\\\/produs\\\/soho-bateria-umywalkowa-wysoka-2\\\/#primaryimage\"},\"thumbnailUrl\":\"https:\\\/\\\/valvex.com\\\/wp-content\\\/uploads\\\/2022\\\/08\\\/VALVEX_2417210_SOHO_umywalka_wysoka-2.png\",\"datePublished\":\"2022-08-08T23:08:29+00:00\",\"dateModified\":\"2024-08-21T07:30:47+00:00\",\"breadcrumb\":{\"@id\":\"https:\\\/\\\/valvex.com\\\/ro\\\/produs\\\/soho-bateria-umywalkowa-wysoka-2\\\/#breadcrumb\"},\"inLanguage\":\"ro-RO\",\"potentialAction\":[{\"@type\":\"ReadAction\",\"target\":[\"https:\\\/\\\/valvex.com\\\/ro\\\/produs\\\/soho-bateria-umywalkowa-wysoka-2\\\/\"]}]},{\"@type\":\"ImageObject\",\"inLanguage\":\"ro-RO\",\"@id\":\"https:\\\/\\\/valvex.com\\\/ro\\\/produs\\\/soho-bateria-umywalkowa-wysoka-2\\\/#primaryimage\",\"url\":\"https:\\\/\\\/valvex.com\\\/wp-content\\\/uploads\\\/2022\\\/08\\\/VALVEX_2417210_SOHO_umywalka_wysoka-2.png\",\"contentUrl\":\"https:\\\/\\\/valvex.com\\\/wp-content\\\/uploads\\\/2022\\\/08\\\/VALVEX_2417210_SOHO_umywalka_wysoka-2.png\",\"width\":800,\"height\":800},{\"@type\":\"BreadcrumbList\",\"@id\":\"https:\\\/\\\/valvex.com\\\/ro\\\/produs\\\/soho-bateria-umywalkowa-wysoka-2\\\/#breadcrumb\",\"itemListElement\":[{\"@type\":\"ListItem\",\"position\":1,\"name\":\"Strona g\u0142\u00f3wna\",\"item\":\"https:\\\/\\\/valvex.com\\\/ro\\\/\"},{\"@type\":\"ListItem\",\"position\":2,\"name\":\"Baie\",\"item\":\"https:\\\/\\\/valvex.com\\\/ro\\\/oferta\\\/baie\\\/\"},{\"@type\":\"ListItem\",\"position\":3,\"name\":\"Baterie stativ\u0103 \u00eenalt\u0103 pentru lavoar\"}]},{\"@type\":\"WebSite\",\"@id\":\"https:\\\/\\\/valvex.com\\\/ro\\\/#website\",\"url\":\"https:\\\/\\\/valvex.com\\\/ro\\\/\",\"name\":\"Valvex\",\"description\":\"Produc\u0103tor de instala\u021bii sanitare \u0219i sanitare\",\"potentialAction\":[{\"@type\":\"SearchAction\",\"target\":{\"@type\":\"EntryPoint\",\"urlTemplate\":\"https:\\\/\\\/valvex.com\\\/ro\\\/?s={search_term_string}\"},\"query-input\":{\"@type\":\"PropertyValueSpecification\",\"valueRequired\":true,\"valueName\":\"search_term_string\"}}],\"inLanguage\":\"ro-RO\"}]}<\/script>\n<!-- \/ Yoast SEO plugin. -->","yoast_head_json":{"title":"Baterie stativ\u0103 \u00eenalt\u0103 pentru lavoar - Valvex","robots":{"index":"index","follow":"follow","max-snippet":"max-snippet:-1","max-image-preview":"max-image-preview:large","max-video-preview":"max-video-preview:-1"},"canonical":"https:\/\/valvex.com\/ro\/produs\/soho-bateria-umywalkowa-wysoka-2\/","og_locale":"ro_RO","og_type":"article","og_title":"Baterie stativ\u0103 \u00eenalt\u0103 pentru lavoar - Valvex","og_url":"https:\/\/valvex.com\/ro\/produs\/soho-bateria-umywalkowa-wysoka-2\/","og_site_name":"Valvex","article_modified_time":"2024-08-21T07:30:47+00:00","og_image":[{"width":800,"height":800,"url":"https:\/\/valvex.com\/wp-content\/uploads\/2022\/08\/VALVEX_2417210_SOHO_umywalka_wysoka-1.png","type":"image\/png"}],"twitter_card":"summary_large_image","twitter_misc":{"Timp estimat pentru citire":"1 minut"},"schema":{"@context":"https:\/\/schema.org","@graph":[{"@type":"WebPage","@id":"https:\/\/valvex.com\/ro\/produs\/soho-bateria-umywalkowa-wysoka-2\/","url":"https:\/\/valvex.com\/ro\/produs\/soho-bateria-umywalkowa-wysoka-2\/","name":"Baterie stativ\u0103 \u00eenalt\u0103 pentru lavoar - Valvex","isPartOf":{"@id":"https:\/\/valvex.com\/ro\/#website"},"primaryImageOfPage":{"@id":"https:\/\/valvex.com\/ro\/produs\/soho-bateria-umywalkowa-wysoka-2\/#primaryimage"},"image":{"@id":"https:\/\/valvex.com\/ro\/produs\/soho-bateria-umywalkowa-wysoka-2\/#primaryimage"},"thumbnailUrl":"https:\/\/valvex.com\/wp-content\/uploads\/2022\/08\/VALVEX_2417210_SOHO_umywalka_wysoka-2.png","datePublished":"2022-08-08T23:08:29+00:00","dateModified":"2024-08-21T07:30:47+00:00","breadcrumb":{"@id":"https:\/\/valvex.com\/ro\/produs\/soho-bateria-umywalkowa-wysoka-2\/#breadcrumb"},"inLanguage":"ro-RO","potentialAction":[{"@type":"ReadAction","target":["https:\/\/valvex.com\/ro\/produs\/soho-bateria-umywalkowa-wysoka-2\/"]}]},{"@type":"ImageObject","inLanguage":"ro-RO","@id":"https:\/\/valvex.com\/ro\/produs\/soho-bateria-umywalkowa-wysoka-2\/#primaryimage","url":"https:\/\/valvex.com\/wp-content\/uploads\/2022\/08\/VALVEX_2417210_SOHO_umywalka_wysoka-2.png","contentUrl":"https:\/\/valvex.com\/wp-content\/uploads\/2022\/08\/VALVEX_2417210_SOHO_umywalka_wysoka-2.png","width":800,"height":800},{"@type":"BreadcrumbList","@id":"https:\/\/valvex.com\/ro\/produs\/soho-bateria-umywalkowa-wysoka-2\/#breadcrumb","itemListElement":[{"@type":"ListItem","position":1,"name":"Strona g\u0142\u00f3wna","item":"https:\/\/valvex.com\/ro\/"},{"@type":"ListItem","position":2,"name":"Baie","item":"https:\/\/valvex.com\/ro\/oferta\/baie\/"},{"@type":"ListItem","position":3,"name":"Baterie stativ\u0103 \u00eenalt\u0103 pentru lavoar"}]},{"@type":"WebSite","@id":"https:\/\/valvex.com\/ro\/#website","url":"https:\/\/valvex.com\/ro\/","name":"Valvex","description":"Produc\u0103tor de instala\u021bii sanitare \u0219i sanitare","potentialAction":[{"@type":"SearchAction","target":{"@type":"EntryPoint","urlTemplate":"https:\/\/valvex.com\/ro\/?s={search_term_string}"},"query-input":{"@type":"PropertyValueSpecification","valueRequired":true,"valueName":"search_term_string"}}],"inLanguage":"ro-RO"}]}},"_links":{"self":[{"href":"https:\/\/valvex.com\/ro\/wp-json\/wp\/v2\/product\/70221","targetHints":{"allow":["GET"]}}],"collection":[{"href":"https:\/\/valvex.com\/ro\/wp-json\/wp\/v2\/product"}],"about":[{"href":"https:\/\/valvex.com\/ro\/wp-json\/wp\/v2\/types\/product"}],"wp:featuredmedia":[{"embeddable":true,"href":"https:\/\/valvex.com\/ro\/wp-json\/wp\/v2\/media\/75793"}],"wp:attachment":[{"href":"https:\/\/valvex.com\/ro\/wp-json\/wp\/v2\/media?parent=70221"}],"wp:term":[{"taxonomy":"ikony_produktow","embeddable":true,"href":"https:\/\/valvex.com\/ro\/wp-json\/wp\/v2\/ikony_produktow?post=70221"},{"taxonomy":"product_category","embeddable":true,"href":"https:\/\/valvex.com\/ro\/wp-json\/wp\/v2\/product_category?post=70221"},{"taxonomy":"product_series","embeddable":true,"href":"https:\/\/valvex.com\/ro\/wp-json\/wp\/v2\/product_series?post=70221"},{"taxonomy":"color","embeddable":true,"href":"https:\/\/valvex.com\/ro\/wp-json\/wp\/v2\/color?post=70221"}],"curies":[{"name":"wp","href":"https:\/\/api.w.org\/{rel}","templated":true}]}}