{"id":52285,"date":"2021-09-24T15:48:09","date_gmt":"2021-09-24T13:48:09","guid":{"rendered":"http:\/\/valvex.com\/product\/loft-black-baterie-stativa-pentru-lavoar\/"},"modified":"2025-12-12T15:20:57","modified_gmt":"2025-12-12T14:20:57","slug":"loft-baterie-stativ%c4%83-pentru-lavoar-52285","status":"publish","type":"product","link":"https:\/\/valvex.com\/ro\/produs\/loft-baterie-stativ%c4%83-pentru-lavoar-52285\/","title":{"rendered":"Baterie stativ\u0103 pentru lavoar"},"content":{"rendered":"<h3 data-start=\"53\" data-end=\"85\"><strong data-start=\"57\" data-end=\"85\">Negrul creeaz\u0103 atmosfer\u0103<\/strong><\/h3>\n<p data-start=\"87\" data-end=\"167\"><strong data-start=\"87\" data-end=\"101\">LOFT BLACK<\/strong> este o baterie pentru lavoar cu un finisaj negru mat excep\u021bional.<\/p>\n<p data-start=\"169\" data-end=\"494\">Este echipat\u0103 cu sistemul <strong data-start=\"195\" data-end=\"207\">LOW-FLOW<\/strong> (debit de <strong data-start=\"218\" data-end=\"231\">4,5 l\/min<\/strong>) \u0219i cu un perlator cu finisaj din cauciuc, care previne depunerile de calcar. Unghiul reglabil al curgerii apei permite adaptarea precis\u0103 a jetului la nevoile individuale. Sistemul de montaj rapid <strong data-start=\"429\" data-end=\"441\">EASY FIX<\/strong> reduce semnificativ timpul de instalare al bateriei.<\/p>\n","protected":false},"featured_media":68395,"template":"","ikony_produktow":[2141,2143,2149,2147,2142,2144,2146,2153],"product_category":[2352,2299,1814,1924],"product_series":[514],"color":[1762],"class_list":["post-52285","product","type-product","status-publish","has-post-thumbnail","hentry","ikony_produktow-25anigarantie","ikony_produktow-cartusceramicro","ikony_produktow-dopautomatclick-clack","ikony_produktow-save-money-ro","ikony_produktow-serviciude-48deoreinpolonia","ikony_produktow-o2-ro","ikony_produktow-easyfix-ro","ikony_produktow-easyclean-ro","product_category-baterie-stojace-ro","product_category-baterie-pentru-chiuveta","product_category-baie","product_category-lavoar","product_series-loft-ro","color-black"],"acf":[],"yoast_head":"<!-- This site is optimized with the Yoast SEO plugin v27.3 - https:\/\/yoast.com\/product\/yoast-seo-wordpress\/ -->\n<title>Baterie stativ\u0103 pentru lavoar - Valvex<\/title>\n<meta name=\"robots\" content=\"index, follow, max-snippet:-1, max-image-preview:large, max-video-preview:-1\" \/>\n<link rel=\"canonical\" href=\"https:\/\/valvex.com\/ro\/produs\/loft-baterie-stativ%c4%83-pentru-lavoar-52285\/\" \/>\n<meta property=\"og:locale\" content=\"ro_RO\" \/>\n<meta property=\"og:type\" content=\"article\" \/>\n<meta property=\"og:title\" content=\"Baterie stativ\u0103 pentru lavoar - Valvex\" \/>\n<meta property=\"og:description\" content=\"Negrul creeaz\u0103 atmosfer\u0103 LOFT BLACK este o baterie pentru lavoar cu un finisaj negru mat excep\u021bional. Este echipat\u0103 cu sistemul LOW-FLOW (debit de 4,5 l\/min) \u0219i cu un perlator cu finisaj din cauciuc, care previne depunerile de calcar. Unghiul reglabil al curgerii apei permite adaptarea precis\u0103 a jetului la nevoile individuale. Sistemul de montaj rapid [&hellip;]\" \/>\n<meta property=\"og:url\" content=\"https:\/\/valvex.com\/ro\/produs\/loft-baterie-stativ%c4%83-pentru-lavoar-52285\/\" \/>\n<meta property=\"og:site_name\" content=\"Valvex\" \/>\n<meta property=\"article:modified_time\" content=\"2025-12-12T14:20:57+00:00\" \/>\n<meta property=\"og:image\" content=\"https:\/\/valvex.com\/wp-content\/uploads\/2021\/09\/VALVEX_2455900_LOFT_Black_umywalka.png\" \/>\n\t<meta property=\"og:image:width\" content=\"800\" \/>\n\t<meta property=\"og:image:height\" content=\"800\" \/>\n\t<meta property=\"og:image:type\" content=\"image\/png\" \/>\n<meta name=\"twitter:card\" content=\"summary_large_image\" \/>\n<meta name=\"twitter:label1\" content=\"Timp estimat pentru citire\" \/>\n\t<meta name=\"twitter:data1\" content=\"1 minut\" \/>\n<script type=\"application\/ld+json\" class=\"yoast-schema-graph\">{\"@context\":\"https:\\\/\\\/schema.org\",\"@graph\":[{\"@type\":\"WebPage\",\"@id\":\"https:\\\/\\\/valvex.com\\\/ro\\\/produs\\\/loft-baterie-stativ%c4%83-pentru-lavoar-52285\\\/\",\"url\":\"https:\\\/\\\/valvex.com\\\/ro\\\/produs\\\/loft-baterie-stativ%c4%83-pentru-lavoar-52285\\\/\",\"name\":\"Baterie stativ\u0103 pentru lavoar - Valvex\",\"isPartOf\":{\"@id\":\"https:\\\/\\\/valvex.com\\\/ro\\\/#website\"},\"primaryImageOfPage\":{\"@id\":\"https:\\\/\\\/valvex.com\\\/ro\\\/produs\\\/loft-baterie-stativ%c4%83-pentru-lavoar-52285\\\/#primaryimage\"},\"image\":{\"@id\":\"https:\\\/\\\/valvex.com\\\/ro\\\/produs\\\/loft-baterie-stativ%c4%83-pentru-lavoar-52285\\\/#primaryimage\"},\"thumbnailUrl\":\"https:\\\/\\\/valvex.com\\\/wp-content\\\/uploads\\\/2021\\\/09\\\/VALVEX_2455900_LOFT_Black_umywalka.png\",\"datePublished\":\"2021-09-24T13:48:09+00:00\",\"dateModified\":\"2025-12-12T14:20:57+00:00\",\"breadcrumb\":{\"@id\":\"https:\\\/\\\/valvex.com\\\/ro\\\/produs\\\/loft-baterie-stativ%c4%83-pentru-lavoar-52285\\\/#breadcrumb\"},\"inLanguage\":\"ro-RO\",\"potentialAction\":[{\"@type\":\"ReadAction\",\"target\":[\"https:\\\/\\\/valvex.com\\\/ro\\\/produs\\\/loft-baterie-stativ%c4%83-pentru-lavoar-52285\\\/\"]}]},{\"@type\":\"ImageObject\",\"inLanguage\":\"ro-RO\",\"@id\":\"https:\\\/\\\/valvex.com\\\/ro\\\/produs\\\/loft-baterie-stativ%c4%83-pentru-lavoar-52285\\\/#primaryimage\",\"url\":\"https:\\\/\\\/valvex.com\\\/wp-content\\\/uploads\\\/2021\\\/09\\\/VALVEX_2455900_LOFT_Black_umywalka.png\",\"contentUrl\":\"https:\\\/\\\/valvex.com\\\/wp-content\\\/uploads\\\/2021\\\/09\\\/VALVEX_2455900_LOFT_Black_umywalka.png\",\"width\":800,\"height\":800},{\"@type\":\"BreadcrumbList\",\"@id\":\"https:\\\/\\\/valvex.com\\\/ro\\\/produs\\\/loft-baterie-stativ%c4%83-pentru-lavoar-52285\\\/#breadcrumb\",\"itemListElement\":[{\"@type\":\"ListItem\",\"position\":1,\"name\":\"Strona g\u0142\u00f3wna\",\"item\":\"https:\\\/\\\/valvex.com\\\/ro\\\/\"},{\"@type\":\"ListItem\",\"position\":2,\"name\":\"Baie\",\"item\":\"https:\\\/\\\/valvex.com\\\/ro\\\/oferta\\\/baie\\\/\"},{\"@type\":\"ListItem\",\"position\":3,\"name\":\"Baterie stativ\u0103 pentru lavoar\"}]},{\"@type\":\"WebSite\",\"@id\":\"https:\\\/\\\/valvex.com\\\/ro\\\/#website\",\"url\":\"https:\\\/\\\/valvex.com\\\/ro\\\/\",\"name\":\"Valvex\",\"description\":\"Produc\u0103tor de instala\u021bii sanitare \u0219i sanitare\",\"potentialAction\":[{\"@type\":\"SearchAction\",\"target\":{\"@type\":\"EntryPoint\",\"urlTemplate\":\"https:\\\/\\\/valvex.com\\\/ro\\\/?s={search_term_string}\"},\"query-input\":{\"@type\":\"PropertyValueSpecification\",\"valueRequired\":true,\"valueName\":\"search_term_string\"}}],\"inLanguage\":\"ro-RO\"}]}<\/script>\n<!-- \/ Yoast SEO plugin. -->","yoast_head_json":{"title":"Baterie stativ\u0103 pentru lavoar - Valvex","robots":{"index":"index","follow":"follow","max-snippet":"max-snippet:-1","max-image-preview":"max-image-preview:large","max-video-preview":"max-video-preview:-1"},"canonical":"https:\/\/valvex.com\/ro\/produs\/loft-baterie-stativ%c4%83-pentru-lavoar-52285\/","og_locale":"ro_RO","og_type":"article","og_title":"Baterie stativ\u0103 pentru lavoar - Valvex","og_description":"Negrul creeaz\u0103 atmosfer\u0103 LOFT BLACK este o baterie pentru lavoar cu un finisaj negru mat excep\u021bional. Este echipat\u0103 cu sistemul LOW-FLOW (debit de 4,5 l\/min) \u0219i cu un perlator cu finisaj din cauciuc, care previne depunerile de calcar. Unghiul reglabil al curgerii apei permite adaptarea precis\u0103 a jetului la nevoile individuale. Sistemul de montaj rapid [&hellip;]","og_url":"https:\/\/valvex.com\/ro\/produs\/loft-baterie-stativ%c4%83-pentru-lavoar-52285\/","og_site_name":"Valvex","article_modified_time":"2025-12-12T14:20:57+00:00","og_image":[{"width":800,"height":800,"url":"https:\/\/valvex.com\/wp-content\/uploads\/2021\/09\/VALVEX_2455900_LOFT_Black_umywalka.png","type":"image\/png"}],"twitter_card":"summary_large_image","twitter_misc":{"Timp estimat pentru citire":"1 minut"},"schema":{"@context":"https:\/\/schema.org","@graph":[{"@type":"WebPage","@id":"https:\/\/valvex.com\/ro\/produs\/loft-baterie-stativ%c4%83-pentru-lavoar-52285\/","url":"https:\/\/valvex.com\/ro\/produs\/loft-baterie-stativ%c4%83-pentru-lavoar-52285\/","name":"Baterie stativ\u0103 pentru lavoar - Valvex","isPartOf":{"@id":"https:\/\/valvex.com\/ro\/#website"},"primaryImageOfPage":{"@id":"https:\/\/valvex.com\/ro\/produs\/loft-baterie-stativ%c4%83-pentru-lavoar-52285\/#primaryimage"},"image":{"@id":"https:\/\/valvex.com\/ro\/produs\/loft-baterie-stativ%c4%83-pentru-lavoar-52285\/#primaryimage"},"thumbnailUrl":"https:\/\/valvex.com\/wp-content\/uploads\/2021\/09\/VALVEX_2455900_LOFT_Black_umywalka.png","datePublished":"2021-09-24T13:48:09+00:00","dateModified":"2025-12-12T14:20:57+00:00","breadcrumb":{"@id":"https:\/\/valvex.com\/ro\/produs\/loft-baterie-stativ%c4%83-pentru-lavoar-52285\/#breadcrumb"},"inLanguage":"ro-RO","potentialAction":[{"@type":"ReadAction","target":["https:\/\/valvex.com\/ro\/produs\/loft-baterie-stativ%c4%83-pentru-lavoar-52285\/"]}]},{"@type":"ImageObject","inLanguage":"ro-RO","@id":"https:\/\/valvex.com\/ro\/produs\/loft-baterie-stativ%c4%83-pentru-lavoar-52285\/#primaryimage","url":"https:\/\/valvex.com\/wp-content\/uploads\/2021\/09\/VALVEX_2455900_LOFT_Black_umywalka.png","contentUrl":"https:\/\/valvex.com\/wp-content\/uploads\/2021\/09\/VALVEX_2455900_LOFT_Black_umywalka.png","width":800,"height":800},{"@type":"BreadcrumbList","@id":"https:\/\/valvex.com\/ro\/produs\/loft-baterie-stativ%c4%83-pentru-lavoar-52285\/#breadcrumb","itemListElement":[{"@type":"ListItem","position":1,"name":"Strona g\u0142\u00f3wna","item":"https:\/\/valvex.com\/ro\/"},{"@type":"ListItem","position":2,"name":"Baie","item":"https:\/\/valvex.com\/ro\/oferta\/baie\/"},{"@type":"ListItem","position":3,"name":"Baterie stativ\u0103 pentru lavoar"}]},{"@type":"WebSite","@id":"https:\/\/valvex.com\/ro\/#website","url":"https:\/\/valvex.com\/ro\/","name":"Valvex","description":"Produc\u0103tor de instala\u021bii sanitare \u0219i sanitare","potentialAction":[{"@type":"SearchAction","target":{"@type":"EntryPoint","urlTemplate":"https:\/\/valvex.com\/ro\/?s={search_term_string}"},"query-input":{"@type":"PropertyValueSpecification","valueRequired":true,"valueName":"search_term_string"}}],"inLanguage":"ro-RO"}]}},"_links":{"self":[{"href":"https:\/\/valvex.com\/ro\/wp-json\/wp\/v2\/product\/52285","targetHints":{"allow":["GET"]}}],"collection":[{"href":"https:\/\/valvex.com\/ro\/wp-json\/wp\/v2\/product"}],"about":[{"href":"https:\/\/valvex.com\/ro\/wp-json\/wp\/v2\/types\/product"}],"wp:featuredmedia":[{"embeddable":true,"href":"https:\/\/valvex.com\/ro\/wp-json\/wp\/v2\/media\/68395"}],"wp:attachment":[{"href":"https:\/\/valvex.com\/ro\/wp-json\/wp\/v2\/media?parent=52285"}],"wp:term":[{"taxonomy":"ikony_produktow","embeddable":true,"href":"https:\/\/valvex.com\/ro\/wp-json\/wp\/v2\/ikony_produktow?post=52285"},{"taxonomy":"product_category","embeddable":true,"href":"https:\/\/valvex.com\/ro\/wp-json\/wp\/v2\/product_category?post=52285"},{"taxonomy":"product_series","embeddable":true,"href":"https:\/\/valvex.com\/ro\/wp-json\/wp\/v2\/product_series?post=52285"},{"taxonomy":"color","embeddable":true,"href":"https:\/\/valvex.com\/ro\/wp-json\/wp\/v2\/color?post=52285"}],"curies":[{"name":"wp","href":"https:\/\/api.w.org\/{rel}","templated":true}]}}