{"id":51958,"date":"2021-09-24T15:46:34","date_gmt":"2021-09-24T13:46:34","guid":{"rendered":"http:\/\/valvex.com\/product\/loft-baterie-stativa-pentru-lavoar-2\/"},"modified":"2025-12-12T15:35:25","modified_gmt":"2025-12-12T14:35:25","slug":"loft-baterie-stativ%c4%83-pentru-lavoar-51958","status":"publish","type":"product","link":"https:\/\/valvex.com\/ro\/produs\/loft-baterie-stativ%c4%83-pentru-lavoar-51958\/","title":{"rendered":"Baterie stativ\u0103 pentru lavoar"},"content":{"rendered":"<h3 data-start=\"93\" data-end=\"126\"><strong data-start=\"97\" data-end=\"126\">Design \u0219i func\u021bionalitate<\/strong><\/h3>\n<p data-start=\"128\" data-end=\"389\">Bateria <strong data-start=\"136\" data-end=\"144\">LOFT<\/strong> \u00eembin\u0103 negrul profund cu o form\u0103 proasp\u0103t\u0103 \u0219i minimalist\u0103. Aten\u021bia este atras\u0103 \u00een special de finisajul mat, care impresioneaz\u0103 prin textura sa distinctiv\u0103. Pe l\u00e2ng\u0103 valorile sale estetice, bateria este echipat\u0103 cu numeroase solu\u021bii func\u021bionale.<\/p>\n<p data-start=\"391\" data-end=\"688\">Perlatorul integrat cu sistemul <strong data-start=\"423\" data-end=\"435\">LOW-FLOW<\/strong> reduce debitul de ap\u0103 p\u00e2n\u0103 la doar <strong data-start=\"471\" data-end=\"484\">4,5 l\/min<\/strong>, fiind prietenos cu mediul \u0219i cu bugetul dumneavoastr\u0103. Acesta reduce semnificativ costurile cu apa, f\u0103r\u0103 a afecta confortul de utilizare \u2014 confort care r\u0103m\u00e2ne neschimbat datorit\u0103 aer\u0103rii jetului de ap\u0103.<\/p>\n<p data-start=\"690\" data-end=\"833\">Finisajul din cauciuc al perlatorului (<strong data-start=\"729\" data-end=\"743\">EASY CLEAN<\/strong>) \u00eel face rezistent la depunerile de calcar \u0219i asigur\u0103 o cur\u0103\u021bare \u0219i o \u00eentre\u021binere u\u0219oar\u0103.<\/p>\n","protected":false},"featured_media":68315,"template":"","ikony_produktow":[2141,2143,2149,2142,2144,2153],"product_category":[2352,2299,1814,1924],"product_series":[514],"color":[1760],"class_list":["post-51958","product","type-product","status-publish","has-post-thumbnail","hentry","ikony_produktow-25anigarantie","ikony_produktow-cartusceramicro","ikony_produktow-dopautomatclick-clack","ikony_produktow-serviciude-48deoreinpolonia","ikony_produktow-o2-ro","ikony_produktow-easyclean-ro","product_category-baterie-stojace-ro","product_category-baterie-pentru-chiuveta","product_category-baie","product_category-lavoar","product_series-loft-ro","color-chrome"],"acf":[],"yoast_head":"<!-- This site is optimized with the Yoast SEO plugin v27.3 - https:\/\/yoast.com\/product\/yoast-seo-wordpress\/ -->\n<title>Baterie stativ\u0103 pentru lavoar - Valvex<\/title>\n<meta name=\"robots\" content=\"index, follow, max-snippet:-1, max-image-preview:large, max-video-preview:-1\" \/>\n<link rel=\"canonical\" href=\"https:\/\/valvex.com\/ro\/produs\/loft-baterie-stativ%c4%83-pentru-lavoar-51958\/\" \/>\n<meta property=\"og:locale\" content=\"ro_RO\" \/>\n<meta property=\"og:type\" content=\"article\" \/>\n<meta property=\"og:title\" content=\"Baterie stativ\u0103 pentru lavoar - Valvex\" \/>\n<meta property=\"og:description\" content=\"Design \u0219i func\u021bionalitate Bateria LOFT \u00eembin\u0103 negrul profund cu o form\u0103 proasp\u0103t\u0103 \u0219i minimalist\u0103. Aten\u021bia este atras\u0103 \u00een special de finisajul mat, care impresioneaz\u0103 prin textura sa distinctiv\u0103. Pe l\u00e2ng\u0103 valorile sale estetice, bateria este echipat\u0103 cu numeroase solu\u021bii func\u021bionale. Perlatorul integrat cu sistemul LOW-FLOW reduce debitul de ap\u0103 p\u00e2n\u0103 la doar 4,5 l\/min, fiind [&hellip;]\" \/>\n<meta property=\"og:url\" content=\"https:\/\/valvex.com\/ro\/produs\/loft-baterie-stativ%c4%83-pentru-lavoar-51958\/\" \/>\n<meta property=\"og:site_name\" content=\"Valvex\" \/>\n<meta property=\"article:modified_time\" content=\"2025-12-12T14:35:25+00:00\" \/>\n<meta property=\"og:image\" content=\"https:\/\/valvex.com\/wp-content\/uploads\/2021\/09\/VALVEX_2454910_LOFT_umywalka-1.png\" \/>\n\t<meta property=\"og:image:width\" content=\"800\" \/>\n\t<meta property=\"og:image:height\" content=\"800\" \/>\n\t<meta property=\"og:image:type\" content=\"image\/png\" \/>\n<meta name=\"twitter:card\" content=\"summary_large_image\" \/>\n<meta name=\"twitter:label1\" content=\"Timp estimat pentru citire\" \/>\n\t<meta name=\"twitter:data1\" content=\"1 minut\" \/>\n<script type=\"application\/ld+json\" class=\"yoast-schema-graph\">{\"@context\":\"https:\\\/\\\/schema.org\",\"@graph\":[{\"@type\":\"WebPage\",\"@id\":\"https:\\\/\\\/valvex.com\\\/ro\\\/produs\\\/loft-baterie-stativ%c4%83-pentru-lavoar-51958\\\/\",\"url\":\"https:\\\/\\\/valvex.com\\\/ro\\\/produs\\\/loft-baterie-stativ%c4%83-pentru-lavoar-51958\\\/\",\"name\":\"Baterie stativ\u0103 pentru lavoar - Valvex\",\"isPartOf\":{\"@id\":\"https:\\\/\\\/valvex.com\\\/ro\\\/#website\"},\"primaryImageOfPage\":{\"@id\":\"https:\\\/\\\/valvex.com\\\/ro\\\/produs\\\/loft-baterie-stativ%c4%83-pentru-lavoar-51958\\\/#primaryimage\"},\"image\":{\"@id\":\"https:\\\/\\\/valvex.com\\\/ro\\\/produs\\\/loft-baterie-stativ%c4%83-pentru-lavoar-51958\\\/#primaryimage\"},\"thumbnailUrl\":\"https:\\\/\\\/valvex.com\\\/wp-content\\\/uploads\\\/2021\\\/09\\\/VALVEX_2454910_LOFT_umywalka-1.png\",\"datePublished\":\"2021-09-24T13:46:34+00:00\",\"dateModified\":\"2025-12-12T14:35:25+00:00\",\"breadcrumb\":{\"@id\":\"https:\\\/\\\/valvex.com\\\/ro\\\/produs\\\/loft-baterie-stativ%c4%83-pentru-lavoar-51958\\\/#breadcrumb\"},\"inLanguage\":\"ro-RO\",\"potentialAction\":[{\"@type\":\"ReadAction\",\"target\":[\"https:\\\/\\\/valvex.com\\\/ro\\\/produs\\\/loft-baterie-stativ%c4%83-pentru-lavoar-51958\\\/\"]}]},{\"@type\":\"ImageObject\",\"inLanguage\":\"ro-RO\",\"@id\":\"https:\\\/\\\/valvex.com\\\/ro\\\/produs\\\/loft-baterie-stativ%c4%83-pentru-lavoar-51958\\\/#primaryimage\",\"url\":\"https:\\\/\\\/valvex.com\\\/wp-content\\\/uploads\\\/2021\\\/09\\\/VALVEX_2454910_LOFT_umywalka-1.png\",\"contentUrl\":\"https:\\\/\\\/valvex.com\\\/wp-content\\\/uploads\\\/2021\\\/09\\\/VALVEX_2454910_LOFT_umywalka-1.png\",\"width\":800,\"height\":800},{\"@type\":\"BreadcrumbList\",\"@id\":\"https:\\\/\\\/valvex.com\\\/ro\\\/produs\\\/loft-baterie-stativ%c4%83-pentru-lavoar-51958\\\/#breadcrumb\",\"itemListElement\":[{\"@type\":\"ListItem\",\"position\":1,\"name\":\"Strona g\u0142\u00f3wna\",\"item\":\"https:\\\/\\\/valvex.com\\\/ro\\\/\"},{\"@type\":\"ListItem\",\"position\":2,\"name\":\"Baie\",\"item\":\"https:\\\/\\\/valvex.com\\\/ro\\\/oferta\\\/baie\\\/\"},{\"@type\":\"ListItem\",\"position\":3,\"name\":\"Baterie stativ\u0103 pentru lavoar\"}]},{\"@type\":\"WebSite\",\"@id\":\"https:\\\/\\\/valvex.com\\\/ro\\\/#website\",\"url\":\"https:\\\/\\\/valvex.com\\\/ro\\\/\",\"name\":\"Valvex\",\"description\":\"Produc\u0103tor de instala\u021bii sanitare \u0219i sanitare\",\"potentialAction\":[{\"@type\":\"SearchAction\",\"target\":{\"@type\":\"EntryPoint\",\"urlTemplate\":\"https:\\\/\\\/valvex.com\\\/ro\\\/?s={search_term_string}\"},\"query-input\":{\"@type\":\"PropertyValueSpecification\",\"valueRequired\":true,\"valueName\":\"search_term_string\"}}],\"inLanguage\":\"ro-RO\"}]}<\/script>\n<!-- \/ Yoast SEO plugin. -->","yoast_head_json":{"title":"Baterie stativ\u0103 pentru lavoar - Valvex","robots":{"index":"index","follow":"follow","max-snippet":"max-snippet:-1","max-image-preview":"max-image-preview:large","max-video-preview":"max-video-preview:-1"},"canonical":"https:\/\/valvex.com\/ro\/produs\/loft-baterie-stativ%c4%83-pentru-lavoar-51958\/","og_locale":"ro_RO","og_type":"article","og_title":"Baterie stativ\u0103 pentru lavoar - Valvex","og_description":"Design \u0219i func\u021bionalitate Bateria LOFT \u00eembin\u0103 negrul profund cu o form\u0103 proasp\u0103t\u0103 \u0219i minimalist\u0103. Aten\u021bia este atras\u0103 \u00een special de finisajul mat, care impresioneaz\u0103 prin textura sa distinctiv\u0103. Pe l\u00e2ng\u0103 valorile sale estetice, bateria este echipat\u0103 cu numeroase solu\u021bii func\u021bionale. Perlatorul integrat cu sistemul LOW-FLOW reduce debitul de ap\u0103 p\u00e2n\u0103 la doar 4,5 l\/min, fiind [&hellip;]","og_url":"https:\/\/valvex.com\/ro\/produs\/loft-baterie-stativ%c4%83-pentru-lavoar-51958\/","og_site_name":"Valvex","article_modified_time":"2025-12-12T14:35:25+00:00","og_image":[{"width":800,"height":800,"url":"https:\/\/valvex.com\/wp-content\/uploads\/2021\/09\/VALVEX_2454910_LOFT_umywalka-1.png","type":"image\/png"}],"twitter_card":"summary_large_image","twitter_misc":{"Timp estimat pentru citire":"1 minut"},"schema":{"@context":"https:\/\/schema.org","@graph":[{"@type":"WebPage","@id":"https:\/\/valvex.com\/ro\/produs\/loft-baterie-stativ%c4%83-pentru-lavoar-51958\/","url":"https:\/\/valvex.com\/ro\/produs\/loft-baterie-stativ%c4%83-pentru-lavoar-51958\/","name":"Baterie stativ\u0103 pentru lavoar - Valvex","isPartOf":{"@id":"https:\/\/valvex.com\/ro\/#website"},"primaryImageOfPage":{"@id":"https:\/\/valvex.com\/ro\/produs\/loft-baterie-stativ%c4%83-pentru-lavoar-51958\/#primaryimage"},"image":{"@id":"https:\/\/valvex.com\/ro\/produs\/loft-baterie-stativ%c4%83-pentru-lavoar-51958\/#primaryimage"},"thumbnailUrl":"https:\/\/valvex.com\/wp-content\/uploads\/2021\/09\/VALVEX_2454910_LOFT_umywalka-1.png","datePublished":"2021-09-24T13:46:34+00:00","dateModified":"2025-12-12T14:35:25+00:00","breadcrumb":{"@id":"https:\/\/valvex.com\/ro\/produs\/loft-baterie-stativ%c4%83-pentru-lavoar-51958\/#breadcrumb"},"inLanguage":"ro-RO","potentialAction":[{"@type":"ReadAction","target":["https:\/\/valvex.com\/ro\/produs\/loft-baterie-stativ%c4%83-pentru-lavoar-51958\/"]}]},{"@type":"ImageObject","inLanguage":"ro-RO","@id":"https:\/\/valvex.com\/ro\/produs\/loft-baterie-stativ%c4%83-pentru-lavoar-51958\/#primaryimage","url":"https:\/\/valvex.com\/wp-content\/uploads\/2021\/09\/VALVEX_2454910_LOFT_umywalka-1.png","contentUrl":"https:\/\/valvex.com\/wp-content\/uploads\/2021\/09\/VALVEX_2454910_LOFT_umywalka-1.png","width":800,"height":800},{"@type":"BreadcrumbList","@id":"https:\/\/valvex.com\/ro\/produs\/loft-baterie-stativ%c4%83-pentru-lavoar-51958\/#breadcrumb","itemListElement":[{"@type":"ListItem","position":1,"name":"Strona g\u0142\u00f3wna","item":"https:\/\/valvex.com\/ro\/"},{"@type":"ListItem","position":2,"name":"Baie","item":"https:\/\/valvex.com\/ro\/oferta\/baie\/"},{"@type":"ListItem","position":3,"name":"Baterie stativ\u0103 pentru lavoar"}]},{"@type":"WebSite","@id":"https:\/\/valvex.com\/ro\/#website","url":"https:\/\/valvex.com\/ro\/","name":"Valvex","description":"Produc\u0103tor de instala\u021bii sanitare \u0219i sanitare","potentialAction":[{"@type":"SearchAction","target":{"@type":"EntryPoint","urlTemplate":"https:\/\/valvex.com\/ro\/?s={search_term_string}"},"query-input":{"@type":"PropertyValueSpecification","valueRequired":true,"valueName":"search_term_string"}}],"inLanguage":"ro-RO"}]}},"_links":{"self":[{"href":"https:\/\/valvex.com\/ro\/wp-json\/wp\/v2\/product\/51958","targetHints":{"allow":["GET"]}}],"collection":[{"href":"https:\/\/valvex.com\/ro\/wp-json\/wp\/v2\/product"}],"about":[{"href":"https:\/\/valvex.com\/ro\/wp-json\/wp\/v2\/types\/product"}],"wp:featuredmedia":[{"embeddable":true,"href":"https:\/\/valvex.com\/ro\/wp-json\/wp\/v2\/media\/68315"}],"wp:attachment":[{"href":"https:\/\/valvex.com\/ro\/wp-json\/wp\/v2\/media?parent=51958"}],"wp:term":[{"taxonomy":"ikony_produktow","embeddable":true,"href":"https:\/\/valvex.com\/ro\/wp-json\/wp\/v2\/ikony_produktow?post=51958"},{"taxonomy":"product_category","embeddable":true,"href":"https:\/\/valvex.com\/ro\/wp-json\/wp\/v2\/product_category?post=51958"},{"taxonomy":"product_series","embeddable":true,"href":"https:\/\/valvex.com\/ro\/wp-json\/wp\/v2\/product_series?post=51958"},{"taxonomy":"color","embeddable":true,"href":"https:\/\/valvex.com\/ro\/wp-json\/wp\/v2\/color?post=51958"}],"curies":[{"name":"wp","href":"https:\/\/api.w.org\/{rel}","templated":true}]}}