{"id":51951,"date":"2021-09-24T15:04:20","date_gmt":"2021-09-24T13:04:20","guid":{"rendered":"http:\/\/valvex.com\/product\/baterie-stativa-inalta-pentru-lavoar-270-mm\/"},"modified":"2024-08-21T09:39:51","modified_gmt":"2024-08-21T07:39:51","slug":"loft-baterie-stativ%c4%83-%c3%aenalt%c4%83-pentru-lavoar-270-mm-51951","status":"publish","type":"product","link":"https:\/\/valvex.com\/ro\/produs\/loft-baterie-stativ%c4%83-%c3%aenalt%c4%83-pentru-lavoar-270-mm-51951\/","title":{"rendered":"Baterie stativ\u0103 \u00eenalt\u0103 pentru lavoar (270 mm)"},"content":{"rendered":"","protected":false},"featured_media":68330,"template":"","ikony_produktow":[2141,2143,2417,2147,2142,2144,2146,2150,2153],"product_category":[2349,2300,1814,1924],"product_series":[514],"color":[1760],"class_list":["post-51951","product","type-product","status-publish","has-post-thumbnail","hentry","ikony_produktow-25anigarantie","ikony_produktow-cartusceramicro","ikony_produktow-low-flow-sistem","ikony_produktow-save-money-ro","ikony_produktow-serviciude-48deoreinpolonia","ikony_produktow-o2-ro","ikony_produktow-easyfix-ro","ikony_produktow-comfortzone-ro","ikony_produktow-easyclean-ro","product_category-baterie-stojace-wysokie-ro","product_category-baterie-pentru-chiuveta-inalt","product_category-baie","product_category-lavoar","product_series-loft-ro","color-chrome"],"acf":[],"yoast_head":"<!-- This site is optimized with the Yoast SEO plugin v27.3 - https:\/\/yoast.com\/product\/yoast-seo-wordpress\/ -->\n<title>Baterie stativ\u0103 \u00eenalt\u0103 pentru lavoar (270 mm) - Valvex<\/title>\n<meta name=\"robots\" content=\"index, follow, max-snippet:-1, max-image-preview:large, max-video-preview:-1\" \/>\n<link rel=\"canonical\" href=\"https:\/\/valvex.com\/ro\/produs\/loft-baterie-stativ%c4%83-%c3%aenalt%c4%83-pentru-lavoar-270-mm-51951\/\" \/>\n<meta property=\"og:locale\" content=\"ro_RO\" \/>\n<meta property=\"og:type\" content=\"article\" \/>\n<meta property=\"og:title\" content=\"Baterie stativ\u0103 \u00eenalt\u0103 pentru lavoar (270 mm) - Valvex\" \/>\n<meta property=\"og:url\" content=\"https:\/\/valvex.com\/ro\/produs\/loft-baterie-stativ%c4%83-%c3%aenalt%c4%83-pentru-lavoar-270-mm-51951\/\" \/>\n<meta property=\"og:site_name\" content=\"Valvex\" \/>\n<meta property=\"article:modified_time\" content=\"2024-08-21T07:39:51+00:00\" \/>\n<meta property=\"og:image\" content=\"https:\/\/valvex.com\/wp-content\/uploads\/2021\/09\/VALVEX_2454730_LOFT_umywalka_wysoka.png\" \/>\n\t<meta property=\"og:image:width\" content=\"800\" \/>\n\t<meta property=\"og:image:height\" content=\"800\" \/>\n\t<meta property=\"og:image:type\" content=\"image\/png\" \/>\n<meta name=\"twitter:card\" content=\"summary_large_image\" \/>\n<meta name=\"twitter:label1\" content=\"Timp estimat pentru citire\" \/>\n\t<meta name=\"twitter:data1\" content=\"1 minut\" \/>\n<script type=\"application\/ld+json\" class=\"yoast-schema-graph\">{\"@context\":\"https:\\\/\\\/schema.org\",\"@graph\":[{\"@type\":\"WebPage\",\"@id\":\"https:\\\/\\\/valvex.com\\\/ro\\\/produs\\\/loft-baterie-stativ%c4%83-%c3%aenalt%c4%83-pentru-lavoar-270-mm-51951\\\/\",\"url\":\"https:\\\/\\\/valvex.com\\\/ro\\\/produs\\\/loft-baterie-stativ%c4%83-%c3%aenalt%c4%83-pentru-lavoar-270-mm-51951\\\/\",\"name\":\"Baterie stativ\u0103 \u00eenalt\u0103 pentru lavoar (270 mm) - Valvex\",\"isPartOf\":{\"@id\":\"https:\\\/\\\/valvex.com\\\/ro\\\/#website\"},\"primaryImageOfPage\":{\"@id\":\"https:\\\/\\\/valvex.com\\\/ro\\\/produs\\\/loft-baterie-stativ%c4%83-%c3%aenalt%c4%83-pentru-lavoar-270-mm-51951\\\/#primaryimage\"},\"image\":{\"@id\":\"https:\\\/\\\/valvex.com\\\/ro\\\/produs\\\/loft-baterie-stativ%c4%83-%c3%aenalt%c4%83-pentru-lavoar-270-mm-51951\\\/#primaryimage\"},\"thumbnailUrl\":\"https:\\\/\\\/valvex.com\\\/wp-content\\\/uploads\\\/2021\\\/09\\\/VALVEX_2454730_LOFT_umywalka_wysoka.png\",\"datePublished\":\"2021-09-24T13:04:20+00:00\",\"dateModified\":\"2024-08-21T07:39:51+00:00\",\"breadcrumb\":{\"@id\":\"https:\\\/\\\/valvex.com\\\/ro\\\/produs\\\/loft-baterie-stativ%c4%83-%c3%aenalt%c4%83-pentru-lavoar-270-mm-51951\\\/#breadcrumb\"},\"inLanguage\":\"ro-RO\",\"potentialAction\":[{\"@type\":\"ReadAction\",\"target\":[\"https:\\\/\\\/valvex.com\\\/ro\\\/produs\\\/loft-baterie-stativ%c4%83-%c3%aenalt%c4%83-pentru-lavoar-270-mm-51951\\\/\"]}]},{\"@type\":\"ImageObject\",\"inLanguage\":\"ro-RO\",\"@id\":\"https:\\\/\\\/valvex.com\\\/ro\\\/produs\\\/loft-baterie-stativ%c4%83-%c3%aenalt%c4%83-pentru-lavoar-270-mm-51951\\\/#primaryimage\",\"url\":\"https:\\\/\\\/valvex.com\\\/wp-content\\\/uploads\\\/2021\\\/09\\\/VALVEX_2454730_LOFT_umywalka_wysoka.png\",\"contentUrl\":\"https:\\\/\\\/valvex.com\\\/wp-content\\\/uploads\\\/2021\\\/09\\\/VALVEX_2454730_LOFT_umywalka_wysoka.png\",\"width\":800,\"height\":800},{\"@type\":\"BreadcrumbList\",\"@id\":\"https:\\\/\\\/valvex.com\\\/ro\\\/produs\\\/loft-baterie-stativ%c4%83-%c3%aenalt%c4%83-pentru-lavoar-270-mm-51951\\\/#breadcrumb\",\"itemListElement\":[{\"@type\":\"ListItem\",\"position\":1,\"name\":\"Strona g\u0142\u00f3wna\",\"item\":\"https:\\\/\\\/valvex.com\\\/ro\\\/\"},{\"@type\":\"ListItem\",\"position\":2,\"name\":\"Baie\",\"item\":\"https:\\\/\\\/valvex.com\\\/ro\\\/oferta\\\/baie\\\/\"},{\"@type\":\"ListItem\",\"position\":3,\"name\":\"Baterie stativ\u0103 \u00eenalt\u0103 pentru lavoar (270 mm)\"}]},{\"@type\":\"WebSite\",\"@id\":\"https:\\\/\\\/valvex.com\\\/ro\\\/#website\",\"url\":\"https:\\\/\\\/valvex.com\\\/ro\\\/\",\"name\":\"Valvex\",\"description\":\"Produc\u0103tor de instala\u021bii sanitare \u0219i sanitare\",\"potentialAction\":[{\"@type\":\"SearchAction\",\"target\":{\"@type\":\"EntryPoint\",\"urlTemplate\":\"https:\\\/\\\/valvex.com\\\/ro\\\/?s={search_term_string}\"},\"query-input\":{\"@type\":\"PropertyValueSpecification\",\"valueRequired\":true,\"valueName\":\"search_term_string\"}}],\"inLanguage\":\"ro-RO\"}]}<\/script>\n<!-- \/ Yoast SEO plugin. -->","yoast_head_json":{"title":"Baterie stativ\u0103 \u00eenalt\u0103 pentru lavoar (270 mm) - Valvex","robots":{"index":"index","follow":"follow","max-snippet":"max-snippet:-1","max-image-preview":"max-image-preview:large","max-video-preview":"max-video-preview:-1"},"canonical":"https:\/\/valvex.com\/ro\/produs\/loft-baterie-stativ%c4%83-%c3%aenalt%c4%83-pentru-lavoar-270-mm-51951\/","og_locale":"ro_RO","og_type":"article","og_title":"Baterie stativ\u0103 \u00eenalt\u0103 pentru lavoar (270 mm) - Valvex","og_url":"https:\/\/valvex.com\/ro\/produs\/loft-baterie-stativ%c4%83-%c3%aenalt%c4%83-pentru-lavoar-270-mm-51951\/","og_site_name":"Valvex","article_modified_time":"2024-08-21T07:39:51+00:00","og_image":[{"width":800,"height":800,"url":"https:\/\/valvex.com\/wp-content\/uploads\/2021\/09\/VALVEX_2454730_LOFT_umywalka_wysoka.png","type":"image\/png"}],"twitter_card":"summary_large_image","twitter_misc":{"Timp estimat pentru citire":"1 minut"},"schema":{"@context":"https:\/\/schema.org","@graph":[{"@type":"WebPage","@id":"https:\/\/valvex.com\/ro\/produs\/loft-baterie-stativ%c4%83-%c3%aenalt%c4%83-pentru-lavoar-270-mm-51951\/","url":"https:\/\/valvex.com\/ro\/produs\/loft-baterie-stativ%c4%83-%c3%aenalt%c4%83-pentru-lavoar-270-mm-51951\/","name":"Baterie stativ\u0103 \u00eenalt\u0103 pentru lavoar (270 mm) - Valvex","isPartOf":{"@id":"https:\/\/valvex.com\/ro\/#website"},"primaryImageOfPage":{"@id":"https:\/\/valvex.com\/ro\/produs\/loft-baterie-stativ%c4%83-%c3%aenalt%c4%83-pentru-lavoar-270-mm-51951\/#primaryimage"},"image":{"@id":"https:\/\/valvex.com\/ro\/produs\/loft-baterie-stativ%c4%83-%c3%aenalt%c4%83-pentru-lavoar-270-mm-51951\/#primaryimage"},"thumbnailUrl":"https:\/\/valvex.com\/wp-content\/uploads\/2021\/09\/VALVEX_2454730_LOFT_umywalka_wysoka.png","datePublished":"2021-09-24T13:04:20+00:00","dateModified":"2024-08-21T07:39:51+00:00","breadcrumb":{"@id":"https:\/\/valvex.com\/ro\/produs\/loft-baterie-stativ%c4%83-%c3%aenalt%c4%83-pentru-lavoar-270-mm-51951\/#breadcrumb"},"inLanguage":"ro-RO","potentialAction":[{"@type":"ReadAction","target":["https:\/\/valvex.com\/ro\/produs\/loft-baterie-stativ%c4%83-%c3%aenalt%c4%83-pentru-lavoar-270-mm-51951\/"]}]},{"@type":"ImageObject","inLanguage":"ro-RO","@id":"https:\/\/valvex.com\/ro\/produs\/loft-baterie-stativ%c4%83-%c3%aenalt%c4%83-pentru-lavoar-270-mm-51951\/#primaryimage","url":"https:\/\/valvex.com\/wp-content\/uploads\/2021\/09\/VALVEX_2454730_LOFT_umywalka_wysoka.png","contentUrl":"https:\/\/valvex.com\/wp-content\/uploads\/2021\/09\/VALVEX_2454730_LOFT_umywalka_wysoka.png","width":800,"height":800},{"@type":"BreadcrumbList","@id":"https:\/\/valvex.com\/ro\/produs\/loft-baterie-stativ%c4%83-%c3%aenalt%c4%83-pentru-lavoar-270-mm-51951\/#breadcrumb","itemListElement":[{"@type":"ListItem","position":1,"name":"Strona g\u0142\u00f3wna","item":"https:\/\/valvex.com\/ro\/"},{"@type":"ListItem","position":2,"name":"Baie","item":"https:\/\/valvex.com\/ro\/oferta\/baie\/"},{"@type":"ListItem","position":3,"name":"Baterie stativ\u0103 \u00eenalt\u0103 pentru lavoar (270 mm)"}]},{"@type":"WebSite","@id":"https:\/\/valvex.com\/ro\/#website","url":"https:\/\/valvex.com\/ro\/","name":"Valvex","description":"Produc\u0103tor de instala\u021bii sanitare \u0219i sanitare","potentialAction":[{"@type":"SearchAction","target":{"@type":"EntryPoint","urlTemplate":"https:\/\/valvex.com\/ro\/?s={search_term_string}"},"query-input":{"@type":"PropertyValueSpecification","valueRequired":true,"valueName":"search_term_string"}}],"inLanguage":"ro-RO"}]}},"_links":{"self":[{"href":"https:\/\/valvex.com\/ro\/wp-json\/wp\/v2\/product\/51951","targetHints":{"allow":["GET"]}}],"collection":[{"href":"https:\/\/valvex.com\/ro\/wp-json\/wp\/v2\/product"}],"about":[{"href":"https:\/\/valvex.com\/ro\/wp-json\/wp\/v2\/types\/product"}],"wp:featuredmedia":[{"embeddable":true,"href":"https:\/\/valvex.com\/ro\/wp-json\/wp\/v2\/media\/68330"}],"wp:attachment":[{"href":"https:\/\/valvex.com\/ro\/wp-json\/wp\/v2\/media?parent=51951"}],"wp:term":[{"taxonomy":"ikony_produktow","embeddable":true,"href":"https:\/\/valvex.com\/ro\/wp-json\/wp\/v2\/ikony_produktow?post=51951"},{"taxonomy":"product_category","embeddable":true,"href":"https:\/\/valvex.com\/ro\/wp-json\/wp\/v2\/product_category?post=51951"},{"taxonomy":"product_series","embeddable":true,"href":"https:\/\/valvex.com\/ro\/wp-json\/wp\/v2\/product_series?post=51951"},{"taxonomy":"color","embeddable":true,"href":"https:\/\/valvex.com\/ro\/wp-json\/wp\/v2\/color?post=51951"}],"curies":[{"name":"wp","href":"https:\/\/api.w.org\/{rel}","templated":true}]}}