{"id":51753,"date":"2022-03-03T12:20:03","date_gmt":"2022-03-03T11:20:03","guid":{"rendered":"http:\/\/valvex.com\/product\/loft-gold-baterie-stativa\/"},"modified":"2025-12-12T11:35:36","modified_gmt":"2025-12-12T10:35:36","slug":"loft-baterie-stativ%c4%83-51753","status":"publish","type":"product","link":"https:\/\/valvex.com\/ro\/produs\/loft-baterie-stativ%c4%83-51753\/","title":{"rendered":"Baterie stativ\u0103"},"content":{"rendered":"<h3 data-start=\"93\" data-end=\"132\"><strong data-start=\"97\" data-end=\"132\">LOFT GOLD \u2013 o baie plin\u0103 de aur<\/strong><\/h3>\n<p data-start=\"134\" data-end=\"218\">O baterie care impresioneaz\u0103 prin culoare \u0219i completeaz\u0103 perfect orice baie modern\u0103.<\/p>\n<p data-start=\"220\" data-end=\"475\">Bateria este echipat\u0103 cu un perlator cu sistemul <strong data-start=\"269\" data-end=\"283\">SAVE MONEY<\/strong>, care reduce debitul de ap\u0103 p\u00e2n\u0103 la <strong data-start=\"320\" data-end=\"333\">5,7 l\/min<\/strong>, diminu\u00e2nd semnificativ costurile cu apa, f\u0103r\u0103 a afecta confortul de utilizare. Datorit\u0103 aer\u0103rii jetului de ap\u0103, confortul r\u0103m\u00e2ne neschimbat.<\/p>\n<p data-start=\"477\" data-end=\"605\">Seria <strong data-start=\"483\" data-end=\"496\">LOFT GOLD<\/strong> se remarc\u0103 printr-un finisaj auriu excep\u021bional \u0219i durabil, realizat cu ajutorul tehnologiei moderne <strong data-start=\"597\" data-end=\"604\">PVD<\/strong>.<\/p>\n<p data-start=\"607\" data-end=\"795\">Unghiul reglabil al curgerii apei din pip\u0103 permite adaptarea precis\u0103 a jetului la nevoile individuale. Func\u021bionalitatea \u0219i confortul sunt \u00eembinate \u00eentr-o form\u0103 cubist\u0103 elegant\u0103 a bateriei.<\/p>\n","protected":false},"featured_media":68449,"template":"","ikony_produktow":[2141,2143,2149,2417,2147,2142,2144,2146,2153],"product_category":[2352,2299,1814,1924],"product_series":[514],"color":[1763],"class_list":["post-51753","product","type-product","status-publish","has-post-thumbnail","hentry","ikony_produktow-25anigarantie","ikony_produktow-cartusceramicro","ikony_produktow-dopautomatclick-clack","ikony_produktow-low-flow-sistem","ikony_produktow-save-money-ro","ikony_produktow-serviciude-48deoreinpolonia","ikony_produktow-o2-ro","ikony_produktow-easyfix-ro","ikony_produktow-easyclean-ro","product_category-baterie-stojace-ro","product_category-baterie-pentru-chiuveta","product_category-baie","product_category-lavoar","product_series-loft-ro","color-gold"],"acf":[],"yoast_head":"<!-- This site is optimized with the Yoast SEO plugin v27.3 - https:\/\/yoast.com\/product\/yoast-seo-wordpress\/ -->\n<title>Baterie stativ\u0103 - Valvex<\/title>\n<meta name=\"robots\" content=\"index, follow, max-snippet:-1, max-image-preview:large, max-video-preview:-1\" \/>\n<link rel=\"canonical\" href=\"https:\/\/valvex.com\/ro\/produs\/loft-baterie-stativ%c4%83-51753\/\" \/>\n<meta property=\"og:locale\" content=\"ro_RO\" \/>\n<meta property=\"og:type\" content=\"article\" \/>\n<meta property=\"og:title\" content=\"Baterie stativ\u0103 - Valvex\" \/>\n<meta property=\"og:description\" content=\"LOFT GOLD \u2013 o baie plin\u0103 de aur O baterie care impresioneaz\u0103 prin culoare \u0219i completeaz\u0103 perfect orice baie modern\u0103. Bateria este echipat\u0103 cu un perlator cu sistemul SAVE MONEY, care reduce debitul de ap\u0103 p\u00e2n\u0103 la 5,7 l\/min, diminu\u00e2nd semnificativ costurile cu apa, f\u0103r\u0103 a afecta confortul de utilizare. Datorit\u0103 aer\u0103rii jetului de ap\u0103, [&hellip;]\" \/>\n<meta property=\"og:url\" content=\"https:\/\/valvex.com\/ro\/produs\/loft-baterie-stativ%c4%83-51753\/\" \/>\n<meta property=\"og:site_name\" content=\"Valvex\" \/>\n<meta property=\"article:modified_time\" content=\"2025-12-12T10:35:36+00:00\" \/>\n<meta property=\"og:image\" content=\"https:\/\/valvex.com\/wp-content\/uploads\/2022\/03\/VALVEX_2455800_LOFT-Gold_umywalka.png\" \/>\n\t<meta property=\"og:image:width\" content=\"800\" \/>\n\t<meta property=\"og:image:height\" content=\"800\" \/>\n\t<meta property=\"og:image:type\" content=\"image\/png\" \/>\n<meta name=\"twitter:card\" content=\"summary_large_image\" \/>\n<meta name=\"twitter:label1\" content=\"Timp estimat pentru citire\" \/>\n\t<meta name=\"twitter:data1\" content=\"1 minut\" \/>\n<script type=\"application\/ld+json\" class=\"yoast-schema-graph\">{\"@context\":\"https:\\\/\\\/schema.org\",\"@graph\":[{\"@type\":\"WebPage\",\"@id\":\"https:\\\/\\\/valvex.com\\\/ro\\\/produs\\\/loft-baterie-stativ%c4%83-51753\\\/\",\"url\":\"https:\\\/\\\/valvex.com\\\/ro\\\/produs\\\/loft-baterie-stativ%c4%83-51753\\\/\",\"name\":\"Baterie stativ\u0103 - Valvex\",\"isPartOf\":{\"@id\":\"https:\\\/\\\/valvex.com\\\/ro\\\/#website\"},\"primaryImageOfPage\":{\"@id\":\"https:\\\/\\\/valvex.com\\\/ro\\\/produs\\\/loft-baterie-stativ%c4%83-51753\\\/#primaryimage\"},\"image\":{\"@id\":\"https:\\\/\\\/valvex.com\\\/ro\\\/produs\\\/loft-baterie-stativ%c4%83-51753\\\/#primaryimage\"},\"thumbnailUrl\":\"https:\\\/\\\/valvex.com\\\/wp-content\\\/uploads\\\/2022\\\/03\\\/VALVEX_2455800_LOFT-Gold_umywalka.png\",\"datePublished\":\"2022-03-03T11:20:03+00:00\",\"dateModified\":\"2025-12-12T10:35:36+00:00\",\"breadcrumb\":{\"@id\":\"https:\\\/\\\/valvex.com\\\/ro\\\/produs\\\/loft-baterie-stativ%c4%83-51753\\\/#breadcrumb\"},\"inLanguage\":\"ro-RO\",\"potentialAction\":[{\"@type\":\"ReadAction\",\"target\":[\"https:\\\/\\\/valvex.com\\\/ro\\\/produs\\\/loft-baterie-stativ%c4%83-51753\\\/\"]}]},{\"@type\":\"ImageObject\",\"inLanguage\":\"ro-RO\",\"@id\":\"https:\\\/\\\/valvex.com\\\/ro\\\/produs\\\/loft-baterie-stativ%c4%83-51753\\\/#primaryimage\",\"url\":\"https:\\\/\\\/valvex.com\\\/wp-content\\\/uploads\\\/2022\\\/03\\\/VALVEX_2455800_LOFT-Gold_umywalka.png\",\"contentUrl\":\"https:\\\/\\\/valvex.com\\\/wp-content\\\/uploads\\\/2022\\\/03\\\/VALVEX_2455800_LOFT-Gold_umywalka.png\",\"width\":800,\"height\":800},{\"@type\":\"BreadcrumbList\",\"@id\":\"https:\\\/\\\/valvex.com\\\/ro\\\/produs\\\/loft-baterie-stativ%c4%83-51753\\\/#breadcrumb\",\"itemListElement\":[{\"@type\":\"ListItem\",\"position\":1,\"name\":\"Strona g\u0142\u00f3wna\",\"item\":\"https:\\\/\\\/valvex.com\\\/ro\\\/\"},{\"@type\":\"ListItem\",\"position\":2,\"name\":\"Baie\",\"item\":\"https:\\\/\\\/valvex.com\\\/ro\\\/oferta\\\/baie\\\/\"},{\"@type\":\"ListItem\",\"position\":3,\"name\":\"Baterie stativ\u0103\"}]},{\"@type\":\"WebSite\",\"@id\":\"https:\\\/\\\/valvex.com\\\/ro\\\/#website\",\"url\":\"https:\\\/\\\/valvex.com\\\/ro\\\/\",\"name\":\"Valvex\",\"description\":\"Produc\u0103tor de instala\u021bii sanitare \u0219i sanitare\",\"potentialAction\":[{\"@type\":\"SearchAction\",\"target\":{\"@type\":\"EntryPoint\",\"urlTemplate\":\"https:\\\/\\\/valvex.com\\\/ro\\\/?s={search_term_string}\"},\"query-input\":{\"@type\":\"PropertyValueSpecification\",\"valueRequired\":true,\"valueName\":\"search_term_string\"}}],\"inLanguage\":\"ro-RO\"}]}<\/script>\n<!-- \/ Yoast SEO plugin. -->","yoast_head_json":{"title":"Baterie stativ\u0103 - Valvex","robots":{"index":"index","follow":"follow","max-snippet":"max-snippet:-1","max-image-preview":"max-image-preview:large","max-video-preview":"max-video-preview:-1"},"canonical":"https:\/\/valvex.com\/ro\/produs\/loft-baterie-stativ%c4%83-51753\/","og_locale":"ro_RO","og_type":"article","og_title":"Baterie stativ\u0103 - Valvex","og_description":"LOFT GOLD \u2013 o baie plin\u0103 de aur O baterie care impresioneaz\u0103 prin culoare \u0219i completeaz\u0103 perfect orice baie modern\u0103. Bateria este echipat\u0103 cu un perlator cu sistemul SAVE MONEY, care reduce debitul de ap\u0103 p\u00e2n\u0103 la 5,7 l\/min, diminu\u00e2nd semnificativ costurile cu apa, f\u0103r\u0103 a afecta confortul de utilizare. Datorit\u0103 aer\u0103rii jetului de ap\u0103, [&hellip;]","og_url":"https:\/\/valvex.com\/ro\/produs\/loft-baterie-stativ%c4%83-51753\/","og_site_name":"Valvex","article_modified_time":"2025-12-12T10:35:36+00:00","og_image":[{"width":800,"height":800,"url":"https:\/\/valvex.com\/wp-content\/uploads\/2022\/03\/VALVEX_2455800_LOFT-Gold_umywalka.png","type":"image\/png"}],"twitter_card":"summary_large_image","twitter_misc":{"Timp estimat pentru citire":"1 minut"},"schema":{"@context":"https:\/\/schema.org","@graph":[{"@type":"WebPage","@id":"https:\/\/valvex.com\/ro\/produs\/loft-baterie-stativ%c4%83-51753\/","url":"https:\/\/valvex.com\/ro\/produs\/loft-baterie-stativ%c4%83-51753\/","name":"Baterie stativ\u0103 - Valvex","isPartOf":{"@id":"https:\/\/valvex.com\/ro\/#website"},"primaryImageOfPage":{"@id":"https:\/\/valvex.com\/ro\/produs\/loft-baterie-stativ%c4%83-51753\/#primaryimage"},"image":{"@id":"https:\/\/valvex.com\/ro\/produs\/loft-baterie-stativ%c4%83-51753\/#primaryimage"},"thumbnailUrl":"https:\/\/valvex.com\/wp-content\/uploads\/2022\/03\/VALVEX_2455800_LOFT-Gold_umywalka.png","datePublished":"2022-03-03T11:20:03+00:00","dateModified":"2025-12-12T10:35:36+00:00","breadcrumb":{"@id":"https:\/\/valvex.com\/ro\/produs\/loft-baterie-stativ%c4%83-51753\/#breadcrumb"},"inLanguage":"ro-RO","potentialAction":[{"@type":"ReadAction","target":["https:\/\/valvex.com\/ro\/produs\/loft-baterie-stativ%c4%83-51753\/"]}]},{"@type":"ImageObject","inLanguage":"ro-RO","@id":"https:\/\/valvex.com\/ro\/produs\/loft-baterie-stativ%c4%83-51753\/#primaryimage","url":"https:\/\/valvex.com\/wp-content\/uploads\/2022\/03\/VALVEX_2455800_LOFT-Gold_umywalka.png","contentUrl":"https:\/\/valvex.com\/wp-content\/uploads\/2022\/03\/VALVEX_2455800_LOFT-Gold_umywalka.png","width":800,"height":800},{"@type":"BreadcrumbList","@id":"https:\/\/valvex.com\/ro\/produs\/loft-baterie-stativ%c4%83-51753\/#breadcrumb","itemListElement":[{"@type":"ListItem","position":1,"name":"Strona g\u0142\u00f3wna","item":"https:\/\/valvex.com\/ro\/"},{"@type":"ListItem","position":2,"name":"Baie","item":"https:\/\/valvex.com\/ro\/oferta\/baie\/"},{"@type":"ListItem","position":3,"name":"Baterie stativ\u0103"}]},{"@type":"WebSite","@id":"https:\/\/valvex.com\/ro\/#website","url":"https:\/\/valvex.com\/ro\/","name":"Valvex","description":"Produc\u0103tor de instala\u021bii sanitare \u0219i sanitare","potentialAction":[{"@type":"SearchAction","target":{"@type":"EntryPoint","urlTemplate":"https:\/\/valvex.com\/ro\/?s={search_term_string}"},"query-input":{"@type":"PropertyValueSpecification","valueRequired":true,"valueName":"search_term_string"}}],"inLanguage":"ro-RO"}]}},"_links":{"self":[{"href":"https:\/\/valvex.com\/ro\/wp-json\/wp\/v2\/product\/51753","targetHints":{"allow":["GET"]}}],"collection":[{"href":"https:\/\/valvex.com\/ro\/wp-json\/wp\/v2\/product"}],"about":[{"href":"https:\/\/valvex.com\/ro\/wp-json\/wp\/v2\/types\/product"}],"wp:featuredmedia":[{"embeddable":true,"href":"https:\/\/valvex.com\/ro\/wp-json\/wp\/v2\/media\/68449"}],"wp:attachment":[{"href":"https:\/\/valvex.com\/ro\/wp-json\/wp\/v2\/media?parent=51753"}],"wp:term":[{"taxonomy":"ikony_produktow","embeddable":true,"href":"https:\/\/valvex.com\/ro\/wp-json\/wp\/v2\/ikony_produktow?post=51753"},{"taxonomy":"product_category","embeddable":true,"href":"https:\/\/valvex.com\/ro\/wp-json\/wp\/v2\/product_category?post=51753"},{"taxonomy":"product_series","embeddable":true,"href":"https:\/\/valvex.com\/ro\/wp-json\/wp\/v2\/product_series?post=51753"},{"taxonomy":"color","embeddable":true,"href":"https:\/\/valvex.com\/ro\/wp-json\/wp\/v2\/color?post=51753"}],"curies":[{"name":"wp","href":"https:\/\/api.w.org\/{rel}","templated":true}]}}