{"id":51516,"date":"2021-09-24T15:45:40","date_gmt":"2021-09-24T13:45:40","guid":{"rendered":"http:\/\/valvex.com\/product\/quasar-baterie-de-bucatarie-stativa-cu-maner-lateral-perlator-mikado\/"},"modified":"2024-03-05T15:40:09","modified_gmt":"2024-03-05T14:40:09","slug":"quasar-baterie-de-buc%c4%83tarie-stativ%c4%83-cu-m%c3%a2ner-lateral-perlator-mikado-51516","status":"publish","type":"product","link":"https:\/\/valvex.com\/ro\/produs\/quasar-baterie-de-buc%c4%83tarie-stativ%c4%83-cu-m%c3%a2ner-lateral-perlator-mikado-51516\/","title":{"rendered":"Baterie de buc\u0103tarie stativ\u0103 cu m\u00e2ner lateral + Perlator MIKADO"},"content":{"rendered":"","protected":false},"featured_media":51513,"template":"","ikony_produktow":[1649,1658,1667,1675,1685,1691,1670,1690],"product_category":[1774,1809,472],"product_series":[1281],"color":[1760],"class_list":["post-51516","product","type-product","status-publish","has-post-thumbnail","hentry","ikony_produktow-25latgwarancji","ikony_produktow-48hserwiswpolsce","ikony_produktow-comfortzone","ikony_produktow-ceramic_head","ikony_produktow-mikado","ikony_produktow-obrot","ikony_produktow-easyfix","ikony_produktow-o2","product_category-bucatarie","product_category-baterii-de-bucatarie","product_category-baterii-pentru-bucatarie-bathroom-and-kitchen-area-strefa-lazienki-i-kuchni","product_series-quasar-ro","color-chrome"],"acf":[],"yoast_head":"<!-- This site is optimized with the Yoast SEO plugin v27.3 - https:\/\/yoast.com\/product\/yoast-seo-wordpress\/ -->\n<title>Baterie de buc\u0103tarie stativ\u0103 cu m\u00e2ner lateral + Perlator MIKADO - Valvex<\/title>\n<meta name=\"robots\" content=\"index, follow, max-snippet:-1, max-image-preview:large, max-video-preview:-1\" \/>\n<link rel=\"canonical\" href=\"https:\/\/valvex.com\/ro\/produs\/quasar-baterie-de-buc%c4%83tarie-stativ%c4%83-cu-m%c3%a2ner-lateral-perlator-mikado-51516\/\" \/>\n<meta property=\"og:locale\" content=\"ro_RO\" \/>\n<meta property=\"og:type\" content=\"article\" \/>\n<meta property=\"og:title\" content=\"Baterie de buc\u0103tarie stativ\u0103 cu m\u00e2ner lateral + Perlator MIKADO - Valvex\" \/>\n<meta property=\"og:url\" content=\"https:\/\/valvex.com\/ro\/produs\/quasar-baterie-de-buc%c4%83tarie-stativ%c4%83-cu-m%c3%a2ner-lateral-perlator-mikado-51516\/\" \/>\n<meta property=\"og:site_name\" content=\"Valvex\" \/>\n<meta property=\"article:modified_time\" content=\"2024-03-05T14:40:09+00:00\" \/>\n<meta property=\"og:image\" content=\"https:\/\/valvex.com\/wp-content\/uploads\/2022\/03\/2446857.jpg\" \/>\n\t<meta property=\"og:image:width\" content=\"650\" \/>\n\t<meta property=\"og:image:height\" content=\"415\" \/>\n\t<meta property=\"og:image:type\" content=\"image\/jpeg\" \/>\n<meta name=\"twitter:card\" content=\"summary_large_image\" \/>\n<script type=\"application\/ld+json\" class=\"yoast-schema-graph\">{\"@context\":\"https:\\\/\\\/schema.org\",\"@graph\":[{\"@type\":\"WebPage\",\"@id\":\"https:\\\/\\\/valvex.com\\\/ro\\\/produs\\\/quasar-baterie-de-buc%c4%83tarie-stativ%c4%83-cu-m%c3%a2ner-lateral-perlator-mikado-51516\\\/\",\"url\":\"https:\\\/\\\/valvex.com\\\/ro\\\/produs\\\/quasar-baterie-de-buc%c4%83tarie-stativ%c4%83-cu-m%c3%a2ner-lateral-perlator-mikado-51516\\\/\",\"name\":\"Baterie de buc\u0103tarie stativ\u0103 cu m\u00e2ner lateral + Perlator MIKADO - Valvex\",\"isPartOf\":{\"@id\":\"https:\\\/\\\/valvex.com\\\/ro\\\/#website\"},\"primaryImageOfPage\":{\"@id\":\"https:\\\/\\\/valvex.com\\\/ro\\\/produs\\\/quasar-baterie-de-buc%c4%83tarie-stativ%c4%83-cu-m%c3%a2ner-lateral-perlator-mikado-51516\\\/#primaryimage\"},\"image\":{\"@id\":\"https:\\\/\\\/valvex.com\\\/ro\\\/produs\\\/quasar-baterie-de-buc%c4%83tarie-stativ%c4%83-cu-m%c3%a2ner-lateral-perlator-mikado-51516\\\/#primaryimage\"},\"thumbnailUrl\":\"https:\\\/\\\/valvex.com\\\/wp-content\\\/uploads\\\/2022\\\/03\\\/2446857.jpg\",\"datePublished\":\"2021-09-24T13:45:40+00:00\",\"dateModified\":\"2024-03-05T14:40:09+00:00\",\"breadcrumb\":{\"@id\":\"https:\\\/\\\/valvex.com\\\/ro\\\/produs\\\/quasar-baterie-de-buc%c4%83tarie-stativ%c4%83-cu-m%c3%a2ner-lateral-perlator-mikado-51516\\\/#breadcrumb\"},\"inLanguage\":\"ro-RO\",\"potentialAction\":[{\"@type\":\"ReadAction\",\"target\":[\"https:\\\/\\\/valvex.com\\\/ro\\\/produs\\\/quasar-baterie-de-buc%c4%83tarie-stativ%c4%83-cu-m%c3%a2ner-lateral-perlator-mikado-51516\\\/\"]}]},{\"@type\":\"ImageObject\",\"inLanguage\":\"ro-RO\",\"@id\":\"https:\\\/\\\/valvex.com\\\/ro\\\/produs\\\/quasar-baterie-de-buc%c4%83tarie-stativ%c4%83-cu-m%c3%a2ner-lateral-perlator-mikado-51516\\\/#primaryimage\",\"url\":\"https:\\\/\\\/valvex.com\\\/wp-content\\\/uploads\\\/2022\\\/03\\\/2446857.jpg\",\"contentUrl\":\"https:\\\/\\\/valvex.com\\\/wp-content\\\/uploads\\\/2022\\\/03\\\/2446857.jpg\",\"width\":650,\"height\":415},{\"@type\":\"BreadcrumbList\",\"@id\":\"https:\\\/\\\/valvex.com\\\/ro\\\/produs\\\/quasar-baterie-de-buc%c4%83tarie-stativ%c4%83-cu-m%c3%a2ner-lateral-perlator-mikado-51516\\\/#breadcrumb\",\"itemListElement\":[{\"@type\":\"ListItem\",\"position\":1,\"name\":\"Strona g\u0142\u00f3wna\",\"item\":\"https:\\\/\\\/valvex.com\\\/ro\\\/\"},{\"@type\":\"ListItem\",\"position\":2,\"name\":\"Buc\u0103t\u0103rie\",\"item\":\"https:\\\/\\\/valvex.com\\\/ro\\\/oferta\\\/bucatarie\\\/\"},{\"@type\":\"ListItem\",\"position\":3,\"name\":\"Baterii de bucatarie\",\"item\":\"https:\\\/\\\/valvex.com\\\/ro\\\/oferta\\\/bucatarie\\\/baterii-de-bucatarie\\\/\"},{\"@type\":\"ListItem\",\"position\":4,\"name\":\"Baterie de buc\u0103tarie stativ\u0103 cu m\u00e2ner lateral + Perlator MIKADO\"}]},{\"@type\":\"WebSite\",\"@id\":\"https:\\\/\\\/valvex.com\\\/ro\\\/#website\",\"url\":\"https:\\\/\\\/valvex.com\\\/ro\\\/\",\"name\":\"Valvex\",\"description\":\"Produc\u0103tor de instala\u021bii sanitare \u0219i sanitare\",\"potentialAction\":[{\"@type\":\"SearchAction\",\"target\":{\"@type\":\"EntryPoint\",\"urlTemplate\":\"https:\\\/\\\/valvex.com\\\/ro\\\/?s={search_term_string}\"},\"query-input\":{\"@type\":\"PropertyValueSpecification\",\"valueRequired\":true,\"valueName\":\"search_term_string\"}}],\"inLanguage\":\"ro-RO\"}]}<\/script>\n<!-- \/ Yoast SEO plugin. -->","yoast_head_json":{"title":"Baterie de buc\u0103tarie stativ\u0103 cu m\u00e2ner lateral + Perlator MIKADO - Valvex","robots":{"index":"index","follow":"follow","max-snippet":"max-snippet:-1","max-image-preview":"max-image-preview:large","max-video-preview":"max-video-preview:-1"},"canonical":"https:\/\/valvex.com\/ro\/produs\/quasar-baterie-de-buc%c4%83tarie-stativ%c4%83-cu-m%c3%a2ner-lateral-perlator-mikado-51516\/","og_locale":"ro_RO","og_type":"article","og_title":"Baterie de buc\u0103tarie stativ\u0103 cu m\u00e2ner lateral + Perlator MIKADO - Valvex","og_url":"https:\/\/valvex.com\/ro\/produs\/quasar-baterie-de-buc%c4%83tarie-stativ%c4%83-cu-m%c3%a2ner-lateral-perlator-mikado-51516\/","og_site_name":"Valvex","article_modified_time":"2024-03-05T14:40:09+00:00","og_image":[{"width":650,"height":415,"url":"https:\/\/valvex.com\/wp-content\/uploads\/2022\/03\/2446857.jpg","type":"image\/jpeg"}],"twitter_card":"summary_large_image","schema":{"@context":"https:\/\/schema.org","@graph":[{"@type":"WebPage","@id":"https:\/\/valvex.com\/ro\/produs\/quasar-baterie-de-buc%c4%83tarie-stativ%c4%83-cu-m%c3%a2ner-lateral-perlator-mikado-51516\/","url":"https:\/\/valvex.com\/ro\/produs\/quasar-baterie-de-buc%c4%83tarie-stativ%c4%83-cu-m%c3%a2ner-lateral-perlator-mikado-51516\/","name":"Baterie de buc\u0103tarie stativ\u0103 cu m\u00e2ner lateral + Perlator MIKADO - Valvex","isPartOf":{"@id":"https:\/\/valvex.com\/ro\/#website"},"primaryImageOfPage":{"@id":"https:\/\/valvex.com\/ro\/produs\/quasar-baterie-de-buc%c4%83tarie-stativ%c4%83-cu-m%c3%a2ner-lateral-perlator-mikado-51516\/#primaryimage"},"image":{"@id":"https:\/\/valvex.com\/ro\/produs\/quasar-baterie-de-buc%c4%83tarie-stativ%c4%83-cu-m%c3%a2ner-lateral-perlator-mikado-51516\/#primaryimage"},"thumbnailUrl":"https:\/\/valvex.com\/wp-content\/uploads\/2022\/03\/2446857.jpg","datePublished":"2021-09-24T13:45:40+00:00","dateModified":"2024-03-05T14:40:09+00:00","breadcrumb":{"@id":"https:\/\/valvex.com\/ro\/produs\/quasar-baterie-de-buc%c4%83tarie-stativ%c4%83-cu-m%c3%a2ner-lateral-perlator-mikado-51516\/#breadcrumb"},"inLanguage":"ro-RO","potentialAction":[{"@type":"ReadAction","target":["https:\/\/valvex.com\/ro\/produs\/quasar-baterie-de-buc%c4%83tarie-stativ%c4%83-cu-m%c3%a2ner-lateral-perlator-mikado-51516\/"]}]},{"@type":"ImageObject","inLanguage":"ro-RO","@id":"https:\/\/valvex.com\/ro\/produs\/quasar-baterie-de-buc%c4%83tarie-stativ%c4%83-cu-m%c3%a2ner-lateral-perlator-mikado-51516\/#primaryimage","url":"https:\/\/valvex.com\/wp-content\/uploads\/2022\/03\/2446857.jpg","contentUrl":"https:\/\/valvex.com\/wp-content\/uploads\/2022\/03\/2446857.jpg","width":650,"height":415},{"@type":"BreadcrumbList","@id":"https:\/\/valvex.com\/ro\/produs\/quasar-baterie-de-buc%c4%83tarie-stativ%c4%83-cu-m%c3%a2ner-lateral-perlator-mikado-51516\/#breadcrumb","itemListElement":[{"@type":"ListItem","position":1,"name":"Strona g\u0142\u00f3wna","item":"https:\/\/valvex.com\/ro\/"},{"@type":"ListItem","position":2,"name":"Buc\u0103t\u0103rie","item":"https:\/\/valvex.com\/ro\/oferta\/bucatarie\/"},{"@type":"ListItem","position":3,"name":"Baterii de bucatarie","item":"https:\/\/valvex.com\/ro\/oferta\/bucatarie\/baterii-de-bucatarie\/"},{"@type":"ListItem","position":4,"name":"Baterie de buc\u0103tarie stativ\u0103 cu m\u00e2ner lateral + Perlator MIKADO"}]},{"@type":"WebSite","@id":"https:\/\/valvex.com\/ro\/#website","url":"https:\/\/valvex.com\/ro\/","name":"Valvex","description":"Produc\u0103tor de instala\u021bii sanitare \u0219i sanitare","potentialAction":[{"@type":"SearchAction","target":{"@type":"EntryPoint","urlTemplate":"https:\/\/valvex.com\/ro\/?s={search_term_string}"},"query-input":{"@type":"PropertyValueSpecification","valueRequired":true,"valueName":"search_term_string"}}],"inLanguage":"ro-RO"}]}},"_links":{"self":[{"href":"https:\/\/valvex.com\/ro\/wp-json\/wp\/v2\/product\/51516","targetHints":{"allow":["GET"]}}],"collection":[{"href":"https:\/\/valvex.com\/ro\/wp-json\/wp\/v2\/product"}],"about":[{"href":"https:\/\/valvex.com\/ro\/wp-json\/wp\/v2\/types\/product"}],"wp:featuredmedia":[{"embeddable":true,"href":"https:\/\/valvex.com\/ro\/wp-json\/wp\/v2\/media\/51513"}],"wp:attachment":[{"href":"https:\/\/valvex.com\/ro\/wp-json\/wp\/v2\/media?parent=51516"}],"wp:term":[{"taxonomy":"ikony_produktow","embeddable":true,"href":"https:\/\/valvex.com\/ro\/wp-json\/wp\/v2\/ikony_produktow?post=51516"},{"taxonomy":"product_category","embeddable":true,"href":"https:\/\/valvex.com\/ro\/wp-json\/wp\/v2\/product_category?post=51516"},{"taxonomy":"product_series","embeddable":true,"href":"https:\/\/valvex.com\/ro\/wp-json\/wp\/v2\/product_series?post=51516"},{"taxonomy":"color","embeddable":true,"href":"https:\/\/valvex.com\/ro\/wp-json\/wp\/v2\/color?post=51516"}],"curies":[{"name":"wp","href":"https:\/\/api.w.org\/{rel}","templated":true}]}}