{"id":49669,"date":"2021-02-05T16:50:58","date_gmt":"2021-02-05T15:50:58","guid":{"rendered":"http:\/\/valvex.com\/product\/onyx-robinet-sferic-nichelat-pasaj-total-cu-presetupa-si-%ef%ac%82uture-de-aluminiu-versiunea-cu-racord-olandez\/"},"modified":"2026-02-25T13:21:27","modified_gmt":"2026-02-25T12:21:27","slug":"onyx-robinet-sferic-pasaj-total-cu-presetup%c4%83-%c8%99i-%ef%ac%82uture-de-aluminiu-versiunea-cu-racord-olandez-49669","status":"publish","type":"product","link":"https:\/\/valvex.com\/ro\/produs\/onyx-robinet-sferic-pasaj-total-cu-presetup%c4%83-%c8%99i-%ef%ac%82uture-de-aluminiu-versiunea-cu-racord-olandez-49669\/","title":{"rendered":"Robinet sferic, pasaj total, cu presetup\u0103 \u0219i \ufb02uture de aluminiu (versiunea cu racord olandez)"},"content":{"rendered":"<h3 data-start=\"685\" data-end=\"734\"><strong data-start=\"689\" data-end=\"734\">Caracteristici principale ale produsului:<\/strong><\/h3>\n<ul data-start=\"735\" data-end=\"1183\">\n<li data-start=\"735\" data-end=\"770\">\n<p data-start=\"737\" data-end=\"770\">Durabilitate ridicat\u0103 a supapei<\/p>\n<\/li>\n<li data-start=\"771\" data-end=\"834\">\n<p data-start=\"773\" data-end=\"834\">Sistem de blocare a garniturii \u2013 solu\u021bie constructiv\u0103 unic\u0103<\/p>\n<\/li>\n<li data-start=\"835\" data-end=\"879\">\n<p data-start=\"837\" data-end=\"879\">M\u00e2ner tip fluture ergonomic din aluminiu<\/p>\n<\/li>\n<li data-start=\"880\" data-end=\"940\">\n<p data-start=\"882\" data-end=\"940\">Potrivit pentru utilizare \u00een instala\u021bii de aer comprimat<\/p>\n<\/li>\n<li data-start=\"941\" data-end=\"998\">\n<p data-start=\"943\" data-end=\"998\">Potrivit pentru utilizare \u00een instala\u021bii de ap\u0103 r\u0103cit\u0103<\/p>\n<\/li>\n<li data-start=\"999\" data-end=\"1037\">\n<p data-start=\"1001\" data-end=\"1037\">Sistem antialergic <strong data-start=\"1020\" data-end=\"1035\">NICKEL-FREE<\/strong><\/p>\n<\/li>\n<li data-start=\"1038\" data-end=\"1069\">\n<p data-start=\"1040\" data-end=\"1069\">Presiune nominal\u0103 <strong data-start=\"1058\" data-end=\"1067\">PN 40<\/strong><\/p>\n<\/li>\n<li data-start=\"1070\" data-end=\"1112\">\n<p data-start=\"1072\" data-end=\"1112\">Temperatura maxim\u0103 de lucru: <strong data-start=\"1101\" data-end=\"1110\">180\u00b0C<\/strong><\/p>\n<\/li>\n<li data-start=\"1113\" data-end=\"1155\">\n<p data-start=\"1115\" data-end=\"1155\">Temperatura minim\u0103 de lucru: <strong data-start=\"1144\" data-end=\"1153\">\u201320\u00b0C<\/strong><\/p>\n<\/li>\n<li data-start=\"1156\" data-end=\"1183\">\n<p data-start=\"1158\" data-end=\"1183\">Corp din alam\u0103 <strong data-start=\"1173\" data-end=\"1183\">CW617N<\/strong><\/p>\n<\/li>\n<\/ul>\n<p data-start=\"1185\" data-end=\"1260\">Pre\u021bul afi\u0219at se refer\u0103 la produsul cu cea mai mic\u0103 dimensiune disponibil\u0103.<\/p>\n","protected":false},"featured_media":72797,"template":"","ikony_produktow":[2141,2238,2392,2257,2379,2224,2429],"product_category":[232,238,244],"product_series":[836],"color":[],"class_list":["post-49669","product","type-product","status-publish","has-post-thumbnail","hentry","ikony_produktow-25anigarantie","ikony_produktow-compressedair-ro","ikony_produktow-pentruinstalatiisolare","ikony_produktow-glycol-ro","ikony_produktow-pn40ro","ikony_produktow-nickelfree-ro","ikony_produktow-180c-ro","product_category-zona-de-instalatii","product_category-fitinguri-pentru-instalatiile-de-apa","product_category-robineti-cu-bila","product_series-onyx-ro"],"acf":[],"yoast_head":"<!-- This site is optimized with the Yoast SEO plugin v27.3 - https:\/\/yoast.com\/product\/yoast-seo-wordpress\/ -->\n<title>Robinet sferic, pasaj total, cu presetup\u0103 \u0219i \ufb02uture de aluminiu (versiunea cu racord olandez) - Valvex<\/title>\n<meta name=\"robots\" content=\"index, follow, max-snippet:-1, max-image-preview:large, max-video-preview:-1\" \/>\n<link rel=\"canonical\" href=\"https:\/\/valvex.com\/ro\/produs\/onyx-robinet-sferic-pasaj-total-cu-presetup%c4%83-%c8%99i-%ef%ac%82uture-de-aluminiu-versiunea-cu-racord-olandez-49669\/\" \/>\n<meta property=\"og:locale\" content=\"ro_RO\" \/>\n<meta property=\"og:type\" content=\"article\" \/>\n<meta property=\"og:title\" content=\"Robinet sferic, pasaj total, cu presetup\u0103 \u0219i \ufb02uture de aluminiu (versiunea cu racord olandez) - Valvex\" \/>\n<meta property=\"og:description\" content=\"Caracteristici principale ale produsului: Durabilitate ridicat\u0103 a supapei Sistem de blocare a garniturii \u2013 solu\u021bie constructiv\u0103 unic\u0103 M\u00e2ner tip fluture ergonomic din aluminiu Potrivit pentru utilizare \u00een instala\u021bii de aer comprimat Potrivit pentru utilizare \u00een instala\u021bii de ap\u0103 r\u0103cit\u0103 Sistem antialergic NICKEL-FREE Presiune nominal\u0103 PN 40 Temperatura maxim\u0103 de lucru: 180\u00b0C Temperatura minim\u0103 de lucru: [&hellip;]\" \/>\n<meta property=\"og:url\" content=\"https:\/\/valvex.com\/ro\/produs\/onyx-robinet-sferic-pasaj-total-cu-presetup%c4%83-%c8%99i-%ef%ac%82uture-de-aluminiu-versiunea-cu-racord-olandez-49669\/\" \/>\n<meta property=\"og:site_name\" content=\"Valvex\" \/>\n<meta property=\"article:modified_time\" content=\"2026-02-25T12:21:27+00:00\" \/>\n<meta property=\"og:image\" content=\"https:\/\/valvex.com\/wp-content\/uploads\/2022\/03\/1452440.jpg\" \/>\n\t<meta property=\"og:image:width\" content=\"650\" \/>\n\t<meta property=\"og:image:height\" content=\"415\" \/>\n\t<meta property=\"og:image:type\" content=\"image\/jpeg\" \/>\n<meta name=\"twitter:card\" content=\"summary_large_image\" \/>\n<meta name=\"twitter:label1\" content=\"Timp estimat pentru citire\" \/>\n\t<meta name=\"twitter:data1\" content=\"1 minut\" \/>\n<script type=\"application\/ld+json\" class=\"yoast-schema-graph\">{\"@context\":\"https:\\\/\\\/schema.org\",\"@graph\":[{\"@type\":\"WebPage\",\"@id\":\"https:\\\/\\\/valvex.com\\\/ro\\\/produs\\\/onyx-robinet-sferic-pasaj-total-cu-presetup%c4%83-%c8%99i-%ef%ac%82uture-de-aluminiu-versiunea-cu-racord-olandez-49669\\\/\",\"url\":\"https:\\\/\\\/valvex.com\\\/ro\\\/produs\\\/onyx-robinet-sferic-pasaj-total-cu-presetup%c4%83-%c8%99i-%ef%ac%82uture-de-aluminiu-versiunea-cu-racord-olandez-49669\\\/\",\"name\":\"Robinet sferic, pasaj total, cu presetup\u0103 \u0219i \ufb02uture de aluminiu (versiunea cu racord olandez) - Valvex\",\"isPartOf\":{\"@id\":\"https:\\\/\\\/valvex.com\\\/ro\\\/#website\"},\"primaryImageOfPage\":{\"@id\":\"https:\\\/\\\/valvex.com\\\/ro\\\/produs\\\/onyx-robinet-sferic-pasaj-total-cu-presetup%c4%83-%c8%99i-%ef%ac%82uture-de-aluminiu-versiunea-cu-racord-olandez-49669\\\/#primaryimage\"},\"image\":{\"@id\":\"https:\\\/\\\/valvex.com\\\/ro\\\/produs\\\/onyx-robinet-sferic-pasaj-total-cu-presetup%c4%83-%c8%99i-%ef%ac%82uture-de-aluminiu-versiunea-cu-racord-olandez-49669\\\/#primaryimage\"},\"thumbnailUrl\":\"https:\\\/\\\/valvex.com\\\/wp-content\\\/uploads\\\/2022\\\/03\\\/1452440.jpg\",\"datePublished\":\"2021-02-05T15:50:58+00:00\",\"dateModified\":\"2026-02-25T12:21:27+00:00\",\"breadcrumb\":{\"@id\":\"https:\\\/\\\/valvex.com\\\/ro\\\/produs\\\/onyx-robinet-sferic-pasaj-total-cu-presetup%c4%83-%c8%99i-%ef%ac%82uture-de-aluminiu-versiunea-cu-racord-olandez-49669\\\/#breadcrumb\"},\"inLanguage\":\"ro-RO\",\"potentialAction\":[{\"@type\":\"ReadAction\",\"target\":[\"https:\\\/\\\/valvex.com\\\/ro\\\/produs\\\/onyx-robinet-sferic-pasaj-total-cu-presetup%c4%83-%c8%99i-%ef%ac%82uture-de-aluminiu-versiunea-cu-racord-olandez-49669\\\/\"]}]},{\"@type\":\"ImageObject\",\"inLanguage\":\"ro-RO\",\"@id\":\"https:\\\/\\\/valvex.com\\\/ro\\\/produs\\\/onyx-robinet-sferic-pasaj-total-cu-presetup%c4%83-%c8%99i-%ef%ac%82uture-de-aluminiu-versiunea-cu-racord-olandez-49669\\\/#primaryimage\",\"url\":\"https:\\\/\\\/valvex.com\\\/wp-content\\\/uploads\\\/2022\\\/03\\\/1452440.jpg\",\"contentUrl\":\"https:\\\/\\\/valvex.com\\\/wp-content\\\/uploads\\\/2022\\\/03\\\/1452440.jpg\",\"width\":650,\"height\":415},{\"@type\":\"BreadcrumbList\",\"@id\":\"https:\\\/\\\/valvex.com\\\/ro\\\/produs\\\/onyx-robinet-sferic-pasaj-total-cu-presetup%c4%83-%c8%99i-%ef%ac%82uture-de-aluminiu-versiunea-cu-racord-olandez-49669\\\/#breadcrumb\",\"itemListElement\":[{\"@type\":\"ListItem\",\"position\":1,\"name\":\"Strona g\u0142\u00f3wna\",\"item\":\"https:\\\/\\\/valvex.com\\\/ro\\\/\"},{\"@type\":\"ListItem\",\"position\":2,\"name\":\"Zona de instalatii\",\"item\":\"https:\\\/\\\/valvex.com\\\/ro\\\/oferta\\\/zona-de-instalatii\\\/\"},{\"@type\":\"ListItem\",\"position\":3,\"name\":\"Robinet sferic, pasaj total, cu presetup\u0103 \u0219i \ufb02uture de aluminiu (versiunea cu racord olandez)\"}]},{\"@type\":\"WebSite\",\"@id\":\"https:\\\/\\\/valvex.com\\\/ro\\\/#website\",\"url\":\"https:\\\/\\\/valvex.com\\\/ro\\\/\",\"name\":\"Valvex\",\"description\":\"Produc\u0103tor de instala\u021bii sanitare \u0219i sanitare\",\"potentialAction\":[{\"@type\":\"SearchAction\",\"target\":{\"@type\":\"EntryPoint\",\"urlTemplate\":\"https:\\\/\\\/valvex.com\\\/ro\\\/?s={search_term_string}\"},\"query-input\":{\"@type\":\"PropertyValueSpecification\",\"valueRequired\":true,\"valueName\":\"search_term_string\"}}],\"inLanguage\":\"ro-RO\"}]}<\/script>\n<!-- \/ Yoast SEO plugin. -->","yoast_head_json":{"title":"Robinet sferic, pasaj total, cu presetup\u0103 \u0219i \ufb02uture de aluminiu (versiunea cu racord olandez) - Valvex","robots":{"index":"index","follow":"follow","max-snippet":"max-snippet:-1","max-image-preview":"max-image-preview:large","max-video-preview":"max-video-preview:-1"},"canonical":"https:\/\/valvex.com\/ro\/produs\/onyx-robinet-sferic-pasaj-total-cu-presetup%c4%83-%c8%99i-%ef%ac%82uture-de-aluminiu-versiunea-cu-racord-olandez-49669\/","og_locale":"ro_RO","og_type":"article","og_title":"Robinet sferic, pasaj total, cu presetup\u0103 \u0219i \ufb02uture de aluminiu (versiunea cu racord olandez) - Valvex","og_description":"Caracteristici principale ale produsului: Durabilitate ridicat\u0103 a supapei Sistem de blocare a garniturii \u2013 solu\u021bie constructiv\u0103 unic\u0103 M\u00e2ner tip fluture ergonomic din aluminiu Potrivit pentru utilizare \u00een instala\u021bii de aer comprimat Potrivit pentru utilizare \u00een instala\u021bii de ap\u0103 r\u0103cit\u0103 Sistem antialergic NICKEL-FREE Presiune nominal\u0103 PN 40 Temperatura maxim\u0103 de lucru: 180\u00b0C Temperatura minim\u0103 de lucru: [&hellip;]","og_url":"https:\/\/valvex.com\/ro\/produs\/onyx-robinet-sferic-pasaj-total-cu-presetup%c4%83-%c8%99i-%ef%ac%82uture-de-aluminiu-versiunea-cu-racord-olandez-49669\/","og_site_name":"Valvex","article_modified_time":"2026-02-25T12:21:27+00:00","og_image":[{"width":650,"height":415,"url":"https:\/\/valvex.com\/wp-content\/uploads\/2022\/03\/1452440.jpg","type":"image\/jpeg"}],"twitter_card":"summary_large_image","twitter_misc":{"Timp estimat pentru citire":"1 minut"},"schema":{"@context":"https:\/\/schema.org","@graph":[{"@type":"WebPage","@id":"https:\/\/valvex.com\/ro\/produs\/onyx-robinet-sferic-pasaj-total-cu-presetup%c4%83-%c8%99i-%ef%ac%82uture-de-aluminiu-versiunea-cu-racord-olandez-49669\/","url":"https:\/\/valvex.com\/ro\/produs\/onyx-robinet-sferic-pasaj-total-cu-presetup%c4%83-%c8%99i-%ef%ac%82uture-de-aluminiu-versiunea-cu-racord-olandez-49669\/","name":"Robinet sferic, pasaj total, cu presetup\u0103 \u0219i \ufb02uture de aluminiu (versiunea cu racord olandez) - Valvex","isPartOf":{"@id":"https:\/\/valvex.com\/ro\/#website"},"primaryImageOfPage":{"@id":"https:\/\/valvex.com\/ro\/produs\/onyx-robinet-sferic-pasaj-total-cu-presetup%c4%83-%c8%99i-%ef%ac%82uture-de-aluminiu-versiunea-cu-racord-olandez-49669\/#primaryimage"},"image":{"@id":"https:\/\/valvex.com\/ro\/produs\/onyx-robinet-sferic-pasaj-total-cu-presetup%c4%83-%c8%99i-%ef%ac%82uture-de-aluminiu-versiunea-cu-racord-olandez-49669\/#primaryimage"},"thumbnailUrl":"https:\/\/valvex.com\/wp-content\/uploads\/2022\/03\/1452440.jpg","datePublished":"2021-02-05T15:50:58+00:00","dateModified":"2026-02-25T12:21:27+00:00","breadcrumb":{"@id":"https:\/\/valvex.com\/ro\/produs\/onyx-robinet-sferic-pasaj-total-cu-presetup%c4%83-%c8%99i-%ef%ac%82uture-de-aluminiu-versiunea-cu-racord-olandez-49669\/#breadcrumb"},"inLanguage":"ro-RO","potentialAction":[{"@type":"ReadAction","target":["https:\/\/valvex.com\/ro\/produs\/onyx-robinet-sferic-pasaj-total-cu-presetup%c4%83-%c8%99i-%ef%ac%82uture-de-aluminiu-versiunea-cu-racord-olandez-49669\/"]}]},{"@type":"ImageObject","inLanguage":"ro-RO","@id":"https:\/\/valvex.com\/ro\/produs\/onyx-robinet-sferic-pasaj-total-cu-presetup%c4%83-%c8%99i-%ef%ac%82uture-de-aluminiu-versiunea-cu-racord-olandez-49669\/#primaryimage","url":"https:\/\/valvex.com\/wp-content\/uploads\/2022\/03\/1452440.jpg","contentUrl":"https:\/\/valvex.com\/wp-content\/uploads\/2022\/03\/1452440.jpg","width":650,"height":415},{"@type":"BreadcrumbList","@id":"https:\/\/valvex.com\/ro\/produs\/onyx-robinet-sferic-pasaj-total-cu-presetup%c4%83-%c8%99i-%ef%ac%82uture-de-aluminiu-versiunea-cu-racord-olandez-49669\/#breadcrumb","itemListElement":[{"@type":"ListItem","position":1,"name":"Strona g\u0142\u00f3wna","item":"https:\/\/valvex.com\/ro\/"},{"@type":"ListItem","position":2,"name":"Zona de instalatii","item":"https:\/\/valvex.com\/ro\/oferta\/zona-de-instalatii\/"},{"@type":"ListItem","position":3,"name":"Robinet sferic, pasaj total, cu presetup\u0103 \u0219i \ufb02uture de aluminiu (versiunea cu racord olandez)"}]},{"@type":"WebSite","@id":"https:\/\/valvex.com\/ro\/#website","url":"https:\/\/valvex.com\/ro\/","name":"Valvex","description":"Produc\u0103tor de instala\u021bii sanitare \u0219i sanitare","potentialAction":[{"@type":"SearchAction","target":{"@type":"EntryPoint","urlTemplate":"https:\/\/valvex.com\/ro\/?s={search_term_string}"},"query-input":{"@type":"PropertyValueSpecification","valueRequired":true,"valueName":"search_term_string"}}],"inLanguage":"ro-RO"}]}},"_links":{"self":[{"href":"https:\/\/valvex.com\/ro\/wp-json\/wp\/v2\/product\/49669","targetHints":{"allow":["GET"]}}],"collection":[{"href":"https:\/\/valvex.com\/ro\/wp-json\/wp\/v2\/product"}],"about":[{"href":"https:\/\/valvex.com\/ro\/wp-json\/wp\/v2\/types\/product"}],"wp:featuredmedia":[{"embeddable":true,"href":"https:\/\/valvex.com\/ro\/wp-json\/wp\/v2\/media\/72797"}],"wp:attachment":[{"href":"https:\/\/valvex.com\/ro\/wp-json\/wp\/v2\/media?parent=49669"}],"wp:term":[{"taxonomy":"ikony_produktow","embeddable":true,"href":"https:\/\/valvex.com\/ro\/wp-json\/wp\/v2\/ikony_produktow?post=49669"},{"taxonomy":"product_category","embeddable":true,"href":"https:\/\/valvex.com\/ro\/wp-json\/wp\/v2\/product_category?post=49669"},{"taxonomy":"product_series","embeddable":true,"href":"https:\/\/valvex.com\/ro\/wp-json\/wp\/v2\/product_series?post=49669"},{"taxonomy":"color","embeddable":true,"href":"https:\/\/valvex.com\/ro\/wp-json\/wp\/v2\/color?post=49669"}],"curies":[{"name":"wp","href":"https:\/\/api.w.org\/{rel}","templated":true}]}}