{"id":49137,"date":"2021-06-08T11:00:06","date_gmt":"2021-06-08T09:00:06","guid":{"rendered":"http:\/\/valvex.com\/product\/medica-baterie-stativa-cu-teava-lunga-rotativa\/"},"modified":"2025-12-17T16:44:36","modified_gmt":"2025-12-17T15:44:36","slug":"medica-baterie-stativ%c4%83-cu-%c8%9beav%c4%83-lung%c4%83-rotativ%c4%83-49137","status":"publish","type":"product","link":"https:\/\/valvex.com\/ro\/produs\/medica-baterie-stativ%c4%83-cu-%c8%9beav%c4%83-lung%c4%83-rotativ%c4%83-49137\/","title":{"rendered":"Baterie stativ\u0103 cu \u021beav\u0103 lung\u0103 rotativ\u0103"},"content":{"rendered":"<h3>De neinlocuit oriunde mentinerea maximului de igiena este prioritatea nr. 1<\/h3>\n<p style=\"text-align: justify;\">Bateria este echipata cu un suport profesional care permite inchiderea, deschiderea si reglarea apei cu ajutorul cotului. Solutia perfecta pentru toate baile in care mentinerea maxima a igienii mainilor este importanta. Bateria detine Aprobarea Institutului National de Igiena (NH) permitand utilizarea sa in unitati publice, scoli, policlinici, incluzand si sali de operatie, precum si institutii de servicii si institutii industriale, incluzand industria pentru alimentatie.<\/p>\n","protected":false},"featured_media":75752,"template":"","ikony_produktow":[2141,2143,2164,2142,2144],"product_category":[2352,2299,1814,1924,1884],"product_series":[574],"color":[1760],"class_list":["post-49137","product","type-product","status-publish","has-post-thumbnail","hentry","ikony_produktow-25anigarantie","ikony_produktow-cartusceramicro","ikony_produktow-obrot-ro","ikony_produktow-serviciude-48deoreinpolonia","ikony_produktow-o2-ro","product_category-baterie-stojace-ro","product_category-baterie-pentru-chiuveta","product_category-baie","product_category-lavoar","product_category-baterii-speciale-ro","product_series-medica-ro","color-chrome"],"acf":[],"yoast_head":"<!-- This site is optimized with the Yoast SEO plugin v27.3 - https:\/\/yoast.com\/product\/yoast-seo-wordpress\/ -->\n<title>Baterie stativ\u0103 cu \u021beav\u0103 lung\u0103 rotativ\u0103 - Valvex<\/title>\n<meta name=\"robots\" content=\"index, follow, max-snippet:-1, max-image-preview:large, max-video-preview:-1\" \/>\n<link rel=\"canonical\" href=\"https:\/\/valvex.com\/ro\/produs\/medica-baterie-stativ%c4%83-cu-%c8%9beav%c4%83-lung%c4%83-rotativ%c4%83-49137\/\" \/>\n<meta property=\"og:locale\" content=\"ro_RO\" \/>\n<meta property=\"og:type\" content=\"article\" \/>\n<meta property=\"og:title\" content=\"Baterie stativ\u0103 cu \u021beav\u0103 lung\u0103 rotativ\u0103 - Valvex\" \/>\n<meta property=\"og:description\" content=\"De neinlocuit oriunde mentinerea maximului de igiena este prioritatea nr. 1 Bateria este echipata cu un suport profesional care permite inchiderea, deschiderea si reglarea apei cu ajutorul cotului. Solutia perfecta pentru toate baile in care mentinerea maxima a igienii mainilor este importanta. Bateria detine Aprobarea Institutului National de Igiena (NH) permitand utilizarea sa in unitati [&hellip;]\" \/>\n<meta property=\"og:url\" content=\"https:\/\/valvex.com\/ro\/produs\/medica-baterie-stativ%c4%83-cu-%c8%9beav%c4%83-lung%c4%83-rotativ%c4%83-49137\/\" \/>\n<meta property=\"og:site_name\" content=\"Valvex\" \/>\n<meta property=\"article:modified_time\" content=\"2025-12-17T15:44:36+00:00\" \/>\n<meta property=\"og:image\" content=\"https:\/\/valvex.com\/wp-content\/uploads\/2021\/06\/VALVEX_2401770_MEDICA-1.png\" \/>\n\t<meta property=\"og:image:width\" content=\"800\" \/>\n\t<meta property=\"og:image:height\" content=\"800\" \/>\n\t<meta property=\"og:image:type\" content=\"image\/png\" \/>\n<meta name=\"twitter:card\" content=\"summary_large_image\" \/>\n<meta name=\"twitter:label1\" content=\"Timp estimat pentru citire\" \/>\n\t<meta name=\"twitter:data1\" content=\"1 minut\" \/>\n<script type=\"application\/ld+json\" class=\"yoast-schema-graph\">{\"@context\":\"https:\\\/\\\/schema.org\",\"@graph\":[{\"@type\":\"WebPage\",\"@id\":\"https:\\\/\\\/valvex.com\\\/ro\\\/produs\\\/medica-baterie-stativ%c4%83-cu-%c8%9beav%c4%83-lung%c4%83-rotativ%c4%83-49137\\\/\",\"url\":\"https:\\\/\\\/valvex.com\\\/ro\\\/produs\\\/medica-baterie-stativ%c4%83-cu-%c8%9beav%c4%83-lung%c4%83-rotativ%c4%83-49137\\\/\",\"name\":\"Baterie stativ\u0103 cu \u021beav\u0103 lung\u0103 rotativ\u0103 - Valvex\",\"isPartOf\":{\"@id\":\"https:\\\/\\\/valvex.com\\\/ro\\\/#website\"},\"primaryImageOfPage\":{\"@id\":\"https:\\\/\\\/valvex.com\\\/ro\\\/produs\\\/medica-baterie-stativ%c4%83-cu-%c8%9beav%c4%83-lung%c4%83-rotativ%c4%83-49137\\\/#primaryimage\"},\"image\":{\"@id\":\"https:\\\/\\\/valvex.com\\\/ro\\\/produs\\\/medica-baterie-stativ%c4%83-cu-%c8%9beav%c4%83-lung%c4%83-rotativ%c4%83-49137\\\/#primaryimage\"},\"thumbnailUrl\":\"https:\\\/\\\/valvex.com\\\/wp-content\\\/uploads\\\/2021\\\/06\\\/VALVEX_2401770_MEDICA-1.png\",\"datePublished\":\"2021-06-08T09:00:06+00:00\",\"dateModified\":\"2025-12-17T15:44:36+00:00\",\"breadcrumb\":{\"@id\":\"https:\\\/\\\/valvex.com\\\/ro\\\/produs\\\/medica-baterie-stativ%c4%83-cu-%c8%9beav%c4%83-lung%c4%83-rotativ%c4%83-49137\\\/#breadcrumb\"},\"inLanguage\":\"ro-RO\",\"potentialAction\":[{\"@type\":\"ReadAction\",\"target\":[\"https:\\\/\\\/valvex.com\\\/ro\\\/produs\\\/medica-baterie-stativ%c4%83-cu-%c8%9beav%c4%83-lung%c4%83-rotativ%c4%83-49137\\\/\"]}]},{\"@type\":\"ImageObject\",\"inLanguage\":\"ro-RO\",\"@id\":\"https:\\\/\\\/valvex.com\\\/ro\\\/produs\\\/medica-baterie-stativ%c4%83-cu-%c8%9beav%c4%83-lung%c4%83-rotativ%c4%83-49137\\\/#primaryimage\",\"url\":\"https:\\\/\\\/valvex.com\\\/wp-content\\\/uploads\\\/2021\\\/06\\\/VALVEX_2401770_MEDICA-1.png\",\"contentUrl\":\"https:\\\/\\\/valvex.com\\\/wp-content\\\/uploads\\\/2021\\\/06\\\/VALVEX_2401770_MEDICA-1.png\",\"width\":800,\"height\":800},{\"@type\":\"BreadcrumbList\",\"@id\":\"https:\\\/\\\/valvex.com\\\/ro\\\/produs\\\/medica-baterie-stativ%c4%83-cu-%c8%9beav%c4%83-lung%c4%83-rotativ%c4%83-49137\\\/#breadcrumb\",\"itemListElement\":[{\"@type\":\"ListItem\",\"position\":1,\"name\":\"Strona g\u0142\u00f3wna\",\"item\":\"https:\\\/\\\/valvex.com\\\/ro\\\/\"},{\"@type\":\"ListItem\",\"position\":2,\"name\":\"Baie\",\"item\":\"https:\\\/\\\/valvex.com\\\/ro\\\/oferta\\\/baie\\\/\"},{\"@type\":\"ListItem\",\"position\":3,\"name\":\"Baterie stativ\u0103 cu \u021beav\u0103 lung\u0103 rotativ\u0103\"}]},{\"@type\":\"WebSite\",\"@id\":\"https:\\\/\\\/valvex.com\\\/ro\\\/#website\",\"url\":\"https:\\\/\\\/valvex.com\\\/ro\\\/\",\"name\":\"Valvex\",\"description\":\"Produc\u0103tor de instala\u021bii sanitare \u0219i sanitare\",\"potentialAction\":[{\"@type\":\"SearchAction\",\"target\":{\"@type\":\"EntryPoint\",\"urlTemplate\":\"https:\\\/\\\/valvex.com\\\/ro\\\/?s={search_term_string}\"},\"query-input\":{\"@type\":\"PropertyValueSpecification\",\"valueRequired\":true,\"valueName\":\"search_term_string\"}}],\"inLanguage\":\"ro-RO\"}]}<\/script>\n<!-- \/ Yoast SEO plugin. -->","yoast_head_json":{"title":"Baterie stativ\u0103 cu \u021beav\u0103 lung\u0103 rotativ\u0103 - Valvex","robots":{"index":"index","follow":"follow","max-snippet":"max-snippet:-1","max-image-preview":"max-image-preview:large","max-video-preview":"max-video-preview:-1"},"canonical":"https:\/\/valvex.com\/ro\/produs\/medica-baterie-stativ%c4%83-cu-%c8%9beav%c4%83-lung%c4%83-rotativ%c4%83-49137\/","og_locale":"ro_RO","og_type":"article","og_title":"Baterie stativ\u0103 cu \u021beav\u0103 lung\u0103 rotativ\u0103 - Valvex","og_description":"De neinlocuit oriunde mentinerea maximului de igiena este prioritatea nr. 1 Bateria este echipata cu un suport profesional care permite inchiderea, deschiderea si reglarea apei cu ajutorul cotului. Solutia perfecta pentru toate baile in care mentinerea maxima a igienii mainilor este importanta. Bateria detine Aprobarea Institutului National de Igiena (NH) permitand utilizarea sa in unitati [&hellip;]","og_url":"https:\/\/valvex.com\/ro\/produs\/medica-baterie-stativ%c4%83-cu-%c8%9beav%c4%83-lung%c4%83-rotativ%c4%83-49137\/","og_site_name":"Valvex","article_modified_time":"2025-12-17T15:44:36+00:00","og_image":[{"width":800,"height":800,"url":"https:\/\/valvex.com\/wp-content\/uploads\/2021\/06\/VALVEX_2401770_MEDICA-1.png","type":"image\/png"}],"twitter_card":"summary_large_image","twitter_misc":{"Timp estimat pentru citire":"1 minut"},"schema":{"@context":"https:\/\/schema.org","@graph":[{"@type":"WebPage","@id":"https:\/\/valvex.com\/ro\/produs\/medica-baterie-stativ%c4%83-cu-%c8%9beav%c4%83-lung%c4%83-rotativ%c4%83-49137\/","url":"https:\/\/valvex.com\/ro\/produs\/medica-baterie-stativ%c4%83-cu-%c8%9beav%c4%83-lung%c4%83-rotativ%c4%83-49137\/","name":"Baterie stativ\u0103 cu \u021beav\u0103 lung\u0103 rotativ\u0103 - Valvex","isPartOf":{"@id":"https:\/\/valvex.com\/ro\/#website"},"primaryImageOfPage":{"@id":"https:\/\/valvex.com\/ro\/produs\/medica-baterie-stativ%c4%83-cu-%c8%9beav%c4%83-lung%c4%83-rotativ%c4%83-49137\/#primaryimage"},"image":{"@id":"https:\/\/valvex.com\/ro\/produs\/medica-baterie-stativ%c4%83-cu-%c8%9beav%c4%83-lung%c4%83-rotativ%c4%83-49137\/#primaryimage"},"thumbnailUrl":"https:\/\/valvex.com\/wp-content\/uploads\/2021\/06\/VALVEX_2401770_MEDICA-1.png","datePublished":"2021-06-08T09:00:06+00:00","dateModified":"2025-12-17T15:44:36+00:00","breadcrumb":{"@id":"https:\/\/valvex.com\/ro\/produs\/medica-baterie-stativ%c4%83-cu-%c8%9beav%c4%83-lung%c4%83-rotativ%c4%83-49137\/#breadcrumb"},"inLanguage":"ro-RO","potentialAction":[{"@type":"ReadAction","target":["https:\/\/valvex.com\/ro\/produs\/medica-baterie-stativ%c4%83-cu-%c8%9beav%c4%83-lung%c4%83-rotativ%c4%83-49137\/"]}]},{"@type":"ImageObject","inLanguage":"ro-RO","@id":"https:\/\/valvex.com\/ro\/produs\/medica-baterie-stativ%c4%83-cu-%c8%9beav%c4%83-lung%c4%83-rotativ%c4%83-49137\/#primaryimage","url":"https:\/\/valvex.com\/wp-content\/uploads\/2021\/06\/VALVEX_2401770_MEDICA-1.png","contentUrl":"https:\/\/valvex.com\/wp-content\/uploads\/2021\/06\/VALVEX_2401770_MEDICA-1.png","width":800,"height":800},{"@type":"BreadcrumbList","@id":"https:\/\/valvex.com\/ro\/produs\/medica-baterie-stativ%c4%83-cu-%c8%9beav%c4%83-lung%c4%83-rotativ%c4%83-49137\/#breadcrumb","itemListElement":[{"@type":"ListItem","position":1,"name":"Strona g\u0142\u00f3wna","item":"https:\/\/valvex.com\/ro\/"},{"@type":"ListItem","position":2,"name":"Baie","item":"https:\/\/valvex.com\/ro\/oferta\/baie\/"},{"@type":"ListItem","position":3,"name":"Baterie stativ\u0103 cu \u021beav\u0103 lung\u0103 rotativ\u0103"}]},{"@type":"WebSite","@id":"https:\/\/valvex.com\/ro\/#website","url":"https:\/\/valvex.com\/ro\/","name":"Valvex","description":"Produc\u0103tor de instala\u021bii sanitare \u0219i sanitare","potentialAction":[{"@type":"SearchAction","target":{"@type":"EntryPoint","urlTemplate":"https:\/\/valvex.com\/ro\/?s={search_term_string}"},"query-input":{"@type":"PropertyValueSpecification","valueRequired":true,"valueName":"search_term_string"}}],"inLanguage":"ro-RO"}]}},"_links":{"self":[{"href":"https:\/\/valvex.com\/ro\/wp-json\/wp\/v2\/product\/49137","targetHints":{"allow":["GET"]}}],"collection":[{"href":"https:\/\/valvex.com\/ro\/wp-json\/wp\/v2\/product"}],"about":[{"href":"https:\/\/valvex.com\/ro\/wp-json\/wp\/v2\/types\/product"}],"wp:featuredmedia":[{"embeddable":true,"href":"https:\/\/valvex.com\/ro\/wp-json\/wp\/v2\/media\/75752"}],"wp:attachment":[{"href":"https:\/\/valvex.com\/ro\/wp-json\/wp\/v2\/media?parent=49137"}],"wp:term":[{"taxonomy":"ikony_produktow","embeddable":true,"href":"https:\/\/valvex.com\/ro\/wp-json\/wp\/v2\/ikony_produktow?post=49137"},{"taxonomy":"product_category","embeddable":true,"href":"https:\/\/valvex.com\/ro\/wp-json\/wp\/v2\/product_category?post=49137"},{"taxonomy":"product_series","embeddable":true,"href":"https:\/\/valvex.com\/ro\/wp-json\/wp\/v2\/product_series?post=49137"},{"taxonomy":"color","embeddable":true,"href":"https:\/\/valvex.com\/ro\/wp-json\/wp\/v2\/color?post=49137"}],"curies":[{"name":"wp","href":"https:\/\/api.w.org\/{rel}","templated":true}]}}