{"id":48795,"date":"2021-09-24T15:47:47","date_gmt":"2021-09-24T13:47:47","guid":{"rendered":"http:\/\/valvex.com\/product\/loft-baterie-de-bucatarie-cu-teava-curbata-si-maner-lateral\/"},"modified":"2024-05-16T15:09:20","modified_gmt":"2024-05-16T13:09:20","slug":"loft-baterie-de-buc%c4%83t%c4%83rie-cu-%c5%a3eav%c4%83-curbat%c4%83-%c8%99i-m%c3%a2ner-lateral-48795","status":"publish","type":"product","link":"https:\/\/valvex.com\/ro\/produs\/loft-baterie-de-buc%c4%83t%c4%83rie-cu-%c5%a3eav%c4%83-curbat%c4%83-%c8%99i-m%c3%a2ner-lateral-48795\/","title":{"rendered":"Baterie de buc\u0103t\u0103rie cu \u0163eav\u0103 curbat\u0103 \u0219i m\u00e2ner lateral"},"content":{"rendered":"<h3>Distinsa si rece, bateria evidentiaza cu maretie interiorul baii tale de vis.<\/h3>\n<p style=\"text-align: justify;\">Forma cubica a pipei, arcuita subtil, adauga luminozitate acestei baterii. Ii da fiecarei bucatarii contemporane un pic de atmosfera industriala. Bateria LOFT combina modernismul si functionalitatea &#8211; zona de comfort, realizata de pipa inalta, rotativa asigura miscarea nerestrictionata si faciliteaza munca de zi cu zi in bucatarie.<\/p>\n<table style=\"border-color: #ffffff; background-color: #ffffff;\">\n<tbody>\n<tr style=\"width: 70px;\">\n<td style=\"border-color: #ffffff;\"><img decoding=\"async\" class=\" aligncenter\" src=\"http:\/\/valvex.com\/content\/themes\/valvex\/assets\/img\/product-icons\/o2.png\" \/><\/td>\n<td style=\"border-color: #ffffff;\"><strong>Aerating stream regulator<\/strong><\/td>\n<\/tr>\n<tr>\n<td style=\"width: 70px; border-color: #ffffff;\"><img decoding=\"async\" class=\" aligncenter\" src=\"http:\/\/valvex.com\/content\/themes\/valvex\/assets\/img\/product-icons\/hcceramic.png\" \/><\/td>\n<td style=\"border-color: #ffffff;\"><strong>Mixer \/ ceramic head<\/strong><\/td>\n<\/tr>\n<tr style=\"width: 70px;\">\n<td style=\"border-color: #ffffff;\"><img decoding=\"async\" class=\" aligncenter\" src=\"http:\/\/valvex.com\/content\/themes\/valvex\/assets\/img\/product-icons\/obrot.png\" \/><\/td>\n<td style=\"border-color: #ffffff;\"><strong>Rotational spout<\/strong><\/td>\n<\/tr>\n<\/tbody>\n<\/table>\n","protected":false},"featured_media":67785,"template":"","ikony_produktow":[2141,1649,1658,2143,1675,2164,1691,2142,2144,2150,1690],"product_category":[1957,1774,1809,2020,472],"product_series":[514],"color":[1760],"class_list":["post-48795","product","type-product","status-publish","has-post-thumbnail","hentry","ikony_produktow-25anigarantie","ikony_produktow-25latgwarancji","ikony_produktow-48hserwiswpolsce","ikony_produktow-cartusceramicro","ikony_produktow-ceramic_head","ikony_produktow-obrot-ro","ikony_produktow-obrot","ikony_produktow-serviciude-48deoreinpolonia","ikony_produktow-o2-ro","ikony_produktow-comfortzone-ro","ikony_produktow-o2","product_category-baterie-kuchenne-3","product_category-bucatarie","product_category-baterii-de-bucatarie","product_category-mixere-de-bucatarie","product_category-baterii-pentru-bucatarie-bathroom-and-kitchen-area-strefa-lazienki-i-kuchni","product_series-loft-ro","color-chrome"],"acf":[],"yoast_head":"<!-- This site is optimized with the Yoast SEO plugin v27.3 - https:\/\/yoast.com\/product\/yoast-seo-wordpress\/ -->\n<title>Baterie de buc\u0103t\u0103rie cu \u0163eav\u0103 curbat\u0103 \u0219i m\u00e2ner lateral - Valvex<\/title>\n<meta name=\"robots\" content=\"index, follow, max-snippet:-1, max-image-preview:large, max-video-preview:-1\" \/>\n<link rel=\"canonical\" href=\"https:\/\/valvex.com\/ro\/produs\/loft-baterie-de-buc%c4%83t%c4%83rie-cu-%c5%a3eav%c4%83-curbat%c4%83-%c8%99i-m%c3%a2ner-lateral-48795\/\" \/>\n<meta property=\"og:locale\" content=\"ro_RO\" \/>\n<meta property=\"og:type\" content=\"article\" \/>\n<meta property=\"og:title\" content=\"Baterie de buc\u0103t\u0103rie cu \u0163eav\u0103 curbat\u0103 \u0219i m\u00e2ner lateral - Valvex\" \/>\n<meta property=\"og:description\" content=\"Distinsa si rece, bateria evidentiaza cu maretie interiorul baii tale de vis. Forma cubica a pipei, arcuita subtil, adauga luminozitate acestei baterii. Ii da fiecarei bucatarii contemporane un pic de atmosfera industriala. Bateria LOFT combina modernismul si functionalitatea &#8211; zona de comfort, realizata de pipa inalta, rotativa asigura miscarea nerestrictionata si faciliteaza munca de zi [&hellip;]\" \/>\n<meta property=\"og:url\" content=\"https:\/\/valvex.com\/ro\/produs\/loft-baterie-de-buc%c4%83t%c4%83rie-cu-%c5%a3eav%c4%83-curbat%c4%83-%c8%99i-m%c3%a2ner-lateral-48795\/\" \/>\n<meta property=\"og:site_name\" content=\"Valvex\" \/>\n<meta property=\"article:modified_time\" content=\"2024-05-16T13:09:20+00:00\" \/>\n<meta property=\"og:image\" content=\"https:\/\/valvex.com\/wp-content\/uploads\/2022\/05\/VALVEX_2454960_LOFT_kuchnia.png\" \/>\n\t<meta property=\"og:image:width\" content=\"800\" \/>\n\t<meta property=\"og:image:height\" content=\"800\" \/>\n\t<meta property=\"og:image:type\" content=\"image\/png\" \/>\n<meta name=\"twitter:card\" content=\"summary_large_image\" \/>\n<meta name=\"twitter:label1\" content=\"Timp estimat pentru citire\" \/>\n\t<meta name=\"twitter:data1\" content=\"2 minute\" \/>\n<script type=\"application\/ld+json\" class=\"yoast-schema-graph\">{\"@context\":\"https:\\\/\\\/schema.org\",\"@graph\":[{\"@type\":\"WebPage\",\"@id\":\"https:\\\/\\\/valvex.com\\\/ro\\\/produs\\\/loft-baterie-de-buc%c4%83t%c4%83rie-cu-%c5%a3eav%c4%83-curbat%c4%83-%c8%99i-m%c3%a2ner-lateral-48795\\\/\",\"url\":\"https:\\\/\\\/valvex.com\\\/ro\\\/produs\\\/loft-baterie-de-buc%c4%83t%c4%83rie-cu-%c5%a3eav%c4%83-curbat%c4%83-%c8%99i-m%c3%a2ner-lateral-48795\\\/\",\"name\":\"Baterie de buc\u0103t\u0103rie cu \u0163eav\u0103 curbat\u0103 \u0219i m\u00e2ner lateral - Valvex\",\"isPartOf\":{\"@id\":\"https:\\\/\\\/valvex.com\\\/ro\\\/#website\"},\"primaryImageOfPage\":{\"@id\":\"https:\\\/\\\/valvex.com\\\/ro\\\/produs\\\/loft-baterie-de-buc%c4%83t%c4%83rie-cu-%c5%a3eav%c4%83-curbat%c4%83-%c8%99i-m%c3%a2ner-lateral-48795\\\/#primaryimage\"},\"image\":{\"@id\":\"https:\\\/\\\/valvex.com\\\/ro\\\/produs\\\/loft-baterie-de-buc%c4%83t%c4%83rie-cu-%c5%a3eav%c4%83-curbat%c4%83-%c8%99i-m%c3%a2ner-lateral-48795\\\/#primaryimage\"},\"thumbnailUrl\":\"https:\\\/\\\/valvex.com\\\/wp-content\\\/uploads\\\/2022\\\/05\\\/VALVEX_2454960_LOFT_kuchnia.png\",\"datePublished\":\"2021-09-24T13:47:47+00:00\",\"dateModified\":\"2024-05-16T13:09:20+00:00\",\"breadcrumb\":{\"@id\":\"https:\\\/\\\/valvex.com\\\/ro\\\/produs\\\/loft-baterie-de-buc%c4%83t%c4%83rie-cu-%c5%a3eav%c4%83-curbat%c4%83-%c8%99i-m%c3%a2ner-lateral-48795\\\/#breadcrumb\"},\"inLanguage\":\"ro-RO\",\"potentialAction\":[{\"@type\":\"ReadAction\",\"target\":[\"https:\\\/\\\/valvex.com\\\/ro\\\/produs\\\/loft-baterie-de-buc%c4%83t%c4%83rie-cu-%c5%a3eav%c4%83-curbat%c4%83-%c8%99i-m%c3%a2ner-lateral-48795\\\/\"]}]},{\"@type\":\"ImageObject\",\"inLanguage\":\"ro-RO\",\"@id\":\"https:\\\/\\\/valvex.com\\\/ro\\\/produs\\\/loft-baterie-de-buc%c4%83t%c4%83rie-cu-%c5%a3eav%c4%83-curbat%c4%83-%c8%99i-m%c3%a2ner-lateral-48795\\\/#primaryimage\",\"url\":\"https:\\\/\\\/valvex.com\\\/wp-content\\\/uploads\\\/2022\\\/05\\\/VALVEX_2454960_LOFT_kuchnia.png\",\"contentUrl\":\"https:\\\/\\\/valvex.com\\\/wp-content\\\/uploads\\\/2022\\\/05\\\/VALVEX_2454960_LOFT_kuchnia.png\",\"width\":800,\"height\":800},{\"@type\":\"BreadcrumbList\",\"@id\":\"https:\\\/\\\/valvex.com\\\/ro\\\/produs\\\/loft-baterie-de-buc%c4%83t%c4%83rie-cu-%c5%a3eav%c4%83-curbat%c4%83-%c8%99i-m%c3%a2ner-lateral-48795\\\/#breadcrumb\",\"itemListElement\":[{\"@type\":\"ListItem\",\"position\":1,\"name\":\"Strona g\u0142\u00f3wna\",\"item\":\"https:\\\/\\\/valvex.com\\\/ro\\\/\"},{\"@type\":\"ListItem\",\"position\":2,\"name\":\"Buc\u0103t\u0103rie\",\"item\":\"https:\\\/\\\/valvex.com\\\/ro\\\/oferta\\\/bucatarie\\\/\"},{\"@type\":\"ListItem\",\"position\":3,\"name\":\"Baterii de bucatarie\",\"item\":\"https:\\\/\\\/valvex.com\\\/ro\\\/oferta\\\/bucatarie\\\/baterii-de-bucatarie\\\/\"},{\"@type\":\"ListItem\",\"position\":4,\"name\":\"Baterie de buc\u0103t\u0103rie cu \u0163eav\u0103 curbat\u0103 \u0219i m\u00e2ner lateral\"}]},{\"@type\":\"WebSite\",\"@id\":\"https:\\\/\\\/valvex.com\\\/ro\\\/#website\",\"url\":\"https:\\\/\\\/valvex.com\\\/ro\\\/\",\"name\":\"Valvex\",\"description\":\"Produc\u0103tor de instala\u021bii sanitare \u0219i sanitare\",\"potentialAction\":[{\"@type\":\"SearchAction\",\"target\":{\"@type\":\"EntryPoint\",\"urlTemplate\":\"https:\\\/\\\/valvex.com\\\/ro\\\/?s={search_term_string}\"},\"query-input\":{\"@type\":\"PropertyValueSpecification\",\"valueRequired\":true,\"valueName\":\"search_term_string\"}}],\"inLanguage\":\"ro-RO\"}]}<\/script>\n<!-- \/ Yoast SEO plugin. -->","yoast_head_json":{"title":"Baterie de buc\u0103t\u0103rie cu \u0163eav\u0103 curbat\u0103 \u0219i m\u00e2ner lateral - Valvex","robots":{"index":"index","follow":"follow","max-snippet":"max-snippet:-1","max-image-preview":"max-image-preview:large","max-video-preview":"max-video-preview:-1"},"canonical":"https:\/\/valvex.com\/ro\/produs\/loft-baterie-de-buc%c4%83t%c4%83rie-cu-%c5%a3eav%c4%83-curbat%c4%83-%c8%99i-m%c3%a2ner-lateral-48795\/","og_locale":"ro_RO","og_type":"article","og_title":"Baterie de buc\u0103t\u0103rie cu \u0163eav\u0103 curbat\u0103 \u0219i m\u00e2ner lateral - Valvex","og_description":"Distinsa si rece, bateria evidentiaza cu maretie interiorul baii tale de vis. Forma cubica a pipei, arcuita subtil, adauga luminozitate acestei baterii. Ii da fiecarei bucatarii contemporane un pic de atmosfera industriala. Bateria LOFT combina modernismul si functionalitatea &#8211; zona de comfort, realizata de pipa inalta, rotativa asigura miscarea nerestrictionata si faciliteaza munca de zi [&hellip;]","og_url":"https:\/\/valvex.com\/ro\/produs\/loft-baterie-de-buc%c4%83t%c4%83rie-cu-%c5%a3eav%c4%83-curbat%c4%83-%c8%99i-m%c3%a2ner-lateral-48795\/","og_site_name":"Valvex","article_modified_time":"2024-05-16T13:09:20+00:00","og_image":[{"width":800,"height":800,"url":"https:\/\/valvex.com\/wp-content\/uploads\/2022\/05\/VALVEX_2454960_LOFT_kuchnia.png","type":"image\/png"}],"twitter_card":"summary_large_image","twitter_misc":{"Timp estimat pentru citire":"2 minute"},"schema":{"@context":"https:\/\/schema.org","@graph":[{"@type":"WebPage","@id":"https:\/\/valvex.com\/ro\/produs\/loft-baterie-de-buc%c4%83t%c4%83rie-cu-%c5%a3eav%c4%83-curbat%c4%83-%c8%99i-m%c3%a2ner-lateral-48795\/","url":"https:\/\/valvex.com\/ro\/produs\/loft-baterie-de-buc%c4%83t%c4%83rie-cu-%c5%a3eav%c4%83-curbat%c4%83-%c8%99i-m%c3%a2ner-lateral-48795\/","name":"Baterie de buc\u0103t\u0103rie cu \u0163eav\u0103 curbat\u0103 \u0219i m\u00e2ner lateral - Valvex","isPartOf":{"@id":"https:\/\/valvex.com\/ro\/#website"},"primaryImageOfPage":{"@id":"https:\/\/valvex.com\/ro\/produs\/loft-baterie-de-buc%c4%83t%c4%83rie-cu-%c5%a3eav%c4%83-curbat%c4%83-%c8%99i-m%c3%a2ner-lateral-48795\/#primaryimage"},"image":{"@id":"https:\/\/valvex.com\/ro\/produs\/loft-baterie-de-buc%c4%83t%c4%83rie-cu-%c5%a3eav%c4%83-curbat%c4%83-%c8%99i-m%c3%a2ner-lateral-48795\/#primaryimage"},"thumbnailUrl":"https:\/\/valvex.com\/wp-content\/uploads\/2022\/05\/VALVEX_2454960_LOFT_kuchnia.png","datePublished":"2021-09-24T13:47:47+00:00","dateModified":"2024-05-16T13:09:20+00:00","breadcrumb":{"@id":"https:\/\/valvex.com\/ro\/produs\/loft-baterie-de-buc%c4%83t%c4%83rie-cu-%c5%a3eav%c4%83-curbat%c4%83-%c8%99i-m%c3%a2ner-lateral-48795\/#breadcrumb"},"inLanguage":"ro-RO","potentialAction":[{"@type":"ReadAction","target":["https:\/\/valvex.com\/ro\/produs\/loft-baterie-de-buc%c4%83t%c4%83rie-cu-%c5%a3eav%c4%83-curbat%c4%83-%c8%99i-m%c3%a2ner-lateral-48795\/"]}]},{"@type":"ImageObject","inLanguage":"ro-RO","@id":"https:\/\/valvex.com\/ro\/produs\/loft-baterie-de-buc%c4%83t%c4%83rie-cu-%c5%a3eav%c4%83-curbat%c4%83-%c8%99i-m%c3%a2ner-lateral-48795\/#primaryimage","url":"https:\/\/valvex.com\/wp-content\/uploads\/2022\/05\/VALVEX_2454960_LOFT_kuchnia.png","contentUrl":"https:\/\/valvex.com\/wp-content\/uploads\/2022\/05\/VALVEX_2454960_LOFT_kuchnia.png","width":800,"height":800},{"@type":"BreadcrumbList","@id":"https:\/\/valvex.com\/ro\/produs\/loft-baterie-de-buc%c4%83t%c4%83rie-cu-%c5%a3eav%c4%83-curbat%c4%83-%c8%99i-m%c3%a2ner-lateral-48795\/#breadcrumb","itemListElement":[{"@type":"ListItem","position":1,"name":"Strona g\u0142\u00f3wna","item":"https:\/\/valvex.com\/ro\/"},{"@type":"ListItem","position":2,"name":"Buc\u0103t\u0103rie","item":"https:\/\/valvex.com\/ro\/oferta\/bucatarie\/"},{"@type":"ListItem","position":3,"name":"Baterii de bucatarie","item":"https:\/\/valvex.com\/ro\/oferta\/bucatarie\/baterii-de-bucatarie\/"},{"@type":"ListItem","position":4,"name":"Baterie de buc\u0103t\u0103rie cu \u0163eav\u0103 curbat\u0103 \u0219i m\u00e2ner lateral"}]},{"@type":"WebSite","@id":"https:\/\/valvex.com\/ro\/#website","url":"https:\/\/valvex.com\/ro\/","name":"Valvex","description":"Produc\u0103tor de instala\u021bii sanitare \u0219i sanitare","potentialAction":[{"@type":"SearchAction","target":{"@type":"EntryPoint","urlTemplate":"https:\/\/valvex.com\/ro\/?s={search_term_string}"},"query-input":{"@type":"PropertyValueSpecification","valueRequired":true,"valueName":"search_term_string"}}],"inLanguage":"ro-RO"}]}},"_links":{"self":[{"href":"https:\/\/valvex.com\/ro\/wp-json\/wp\/v2\/product\/48795","targetHints":{"allow":["GET"]}}],"collection":[{"href":"https:\/\/valvex.com\/ro\/wp-json\/wp\/v2\/product"}],"about":[{"href":"https:\/\/valvex.com\/ro\/wp-json\/wp\/v2\/types\/product"}],"wp:featuredmedia":[{"embeddable":true,"href":"https:\/\/valvex.com\/ro\/wp-json\/wp\/v2\/media\/67785"}],"wp:attachment":[{"href":"https:\/\/valvex.com\/ro\/wp-json\/wp\/v2\/media?parent=48795"}],"wp:term":[{"taxonomy":"ikony_produktow","embeddable":true,"href":"https:\/\/valvex.com\/ro\/wp-json\/wp\/v2\/ikony_produktow?post=48795"},{"taxonomy":"product_category","embeddable":true,"href":"https:\/\/valvex.com\/ro\/wp-json\/wp\/v2\/product_category?post=48795"},{"taxonomy":"product_series","embeddable":true,"href":"https:\/\/valvex.com\/ro\/wp-json\/wp\/v2\/product_series?post=48795"},{"taxonomy":"color","embeddable":true,"href":"https:\/\/valvex.com\/ro\/wp-json\/wp\/v2\/color?post=48795"}],"curies":[{"name":"wp","href":"https:\/\/api.w.org\/{rel}","templated":true}]}}