{"id":48746,"date":"2021-02-17T16:39:04","date_gmt":"2021-02-17T15:39:04","guid":{"rendered":"http:\/\/valvex.com\/product\/loft-eco-baterie-stativa-inalta-pentru-lavoar\/"},"modified":"2024-10-31T11:19:06","modified_gmt":"2024-10-31T10:19:06","slug":"loft-baterie-stativ%c4%83-%c3%aenalt%c4%83-pentru-lavoar-48746","status":"publish","type":"product","link":"https:\/\/valvex.com\/ro\/produs\/loft-baterie-stativ%c4%83-%c3%aenalt%c4%83-pentru-lavoar-48746\/","title":{"rendered":"Baterie stativ\u0103 \u00eenalt\u0103 pentru lavoar"},"content":{"rendered":"<h3>Distinsa si rece, bateria evidentiaza cu maretie interiorul baii tale de vis.<\/h3>\n<p style=\"text-align: justify;\">Distinsa si rece, bateria evidentiaza cu maretie interiorul baii tale de vis. Forma minimalista innobileaza arhitectura cladirilor fabricilor si in combinatie cu suprafata neteda ideala si cromata creaza o atmosfera unica. Te ajuta de asemenea sa salvezi fiecare picatura&#8230; Aeratorul aplicat bateriei pentru lavoar echipat cu sistemul EASY-CLEAN reduce debitul apei cu pana la 4.5l\/min, micsorandu-ti facturile, dar nu si comfortul utilizarii . Unghiul regulat al fluxului de apa care curge din duza, te asigura ca poti potrivi fluxul intr-un mod foarte precis in functie de nevoile tale, ceea ce este foarte important in cazul unor lavoare de mari dimensiuni.<\/p>\n<table style=\"border-color: #ffffff; background-color: #ffffff; width: 23.7433%;\">\n<tbody>\n<tr style=\"width: 70px;\">\n<td style=\"border-color: #ffffff; width: 3.02115%;\"><\/td>\n<td style=\"border-color: #ffffff; width: 94.5619%;\"><strong>Aerating stream regulator<\/strong><\/td>\n<\/tr>\n<tr>\n<td style=\"width: 3.02115%; border-color: #ffffff;\"><\/td>\n<td style=\"border-color: #ffffff; width: 94.5619%;\"><strong>Mixer \/ ceramic head<\/strong><\/td>\n<\/tr>\n<tr style=\"width: 70px;\">\n<td style=\"border-color: #ffffff; width: 3.02115%;\"><\/td>\n<td style=\"border-color: #ffffff; width: 94.5619%;\"><strong>Comfortable use<\/strong><\/td>\n<\/tr>\n<tr style=\"width: 70px;\">\n<td style=\"border-color: #ffffff; width: 3.02115%;\"><\/td>\n<td style=\"border-color: #ffffff; width: 94.5619%;\"><strong>Flow<\/strong><\/td>\n<\/tr>\n<tr style=\"width: 70px;\">\n<td style=\"border-color: #ffffff; width: 3.02115%;\"><\/td>\n<td style=\"border-color: #ffffff; width: 94.5619%;\"><strong>Stream regulator<\/strong><br \/>\n<strong>with the anti-limescale system<\/strong><\/td>\n<\/tr>\n<\/tbody>\n<\/table>\n","protected":false},"featured_media":76727,"template":"","ikony_produktow":[2141,2143,2417,2147,2142,2144,2146,2150,2153],"product_category":[2349,2300,1814,1924],"product_series":[514],"color":[1760],"class_list":["post-48746","product","type-product","status-publish","has-post-thumbnail","hentry","ikony_produktow-25anigarantie","ikony_produktow-cartusceramicro","ikony_produktow-low-flow-sistem","ikony_produktow-save-money-ro","ikony_produktow-serviciude-48deoreinpolonia","ikony_produktow-o2-ro","ikony_produktow-easyfix-ro","ikony_produktow-comfortzone-ro","ikony_produktow-easyclean-ro","product_category-baterie-stojace-wysokie-ro","product_category-baterie-pentru-chiuveta-inalt","product_category-baie","product_category-lavoar","product_series-loft-ro","color-chrome"],"acf":[],"yoast_head":"<!-- This site is optimized with the Yoast SEO plugin v27.3 - https:\/\/yoast.com\/product\/yoast-seo-wordpress\/ -->\n<title>Baterie stativ\u0103 \u00eenalt\u0103 pentru lavoar - Valvex<\/title>\n<meta name=\"robots\" content=\"index, follow, max-snippet:-1, max-image-preview:large, max-video-preview:-1\" \/>\n<link rel=\"canonical\" href=\"https:\/\/valvex.com\/ro\/produs\/loft-baterie-stativ%c4%83-%c3%aenalt%c4%83-pentru-lavoar-48746\/\" \/>\n<meta property=\"og:locale\" content=\"ro_RO\" \/>\n<meta property=\"og:type\" content=\"article\" \/>\n<meta property=\"og:title\" content=\"Baterie stativ\u0103 \u00eenalt\u0103 pentru lavoar - Valvex\" \/>\n<meta property=\"og:description\" content=\"Distinsa si rece, bateria evidentiaza cu maretie interiorul baii tale de vis. Distinsa si rece, bateria evidentiaza cu maretie interiorul baii tale de vis. Forma minimalista innobileaza arhitectura cladirilor fabricilor si in combinatie cu suprafata neteda ideala si cromata creaza o atmosfera unica. Te ajuta de asemenea sa salvezi fiecare picatura&#8230; Aeratorul aplicat bateriei pentru [&hellip;]\" \/>\n<meta property=\"og:url\" content=\"https:\/\/valvex.com\/ro\/produs\/loft-baterie-stativ%c4%83-%c3%aenalt%c4%83-pentru-lavoar-48746\/\" \/>\n<meta property=\"og:site_name\" content=\"Valvex\" \/>\n<meta property=\"article:modified_time\" content=\"2024-10-31T10:19:06+00:00\" \/>\n<meta property=\"og:image\" content=\"https:\/\/valvex.com\/wp-content\/uploads\/2021\/02\/VALVEX_2454920_LOFT-4.png\" \/>\n\t<meta property=\"og:image:width\" content=\"800\" \/>\n\t<meta property=\"og:image:height\" content=\"800\" \/>\n\t<meta property=\"og:image:type\" content=\"image\/png\" \/>\n<meta name=\"twitter:card\" content=\"summary_large_image\" \/>\n<meta name=\"twitter:label1\" content=\"Timp estimat pentru citire\" \/>\n\t<meta name=\"twitter:data1\" content=\"1 minut\" \/>\n<script type=\"application\/ld+json\" class=\"yoast-schema-graph\">{\"@context\":\"https:\\\/\\\/schema.org\",\"@graph\":[{\"@type\":\"WebPage\",\"@id\":\"https:\\\/\\\/valvex.com\\\/ro\\\/produs\\\/loft-baterie-stativ%c4%83-%c3%aenalt%c4%83-pentru-lavoar-48746\\\/\",\"url\":\"https:\\\/\\\/valvex.com\\\/ro\\\/produs\\\/loft-baterie-stativ%c4%83-%c3%aenalt%c4%83-pentru-lavoar-48746\\\/\",\"name\":\"Baterie stativ\u0103 \u00eenalt\u0103 pentru lavoar - Valvex\",\"isPartOf\":{\"@id\":\"https:\\\/\\\/valvex.com\\\/ro\\\/#website\"},\"primaryImageOfPage\":{\"@id\":\"https:\\\/\\\/valvex.com\\\/ro\\\/produs\\\/loft-baterie-stativ%c4%83-%c3%aenalt%c4%83-pentru-lavoar-48746\\\/#primaryimage\"},\"image\":{\"@id\":\"https:\\\/\\\/valvex.com\\\/ro\\\/produs\\\/loft-baterie-stativ%c4%83-%c3%aenalt%c4%83-pentru-lavoar-48746\\\/#primaryimage\"},\"thumbnailUrl\":\"https:\\\/\\\/valvex.com\\\/wp-content\\\/uploads\\\/2021\\\/02\\\/VALVEX_2454920_LOFT-4.png\",\"datePublished\":\"2021-02-17T15:39:04+00:00\",\"dateModified\":\"2024-10-31T10:19:06+00:00\",\"breadcrumb\":{\"@id\":\"https:\\\/\\\/valvex.com\\\/ro\\\/produs\\\/loft-baterie-stativ%c4%83-%c3%aenalt%c4%83-pentru-lavoar-48746\\\/#breadcrumb\"},\"inLanguage\":\"ro-RO\",\"potentialAction\":[{\"@type\":\"ReadAction\",\"target\":[\"https:\\\/\\\/valvex.com\\\/ro\\\/produs\\\/loft-baterie-stativ%c4%83-%c3%aenalt%c4%83-pentru-lavoar-48746\\\/\"]}]},{\"@type\":\"ImageObject\",\"inLanguage\":\"ro-RO\",\"@id\":\"https:\\\/\\\/valvex.com\\\/ro\\\/produs\\\/loft-baterie-stativ%c4%83-%c3%aenalt%c4%83-pentru-lavoar-48746\\\/#primaryimage\",\"url\":\"https:\\\/\\\/valvex.com\\\/wp-content\\\/uploads\\\/2021\\\/02\\\/VALVEX_2454920_LOFT-4.png\",\"contentUrl\":\"https:\\\/\\\/valvex.com\\\/wp-content\\\/uploads\\\/2021\\\/02\\\/VALVEX_2454920_LOFT-4.png\",\"width\":800,\"height\":800},{\"@type\":\"BreadcrumbList\",\"@id\":\"https:\\\/\\\/valvex.com\\\/ro\\\/produs\\\/loft-baterie-stativ%c4%83-%c3%aenalt%c4%83-pentru-lavoar-48746\\\/#breadcrumb\",\"itemListElement\":[{\"@type\":\"ListItem\",\"position\":1,\"name\":\"Strona g\u0142\u00f3wna\",\"item\":\"https:\\\/\\\/valvex.com\\\/ro\\\/\"},{\"@type\":\"ListItem\",\"position\":2,\"name\":\"Baie\",\"item\":\"https:\\\/\\\/valvex.com\\\/ro\\\/oferta\\\/baie\\\/\"},{\"@type\":\"ListItem\",\"position\":3,\"name\":\"Baterie stativ\u0103 \u00eenalt\u0103 pentru lavoar\"}]},{\"@type\":\"WebSite\",\"@id\":\"https:\\\/\\\/valvex.com\\\/ro\\\/#website\",\"url\":\"https:\\\/\\\/valvex.com\\\/ro\\\/\",\"name\":\"Valvex\",\"description\":\"Produc\u0103tor de instala\u021bii sanitare \u0219i sanitare\",\"potentialAction\":[{\"@type\":\"SearchAction\",\"target\":{\"@type\":\"EntryPoint\",\"urlTemplate\":\"https:\\\/\\\/valvex.com\\\/ro\\\/?s={search_term_string}\"},\"query-input\":{\"@type\":\"PropertyValueSpecification\",\"valueRequired\":true,\"valueName\":\"search_term_string\"}}],\"inLanguage\":\"ro-RO\"}]}<\/script>\n<!-- \/ Yoast SEO plugin. -->","yoast_head_json":{"title":"Baterie stativ\u0103 \u00eenalt\u0103 pentru lavoar - Valvex","robots":{"index":"index","follow":"follow","max-snippet":"max-snippet:-1","max-image-preview":"max-image-preview:large","max-video-preview":"max-video-preview:-1"},"canonical":"https:\/\/valvex.com\/ro\/produs\/loft-baterie-stativ%c4%83-%c3%aenalt%c4%83-pentru-lavoar-48746\/","og_locale":"ro_RO","og_type":"article","og_title":"Baterie stativ\u0103 \u00eenalt\u0103 pentru lavoar - Valvex","og_description":"Distinsa si rece, bateria evidentiaza cu maretie interiorul baii tale de vis. Distinsa si rece, bateria evidentiaza cu maretie interiorul baii tale de vis. Forma minimalista innobileaza arhitectura cladirilor fabricilor si in combinatie cu suprafata neteda ideala si cromata creaza o atmosfera unica. Te ajuta de asemenea sa salvezi fiecare picatura&#8230; Aeratorul aplicat bateriei pentru [&hellip;]","og_url":"https:\/\/valvex.com\/ro\/produs\/loft-baterie-stativ%c4%83-%c3%aenalt%c4%83-pentru-lavoar-48746\/","og_site_name":"Valvex","article_modified_time":"2024-10-31T10:19:06+00:00","og_image":[{"width":800,"height":800,"url":"https:\/\/valvex.com\/wp-content\/uploads\/2021\/02\/VALVEX_2454920_LOFT-4.png","type":"image\/png"}],"twitter_card":"summary_large_image","twitter_misc":{"Timp estimat pentru citire":"1 minut"},"schema":{"@context":"https:\/\/schema.org","@graph":[{"@type":"WebPage","@id":"https:\/\/valvex.com\/ro\/produs\/loft-baterie-stativ%c4%83-%c3%aenalt%c4%83-pentru-lavoar-48746\/","url":"https:\/\/valvex.com\/ro\/produs\/loft-baterie-stativ%c4%83-%c3%aenalt%c4%83-pentru-lavoar-48746\/","name":"Baterie stativ\u0103 \u00eenalt\u0103 pentru lavoar - Valvex","isPartOf":{"@id":"https:\/\/valvex.com\/ro\/#website"},"primaryImageOfPage":{"@id":"https:\/\/valvex.com\/ro\/produs\/loft-baterie-stativ%c4%83-%c3%aenalt%c4%83-pentru-lavoar-48746\/#primaryimage"},"image":{"@id":"https:\/\/valvex.com\/ro\/produs\/loft-baterie-stativ%c4%83-%c3%aenalt%c4%83-pentru-lavoar-48746\/#primaryimage"},"thumbnailUrl":"https:\/\/valvex.com\/wp-content\/uploads\/2021\/02\/VALVEX_2454920_LOFT-4.png","datePublished":"2021-02-17T15:39:04+00:00","dateModified":"2024-10-31T10:19:06+00:00","breadcrumb":{"@id":"https:\/\/valvex.com\/ro\/produs\/loft-baterie-stativ%c4%83-%c3%aenalt%c4%83-pentru-lavoar-48746\/#breadcrumb"},"inLanguage":"ro-RO","potentialAction":[{"@type":"ReadAction","target":["https:\/\/valvex.com\/ro\/produs\/loft-baterie-stativ%c4%83-%c3%aenalt%c4%83-pentru-lavoar-48746\/"]}]},{"@type":"ImageObject","inLanguage":"ro-RO","@id":"https:\/\/valvex.com\/ro\/produs\/loft-baterie-stativ%c4%83-%c3%aenalt%c4%83-pentru-lavoar-48746\/#primaryimage","url":"https:\/\/valvex.com\/wp-content\/uploads\/2021\/02\/VALVEX_2454920_LOFT-4.png","contentUrl":"https:\/\/valvex.com\/wp-content\/uploads\/2021\/02\/VALVEX_2454920_LOFT-4.png","width":800,"height":800},{"@type":"BreadcrumbList","@id":"https:\/\/valvex.com\/ro\/produs\/loft-baterie-stativ%c4%83-%c3%aenalt%c4%83-pentru-lavoar-48746\/#breadcrumb","itemListElement":[{"@type":"ListItem","position":1,"name":"Strona g\u0142\u00f3wna","item":"https:\/\/valvex.com\/ro\/"},{"@type":"ListItem","position":2,"name":"Baie","item":"https:\/\/valvex.com\/ro\/oferta\/baie\/"},{"@type":"ListItem","position":3,"name":"Baterie stativ\u0103 \u00eenalt\u0103 pentru lavoar"}]},{"@type":"WebSite","@id":"https:\/\/valvex.com\/ro\/#website","url":"https:\/\/valvex.com\/ro\/","name":"Valvex","description":"Produc\u0103tor de instala\u021bii sanitare \u0219i sanitare","potentialAction":[{"@type":"SearchAction","target":{"@type":"EntryPoint","urlTemplate":"https:\/\/valvex.com\/ro\/?s={search_term_string}"},"query-input":{"@type":"PropertyValueSpecification","valueRequired":true,"valueName":"search_term_string"}}],"inLanguage":"ro-RO"}]}},"_links":{"self":[{"href":"https:\/\/valvex.com\/ro\/wp-json\/wp\/v2\/product\/48746","targetHints":{"allow":["GET"]}}],"collection":[{"href":"https:\/\/valvex.com\/ro\/wp-json\/wp\/v2\/product"}],"about":[{"href":"https:\/\/valvex.com\/ro\/wp-json\/wp\/v2\/types\/product"}],"wp:featuredmedia":[{"embeddable":true,"href":"https:\/\/valvex.com\/ro\/wp-json\/wp\/v2\/media\/76727"}],"wp:attachment":[{"href":"https:\/\/valvex.com\/ro\/wp-json\/wp\/v2\/media?parent=48746"}],"wp:term":[{"taxonomy":"ikony_produktow","embeddable":true,"href":"https:\/\/valvex.com\/ro\/wp-json\/wp\/v2\/ikony_produktow?post=48746"},{"taxonomy":"product_category","embeddable":true,"href":"https:\/\/valvex.com\/ro\/wp-json\/wp\/v2\/product_category?post=48746"},{"taxonomy":"product_series","embeddable":true,"href":"https:\/\/valvex.com\/ro\/wp-json\/wp\/v2\/product_series?post=48746"},{"taxonomy":"color","embeddable":true,"href":"https:\/\/valvex.com\/ro\/wp-json\/wp\/v2\/color?post=48746"}],"curies":[{"name":"wp","href":"https:\/\/api.w.org\/{rel}","templated":true}]}}