{"id":48697,"date":"2021-02-17T16:38:16","date_gmt":"2021-02-17T15:38:16","guid":{"rendered":"http:\/\/valvex.com\/product\/vegane-nero-baterie-stativa-inalta-pentru-lavoar\/"},"modified":"2024-08-21T09:41:51","modified_gmt":"2024-08-21T07:41:51","slug":"vegane-baterie-stativ%c4%83-%c3%aenalt%c4%83-pentru-lavoar-48697","status":"publish","type":"product","link":"https:\/\/valvex.com\/ro\/produs\/vegane-baterie-stativ%c4%83-%c3%aenalt%c4%83-pentru-lavoar-48697\/","title":{"rendered":"Baterie stativ\u0103 \u00eenalt\u0103 pentru lavoar"},"content":{"rendered":"<h3>Negrul &#8211; mereu la moda , luxuriant si sobru&#8230;<\/h3>\n<p style=\"text-align: justify;\">In combinatie cu suprafata mata si structurata, silueta inalta si subtire a bateriei face ca aceasta sa fie bateria timpurilor noastre. Completeaza perfect lavoarele de top pentru blat, creand o zona speciala de comfort pentru utilizator. Manerul subtire al bateriei seamana cu o coroana, care ii da acesteia o nota de eleganta si un farmec aparte. Finisajul negru completeaza perfect diferitele culori si ofera un contrast perfect cu albul creand un duet mereu la moda.<\/p>\n<table style=\"border-color: #ffffff; background-color: #ffffff;\">\n<tbody>\n<tr style=\"width: 70px;\">\n<td style=\"border-color: #ffffff;\"><img decoding=\"async\" class=\" aligncenter\" src=\"http:\/\/valvex.com\/content\/themes\/valvex\/assets\/img\/product-icons\/o2.png\" \/><\/td>\n<td style=\"border-color: #ffffff;\"><strong>Aerating stream regulator<\/strong><\/td>\n<\/tr>\n<tr>\n<td style=\"width: 70px; border-color: #ffffff;\"><img decoding=\"async\" class=\" aligncenter\" src=\"http:\/\/valvex.com\/content\/themes\/valvex\/assets\/img\/product-icons\/hcceramic.png\" \/><\/td>\n<td style=\"border-color: #ffffff;\"><strong>Mixer \/ ceramic head<\/strong><\/td>\n<\/tr>\n<tr style=\"width: 70px;\">\n<td style=\"border-color: #ffffff;\"><img decoding=\"async\" class=\" aligncenter\" src=\"http:\/\/valvex.com\/content\/themes\/valvex\/assets\/img\/product-icons\/click.png\" \/><\/td>\n<td style=\"border-color: #ffffff;\"><strong>Automatic pop-up drain<\/strong><\/td>\n<\/tr>\n<tr style=\"width: 70px;\">\n<td style=\"border-color: #ffffff;\"><img decoding=\"async\" class=\" aligncenter\" src=\"http:\/\/valvex.com\/content\/themes\/valvex\/assets\/img\/product-icons\/comfortzone.png\" \/><\/td>\n<td style=\"border-color: #ffffff;\"><strong>Comfort<\/strong><\/td>\n<\/tr>\n<\/tbody>\n<\/table>\n","protected":false},"featured_media":48694,"template":"","ikony_produktow":[],"product_category":[2300,1814,1924],"product_series":[496],"color":[],"class_list":["post-48697","product","type-product","status-publish","has-post-thumbnail","hentry","product_category-baterie-pentru-chiuveta-inalt","product_category-baie","product_category-lavoar","product_series-vegane-ro"],"acf":[],"yoast_head":"<!-- This site is optimized with the Yoast SEO plugin v27.3 - https:\/\/yoast.com\/product\/yoast-seo-wordpress\/ -->\n<title>Baterie stativ\u0103 \u00eenalt\u0103 pentru lavoar - Valvex<\/title>\n<meta name=\"robots\" content=\"index, follow, max-snippet:-1, max-image-preview:large, max-video-preview:-1\" \/>\n<link rel=\"canonical\" href=\"https:\/\/valvex.com\/ro\/produs\/vegane-baterie-stativ%c4%83-%c3%aenalt%c4%83-pentru-lavoar-48697\/\" \/>\n<meta property=\"og:locale\" content=\"ro_RO\" \/>\n<meta property=\"og:type\" content=\"article\" \/>\n<meta property=\"og:title\" content=\"Baterie stativ\u0103 \u00eenalt\u0103 pentru lavoar - Valvex\" \/>\n<meta property=\"og:description\" content=\"Negrul &#8211; mereu la moda , luxuriant si sobru&#8230; In combinatie cu suprafata mata si structurata, silueta inalta si subtire a bateriei face ca aceasta sa fie bateria timpurilor noastre. Completeaza perfect lavoarele de top pentru blat, creand o zona speciala de comfort pentru utilizator. Manerul subtire al bateriei seamana cu o coroana, care ii [&hellip;]\" \/>\n<meta property=\"og:url\" content=\"https:\/\/valvex.com\/ro\/produs\/vegane-baterie-stativ%c4%83-%c3%aenalt%c4%83-pentru-lavoar-48697\/\" \/>\n<meta property=\"og:site_name\" content=\"Valvex\" \/>\n<meta property=\"article:modified_time\" content=\"2024-08-21T07:41:51+00:00\" \/>\n<meta property=\"og:image\" content=\"https:\/\/valvex.com\/wp-content\/uploads\/2022\/03\/2423330.jpg\" \/>\n\t<meta property=\"og:image:width\" content=\"650\" \/>\n\t<meta property=\"og:image:height\" content=\"415\" \/>\n\t<meta property=\"og:image:type\" content=\"image\/jpeg\" \/>\n<meta name=\"twitter:card\" content=\"summary_large_image\" \/>\n<meta name=\"twitter:label1\" content=\"Timp estimat pentru citire\" \/>\n\t<meta name=\"twitter:data1\" content=\"2 minute\" \/>\n<script type=\"application\/ld+json\" class=\"yoast-schema-graph\">{\"@context\":\"https:\\\/\\\/schema.org\",\"@graph\":[{\"@type\":\"WebPage\",\"@id\":\"https:\\\/\\\/valvex.com\\\/ro\\\/produs\\\/vegane-baterie-stativ%c4%83-%c3%aenalt%c4%83-pentru-lavoar-48697\\\/\",\"url\":\"https:\\\/\\\/valvex.com\\\/ro\\\/produs\\\/vegane-baterie-stativ%c4%83-%c3%aenalt%c4%83-pentru-lavoar-48697\\\/\",\"name\":\"Baterie stativ\u0103 \u00eenalt\u0103 pentru lavoar - Valvex\",\"isPartOf\":{\"@id\":\"https:\\\/\\\/valvex.com\\\/ro\\\/#website\"},\"primaryImageOfPage\":{\"@id\":\"https:\\\/\\\/valvex.com\\\/ro\\\/produs\\\/vegane-baterie-stativ%c4%83-%c3%aenalt%c4%83-pentru-lavoar-48697\\\/#primaryimage\"},\"image\":{\"@id\":\"https:\\\/\\\/valvex.com\\\/ro\\\/produs\\\/vegane-baterie-stativ%c4%83-%c3%aenalt%c4%83-pentru-lavoar-48697\\\/#primaryimage\"},\"thumbnailUrl\":\"https:\\\/\\\/valvex.com\\\/wp-content\\\/uploads\\\/2022\\\/03\\\/2423330.jpg\",\"datePublished\":\"2021-02-17T15:38:16+00:00\",\"dateModified\":\"2024-08-21T07:41:51+00:00\",\"breadcrumb\":{\"@id\":\"https:\\\/\\\/valvex.com\\\/ro\\\/produs\\\/vegane-baterie-stativ%c4%83-%c3%aenalt%c4%83-pentru-lavoar-48697\\\/#breadcrumb\"},\"inLanguage\":\"ro-RO\",\"potentialAction\":[{\"@type\":\"ReadAction\",\"target\":[\"https:\\\/\\\/valvex.com\\\/ro\\\/produs\\\/vegane-baterie-stativ%c4%83-%c3%aenalt%c4%83-pentru-lavoar-48697\\\/\"]}]},{\"@type\":\"ImageObject\",\"inLanguage\":\"ro-RO\",\"@id\":\"https:\\\/\\\/valvex.com\\\/ro\\\/produs\\\/vegane-baterie-stativ%c4%83-%c3%aenalt%c4%83-pentru-lavoar-48697\\\/#primaryimage\",\"url\":\"https:\\\/\\\/valvex.com\\\/wp-content\\\/uploads\\\/2022\\\/03\\\/2423330.jpg\",\"contentUrl\":\"https:\\\/\\\/valvex.com\\\/wp-content\\\/uploads\\\/2022\\\/03\\\/2423330.jpg\",\"width\":650,\"height\":415},{\"@type\":\"BreadcrumbList\",\"@id\":\"https:\\\/\\\/valvex.com\\\/ro\\\/produs\\\/vegane-baterie-stativ%c4%83-%c3%aenalt%c4%83-pentru-lavoar-48697\\\/#breadcrumb\",\"itemListElement\":[{\"@type\":\"ListItem\",\"position\":1,\"name\":\"Strona g\u0142\u00f3wna\",\"item\":\"https:\\\/\\\/valvex.com\\\/ro\\\/\"},{\"@type\":\"ListItem\",\"position\":2,\"name\":\"Baie\",\"item\":\"https:\\\/\\\/valvex.com\\\/ro\\\/oferta\\\/baie\\\/\"},{\"@type\":\"ListItem\",\"position\":3,\"name\":\"Baterie stativ\u0103 \u00eenalt\u0103 pentru lavoar\"}]},{\"@type\":\"WebSite\",\"@id\":\"https:\\\/\\\/valvex.com\\\/ro\\\/#website\",\"url\":\"https:\\\/\\\/valvex.com\\\/ro\\\/\",\"name\":\"Valvex\",\"description\":\"Produc\u0103tor de instala\u021bii sanitare \u0219i sanitare\",\"potentialAction\":[{\"@type\":\"SearchAction\",\"target\":{\"@type\":\"EntryPoint\",\"urlTemplate\":\"https:\\\/\\\/valvex.com\\\/ro\\\/?s={search_term_string}\"},\"query-input\":{\"@type\":\"PropertyValueSpecification\",\"valueRequired\":true,\"valueName\":\"search_term_string\"}}],\"inLanguage\":\"ro-RO\"}]}<\/script>\n<!-- \/ Yoast SEO plugin. -->","yoast_head_json":{"title":"Baterie stativ\u0103 \u00eenalt\u0103 pentru lavoar - Valvex","robots":{"index":"index","follow":"follow","max-snippet":"max-snippet:-1","max-image-preview":"max-image-preview:large","max-video-preview":"max-video-preview:-1"},"canonical":"https:\/\/valvex.com\/ro\/produs\/vegane-baterie-stativ%c4%83-%c3%aenalt%c4%83-pentru-lavoar-48697\/","og_locale":"ro_RO","og_type":"article","og_title":"Baterie stativ\u0103 \u00eenalt\u0103 pentru lavoar - Valvex","og_description":"Negrul &#8211; mereu la moda , luxuriant si sobru&#8230; In combinatie cu suprafata mata si structurata, silueta inalta si subtire a bateriei face ca aceasta sa fie bateria timpurilor noastre. Completeaza perfect lavoarele de top pentru blat, creand o zona speciala de comfort pentru utilizator. Manerul subtire al bateriei seamana cu o coroana, care ii [&hellip;]","og_url":"https:\/\/valvex.com\/ro\/produs\/vegane-baterie-stativ%c4%83-%c3%aenalt%c4%83-pentru-lavoar-48697\/","og_site_name":"Valvex","article_modified_time":"2024-08-21T07:41:51+00:00","og_image":[{"width":650,"height":415,"url":"https:\/\/valvex.com\/wp-content\/uploads\/2022\/03\/2423330.jpg","type":"image\/jpeg"}],"twitter_card":"summary_large_image","twitter_misc":{"Timp estimat pentru citire":"2 minute"},"schema":{"@context":"https:\/\/schema.org","@graph":[{"@type":"WebPage","@id":"https:\/\/valvex.com\/ro\/produs\/vegane-baterie-stativ%c4%83-%c3%aenalt%c4%83-pentru-lavoar-48697\/","url":"https:\/\/valvex.com\/ro\/produs\/vegane-baterie-stativ%c4%83-%c3%aenalt%c4%83-pentru-lavoar-48697\/","name":"Baterie stativ\u0103 \u00eenalt\u0103 pentru lavoar - Valvex","isPartOf":{"@id":"https:\/\/valvex.com\/ro\/#website"},"primaryImageOfPage":{"@id":"https:\/\/valvex.com\/ro\/produs\/vegane-baterie-stativ%c4%83-%c3%aenalt%c4%83-pentru-lavoar-48697\/#primaryimage"},"image":{"@id":"https:\/\/valvex.com\/ro\/produs\/vegane-baterie-stativ%c4%83-%c3%aenalt%c4%83-pentru-lavoar-48697\/#primaryimage"},"thumbnailUrl":"https:\/\/valvex.com\/wp-content\/uploads\/2022\/03\/2423330.jpg","datePublished":"2021-02-17T15:38:16+00:00","dateModified":"2024-08-21T07:41:51+00:00","breadcrumb":{"@id":"https:\/\/valvex.com\/ro\/produs\/vegane-baterie-stativ%c4%83-%c3%aenalt%c4%83-pentru-lavoar-48697\/#breadcrumb"},"inLanguage":"ro-RO","potentialAction":[{"@type":"ReadAction","target":["https:\/\/valvex.com\/ro\/produs\/vegane-baterie-stativ%c4%83-%c3%aenalt%c4%83-pentru-lavoar-48697\/"]}]},{"@type":"ImageObject","inLanguage":"ro-RO","@id":"https:\/\/valvex.com\/ro\/produs\/vegane-baterie-stativ%c4%83-%c3%aenalt%c4%83-pentru-lavoar-48697\/#primaryimage","url":"https:\/\/valvex.com\/wp-content\/uploads\/2022\/03\/2423330.jpg","contentUrl":"https:\/\/valvex.com\/wp-content\/uploads\/2022\/03\/2423330.jpg","width":650,"height":415},{"@type":"BreadcrumbList","@id":"https:\/\/valvex.com\/ro\/produs\/vegane-baterie-stativ%c4%83-%c3%aenalt%c4%83-pentru-lavoar-48697\/#breadcrumb","itemListElement":[{"@type":"ListItem","position":1,"name":"Strona g\u0142\u00f3wna","item":"https:\/\/valvex.com\/ro\/"},{"@type":"ListItem","position":2,"name":"Baie","item":"https:\/\/valvex.com\/ro\/oferta\/baie\/"},{"@type":"ListItem","position":3,"name":"Baterie stativ\u0103 \u00eenalt\u0103 pentru lavoar"}]},{"@type":"WebSite","@id":"https:\/\/valvex.com\/ro\/#website","url":"https:\/\/valvex.com\/ro\/","name":"Valvex","description":"Produc\u0103tor de instala\u021bii sanitare \u0219i sanitare","potentialAction":[{"@type":"SearchAction","target":{"@type":"EntryPoint","urlTemplate":"https:\/\/valvex.com\/ro\/?s={search_term_string}"},"query-input":{"@type":"PropertyValueSpecification","valueRequired":true,"valueName":"search_term_string"}}],"inLanguage":"ro-RO"}]}},"_links":{"self":[{"href":"https:\/\/valvex.com\/ro\/wp-json\/wp\/v2\/product\/48697","targetHints":{"allow":["GET"]}}],"collection":[{"href":"https:\/\/valvex.com\/ro\/wp-json\/wp\/v2\/product"}],"about":[{"href":"https:\/\/valvex.com\/ro\/wp-json\/wp\/v2\/types\/product"}],"wp:featuredmedia":[{"embeddable":true,"href":"https:\/\/valvex.com\/ro\/wp-json\/wp\/v2\/media\/48694"}],"wp:attachment":[{"href":"https:\/\/valvex.com\/ro\/wp-json\/wp\/v2\/media?parent=48697"}],"wp:term":[{"taxonomy":"ikony_produktow","embeddable":true,"href":"https:\/\/valvex.com\/ro\/wp-json\/wp\/v2\/ikony_produktow?post=48697"},{"taxonomy":"product_category","embeddable":true,"href":"https:\/\/valvex.com\/ro\/wp-json\/wp\/v2\/product_category?post=48697"},{"taxonomy":"product_series","embeddable":true,"href":"https:\/\/valvex.com\/ro\/wp-json\/wp\/v2\/product_series?post=48697"},{"taxonomy":"color","embeddable":true,"href":"https:\/\/valvex.com\/ro\/wp-json\/wp\/v2\/color?post=48697"}],"curies":[{"name":"wp","href":"https:\/\/api.w.org\/{rel}","templated":true}]}}