{"id":48641,"date":"2021-02-17T16:36:59","date_gmt":"2021-02-17T15:36:59","guid":{"rendered":"http:\/\/valvex.com\/product\/vegane-baterie-de-bucatarie-cu-teava-curbata-si-maner-lateral\/"},"modified":"2024-03-05T15:43:28","modified_gmt":"2024-03-05T14:43:28","slug":"vegane-baterie-de-buc%c4%83t%c4%83rie-cu-%c5%a3eav%c4%83-curbat%c4%83-%c8%99i-m%c3%a2ner-lateral-48641","status":"publish","type":"product","link":"https:\/\/valvex.com\/ro\/produs\/vegane-baterie-de-buc%c4%83t%c4%83rie-cu-%c5%a3eav%c4%83-curbat%c4%83-%c8%99i-m%c3%a2ner-lateral-48641\/","title":{"rendered":"Baterie de buc\u0103t\u0103rie cu \u0163eav\u0103 curbat\u0103 \u0219i m\u00e2ner lateral"},"content":{"rendered":"<h3>Minimalism si extravaganta in acelasi timp? Asta reprezinta VEGANE.<\/h3>\n<p style=\"text-align: justify\">Minimalism si extravaganta in acelasi timp? Asta reprezinta VEGANE. Teava lunga si subtire precum gatul unei lebede iese maiestuos din partea laterala a corpului incoronat de manerul subtil. Asimetria contrabalanseaza proportiile ideale ale bateriei. Forma sa este o garantie a functionalitatii bucatariei tale.<\/p>\n<p>&nbsp;<\/p>\n<table style=\"border-color: #ffffff;background-color: #ffffff\">\n<tbody>\n<tr style=\"width: 70px\">\n<td style=\"border-color: #ffffff\"><strong><img decoding=\"async\" src=\"http:\/\/valvex.com\/content\/themes\/valvex\/assets\/img\/product-icons\/o2.png\" class=\" aligncenter\" \/><\/strong><\/td>\n<td style=\"border-color: #ffffff\"><strong>Aerating stream regulator<\/strong><\/td>\n<\/tr>\n<tr>\n<td style=\"width: 70px;border-color: #ffffff\"><img decoding=\"async\" src=\"http:\/\/valvex.com\/content\/themes\/valvex\/assets\/img\/product-icons\/hcceramic.png\" class=\" aligncenter\" \/><\/td>\n<td style=\"border-color: #ffffff\"><strong>Mixer \/ ceramic head<\/strong><\/td>\n<\/tr>\n<tr style=\"width: 70px\">\n<td style=\"border-color: #ffffff\"><img decoding=\"async\" src=\"http:\/\/valvex.com\/content\/themes\/valvex\/assets\/img\/product-icons\/obrot.png\" class=\" aligncenter\" \/><\/td>\n<td style=\"border-color: #ffffff\"><strong>Rotational spout<\/strong><\/td>\n<\/tr>\n<tr style=\"width: 70px\">\n<td style=\"border-color: #ffffff\"><img decoding=\"async\" src=\"http:\/\/valvex.com\/content\/themes\/valvex\/assets\/img\/product-icons\/comfortzone.png\" class=\" aligncenter\" \/><\/td>\n<td style=\"border-color: #ffffff\"><strong>Comfort<\/strong><\/td>\n<\/tr>\n<\/tbody>\n<\/table>\n","protected":false},"featured_media":48638,"template":"","ikony_produktow":[1649,1658,1667,1675,1691,1690],"product_category":[1774,1809,472],"product_series":[496],"color":[1760],"class_list":["post-48641","product","type-product","status-publish","has-post-thumbnail","hentry","ikony_produktow-25latgwarancji","ikony_produktow-48hserwiswpolsce","ikony_produktow-comfortzone","ikony_produktow-ceramic_head","ikony_produktow-obrot","ikony_produktow-o2","product_category-bucatarie","product_category-baterii-de-bucatarie","product_category-baterii-pentru-bucatarie-bathroom-and-kitchen-area-strefa-lazienki-i-kuchni","product_series-vegane-ro","color-chrome"],"acf":[],"yoast_head":"<!-- This site is optimized with the Yoast SEO plugin v27.3 - https:\/\/yoast.com\/product\/yoast-seo-wordpress\/ -->\n<title>Baterie de buc\u0103t\u0103rie cu \u0163eav\u0103 curbat\u0103 \u0219i m\u00e2ner lateral - Valvex<\/title>\n<meta name=\"robots\" content=\"index, follow, max-snippet:-1, max-image-preview:large, max-video-preview:-1\" \/>\n<link rel=\"canonical\" href=\"https:\/\/valvex.com\/ro\/produs\/vegane-baterie-de-buc%c4%83t%c4%83rie-cu-%c5%a3eav%c4%83-curbat%c4%83-%c8%99i-m%c3%a2ner-lateral-48641\/\" \/>\n<meta property=\"og:locale\" content=\"ro_RO\" \/>\n<meta property=\"og:type\" content=\"article\" \/>\n<meta property=\"og:title\" content=\"Baterie de buc\u0103t\u0103rie cu \u0163eav\u0103 curbat\u0103 \u0219i m\u00e2ner lateral - Valvex\" \/>\n<meta property=\"og:description\" content=\"Minimalism si extravaganta in acelasi timp? Asta reprezinta VEGANE. Minimalism si extravaganta in acelasi timp? Asta reprezinta VEGANE. Teava lunga si subtire precum gatul unei lebede iese maiestuos din partea laterala a corpului incoronat de manerul subtil. Asimetria contrabalanseaza proportiile ideale ale bateriei. Forma sa este o garantie a functionalitatii bucatariei tale. &nbsp; Aerating stream [&hellip;]\" \/>\n<meta property=\"og:url\" content=\"https:\/\/valvex.com\/ro\/produs\/vegane-baterie-de-buc%c4%83t%c4%83rie-cu-%c5%a3eav%c4%83-curbat%c4%83-%c8%99i-m%c3%a2ner-lateral-48641\/\" \/>\n<meta property=\"og:site_name\" content=\"Valvex\" \/>\n<meta property=\"article:modified_time\" content=\"2024-03-05T14:43:28+00:00\" \/>\n<meta property=\"og:image\" content=\"https:\/\/valvex.com\/wp-content\/uploads\/2022\/03\/2451550.jpg\" \/>\n\t<meta property=\"og:image:width\" content=\"650\" \/>\n\t<meta property=\"og:image:height\" content=\"415\" \/>\n\t<meta property=\"og:image:type\" content=\"image\/jpeg\" \/>\n<meta name=\"twitter:card\" content=\"summary_large_image\" \/>\n<script type=\"application\/ld+json\" class=\"yoast-schema-graph\">{\"@context\":\"https:\\\/\\\/schema.org\",\"@graph\":[{\"@type\":\"WebPage\",\"@id\":\"https:\\\/\\\/valvex.com\\\/ro\\\/produs\\\/vegane-baterie-de-buc%c4%83t%c4%83rie-cu-%c5%a3eav%c4%83-curbat%c4%83-%c8%99i-m%c3%a2ner-lateral-48641\\\/\",\"url\":\"https:\\\/\\\/valvex.com\\\/ro\\\/produs\\\/vegane-baterie-de-buc%c4%83t%c4%83rie-cu-%c5%a3eav%c4%83-curbat%c4%83-%c8%99i-m%c3%a2ner-lateral-48641\\\/\",\"name\":\"Baterie de buc\u0103t\u0103rie cu \u0163eav\u0103 curbat\u0103 \u0219i m\u00e2ner lateral - Valvex\",\"isPartOf\":{\"@id\":\"https:\\\/\\\/valvex.com\\\/ro\\\/#website\"},\"primaryImageOfPage\":{\"@id\":\"https:\\\/\\\/valvex.com\\\/ro\\\/produs\\\/vegane-baterie-de-buc%c4%83t%c4%83rie-cu-%c5%a3eav%c4%83-curbat%c4%83-%c8%99i-m%c3%a2ner-lateral-48641\\\/#primaryimage\"},\"image\":{\"@id\":\"https:\\\/\\\/valvex.com\\\/ro\\\/produs\\\/vegane-baterie-de-buc%c4%83t%c4%83rie-cu-%c5%a3eav%c4%83-curbat%c4%83-%c8%99i-m%c3%a2ner-lateral-48641\\\/#primaryimage\"},\"thumbnailUrl\":\"https:\\\/\\\/valvex.com\\\/wp-content\\\/uploads\\\/2022\\\/03\\\/2451550.jpg\",\"datePublished\":\"2021-02-17T15:36:59+00:00\",\"dateModified\":\"2024-03-05T14:43:28+00:00\",\"breadcrumb\":{\"@id\":\"https:\\\/\\\/valvex.com\\\/ro\\\/produs\\\/vegane-baterie-de-buc%c4%83t%c4%83rie-cu-%c5%a3eav%c4%83-curbat%c4%83-%c8%99i-m%c3%a2ner-lateral-48641\\\/#breadcrumb\"},\"inLanguage\":\"ro-RO\",\"potentialAction\":[{\"@type\":\"ReadAction\",\"target\":[\"https:\\\/\\\/valvex.com\\\/ro\\\/produs\\\/vegane-baterie-de-buc%c4%83t%c4%83rie-cu-%c5%a3eav%c4%83-curbat%c4%83-%c8%99i-m%c3%a2ner-lateral-48641\\\/\"]}]},{\"@type\":\"ImageObject\",\"inLanguage\":\"ro-RO\",\"@id\":\"https:\\\/\\\/valvex.com\\\/ro\\\/produs\\\/vegane-baterie-de-buc%c4%83t%c4%83rie-cu-%c5%a3eav%c4%83-curbat%c4%83-%c8%99i-m%c3%a2ner-lateral-48641\\\/#primaryimage\",\"url\":\"https:\\\/\\\/valvex.com\\\/wp-content\\\/uploads\\\/2022\\\/03\\\/2451550.jpg\",\"contentUrl\":\"https:\\\/\\\/valvex.com\\\/wp-content\\\/uploads\\\/2022\\\/03\\\/2451550.jpg\",\"width\":650,\"height\":415},{\"@type\":\"BreadcrumbList\",\"@id\":\"https:\\\/\\\/valvex.com\\\/ro\\\/produs\\\/vegane-baterie-de-buc%c4%83t%c4%83rie-cu-%c5%a3eav%c4%83-curbat%c4%83-%c8%99i-m%c3%a2ner-lateral-48641\\\/#breadcrumb\",\"itemListElement\":[{\"@type\":\"ListItem\",\"position\":1,\"name\":\"Strona g\u0142\u00f3wna\",\"item\":\"https:\\\/\\\/valvex.com\\\/ro\\\/\"},{\"@type\":\"ListItem\",\"position\":2,\"name\":\"Buc\u0103t\u0103rie\",\"item\":\"https:\\\/\\\/valvex.com\\\/ro\\\/oferta\\\/bucatarie\\\/\"},{\"@type\":\"ListItem\",\"position\":3,\"name\":\"Baterii de bucatarie\",\"item\":\"https:\\\/\\\/valvex.com\\\/ro\\\/oferta\\\/bucatarie\\\/baterii-de-bucatarie\\\/\"},{\"@type\":\"ListItem\",\"position\":4,\"name\":\"Baterie de buc\u0103t\u0103rie cu \u0163eav\u0103 curbat\u0103 \u0219i m\u00e2ner lateral\"}]},{\"@type\":\"WebSite\",\"@id\":\"https:\\\/\\\/valvex.com\\\/ro\\\/#website\",\"url\":\"https:\\\/\\\/valvex.com\\\/ro\\\/\",\"name\":\"Valvex\",\"description\":\"Produc\u0103tor de instala\u021bii sanitare \u0219i sanitare\",\"potentialAction\":[{\"@type\":\"SearchAction\",\"target\":{\"@type\":\"EntryPoint\",\"urlTemplate\":\"https:\\\/\\\/valvex.com\\\/ro\\\/?s={search_term_string}\"},\"query-input\":{\"@type\":\"PropertyValueSpecification\",\"valueRequired\":true,\"valueName\":\"search_term_string\"}}],\"inLanguage\":\"ro-RO\"}]}<\/script>\n<!-- \/ Yoast SEO plugin. -->","yoast_head_json":{"title":"Baterie de buc\u0103t\u0103rie cu \u0163eav\u0103 curbat\u0103 \u0219i m\u00e2ner lateral - Valvex","robots":{"index":"index","follow":"follow","max-snippet":"max-snippet:-1","max-image-preview":"max-image-preview:large","max-video-preview":"max-video-preview:-1"},"canonical":"https:\/\/valvex.com\/ro\/produs\/vegane-baterie-de-buc%c4%83t%c4%83rie-cu-%c5%a3eav%c4%83-curbat%c4%83-%c8%99i-m%c3%a2ner-lateral-48641\/","og_locale":"ro_RO","og_type":"article","og_title":"Baterie de buc\u0103t\u0103rie cu \u0163eav\u0103 curbat\u0103 \u0219i m\u00e2ner lateral - Valvex","og_description":"Minimalism si extravaganta in acelasi timp? Asta reprezinta VEGANE. Minimalism si extravaganta in acelasi timp? Asta reprezinta VEGANE. Teava lunga si subtire precum gatul unei lebede iese maiestuos din partea laterala a corpului incoronat de manerul subtil. Asimetria contrabalanseaza proportiile ideale ale bateriei. Forma sa este o garantie a functionalitatii bucatariei tale. &nbsp; Aerating stream [&hellip;]","og_url":"https:\/\/valvex.com\/ro\/produs\/vegane-baterie-de-buc%c4%83t%c4%83rie-cu-%c5%a3eav%c4%83-curbat%c4%83-%c8%99i-m%c3%a2ner-lateral-48641\/","og_site_name":"Valvex","article_modified_time":"2024-03-05T14:43:28+00:00","og_image":[{"width":650,"height":415,"url":"https:\/\/valvex.com\/wp-content\/uploads\/2022\/03\/2451550.jpg","type":"image\/jpeg"}],"twitter_card":"summary_large_image","schema":{"@context":"https:\/\/schema.org","@graph":[{"@type":"WebPage","@id":"https:\/\/valvex.com\/ro\/produs\/vegane-baterie-de-buc%c4%83t%c4%83rie-cu-%c5%a3eav%c4%83-curbat%c4%83-%c8%99i-m%c3%a2ner-lateral-48641\/","url":"https:\/\/valvex.com\/ro\/produs\/vegane-baterie-de-buc%c4%83t%c4%83rie-cu-%c5%a3eav%c4%83-curbat%c4%83-%c8%99i-m%c3%a2ner-lateral-48641\/","name":"Baterie de buc\u0103t\u0103rie cu \u0163eav\u0103 curbat\u0103 \u0219i m\u00e2ner lateral - Valvex","isPartOf":{"@id":"https:\/\/valvex.com\/ro\/#website"},"primaryImageOfPage":{"@id":"https:\/\/valvex.com\/ro\/produs\/vegane-baterie-de-buc%c4%83t%c4%83rie-cu-%c5%a3eav%c4%83-curbat%c4%83-%c8%99i-m%c3%a2ner-lateral-48641\/#primaryimage"},"image":{"@id":"https:\/\/valvex.com\/ro\/produs\/vegane-baterie-de-buc%c4%83t%c4%83rie-cu-%c5%a3eav%c4%83-curbat%c4%83-%c8%99i-m%c3%a2ner-lateral-48641\/#primaryimage"},"thumbnailUrl":"https:\/\/valvex.com\/wp-content\/uploads\/2022\/03\/2451550.jpg","datePublished":"2021-02-17T15:36:59+00:00","dateModified":"2024-03-05T14:43:28+00:00","breadcrumb":{"@id":"https:\/\/valvex.com\/ro\/produs\/vegane-baterie-de-buc%c4%83t%c4%83rie-cu-%c5%a3eav%c4%83-curbat%c4%83-%c8%99i-m%c3%a2ner-lateral-48641\/#breadcrumb"},"inLanguage":"ro-RO","potentialAction":[{"@type":"ReadAction","target":["https:\/\/valvex.com\/ro\/produs\/vegane-baterie-de-buc%c4%83t%c4%83rie-cu-%c5%a3eav%c4%83-curbat%c4%83-%c8%99i-m%c3%a2ner-lateral-48641\/"]}]},{"@type":"ImageObject","inLanguage":"ro-RO","@id":"https:\/\/valvex.com\/ro\/produs\/vegane-baterie-de-buc%c4%83t%c4%83rie-cu-%c5%a3eav%c4%83-curbat%c4%83-%c8%99i-m%c3%a2ner-lateral-48641\/#primaryimage","url":"https:\/\/valvex.com\/wp-content\/uploads\/2022\/03\/2451550.jpg","contentUrl":"https:\/\/valvex.com\/wp-content\/uploads\/2022\/03\/2451550.jpg","width":650,"height":415},{"@type":"BreadcrumbList","@id":"https:\/\/valvex.com\/ro\/produs\/vegane-baterie-de-buc%c4%83t%c4%83rie-cu-%c5%a3eav%c4%83-curbat%c4%83-%c8%99i-m%c3%a2ner-lateral-48641\/#breadcrumb","itemListElement":[{"@type":"ListItem","position":1,"name":"Strona g\u0142\u00f3wna","item":"https:\/\/valvex.com\/ro\/"},{"@type":"ListItem","position":2,"name":"Buc\u0103t\u0103rie","item":"https:\/\/valvex.com\/ro\/oferta\/bucatarie\/"},{"@type":"ListItem","position":3,"name":"Baterii de bucatarie","item":"https:\/\/valvex.com\/ro\/oferta\/bucatarie\/baterii-de-bucatarie\/"},{"@type":"ListItem","position":4,"name":"Baterie de buc\u0103t\u0103rie cu \u0163eav\u0103 curbat\u0103 \u0219i m\u00e2ner lateral"}]},{"@type":"WebSite","@id":"https:\/\/valvex.com\/ro\/#website","url":"https:\/\/valvex.com\/ro\/","name":"Valvex","description":"Produc\u0103tor de instala\u021bii sanitare \u0219i sanitare","potentialAction":[{"@type":"SearchAction","target":{"@type":"EntryPoint","urlTemplate":"https:\/\/valvex.com\/ro\/?s={search_term_string}"},"query-input":{"@type":"PropertyValueSpecification","valueRequired":true,"valueName":"search_term_string"}}],"inLanguage":"ro-RO"}]}},"_links":{"self":[{"href":"https:\/\/valvex.com\/ro\/wp-json\/wp\/v2\/product\/48641","targetHints":{"allow":["GET"]}}],"collection":[{"href":"https:\/\/valvex.com\/ro\/wp-json\/wp\/v2\/product"}],"about":[{"href":"https:\/\/valvex.com\/ro\/wp-json\/wp\/v2\/types\/product"}],"wp:featuredmedia":[{"embeddable":true,"href":"https:\/\/valvex.com\/ro\/wp-json\/wp\/v2\/media\/48638"}],"wp:attachment":[{"href":"https:\/\/valvex.com\/ro\/wp-json\/wp\/v2\/media?parent=48641"}],"wp:term":[{"taxonomy":"ikony_produktow","embeddable":true,"href":"https:\/\/valvex.com\/ro\/wp-json\/wp\/v2\/ikony_produktow?post=48641"},{"taxonomy":"product_category","embeddable":true,"href":"https:\/\/valvex.com\/ro\/wp-json\/wp\/v2\/product_category?post=48641"},{"taxonomy":"product_series","embeddable":true,"href":"https:\/\/valvex.com\/ro\/wp-json\/wp\/v2\/product_series?post=48641"},{"taxonomy":"color","embeddable":true,"href":"https:\/\/valvex.com\/ro\/wp-json\/wp\/v2\/color?post=48641"}],"curies":[{"name":"wp","href":"https:\/\/api.w.org\/{rel}","templated":true}]}}