{"id":69542,"date":"2022-08-17T15:51:00","date_gmt":"2022-08-17T13:51:00","guid":{"rendered":"http:\/\/valvex.com\/wspolpracuj-z-valvex\/"},"modified":"2024-04-25T08:24:40","modified_gmt":"2024-04-25T06:24:40","slug":"colaboreaza-cu-valvex","status":"publish","type":"page","link":"https:\/\/valvex.com\/ro\/zona-profesionala\/pentru-investitor\/colaboreaza-cu-valvex\/","title":{"rendered":"Colaboreaz\u0103 cu Valvex"},"content":{"rendered":"\n<p>Abord\u0103m responsabil fiecare provocare. Ne dedic\u0103m sarcinilor atribuite, rezolv\u0103m problemele emergente \u0219i ne str\u0103duim s\u0103 prest\u0103m servicii de cea mai \u00eenalt\u0103 calitate. Dac\u0103 oferta noastr\u0103 de investi\u021bii este pe m\u0103sura nevoilor dumneavoastr\u0103 \u0219i sunte\u021bi \u00een c\u0103utarea unui sprijin \u00een cadrul proceselor dumneavoastr\u0103 de investi\u021bii, v\u0103 rug\u0103m s\u0103 ne contacta\u021bi.<\/p>\n\n\n\n<p>Promitem c\u0103, pentru implementarea proiectului dumneavoastr\u0103, ne vom folosi de cuno\u0219tin\u021bele \u0219i experien\u021ba pe care le-am acumulat de-a lungul multor ani de activitate \u00eentr-un mediu interna\u021bional. Printr-o abordare inedit\u0103 a investi\u021biei dumneavoastr\u0103, vom identifica o solu\u021bie personalizat\u0103 pentru aceasta. Un reprezentant de v\u00e2nz\u0103ri dedicat v\u0103 va oferi asisten\u021b\u0103 \u00een fiecare etap\u0103 a proiectului.<\/p>\n\n\n\n<p>Pentru a afla \u0219i a negocia detalii, v\u0103 rug\u0103m s\u0103 ne contacta\u021bi prin intermediul formularului de contact. Sper\u0103m s\u0103 ne vedem \u00een cur\u00e2nd.<\/p>\n\n\n\n<div class=\"wp-block-columns is-layout-flex wp-container-core-columns-is-layout-9d6595d7 wp-block-columns-is-layout-flex\"><\/div>\n\n\n\n<div class=\"wp-block-columns is-layout-flex wp-container-core-columns-is-layout-9d6595d7 wp-block-columns-is-layout-flex\">\n<div class=\"wp-block-column is-layout-flow wp-block-column-is-layout-flow\" style=\"flex-basis:59.6%\">\n<figure class=\"wp-block-gallery has-nested-images columns-default is-cropped wp-block-gallery-1 is-layout-flex wp-block-gallery-is-layout-flex\">\n<figure class=\"wp-block-image size-large\"><img loading=\"lazy\" decoding=\"async\" width=\"513\" height=\"331\" data-id=\"65916\" src=\"http:\/\/valvex.com\/wp-content\/uploads\/2023\/02\/inwestycje_2-2.png\" alt=\"\" class=\"wp-image-65916\" srcset=\"https:\/\/valvex.com\/wp-content\/uploads\/2023\/02\/inwestycje_2-2.png 513w, https:\/\/valvex.com\/wp-content\/uploads\/2023\/02\/inwestycje_2-2-300x194.png 300w\" sizes=\"auto, (max-width: 513px) 100vw, 513px\" \/><\/figure>\n<\/figure>\n<\/div>\n\n\n\n<div class=\"wp-block-column is-layout-flow wp-block-column-is-layout-flow\" style=\"flex-basis:66.67%\">\n<h3 class=\"wp-block-heading mb-16\">V\u0103 invit\u0103m s\u0103 ne contacta\u021bi<\/h3>\n\n\n\n<div class=\"wpcf7 no-js\" id=\"wpcf7-f69506-o1\" lang=\"ro-RO\" dir=\"ltr\" data-wpcf7-id=\"69506\">\n<div class=\"screen-reader-response\"><p role=\"status\" aria-live=\"polite\" aria-atomic=\"true\"><\/p> <ul><\/ul><\/div>\n<form action=\"\/ro\/wp-json\/wp\/v2\/pages\/69542#wpcf7-f69506-o1\" method=\"post\" class=\"wpcf7-form init\" aria-label=\"Formular de contact\" novalidate=\"novalidate\" data-status=\"init\">\n<fieldset class=\"hidden-fields-container\"><input type=\"hidden\" name=\"_wpcf7\" value=\"69506\" \/><input type=\"hidden\" name=\"_wpcf7_version\" value=\"6.1.5\" \/><input type=\"hidden\" name=\"_wpcf7_locale\" value=\"ro_RO\" \/><input type=\"hidden\" name=\"_wpcf7_unit_tag\" value=\"wpcf7-f69506-o1\" \/><input type=\"hidden\" name=\"_wpcf7_container_post\" value=\"0\" \/><input type=\"hidden\" name=\"_wpcf7_posted_data_hash\" value=\"\" \/><input type=\"hidden\" name=\"_wpcf7_recaptcha_response\" value=\"\" \/>\n<\/fieldset>\n<div class=\"grid md:grid-cols-2 gap-2\">\n\t<div>\n\t\t<p><label>Prenume <span class=\"wpcf7-form-control-wrap\" data-name=\"your-name\"><input size=\"40\" maxlength=\"400\" class=\"wpcf7-form-control wpcf7-text wpcf7-validates-as-required\" aria-required=\"true\" aria-invalid=\"false\" value=\"\" type=\"text\" name=\"your-name\" \/><\/span> <\/label>\n\t\t<\/p>\n\t<\/div>\n\t<div>\n\t\t<p><label>Nume <span class=\"wpcf7-form-control-wrap\" data-name=\"your-lastname\"><input size=\"40\" maxlength=\"400\" class=\"wpcf7-form-control wpcf7-text wpcf7-validates-as-required\" aria-required=\"true\" aria-invalid=\"false\" value=\"\" type=\"text\" name=\"your-lastname\" \/><\/span> <\/label>\n\t\t<\/p>\n\t<\/div>\n<\/div>\n<p><label>Numele companiei <span class=\"wpcf7-form-control-wrap\" data-name=\"company-name\"><input size=\"40\" maxlength=\"400\" class=\"wpcf7-form-control wpcf7-text wpcf7-validates-as-required\" aria-required=\"true\" aria-invalid=\"false\" value=\"\" type=\"text\" name=\"company-name\" \/><\/span> <\/label>\n<\/p>\n<div class=\"grid md:grid-cols-2 gap-2\">\n\t<div>\n\t\t<p><label>E-mail <span class=\"wpcf7-form-control-wrap\" data-name=\"your-email\"><input size=\"40\" maxlength=\"400\" class=\"wpcf7-form-control wpcf7-email wpcf7-validates-as-required wpcf7-text wpcf7-validates-as-email\" aria-required=\"true\" aria-invalid=\"false\" value=\"\" type=\"email\" name=\"your-email\" \/><\/span> <\/label>\n\t\t<\/p>\n\t<\/div>\n\t<div>\n\t\t<p><label>Num\u0103r de telefon <span class=\"wpcf7-form-control-wrap\" data-name=\"your-phone\"><input size=\"40\" maxlength=\"400\" class=\"wpcf7-form-control wpcf7-tel wpcf7-validates-as-required wpcf7-text wpcf7-validates-as-tel\" aria-required=\"true\" aria-invalid=\"false\" value=\"\" type=\"tel\" name=\"your-phone\" \/><\/span> <\/label>\n\t\t<\/p>\n\t<\/div>\n<\/div>\n<p><label>Mesajul t\u0103u<br \/>\n<span class=\"wpcf7-form-control-wrap\" data-name=\"your-message\"><textarea cols=\"40\" rows=\"10\" maxlength=\"2000\" class=\"wpcf7-form-control wpcf7-textarea wpcf7-validates-as-required\" aria-required=\"true\" aria-invalid=\"false\" name=\"your-message\"><\/textarea><\/span> <\/label>\n<\/p>\n<p style=\"font-size: 0.8rem;color: #989898;font-weight: normal;\">Administratorul datelor dumneavoastr\u0103 personale furnizate este Valvex S.A. cu sediul \u00een Jordan\u00f3w, pe strada Nad Skaw\u0105 2, 34-240 Jordan\u00f3w, \u00eenregistrat\u0103 \u00een Registrul Comer\u021ban\u021bilor al Registrului Na\u021bional al Instan\u021belor de Judecat\u0103 de c\u0103tre Tribunalul de District pentru Krak\u00f3w - \u015ar\u00f3dmie\u015bcie \u00een Krak\u00f3w, Sec\u021bia XII Comercial\u0103 a KRS sub num\u0103rul KRS 0000026818, CIF: 735-00-24-499, REGON: 490399956. Proces\u0103m datele dumneavoastr\u0103 personale \u00een scopul de a r\u0103spunde la \u00eentreb\u0103rile trimise sau \u00een alte chestiuni \u00een care ne contacta\u021bi utiliz\u00e2nd acest formular.\n<\/p>\n<p><label style=\"font-size: 0.8rem;color: #989898;font-weight: normal;\"> <span class=\"wpcf7-form-control-wrap\" data-name=\"dane-osobowe\"><span class=\"wpcf7-form-control wpcf7-acceptance optional\"><span class=\"wpcf7-list-item\"><input type=\"checkbox\" name=\"dane-osobowe\" value=\"1\" aria-invalid=\"false\" \/><\/span><\/span><\/span>&nbsp;&nbsp;\u00cemi exprim acordul de a fi contactat prin canalul de comunicare furnizat \u00een formular \u00een scopuri de marketing, inclusiv prezentarea ofertelor nesolicitate de produse \u0219i servicii de c\u0103tre Valvex S.A. \u00cen situa\u021biile prev\u0103zute de lege, ave\u021bi dreptul la: acces la datele dumneavoastr\u0103, primirea unei copii a datelor, rectificare, \u0219tergere, limitarea prelucr\u0103rii, transferul datelor, retragerea consim\u021b\u0103m\u00e2ntului \u0219i obiec\u021bia fa\u021b\u0103 de prelucrarea datelor. Informa\u021biile complete privind prelucrarea datelor personale \u00een comunicarea de afaceri sunt disponibile \u00een sec\u021biunea <a href=\"\/ro\/politica-de-confidentialitate\/\" target=\"_blank\" style=\"color:#ff0613;\">Politica de Confiden\u021bialitate<\/a>.<\/label>\n<\/p>\n<div class=\"text-right\">\n\t<p><input class=\"wpcf7-form-control wpcf7-submit has-spinner\" type=\"submit\" value=\"Trimite\" \/>\n\t<\/p>\n<\/div><div class=\"wpcf7-response-output\" aria-hidden=\"true\"><\/div>\n<\/form>\n<\/div>\n\n<\/div>\n<\/div>\n\n\n\n<p><\/p>\n","protected":false},"excerpt":{"rendered":"<p>Abord\u0103m responsabil fiecare provocare. Ne dedic\u0103m sarcinilor atribuite, rezolv\u0103m problemele emergente \u0219i ne str\u0103duim s\u0103 prest\u0103m servicii de cea mai \u00eenalt\u0103 calitate. Dac\u0103 oferta noastr\u0103 de investi\u021bii este pe m\u0103sura nevoilor dumneavoastr\u0103 \u0219i sunte\u021bi \u00een c\u0103utarea unui sprijin \u00een cadrul proceselor dumneavoastr\u0103 de investi\u021bii, v\u0103 rug\u0103m s\u0103 ne contacta\u021bi. Promitem c\u0103, pentru implementarea proiectului dumneavoastr\u0103, [&hellip;]<\/p>\n","protected":false},"author":12,"featured_media":68206,"parent":69554,"menu_order":300,"comment_status":"closed","ping_status":"closed","template":"","meta":{"_acf_changed":false,"footnotes":""},"class_list":["post-69542","page","type-page","status-publish","has-post-thumbnail","hentry"],"acf":[],"yoast_head":"<!-- This site is optimized with the Yoast SEO plugin v27.3 - https:\/\/yoast.com\/product\/yoast-seo-wordpress\/ -->\n<title>Colaboreaz\u0103 cu Valvex - Valvex<\/title>\n<meta name=\"robots\" content=\"index, follow, max-snippet:-1, max-image-preview:large, max-video-preview:-1\" \/>\n<link rel=\"canonical\" href=\"https:\/\/valvex.com\/ro\/zona-profesionala\/pentru-investitor\/colaboreaza-cu-valvex\/\" \/>\n<meta property=\"og:locale\" content=\"ro_RO\" \/>\n<meta property=\"og:type\" content=\"article\" \/>\n<meta property=\"og:title\" content=\"Colaboreaz\u0103 cu Valvex - Valvex\" \/>\n<meta property=\"og:description\" content=\"Abord\u0103m responsabil fiecare provocare. Ne dedic\u0103m sarcinilor atribuite, rezolv\u0103m problemele emergente \u0219i ne str\u0103duim s\u0103 prest\u0103m servicii de cea mai \u00eenalt\u0103 calitate. Dac\u0103 oferta noastr\u0103 de investi\u021bii este pe m\u0103sura nevoilor dumneavoastr\u0103 \u0219i sunte\u021bi \u00een c\u0103utarea unui sprijin \u00een cadrul proceselor dumneavoastr\u0103 de investi\u021bii, v\u0103 rug\u0103m s\u0103 ne contacta\u021bi. Promitem c\u0103, pentru implementarea proiectului dumneavoastr\u0103, [&hellip;]\" \/>\n<meta property=\"og:url\" content=\"https:\/\/valvex.com\/ro\/zona-profesionala\/pentru-investitor\/colaboreaza-cu-valvex\/\" \/>\n<meta property=\"og:site_name\" content=\"Valvex\" \/>\n<meta property=\"article:modified_time\" content=\"2024-04-25T06:24:40+00:00\" \/>\n<meta property=\"og:image\" content=\"https:\/\/valvex.com\/wp-content\/uploads\/2022\/06\/Valvex-dla-inwestora.jpg\" \/>\n\t<meta property=\"og:image:width\" content=\"2400\" \/>\n\t<meta property=\"og:image:height\" content=\"843\" \/>\n\t<meta property=\"og:image:type\" content=\"image\/jpeg\" \/>\n<meta name=\"twitter:card\" content=\"summary_large_image\" \/>\n<meta name=\"twitter:label1\" content=\"Timp estimat pentru citire\" \/>\n\t<meta name=\"twitter:data1\" content=\"2 minute\" \/>\n<script type=\"application\/ld+json\" class=\"yoast-schema-graph\">{\"@context\":\"https:\\\/\\\/schema.org\",\"@graph\":[{\"@type\":\"WebPage\",\"@id\":\"https:\\\/\\\/valvex.com\\\/ro\\\/zona-profesionala\\\/pentru-investitor\\\/colaboreaza-cu-valvex\\\/\",\"url\":\"https:\\\/\\\/valvex.com\\\/ro\\\/zona-profesionala\\\/pentru-investitor\\\/colaboreaza-cu-valvex\\\/\",\"name\":\"Colaboreaz\u0103 cu Valvex - Valvex\",\"isPartOf\":{\"@id\":\"https:\\\/\\\/valvex.com\\\/ro\\\/#website\"},\"primaryImageOfPage\":{\"@id\":\"https:\\\/\\\/valvex.com\\\/ro\\\/zona-profesionala\\\/pentru-investitor\\\/colaboreaza-cu-valvex\\\/#primaryimage\"},\"image\":{\"@id\":\"https:\\\/\\\/valvex.com\\\/ro\\\/zona-profesionala\\\/pentru-investitor\\\/colaboreaza-cu-valvex\\\/#primaryimage\"},\"thumbnailUrl\":\"https:\\\/\\\/valvex.com\\\/wp-content\\\/uploads\\\/2022\\\/06\\\/Valvex-dla-inwestora.jpg\",\"datePublished\":\"2022-08-17T13:51:00+00:00\",\"dateModified\":\"2024-04-25T06:24:40+00:00\",\"breadcrumb\":{\"@id\":\"https:\\\/\\\/valvex.com\\\/ro\\\/zona-profesionala\\\/pentru-investitor\\\/colaboreaza-cu-valvex\\\/#breadcrumb\"},\"inLanguage\":\"ro-RO\",\"potentialAction\":[{\"@type\":\"ReadAction\",\"target\":[\"https:\\\/\\\/valvex.com\\\/ro\\\/zona-profesionala\\\/pentru-investitor\\\/colaboreaza-cu-valvex\\\/\"]}]},{\"@type\":\"ImageObject\",\"inLanguage\":\"ro-RO\",\"@id\":\"https:\\\/\\\/valvex.com\\\/ro\\\/zona-profesionala\\\/pentru-investitor\\\/colaboreaza-cu-valvex\\\/#primaryimage\",\"url\":\"https:\\\/\\\/valvex.com\\\/wp-content\\\/uploads\\\/2022\\\/06\\\/Valvex-dla-inwestora.jpg\",\"contentUrl\":\"https:\\\/\\\/valvex.com\\\/wp-content\\\/uploads\\\/2022\\\/06\\\/Valvex-dla-inwestora.jpg\",\"width\":2400,\"height\":843},{\"@type\":\"BreadcrumbList\",\"@id\":\"https:\\\/\\\/valvex.com\\\/ro\\\/zona-profesionala\\\/pentru-investitor\\\/colaboreaza-cu-valvex\\\/#breadcrumb\",\"itemListElement\":[{\"@type\":\"ListItem\",\"position\":1,\"name\":\"Strona g\u0142\u00f3wna\",\"item\":\"https:\\\/\\\/valvex.com\\\/ro\\\/\"},{\"@type\":\"ListItem\",\"position\":2,\"name\":\"Zona Profesional\u0103\",\"item\":\"https:\\\/\\\/valvex.com\\\/ro\\\/zona-profesionala\\\/\"},{\"@type\":\"ListItem\",\"position\":3,\"name\":\"Pentru Investitor\",\"item\":\"https:\\\/\\\/valvex.com\\\/ro\\\/zona-profesionala\\\/pentru-investitor\\\/\"},{\"@type\":\"ListItem\",\"position\":4,\"name\":\"Colaboreaz\u0103 cu Valvex\"}]},{\"@type\":\"WebSite\",\"@id\":\"https:\\\/\\\/valvex.com\\\/ro\\\/#website\",\"url\":\"https:\\\/\\\/valvex.com\\\/ro\\\/\",\"name\":\"Valvex\",\"description\":\"Produc\u0103tor de instala\u021bii sanitare \u0219i sanitare\",\"potentialAction\":[{\"@type\":\"SearchAction\",\"target\":{\"@type\":\"EntryPoint\",\"urlTemplate\":\"https:\\\/\\\/valvex.com\\\/ro\\\/?s={search_term_string}\"},\"query-input\":{\"@type\":\"PropertyValueSpecification\",\"valueRequired\":true,\"valueName\":\"search_term_string\"}}],\"inLanguage\":\"ro-RO\"}]}<\/script>\n<!-- \/ Yoast SEO plugin. -->","yoast_head_json":{"title":"Colaboreaz\u0103 cu Valvex - Valvex","robots":{"index":"index","follow":"follow","max-snippet":"max-snippet:-1","max-image-preview":"max-image-preview:large","max-video-preview":"max-video-preview:-1"},"canonical":"https:\/\/valvex.com\/ro\/zona-profesionala\/pentru-investitor\/colaboreaza-cu-valvex\/","og_locale":"ro_RO","og_type":"article","og_title":"Colaboreaz\u0103 cu Valvex - Valvex","og_description":"Abord\u0103m responsabil fiecare provocare. Ne dedic\u0103m sarcinilor atribuite, rezolv\u0103m problemele emergente \u0219i ne str\u0103duim s\u0103 prest\u0103m servicii de cea mai \u00eenalt\u0103 calitate. Dac\u0103 oferta noastr\u0103 de investi\u021bii este pe m\u0103sura nevoilor dumneavoastr\u0103 \u0219i sunte\u021bi \u00een c\u0103utarea unui sprijin \u00een cadrul proceselor dumneavoastr\u0103 de investi\u021bii, v\u0103 rug\u0103m s\u0103 ne contacta\u021bi. Promitem c\u0103, pentru implementarea proiectului dumneavoastr\u0103, [&hellip;]","og_url":"https:\/\/valvex.com\/ro\/zona-profesionala\/pentru-investitor\/colaboreaza-cu-valvex\/","og_site_name":"Valvex","article_modified_time":"2024-04-25T06:24:40+00:00","og_image":[{"width":2400,"height":843,"url":"https:\/\/valvex.com\/wp-content\/uploads\/2022\/06\/Valvex-dla-inwestora.jpg","type":"image\/jpeg"}],"twitter_card":"summary_large_image","twitter_misc":{"Timp estimat pentru citire":"2 minute"},"schema":{"@context":"https:\/\/schema.org","@graph":[{"@type":"WebPage","@id":"https:\/\/valvex.com\/ro\/zona-profesionala\/pentru-investitor\/colaboreaza-cu-valvex\/","url":"https:\/\/valvex.com\/ro\/zona-profesionala\/pentru-investitor\/colaboreaza-cu-valvex\/","name":"Colaboreaz\u0103 cu Valvex - Valvex","isPartOf":{"@id":"https:\/\/valvex.com\/ro\/#website"},"primaryImageOfPage":{"@id":"https:\/\/valvex.com\/ro\/zona-profesionala\/pentru-investitor\/colaboreaza-cu-valvex\/#primaryimage"},"image":{"@id":"https:\/\/valvex.com\/ro\/zona-profesionala\/pentru-investitor\/colaboreaza-cu-valvex\/#primaryimage"},"thumbnailUrl":"https:\/\/valvex.com\/wp-content\/uploads\/2022\/06\/Valvex-dla-inwestora.jpg","datePublished":"2022-08-17T13:51:00+00:00","dateModified":"2024-04-25T06:24:40+00:00","breadcrumb":{"@id":"https:\/\/valvex.com\/ro\/zona-profesionala\/pentru-investitor\/colaboreaza-cu-valvex\/#breadcrumb"},"inLanguage":"ro-RO","potentialAction":[{"@type":"ReadAction","target":["https:\/\/valvex.com\/ro\/zona-profesionala\/pentru-investitor\/colaboreaza-cu-valvex\/"]}]},{"@type":"ImageObject","inLanguage":"ro-RO","@id":"https:\/\/valvex.com\/ro\/zona-profesionala\/pentru-investitor\/colaboreaza-cu-valvex\/#primaryimage","url":"https:\/\/valvex.com\/wp-content\/uploads\/2022\/06\/Valvex-dla-inwestora.jpg","contentUrl":"https:\/\/valvex.com\/wp-content\/uploads\/2022\/06\/Valvex-dla-inwestora.jpg","width":2400,"height":843},{"@type":"BreadcrumbList","@id":"https:\/\/valvex.com\/ro\/zona-profesionala\/pentru-investitor\/colaboreaza-cu-valvex\/#breadcrumb","itemListElement":[{"@type":"ListItem","position":1,"name":"Strona g\u0142\u00f3wna","item":"https:\/\/valvex.com\/ro\/"},{"@type":"ListItem","position":2,"name":"Zona Profesional\u0103","item":"https:\/\/valvex.com\/ro\/zona-profesionala\/"},{"@type":"ListItem","position":3,"name":"Pentru Investitor","item":"https:\/\/valvex.com\/ro\/zona-profesionala\/pentru-investitor\/"},{"@type":"ListItem","position":4,"name":"Colaboreaz\u0103 cu Valvex"}]},{"@type":"WebSite","@id":"https:\/\/valvex.com\/ro\/#website","url":"https:\/\/valvex.com\/ro\/","name":"Valvex","description":"Produc\u0103tor de instala\u021bii sanitare \u0219i sanitare","potentialAction":[{"@type":"SearchAction","target":{"@type":"EntryPoint","urlTemplate":"https:\/\/valvex.com\/ro\/?s={search_term_string}"},"query-input":{"@type":"PropertyValueSpecification","valueRequired":true,"valueName":"search_term_string"}}],"inLanguage":"ro-RO"}]}},"_links":{"self":[{"href":"https:\/\/valvex.com\/ro\/wp-json\/wp\/v2\/pages\/69542","targetHints":{"allow":["GET"]}}],"collection":[{"href":"https:\/\/valvex.com\/ro\/wp-json\/wp\/v2\/pages"}],"about":[{"href":"https:\/\/valvex.com\/ro\/wp-json\/wp\/v2\/types\/page"}],"author":[{"embeddable":true,"href":"https:\/\/valvex.com\/ro\/wp-json\/wp\/v2\/users\/12"}],"replies":[{"embeddable":true,"href":"https:\/\/valvex.com\/ro\/wp-json\/wp\/v2\/comments?post=69542"}],"version-history":[{"count":1,"href":"https:\/\/valvex.com\/ro\/wp-json\/wp\/v2\/pages\/69542\/revisions"}],"predecessor-version":[{"id":71566,"href":"https:\/\/valvex.com\/ro\/wp-json\/wp\/v2\/pages\/69542\/revisions\/71566"}],"up":[{"embeddable":true,"href":"https:\/\/valvex.com\/ro\/wp-json\/wp\/v2\/pages\/69554"}],"wp:featuredmedia":[{"embeddable":true,"href":"https:\/\/valvex.com\/ro\/wp-json\/wp\/v2\/media\/68206"}],"wp:attachment":[{"href":"https:\/\/valvex.com\/ro\/wp-json\/wp\/v2\/media?parent=69542"}],"curies":[{"name":"wp","href":"https:\/\/api.w.org\/{rel}","templated":true}]}}