{"id":69405,"date":"2022-06-01T15:30:55","date_gmt":"2022-06-01T13:30:55","guid":{"rendered":"http:\/\/valvex.com\/zona-profesionala\/zona-de-instalatori\/valvexpro\/"},"modified":"2025-03-07T08:39:56","modified_gmt":"2025-03-07T07:39:56","slug":"valvexpro","status":"publish","type":"page","link":"https:\/\/valvex.com\/ro\/zona-profesionala\/zona-de-instalatori\/valvexpro\/","title":{"rendered":"ValvexPRO"},"content":{"rendered":"\n<div class=\"wp-block-columns is-layout-flex wp-container-core-columns-is-layout-9d6595d7 wp-block-columns-is-layout-flex\">\n<div class=\"wp-block-column is-layout-flow wp-block-column-is-layout-flow\" style=\"flex-basis:66.66%\">\n<h3 class=\"wp-block-heading\">ValvexPRO<\/h3>\n\n\n\n<p>Pia\u021ba este mereu \u00een schimbare \u0219i \u00een dezvoltare. Clien\u021bii se orienteaz\u0103 cu bun\u0103 \u0219tiin\u021b\u0103 c\u0103tre produse de calitate superioar\u0103, mai durabile \u0219i fabricate \u00een condi\u021bii corespunz\u0103toare, de preferin\u021b\u0103 local. Noi, \u00een calitatea noastr\u0103 de produc\u0103tor, \u0219i dumneavoastr\u0103, \u00een calitate de instalatori, trebuie s\u0103 r\u0103m\u00e2nem \u00een pas cu exigen\u021bele mediului pentru a ne putea men\u021bine constant\u0103 pozi\u021bia competitiv\u0103. \u00cen acest scop, am \u00eenfiin\u021bat o linie suplimentar\u0103 de produse destinate unor activit\u0103\u021bi speciale.<\/p>\n\n\n\n<p>Produsele care poart\u0103 marca ValvexPRO se adreseaz\u0103 profesioni\u0219tilor a c\u0103ror activitate este axat\u0103 pe competen\u021b\u0103, experien\u021b\u0103 \u0219i cunoa\u0219tere proprie. Cu ajutorul acestor produse, p\u00e2n\u0103 \u0219i proiectele care par imposibile sunt implementate cu succes.<\/p>\n<\/div>\n\n\n\n<div class=\"wp-block-column is-layout-flow wp-block-column-is-layout-flow\" style=\"flex-basis:33.33%\"><\/div>\n<\/div>\n\n\n\n<div class=\"wp-block-columns mt-16 is-layout-flex wp-container-core-columns-is-layout-9d6595d7 wp-block-columns-is-layout-flex\"><\/div>\n","protected":false},"excerpt":{"rendered":"<p>ValvexPRO Pia\u021ba este mereu \u00een schimbare \u0219i \u00een dezvoltare. Clien\u021bii se orienteaz\u0103 cu bun\u0103 \u0219tiin\u021b\u0103 c\u0103tre produse de calitate superioar\u0103, mai durabile \u0219i fabricate \u00een condi\u021bii corespunz\u0103toare, de preferin\u021b\u0103 local. Noi, \u00een calitatea noastr\u0103 de produc\u0103tor, \u0219i dumneavoastr\u0103, \u00een calitate de instalatori, trebuie s\u0103 r\u0103m\u00e2nem \u00een pas cu exigen\u021bele mediului pentru a ne putea men\u021bine [&hellip;]<\/p>\n","protected":false},"author":12,"featured_media":68172,"parent":69384,"menu_order":269,"comment_status":"closed","ping_status":"closed","template":"","meta":{"_acf_changed":false,"footnotes":""},"class_list":["post-69405","page","type-page","status-publish","has-post-thumbnail","hentry"],"acf":[],"yoast_head":"<!-- This site is optimized with the Yoast SEO plugin v27.3 - https:\/\/yoast.com\/product\/yoast-seo-wordpress\/ -->\n<title>ValvexPRO - Valvex<\/title>\n<meta name=\"robots\" content=\"index, follow, max-snippet:-1, max-image-preview:large, max-video-preview:-1\" \/>\n<link rel=\"canonical\" href=\"https:\/\/valvex.com\/ro\/zona-profesionala\/zona-de-instalatori\/valvexpro\/\" \/>\n<meta property=\"og:locale\" content=\"ro_RO\" \/>\n<meta property=\"og:type\" content=\"article\" \/>\n<meta property=\"og:title\" content=\"ValvexPRO - Valvex\" \/>\n<meta property=\"og:description\" content=\"ValvexPRO Pia\u021ba este mereu \u00een schimbare \u0219i \u00een dezvoltare. Clien\u021bii se orienteaz\u0103 cu bun\u0103 \u0219tiin\u021b\u0103 c\u0103tre produse de calitate superioar\u0103, mai durabile \u0219i fabricate \u00een condi\u021bii corespunz\u0103toare, de preferin\u021b\u0103 local. Noi, \u00een calitatea noastr\u0103 de produc\u0103tor, \u0219i dumneavoastr\u0103, \u00een calitate de instalatori, trebuie s\u0103 r\u0103m\u00e2nem \u00een pas cu exigen\u021bele mediului pentru a ne putea men\u021bine [&hellip;]\" \/>\n<meta property=\"og:url\" content=\"https:\/\/valvex.com\/ro\/zona-profesionala\/zona-de-instalatori\/valvexpro\/\" \/>\n<meta property=\"og:site_name\" content=\"Valvex\" \/>\n<meta property=\"article:modified_time\" content=\"2025-03-07T07:39:56+00:00\" \/>\n<meta property=\"og:image\" content=\"https:\/\/valvex.com\/wp-content\/uploads\/2022\/06\/Valvex-dla-instalatora.jpg\" \/>\n\t<meta property=\"og:image:width\" content=\"2400\" \/>\n\t<meta property=\"og:image:height\" content=\"843\" \/>\n\t<meta property=\"og:image:type\" content=\"image\/jpeg\" \/>\n<meta name=\"twitter:card\" content=\"summary_large_image\" \/>\n<meta name=\"twitter:label1\" content=\"Timp estimat pentru citire\" \/>\n\t<meta name=\"twitter:data1\" content=\"1 minut\" \/>\n<script type=\"application\/ld+json\" class=\"yoast-schema-graph\">{\"@context\":\"https:\\\/\\\/schema.org\",\"@graph\":[{\"@type\":\"WebPage\",\"@id\":\"https:\\\/\\\/valvex.com\\\/ro\\\/zona-profesionala\\\/zona-de-instalatori\\\/valvexpro\\\/\",\"url\":\"https:\\\/\\\/valvex.com\\\/ro\\\/zona-profesionala\\\/zona-de-instalatori\\\/valvexpro\\\/\",\"name\":\"ValvexPRO - Valvex\",\"isPartOf\":{\"@id\":\"https:\\\/\\\/valvex.com\\\/ro\\\/#website\"},\"primaryImageOfPage\":{\"@id\":\"https:\\\/\\\/valvex.com\\\/ro\\\/zona-profesionala\\\/zona-de-instalatori\\\/valvexpro\\\/#primaryimage\"},\"image\":{\"@id\":\"https:\\\/\\\/valvex.com\\\/ro\\\/zona-profesionala\\\/zona-de-instalatori\\\/valvexpro\\\/#primaryimage\"},\"thumbnailUrl\":\"https:\\\/\\\/valvex.com\\\/wp-content\\\/uploads\\\/2022\\\/06\\\/Valvex-dla-instalatora.jpg\",\"datePublished\":\"2022-06-01T13:30:55+00:00\",\"dateModified\":\"2025-03-07T07:39:56+00:00\",\"breadcrumb\":{\"@id\":\"https:\\\/\\\/valvex.com\\\/ro\\\/zona-profesionala\\\/zona-de-instalatori\\\/valvexpro\\\/#breadcrumb\"},\"inLanguage\":\"ro-RO\",\"potentialAction\":[{\"@type\":\"ReadAction\",\"target\":[\"https:\\\/\\\/valvex.com\\\/ro\\\/zona-profesionala\\\/zona-de-instalatori\\\/valvexpro\\\/\"]}]},{\"@type\":\"ImageObject\",\"inLanguage\":\"ro-RO\",\"@id\":\"https:\\\/\\\/valvex.com\\\/ro\\\/zona-profesionala\\\/zona-de-instalatori\\\/valvexpro\\\/#primaryimage\",\"url\":\"https:\\\/\\\/valvex.com\\\/wp-content\\\/uploads\\\/2022\\\/06\\\/Valvex-dla-instalatora.jpg\",\"contentUrl\":\"https:\\\/\\\/valvex.com\\\/wp-content\\\/uploads\\\/2022\\\/06\\\/Valvex-dla-instalatora.jpg\",\"width\":2400,\"height\":843},{\"@type\":\"BreadcrumbList\",\"@id\":\"https:\\\/\\\/valvex.com\\\/ro\\\/zona-profesionala\\\/zona-de-instalatori\\\/valvexpro\\\/#breadcrumb\",\"itemListElement\":[{\"@type\":\"ListItem\",\"position\":1,\"name\":\"Strona g\u0142\u00f3wna\",\"item\":\"https:\\\/\\\/valvex.com\\\/ro\\\/\"},{\"@type\":\"ListItem\",\"position\":2,\"name\":\"Zona Profesional\u0103\",\"item\":\"https:\\\/\\\/valvex.com\\\/ro\\\/zona-profesionala\\\/\"},{\"@type\":\"ListItem\",\"position\":3,\"name\":\"Zona de Instalatori\",\"item\":\"https:\\\/\\\/valvex.com\\\/ro\\\/strefa-profesjonalisty\\\/strefa-instalatora\\\/\"},{\"@type\":\"ListItem\",\"position\":4,\"name\":\"ValvexPRO\"}]},{\"@type\":\"WebSite\",\"@id\":\"https:\\\/\\\/valvex.com\\\/ro\\\/#website\",\"url\":\"https:\\\/\\\/valvex.com\\\/ro\\\/\",\"name\":\"Valvex\",\"description\":\"Produc\u0103tor de instala\u021bii sanitare \u0219i sanitare\",\"potentialAction\":[{\"@type\":\"SearchAction\",\"target\":{\"@type\":\"EntryPoint\",\"urlTemplate\":\"https:\\\/\\\/valvex.com\\\/ro\\\/?s={search_term_string}\"},\"query-input\":{\"@type\":\"PropertyValueSpecification\",\"valueRequired\":true,\"valueName\":\"search_term_string\"}}],\"inLanguage\":\"ro-RO\"}]}<\/script>\n<!-- \/ Yoast SEO plugin. -->","yoast_head_json":{"title":"ValvexPRO - Valvex","robots":{"index":"index","follow":"follow","max-snippet":"max-snippet:-1","max-image-preview":"max-image-preview:large","max-video-preview":"max-video-preview:-1"},"canonical":"https:\/\/valvex.com\/ro\/zona-profesionala\/zona-de-instalatori\/valvexpro\/","og_locale":"ro_RO","og_type":"article","og_title":"ValvexPRO - Valvex","og_description":"ValvexPRO Pia\u021ba este mereu \u00een schimbare \u0219i \u00een dezvoltare. Clien\u021bii se orienteaz\u0103 cu bun\u0103 \u0219tiin\u021b\u0103 c\u0103tre produse de calitate superioar\u0103, mai durabile \u0219i fabricate \u00een condi\u021bii corespunz\u0103toare, de preferin\u021b\u0103 local. Noi, \u00een calitatea noastr\u0103 de produc\u0103tor, \u0219i dumneavoastr\u0103, \u00een calitate de instalatori, trebuie s\u0103 r\u0103m\u00e2nem \u00een pas cu exigen\u021bele mediului pentru a ne putea men\u021bine [&hellip;]","og_url":"https:\/\/valvex.com\/ro\/zona-profesionala\/zona-de-instalatori\/valvexpro\/","og_site_name":"Valvex","article_modified_time":"2025-03-07T07:39:56+00:00","og_image":[{"width":2400,"height":843,"url":"https:\/\/valvex.com\/wp-content\/uploads\/2022\/06\/Valvex-dla-instalatora.jpg","type":"image\/jpeg"}],"twitter_card":"summary_large_image","twitter_misc":{"Timp estimat pentru citire":"1 minut"},"schema":{"@context":"https:\/\/schema.org","@graph":[{"@type":"WebPage","@id":"https:\/\/valvex.com\/ro\/zona-profesionala\/zona-de-instalatori\/valvexpro\/","url":"https:\/\/valvex.com\/ro\/zona-profesionala\/zona-de-instalatori\/valvexpro\/","name":"ValvexPRO - Valvex","isPartOf":{"@id":"https:\/\/valvex.com\/ro\/#website"},"primaryImageOfPage":{"@id":"https:\/\/valvex.com\/ro\/zona-profesionala\/zona-de-instalatori\/valvexpro\/#primaryimage"},"image":{"@id":"https:\/\/valvex.com\/ro\/zona-profesionala\/zona-de-instalatori\/valvexpro\/#primaryimage"},"thumbnailUrl":"https:\/\/valvex.com\/wp-content\/uploads\/2022\/06\/Valvex-dla-instalatora.jpg","datePublished":"2022-06-01T13:30:55+00:00","dateModified":"2025-03-07T07:39:56+00:00","breadcrumb":{"@id":"https:\/\/valvex.com\/ro\/zona-profesionala\/zona-de-instalatori\/valvexpro\/#breadcrumb"},"inLanguage":"ro-RO","potentialAction":[{"@type":"ReadAction","target":["https:\/\/valvex.com\/ro\/zona-profesionala\/zona-de-instalatori\/valvexpro\/"]}]},{"@type":"ImageObject","inLanguage":"ro-RO","@id":"https:\/\/valvex.com\/ro\/zona-profesionala\/zona-de-instalatori\/valvexpro\/#primaryimage","url":"https:\/\/valvex.com\/wp-content\/uploads\/2022\/06\/Valvex-dla-instalatora.jpg","contentUrl":"https:\/\/valvex.com\/wp-content\/uploads\/2022\/06\/Valvex-dla-instalatora.jpg","width":2400,"height":843},{"@type":"BreadcrumbList","@id":"https:\/\/valvex.com\/ro\/zona-profesionala\/zona-de-instalatori\/valvexpro\/#breadcrumb","itemListElement":[{"@type":"ListItem","position":1,"name":"Strona g\u0142\u00f3wna","item":"https:\/\/valvex.com\/ro\/"},{"@type":"ListItem","position":2,"name":"Zona Profesional\u0103","item":"https:\/\/valvex.com\/ro\/zona-profesionala\/"},{"@type":"ListItem","position":3,"name":"Zona de Instalatori","item":"https:\/\/valvex.com\/ro\/strefa-profesjonalisty\/strefa-instalatora\/"},{"@type":"ListItem","position":4,"name":"ValvexPRO"}]},{"@type":"WebSite","@id":"https:\/\/valvex.com\/ro\/#website","url":"https:\/\/valvex.com\/ro\/","name":"Valvex","description":"Produc\u0103tor de instala\u021bii sanitare \u0219i sanitare","potentialAction":[{"@type":"SearchAction","target":{"@type":"EntryPoint","urlTemplate":"https:\/\/valvex.com\/ro\/?s={search_term_string}"},"query-input":{"@type":"PropertyValueSpecification","valueRequired":true,"valueName":"search_term_string"}}],"inLanguage":"ro-RO"}]}},"_links":{"self":[{"href":"https:\/\/valvex.com\/ro\/wp-json\/wp\/v2\/pages\/69405","targetHints":{"allow":["GET"]}}],"collection":[{"href":"https:\/\/valvex.com\/ro\/wp-json\/wp\/v2\/pages"}],"about":[{"href":"https:\/\/valvex.com\/ro\/wp-json\/wp\/v2\/types\/page"}],"author":[{"embeddable":true,"href":"https:\/\/valvex.com\/ro\/wp-json\/wp\/v2\/users\/12"}],"replies":[{"embeddable":true,"href":"https:\/\/valvex.com\/ro\/wp-json\/wp\/v2\/comments?post=69405"}],"version-history":[{"count":1,"href":"https:\/\/valvex.com\/ro\/wp-json\/wp\/v2\/pages\/69405\/revisions"}],"predecessor-version":[{"id":71560,"href":"https:\/\/valvex.com\/ro\/wp-json\/wp\/v2\/pages\/69405\/revisions\/71560"}],"up":[{"embeddable":true,"href":"https:\/\/valvex.com\/ro\/wp-json\/wp\/v2\/pages\/69384"}],"wp:featuredmedia":[{"embeddable":true,"href":"https:\/\/valvex.com\/ro\/wp-json\/wp\/v2\/media\/68172"}],"wp:attachment":[{"href":"https:\/\/valvex.com\/ro\/wp-json\/wp\/v2\/media?parent=69405"}],"curies":[{"name":"wp","href":"https:\/\/api.w.org\/{rel}","templated":true}]}}