{"id":69090,"date":"2023-06-02T10:29:38","date_gmt":"2023-06-02T08:29:38","guid":{"rendered":"http:\/\/valvex.com\/zintegrowana-polityka-jakosci-i-srodowiskowa\/"},"modified":"2024-04-24T15:20:36","modified_gmt":"2024-04-24T13:20:36","slug":"politica-integrata-de-calitate-si-mediu","status":"publish","type":"page","link":"https:\/\/valvex.com\/ro\/politica-integrata-de-calitate-si-mediu\/","title":{"rendered":"Politica integrat\u0103 de calitate \u0219i mediu"},"content":{"rendered":"\n<p><\/p>\n\n\n\n<p><\/p>\n\n\n\n<h2 class=\"wp-block-heading has-text-align-left\"><\/h2>\n\n\n\n<p><strong>Obiectul de activitate al Valvex S.A. este reprezentat de proiectarea, producerea \u0219i v\u00e2nzarea de fitinguri \u0219i instala\u021bii sanitare.<\/strong><\/p>\n\n\n\n<p><strong>Scopul principal al companiei noastre este satisfacerea cerin\u021belor \u0219i a a\u0219tept\u0103rilor clien\u021bilor no\u0219tri, \u00een timp ce acord\u0103m aten\u021bie \u0219i preocup\u0103rilor p\u0103r\u021bilor interesate, dar \u0219i mediului \u00eenconjur\u0103tor.<\/strong><\/p>\n\n\n\n<p><strong>Printre altele, obiectivele noastre sunt posibile prin:<\/strong><\/p>\n\n\n\n<ul class=\"wp-block-list\">\n<li>analiza m\u0103sur\u0103torilor referitoare la satisfac\u021bia clien\u021bilor \u0219i anticiparea a\u0219tept\u0103rilor acestora \u00een materie de design<br>\u0219i func\u021bionalitatea produselor fabricate,<\/li>\n\n\n\n<li>participarea angaja\u021bilor de la toate nivelurile organiza\u021biei \u00een cadrul procesului de \u00eembun\u0103t\u0103\u021bire continu\u0103,<\/li>\n\n\n\n<li>supravegherea \u0219i optimizarea proceselor de produc\u021bie,<\/li>\n\n\n\n<li>colaborarea cu furnizorii, datorit\u0103 c\u0103reia este posibil\u0103 furnizarea de materiale \u0219i de servicii de \u00eenalt\u0103 calitate \u0219i favorabile mediului \u00eenconjur\u0103tor,<\/li>\n\n\n\n<li>sensibilizarea angaja\u021bilor cu privire la ceea ce \u00eenseamn\u0103 calitate \u0219i mediu, precum \u0219i cre\u0219terea implic\u0103rii lor \u00een aceste domenii,<\/li>\n\n\n\n<li>minimizarea impactului negativ asupra mediului \u00eenconjur\u0103tor,<\/li>\n\n\n\n<li>sc\u0103derea consumului de resurse naturale,<\/li>\n\n\n\n<li>sc\u0103derea cantit\u0103\u021bii de de\u0219euri generate \u0219i a emisiilor de poluan\u021bi \u00een mediu,<\/li>\n\n\n\n<li>dezvoltarea de produse ecologice<\/li>\n\n\n\n<li>sus\u021binerea eforturilor Organiza\u021biei pentru Drepturile Omului menite s\u0103 pun\u0103 cap\u0103t violen\u021bei \u0219i cruzimii, prin impunerea obliga\u021biei furnizorilor direc\u021bi \u0219i indirec\u021bi de a garanta c\u0103 materialele achizi\u021bionate nu sunt ob\u021binute din locuri aflate \u00een conflicte armate \u0219i \u00een care sunt \u00eenc\u0103lcate drepturile omului.<\/li>\n<\/ul>\n\n\n\n<p><strong>Ne asum\u0103m urm\u0103toarele angajamente:<\/strong><\/p>\n\n\n\n<ul class=\"wp-block-list\">\n<li>s\u0103 \u00eentre\u021binem \u0219i s\u0103 \u00eembun\u0103t\u0103\u021bim continuu Sistemul de Management Integrat pe baza cerin\u021belor standardelor ISO 9001:2015 \u0219i ISO 14001:2015,<\/li>\n\n\n\n<li>s\u0103 respect\u0103m cerin\u021bele legilor general aplicabile, precum \u0219i pe ale altor reglement\u0103ri \u0219i dispozi\u021bii aplicabile Valvex S.A.,<\/li>\n\n\n\n<li>s\u0103 ne conform\u0103m cerin\u021belor legale pe care le specific\u0103 clientul \u0219i care decurg din dispozi\u021biile legale \u00een vigoare \u00een \u021bara de destina\u021bie a produselor,<\/li>\n\n\n\n<li>s\u0103 protej\u0103m \u0219i s\u0103 p\u0103str\u0103m confiden\u021bialitatea datelor referitoare la produse \u0219i informa\u021biile comerciale ale clien\u021bilor no\u0219tri<\/li>\n<\/ul>\n","protected":false},"excerpt":{"rendered":"<p>Obiectul de activitate al Valvex S.A. este reprezentat de proiectarea, producerea \u0219i v\u00e2nzarea de fitinguri \u0219i instala\u021bii sanitare. Scopul principal al companiei noastre este satisfacerea cerin\u021belor \u0219i a a\u0219tept\u0103rilor clien\u021bilor no\u0219tri, \u00een timp ce acord\u0103m aten\u021bie \u0219i preocup\u0103rilor p\u0103r\u021bilor interesate, dar \u0219i mediului \u00eenconjur\u0103tor. Printre altele, obiectivele noastre sunt posibile prin: Ne asum\u0103m urm\u0103toarele angajamente:<\/p>\n","protected":false},"author":12,"featured_media":0,"parent":0,"menu_order":24,"comment_status":"closed","ping_status":"closed","template":"","meta":{"_acf_changed":false,"footnotes":""},"class_list":["post-69090","page","type-page","status-publish","hentry"],"acf":[],"yoast_head":"<!-- This site is optimized with the Yoast SEO plugin v27.3 - https:\/\/yoast.com\/product\/yoast-seo-wordpress\/ -->\n<title>Politica integrat\u0103 de calitate \u0219i mediu - Valvex<\/title>\n<meta name=\"robots\" content=\"index, follow, max-snippet:-1, max-image-preview:large, max-video-preview:-1\" \/>\n<link rel=\"canonical\" href=\"https:\/\/valvex.com\/ro\/politica-integrata-de-calitate-si-mediu\/\" \/>\n<meta property=\"og:locale\" content=\"ro_RO\" \/>\n<meta property=\"og:type\" content=\"article\" \/>\n<meta property=\"og:title\" content=\"Politica integrat\u0103 de calitate \u0219i mediu - Valvex\" \/>\n<meta property=\"og:description\" content=\"Obiectul de activitate al Valvex S.A. este reprezentat de proiectarea, producerea \u0219i v\u00e2nzarea de fitinguri \u0219i instala\u021bii sanitare. Scopul principal al companiei noastre este satisfacerea cerin\u021belor \u0219i a a\u0219tept\u0103rilor clien\u021bilor no\u0219tri, \u00een timp ce acord\u0103m aten\u021bie \u0219i preocup\u0103rilor p\u0103r\u021bilor interesate, dar \u0219i mediului \u00eenconjur\u0103tor. Printre altele, obiectivele noastre sunt posibile prin: Ne asum\u0103m urm\u0103toarele angajamente:\" \/>\n<meta property=\"og:url\" content=\"https:\/\/valvex.com\/ro\/politica-integrata-de-calitate-si-mediu\/\" \/>\n<meta property=\"og:site_name\" content=\"Valvex\" \/>\n<meta property=\"article:modified_time\" content=\"2024-04-24T13:20:36+00:00\" \/>\n<meta name=\"twitter:card\" content=\"summary_large_image\" \/>\n<meta name=\"twitter:label1\" content=\"Timp estimat pentru citire\" \/>\n\t<meta name=\"twitter:data1\" content=\"2 minute\" \/>\n<script type=\"application\/ld+json\" class=\"yoast-schema-graph\">{\"@context\":\"https:\\\/\\\/schema.org\",\"@graph\":[{\"@type\":\"WebPage\",\"@id\":\"https:\\\/\\\/valvex.com\\\/ro\\\/politica-integrata-de-calitate-si-mediu\\\/\",\"url\":\"https:\\\/\\\/valvex.com\\\/ro\\\/politica-integrata-de-calitate-si-mediu\\\/\",\"name\":\"Politica integrat\u0103 de calitate \u0219i mediu - Valvex\",\"isPartOf\":{\"@id\":\"https:\\\/\\\/valvex.com\\\/ro\\\/#website\"},\"datePublished\":\"2023-06-02T08:29:38+00:00\",\"dateModified\":\"2024-04-24T13:20:36+00:00\",\"breadcrumb\":{\"@id\":\"https:\\\/\\\/valvex.com\\\/ro\\\/politica-integrata-de-calitate-si-mediu\\\/#breadcrumb\"},\"inLanguage\":\"ro-RO\",\"potentialAction\":[{\"@type\":\"ReadAction\",\"target\":[\"https:\\\/\\\/valvex.com\\\/ro\\\/politica-integrata-de-calitate-si-mediu\\\/\"]}]},{\"@type\":\"BreadcrumbList\",\"@id\":\"https:\\\/\\\/valvex.com\\\/ro\\\/politica-integrata-de-calitate-si-mediu\\\/#breadcrumb\",\"itemListElement\":[{\"@type\":\"ListItem\",\"position\":1,\"name\":\"Strona g\u0142\u00f3wna\",\"item\":\"https:\\\/\\\/valvex.com\\\/ro\\\/\"},{\"@type\":\"ListItem\",\"position\":2,\"name\":\"Politica integrat\u0103 de calitate \u0219i mediu\"}]},{\"@type\":\"WebSite\",\"@id\":\"https:\\\/\\\/valvex.com\\\/ro\\\/#website\",\"url\":\"https:\\\/\\\/valvex.com\\\/ro\\\/\",\"name\":\"Valvex\",\"description\":\"Produc\u0103tor de instala\u021bii sanitare \u0219i sanitare\",\"potentialAction\":[{\"@type\":\"SearchAction\",\"target\":{\"@type\":\"EntryPoint\",\"urlTemplate\":\"https:\\\/\\\/valvex.com\\\/ro\\\/?s={search_term_string}\"},\"query-input\":{\"@type\":\"PropertyValueSpecification\",\"valueRequired\":true,\"valueName\":\"search_term_string\"}}],\"inLanguage\":\"ro-RO\"}]}<\/script>\n<!-- \/ Yoast SEO plugin. -->","yoast_head_json":{"title":"Politica integrat\u0103 de calitate \u0219i mediu - Valvex","robots":{"index":"index","follow":"follow","max-snippet":"max-snippet:-1","max-image-preview":"max-image-preview:large","max-video-preview":"max-video-preview:-1"},"canonical":"https:\/\/valvex.com\/ro\/politica-integrata-de-calitate-si-mediu\/","og_locale":"ro_RO","og_type":"article","og_title":"Politica integrat\u0103 de calitate \u0219i mediu - Valvex","og_description":"Obiectul de activitate al Valvex S.A. este reprezentat de proiectarea, producerea \u0219i v\u00e2nzarea de fitinguri \u0219i instala\u021bii sanitare. Scopul principal al companiei noastre este satisfacerea cerin\u021belor \u0219i a a\u0219tept\u0103rilor clien\u021bilor no\u0219tri, \u00een timp ce acord\u0103m aten\u021bie \u0219i preocup\u0103rilor p\u0103r\u021bilor interesate, dar \u0219i mediului \u00eenconjur\u0103tor. Printre altele, obiectivele noastre sunt posibile prin: Ne asum\u0103m urm\u0103toarele angajamente:","og_url":"https:\/\/valvex.com\/ro\/politica-integrata-de-calitate-si-mediu\/","og_site_name":"Valvex","article_modified_time":"2024-04-24T13:20:36+00:00","twitter_card":"summary_large_image","twitter_misc":{"Timp estimat pentru citire":"2 minute"},"schema":{"@context":"https:\/\/schema.org","@graph":[{"@type":"WebPage","@id":"https:\/\/valvex.com\/ro\/politica-integrata-de-calitate-si-mediu\/","url":"https:\/\/valvex.com\/ro\/politica-integrata-de-calitate-si-mediu\/","name":"Politica integrat\u0103 de calitate \u0219i mediu - Valvex","isPartOf":{"@id":"https:\/\/valvex.com\/ro\/#website"},"datePublished":"2023-06-02T08:29:38+00:00","dateModified":"2024-04-24T13:20:36+00:00","breadcrumb":{"@id":"https:\/\/valvex.com\/ro\/politica-integrata-de-calitate-si-mediu\/#breadcrumb"},"inLanguage":"ro-RO","potentialAction":[{"@type":"ReadAction","target":["https:\/\/valvex.com\/ro\/politica-integrata-de-calitate-si-mediu\/"]}]},{"@type":"BreadcrumbList","@id":"https:\/\/valvex.com\/ro\/politica-integrata-de-calitate-si-mediu\/#breadcrumb","itemListElement":[{"@type":"ListItem","position":1,"name":"Strona g\u0142\u00f3wna","item":"https:\/\/valvex.com\/ro\/"},{"@type":"ListItem","position":2,"name":"Politica integrat\u0103 de calitate \u0219i mediu"}]},{"@type":"WebSite","@id":"https:\/\/valvex.com\/ro\/#website","url":"https:\/\/valvex.com\/ro\/","name":"Valvex","description":"Produc\u0103tor de instala\u021bii sanitare \u0219i sanitare","potentialAction":[{"@type":"SearchAction","target":{"@type":"EntryPoint","urlTemplate":"https:\/\/valvex.com\/ro\/?s={search_term_string}"},"query-input":{"@type":"PropertyValueSpecification","valueRequired":true,"valueName":"search_term_string"}}],"inLanguage":"ro-RO"}]}},"_links":{"self":[{"href":"https:\/\/valvex.com\/ro\/wp-json\/wp\/v2\/pages\/69090","targetHints":{"allow":["GET"]}}],"collection":[{"href":"https:\/\/valvex.com\/ro\/wp-json\/wp\/v2\/pages"}],"about":[{"href":"https:\/\/valvex.com\/ro\/wp-json\/wp\/v2\/types\/page"}],"author":[{"embeddable":true,"href":"https:\/\/valvex.com\/ro\/wp-json\/wp\/v2\/users\/12"}],"replies":[{"embeddable":true,"href":"https:\/\/valvex.com\/ro\/wp-json\/wp\/v2\/comments?post=69090"}],"version-history":[{"count":1,"href":"https:\/\/valvex.com\/ro\/wp-json\/wp\/v2\/pages\/69090\/revisions"}],"predecessor-version":[{"id":71556,"href":"https:\/\/valvex.com\/ro\/wp-json\/wp\/v2\/pages\/69090\/revisions\/71556"}],"wp:attachment":[{"href":"https:\/\/valvex.com\/ro\/wp-json\/wp\/v2\/media?parent=69090"}],"curies":[{"name":"wp","href":"https:\/\/api.w.org\/{rel}","templated":true}]}}