{"id":69059,"date":"2022-03-20T22:19:08","date_gmt":"2022-03-20T21:19:08","guid":{"rendered":"http:\/\/valvex.com\/strefa-profesjonalisty\/strefa-dystrybutora\/produkty\/"},"modified":"2024-02-14T11:03:59","modified_gmt":"2024-02-14T10:03:59","slug":"produse","status":"publish","type":"page","link":"https:\/\/valvex.com\/ro\/zona-profesionala\/pentru-distribuitor\/produse\/","title":{"rendered":"Produse"},"content":{"rendered":"\n<h3 class=\"wp-block-heading\">Prona\u0111ite proizvod<\/h3>\n\n\n\n<p>Cau\u021bi un produs specific sau o \u00eentreag\u0103 serie? Vrei s\u0103 \u0219tii pre\u021burile, variantele de culoare \u0219i caracteristicile acestora? Sau poate pl\u0103nuie\u0219ti s\u0103 r\u0103sfoie\u0219ti accesoriile \u0219i bateriile disponibile, pentru a crea apoi un set care s\u0103 se potriveasc\u0103 cu ideea ta? Nu a\u0219tepta \u0219i cunoa\u0219te mai bine produsele Valvex prin motorul de c\u0103utare de mai jos.<\/p>\n","protected":false},"excerpt":{"rendered":"<p>Prona\u0111ite proizvod Cau\u021bi un produs specific sau o \u00eentreag\u0103 serie? Vrei s\u0103 \u0219tii pre\u021burile, variantele de culoare \u0219i caracteristicile acestora? Sau poate pl\u0103nuie\u0219ti s\u0103 r\u0103sfoie\u0219ti accesoriile \u0219i bateriile disponibile, pentru a crea apoi un set care s\u0103 se potriveasc\u0103 cu ideea ta? Nu a\u0219tepta \u0219i cunoa\u0219te mai bine produsele Valvex prin motorul de c\u0103utare de [&hellip;]<\/p>\n","protected":false},"author":12,"featured_media":68157,"parent":69054,"menu_order":228,"comment_status":"closed","ping_status":"closed","template":"page-search.php","meta":{"_acf_changed":false,"footnotes":""},"class_list":["post-69059","page","type-page","status-publish","has-post-thumbnail","hentry"],"acf":[],"yoast_head":"<!-- This site is optimized with the Yoast SEO plugin v27.3 - https:\/\/yoast.com\/product\/yoast-seo-wordpress\/ -->\n<title>Produse - Valvex<\/title>\n<meta name=\"robots\" content=\"index, follow, max-snippet:-1, max-image-preview:large, max-video-preview:-1\" \/>\n<link rel=\"canonical\" href=\"https:\/\/valvex.com\/ro\/zona-profesionala\/pentru-distribuitor\/produse\/\" \/>\n<meta property=\"og:locale\" content=\"ro_RO\" \/>\n<meta property=\"og:type\" content=\"article\" \/>\n<meta property=\"og:title\" content=\"Produse - Valvex\" \/>\n<meta property=\"og:description\" content=\"Prona\u0111ite proizvod Cau\u021bi un produs specific sau o \u00eentreag\u0103 serie? Vrei s\u0103 \u0219tii pre\u021burile, variantele de culoare \u0219i caracteristicile acestora? Sau poate pl\u0103nuie\u0219ti s\u0103 r\u0103sfoie\u0219ti accesoriile \u0219i bateriile disponibile, pentru a crea apoi un set care s\u0103 se potriveasc\u0103 cu ideea ta? Nu a\u0219tepta \u0219i cunoa\u0219te mai bine produsele Valvex prin motorul de c\u0103utare de [&hellip;]\" \/>\n<meta property=\"og:url\" content=\"https:\/\/valvex.com\/ro\/zona-profesionala\/pentru-distribuitor\/produse\/\" \/>\n<meta property=\"og:site_name\" content=\"Valvex\" \/>\n<meta property=\"article:modified_time\" content=\"2024-02-14T10:03:59+00:00\" \/>\n<meta property=\"og:image\" content=\"https:\/\/valvex.com\/wp-content\/uploads\/2022\/05\/dla-dystrybutora-scaled.jpg\" \/>\n\t<meta property=\"og:image:width\" content=\"2560\" \/>\n\t<meta property=\"og:image:height\" content=\"484\" \/>\n\t<meta property=\"og:image:type\" content=\"image\/jpeg\" \/>\n<meta name=\"twitter:card\" content=\"summary_large_image\" \/>\n<meta name=\"twitter:label1\" content=\"Timp estimat pentru citire\" \/>\n\t<meta name=\"twitter:data1\" content=\"1 minut\" \/>\n<script type=\"application\/ld+json\" class=\"yoast-schema-graph\">{\"@context\":\"https:\\\/\\\/schema.org\",\"@graph\":[{\"@type\":\"WebPage\",\"@id\":\"https:\\\/\\\/valvex.com\\\/ro\\\/zona-profesionala\\\/pentru-distribuitor\\\/produse\\\/\",\"url\":\"https:\\\/\\\/valvex.com\\\/ro\\\/zona-profesionala\\\/pentru-distribuitor\\\/produse\\\/\",\"name\":\"Produse - Valvex\",\"isPartOf\":{\"@id\":\"https:\\\/\\\/valvex.com\\\/ro\\\/#website\"},\"primaryImageOfPage\":{\"@id\":\"https:\\\/\\\/valvex.com\\\/ro\\\/zona-profesionala\\\/pentru-distribuitor\\\/produse\\\/#primaryimage\"},\"image\":{\"@id\":\"https:\\\/\\\/valvex.com\\\/ro\\\/zona-profesionala\\\/pentru-distribuitor\\\/produse\\\/#primaryimage\"},\"thumbnailUrl\":\"https:\\\/\\\/valvex.com\\\/wp-content\\\/uploads\\\/2022\\\/05\\\/dla-dystrybutora-scaled.jpg\",\"datePublished\":\"2022-03-20T21:19:08+00:00\",\"dateModified\":\"2024-02-14T10:03:59+00:00\",\"breadcrumb\":{\"@id\":\"https:\\\/\\\/valvex.com\\\/ro\\\/zona-profesionala\\\/pentru-distribuitor\\\/produse\\\/#breadcrumb\"},\"inLanguage\":\"ro-RO\",\"potentialAction\":[{\"@type\":\"ReadAction\",\"target\":[\"https:\\\/\\\/valvex.com\\\/ro\\\/zona-profesionala\\\/pentru-distribuitor\\\/produse\\\/\"]}]},{\"@type\":\"ImageObject\",\"inLanguage\":\"ro-RO\",\"@id\":\"https:\\\/\\\/valvex.com\\\/ro\\\/zona-profesionala\\\/pentru-distribuitor\\\/produse\\\/#primaryimage\",\"url\":\"https:\\\/\\\/valvex.com\\\/wp-content\\\/uploads\\\/2022\\\/05\\\/dla-dystrybutora-scaled.jpg\",\"contentUrl\":\"https:\\\/\\\/valvex.com\\\/wp-content\\\/uploads\\\/2022\\\/05\\\/dla-dystrybutora-scaled.jpg\",\"width\":2880,\"height\":544},{\"@type\":\"BreadcrumbList\",\"@id\":\"https:\\\/\\\/valvex.com\\\/ro\\\/zona-profesionala\\\/pentru-distribuitor\\\/produse\\\/#breadcrumb\",\"itemListElement\":[{\"@type\":\"ListItem\",\"position\":1,\"name\":\"Strona g\u0142\u00f3wna\",\"item\":\"https:\\\/\\\/valvex.com\\\/ro\\\/\"},{\"@type\":\"ListItem\",\"position\":2,\"name\":\"Zona Profesional\u0103\",\"item\":\"https:\\\/\\\/valvex.com\\\/ro\\\/zona-profesionala\\\/\"},{\"@type\":\"ListItem\",\"position\":3,\"name\":\"Pentru distribuitor\",\"item\":\"https:\\\/\\\/valvex.com\\\/ro\\\/strefa-profesjonalisty\\\/strefa-dystrybutora\\\/\"},{\"@type\":\"ListItem\",\"position\":4,\"name\":\"Produse\"}]},{\"@type\":\"WebSite\",\"@id\":\"https:\\\/\\\/valvex.com\\\/ro\\\/#website\",\"url\":\"https:\\\/\\\/valvex.com\\\/ro\\\/\",\"name\":\"Valvex\",\"description\":\"Produc\u0103tor de instala\u021bii sanitare \u0219i sanitare\",\"potentialAction\":[{\"@type\":\"SearchAction\",\"target\":{\"@type\":\"EntryPoint\",\"urlTemplate\":\"https:\\\/\\\/valvex.com\\\/ro\\\/?s={search_term_string}\"},\"query-input\":{\"@type\":\"PropertyValueSpecification\",\"valueRequired\":true,\"valueName\":\"search_term_string\"}}],\"inLanguage\":\"ro-RO\"}]}<\/script>\n<!-- \/ Yoast SEO plugin. -->","yoast_head_json":{"title":"Produse - Valvex","robots":{"index":"index","follow":"follow","max-snippet":"max-snippet:-1","max-image-preview":"max-image-preview:large","max-video-preview":"max-video-preview:-1"},"canonical":"https:\/\/valvex.com\/ro\/zona-profesionala\/pentru-distribuitor\/produse\/","og_locale":"ro_RO","og_type":"article","og_title":"Produse - Valvex","og_description":"Prona\u0111ite proizvod Cau\u021bi un produs specific sau o \u00eentreag\u0103 serie? Vrei s\u0103 \u0219tii pre\u021burile, variantele de culoare \u0219i caracteristicile acestora? Sau poate pl\u0103nuie\u0219ti s\u0103 r\u0103sfoie\u0219ti accesoriile \u0219i bateriile disponibile, pentru a crea apoi un set care s\u0103 se potriveasc\u0103 cu ideea ta? Nu a\u0219tepta \u0219i cunoa\u0219te mai bine produsele Valvex prin motorul de c\u0103utare de [&hellip;]","og_url":"https:\/\/valvex.com\/ro\/zona-profesionala\/pentru-distribuitor\/produse\/","og_site_name":"Valvex","article_modified_time":"2024-02-14T10:03:59+00:00","og_image":[{"width":2560,"height":484,"url":"https:\/\/valvex.com\/wp-content\/uploads\/2022\/05\/dla-dystrybutora-scaled.jpg","type":"image\/jpeg"}],"twitter_card":"summary_large_image","twitter_misc":{"Timp estimat pentru citire":"1 minut"},"schema":{"@context":"https:\/\/schema.org","@graph":[{"@type":"WebPage","@id":"https:\/\/valvex.com\/ro\/zona-profesionala\/pentru-distribuitor\/produse\/","url":"https:\/\/valvex.com\/ro\/zona-profesionala\/pentru-distribuitor\/produse\/","name":"Produse - Valvex","isPartOf":{"@id":"https:\/\/valvex.com\/ro\/#website"},"primaryImageOfPage":{"@id":"https:\/\/valvex.com\/ro\/zona-profesionala\/pentru-distribuitor\/produse\/#primaryimage"},"image":{"@id":"https:\/\/valvex.com\/ro\/zona-profesionala\/pentru-distribuitor\/produse\/#primaryimage"},"thumbnailUrl":"https:\/\/valvex.com\/wp-content\/uploads\/2022\/05\/dla-dystrybutora-scaled.jpg","datePublished":"2022-03-20T21:19:08+00:00","dateModified":"2024-02-14T10:03:59+00:00","breadcrumb":{"@id":"https:\/\/valvex.com\/ro\/zona-profesionala\/pentru-distribuitor\/produse\/#breadcrumb"},"inLanguage":"ro-RO","potentialAction":[{"@type":"ReadAction","target":["https:\/\/valvex.com\/ro\/zona-profesionala\/pentru-distribuitor\/produse\/"]}]},{"@type":"ImageObject","inLanguage":"ro-RO","@id":"https:\/\/valvex.com\/ro\/zona-profesionala\/pentru-distribuitor\/produse\/#primaryimage","url":"https:\/\/valvex.com\/wp-content\/uploads\/2022\/05\/dla-dystrybutora-scaled.jpg","contentUrl":"https:\/\/valvex.com\/wp-content\/uploads\/2022\/05\/dla-dystrybutora-scaled.jpg","width":2880,"height":544},{"@type":"BreadcrumbList","@id":"https:\/\/valvex.com\/ro\/zona-profesionala\/pentru-distribuitor\/produse\/#breadcrumb","itemListElement":[{"@type":"ListItem","position":1,"name":"Strona g\u0142\u00f3wna","item":"https:\/\/valvex.com\/ro\/"},{"@type":"ListItem","position":2,"name":"Zona Profesional\u0103","item":"https:\/\/valvex.com\/ro\/zona-profesionala\/"},{"@type":"ListItem","position":3,"name":"Pentru distribuitor","item":"https:\/\/valvex.com\/ro\/strefa-profesjonalisty\/strefa-dystrybutora\/"},{"@type":"ListItem","position":4,"name":"Produse"}]},{"@type":"WebSite","@id":"https:\/\/valvex.com\/ro\/#website","url":"https:\/\/valvex.com\/ro\/","name":"Valvex","description":"Produc\u0103tor de instala\u021bii sanitare \u0219i sanitare","potentialAction":[{"@type":"SearchAction","target":{"@type":"EntryPoint","urlTemplate":"https:\/\/valvex.com\/ro\/?s={search_term_string}"},"query-input":{"@type":"PropertyValueSpecification","valueRequired":true,"valueName":"search_term_string"}}],"inLanguage":"ro-RO"}]}},"_links":{"self":[{"href":"https:\/\/valvex.com\/ro\/wp-json\/wp\/v2\/pages\/69059","targetHints":{"allow":["GET"]}}],"collection":[{"href":"https:\/\/valvex.com\/ro\/wp-json\/wp\/v2\/pages"}],"about":[{"href":"https:\/\/valvex.com\/ro\/wp-json\/wp\/v2\/types\/page"}],"author":[{"embeddable":true,"href":"https:\/\/valvex.com\/ro\/wp-json\/wp\/v2\/users\/12"}],"replies":[{"embeddable":true,"href":"https:\/\/valvex.com\/ro\/wp-json\/wp\/v2\/comments?post=69059"}],"version-history":[{"count":0,"href":"https:\/\/valvex.com\/ro\/wp-json\/wp\/v2\/pages\/69059\/revisions"}],"up":[{"embeddable":true,"href":"https:\/\/valvex.com\/ro\/wp-json\/wp\/v2\/pages\/69054"}],"wp:featuredmedia":[{"embeddable":true,"href":"https:\/\/valvex.com\/ro\/wp-json\/wp\/v2\/media\/68157"}],"wp:attachment":[{"href":"https:\/\/valvex.com\/ro\/wp-json\/wp\/v2\/media?parent=69059"}],"curies":[{"name":"wp","href":"https:\/\/api.w.org\/{rel}","templated":true}]}}