{"id":68631,"date":"2022-01-03T12:47:56","date_gmt":"2022-01-03T11:47:56","guid":{"rendered":"http:\/\/valvex.com\/kuchnia\/"},"modified":"2024-04-25T08:48:03","modified_gmt":"2024-04-25T06:48:03","slug":"bucatarie","status":"publish","type":"page","link":"https:\/\/valvex.com\/ro\/bucatarie\/","title":{"rendered":"Buc\u0103t\u0103rie"},"content":{"rendered":"\n<h3 class=\"wp-block-heading\"><strong>Buc\u0103t\u0103ria este o veritabil\u0103 inim\u0103 a casei<\/strong><\/h3>\n\n\n\n<p>Buc\u0103t\u0103ria este inima casei. Acesta este un loc \u00een care \u00eentreaga familie se reune\u0219te \u0219i \u00een care are loc adev\u0103rata magie. \u00cen copil\u0103rie, o asociem cu mirosul \u0219i gustul pr\u0103jiturii de cas\u0103, dar ca adul\u021bi \u0219tim c\u0103 trebuie s\u0103 fie, \u00eenainte de toate, un spa\u021biu func\u021bional.<\/p>\n\n\n\n<p>V\u0103 prezent\u0103m gama de baterii de buc\u0103t\u0103rie de la Valvex.<\/p>\n","protected":false},"excerpt":{"rendered":"<p>Buc\u0103t\u0103ria este o veritabil\u0103 inim\u0103 a casei Buc\u0103t\u0103ria este inima casei. Acesta este un loc \u00een care \u00eentreaga familie se reune\u0219te \u0219i \u00een care are loc adev\u0103rata magie. \u00cen copil\u0103rie, o asociem cu mirosul \u0219i gustul pr\u0103jiturii de cas\u0103, dar ca adul\u021bi \u0219tim c\u0103 trebuie s\u0103 fie, \u00eenainte de toate, un spa\u021biu func\u021bional. V\u0103 prezent\u0103m [&hellip;]<\/p>\n","protected":false},"author":12,"featured_media":68632,"parent":0,"menu_order":133,"comment_status":"closed","ping_status":"closed","template":"page-grupa-produktow.php","meta":{"_acf_changed":false,"footnotes":""},"class_list":["post-68631","page","type-page","status-publish","has-post-thumbnail","hentry"],"acf":[],"yoast_head":"<!-- This site is optimized with the Yoast SEO plugin v27.3 - https:\/\/yoast.com\/product\/yoast-seo-wordpress\/ -->\n<title>Buc\u0103t\u0103rie - Valvex<\/title>\n<meta name=\"robots\" content=\"index, follow, max-snippet:-1, max-image-preview:large, max-video-preview:-1\" \/>\n<link rel=\"canonical\" href=\"https:\/\/valvex.com\/ro\/bucatarie\/\" \/>\n<meta property=\"og:locale\" content=\"ro_RO\" \/>\n<meta property=\"og:type\" content=\"article\" \/>\n<meta property=\"og:title\" content=\"Buc\u0103t\u0103rie - Valvex\" \/>\n<meta property=\"og:description\" content=\"Buc\u0103t\u0103ria este o veritabil\u0103 inim\u0103 a casei Buc\u0103t\u0103ria este inima casei. Acesta este un loc \u00een care \u00eentreaga familie se reune\u0219te \u0219i \u00een care are loc adev\u0103rata magie. \u00cen copil\u0103rie, o asociem cu mirosul \u0219i gustul pr\u0103jiturii de cas\u0103, dar ca adul\u021bi \u0219tim c\u0103 trebuie s\u0103 fie, \u00eenainte de toate, un spa\u021biu func\u021bional. V\u0103 prezent\u0103m [&hellip;]\" \/>\n<meta property=\"og:url\" content=\"https:\/\/valvex.com\/ro\/bucatarie\/\" \/>\n<meta property=\"og:site_name\" content=\"Valvex\" \/>\n<meta property=\"article:modified_time\" content=\"2024-04-25T06:48:03+00:00\" \/>\n<meta property=\"og:image\" content=\"https:\/\/valvex.com\/wp-content\/uploads\/2023\/01\/Header_baterie-kuchenne-1024x164.png\" \/>\n\t<meta property=\"og:image:width\" content=\"1024\" \/>\n\t<meta property=\"og:image:height\" content=\"164\" \/>\n\t<meta property=\"og:image:type\" content=\"image\/png\" \/>\n<meta name=\"twitter:card\" content=\"summary_large_image\" \/>\n<meta name=\"twitter:label1\" content=\"Timp estimat pentru citire\" \/>\n\t<meta name=\"twitter:data1\" content=\"1 minut\" \/>\n<script type=\"application\/ld+json\" class=\"yoast-schema-graph\">{\"@context\":\"https:\\\/\\\/schema.org\",\"@graph\":[{\"@type\":\"WebPage\",\"@id\":\"https:\\\/\\\/valvex.com\\\/ro\\\/bucatarie\\\/\",\"url\":\"https:\\\/\\\/valvex.com\\\/ro\\\/bucatarie\\\/\",\"name\":\"Buc\u0103t\u0103rie - Valvex\",\"isPartOf\":{\"@id\":\"https:\\\/\\\/valvex.com\\\/ro\\\/#website\"},\"primaryImageOfPage\":{\"@id\":\"https:\\\/\\\/valvex.com\\\/ro\\\/bucatarie\\\/#primaryimage\"},\"image\":{\"@id\":\"https:\\\/\\\/valvex.com\\\/ro\\\/bucatarie\\\/#primaryimage\"},\"thumbnailUrl\":\"https:\\\/\\\/valvex.com\\\/wp-content\\\/uploads\\\/2023\\\/01\\\/Header_baterie-kuchenne.png\",\"datePublished\":\"2022-01-03T11:47:56+00:00\",\"dateModified\":\"2024-04-25T06:48:03+00:00\",\"breadcrumb\":{\"@id\":\"https:\\\/\\\/valvex.com\\\/ro\\\/bucatarie\\\/#breadcrumb\"},\"inLanguage\":\"ro-RO\",\"potentialAction\":[{\"@type\":\"ReadAction\",\"target\":[\"https:\\\/\\\/valvex.com\\\/ro\\\/bucatarie\\\/\"]}]},{\"@type\":\"ImageObject\",\"inLanguage\":\"ro-RO\",\"@id\":\"https:\\\/\\\/valvex.com\\\/ro\\\/bucatarie\\\/#primaryimage\",\"url\":\"https:\\\/\\\/valvex.com\\\/wp-content\\\/uploads\\\/2023\\\/01\\\/Header_baterie-kuchenne.png\",\"contentUrl\":\"https:\\\/\\\/valvex.com\\\/wp-content\\\/uploads\\\/2023\\\/01\\\/Header_baterie-kuchenne.png\",\"width\":2400,\"height\":384},{\"@type\":\"BreadcrumbList\",\"@id\":\"https:\\\/\\\/valvex.com\\\/ro\\\/bucatarie\\\/#breadcrumb\",\"itemListElement\":[{\"@type\":\"ListItem\",\"position\":1,\"name\":\"Strona g\u0142\u00f3wna\",\"item\":\"https:\\\/\\\/valvex.com\\\/ro\\\/\"},{\"@type\":\"ListItem\",\"position\":2,\"name\":\"Buc\u0103t\u0103rie\"}]},{\"@type\":\"WebSite\",\"@id\":\"https:\\\/\\\/valvex.com\\\/ro\\\/#website\",\"url\":\"https:\\\/\\\/valvex.com\\\/ro\\\/\",\"name\":\"Valvex\",\"description\":\"Produc\u0103tor de instala\u021bii sanitare \u0219i sanitare\",\"potentialAction\":[{\"@type\":\"SearchAction\",\"target\":{\"@type\":\"EntryPoint\",\"urlTemplate\":\"https:\\\/\\\/valvex.com\\\/ro\\\/?s={search_term_string}\"},\"query-input\":{\"@type\":\"PropertyValueSpecification\",\"valueRequired\":true,\"valueName\":\"search_term_string\"}}],\"inLanguage\":\"ro-RO\"}]}<\/script>\n<!-- \/ Yoast SEO plugin. -->","yoast_head_json":{"title":"Buc\u0103t\u0103rie - Valvex","robots":{"index":"index","follow":"follow","max-snippet":"max-snippet:-1","max-image-preview":"max-image-preview:large","max-video-preview":"max-video-preview:-1"},"canonical":"https:\/\/valvex.com\/ro\/bucatarie\/","og_locale":"ro_RO","og_type":"article","og_title":"Buc\u0103t\u0103rie - Valvex","og_description":"Buc\u0103t\u0103ria este o veritabil\u0103 inim\u0103 a casei Buc\u0103t\u0103ria este inima casei. Acesta este un loc \u00een care \u00eentreaga familie se reune\u0219te \u0219i \u00een care are loc adev\u0103rata magie. \u00cen copil\u0103rie, o asociem cu mirosul \u0219i gustul pr\u0103jiturii de cas\u0103, dar ca adul\u021bi \u0219tim c\u0103 trebuie s\u0103 fie, \u00eenainte de toate, un spa\u021biu func\u021bional. V\u0103 prezent\u0103m [&hellip;]","og_url":"https:\/\/valvex.com\/ro\/bucatarie\/","og_site_name":"Valvex","article_modified_time":"2024-04-25T06:48:03+00:00","og_image":[{"width":1024,"height":164,"url":"https:\/\/valvex.com\/wp-content\/uploads\/2023\/01\/Header_baterie-kuchenne-1024x164.png","type":"image\/png"}],"twitter_card":"summary_large_image","twitter_misc":{"Timp estimat pentru citire":"1 minut"},"schema":{"@context":"https:\/\/schema.org","@graph":[{"@type":"WebPage","@id":"https:\/\/valvex.com\/ro\/bucatarie\/","url":"https:\/\/valvex.com\/ro\/bucatarie\/","name":"Buc\u0103t\u0103rie - Valvex","isPartOf":{"@id":"https:\/\/valvex.com\/ro\/#website"},"primaryImageOfPage":{"@id":"https:\/\/valvex.com\/ro\/bucatarie\/#primaryimage"},"image":{"@id":"https:\/\/valvex.com\/ro\/bucatarie\/#primaryimage"},"thumbnailUrl":"https:\/\/valvex.com\/wp-content\/uploads\/2023\/01\/Header_baterie-kuchenne.png","datePublished":"2022-01-03T11:47:56+00:00","dateModified":"2024-04-25T06:48:03+00:00","breadcrumb":{"@id":"https:\/\/valvex.com\/ro\/bucatarie\/#breadcrumb"},"inLanguage":"ro-RO","potentialAction":[{"@type":"ReadAction","target":["https:\/\/valvex.com\/ro\/bucatarie\/"]}]},{"@type":"ImageObject","inLanguage":"ro-RO","@id":"https:\/\/valvex.com\/ro\/bucatarie\/#primaryimage","url":"https:\/\/valvex.com\/wp-content\/uploads\/2023\/01\/Header_baterie-kuchenne.png","contentUrl":"https:\/\/valvex.com\/wp-content\/uploads\/2023\/01\/Header_baterie-kuchenne.png","width":2400,"height":384},{"@type":"BreadcrumbList","@id":"https:\/\/valvex.com\/ro\/bucatarie\/#breadcrumb","itemListElement":[{"@type":"ListItem","position":1,"name":"Strona g\u0142\u00f3wna","item":"https:\/\/valvex.com\/ro\/"},{"@type":"ListItem","position":2,"name":"Buc\u0103t\u0103rie"}]},{"@type":"WebSite","@id":"https:\/\/valvex.com\/ro\/#website","url":"https:\/\/valvex.com\/ro\/","name":"Valvex","description":"Produc\u0103tor de instala\u021bii sanitare \u0219i sanitare","potentialAction":[{"@type":"SearchAction","target":{"@type":"EntryPoint","urlTemplate":"https:\/\/valvex.com\/ro\/?s={search_term_string}"},"query-input":{"@type":"PropertyValueSpecification","valueRequired":true,"valueName":"search_term_string"}}],"inLanguage":"ro-RO"}]}},"_links":{"self":[{"href":"https:\/\/valvex.com\/ro\/wp-json\/wp\/v2\/pages\/68631","targetHints":{"allow":["GET"]}}],"collection":[{"href":"https:\/\/valvex.com\/ro\/wp-json\/wp\/v2\/pages"}],"about":[{"href":"https:\/\/valvex.com\/ro\/wp-json\/wp\/v2\/types\/page"}],"author":[{"embeddable":true,"href":"https:\/\/valvex.com\/ro\/wp-json\/wp\/v2\/users\/12"}],"replies":[{"embeddable":true,"href":"https:\/\/valvex.com\/ro\/wp-json\/wp\/v2\/comments?post=68631"}],"version-history":[{"count":2,"href":"https:\/\/valvex.com\/ro\/wp-json\/wp\/v2\/pages\/68631\/revisions"}],"predecessor-version":[{"id":71591,"href":"https:\/\/valvex.com\/ro\/wp-json\/wp\/v2\/pages\/68631\/revisions\/71591"}],"wp:featuredmedia":[{"embeddable":true,"href":"https:\/\/valvex.com\/ro\/wp-json\/wp\/v2\/media\/68632"}],"wp:attachment":[{"href":"https:\/\/valvex.com\/ro\/wp-json\/wp\/v2\/media?parent=68631"}],"curies":[{"name":"wp","href":"https:\/\/api.w.org\/{rel}","templated":true}]}}