{"id":68186,"date":"2022-04-05T02:21:44","date_gmt":"2022-04-05T00:21:44","guid":{"rendered":"http:\/\/valvex.com\/dla-projektanta\/"},"modified":"2024-04-25T08:21:06","modified_gmt":"2024-04-25T06:21:06","slug":"pentru-designer","status":"publish","type":"page","link":"https:\/\/valvex.com\/ro\/zona-profesionala\/pentru-designer\/pentru-designer\/","title":{"rendered":"Pentru designer"},"content":{"rendered":"\n<div class=\"wp-block-columns mt-16 is-layout-flex wp-container-core-columns-is-layout-9d6595d7 wp-block-columns-is-layout-flex\">\n<div class=\"wp-block-column is-layout-flow wp-block-column-is-layout-flow\" style=\"flex-basis:66.66%\">\n<p>Dintotdeauna am apreciat pasiunea pentru frumos \u0219i pentru detalii de care dau dovad\u0103 designerii de interior. \u0218tim c\u0103 pune\u021bi pre\u021b pe produsele estetice \u0219i adaptabile &#8211; cele care sunt compatibile cu viziuni diferite. Suntem convin\u0219i c\u0103 v\u0103 dori\u021bi tot ce este mai bun pentru clien\u021bii dumneavoastr\u0103 &#8211; prin crearea de designuri durabile, confortabile \u0219i care vor da na\u0219tere unei atmosfere pl\u0103cute an dup\u0103 an. Ne l\u0103rgim gama pentru buc\u0103t\u0103rii \u0219i b\u0103i, prin finisaje, culori si forme noi care s\u0103 v\u0103 ofere tot ceea ce v\u0103 trebuie.<\/p>\n\n\n\n<p>Inten\u021bia noastr\u0103 este s\u0103 venim \u00een \u00eent\u00e2mpinarea nevoilor dumneavoastr\u0103 \u0219i s\u0103 v\u0103 economisim din timp. Am creat platforma Valvex Share, prin intermediul c\u0103reia speciali\u0219tii no\u0219tri distribuie recomand\u0103ri, ponturi \u0219i p\u0103reri despre tendin\u021bele din industrie. \u00cen Sec\u021biunea pentru designeri nu pute\u021bi rata:<\/p>\n\n\n\n<ul class=\"wp-block-list\">\n<li><strong>Fi\u0219iere desc\u0103rcabile<\/strong> &#8211; Toate fi\u0219ierele tehnice necesare activit\u0103\u021bii dumneavoastr\u0103 &#8211; certificate de igien\u0103, declara\u021bii na\u021bionale de performan\u021b\u0103, modele 3D, cataloage \u0219i bro\u0219uri &#8211; preg\u0103tite pentru desc\u0103rcare \u0219i utilizare.<\/li>\n\n\n\n<li><strong>Promo\u021bii \u0219i carduri de v\u00e2nzare<\/strong> \u2013 Aici se reg\u0103sesc oferte speciale s\u0103pt\u0103m\u00e2nale. Nu rata\u021bi ocazia, pentru c\u0103 v\u0103 preg\u0103tim ceva nou \u00een fiecare luni.<\/li>\n<\/ul>\n\n\n\n<p>Cu g\u00e2ndul la designeri, am creat un <strong>Program de parteneriat.<\/strong> Vrem s\u0103 v\u0103 fim aproape \u0219i s\u0103 v\u0103 r\u0103spundem la eventualele \u00eentreb\u0103ri \u0219i nel\u0103muriri. Dac\u0103 ave\u021bi o \u00eentrebare, dac\u0103 vre\u021bi s\u0103 discuta\u021bi cu cineva sau dac\u0103 ave\u021bi nevoie de anumite date, scrie\u021bi-ne.<\/p>\n<\/div>\n\n\n\n<div class=\"wp-block-column is-layout-flow wp-block-column-is-layout-flow\" style=\"flex-basis:33.33%\"><\/div>\n<\/div>\n","protected":false},"excerpt":{"rendered":"<p>Dintotdeauna am apreciat pasiunea pentru frumos \u0219i pentru detalii de care dau dovad\u0103 designerii de interior. \u0218tim c\u0103 pune\u021bi pre\u021b pe produsele estetice \u0219i adaptabile &#8211; cele care sunt compatibile cu viziuni diferite. Suntem convin\u0219i c\u0103 v\u0103 dori\u021bi tot ce este mai bun pentru clien\u021bii dumneavoastr\u0103 &#8211; prin crearea de designuri durabile, confortabile \u0219i care [&hellip;]<\/p>\n","protected":false},"author":12,"featured_media":70479,"parent":69412,"menu_order":72,"comment_status":"closed","ping_status":"closed","template":"","meta":{"_acf_changed":false,"footnotes":""},"class_list":["post-68186","page","type-page","status-publish","has-post-thumbnail","hentry"],"acf":[],"yoast_head":"<!-- This site is optimized with the Yoast SEO plugin v27.5 - https:\/\/yoast.com\/product\/yoast-seo-wordpress\/ -->\n<title>Pentru designer - Valvex<\/title>\n<meta name=\"robots\" content=\"index, follow, max-snippet:-1, max-image-preview:large, max-video-preview:-1\" \/>\n<link rel=\"canonical\" href=\"https:\/\/valvex.com\/ro\/zona-profesionala\/pentru-designer\/pentru-designer\/\" \/>\n<meta property=\"og:locale\" content=\"ro_RO\" \/>\n<meta property=\"og:type\" content=\"article\" \/>\n<meta property=\"og:title\" content=\"Pentru designer - Valvex\" \/>\n<meta property=\"og:description\" content=\"Dintotdeauna am apreciat pasiunea pentru frumos \u0219i pentru detalii de care dau dovad\u0103 designerii de interior. \u0218tim c\u0103 pune\u021bi pre\u021b pe produsele estetice \u0219i adaptabile &#8211; cele care sunt compatibile cu viziuni diferite. Suntem convin\u0219i c\u0103 v\u0103 dori\u021bi tot ce este mai bun pentru clien\u021bii dumneavoastr\u0103 &#8211; prin crearea de designuri durabile, confortabile \u0219i care [&hellip;]\" \/>\n<meta property=\"og:url\" content=\"https:\/\/valvex.com\/ro\/zona-profesionala\/pentru-designer\/pentru-designer\/\" \/>\n<meta property=\"og:site_name\" content=\"Valvex\" \/>\n<meta property=\"article:modified_time\" content=\"2024-04-25T06:21:06+00:00\" \/>\n<meta property=\"og:image\" content=\"https:\/\/valvex.com\/wp-content\/uploads\/2024\/03\/Header_baterie-ARS-1-1024x164.png\" \/>\n\t<meta property=\"og:image:width\" content=\"1024\" \/>\n\t<meta property=\"og:image:height\" content=\"164\" \/>\n\t<meta property=\"og:image:type\" content=\"image\/png\" \/>\n<meta name=\"twitter:card\" content=\"summary_large_image\" \/>\n<meta name=\"twitter:label1\" content=\"Timp estimat pentru citire\" \/>\n\t<meta name=\"twitter:data1\" content=\"2 minute\" \/>\n<script type=\"application\/ld+json\" class=\"yoast-schema-graph\">{\"@context\":\"https:\\\/\\\/schema.org\",\"@graph\":[{\"@type\":\"WebPage\",\"@id\":\"https:\\\/\\\/valvex.com\\\/ro\\\/zona-profesionala\\\/pentru-designer\\\/pentru-designer\\\/\",\"url\":\"https:\\\/\\\/valvex.com\\\/ro\\\/zona-profesionala\\\/pentru-designer\\\/pentru-designer\\\/\",\"name\":\"Pentru designer - Valvex\",\"isPartOf\":{\"@id\":\"https:\\\/\\\/valvex.com\\\/ro\\\/#website\"},\"primaryImageOfPage\":{\"@id\":\"https:\\\/\\\/valvex.com\\\/ro\\\/zona-profesionala\\\/pentru-designer\\\/pentru-designer\\\/#primaryimage\"},\"image\":{\"@id\":\"https:\\\/\\\/valvex.com\\\/ro\\\/zona-profesionala\\\/pentru-designer\\\/pentru-designer\\\/#primaryimage\"},\"thumbnailUrl\":\"https:\\\/\\\/valvex.com\\\/wp-content\\\/uploads\\\/2024\\\/03\\\/Header_baterie-ARS-1.png\",\"datePublished\":\"2022-04-05T00:21:44+00:00\",\"dateModified\":\"2024-04-25T06:21:06+00:00\",\"breadcrumb\":{\"@id\":\"https:\\\/\\\/valvex.com\\\/ro\\\/zona-profesionala\\\/pentru-designer\\\/pentru-designer\\\/#breadcrumb\"},\"inLanguage\":\"ro-RO\",\"potentialAction\":[{\"@type\":\"ReadAction\",\"target\":[\"https:\\\/\\\/valvex.com\\\/ro\\\/zona-profesionala\\\/pentru-designer\\\/pentru-designer\\\/\"]}]},{\"@type\":\"ImageObject\",\"inLanguage\":\"ro-RO\",\"@id\":\"https:\\\/\\\/valvex.com\\\/ro\\\/zona-profesionala\\\/pentru-designer\\\/pentru-designer\\\/#primaryimage\",\"url\":\"https:\\\/\\\/valvex.com\\\/wp-content\\\/uploads\\\/2024\\\/03\\\/Header_baterie-ARS-1.png\",\"contentUrl\":\"https:\\\/\\\/valvex.com\\\/wp-content\\\/uploads\\\/2024\\\/03\\\/Header_baterie-ARS-1.png\",\"width\":2400,\"height\":384},{\"@type\":\"BreadcrumbList\",\"@id\":\"https:\\\/\\\/valvex.com\\\/ro\\\/zona-profesionala\\\/pentru-designer\\\/pentru-designer\\\/#breadcrumb\",\"itemListElement\":[{\"@type\":\"ListItem\",\"position\":1,\"name\":\"Strona g\u0142\u00f3wna\",\"item\":\"https:\\\/\\\/valvex.com\\\/ro\\\/\"},{\"@type\":\"ListItem\",\"position\":2,\"name\":\"Zona Profesional\u0103\",\"item\":\"https:\\\/\\\/valvex.com\\\/ro\\\/zona-profesionala\\\/\"},{\"@type\":\"ListItem\",\"position\":3,\"name\":\"Pentru designer\",\"item\":\"https:\\\/\\\/valvex.com\\\/ro\\\/strefa-profesjonalisty\\\/strefa-projektanta\\\/\"},{\"@type\":\"ListItem\",\"position\":4,\"name\":\"Pentru designer\"}]},{\"@type\":\"WebSite\",\"@id\":\"https:\\\/\\\/valvex.com\\\/ro\\\/#website\",\"url\":\"https:\\\/\\\/valvex.com\\\/ro\\\/\",\"name\":\"Valvex\",\"description\":\"Produc\u0103tor de instala\u021bii sanitare \u0219i sanitare\",\"potentialAction\":[{\"@type\":\"SearchAction\",\"target\":{\"@type\":\"EntryPoint\",\"urlTemplate\":\"https:\\\/\\\/valvex.com\\\/ro\\\/?s={search_term_string}\"},\"query-input\":{\"@type\":\"PropertyValueSpecification\",\"valueRequired\":true,\"valueName\":\"search_term_string\"}}],\"inLanguage\":\"ro-RO\"}]}<\/script>\n<!-- \/ Yoast SEO plugin. -->","yoast_head_json":{"title":"Pentru designer - Valvex","robots":{"index":"index","follow":"follow","max-snippet":"max-snippet:-1","max-image-preview":"max-image-preview:large","max-video-preview":"max-video-preview:-1"},"canonical":"https:\/\/valvex.com\/ro\/zona-profesionala\/pentru-designer\/pentru-designer\/","og_locale":"ro_RO","og_type":"article","og_title":"Pentru designer - Valvex","og_description":"Dintotdeauna am apreciat pasiunea pentru frumos \u0219i pentru detalii de care dau dovad\u0103 designerii de interior. \u0218tim c\u0103 pune\u021bi pre\u021b pe produsele estetice \u0219i adaptabile &#8211; cele care sunt compatibile cu viziuni diferite. Suntem convin\u0219i c\u0103 v\u0103 dori\u021bi tot ce este mai bun pentru clien\u021bii dumneavoastr\u0103 &#8211; prin crearea de designuri durabile, confortabile \u0219i care [&hellip;]","og_url":"https:\/\/valvex.com\/ro\/zona-profesionala\/pentru-designer\/pentru-designer\/","og_site_name":"Valvex","article_modified_time":"2024-04-25T06:21:06+00:00","og_image":[{"width":1024,"height":164,"url":"https:\/\/valvex.com\/wp-content\/uploads\/2024\/03\/Header_baterie-ARS-1-1024x164.png","type":"image\/png"}],"twitter_card":"summary_large_image","twitter_misc":{"Timp estimat pentru citire":"2 minute"},"schema":{"@context":"https:\/\/schema.org","@graph":[{"@type":"WebPage","@id":"https:\/\/valvex.com\/ro\/zona-profesionala\/pentru-designer\/pentru-designer\/","url":"https:\/\/valvex.com\/ro\/zona-profesionala\/pentru-designer\/pentru-designer\/","name":"Pentru designer - Valvex","isPartOf":{"@id":"https:\/\/valvex.com\/ro\/#website"},"primaryImageOfPage":{"@id":"https:\/\/valvex.com\/ro\/zona-profesionala\/pentru-designer\/pentru-designer\/#primaryimage"},"image":{"@id":"https:\/\/valvex.com\/ro\/zona-profesionala\/pentru-designer\/pentru-designer\/#primaryimage"},"thumbnailUrl":"https:\/\/valvex.com\/wp-content\/uploads\/2024\/03\/Header_baterie-ARS-1.png","datePublished":"2022-04-05T00:21:44+00:00","dateModified":"2024-04-25T06:21:06+00:00","breadcrumb":{"@id":"https:\/\/valvex.com\/ro\/zona-profesionala\/pentru-designer\/pentru-designer\/#breadcrumb"},"inLanguage":"ro-RO","potentialAction":[{"@type":"ReadAction","target":["https:\/\/valvex.com\/ro\/zona-profesionala\/pentru-designer\/pentru-designer\/"]}]},{"@type":"ImageObject","inLanguage":"ro-RO","@id":"https:\/\/valvex.com\/ro\/zona-profesionala\/pentru-designer\/pentru-designer\/#primaryimage","url":"https:\/\/valvex.com\/wp-content\/uploads\/2024\/03\/Header_baterie-ARS-1.png","contentUrl":"https:\/\/valvex.com\/wp-content\/uploads\/2024\/03\/Header_baterie-ARS-1.png","width":2400,"height":384},{"@type":"BreadcrumbList","@id":"https:\/\/valvex.com\/ro\/zona-profesionala\/pentru-designer\/pentru-designer\/#breadcrumb","itemListElement":[{"@type":"ListItem","position":1,"name":"Strona g\u0142\u00f3wna","item":"https:\/\/valvex.com\/ro\/"},{"@type":"ListItem","position":2,"name":"Zona Profesional\u0103","item":"https:\/\/valvex.com\/ro\/zona-profesionala\/"},{"@type":"ListItem","position":3,"name":"Pentru designer","item":"https:\/\/valvex.com\/ro\/strefa-profesjonalisty\/strefa-projektanta\/"},{"@type":"ListItem","position":4,"name":"Pentru designer"}]},{"@type":"WebSite","@id":"https:\/\/valvex.com\/ro\/#website","url":"https:\/\/valvex.com\/ro\/","name":"Valvex","description":"Produc\u0103tor de instala\u021bii sanitare \u0219i sanitare","potentialAction":[{"@type":"SearchAction","target":{"@type":"EntryPoint","urlTemplate":"https:\/\/valvex.com\/ro\/?s={search_term_string}"},"query-input":{"@type":"PropertyValueSpecification","valueRequired":true,"valueName":"search_term_string"}}],"inLanguage":"ro-RO"}]}},"_links":{"self":[{"href":"https:\/\/valvex.com\/ro\/wp-json\/wp\/v2\/pages\/68186","targetHints":{"allow":["GET"]}}],"collection":[{"href":"https:\/\/valvex.com\/ro\/wp-json\/wp\/v2\/pages"}],"about":[{"href":"https:\/\/valvex.com\/ro\/wp-json\/wp\/v2\/types\/page"}],"author":[{"embeddable":true,"href":"https:\/\/valvex.com\/ro\/wp-json\/wp\/v2\/users\/12"}],"replies":[{"embeddable":true,"href":"https:\/\/valvex.com\/ro\/wp-json\/wp\/v2\/comments?post=68186"}],"version-history":[{"count":2,"href":"https:\/\/valvex.com\/ro\/wp-json\/wp\/v2\/pages\/68186\/revisions"}],"predecessor-version":[{"id":71562,"href":"https:\/\/valvex.com\/ro\/wp-json\/wp\/v2\/pages\/68186\/revisions\/71562"}],"up":[{"embeddable":true,"href":"https:\/\/valvex.com\/ro\/wp-json\/wp\/v2\/pages\/69412"}],"wp:featuredmedia":[{"embeddable":true,"href":"https:\/\/valvex.com\/ro\/wp-json\/wp\/v2\/media\/70479"}],"wp:attachment":[{"href":"https:\/\/valvex.com\/ro\/wp-json\/wp\/v2\/media?parent=68186"}],"curies":[{"name":"wp","href":"https:\/\/api.w.org\/{rel}","templated":true}]}}