{"id":68171,"date":"2022-04-04T04:21:19","date_gmt":"2022-04-04T02:21:19","guid":{"rendered":"http:\/\/valvex.com\/dla-instalatora\/"},"modified":"2024-04-24T15:24:07","modified_gmt":"2024-04-24T13:24:07","slug":"pentru-instalator","status":"publish","type":"page","link":"https:\/\/valvex.com\/ro\/zona-profesionala\/zona-de-instalatori\/pentru-instalator\/","title":{"rendered":"Pentru instalator"},"content":{"rendered":"\n<div class=\"wp-block-columns is-layout-flex wp-container-core-columns-is-layout-9d6595d7 wp-block-columns-is-layout-flex\">\n<div class=\"wp-block-column is-layout-flow wp-block-column-is-layout-flow\" style=\"flex-basis:66.66%\">\n<p>Atunci c\u00e2nd ne realiz\u0103m produsele, avem \u00een vedere confortul \u0219i satisfac\u021bia a dou\u0103 grupuri de destinatari &#8211; clien\u021bii finali \u0219i instalatorii.<\/p>\n\n\n\n<p>Pentru clien\u021bi, ne ax\u0103m pe design \u0219i pe u\u0219urin\u021ba utiliz\u0103rii. Pentru dumneavoastr\u0103 \u2013 adic\u0103 acele persoane care lucreaz\u0103 cu produsele noastre \u2013 ne str\u0103duim s\u0103 asigur\u0103m o calitate c\u00e2t mai ridicat\u0103 a acestora, un caracter c\u00e2t mai inovator \u0219i mai divers al solu\u021biilor \u0219i o metod\u0103 de instalare intuitiv\u0103 \u0219i eficient\u0103.<\/p>\n\n\n\n<p>Pentru a v\u0103 eficientiza \u0219i mai mult munca &#8211; ca mul\u021bumire pentru faptul c\u0103 a\u021bi ales s\u0103 cump\u0103ra\u021bi produse &#8211; am creat Sec\u021biunea pentru instalatori. Aici ve\u021bi g\u0103si toate fi\u0219ierele necesare pentru proiectarea unei instala\u021bii de ap\u0103, de \u00eenc\u0103lzire sau de gaz care s\u0103 func\u021bioneze optim. Nu uita\u021bi s\u0103 verifica\u021bi:<\/p>\n\n\n\n<ul class=\"wp-block-list\">\n<li><strong>Motor de c\u0103utare a produselor<\/strong> \u2013 Cu ajutorul acestuia, pute\u021bi g\u0103si produsele noastre dup\u0103 cod, denumire \u0219i chiar culoare. Fiecare produs are propria fi\u0219\u0103 cu parametri \u0219i materiale auxiliare preg\u0103tite de instalatorii no\u0219tri.<\/li>\n\n\n\n<li><strong>Fi\u0219iere desc\u0103rcabile <\/strong>&#8211; Toate fi\u0219ierele tehnice necesare activit\u0103\u021bii dumneavoastr\u0103 &#8211; certificate de igien\u0103, declara\u021bii na\u021bionale de performan\u021b\u0103, instruc\u021biuni de instalare, cataloage \u0219i bro\u0219uri &#8211; preg\u0103tite pentru desc\u0103rcare \u0219i utilizare.<\/li>\n<\/ul>\n\n\n\n<p>Cu g\u00e2ndul la dumneavoastr\u0103, am creat o nou\u0103 serie educa\u021bional\u0103, ValvexPRO, care se axeaz\u0103 pe aspectele \u0219i problemele cu care v-a\u021bi putea confrunta \u00een activitatea dumneavoastr\u0103 de zi cu zi. Pute\u021bi urm\u0103ri sub forma unor materiale video scurte \u0219i accesibile recomand\u0103rile preg\u0103tite de exper\u021bii \u0219i de formatorii no\u0219tri de top. A\u0219adar, nu conteaz\u0103 dac\u0103 sunte\u021bi un instalator \u00eencep\u0103tor sau dac\u0103 experien\u021ba dumneavoastr\u0103 \u00een domeniu corespunde unui num\u0103r impresionant de ani &#8211; v\u0103 promitem c\u0103 aici ve\u021bi g\u0103si ceva de interes. V\u0103 ve\u021bi re\u00eemprosp\u0103ta cuno\u0219tin\u021bele, ve\u021bi avea ocazia de a v\u0103 familiariza mai mult cu produsele noastre sau ve\u021bi descoperi noi tendin\u021be de instalare &#8211; v\u0103 promitem c\u0103 ValvexPRO este exact ceea ce v\u0103 trebuie.<\/p>\n<\/div>\n\n\n\n<div class=\"wp-block-column is-layout-flow wp-block-column-is-layout-flow\" style=\"flex-basis:33.33%\"><\/div>\n<\/div>\n\n\n\n<div class=\"wp-block-columns mt-16 is-layout-flex wp-container-core-columns-is-layout-9d6595d7 wp-block-columns-is-layout-flex\"><\/div>\n","protected":false},"excerpt":{"rendered":"<p>Atunci c\u00e2nd ne realiz\u0103m produsele, avem \u00een vedere confortul \u0219i satisfac\u021bia a dou\u0103 grupuri de destinatari &#8211; clien\u021bii finali \u0219i instalatorii. Pentru clien\u021bi, ne ax\u0103m pe design \u0219i pe u\u0219urin\u021ba utiliz\u0103rii. Pentru dumneavoastr\u0103 \u2013 adic\u0103 acele persoane care lucreaz\u0103 cu produsele noastre \u2013 ne str\u0103duim s\u0103 asigur\u0103m o calitate c\u00e2t mai ridicat\u0103 a acestora, un [&hellip;]<\/p>\n","protected":false},"author":12,"featured_media":70472,"parent":69384,"menu_order":251,"comment_status":"closed","ping_status":"closed","template":"","meta":{"_acf_changed":false,"footnotes":""},"class_list":["post-68171","page","type-page","status-publish","has-post-thumbnail","hentry"],"acf":[],"yoast_head":"<!-- This site is optimized with the Yoast SEO plugin v27.3 - https:\/\/yoast.com\/product\/yoast-seo-wordpress\/ -->\n<title>Pentru instalator - Valvex<\/title>\n<meta name=\"robots\" content=\"index, follow, max-snippet:-1, max-image-preview:large, max-video-preview:-1\" \/>\n<link rel=\"canonical\" href=\"https:\/\/valvex.com\/ro\/zona-profesionala\/zona-de-instalatori\/pentru-instalator\/\" \/>\n<meta property=\"og:locale\" content=\"ro_RO\" \/>\n<meta property=\"og:type\" content=\"article\" \/>\n<meta property=\"og:title\" content=\"Pentru instalator - Valvex\" \/>\n<meta property=\"og:description\" content=\"Atunci c\u00e2nd ne realiz\u0103m produsele, avem \u00een vedere confortul \u0219i satisfac\u021bia a dou\u0103 grupuri de destinatari &#8211; clien\u021bii finali \u0219i instalatorii. Pentru clien\u021bi, ne ax\u0103m pe design \u0219i pe u\u0219urin\u021ba utiliz\u0103rii. Pentru dumneavoastr\u0103 \u2013 adic\u0103 acele persoane care lucreaz\u0103 cu produsele noastre \u2013 ne str\u0103duim s\u0103 asigur\u0103m o calitate c\u00e2t mai ridicat\u0103 a acestora, un [&hellip;]\" \/>\n<meta property=\"og:url\" content=\"https:\/\/valvex.com\/ro\/zona-profesionala\/zona-de-instalatori\/pentru-instalator\/\" \/>\n<meta property=\"og:site_name\" content=\"Valvex\" \/>\n<meta property=\"article:modified_time\" content=\"2024-04-24T13:24:07+00:00\" \/>\n<meta property=\"og:image\" content=\"https:\/\/valvex.com\/wp-content\/uploads\/2024\/03\/Header_CO-1024x164.png\" \/>\n\t<meta property=\"og:image:width\" content=\"1024\" \/>\n\t<meta property=\"og:image:height\" content=\"164\" \/>\n\t<meta property=\"og:image:type\" content=\"image\/png\" \/>\n<meta name=\"twitter:card\" content=\"summary_large_image\" \/>\n<meta name=\"twitter:label1\" content=\"Timp estimat pentru citire\" \/>\n\t<meta name=\"twitter:data1\" content=\"2 minute\" \/>\n<script type=\"application\/ld+json\" class=\"yoast-schema-graph\">{\"@context\":\"https:\\\/\\\/schema.org\",\"@graph\":[{\"@type\":\"WebPage\",\"@id\":\"https:\\\/\\\/valvex.com\\\/ro\\\/zona-profesionala\\\/zona-de-instalatori\\\/pentru-instalator\\\/\",\"url\":\"https:\\\/\\\/valvex.com\\\/ro\\\/zona-profesionala\\\/zona-de-instalatori\\\/pentru-instalator\\\/\",\"name\":\"Pentru instalator - Valvex\",\"isPartOf\":{\"@id\":\"https:\\\/\\\/valvex.com\\\/ro\\\/#website\"},\"primaryImageOfPage\":{\"@id\":\"https:\\\/\\\/valvex.com\\\/ro\\\/zona-profesionala\\\/zona-de-instalatori\\\/pentru-instalator\\\/#primaryimage\"},\"image\":{\"@id\":\"https:\\\/\\\/valvex.com\\\/ro\\\/zona-profesionala\\\/zona-de-instalatori\\\/pentru-instalator\\\/#primaryimage\"},\"thumbnailUrl\":\"https:\\\/\\\/valvex.com\\\/wp-content\\\/uploads\\\/2024\\\/03\\\/Header_CO.png\",\"datePublished\":\"2022-04-04T02:21:19+00:00\",\"dateModified\":\"2024-04-24T13:24:07+00:00\",\"breadcrumb\":{\"@id\":\"https:\\\/\\\/valvex.com\\\/ro\\\/zona-profesionala\\\/zona-de-instalatori\\\/pentru-instalator\\\/#breadcrumb\"},\"inLanguage\":\"ro-RO\",\"potentialAction\":[{\"@type\":\"ReadAction\",\"target\":[\"https:\\\/\\\/valvex.com\\\/ro\\\/zona-profesionala\\\/zona-de-instalatori\\\/pentru-instalator\\\/\"]}]},{\"@type\":\"ImageObject\",\"inLanguage\":\"ro-RO\",\"@id\":\"https:\\\/\\\/valvex.com\\\/ro\\\/zona-profesionala\\\/zona-de-instalatori\\\/pentru-instalator\\\/#primaryimage\",\"url\":\"https:\\\/\\\/valvex.com\\\/wp-content\\\/uploads\\\/2024\\\/03\\\/Header_CO.png\",\"contentUrl\":\"https:\\\/\\\/valvex.com\\\/wp-content\\\/uploads\\\/2024\\\/03\\\/Header_CO.png\",\"width\":2400,\"height\":384},{\"@type\":\"BreadcrumbList\",\"@id\":\"https:\\\/\\\/valvex.com\\\/ro\\\/zona-profesionala\\\/zona-de-instalatori\\\/pentru-instalator\\\/#breadcrumb\",\"itemListElement\":[{\"@type\":\"ListItem\",\"position\":1,\"name\":\"Strona g\u0142\u00f3wna\",\"item\":\"https:\\\/\\\/valvex.com\\\/ro\\\/\"},{\"@type\":\"ListItem\",\"position\":2,\"name\":\"Zona Profesional\u0103\",\"item\":\"https:\\\/\\\/valvex.com\\\/ro\\\/zona-profesionala\\\/\"},{\"@type\":\"ListItem\",\"position\":3,\"name\":\"Zona de Instalatori\",\"item\":\"https:\\\/\\\/valvex.com\\\/ro\\\/strefa-profesjonalisty\\\/strefa-instalatora\\\/\"},{\"@type\":\"ListItem\",\"position\":4,\"name\":\"Pentru instalator\"}]},{\"@type\":\"WebSite\",\"@id\":\"https:\\\/\\\/valvex.com\\\/ro\\\/#website\",\"url\":\"https:\\\/\\\/valvex.com\\\/ro\\\/\",\"name\":\"Valvex\",\"description\":\"Produc\u0103tor de instala\u021bii sanitare \u0219i sanitare\",\"potentialAction\":[{\"@type\":\"SearchAction\",\"target\":{\"@type\":\"EntryPoint\",\"urlTemplate\":\"https:\\\/\\\/valvex.com\\\/ro\\\/?s={search_term_string}\"},\"query-input\":{\"@type\":\"PropertyValueSpecification\",\"valueRequired\":true,\"valueName\":\"search_term_string\"}}],\"inLanguage\":\"ro-RO\"}]}<\/script>\n<!-- \/ Yoast SEO plugin. -->","yoast_head_json":{"title":"Pentru instalator - Valvex","robots":{"index":"index","follow":"follow","max-snippet":"max-snippet:-1","max-image-preview":"max-image-preview:large","max-video-preview":"max-video-preview:-1"},"canonical":"https:\/\/valvex.com\/ro\/zona-profesionala\/zona-de-instalatori\/pentru-instalator\/","og_locale":"ro_RO","og_type":"article","og_title":"Pentru instalator - Valvex","og_description":"Atunci c\u00e2nd ne realiz\u0103m produsele, avem \u00een vedere confortul \u0219i satisfac\u021bia a dou\u0103 grupuri de destinatari &#8211; clien\u021bii finali \u0219i instalatorii. Pentru clien\u021bi, ne ax\u0103m pe design \u0219i pe u\u0219urin\u021ba utiliz\u0103rii. Pentru dumneavoastr\u0103 \u2013 adic\u0103 acele persoane care lucreaz\u0103 cu produsele noastre \u2013 ne str\u0103duim s\u0103 asigur\u0103m o calitate c\u00e2t mai ridicat\u0103 a acestora, un [&hellip;]","og_url":"https:\/\/valvex.com\/ro\/zona-profesionala\/zona-de-instalatori\/pentru-instalator\/","og_site_name":"Valvex","article_modified_time":"2024-04-24T13:24:07+00:00","og_image":[{"width":1024,"height":164,"url":"https:\/\/valvex.com\/wp-content\/uploads\/2024\/03\/Header_CO-1024x164.png","type":"image\/png"}],"twitter_card":"summary_large_image","twitter_misc":{"Timp estimat pentru citire":"2 minute"},"schema":{"@context":"https:\/\/schema.org","@graph":[{"@type":"WebPage","@id":"https:\/\/valvex.com\/ro\/zona-profesionala\/zona-de-instalatori\/pentru-instalator\/","url":"https:\/\/valvex.com\/ro\/zona-profesionala\/zona-de-instalatori\/pentru-instalator\/","name":"Pentru instalator - Valvex","isPartOf":{"@id":"https:\/\/valvex.com\/ro\/#website"},"primaryImageOfPage":{"@id":"https:\/\/valvex.com\/ro\/zona-profesionala\/zona-de-instalatori\/pentru-instalator\/#primaryimage"},"image":{"@id":"https:\/\/valvex.com\/ro\/zona-profesionala\/zona-de-instalatori\/pentru-instalator\/#primaryimage"},"thumbnailUrl":"https:\/\/valvex.com\/wp-content\/uploads\/2024\/03\/Header_CO.png","datePublished":"2022-04-04T02:21:19+00:00","dateModified":"2024-04-24T13:24:07+00:00","breadcrumb":{"@id":"https:\/\/valvex.com\/ro\/zona-profesionala\/zona-de-instalatori\/pentru-instalator\/#breadcrumb"},"inLanguage":"ro-RO","potentialAction":[{"@type":"ReadAction","target":["https:\/\/valvex.com\/ro\/zona-profesionala\/zona-de-instalatori\/pentru-instalator\/"]}]},{"@type":"ImageObject","inLanguage":"ro-RO","@id":"https:\/\/valvex.com\/ro\/zona-profesionala\/zona-de-instalatori\/pentru-instalator\/#primaryimage","url":"https:\/\/valvex.com\/wp-content\/uploads\/2024\/03\/Header_CO.png","contentUrl":"https:\/\/valvex.com\/wp-content\/uploads\/2024\/03\/Header_CO.png","width":2400,"height":384},{"@type":"BreadcrumbList","@id":"https:\/\/valvex.com\/ro\/zona-profesionala\/zona-de-instalatori\/pentru-instalator\/#breadcrumb","itemListElement":[{"@type":"ListItem","position":1,"name":"Strona g\u0142\u00f3wna","item":"https:\/\/valvex.com\/ro\/"},{"@type":"ListItem","position":2,"name":"Zona Profesional\u0103","item":"https:\/\/valvex.com\/ro\/zona-profesionala\/"},{"@type":"ListItem","position":3,"name":"Zona de Instalatori","item":"https:\/\/valvex.com\/ro\/strefa-profesjonalisty\/strefa-instalatora\/"},{"@type":"ListItem","position":4,"name":"Pentru instalator"}]},{"@type":"WebSite","@id":"https:\/\/valvex.com\/ro\/#website","url":"https:\/\/valvex.com\/ro\/","name":"Valvex","description":"Produc\u0103tor de instala\u021bii sanitare \u0219i sanitare","potentialAction":[{"@type":"SearchAction","target":{"@type":"EntryPoint","urlTemplate":"https:\/\/valvex.com\/ro\/?s={search_term_string}"},"query-input":{"@type":"PropertyValueSpecification","valueRequired":true,"valueName":"search_term_string"}}],"inLanguage":"ro-RO"}]}},"_links":{"self":[{"href":"https:\/\/valvex.com\/ro\/wp-json\/wp\/v2\/pages\/68171","targetHints":{"allow":["GET"]}}],"collection":[{"href":"https:\/\/valvex.com\/ro\/wp-json\/wp\/v2\/pages"}],"about":[{"href":"https:\/\/valvex.com\/ro\/wp-json\/wp\/v2\/types\/page"}],"author":[{"embeddable":true,"href":"https:\/\/valvex.com\/ro\/wp-json\/wp\/v2\/users\/12"}],"replies":[{"embeddable":true,"href":"https:\/\/valvex.com\/ro\/wp-json\/wp\/v2\/comments?post=68171"}],"version-history":[{"count":2,"href":"https:\/\/valvex.com\/ro\/wp-json\/wp\/v2\/pages\/68171\/revisions"}],"predecessor-version":[{"id":71559,"href":"https:\/\/valvex.com\/ro\/wp-json\/wp\/v2\/pages\/68171\/revisions\/71559"}],"up":[{"embeddable":true,"href":"https:\/\/valvex.com\/ro\/wp-json\/wp\/v2\/pages\/69384"}],"wp:featuredmedia":[{"embeddable":true,"href":"https:\/\/valvex.com\/ro\/wp-json\/wp\/v2\/media\/70472"}],"wp:attachment":[{"href":"https:\/\/valvex.com\/ro\/wp-json\/wp\/v2\/media?parent=68171"}],"curies":[{"name":"wp","href":"https:\/\/api.w.org\/{rel}","templated":true}]}}