{"id":67918,"date":"2022-01-03T12:46:59","date_gmt":"2022-01-03T11:46:59","guid":{"rendered":"http:\/\/valvex.com\/o-nas\/uslugi-b2b\/"},"modified":"2024-04-19T15:47:03","modified_gmt":"2024-04-19T13:47:03","slug":"servicii-b2b","status":"publish","type":"page","link":"https:\/\/valvex.com\/ro\/despre-noi\/servicii-b2b\/","title":{"rendered":"Servicii B2B"},"content":{"rendered":"\n<div class=\"wp-block-columns my-16 is-layout-flex wp-container-core-columns-is-layout-9d6595d7 wp-block-columns-is-layout-flex\">\n<div class=\"wp-block-column is-layout-flow wp-block-column-is-layout-flow\" style=\"flex-basis:20%\"><\/div>\n\n\n\n<div class=\"wp-block-column is-layout-flow wp-block-column-is-layout-flow\" style=\"flex-basis:60%\">\n<h3 class=\"wp-block-heading\"><strong>Colaborare cu dumneavoastr\u0103<\/strong><\/h3>\n\n\n\n<p>Av\u00e2nd \u00een vedere c\u0103 suntem unul dintre cei mai importan\u021bi produc\u0103tori de fitinguri \u0219i instala\u021bii sanitare din Europa Central\u0103 \u0219i de Est, v\u0103 invit\u0103m s\u0103 ne fi\u021bi al\u0103turi cu privire la oferta noastr\u0103 de produse \u0219i la o gam\u0103 larg\u0103 de servicii prestate de fabrica noastr\u0103.<\/p>\n\n\n\n<p>Monitoriz\u0103m \u00een mod constant, de numero\u0219i ani, procesele prezente pe pia\u021b\u0103 \u0219i am deprins tendin\u021bele \u0219i nevoile mediului industrial. Ne dezvolt\u0103m pe plan intern, la nivelul tuturor aspectelor organiza\u021biei, astfel \u00eenc\u00e2t s\u0103 le putem oferi poten\u021bialilor clien\u021bi \u00eentregul pachet de capacit\u0103\u021bi &#8211; idei, instrumente \u0219i know-how bazate pe ani de experien\u021b\u0103 practic\u0103. Pe parcursul colabor\u0103rii, adapt\u0103m individual modelul de operare la a\u0219tept\u0103rile partenerului.<\/p>\n\n\n\n<p>Reu\u0219ita dezvolt\u0103rii colaborative este garantat\u0103 de calitatea produselor pe care le fabric\u0103m local, atestat\u0103 de aprob\u0103rile \u0219i certific\u0103rile ISO. Pentru ca partenerii no\u0219tri s\u0103 se simt\u0103 \u00eencrez\u0103tori \u0219i \u00een siguran\u021b\u0103, \u00eenaint\u0103m raport\u0103ri eficiente, oferim sisteme moderne de management al produc\u021biei \u0219i sisteme de control avansate. Aceste solu\u021bii faciliteaz\u0103 monitorizarea integral\u0103 a unui portofoliu larg de produse \u0219i servicii, ceea ce asigur\u0103 optimizarea complet\u0103 a activit\u0103\u021bilor. Totodat\u0103, depunem toate eforturile pentru a ne asigura c\u0103 serviciul nostru pentru clien\u021bi r\u0103spunde cerin\u021belor celor mai exigen\u021bi clien\u021bi.<\/p>\n\n\n\n<p>Datorit\u0103 echipamentelor de ultim\u0103 genera\u021bie \u0219i angaja\u021bilor \u00eenalt califica\u021bi \u0219i cu experien\u021b\u0103 bogat\u0103, oferim, printre altele: o gam\u0103 de servicii personalizate destinate prelucr\u0103rii pieselor din alam\u0103.<\/p>\n<\/div>\n\n\n\n<div class=\"wp-block-column is-layout-flow wp-block-column-is-layout-flow\" style=\"flex-basis:20%\"><\/div>\n<\/div>\n\n\n\n<ul class=\"tab-menu my-8 mb-16\"><li><a href=\"#omechaniczna\">Prelucrare mecanic\u0103<\/a><\/li><li><a href=\"#oskrawaniem\">Prelucrare<\/a><\/li><li><a href=\"#oplastyczna\">Forjare<\/a><\/li><li><a href=\"#opowierzchniowe\">Tratamente de suprafa\u021b\u0103<\/a><\/li><li><a href=\"#powloki\">Acoperiri galvanice<\/a><\/li><\/ul>\n\n\n\n<div class=\"wp-block-media-text alignfull is-stacked-on-mobile is-vertically-aligned-center is-image-fill my-24\" id=\"omechaniczna\"><figure class=\"wp-block-media-text__media\" style=\"background-image:url(http:\/\/valvex.com\/wp-content\/uploads\/2022\/03\/AdobeStock_227610684.png);background-position:50% 50%\"><img loading=\"lazy\" decoding=\"async\" width=\"704\" height=\"720\" src=\"http:\/\/valvex.com\/wp-content\/uploads\/2022\/03\/AdobeStock_227610684.png\" alt=\"\" class=\"wp-image-246 size-full\" srcset=\"https:\/\/valvex.com\/wp-content\/uploads\/2022\/03\/AdobeStock_227610684.png 704w, https:\/\/valvex.com\/wp-content\/uploads\/2022\/03\/AdobeStock_227610684-293x300.png 293w\" sizes=\"auto, (max-width: 704px) 100vw, 704px\" \/><\/figure><div class=\"wp-block-media-text__content\">\n<h3 class=\"wp-block-heading has-text-align-left has-text-color\" style=\"color:#000000\"><strong><strong>Prelucrare mecanic\u0103<\/strong><\/strong><\/h3>\n\n\n\n<p>Compania noastr\u0103 dispune de posibilitatea de a prelucra mecanic at\u00e2t componente simple, c\u00e2t \u0219i complexe. Fabric\u0103m piese pe baza documenta\u021biei de execu\u021bie \u00eencredin\u021bate sau, la cerere, le elabor\u0103m chiar noi.<\/p>\n\n\n\n<p>Putem genera un model digital 3D cu un desen tehnic bazat pe componenta furnizat\u0103 fizic, datorit\u0103 utiliz\u0103rii unui software CAD\/CAM avansat (Solid Edge, GibbsCAM).<\/p>\n\n\n\n<p>Poten\u021bialul de prelucrare de care dispune compania este pus \u00een eviden\u021b\u0103 de utilajele sale moderne \u0219i diversificate.<\/p>\n\n\n\n<p>Printre aceste utilaje se num\u0103r\u0103 centre de prelucrare verticale \u0219i orizontale cu patru axe \u0219i strunguri CNC de la Chiron, Kitamura Hass \u0219i DMG. Prin utilizarea controlului numeric computerizat bazat pe controlere GE-Fanuc \u0219i Simmens, putem \u00eembun\u0103t\u0103\u021bi semnificativ precizia \u0219i repetabilitatea procesului de produc\u021bie.<\/p>\n\n\n\n<p>Totodat\u0103, compania folose\u0219te ma\u0219ini Gildemeister \u0219i Tornos cu mai multe axe, extrem de eficiente, precum \u0219i ma\u0219ini semiautomate Gnutti \u0219i Gozio, dar \u0219i strunguri \u0219i ma\u0219ini de frezat conven\u021bionale. Datorit\u0103 sistemului de control al calit\u0103\u021bii \u00een mai multe etape, produc\u021bia noastr\u0103 este caracterizat\u0103 de o precizie \u0219i o repetabilitate de excep\u021bie a pieselor.<\/p>\n<\/div><\/div>\n\n\n\n<div class=\"wp-block-media-text alignfull has-media-on-the-right is-stacked-on-mobile is-vertically-aligned-center my-24\" id=\"oskrawaniem\"><div class=\"wp-block-media-text__content\">\n<h3 class=\"wp-block-heading has-text-align-left has-text-color\" style=\"color:#000000\"><strong>Prelucrare<\/strong><\/h3>\n\n\n\n<p>\u00cen func\u021bie de forma sau de rugozitatea necesar\u0103 a suprafe\u021bei, apel\u0103m la frezare CNC, strunjire CNC, filetare \u0219i g\u0103urire.<\/p>\n<\/div><figure class=\"wp-block-media-text__media\"><img loading=\"lazy\" decoding=\"async\" width=\"704\" height=\"720\" src=\"http:\/\/valvex.com\/wp-content\/uploads\/2022\/03\/AdobeStock_442375439.png\" alt=\"\" class=\"wp-image-250 size-full\" srcset=\"https:\/\/valvex.com\/wp-content\/uploads\/2022\/03\/AdobeStock_442375439.png 704w, https:\/\/valvex.com\/wp-content\/uploads\/2022\/03\/AdobeStock_442375439-293x300.png 293w\" sizes=\"auto, (max-width: 704px) 100vw, 704px\" \/><\/figure><\/div>\n\n\n\n<div class=\"wp-block-media-text alignfull is-stacked-on-mobile is-vertically-aligned-center my-24\" id=\"oplastyczna\"><figure class=\"wp-block-media-text__media\"><img loading=\"lazy\" decoding=\"async\" width=\"704\" height=\"720\" src=\"http:\/\/valvex.com\/wp-content\/uploads\/2022\/03\/AdobeStock_399517769.png\" alt=\"\" class=\"wp-image-256 size-full\" srcset=\"https:\/\/valvex.com\/wp-content\/uploads\/2022\/03\/AdobeStock_399517769.png 704w, https:\/\/valvex.com\/wp-content\/uploads\/2022\/03\/AdobeStock_399517769-293x300.png 293w\" sizes=\"auto, (max-width: 704px) 100vw, 704px\" \/><\/figure><div class=\"wp-block-media-text__content\">\n<h3 class=\"wp-block-heading has-text-align-left has-text-color\" style=\"color:#000000\"><strong>Forjare<\/strong><\/h3>\n\n\n\n<p>Sfera de aplicare include at\u00e2t alam\u0103, c\u00e2t \u0219i o\u021bel. Oferim:<\/p>\n\n\n\n<ul class=\"wp-block-list\">\n<li>forjare la cald folosind tehnica \u00een matri\u021b\u0103<\/li>\n\n\n\n<li>sablare<\/li>\n\n\n\n<li>\u00eendoirea \u021bevilor de o\u021bel cu un diametru maxim de 63,5 mm<\/li>\n\n\n\n<li>brazare cu argint<\/li>\n<\/ul>\n<\/div><\/div>\n\n\n\n<div class=\"wp-block-media-text alignfull has-media-on-the-right is-stacked-on-mobile is-vertically-aligned-center my-24\" id=\"opowierzchniowe\"><div class=\"wp-block-media-text__content\">\n<h3 class=\"wp-block-heading has-text-align-left has-text-color\" style=\"color:#000000\"><strong>Tratamente de suprafa\u021b\u0103<\/strong><\/h3>\n\n\n\n<p>Oferim \u0219lefuire \u0219i lustruire bazate pe tehnici manuale \u0219i semiautomate.<\/p>\n\n\n\n<p>Avem o vast\u0103 experien\u021b\u0103 \u00een preg\u0103tirea suprafe\u021belor pentru acoperiri galvanice \u0219i l\u0103cuire.<\/p>\n\n\n\n<p>Oferim servicii de \u0219lefuire \u0219i lustruire a pieselor din metale neferoase.<\/p>\n\n\n\n<p>Sfera de prelucrare include:<\/p>\n\n\n\n<ul class=\"wp-block-list\">\n<li>rectificare<\/li>\n\n\n\n<li>lustruire manual\u0103 \u0219i automat\u0103<\/li>\n\n\n\n<li>periaj decorativ<\/li>\n\n\n\n<li>prelucrare cu vibra\u021bii a pieselor \u2013 lustruire<\/li>\n<\/ul>\n<\/div><figure class=\"wp-block-media-text__media\"><img loading=\"lazy\" decoding=\"async\" width=\"560\" height=\"573\" src=\"http:\/\/valvex.com\/wp-content\/uploads\/2022\/08\/Obrobki-Powierzchniowe_560x572.72.png\" alt=\"\" class=\"wp-image-63265 size-full\" srcset=\"https:\/\/valvex.com\/wp-content\/uploads\/2022\/08\/Obrobki-Powierzchniowe_560x572.72.png 560w, https:\/\/valvex.com\/wp-content\/uploads\/2022\/08\/Obrobki-Powierzchniowe_560x572.72-293x300.png 293w\" sizes=\"auto, (max-width: 560px) 100vw, 560px\" \/><\/figure><\/div>\n\n\n\n<div class=\"wp-block-media-text alignfull is-stacked-on-mobile is-vertically-aligned-center\" id=\"powloki\"><figure class=\"wp-block-media-text__media\"><img loading=\"lazy\" decoding=\"async\" width=\"704\" height=\"720\" src=\"http:\/\/valvex.com\/wp-content\/uploads\/2022\/03\/IMG_0772-1.png\" alt=\"\" class=\"wp-image-259 size-full\" srcset=\"https:\/\/valvex.com\/wp-content\/uploads\/2022\/03\/IMG_0772-1.png 704w, https:\/\/valvex.com\/wp-content\/uploads\/2022\/03\/IMG_0772-1-293x300.png 293w\" sizes=\"auto, (max-width: 704px) 100vw, 704px\" \/><\/figure><div class=\"wp-block-media-text__content\">\n<h3 class=\"wp-block-heading has-text-align-left has-text-color\" style=\"color:#000000\"><strong>Acoperiri galvanice<\/strong><\/h3>\n\n\n\n<p>\u00cen func\u021bie de material \u0219i de rezultatele dorite &#8211; crearea de acoperiri decorative sau acoperiri cu mai multe straturi pentru \u00eembun\u0103t\u0103\u021birea rezisten\u021bei la coroziune &#8211; sunt posibile diferite metode de acoperire:<\/p>\n\n\n\n<ul class=\"wp-block-list\">\n<li>acoperire galvanic\u0103 suspendat\u0103 \u2013 proces de acoperire automatizat,<\/li>\n\n\n\n<li>care include: nichelare, cromare, placare cu cupru, placare cu aur, \u00eennegrire<\/li>\n\n\n\n<li>placare cu nichel negru<\/li>\n\n\n\n<li>vopsea pulbere \u2013 metoda TRIBO<\/li>\n\n\n\n<li>acoperire cu vopsele transparente \u2013 palet\u0103 de culori complet\u0103<\/li>\n<\/ul>\n<\/div><\/div>\n","protected":false},"excerpt":{"rendered":"<p>Colaborare cu dumneavoastr\u0103 Av\u00e2nd \u00een vedere c\u0103 suntem unul dintre cei mai importan\u021bi produc\u0103tori de fitinguri \u0219i instala\u021bii sanitare din Europa Central\u0103 \u0219i de Est, v\u0103 invit\u0103m s\u0103 ne fi\u021bi al\u0103turi cu privire la oferta noastr\u0103 de produse \u0219i la o gam\u0103 larg\u0103 de servicii prestate de fabrica noastr\u0103. Monitoriz\u0103m \u00een mod constant, de numero\u0219i [&hellip;]<\/p>\n","protected":false},"author":12,"featured_media":73323,"parent":67825,"menu_order":172,"comment_status":"closed","ping_status":"closed","template":"","meta":{"_acf_changed":false,"footnotes":""},"class_list":["post-67918","page","type-page","status-publish","has-post-thumbnail","hentry"],"acf":[],"yoast_head":"<!-- This site is optimized with the Yoast SEO plugin v27.3 - https:\/\/yoast.com\/product\/yoast-seo-wordpress\/ -->\n<title>Servicii B2B - Valvex<\/title>\n<meta name=\"robots\" content=\"index, follow, max-snippet:-1, max-image-preview:large, max-video-preview:-1\" \/>\n<link rel=\"canonical\" href=\"https:\/\/valvex.com\/ro\/despre-noi\/servicii-b2b\/\" \/>\n<meta property=\"og:locale\" content=\"ro_RO\" \/>\n<meta property=\"og:type\" content=\"article\" \/>\n<meta property=\"og:title\" content=\"Servicii B2B - Valvex\" \/>\n<meta property=\"og:description\" content=\"Colaborare cu dumneavoastr\u0103 Av\u00e2nd \u00een vedere c\u0103 suntem unul dintre cei mai importan\u021bi produc\u0103tori de fitinguri \u0219i instala\u021bii sanitare din Europa Central\u0103 \u0219i de Est, v\u0103 invit\u0103m s\u0103 ne fi\u021bi al\u0103turi cu privire la oferta noastr\u0103 de produse \u0219i la o gam\u0103 larg\u0103 de servicii prestate de fabrica noastr\u0103. Monitoriz\u0103m \u00een mod constant, de numero\u0219i [&hellip;]\" \/>\n<meta property=\"og:url\" content=\"https:\/\/valvex.com\/ro\/despre-noi\/servicii-b2b\/\" \/>\n<meta property=\"og:site_name\" content=\"Valvex\" \/>\n<meta property=\"article:modified_time\" content=\"2024-04-19T13:47:03+00:00\" \/>\n<meta property=\"og:image\" content=\"https:\/\/valvex.com\/wp-content\/uploads\/2024\/07\/Header_B2B.png\" \/>\n\t<meta property=\"og:image:width\" content=\"2400\" \/>\n\t<meta property=\"og:image:height\" content=\"384\" \/>\n\t<meta property=\"og:image:type\" content=\"image\/png\" \/>\n<meta name=\"twitter:card\" content=\"summary_large_image\" \/>\n<meta name=\"twitter:label1\" content=\"Timp estimat pentru citire\" \/>\n\t<meta name=\"twitter:data1\" content=\"5 minute\" \/>\n<script type=\"application\/ld+json\" class=\"yoast-schema-graph\">{\"@context\":\"https:\\\/\\\/schema.org\",\"@graph\":[{\"@type\":\"WebPage\",\"@id\":\"https:\\\/\\\/valvex.com\\\/ro\\\/despre-noi\\\/servicii-b2b\\\/\",\"url\":\"https:\\\/\\\/valvex.com\\\/ro\\\/despre-noi\\\/servicii-b2b\\\/\",\"name\":\"Servicii B2B - Valvex\",\"isPartOf\":{\"@id\":\"https:\\\/\\\/valvex.com\\\/ro\\\/#website\"},\"primaryImageOfPage\":{\"@id\":\"https:\\\/\\\/valvex.com\\\/ro\\\/despre-noi\\\/servicii-b2b\\\/#primaryimage\"},\"image\":{\"@id\":\"https:\\\/\\\/valvex.com\\\/ro\\\/despre-noi\\\/servicii-b2b\\\/#primaryimage\"},\"thumbnailUrl\":\"https:\\\/\\\/valvex.com\\\/wp-content\\\/uploads\\\/2024\\\/07\\\/Header_B2B.png\",\"datePublished\":\"2022-01-03T11:46:59+00:00\",\"dateModified\":\"2024-04-19T13:47:03+00:00\",\"breadcrumb\":{\"@id\":\"https:\\\/\\\/valvex.com\\\/ro\\\/despre-noi\\\/servicii-b2b\\\/#breadcrumb\"},\"inLanguage\":\"ro-RO\",\"potentialAction\":[{\"@type\":\"ReadAction\",\"target\":[\"https:\\\/\\\/valvex.com\\\/ro\\\/despre-noi\\\/servicii-b2b\\\/\"]}]},{\"@type\":\"ImageObject\",\"inLanguage\":\"ro-RO\",\"@id\":\"https:\\\/\\\/valvex.com\\\/ro\\\/despre-noi\\\/servicii-b2b\\\/#primaryimage\",\"url\":\"https:\\\/\\\/valvex.com\\\/wp-content\\\/uploads\\\/2024\\\/07\\\/Header_B2B.png\",\"contentUrl\":\"https:\\\/\\\/valvex.com\\\/wp-content\\\/uploads\\\/2024\\\/07\\\/Header_B2B.png\",\"width\":2400,\"height\":384},{\"@type\":\"BreadcrumbList\",\"@id\":\"https:\\\/\\\/valvex.com\\\/ro\\\/despre-noi\\\/servicii-b2b\\\/#breadcrumb\",\"itemListElement\":[{\"@type\":\"ListItem\",\"position\":1,\"name\":\"Strona g\u0142\u00f3wna\",\"item\":\"https:\\\/\\\/valvex.com\\\/ro\\\/\"},{\"@type\":\"ListItem\",\"position\":2,\"name\":\"Despre noi\",\"item\":\"https:\\\/\\\/valvex.com\\\/ro\\\/o-nas\\\/\"},{\"@type\":\"ListItem\",\"position\":3,\"name\":\"Servicii B2B\"}]},{\"@type\":\"WebSite\",\"@id\":\"https:\\\/\\\/valvex.com\\\/ro\\\/#website\",\"url\":\"https:\\\/\\\/valvex.com\\\/ro\\\/\",\"name\":\"Valvex\",\"description\":\"Produc\u0103tor de instala\u021bii sanitare \u0219i sanitare\",\"potentialAction\":[{\"@type\":\"SearchAction\",\"target\":{\"@type\":\"EntryPoint\",\"urlTemplate\":\"https:\\\/\\\/valvex.com\\\/ro\\\/?s={search_term_string}\"},\"query-input\":{\"@type\":\"PropertyValueSpecification\",\"valueRequired\":true,\"valueName\":\"search_term_string\"}}],\"inLanguage\":\"ro-RO\"}]}<\/script>\n<!-- \/ Yoast SEO plugin. -->","yoast_head_json":{"title":"Servicii B2B - Valvex","robots":{"index":"index","follow":"follow","max-snippet":"max-snippet:-1","max-image-preview":"max-image-preview:large","max-video-preview":"max-video-preview:-1"},"canonical":"https:\/\/valvex.com\/ro\/despre-noi\/servicii-b2b\/","og_locale":"ro_RO","og_type":"article","og_title":"Servicii B2B - Valvex","og_description":"Colaborare cu dumneavoastr\u0103 Av\u00e2nd \u00een vedere c\u0103 suntem unul dintre cei mai importan\u021bi produc\u0103tori de fitinguri \u0219i instala\u021bii sanitare din Europa Central\u0103 \u0219i de Est, v\u0103 invit\u0103m s\u0103 ne fi\u021bi al\u0103turi cu privire la oferta noastr\u0103 de produse \u0219i la o gam\u0103 larg\u0103 de servicii prestate de fabrica noastr\u0103. Monitoriz\u0103m \u00een mod constant, de numero\u0219i [&hellip;]","og_url":"https:\/\/valvex.com\/ro\/despre-noi\/servicii-b2b\/","og_site_name":"Valvex","article_modified_time":"2024-04-19T13:47:03+00:00","og_image":[{"width":2400,"height":384,"url":"https:\/\/valvex.com\/wp-content\/uploads\/2024\/07\/Header_B2B.png","type":"image\/png"}],"twitter_card":"summary_large_image","twitter_misc":{"Timp estimat pentru citire":"5 minute"},"schema":{"@context":"https:\/\/schema.org","@graph":[{"@type":"WebPage","@id":"https:\/\/valvex.com\/ro\/despre-noi\/servicii-b2b\/","url":"https:\/\/valvex.com\/ro\/despre-noi\/servicii-b2b\/","name":"Servicii B2B - Valvex","isPartOf":{"@id":"https:\/\/valvex.com\/ro\/#website"},"primaryImageOfPage":{"@id":"https:\/\/valvex.com\/ro\/despre-noi\/servicii-b2b\/#primaryimage"},"image":{"@id":"https:\/\/valvex.com\/ro\/despre-noi\/servicii-b2b\/#primaryimage"},"thumbnailUrl":"https:\/\/valvex.com\/wp-content\/uploads\/2024\/07\/Header_B2B.png","datePublished":"2022-01-03T11:46:59+00:00","dateModified":"2024-04-19T13:47:03+00:00","breadcrumb":{"@id":"https:\/\/valvex.com\/ro\/despre-noi\/servicii-b2b\/#breadcrumb"},"inLanguage":"ro-RO","potentialAction":[{"@type":"ReadAction","target":["https:\/\/valvex.com\/ro\/despre-noi\/servicii-b2b\/"]}]},{"@type":"ImageObject","inLanguage":"ro-RO","@id":"https:\/\/valvex.com\/ro\/despre-noi\/servicii-b2b\/#primaryimage","url":"https:\/\/valvex.com\/wp-content\/uploads\/2024\/07\/Header_B2B.png","contentUrl":"https:\/\/valvex.com\/wp-content\/uploads\/2024\/07\/Header_B2B.png","width":2400,"height":384},{"@type":"BreadcrumbList","@id":"https:\/\/valvex.com\/ro\/despre-noi\/servicii-b2b\/#breadcrumb","itemListElement":[{"@type":"ListItem","position":1,"name":"Strona g\u0142\u00f3wna","item":"https:\/\/valvex.com\/ro\/"},{"@type":"ListItem","position":2,"name":"Despre noi","item":"https:\/\/valvex.com\/ro\/o-nas\/"},{"@type":"ListItem","position":3,"name":"Servicii B2B"}]},{"@type":"WebSite","@id":"https:\/\/valvex.com\/ro\/#website","url":"https:\/\/valvex.com\/ro\/","name":"Valvex","description":"Produc\u0103tor de instala\u021bii sanitare \u0219i sanitare","potentialAction":[{"@type":"SearchAction","target":{"@type":"EntryPoint","urlTemplate":"https:\/\/valvex.com\/ro\/?s={search_term_string}"},"query-input":{"@type":"PropertyValueSpecification","valueRequired":true,"valueName":"search_term_string"}}],"inLanguage":"ro-RO"}]}},"_links":{"self":[{"href":"https:\/\/valvex.com\/ro\/wp-json\/wp\/v2\/pages\/67918","targetHints":{"allow":["GET"]}}],"collection":[{"href":"https:\/\/valvex.com\/ro\/wp-json\/wp\/v2\/pages"}],"about":[{"href":"https:\/\/valvex.com\/ro\/wp-json\/wp\/v2\/types\/page"}],"author":[{"embeddable":true,"href":"https:\/\/valvex.com\/ro\/wp-json\/wp\/v2\/users\/12"}],"replies":[{"embeddable":true,"href":"https:\/\/valvex.com\/ro\/wp-json\/wp\/v2\/comments?post=67918"}],"version-history":[{"count":2,"href":"https:\/\/valvex.com\/ro\/wp-json\/wp\/v2\/pages\/67918\/revisions"}],"predecessor-version":[{"id":71544,"href":"https:\/\/valvex.com\/ro\/wp-json\/wp\/v2\/pages\/67918\/revisions\/71544"}],"up":[{"embeddable":true,"href":"https:\/\/valvex.com\/ro\/wp-json\/wp\/v2\/pages\/67825"}],"wp:featuredmedia":[{"embeddable":true,"href":"https:\/\/valvex.com\/ro\/wp-json\/wp\/v2\/media\/73323"}],"wp:attachment":[{"href":"https:\/\/valvex.com\/ro\/wp-json\/wp\/v2\/media?parent=67918"}],"curies":[{"name":"wp","href":"https:\/\/api.w.org\/{rel}","templated":true}]}}