{"id":69416,"date":"2022-08-17T15:02:21","date_gmt":"2022-08-17T13:02:21","guid":{"rendered":"http:\/\/valvex.com\/professional-zone\/for-the-designer\/program-partnerski-dla-projektantow\/"},"modified":"2024-04-16T14:34:16","modified_gmt":"2024-04-16T12:34:16","slug":"partner-program","status":"publish","type":"page","link":"https:\/\/valvex.com\/en\/professional-zone\/for-the-designer\/partner-program\/","title":{"rendered":"Partner Program"},"content":{"rendered":"\n<h3 class=\"wp-block-heading\"><strong>Join the Valvex affiliate program!<\/strong><\/h3>\n\n\n\n<p>We are looking for designers and interior architects willing to work with us.<\/p>\n\n\n\n<p>We have created the Affiliate Program tailored specifically to your needs. We want to support you in your everyday work, facilitating the process of searching for products and related materials.<\/p>\n\n\n\n<p>If you are looking for more detailed information about our products, need 3D models for your projects or want to ask us technical questions \u2013 write to us or apply for the Program. We are happy to help.<\/p>\n\n\n\n<div class=\"wp-block-columns is-layout-flex wp-container-core-columns-is-layout-9d6595d7 wp-block-columns-is-layout-flex\">\n<div class=\"wp-block-column is-vertically-aligned-center is-layout-flow wp-block-column-is-layout-flow\" style=\"flex-basis:100%\">\n<div class=\"wp-block-group\"><div class=\"wp-block-group__inner-container is-layout-flow wp-block-group-is-layout-flow\">\n<div style=\"height:30px\" aria-hidden=\"true\" class=\"wp-block-spacer\"><\/div>\n<\/div><\/div>\n<\/div>\n<\/div>\n\n\n\n<div class=\"wp-block-columns is-layout-flex wp-container-core-columns-is-layout-9d6595d7 wp-block-columns-is-layout-flex\">\n<div class=\"wp-block-column is-layout-flow wp-block-column-is-layout-flow\" style=\"flex-basis:59.6%\"><\/div>\n\n\n\n<div class=\"wp-block-column is-layout-flow wp-block-column-is-layout-flow\" style=\"flex-basis:66.67%\">\n<h3 class=\"wp-block-heading mb-16\">We invite you to contact us<\/h3>\n\n\n\n<div class=\"wpcf7 no-js\" id=\"wpcf7-f69479-o1\" lang=\"en-US\" dir=\"ltr\" data-wpcf7-id=\"69479\">\n<div class=\"screen-reader-response\"><p role=\"status\" aria-live=\"polite\" aria-atomic=\"true\"><\/p> <ul><\/ul><\/div>\n<form action=\"\/en\/wp-json\/wp\/v2\/pages\/69416#wpcf7-f69479-o1\" method=\"post\" class=\"wpcf7-form init\" aria-label=\"Contact form\" novalidate=\"novalidate\" data-status=\"init\">\n<fieldset class=\"hidden-fields-container\"><input type=\"hidden\" name=\"_wpcf7\" value=\"69479\" \/><input type=\"hidden\" name=\"_wpcf7_version\" value=\"6.1.5\" \/><input type=\"hidden\" name=\"_wpcf7_locale\" value=\"en_US\" \/><input type=\"hidden\" name=\"_wpcf7_unit_tag\" value=\"wpcf7-f69479-o1\" \/><input type=\"hidden\" name=\"_wpcf7_container_post\" value=\"0\" \/><input type=\"hidden\" name=\"_wpcf7_posted_data_hash\" value=\"\" \/><input type=\"hidden\" name=\"_wpcf7_recaptcha_response\" value=\"\" \/>\n<\/fieldset>\n<div class=\"grid md:grid-cols-2 gap-2\">\n\t<div>\n\t\t<p><label>First name <span class=\"wpcf7-form-control-wrap\" data-name=\"your-name\"><input size=\"40\" maxlength=\"400\" class=\"wpcf7-form-control wpcf7-text wpcf7-validates-as-required\" aria-required=\"true\" aria-invalid=\"false\" value=\"\" type=\"text\" name=\"your-name\" \/><\/span> <\/label>\n\t\t<\/p>\n\t<\/div>\n\t<div>\n\t\t<p><label>Last name <span class=\"wpcf7-form-control-wrap\" data-name=\"your-lastname\"><input size=\"40\" maxlength=\"400\" class=\"wpcf7-form-control wpcf7-text wpcf7-validates-as-required\" aria-required=\"true\" aria-invalid=\"false\" value=\"\" type=\"text\" name=\"your-lastname\" \/><\/span> <\/label>\n\t\t<\/p>\n\t<\/div>\n<\/div>\n<p><label>Company name <span class=\"wpcf7-form-control-wrap\" data-name=\"company-name\"><input size=\"40\" maxlength=\"400\" class=\"wpcf7-form-control wpcf7-text wpcf7-validates-as-required\" aria-required=\"true\" aria-invalid=\"false\" value=\"\" type=\"text\" name=\"company-name\" \/><\/span> <\/label>\n<\/p>\n<div class=\"grid md:grid-cols-2 gap-2\">\n\t<div>\n\t\t<p><label>E-mail <span class=\"wpcf7-form-control-wrap\" data-name=\"your-email\"><input size=\"40\" maxlength=\"400\" class=\"wpcf7-form-control wpcf7-email wpcf7-validates-as-required wpcf7-text wpcf7-validates-as-email\" aria-required=\"true\" aria-invalid=\"false\" value=\"\" type=\"email\" name=\"your-email\" \/><\/span> <\/label>\n\t\t<\/p>\n\t<\/div>\n\t<div>\n\t\t<p><label>Phone number <span class=\"wpcf7-form-control-wrap\" data-name=\"your-phone\"><input size=\"40\" maxlength=\"400\" class=\"wpcf7-form-control wpcf7-tel wpcf7-validates-as-required wpcf7-text wpcf7-validates-as-tel\" aria-required=\"true\" aria-invalid=\"false\" value=\"\" type=\"tel\" name=\"your-phone\" \/><\/span> <\/label>\n\t\t<\/p>\n\t<\/div>\n<\/div>\n<p><label>Your message<br \/>\n<span class=\"wpcf7-form-control-wrap\" data-name=\"your-message\"><textarea cols=\"40\" rows=\"10\" maxlength=\"2000\" class=\"wpcf7-form-control wpcf7-textarea wpcf7-validates-as-required\" aria-required=\"true\" aria-invalid=\"false\" name=\"your-message\"><\/textarea><\/span> <\/label>\n<\/p>\n<p style=\"font-size: 0.8rem;color: #989898;font-weight: normal;\">The administrator of your personal data provided is Valvex S.A. located in Jordan\u00f3w, at Nad Skaw\u0105 2 Street, 34-240 Jordan\u00f3w, registered in the Register of Entrepreneurs of the National Court Register by the District Court for Krak\u00f3w - \u015ar\u00f3dmie\u015bcie in Krak\u00f3w, 12th Commercial Division of the National Court Register under the number KRS 0000026818, VAT ID: 735-00-24-499, REGON: 490399956. We process your personal data in order to respond to the questions sent or in other matters in which you contact us using this form.\n<\/p>\n<p><label style=\"font-size: 0.8rem;color: #989898;font-weight: normal;\"> <span class=\"wpcf7-form-control-wrap\" data-name=\"dane-osobowe\"><span class=\"wpcf7-form-control wpcf7-acceptance optional\"><span class=\"wpcf7-list-item\"><input type=\"checkbox\" name=\"dane-osobowe\" value=\"1\" aria-invalid=\"false\" \/><\/span><\/span><\/span>&nbsp;&nbsp; I consent to be contacted through the communication channel provided in the form for marketing purposes, including the presentation of unsolicited offers of products and services by Valvex S.A. In cases provided by law, you have the right to: access your data, receive a copy of your data, rectify, delete, limit processing, transfer, withdraw consent, and object to data processing. Full information regarding the processing of personal data in business communication is available in the <a href=\"\/en\/privacy-policy\/\" target=\"_blank\" style=\"color:#ff0613;\">Privacy Policy<\/a><\/label>\n<\/p>\n<div class=\"text-right\">\n\t<p><input class=\"wpcf7-form-control wpcf7-submit has-spinner\" type=\"submit\" value=\"Send\" \/>\n\t<\/p>\n<\/div><div class=\"wpcf7-response-output\" aria-hidden=\"true\"><\/div>\n<\/form>\n<\/div>\n\n<\/div>\n<\/div>\n","protected":false},"excerpt":{"rendered":"<p>Join the Valvex affiliate program! We are looking for designers and interior architects willing to work with us. We have created the Affiliate Program tailored specifically to your needs. We want to support you in your everyday work, facilitating the process of searching for products and related materials. If you are looking for more detailed [&hellip;]<\/p>\n","protected":false},"author":12,"featured_media":68183,"parent":69410,"menu_order":76,"comment_status":"closed","ping_status":"closed","template":"","meta":{"_acf_changed":false,"footnotes":""},"class_list":["post-69416","page","type-page","status-publish","has-post-thumbnail","hentry"],"acf":[],"yoast_head":"<!-- This site is optimized with the Yoast SEO plugin v27.3 - https:\/\/yoast.com\/product\/yoast-seo-wordpress\/ -->\n<title>Partner Program - Valvex<\/title>\n<meta name=\"robots\" content=\"index, follow, max-snippet:-1, max-image-preview:large, max-video-preview:-1\" \/>\n<link rel=\"canonical\" href=\"https:\/\/valvex.com\/en\/professional-zone\/for-the-designer\/partner-program\/\" \/>\n<meta property=\"og:locale\" content=\"en_US\" \/>\n<meta property=\"og:type\" content=\"article\" \/>\n<meta property=\"og:title\" content=\"Partner Program - Valvex\" \/>\n<meta property=\"og:description\" content=\"Join the Valvex affiliate program! We are looking for designers and interior architects willing to work with us. We have created the Affiliate Program tailored specifically to your needs. We want to support you in your everyday work, facilitating the process of searching for products and related materials. If you are looking for more detailed [&hellip;]\" \/>\n<meta property=\"og:url\" content=\"https:\/\/valvex.com\/en\/professional-zone\/for-the-designer\/partner-program\/\" \/>\n<meta property=\"og:site_name\" content=\"Valvex\" \/>\n<meta property=\"article:modified_time\" content=\"2024-04-16T12:34:16+00:00\" \/>\n<meta property=\"og:image\" content=\"https:\/\/valvex.com\/wp-content\/uploads\/2022\/06\/Valvex-dla-projektanta.jpg\" \/>\n\t<meta property=\"og:image:width\" content=\"2400\" \/>\n\t<meta property=\"og:image:height\" content=\"843\" \/>\n\t<meta property=\"og:image:type\" content=\"image\/jpeg\" \/>\n<meta name=\"twitter:card\" content=\"summary_large_image\" \/>\n<meta name=\"twitter:label1\" content=\"Est. reading time\" \/>\n\t<meta name=\"twitter:data1\" content=\"1 minute\" \/>\n<script type=\"application\/ld+json\" class=\"yoast-schema-graph\">{\"@context\":\"https:\\\/\\\/schema.org\",\"@graph\":[{\"@type\":\"WebPage\",\"@id\":\"https:\\\/\\\/valvex.com\\\/en\\\/professional-zone\\\/for-the-designer\\\/partner-program\\\/\",\"url\":\"https:\\\/\\\/valvex.com\\\/en\\\/professional-zone\\\/for-the-designer\\\/partner-program\\\/\",\"name\":\"Partner Program - Valvex\",\"isPartOf\":{\"@id\":\"https:\\\/\\\/valvex.com\\\/en\\\/#website\"},\"primaryImageOfPage\":{\"@id\":\"https:\\\/\\\/valvex.com\\\/en\\\/professional-zone\\\/for-the-designer\\\/partner-program\\\/#primaryimage\"},\"image\":{\"@id\":\"https:\\\/\\\/valvex.com\\\/en\\\/professional-zone\\\/for-the-designer\\\/partner-program\\\/#primaryimage\"},\"thumbnailUrl\":\"https:\\\/\\\/valvex.com\\\/wp-content\\\/uploads\\\/2022\\\/06\\\/Valvex-dla-projektanta.jpg\",\"datePublished\":\"2022-08-17T13:02:21+00:00\",\"dateModified\":\"2024-04-16T12:34:16+00:00\",\"breadcrumb\":{\"@id\":\"https:\\\/\\\/valvex.com\\\/en\\\/professional-zone\\\/for-the-designer\\\/partner-program\\\/#breadcrumb\"},\"inLanguage\":\"en-US\",\"potentialAction\":[{\"@type\":\"ReadAction\",\"target\":[\"https:\\\/\\\/valvex.com\\\/en\\\/professional-zone\\\/for-the-designer\\\/partner-program\\\/\"]}]},{\"@type\":\"ImageObject\",\"inLanguage\":\"en-US\",\"@id\":\"https:\\\/\\\/valvex.com\\\/en\\\/professional-zone\\\/for-the-designer\\\/partner-program\\\/#primaryimage\",\"url\":\"https:\\\/\\\/valvex.com\\\/wp-content\\\/uploads\\\/2022\\\/06\\\/Valvex-dla-projektanta.jpg\",\"contentUrl\":\"https:\\\/\\\/valvex.com\\\/wp-content\\\/uploads\\\/2022\\\/06\\\/Valvex-dla-projektanta.jpg\",\"width\":2400,\"height\":843},{\"@type\":\"BreadcrumbList\",\"@id\":\"https:\\\/\\\/valvex.com\\\/en\\\/professional-zone\\\/for-the-designer\\\/partner-program\\\/#breadcrumb\",\"itemListElement\":[{\"@type\":\"ListItem\",\"position\":1,\"name\":\"Strona g\u0142\u00f3wna\",\"item\":\"https:\\\/\\\/valvex.com\\\/en\\\/\"},{\"@type\":\"ListItem\",\"position\":2,\"name\":\"Professional Zone\",\"item\":\"https:\\\/\\\/valvex.com\\\/en\\\/strefa-profesjonalisty\\\/\"},{\"@type\":\"ListItem\",\"position\":3,\"name\":\"For the designer\",\"item\":\"https:\\\/\\\/valvex.com\\\/en\\\/strefa-profesjonalisty\\\/strefa-projektanta\\\/\"},{\"@type\":\"ListItem\",\"position\":4,\"name\":\"Partner Program\"}]},{\"@type\":\"WebSite\",\"@id\":\"https:\\\/\\\/valvex.com\\\/en\\\/#website\",\"url\":\"https:\\\/\\\/valvex.com\\\/en\\\/\",\"name\":\"Valvex\",\"description\":\"Manufacturer of sanitary and installation fittings\",\"potentialAction\":[{\"@type\":\"SearchAction\",\"target\":{\"@type\":\"EntryPoint\",\"urlTemplate\":\"https:\\\/\\\/valvex.com\\\/en\\\/?s={search_term_string}\"},\"query-input\":{\"@type\":\"PropertyValueSpecification\",\"valueRequired\":true,\"valueName\":\"search_term_string\"}}],\"inLanguage\":\"en-US\"}]}<\/script>\n<!-- \/ Yoast SEO plugin. -->","yoast_head_json":{"title":"Partner Program - Valvex","robots":{"index":"index","follow":"follow","max-snippet":"max-snippet:-1","max-image-preview":"max-image-preview:large","max-video-preview":"max-video-preview:-1"},"canonical":"https:\/\/valvex.com\/en\/professional-zone\/for-the-designer\/partner-program\/","og_locale":"en_US","og_type":"article","og_title":"Partner Program - Valvex","og_description":"Join the Valvex affiliate program! We are looking for designers and interior architects willing to work with us. We have created the Affiliate Program tailored specifically to your needs. We want to support you in your everyday work, facilitating the process of searching for products and related materials. If you are looking for more detailed [&hellip;]","og_url":"https:\/\/valvex.com\/en\/professional-zone\/for-the-designer\/partner-program\/","og_site_name":"Valvex","article_modified_time":"2024-04-16T12:34:16+00:00","og_image":[{"width":2400,"height":843,"url":"https:\/\/valvex.com\/wp-content\/uploads\/2022\/06\/Valvex-dla-projektanta.jpg","type":"image\/jpeg"}],"twitter_card":"summary_large_image","twitter_misc":{"Est. reading time":"1 minute"},"schema":{"@context":"https:\/\/schema.org","@graph":[{"@type":"WebPage","@id":"https:\/\/valvex.com\/en\/professional-zone\/for-the-designer\/partner-program\/","url":"https:\/\/valvex.com\/en\/professional-zone\/for-the-designer\/partner-program\/","name":"Partner Program - Valvex","isPartOf":{"@id":"https:\/\/valvex.com\/en\/#website"},"primaryImageOfPage":{"@id":"https:\/\/valvex.com\/en\/professional-zone\/for-the-designer\/partner-program\/#primaryimage"},"image":{"@id":"https:\/\/valvex.com\/en\/professional-zone\/for-the-designer\/partner-program\/#primaryimage"},"thumbnailUrl":"https:\/\/valvex.com\/wp-content\/uploads\/2022\/06\/Valvex-dla-projektanta.jpg","datePublished":"2022-08-17T13:02:21+00:00","dateModified":"2024-04-16T12:34:16+00:00","breadcrumb":{"@id":"https:\/\/valvex.com\/en\/professional-zone\/for-the-designer\/partner-program\/#breadcrumb"},"inLanguage":"en-US","potentialAction":[{"@type":"ReadAction","target":["https:\/\/valvex.com\/en\/professional-zone\/for-the-designer\/partner-program\/"]}]},{"@type":"ImageObject","inLanguage":"en-US","@id":"https:\/\/valvex.com\/en\/professional-zone\/for-the-designer\/partner-program\/#primaryimage","url":"https:\/\/valvex.com\/wp-content\/uploads\/2022\/06\/Valvex-dla-projektanta.jpg","contentUrl":"https:\/\/valvex.com\/wp-content\/uploads\/2022\/06\/Valvex-dla-projektanta.jpg","width":2400,"height":843},{"@type":"BreadcrumbList","@id":"https:\/\/valvex.com\/en\/professional-zone\/for-the-designer\/partner-program\/#breadcrumb","itemListElement":[{"@type":"ListItem","position":1,"name":"Strona g\u0142\u00f3wna","item":"https:\/\/valvex.com\/en\/"},{"@type":"ListItem","position":2,"name":"Professional Zone","item":"https:\/\/valvex.com\/en\/strefa-profesjonalisty\/"},{"@type":"ListItem","position":3,"name":"For the designer","item":"https:\/\/valvex.com\/en\/strefa-profesjonalisty\/strefa-projektanta\/"},{"@type":"ListItem","position":4,"name":"Partner Program"}]},{"@type":"WebSite","@id":"https:\/\/valvex.com\/en\/#website","url":"https:\/\/valvex.com\/en\/","name":"Valvex","description":"Manufacturer of sanitary and installation fittings","potentialAction":[{"@type":"SearchAction","target":{"@type":"EntryPoint","urlTemplate":"https:\/\/valvex.com\/en\/?s={search_term_string}"},"query-input":{"@type":"PropertyValueSpecification","valueRequired":true,"valueName":"search_term_string"}}],"inLanguage":"en-US"}]}},"_links":{"self":[{"href":"https:\/\/valvex.com\/en\/wp-json\/wp\/v2\/pages\/69416","targetHints":{"allow":["GET"]}}],"collection":[{"href":"https:\/\/valvex.com\/en\/wp-json\/wp\/v2\/pages"}],"about":[{"href":"https:\/\/valvex.com\/en\/wp-json\/wp\/v2\/types\/page"}],"author":[{"embeddable":true,"href":"https:\/\/valvex.com\/en\/wp-json\/wp\/v2\/users\/12"}],"replies":[{"embeddable":true,"href":"https:\/\/valvex.com\/en\/wp-json\/wp\/v2\/comments?post=69416"}],"version-history":[{"count":1,"href":"https:\/\/valvex.com\/en\/wp-json\/wp\/v2\/pages\/69416\/revisions"}],"predecessor-version":[{"id":71416,"href":"https:\/\/valvex.com\/en\/wp-json\/wp\/v2\/pages\/69416\/revisions\/71416"}],"up":[{"embeddable":true,"href":"https:\/\/valvex.com\/en\/wp-json\/wp\/v2\/pages\/69410"}],"wp:featuredmedia":[{"embeddable":true,"href":"https:\/\/valvex.com\/en\/wp-json\/wp\/v2\/media\/68183"}],"wp:attachment":[{"href":"https:\/\/valvex.com\/en\/wp-json\/wp\/v2\/media?parent=69416"}],"curies":[{"name":"wp","href":"https:\/\/api.w.org\/{rel}","templated":true}]}}