{"id":69067,"date":"2022-03-22T21:57:37","date_gmt":"2022-03-22T20:57:37","guid":{"rendered":"http:\/\/valvex.com\/contact\/zglos-reklamacje\/"},"modified":"2024-02-13T21:16:07","modified_gmt":"2024-02-13T20:16:07","slug":"file-a-complaint","status":"publish","type":"page","link":"https:\/\/valvex.com\/en\/contact\/file-a-complaint\/","title":{"rendered":"File a complaint"},"content":{"rendered":"\n<div class=\"wp-block-columns is-layout-flex wp-container-core-columns-is-layout-9d6595d7 wp-block-columns-is-layout-flex\">\n<div class=\"wp-block-column is-layout-flow wp-block-column-is-layout-flow\" style=\"flex-basis:25%\"><\/div>\n\n\n\n<div class=\"wp-block-column is-layout-flow wp-block-column-is-layout-flow\" style=\"flex-basis:50%\">\n<h3 class=\"wp-block-heading mb-8\">File a complaint<\/h3>\n\n\n\n<p class=\"mb-16 text-gray-400\">To file a complaint, please fill out the form below.<\/p>\n\n\n\n<div class=\"wpcf7 no-js\" id=\"wpcf7-f69522-o1\" lang=\"en-US\" dir=\"ltr\" data-wpcf7-id=\"69522\">\n<div class=\"screen-reader-response\"><p role=\"status\" aria-live=\"polite\" aria-atomic=\"true\"><\/p> <ul><\/ul><\/div>\n<form action=\"\/en\/wp-json\/wp\/v2\/pages\/69067#wpcf7-f69522-o1\" method=\"post\" class=\"wpcf7-form init wpcf7-acceptance-as-validation\" aria-label=\"Contact form\" enctype=\"multipart\/form-data\" novalidate=\"novalidate\" data-status=\"init\">\n<fieldset class=\"hidden-fields-container\"><input type=\"hidden\" name=\"_wpcf7\" value=\"69522\" \/><input type=\"hidden\" name=\"_wpcf7_version\" value=\"6.1.5\" \/><input type=\"hidden\" name=\"_wpcf7_locale\" value=\"en_US\" \/><input type=\"hidden\" name=\"_wpcf7_unit_tag\" value=\"wpcf7-f69522-o1\" \/><input type=\"hidden\" name=\"_wpcf7_container_post\" value=\"0\" \/><input type=\"hidden\" name=\"_wpcf7_posted_data_hash\" value=\"\" \/><input type=\"hidden\" name=\"_wpcf7_recaptcha_response\" value=\"\" \/>\n<\/fieldset>\n<h5 class=\"my-8\">1. Product data\n<\/h5>\n<p><label>Name \/ Type <span class=\"wpcf7-form-control-wrap\" data-name=\"product-name\"><input size=\"40\" maxlength=\"400\" class=\"wpcf7-form-control wpcf7-text wpcf7-validates-as-required\" aria-required=\"true\" aria-invalid=\"false\" value=\"\" type=\"text\" name=\"product-name\" \/><\/span> <\/label>\n<\/p>\n<div class=\"grid md:grid-cols-2 gap-2\">\n\t<div>\n\t\t<p><label>Catalog number <span class=\"wpcf7-form-control-wrap\" data-name=\"product-code\"><input size=\"40\" maxlength=\"400\" class=\"wpcf7-form-control wpcf7-text wpcf7-validates-as-required\" aria-required=\"true\" aria-invalid=\"false\" value=\"\" type=\"text\" name=\"product-code\" \/><\/span> <\/label>\n\t\t<\/p>\n\t<\/div>\n\t<div>\n\t\t<p><label>Date of purchase <span class=\"wpcf7-form-control-wrap\" data-name=\"data-zakupu\"><input size=\"40\" maxlength=\"400\" class=\"wpcf7-form-control wpcf7-text wpcf7-validates-as-required\" aria-required=\"true\" aria-invalid=\"false\" value=\"\" type=\"text\" name=\"data-zakupu\" \/><\/span> <\/label>\n\t\t<\/p>\n\t<\/div>\n<\/div>\n<h5 class=\"my-8\">2. Claims data\n<\/h5>\n<p><label>Number of pieces <span class=\"wpcf7-form-control-wrap\" data-name=\"product-count\"><input size=\"40\" maxlength=\"400\" class=\"wpcf7-form-control wpcf7-text wpcf7-validates-as-required\" aria-required=\"true\" aria-invalid=\"false\" value=\"\" type=\"text\" name=\"product-count\" \/><\/span> <\/label>\n<\/p>\n<p><label>Details of the advertising company <span class=\"wpcf7-form-control-wrap\" data-name=\"company-name\"><input size=\"40\" maxlength=\"400\" class=\"wpcf7-form-control wpcf7-text wpcf7-validates-as-required\" aria-required=\"true\" aria-invalid=\"false\" value=\"\" type=\"text\" name=\"company-name\" \/><\/span> <\/label>\n<\/p>\n<h5 class=\"mt-8\">3. Other documents attached to the protocol (e.g., warranty, photocopy of the invoice)\n<\/h5>\n<p><span class=\"text-sm text-gray-400 block mb-8\">The maximum file size is 1 MB<\/span>\n<\/p>\n<p><label>File 1 <span class=\"wpcf7-form-control-wrap\" data-name=\"file-423\"><input size=\"40\" class=\"wpcf7-form-control wpcf7-file\" accept=\"audio\/*,video\/*,image\/*\" aria-invalid=\"false\" type=\"file\" name=\"file-423\" \/><\/span><\/label><br \/>\n<label>File 2 <span class=\"wpcf7-form-control-wrap\" data-name=\"file-424\"><input size=\"40\" class=\"wpcf7-form-control wpcf7-file\" accept=\"audio\/*,video\/*,image\/*\" aria-invalid=\"false\" type=\"file\" name=\"file-424\" \/><\/span><\/label><br \/>\n<label>File 3 <span class=\"wpcf7-form-control-wrap\" data-name=\"file-425\"><input size=\"40\" class=\"wpcf7-form-control wpcf7-file\" accept=\"audio\/*,video\/*,image\/*\" aria-invalid=\"false\" type=\"file\" name=\"file-425\" \/><\/span><\/label><br \/>\n<label>File 4 <span class=\"wpcf7-form-control-wrap\" data-name=\"file-426\"><input size=\"40\" class=\"wpcf7-form-control wpcf7-file\" accept=\"audio\/*,video\/*,image\/*\" aria-invalid=\"false\" type=\"file\" name=\"file-426\" \/><\/span><\/label>\n<\/p>\n<h5 class=\"my-8\">4. Customer \/ company details\n<\/h5>\n<p><label>Name or company name <span class=\"wpcf7-form-control-wrap\" data-name=\"your-name\"><input size=\"40\" maxlength=\"400\" class=\"wpcf7-form-control wpcf7-text wpcf7-validates-as-required\" aria-required=\"true\" aria-invalid=\"false\" value=\"\" type=\"text\" name=\"your-name\" \/><\/span><\/label>\n<\/p>\n<div class=\"grid md:grid-cols-4 gap-2 mb-4\">\n\t<div class=\"col-span-2\">\n\t\t<p><label>Street <span class=\"wpcf7-form-control-wrap\" data-name=\"your-street\"><input size=\"40\" maxlength=\"400\" class=\"wpcf7-form-control wpcf7-text wpcf7-validates-as-required\" aria-required=\"true\" aria-invalid=\"false\" value=\"\" type=\"text\" name=\"your-street\" \/><\/span><\/label>\n\t\t<\/p>\n\t<\/div>\n\t<div>\n\t\t<p><label>House number <span class=\"wpcf7-form-control-wrap\" data-name=\"your-street-number\"><input size=\"40\" maxlength=\"400\" class=\"wpcf7-form-control wpcf7-text\" aria-invalid=\"false\" value=\"\" type=\"text\" name=\"your-street-number\" \/><\/span> <\/label>\n\t\t<\/p>\n\t<\/div>\n\t<div>\n\t\t<p><label>Apartment number <span class=\"wpcf7-form-control-wrap\" data-name=\"your-house\"><input size=\"40\" maxlength=\"400\" class=\"wpcf7-form-control wpcf7-text\" aria-invalid=\"false\" value=\"\" type=\"text\" name=\"your-house\" \/><\/span> <\/label>\n\t\t<\/p>\n\t<\/div>\n<\/div>\n<div class=\"grid md:grid-cols-3 gap-2 mb-4\">\n\t<div class=\"col-span-2\">\n\t\t<p><label>City<span class=\"wpcf7-form-control-wrap\" data-name=\"your-city\"><input size=\"40\" maxlength=\"400\" class=\"wpcf7-form-control wpcf7-text wpcf7-validates-as-required\" aria-required=\"true\" aria-invalid=\"false\" value=\"\" type=\"text\" name=\"your-city\" \/><\/span><\/label>\n\t\t<\/p>\n\t<\/div>\n\t<div>\n\t\t<p><label>Zip code <span class=\"wpcf7-form-control-wrap\" data-name=\"your-zip\"><input size=\"40\" maxlength=\"400\" class=\"wpcf7-form-control wpcf7-text wpcf7-validates-as-required\" aria-required=\"true\" aria-invalid=\"false\" value=\"\" type=\"text\" name=\"your-zip\" \/><\/span> <\/label>\n\t\t<\/p>\n\t<\/div>\n<\/div>\n<div class=\"grid md:grid-cols-2 gap-2\">\n\t<div>\n\t\t<p><label>E-mail address <span class=\"wpcf7-form-control-wrap\" data-name=\"your-email\"><input size=\"40\" maxlength=\"400\" class=\"wpcf7-form-control wpcf7-email wpcf7-validates-as-required wpcf7-text wpcf7-validates-as-email\" aria-required=\"true\" aria-invalid=\"false\" value=\"\" type=\"email\" name=\"your-email\" \/><\/span> <\/label>\n\t\t<\/p>\n\t<\/div>\n\t<div>\n\t\t<p><label>Phone number <span class=\"wpcf7-form-control-wrap\" data-name=\"your-phone\"><input size=\"40\" maxlength=\"400\" class=\"wpcf7-form-control wpcf7-tel wpcf7-validates-as-required wpcf7-text wpcf7-validates-as-tel\" aria-required=\"true\" aria-invalid=\"false\" value=\"\" type=\"tel\" name=\"your-phone\" \/><\/span> <\/label>\n\t\t<\/p>\n\t<\/div>\n<\/div>\n<h5 class=\"my-8\">5. Fault details\n<\/h5>\n<p><label> Fault description <span class=\"wpcf7-form-control-wrap\" data-name=\"your-message\"><textarea cols=\"40\" rows=\"10\" maxlength=\"2000\" class=\"wpcf7-form-control wpcf7-textarea wpcf7-validates-as-required\" aria-required=\"true\" aria-invalid=\"false\" name=\"your-message\"><\/textarea><\/span> <\/label><br \/>\n<label> Claims of the complainant <span class=\"wpcf7-form-control-wrap\" data-name=\"your-claim\"><textarea cols=\"40\" rows=\"10\" maxlength=\"2000\" class=\"wpcf7-form-control wpcf7-textarea wpcf7-validates-as-required\" aria-required=\"true\" aria-invalid=\"false\" name=\"your-claim\"><\/textarea><\/span> <\/label>\n<\/p>\n<p style=\"font-size: 0.8rem;color: #989898;font-weight: normal;\">The administrator of your personal data provided is Valvex S.A. located in Jordan\u00f3w, at Nad Skaw\u0105 2 Street, 34-240 Jordan\u00f3w, registered in the Register of Entrepreneurs of the National Court Register by the District Court for Krak\u00f3w - \u015ar\u00f3dmie\u015bcie in Krak\u00f3w, 12th Commercial Division of the National Court Register under the number KRS 0000026818, VAT ID: 735-00-24-499, REGON: 490399956. We process your personal data in order to respond to the questions sent or in other matters in which you contact us using this form..\n<\/p>\n<p><label style=\"font-size: 0.8rem;color: #989898;font-weight: normal;\"> <span class=\"wpcf7-form-control-wrap\" data-name=\"dane-osobowe\"><span class=\"wpcf7-form-control wpcf7-acceptance optional\"><span class=\"wpcf7-list-item\"><input type=\"checkbox\" name=\"dane-osobowe\" value=\"1\" aria-invalid=\"false\" \/><\/span><\/span><\/span>&nbsp;&nbsp;I consent to be contacted through the communication channel provided in the form for marketing purposes, including the presentation of unsolicited offers of products and services by Valvex S.A. In cases provided by law, you have the right to: access your data, receive a copy of your data, rectify, delete, limit processing, transfer, withdraw consent, and object to data processing. Full information regarding the processing of personal data in business communication is available in the <a href=\"\/en\/privacy-policy\/\" target=\"_blank\" style=\"color:#ff0613;\">Privacy Policy<\/a><\/label>\n<\/p>\n<div class=\"text-right\">\n\t<p><input class=\"wpcf7-form-control wpcf7-submit has-spinner\" type=\"submit\" value=\"Zg\u0142o\u015b reklamacj\u0119\" \/>\n\t<\/p>\n<\/div><div class=\"wpcf7-response-output\" aria-hidden=\"true\"><\/div>\n<\/form>\n<\/div>\n\n<\/div>\n\n\n\n<div class=\"wp-block-column is-layout-flow wp-block-column-is-layout-flow\" style=\"flex-basis:25%\"><\/div>\n<\/div>\n\n\n\n<p><\/p>\n","protected":false},"excerpt":{"rendered":"<p>File a complaint To file a complaint, please fill out the form below.<\/p>\n","protected":false},"author":12,"featured_media":70776,"parent":54229,"menu_order":125,"comment_status":"closed","ping_status":"closed","template":"","meta":{"_acf_changed":false,"footnotes":""},"class_list":["post-69067","page","type-page","status-publish","has-post-thumbnail","hentry"],"acf":[],"yoast_head":"<!-- This site is optimized with the Yoast SEO plugin v27.3 - https:\/\/yoast.com\/product\/yoast-seo-wordpress\/ -->\n<title>File a complaint - Valvex<\/title>\n<meta name=\"robots\" content=\"index, follow, max-snippet:-1, max-image-preview:large, max-video-preview:-1\" \/>\n<link rel=\"canonical\" href=\"https:\/\/valvex.com\/en\/contact\/file-a-complaint\/\" \/>\n<meta property=\"og:locale\" content=\"en_US\" \/>\n<meta property=\"og:type\" content=\"article\" \/>\n<meta property=\"og:title\" content=\"File a complaint - Valvex\" \/>\n<meta property=\"og:description\" content=\"File a complaint To file a complaint, please fill out the form below.\" \/>\n<meta property=\"og:url\" content=\"https:\/\/valvex.com\/en\/contact\/file-a-complaint\/\" \/>\n<meta property=\"og:site_name\" content=\"Valvex\" \/>\n<meta property=\"article:modified_time\" content=\"2024-02-13T20:16:07+00:00\" \/>\n<meta property=\"og:image\" content=\"https:\/\/valvex.com\/wp-content\/uploads\/2024\/03\/Header_PVD-1024x164.png\" \/>\n\t<meta property=\"og:image:width\" content=\"1024\" \/>\n\t<meta property=\"og:image:height\" content=\"164\" \/>\n\t<meta property=\"og:image:type\" content=\"image\/png\" \/>\n<meta name=\"twitter:card\" content=\"summary_large_image\" \/>\n<script type=\"application\/ld+json\" class=\"yoast-schema-graph\">{\"@context\":\"https:\\\/\\\/schema.org\",\"@graph\":[{\"@type\":\"WebPage\",\"@id\":\"https:\\\/\\\/valvex.com\\\/en\\\/contact\\\/file-a-complaint\\\/\",\"url\":\"https:\\\/\\\/valvex.com\\\/en\\\/contact\\\/file-a-complaint\\\/\",\"name\":\"File a complaint - Valvex\",\"isPartOf\":{\"@id\":\"https:\\\/\\\/valvex.com\\\/en\\\/#website\"},\"primaryImageOfPage\":{\"@id\":\"https:\\\/\\\/valvex.com\\\/en\\\/contact\\\/file-a-complaint\\\/#primaryimage\"},\"image\":{\"@id\":\"https:\\\/\\\/valvex.com\\\/en\\\/contact\\\/file-a-complaint\\\/#primaryimage\"},\"thumbnailUrl\":\"https:\\\/\\\/valvex.com\\\/wp-content\\\/uploads\\\/2024\\\/03\\\/Header_PVD.png\",\"datePublished\":\"2022-03-22T20:57:37+00:00\",\"dateModified\":\"2024-02-13T20:16:07+00:00\",\"breadcrumb\":{\"@id\":\"https:\\\/\\\/valvex.com\\\/en\\\/contact\\\/file-a-complaint\\\/#breadcrumb\"},\"inLanguage\":\"en-US\",\"potentialAction\":[{\"@type\":\"ReadAction\",\"target\":[\"https:\\\/\\\/valvex.com\\\/en\\\/contact\\\/file-a-complaint\\\/\"]}]},{\"@type\":\"ImageObject\",\"inLanguage\":\"en-US\",\"@id\":\"https:\\\/\\\/valvex.com\\\/en\\\/contact\\\/file-a-complaint\\\/#primaryimage\",\"url\":\"https:\\\/\\\/valvex.com\\\/wp-content\\\/uploads\\\/2024\\\/03\\\/Header_PVD.png\",\"contentUrl\":\"https:\\\/\\\/valvex.com\\\/wp-content\\\/uploads\\\/2024\\\/03\\\/Header_PVD.png\",\"width\":2400,\"height\":384},{\"@type\":\"BreadcrumbList\",\"@id\":\"https:\\\/\\\/valvex.com\\\/en\\\/contact\\\/file-a-complaint\\\/#breadcrumb\",\"itemListElement\":[{\"@type\":\"ListItem\",\"position\":1,\"name\":\"Strona g\u0142\u00f3wna\",\"item\":\"https:\\\/\\\/valvex.com\\\/en\\\/\"},{\"@type\":\"ListItem\",\"position\":2,\"name\":\"Contact\",\"item\":\"https:\\\/\\\/valvex.com\\\/en\\\/contact\\\/\"},{\"@type\":\"ListItem\",\"position\":3,\"name\":\"File a complaint\"}]},{\"@type\":\"WebSite\",\"@id\":\"https:\\\/\\\/valvex.com\\\/en\\\/#website\",\"url\":\"https:\\\/\\\/valvex.com\\\/en\\\/\",\"name\":\"Valvex\",\"description\":\"Manufacturer of sanitary and installation fittings\",\"potentialAction\":[{\"@type\":\"SearchAction\",\"target\":{\"@type\":\"EntryPoint\",\"urlTemplate\":\"https:\\\/\\\/valvex.com\\\/en\\\/?s={search_term_string}\"},\"query-input\":{\"@type\":\"PropertyValueSpecification\",\"valueRequired\":true,\"valueName\":\"search_term_string\"}}],\"inLanguage\":\"en-US\"}]}<\/script>\n<!-- \/ Yoast SEO plugin. -->","yoast_head_json":{"title":"File a complaint - Valvex","robots":{"index":"index","follow":"follow","max-snippet":"max-snippet:-1","max-image-preview":"max-image-preview:large","max-video-preview":"max-video-preview:-1"},"canonical":"https:\/\/valvex.com\/en\/contact\/file-a-complaint\/","og_locale":"en_US","og_type":"article","og_title":"File a complaint - Valvex","og_description":"File a complaint To file a complaint, please fill out the form below.","og_url":"https:\/\/valvex.com\/en\/contact\/file-a-complaint\/","og_site_name":"Valvex","article_modified_time":"2024-02-13T20:16:07+00:00","og_image":[{"width":1024,"height":164,"url":"https:\/\/valvex.com\/wp-content\/uploads\/2024\/03\/Header_PVD-1024x164.png","type":"image\/png"}],"twitter_card":"summary_large_image","schema":{"@context":"https:\/\/schema.org","@graph":[{"@type":"WebPage","@id":"https:\/\/valvex.com\/en\/contact\/file-a-complaint\/","url":"https:\/\/valvex.com\/en\/contact\/file-a-complaint\/","name":"File a complaint - Valvex","isPartOf":{"@id":"https:\/\/valvex.com\/en\/#website"},"primaryImageOfPage":{"@id":"https:\/\/valvex.com\/en\/contact\/file-a-complaint\/#primaryimage"},"image":{"@id":"https:\/\/valvex.com\/en\/contact\/file-a-complaint\/#primaryimage"},"thumbnailUrl":"https:\/\/valvex.com\/wp-content\/uploads\/2024\/03\/Header_PVD.png","datePublished":"2022-03-22T20:57:37+00:00","dateModified":"2024-02-13T20:16:07+00:00","breadcrumb":{"@id":"https:\/\/valvex.com\/en\/contact\/file-a-complaint\/#breadcrumb"},"inLanguage":"en-US","potentialAction":[{"@type":"ReadAction","target":["https:\/\/valvex.com\/en\/contact\/file-a-complaint\/"]}]},{"@type":"ImageObject","inLanguage":"en-US","@id":"https:\/\/valvex.com\/en\/contact\/file-a-complaint\/#primaryimage","url":"https:\/\/valvex.com\/wp-content\/uploads\/2024\/03\/Header_PVD.png","contentUrl":"https:\/\/valvex.com\/wp-content\/uploads\/2024\/03\/Header_PVD.png","width":2400,"height":384},{"@type":"BreadcrumbList","@id":"https:\/\/valvex.com\/en\/contact\/file-a-complaint\/#breadcrumb","itemListElement":[{"@type":"ListItem","position":1,"name":"Strona g\u0142\u00f3wna","item":"https:\/\/valvex.com\/en\/"},{"@type":"ListItem","position":2,"name":"Contact","item":"https:\/\/valvex.com\/en\/contact\/"},{"@type":"ListItem","position":3,"name":"File a complaint"}]},{"@type":"WebSite","@id":"https:\/\/valvex.com\/en\/#website","url":"https:\/\/valvex.com\/en\/","name":"Valvex","description":"Manufacturer of sanitary and installation fittings","potentialAction":[{"@type":"SearchAction","target":{"@type":"EntryPoint","urlTemplate":"https:\/\/valvex.com\/en\/?s={search_term_string}"},"query-input":{"@type":"PropertyValueSpecification","valueRequired":true,"valueName":"search_term_string"}}],"inLanguage":"en-US"}]}},"_links":{"self":[{"href":"https:\/\/valvex.com\/en\/wp-json\/wp\/v2\/pages\/69067","targetHints":{"allow":["GET"]}}],"collection":[{"href":"https:\/\/valvex.com\/en\/wp-json\/wp\/v2\/pages"}],"about":[{"href":"https:\/\/valvex.com\/en\/wp-json\/wp\/v2\/types\/page"}],"author":[{"embeddable":true,"href":"https:\/\/valvex.com\/en\/wp-json\/wp\/v2\/users\/12"}],"replies":[{"embeddable":true,"href":"https:\/\/valvex.com\/en\/wp-json\/wp\/v2\/comments?post=69067"}],"version-history":[{"count":0,"href":"https:\/\/valvex.com\/en\/wp-json\/wp\/v2\/pages\/69067\/revisions"}],"up":[{"embeddable":true,"href":"https:\/\/valvex.com\/en\/wp-json\/wp\/v2\/pages\/54229"}],"wp:featuredmedia":[{"embeddable":true,"href":"https:\/\/valvex.com\/en\/wp-json\/wp\/v2\/media\/70776"}],"wp:attachment":[{"href":"https:\/\/valvex.com\/en\/wp-json\/wp\/v2\/media?parent=69067"}],"curies":[{"name":"wp","href":"https:\/\/api.w.org\/{rel}","templated":true}]}}