{"id":67903,"date":"2022-01-03T12:46:48","date_gmt":"2022-01-03T11:46:48","guid":{"rendered":"http:\/\/valvex.com\/o-nas\/dla-akcjonariuszy\/"},"modified":"2024-02-13T23:34:05","modified_gmt":"2024-02-13T22:34:05","slug":"for-shareholders","status":"publish","type":"page","link":"https:\/\/valvex.com\/en\/about-us\/for-shareholders\/","title":{"rendered":"For shareholders"},"content":{"rendered":"\n<div class=\"wp-block-columns mt-16 is-layout-flex wp-container-core-columns-is-layout-9d6595d7 wp-block-columns-is-layout-flex\">\n<div class=\"wp-block-column is-layout-flow wp-block-column-is-layout-flow\" style=\"flex-basis:25%\">\n<h4 class=\"wp-block-heading\">Investor relations department<\/h4>\n\n\n\n<p class=\"text-sm\"><strong>Wioletta Kowalcze<\/strong><br><span style=\"color:#cf2e2e\" class=\"tadv-color\">wioletta.kowalcze@valvex.com<\/span><\/p>\n\n\n\n<p class=\"text-sm\"><strong>Przemys\u0142aw Pietrzyk<\/strong><br><span style=\"color:#cf2e2e\" class=\"tadv-color\">przemyslaw.pietrzyk@lawberry.pl<\/span><\/p>\n\n\n\n<hr class=\"wp-block-separator has-css-opacity is-style-wide\"\/>\n\n\n\n<h4 class=\"wp-block-heading\">Information<\/h4>\n\n\n\n<p class=\"has-text-align-left text-sm text-left-important\"><a href=\"\/wp-content\/uploads\/2022\/06\/wzor-klauzuli-informacyjnej_akcjonariusze_.pdf\" target=\"_blank\" rel=\"noreferrer noopener\">Information on the processing of personal data for Valvex Shareholders<\/a><\/p>\n<\/div>\n\n\n\n<div class=\"wp-block-column is-layout-flow wp-block-column-is-layout-flow\" style=\"flex-basis:75%\">\n\n      <div class=\"border mb-8 p-4 lg:p-16\">\n        <time class=\"text-brand-metalic\">30 \/ 05 \/ 2025<\/time>\n        <h3 class=\"font-normal my-6\">Og\u0142oszenie o Zwyczajnym Walnym Zgromadzeniu Akcjonariuszy<\/h3>\n        <div class=\"text-brand-metalic\">Zarz\u0105d Valvex S.A. z siedzib\u0105 w Jordanowie, ul. Nad Skaw\u0105 2, 34-240 Jordan\u00f3w, zarejestrowanej w S\u0105dzie Rejonowym dla Krakowa \u2013 \u015ar\u00f3dmie\u015bcia w Krakowie, Wydzia\u0142 XII Gospodarczy KRS pod numerem KRS 0000026818, NIP: 7350024499, o kapitale zak\u0142adowym ca\u0142kowicie wp\u0142aconym, w wysoko\u015bci 4 906 700,00 z\u0142 dzia\u0142aj\u0105c na podstawie art. 399 \u00a7 1 k.s.h. i art. 402 \u00a7 1 k.s.h w zwi\u0105zku z \u00a7 16 ust. 2 i \u00a7 16a ust. 2 Statutu Sp\u00f3\u0142ki, zwo\u0142uje Zwyczajne Walne Zgromadzenie Akcjonariuszy na dzie\u0144 13 czerwca 2025 r. na godz.10:00 w siedzibie Sp\u00f3\u0142ki w Jordanowie przy ul. Nad Skaw\u0105 2, 34-240 Jordan\u00f3w.\r\n\r\n<strong>Porz\u0105dek obrad:<\/strong>\r\n<ol>\r\n \t<li>Otwarcie Walnego Zgromadzenia.<\/li>\r\n \t<li>Wyb\u00f3r Przewodnicz\u0105cego Walnego Zgromadzenia.<\/li>\r\n \t<li>Stwierdzenie prawid\u0142owo\u015bci zwo\u0142ania Walnego Zgromadzenia i jego zdolno\u015bci do podejmowania uchwa\u0142.<\/li>\r\n \t<li>Przyj\u0119cie porz\u0105dku obrad.<\/li>\r\n \t<li>Rozpatrzenie i zatwierdzenie sprawozdania Zarz\u0105du z dzia\u0142alno\u015bci Sp\u00f3\u0142ki w 2024 r.<\/li>\r\n \t<li>Rozpatrzenie i zatwierdzenie sprawozdania finansowego Sp\u00f3\u0142ki za 2024 r.<\/li>\r\n \t<li>Podj\u0119cie uchwa\u0142y o podziale zysku Sp\u00f3\u0142ki za rok 2024 r.<\/li>\r\n \t<li>Podj\u0119cie uchwa\u0142y w sprawie udzielenia absolutorium Cz\u0142onkom Zarz\u0105du z wykonania obowi\u0105zk\u00f3w w 2024 r.<\/li>\r\n \t<li>Sprawozdanie Rady Nadzorczej z dzia\u0142alno\u015bci w 2024 r.<\/li>\r\n \t<li>Podj\u0119cie uchwa\u0142y w sprawie udzielenia absolutorium Cz\u0142onkom Rady Nadzorczej z wykonania obowi\u0105zk\u00f3w w 2024 r.<\/li>\r\n \t<li>Podj\u0119cie uchwa\u0142y o wyborze nowej Rady Nadzorczej na kolejn\u0105 kadencj\u0119.<\/li>\r\n \t<li>Podj\u0119cie uchwa\u0142y o\u00a0ustaleniu wysoko\u015bci wynagrodzenia Cz\u0142onk\u00f3w Rady Nadzorczej.<\/li>\r\n \t<li>Wolne wnioski.<\/li>\r\n \t<li>Zamkni\u0119cie obrad.<\/li>\r\n<\/ol><\/div>\n      <\/div>\n    \n      <div class=\"border mb-8 p-4 lg:p-16\">\n        <time class=\"text-brand-metalic\">06 \/ 06 \/ 2024<\/time>\n        <h3 class=\"font-normal my-6\">Walne Zgromadzenie Akcjonariuszy 2024<\/h3>\n        <div class=\"text-brand-metalic\"><p>Zarz\u0105d Valvex S.A. z siedzib\u0105 w Jordanowie, ul. Nad Skaw\u0105 2, 34-240 Jordan\u00f3w, zarejestrowanej w S\u0105dzie Rejonowym dla Krakowa \u2013 \u015ar\u00f3dmie\u015bcia w Krakowie, Wydzia\u0142 XII Gospodarczy KRS pod numerem KRS 0000026818, NIP: 7350024499, o kapitale zak\u0142adowym ca\u0142kowicie wp\u0142aconym, w wysoko\u015bci 2 099 700,00 z\u0142 dzia\u0142aj\u0105c na podstawie art. 399 \u00a7 1 k.s.h. i art. 402 \u00a7 1 k.s.h w zwi\u0105zku z \u00a7 16 ust. 2 i \u00a7 16a ust. 2 Statutu Sp\u00f3\u0142ki, zwo\u0142uje Zwyczajne Walne Zgromadzenie Akcjonariuszy na dzie\u0144 21 czerwca 2024 r. na godz.10:00 w siedzibie Sp\u00f3\u0142ki w Jordanowie przy ul. Nad Skaw\u0105 2, 34-240 Jordan\u00f3w.<\/p>\n<p><strong>Porz\u0105dek obrad:<\/strong><\/p>\n<ol>\n<li>Otwarcie Walnego Zgromadzenia.<\/li>\n<li>Wyb\u00f3r Przewodnicz\u0105cego Walnego Zgromadzenia.<\/li>\n<li>Stwierdzenie prawid\u0142owo\u015bci zwo\u0142ania Walnego Zgromadzenia i jego zdolno\u015bci do podejmowania uchwa\u0142.<\/li>\n<li>Przyj\u0119cie porz\u0105dku obrad.<\/li>\n<li>Rozpatrzenie i zatwierdzenie sprawozdania Zarz\u0105du z dzia\u0142alno\u015bci Sp\u00f3\u0142ki w 2023 r.<\/li>\n<li>Rozpatrzenie i zatwierdzenie sprawozdania finansowego Sp\u00f3\u0142ki za 2023 r.<\/li>\n<li>Rozpatrzenie i zatwierdzenie sprawozdania Zarz\u0105du z dzia\u0142alno\u015bci Grupy kapita\u0142owej Valvex w 2023 r. oraz skonsolidowanego sprawozdania finansowego Grupy kapita\u0142owej Valvex za 2023 r.<\/li>\n<li>Podj\u0119cie uchwa\u0142y o podziale zysku Sp\u00f3\u0142ki za rok 2023 r.<\/li>\n<li>Podj\u0119cie uchwa\u0142y w sprawie udzielenia absolutorium Cz\u0142onkom Zarz\u0105du z wykonania obowi\u0105zk\u00f3w w 2023 r.<\/li>\n<li>Sprawozdanie Rady Nadzorczej z dzia\u0142alno\u015bci w 2023 r.<\/li>\n<li>Podj\u0119cie uchwa\u0142y w sprawie udzielenia absolutorium Cz\u0142onkom Rady Nadzorczej z wykonania obowi\u0105zk\u00f3w w 2023 r.<\/li>\n<li>Podj\u0119cie uchwa\u0142y o wyborze nowej Rady Nadzorczej na kolejn\u0105 kadencj\u0119.<\/li>\n<li>Podj\u0119cie uchwa\u0142y o\u00a0ustaleniu wysoko\u015bci wynagrodzenia Cz\u0142onk\u00f3w Rady Nadzorczej.<\/li>\n<li>Podj\u0119cie uchwa\u0142y w sprawie zmiany Statutu Sp\u00f3\u0142ki, poprzez zmian\u0119 \u00a7 27 ust.3, 28 ust.6, 30 ust. 6 i 7.<\/li>\n<li>Wolne wnioski.<\/li>\n<li>Zamkni\u0119cie obrad.<\/li>\n<\/ol>\n<p><strong>Proponowane brzmienie poni\u017cszych \u00a7\u00a7 Statutu <\/strong><\/p>\n<ul>\n<li><strong>\u00a7 27<\/strong><\/li>\n<\/ul>\n<ol start=\"3\">\n<li>Uchwa\u0142y podejmowane s\u0105 w formie pisemnej. Uchwa\u0142y mog\u0105 by\u0107 podejmowane r\u00f3wnie\u017c korespondencyjnie, drog\u0105 faksow\u0105 lub za pomoc\u0105 poczty elektronicznej, a tak\u017ce przy wykorzystaniu innych \u015brodk\u00f3w bezpo\u015bredniego\u00a0porozumiewania si\u0119 na odleg\u0142o\u015b\u0107.<\/li>\n<\/ol>\n<ul>\n<li><strong>\u00a7 28<\/strong><\/li>\n<\/ul>\n<ol start=\"6\">\n<li>Konsultacji z Przewodnicz\u0105cym Rady Nadzorczej wymaga podj\u0119cie przez Zarz\u0105d uchwa\u0142 w przedmiocie<\/li>\n<\/ol>\n<p>1) zagadnie\u0144 polityki gospodarczej i finansowej Sp\u00f3\u0142ki;<\/p>\n<p>2) zawierania um\u00f3w i porozumie\u0144 w sprawie uczestniczenia Sp\u00f3\u0142ki w innych podmiotach gospodarczych i stowarzyszeniach;<\/p>\n<p>3) tworzenia i likwidacja oddzia\u0142\u00f3w Sp\u00f3\u0142ki.<\/p>\n<ul>\n<li><strong>\u00a7 30<\/strong><\/li>\n<\/ul>\n<ol start=\"6\">\n<li>Kadencja Cz\u0142onk\u00f3w Zarz\u0105du trwa 5 lata, za wyj\u0105tkiem pierwszego Zarz\u0105du. Kadencj\u0119 oblicza si\u0119 w pe\u0142nych latach obrotowych. Ponowne powo\u0142ania tej samej osoby na Cz\u0142onka Zarz\u0105du s\u0105 dopuszczalne.<\/li>\n<li>Mandat cz\u0142onka zarz\u0105du wygasa najp\u00f3\u017aniej z dniem odbycia walnego zgromadzenia zatwierdzaj\u0105cego\u00a0sprawozdanie finansowe za ostatni pe\u0142ny rok obrotowy pe\u0142nienia funkcji cz\u0142onka zarz\u0105du.<\/li>\n<\/ol>\n<p>&nbsp;<\/p>\n<\/div>\n      <\/div>\n    \n      <div class=\"border mb-8 p-4 lg:p-16\">\n        <time class=\"text-brand-metalic\">13 \/ 03 \/ 2022<\/time>\n        <h3 class=\"font-normal my-6\">Dematerializacja akcji<\/h3>\n        <div class=\"text-brand-metalic\">\n<p>Zgodnie z nowelizacj\u0105 Kodeksu Sp\u00f3\u0142ek Handlowych (KSH) nast\u0105pi\u0142a obowi\u0105zkowa dematerializacja akcji wszystkich sp\u00f3\u0142ek akcyjnych i komandytowo-akcyjnych (niezale\u017cnie od tego, czy s\u0105 to akcje imienne czy akcje na okaziciela) \u2013 akcje sp\u00f3\u0142ek b\u0119d\u0105 mia\u0142y form\u0119 zapisu cyfrowego, a nie papierowego dokumentu. R\u00f3wnie\u017c akcje Akcjonariuszy VALVEX S.A. zosta\u0142y zdematerializowane.<\/p>\n\n\n\n<p>Rejestr nie jest publicznie dost\u0119pny, ale jest jawny zar\u00f3wno dla sp\u00f3\u0142ki jak i ka\u017cdego jej akcjonariusza.<br>Wszelkie przenoszenie akcji b\u0119dzie dochodzi\u0142o do skutku z chwil\u0105 wpisu tej wzmianki w rejestrze akcjonariuszy (taka sama sytuacja b\u0119dzie mia\u0142a miejsce, je\u015bli chodzi o ustanawianie ograniczonych praw rzeczowych na akcjach).<\/p>\n\n\n\n<p>Umowa o prowadzenie rejestru akcjonariuszy w Sp\u00f3\u0142ce VALVEX S.A. zosta\u0142a zawarta z Domem Maklerskim BO\u015a S.A.<\/p>\n<\/div>\n      <\/div>\n    \n<\/div>\n<\/div>\n\n\n\n<p><\/p>\n","protected":false},"excerpt":{"rendered":"<p>Investor relations department Wioletta Kowalczewioletta.kowalcze@valvex.com Przemys\u0142aw Pietrzykprzemyslaw.pietrzyk@lawberry.pl Information Information on the processing of personal data for Valvex Shareholders<\/p>\n","protected":false},"author":12,"featured_media":70478,"parent":67821,"menu_order":164,"comment_status":"closed","ping_status":"closed","template":"","meta":{"_acf_changed":false,"footnotes":""},"class_list":["post-67903","page","type-page","status-publish","has-post-thumbnail","hentry"],"acf":[],"yoast_head":"<!-- This site is optimized with the Yoast SEO plugin v27.3 - https:\/\/yoast.com\/product\/yoast-seo-wordpress\/ -->\n<title>For shareholders - Valvex<\/title>\n<meta name=\"robots\" content=\"index, follow, max-snippet:-1, max-image-preview:large, max-video-preview:-1\" \/>\n<link rel=\"canonical\" href=\"https:\/\/valvex.com\/en\/about-us\/for-shareholders\/\" \/>\n<meta property=\"og:locale\" content=\"en_US\" \/>\n<meta property=\"og:type\" content=\"article\" \/>\n<meta property=\"og:title\" content=\"For shareholders - Valvex\" \/>\n<meta property=\"og:description\" content=\"Investor relations department Wioletta Kowalczewioletta.kowalcze@valvex.com Przemys\u0142aw Pietrzykprzemyslaw.pietrzyk@lawberry.pl Information Information on the processing of personal data for Valvex Shareholders\" \/>\n<meta property=\"og:url\" content=\"https:\/\/valvex.com\/en\/about-us\/for-shareholders\/\" \/>\n<meta property=\"og:site_name\" content=\"Valvex\" \/>\n<meta property=\"article:modified_time\" content=\"2024-02-13T22:34:05+00:00\" \/>\n<meta property=\"og:image\" content=\"https:\/\/valvex.com\/wp-content\/uploads\/2024\/03\/Header_baterie-ARS-1-1024x164.png\" \/>\n\t<meta property=\"og:image:width\" content=\"1024\" \/>\n\t<meta property=\"og:image:height\" content=\"164\" \/>\n\t<meta property=\"og:image:type\" content=\"image\/png\" \/>\n<meta name=\"twitter:card\" content=\"summary_large_image\" \/>\n<meta name=\"twitter:label1\" content=\"Est. reading time\" \/>\n\t<meta name=\"twitter:data1\" content=\"1 minute\" \/>\n<script type=\"application\/ld+json\" class=\"yoast-schema-graph\">{\"@context\":\"https:\\\/\\\/schema.org\",\"@graph\":[{\"@type\":\"WebPage\",\"@id\":\"https:\\\/\\\/valvex.com\\\/en\\\/about-us\\\/for-shareholders\\\/\",\"url\":\"https:\\\/\\\/valvex.com\\\/en\\\/about-us\\\/for-shareholders\\\/\",\"name\":\"For shareholders - Valvex\",\"isPartOf\":{\"@id\":\"https:\\\/\\\/valvex.com\\\/en\\\/#website\"},\"primaryImageOfPage\":{\"@id\":\"https:\\\/\\\/valvex.com\\\/en\\\/about-us\\\/for-shareholders\\\/#primaryimage\"},\"image\":{\"@id\":\"https:\\\/\\\/valvex.com\\\/en\\\/about-us\\\/for-shareholders\\\/#primaryimage\"},\"thumbnailUrl\":\"https:\\\/\\\/valvex.com\\\/wp-content\\\/uploads\\\/2024\\\/03\\\/Header_baterie-ARS-1.png\",\"datePublished\":\"2022-01-03T11:46:48+00:00\",\"dateModified\":\"2024-02-13T22:34:05+00:00\",\"breadcrumb\":{\"@id\":\"https:\\\/\\\/valvex.com\\\/en\\\/about-us\\\/for-shareholders\\\/#breadcrumb\"},\"inLanguage\":\"en-US\",\"potentialAction\":[{\"@type\":\"ReadAction\",\"target\":[\"https:\\\/\\\/valvex.com\\\/en\\\/about-us\\\/for-shareholders\\\/\"]}]},{\"@type\":\"ImageObject\",\"inLanguage\":\"en-US\",\"@id\":\"https:\\\/\\\/valvex.com\\\/en\\\/about-us\\\/for-shareholders\\\/#primaryimage\",\"url\":\"https:\\\/\\\/valvex.com\\\/wp-content\\\/uploads\\\/2024\\\/03\\\/Header_baterie-ARS-1.png\",\"contentUrl\":\"https:\\\/\\\/valvex.com\\\/wp-content\\\/uploads\\\/2024\\\/03\\\/Header_baterie-ARS-1.png\",\"width\":2400,\"height\":384},{\"@type\":\"BreadcrumbList\",\"@id\":\"https:\\\/\\\/valvex.com\\\/en\\\/about-us\\\/for-shareholders\\\/#breadcrumb\",\"itemListElement\":[{\"@type\":\"ListItem\",\"position\":1,\"name\":\"Strona g\u0142\u00f3wna\",\"item\":\"https:\\\/\\\/valvex.com\\\/en\\\/\"},{\"@type\":\"ListItem\",\"position\":2,\"name\":\"About us\",\"item\":\"https:\\\/\\\/valvex.com\\\/en\\\/about-us\\\/\"},{\"@type\":\"ListItem\",\"position\":3,\"name\":\"For shareholders\"}]},{\"@type\":\"WebSite\",\"@id\":\"https:\\\/\\\/valvex.com\\\/en\\\/#website\",\"url\":\"https:\\\/\\\/valvex.com\\\/en\\\/\",\"name\":\"Valvex\",\"description\":\"Manufacturer of sanitary and installation fittings\",\"potentialAction\":[{\"@type\":\"SearchAction\",\"target\":{\"@type\":\"EntryPoint\",\"urlTemplate\":\"https:\\\/\\\/valvex.com\\\/en\\\/?s={search_term_string}\"},\"query-input\":{\"@type\":\"PropertyValueSpecification\",\"valueRequired\":true,\"valueName\":\"search_term_string\"}}],\"inLanguage\":\"en-US\"}]}<\/script>\n<!-- \/ Yoast SEO plugin. -->","yoast_head_json":{"title":"For shareholders - Valvex","robots":{"index":"index","follow":"follow","max-snippet":"max-snippet:-1","max-image-preview":"max-image-preview:large","max-video-preview":"max-video-preview:-1"},"canonical":"https:\/\/valvex.com\/en\/about-us\/for-shareholders\/","og_locale":"en_US","og_type":"article","og_title":"For shareholders - Valvex","og_description":"Investor relations department Wioletta Kowalczewioletta.kowalcze@valvex.com Przemys\u0142aw Pietrzykprzemyslaw.pietrzyk@lawberry.pl Information Information on the processing of personal data for Valvex Shareholders","og_url":"https:\/\/valvex.com\/en\/about-us\/for-shareholders\/","og_site_name":"Valvex","article_modified_time":"2024-02-13T22:34:05+00:00","og_image":[{"width":1024,"height":164,"url":"https:\/\/valvex.com\/wp-content\/uploads\/2024\/03\/Header_baterie-ARS-1-1024x164.png","type":"image\/png"}],"twitter_card":"summary_large_image","twitter_misc":{"Est. reading time":"1 minute"},"schema":{"@context":"https:\/\/schema.org","@graph":[{"@type":"WebPage","@id":"https:\/\/valvex.com\/en\/about-us\/for-shareholders\/","url":"https:\/\/valvex.com\/en\/about-us\/for-shareholders\/","name":"For shareholders - Valvex","isPartOf":{"@id":"https:\/\/valvex.com\/en\/#website"},"primaryImageOfPage":{"@id":"https:\/\/valvex.com\/en\/about-us\/for-shareholders\/#primaryimage"},"image":{"@id":"https:\/\/valvex.com\/en\/about-us\/for-shareholders\/#primaryimage"},"thumbnailUrl":"https:\/\/valvex.com\/wp-content\/uploads\/2024\/03\/Header_baterie-ARS-1.png","datePublished":"2022-01-03T11:46:48+00:00","dateModified":"2024-02-13T22:34:05+00:00","breadcrumb":{"@id":"https:\/\/valvex.com\/en\/about-us\/for-shareholders\/#breadcrumb"},"inLanguage":"en-US","potentialAction":[{"@type":"ReadAction","target":["https:\/\/valvex.com\/en\/about-us\/for-shareholders\/"]}]},{"@type":"ImageObject","inLanguage":"en-US","@id":"https:\/\/valvex.com\/en\/about-us\/for-shareholders\/#primaryimage","url":"https:\/\/valvex.com\/wp-content\/uploads\/2024\/03\/Header_baterie-ARS-1.png","contentUrl":"https:\/\/valvex.com\/wp-content\/uploads\/2024\/03\/Header_baterie-ARS-1.png","width":2400,"height":384},{"@type":"BreadcrumbList","@id":"https:\/\/valvex.com\/en\/about-us\/for-shareholders\/#breadcrumb","itemListElement":[{"@type":"ListItem","position":1,"name":"Strona g\u0142\u00f3wna","item":"https:\/\/valvex.com\/en\/"},{"@type":"ListItem","position":2,"name":"About us","item":"https:\/\/valvex.com\/en\/about-us\/"},{"@type":"ListItem","position":3,"name":"For shareholders"}]},{"@type":"WebSite","@id":"https:\/\/valvex.com\/en\/#website","url":"https:\/\/valvex.com\/en\/","name":"Valvex","description":"Manufacturer of sanitary and installation fittings","potentialAction":[{"@type":"SearchAction","target":{"@type":"EntryPoint","urlTemplate":"https:\/\/valvex.com\/en\/?s={search_term_string}"},"query-input":{"@type":"PropertyValueSpecification","valueRequired":true,"valueName":"search_term_string"}}],"inLanguage":"en-US"}]}},"_links":{"self":[{"href":"https:\/\/valvex.com\/en\/wp-json\/wp\/v2\/pages\/67903","targetHints":{"allow":["GET"]}}],"collection":[{"href":"https:\/\/valvex.com\/en\/wp-json\/wp\/v2\/pages"}],"about":[{"href":"https:\/\/valvex.com\/en\/wp-json\/wp\/v2\/types\/page"}],"author":[{"embeddable":true,"href":"https:\/\/valvex.com\/en\/wp-json\/wp\/v2\/users\/12"}],"replies":[{"embeddable":true,"href":"https:\/\/valvex.com\/en\/wp-json\/wp\/v2\/comments?post=67903"}],"version-history":[{"count":1,"href":"https:\/\/valvex.com\/en\/wp-json\/wp\/v2\/pages\/67903\/revisions"}],"predecessor-version":[{"id":67908,"href":"https:\/\/valvex.com\/en\/wp-json\/wp\/v2\/pages\/67903\/revisions\/67908"}],"up":[{"embeddable":true,"href":"https:\/\/valvex.com\/en\/wp-json\/wp\/v2\/pages\/67821"}],"wp:featuredmedia":[{"embeddable":true,"href":"https:\/\/valvex.com\/en\/wp-json\/wp\/v2\/media\/70478"}],"wp:attachment":[{"href":"https:\/\/valvex.com\/en\/wp-json\/wp\/v2\/media?parent=67903"}],"curies":[{"name":"wp","href":"https:\/\/api.w.org\/{rel}","templated":true}]}}