{"id":54231,"date":"2022-04-01T11:05:58","date_gmt":"2022-04-01T09:05:58","guid":{"rendered":"http:\/\/valvex.com\/?page_id=54231"},"modified":"2024-02-12T13:47:53","modified_gmt":"2024-02-12T12:47:53","slug":"contact-information","status":"publish","type":"page","link":"https:\/\/valvex.com\/en\/contact\/contact-information\/","title":{"rendered":"Contact information"},"content":{"rendered":"\n<h3 class=\"wp-block-heading mb-16\">Contact information<\/h3>\n\n\n\n<div class=\"wp-block-columns is-layout-flex wp-container-core-columns-is-layout-9d6595d7 wp-block-columns-is-layout-flex\">\n<div class=\"wp-block-column p-4 bg-gray-100 is-layout-flow wp-block-column-is-layout-flow\">\n<h4 class=\"wp-block-heading\">Valvex S.A.<\/h4>\n\n\n\n<p>ul. Nad Skaw\u0105 2<br>34-240 Jordan\u00f3w<br>Polska<\/p>\n\n\n\n<p>NIP: 735-00-24-449<br>REGON: 490399956<br>KRS: 00000026818<br>Share capital<br>2 099 700,00&nbsp;z\u0142 fully paid-up<\/p>\n\n\n\n<p><\/p>\n<\/div>\n\n\n\n<div class=\"wp-block-column p-4 is-layout-flow wp-block-column-is-layout-flow\">\n<h4 class=\"wp-block-heading\">Headquarters<\/h4>\n\n\n\n<p>Technical break: <br>12:00 &#8211; 12:45<\/p>\n\n\n\n<p>tel. <a href=\"tel:+48182693220\">(+48) 18 26 93 220<\/a><br><a href=\"tel:+48182693249\">(+48) 18 26 93 249<\/a><br><a href=\"mailto:valvex@valvex.com\">valvex@valvex.com<\/a><\/p>\n<\/div>\n\n\n\n<div class=\"wp-block-column p-4 is-layout-flow wp-block-column-is-layout-flow\" style=\"flex-basis:50%\">\n<figure class=\"wp-block-image size-full\"><img loading=\"lazy\" decoding=\"async\" width=\"544\" height=\"256\" src=\"http:\/\/valvex.com\/wp-content\/uploads\/2022\/03\/DJI_0103-kopia.png\" alt=\"\" class=\"wp-image-901\" srcset=\"https:\/\/valvex.com\/wp-content\/uploads\/2022\/03\/DJI_0103-kopia.png 544w, https:\/\/valvex.com\/wp-content\/uploads\/2022\/03\/DJI_0103-kopia-300x141.png 300w\" sizes=\"auto, (max-width: 544px) 100vw, 544px\" \/><\/figure>\n<\/div>\n<\/div>\n\n\n\n<div class=\"wp-block-columns is-layout-flex wp-container-core-columns-is-layout-9d6595d7 wp-block-columns-is-layout-flex\">\n<div class=\"wp-block-column p-4 is-layout-flow wp-block-column-is-layout-flow\">\n<h4 class=\"wp-block-heading\">Customer Service Department<\/h4>\n\n\n\n<p>Technical break: <br>12:00 &#8211; 12:45<\/p>\n\n\n\n<p>tel. <a href=\"tel:+48182693361\">(+48) 18 26 93 361<\/a><\/p>\n\n\n\n<p><a href=\"mailto:zamowienia@valvex.com\">zamowienia@valvex.com<\/a><\/p>\n<\/div>\n\n\n\n<div class=\"wp-block-column p-4 is-layout-flow wp-block-column-is-layout-flow\">\n<h4 class=\"wp-block-heading\">Export <br>Department<\/h4>\n\n\n\n<p>Technical break: <br>12:00 &#8211; 12:45<\/p>\n\n\n\n<p>tel. <a href=\"tel:+48182693363\">(+48) 18 26 93 363<\/a><br>tel. <a href=\"tel:+48182693249\">(+48) 18 26 93 249<\/a><\/p>\n\n\n\n<p><a href=\"mailto:export@valvex.com\">export@valvex.com<\/a><\/p>\n<\/div>\n\n\n\n<div class=\"wp-block-column p-4 is-layout-flow wp-block-column-is-layout-flow\">\n<h4 class=\"wp-block-heading\">Marketing <br>Department<\/h4>\n\n\n\n<p>Technical break: <br>12:00 &#8211; 12:45<\/p>\n\n\n\n<p><\/p>\n\n\n\n<p><a href=\"mailto:marketing@valvex.com\">marketing@valvex.com<\/a><\/p>\n<\/div>\n\n\n\n<div class=\"wp-block-column p-4 is-layout-flow wp-block-column-is-layout-flow\">\n<h4 class=\"wp-block-heading\">Complaints <br>Department<\/h4>\n\n\n\n<p>Technical break: <br>12:00 &#8211; 12:45<\/p>\n\n\n\n<p>kom.: <a href=\"tel:+48800192992\">(+48) 800 192 992<\/a><br>tel.: <a href=\"tel:+48182693333\">(+48) 18 26 93 333<\/a><\/p>\n\n\n\n<p><a href=\"mailto:reklamacje@valvex.com\">reklamacje@valvex.com<\/a><\/p>\n<\/div>\n<\/div>\n","protected":false},"excerpt":{"rendered":"<p>Contact information Valvex S.A. ul. Nad Skaw\u0105 234-240 Jordan\u00f3wPolska NIP: 735-00-24-449REGON: 490399956KRS: 00000026818Share capital2 099 700,00&nbsp;z\u0142 fully paid-up Headquarters Technical break: 12:00 &#8211; 12:45 tel. (+48) 18 26 93 220(+48) 18 26 93 249valvex@valvex.com Customer Service Department Technical break: 12:00 &#8211; 12:45 tel. (+48) 18 26 93 361 zamowienia@valvex.com Export Department Technical break: 12:00 &#8211; [&hellip;]<\/p>\n","protected":false},"author":12,"featured_media":70776,"parent":54229,"menu_order":105,"comment_status":"closed","ping_status":"closed","template":"","meta":{"_acf_changed":false,"footnotes":""},"class_list":["post-54231","page","type-page","status-publish","has-post-thumbnail","hentry"],"acf":[],"yoast_head":"<!-- This site is optimized with the Yoast SEO plugin v27.3 - https:\/\/yoast.com\/product\/yoast-seo-wordpress\/ -->\n<title>Contact information - Valvex<\/title>\n<meta name=\"robots\" content=\"index, follow, max-snippet:-1, max-image-preview:large, max-video-preview:-1\" \/>\n<link rel=\"canonical\" href=\"https:\/\/valvex.com\/en\/contact\/contact-information\/\" \/>\n<meta property=\"og:locale\" content=\"en_US\" \/>\n<meta property=\"og:type\" content=\"article\" \/>\n<meta property=\"og:title\" content=\"Contact information - Valvex\" \/>\n<meta property=\"og:description\" content=\"Contact information Valvex S.A. ul. Nad Skaw\u0105 234-240 Jordan\u00f3wPolska NIP: 735-00-24-449REGON: 490399956KRS: 00000026818Share capital2 099 700,00&nbsp;z\u0142 fully paid-up Headquarters Technical break: 12:00 &#8211; 12:45 tel. (+48) 18 26 93 220(+48) 18 26 93 249valvex@valvex.com Customer Service Department Technical break: 12:00 &#8211; 12:45 tel. (+48) 18 26 93 361 zamowienia@valvex.com Export Department Technical break: 12:00 &#8211; [&hellip;]\" \/>\n<meta property=\"og:url\" content=\"https:\/\/valvex.com\/en\/contact\/contact-information\/\" \/>\n<meta property=\"og:site_name\" content=\"Valvex\" \/>\n<meta property=\"article:modified_time\" content=\"2024-02-12T12:47:53+00:00\" \/>\n<meta property=\"og:image\" content=\"https:\/\/valvex.com\/wp-content\/uploads\/2024\/03\/Header_PVD-1024x164.png\" \/>\n\t<meta property=\"og:image:width\" content=\"1024\" \/>\n\t<meta property=\"og:image:height\" content=\"164\" \/>\n\t<meta property=\"og:image:type\" content=\"image\/png\" \/>\n<meta name=\"twitter:card\" content=\"summary_large_image\" \/>\n<meta name=\"twitter:label1\" content=\"Est. reading time\" \/>\n\t<meta name=\"twitter:data1\" content=\"2 minutes\" \/>\n<script type=\"application\/ld+json\" class=\"yoast-schema-graph\">{\"@context\":\"https:\\\/\\\/schema.org\",\"@graph\":[{\"@type\":\"WebPage\",\"@id\":\"https:\\\/\\\/valvex.com\\\/en\\\/contact\\\/contact-information\\\/\",\"url\":\"https:\\\/\\\/valvex.com\\\/en\\\/contact\\\/contact-information\\\/\",\"name\":\"Contact information - Valvex\",\"isPartOf\":{\"@id\":\"https:\\\/\\\/valvex.com\\\/en\\\/#website\"},\"primaryImageOfPage\":{\"@id\":\"https:\\\/\\\/valvex.com\\\/en\\\/contact\\\/contact-information\\\/#primaryimage\"},\"image\":{\"@id\":\"https:\\\/\\\/valvex.com\\\/en\\\/contact\\\/contact-information\\\/#primaryimage\"},\"thumbnailUrl\":\"https:\\\/\\\/valvex.com\\\/wp-content\\\/uploads\\\/2024\\\/03\\\/Header_PVD.png\",\"datePublished\":\"2022-04-01T09:05:58+00:00\",\"dateModified\":\"2024-02-12T12:47:53+00:00\",\"breadcrumb\":{\"@id\":\"https:\\\/\\\/valvex.com\\\/en\\\/contact\\\/contact-information\\\/#breadcrumb\"},\"inLanguage\":\"en-US\",\"potentialAction\":[{\"@type\":\"ReadAction\",\"target\":[\"https:\\\/\\\/valvex.com\\\/en\\\/contact\\\/contact-information\\\/\"]}]},{\"@type\":\"ImageObject\",\"inLanguage\":\"en-US\",\"@id\":\"https:\\\/\\\/valvex.com\\\/en\\\/contact\\\/contact-information\\\/#primaryimage\",\"url\":\"https:\\\/\\\/valvex.com\\\/wp-content\\\/uploads\\\/2024\\\/03\\\/Header_PVD.png\",\"contentUrl\":\"https:\\\/\\\/valvex.com\\\/wp-content\\\/uploads\\\/2024\\\/03\\\/Header_PVD.png\",\"width\":2400,\"height\":384},{\"@type\":\"BreadcrumbList\",\"@id\":\"https:\\\/\\\/valvex.com\\\/en\\\/contact\\\/contact-information\\\/#breadcrumb\",\"itemListElement\":[{\"@type\":\"ListItem\",\"position\":1,\"name\":\"Strona g\u0142\u00f3wna\",\"item\":\"https:\\\/\\\/valvex.com\\\/en\\\/\"},{\"@type\":\"ListItem\",\"position\":2,\"name\":\"Contact\",\"item\":\"https:\\\/\\\/valvex.com\\\/en\\\/contact\\\/\"},{\"@type\":\"ListItem\",\"position\":3,\"name\":\"Contact information\"}]},{\"@type\":\"WebSite\",\"@id\":\"https:\\\/\\\/valvex.com\\\/en\\\/#website\",\"url\":\"https:\\\/\\\/valvex.com\\\/en\\\/\",\"name\":\"Valvex\",\"description\":\"Manufacturer of sanitary and installation fittings\",\"potentialAction\":[{\"@type\":\"SearchAction\",\"target\":{\"@type\":\"EntryPoint\",\"urlTemplate\":\"https:\\\/\\\/valvex.com\\\/en\\\/?s={search_term_string}\"},\"query-input\":{\"@type\":\"PropertyValueSpecification\",\"valueRequired\":true,\"valueName\":\"search_term_string\"}}],\"inLanguage\":\"en-US\"}]}<\/script>\n<!-- \/ Yoast SEO plugin. -->","yoast_head_json":{"title":"Contact information - Valvex","robots":{"index":"index","follow":"follow","max-snippet":"max-snippet:-1","max-image-preview":"max-image-preview:large","max-video-preview":"max-video-preview:-1"},"canonical":"https:\/\/valvex.com\/en\/contact\/contact-information\/","og_locale":"en_US","og_type":"article","og_title":"Contact information - Valvex","og_description":"Contact information Valvex S.A. ul. Nad Skaw\u0105 234-240 Jordan\u00f3wPolska NIP: 735-00-24-449REGON: 490399956KRS: 00000026818Share capital2 099 700,00&nbsp;z\u0142 fully paid-up Headquarters Technical break: 12:00 &#8211; 12:45 tel. (+48) 18 26 93 220(+48) 18 26 93 249valvex@valvex.com Customer Service Department Technical break: 12:00 &#8211; 12:45 tel. (+48) 18 26 93 361 zamowienia@valvex.com Export Department Technical break: 12:00 &#8211; [&hellip;]","og_url":"https:\/\/valvex.com\/en\/contact\/contact-information\/","og_site_name":"Valvex","article_modified_time":"2024-02-12T12:47:53+00:00","og_image":[{"width":1024,"height":164,"url":"https:\/\/valvex.com\/wp-content\/uploads\/2024\/03\/Header_PVD-1024x164.png","type":"image\/png"}],"twitter_card":"summary_large_image","twitter_misc":{"Est. reading time":"2 minutes"},"schema":{"@context":"https:\/\/schema.org","@graph":[{"@type":"WebPage","@id":"https:\/\/valvex.com\/en\/contact\/contact-information\/","url":"https:\/\/valvex.com\/en\/contact\/contact-information\/","name":"Contact information - Valvex","isPartOf":{"@id":"https:\/\/valvex.com\/en\/#website"},"primaryImageOfPage":{"@id":"https:\/\/valvex.com\/en\/contact\/contact-information\/#primaryimage"},"image":{"@id":"https:\/\/valvex.com\/en\/contact\/contact-information\/#primaryimage"},"thumbnailUrl":"https:\/\/valvex.com\/wp-content\/uploads\/2024\/03\/Header_PVD.png","datePublished":"2022-04-01T09:05:58+00:00","dateModified":"2024-02-12T12:47:53+00:00","breadcrumb":{"@id":"https:\/\/valvex.com\/en\/contact\/contact-information\/#breadcrumb"},"inLanguage":"en-US","potentialAction":[{"@type":"ReadAction","target":["https:\/\/valvex.com\/en\/contact\/contact-information\/"]}]},{"@type":"ImageObject","inLanguage":"en-US","@id":"https:\/\/valvex.com\/en\/contact\/contact-information\/#primaryimage","url":"https:\/\/valvex.com\/wp-content\/uploads\/2024\/03\/Header_PVD.png","contentUrl":"https:\/\/valvex.com\/wp-content\/uploads\/2024\/03\/Header_PVD.png","width":2400,"height":384},{"@type":"BreadcrumbList","@id":"https:\/\/valvex.com\/en\/contact\/contact-information\/#breadcrumb","itemListElement":[{"@type":"ListItem","position":1,"name":"Strona g\u0142\u00f3wna","item":"https:\/\/valvex.com\/en\/"},{"@type":"ListItem","position":2,"name":"Contact","item":"https:\/\/valvex.com\/en\/contact\/"},{"@type":"ListItem","position":3,"name":"Contact information"}]},{"@type":"WebSite","@id":"https:\/\/valvex.com\/en\/#website","url":"https:\/\/valvex.com\/en\/","name":"Valvex","description":"Manufacturer of sanitary and installation fittings","potentialAction":[{"@type":"SearchAction","target":{"@type":"EntryPoint","urlTemplate":"https:\/\/valvex.com\/en\/?s={search_term_string}"},"query-input":{"@type":"PropertyValueSpecification","valueRequired":true,"valueName":"search_term_string"}}],"inLanguage":"en-US"}]}},"_links":{"self":[{"href":"https:\/\/valvex.com\/en\/wp-json\/wp\/v2\/pages\/54231","targetHints":{"allow":["GET"]}}],"collection":[{"href":"https:\/\/valvex.com\/en\/wp-json\/wp\/v2\/pages"}],"about":[{"href":"https:\/\/valvex.com\/en\/wp-json\/wp\/v2\/types\/page"}],"author":[{"embeddable":true,"href":"https:\/\/valvex.com\/en\/wp-json\/wp\/v2\/users\/12"}],"replies":[{"embeddable":true,"href":"https:\/\/valvex.com\/en\/wp-json\/wp\/v2\/comments?post=54231"}],"version-history":[{"count":1,"href":"https:\/\/valvex.com\/en\/wp-json\/wp\/v2\/pages\/54231\/revisions"}],"predecessor-version":[{"id":54232,"href":"https:\/\/valvex.com\/en\/wp-json\/wp\/v2\/pages\/54231\/revisions\/54232"}],"up":[{"embeddable":true,"href":"https:\/\/valvex.com\/en\/wp-json\/wp\/v2\/pages\/54229"}],"wp:featuredmedia":[{"embeddable":true,"href":"https:\/\/valvex.com\/en\/wp-json\/wp\/v2\/media\/70776"}],"wp:attachment":[{"href":"https:\/\/valvex.com\/en\/wp-json\/wp\/v2\/media?parent=54231"}],"curies":[{"name":"wp","href":"https:\/\/api.w.org\/{rel}","templated":true}]}}