{"id":77670,"date":"2023-01-13T13:05:44","date_gmt":"2023-01-13T12:05:44","guid":{"rendered":"https:\/\/valvex.com\/product\/element-przedluzajacy-do-kolumny-natryskowej-chrom\/"},"modified":"2024-12-05T09:38:16","modified_gmt":"2024-12-05T08:38:16","slug":"element-przedluzajacy-do-kolumny-natryskowej-chrom","status":"publish","type":"product","link":"https:\/\/valvex.com\/de\/produkt\/element-przedluzajacy-do-kolumny-natryskowej-chrom\/","title":{"rendered":"Verl\u00e4ngerung f\u00fcr Duschs\u00e4ule EXTEND Chrom"},"content":{"rendered":"","protected":false},"featured_media":77672,"template":"","ikony_produktow":[2134,2112],"product_category":[1816],"product_series":[2357],"color":[1760],"class_list":["post-77670","product","type-product","status-publish","has-post-thumbnail","hentry","ikony_produktow-2jahregarantie","ikony_produktow-48-stunden-serviceinpolen","product_category-zubehoer-und-ersatzteile-de","product_series-verlaengerungselement","color-chrome"],"acf":[],"yoast_head":"<!-- This site is optimized with the Yoast SEO plugin v27.3 - https:\/\/yoast.com\/product\/yoast-seo-wordpress\/ -->\n<title>Verl\u00e4ngerung f\u00fcr Duschs\u00e4ule EXTEND Chrom - Valvex<\/title>\n<meta name=\"robots\" content=\"index, follow, max-snippet:-1, max-image-preview:large, max-video-preview:-1\" \/>\n<link rel=\"canonical\" href=\"https:\/\/valvex.com\/de\/produkt\/element-przedluzajacy-do-kolumny-natryskowej-chrom\/\" \/>\n<meta property=\"og:locale\" content=\"de_DE\" \/>\n<meta property=\"og:type\" content=\"article\" \/>\n<meta property=\"og:title\" content=\"Verl\u00e4ngerung f\u00fcr Duschs\u00e4ule EXTEND Chrom - Valvex\" \/>\n<meta property=\"og:url\" content=\"https:\/\/valvex.com\/de\/produkt\/element-przedluzajacy-do-kolumny-natryskowej-chrom\/\" \/>\n<meta property=\"og:site_name\" content=\"Valvex\" \/>\n<meta property=\"article:modified_time\" content=\"2024-12-05T08:38:16+00:00\" \/>\n<meta property=\"og:image\" content=\"https:\/\/valvex.com\/wp-content\/uploads\/2023\/01\/2409100_Element-przedluzajacy-do-kolumny-natryskowej-chrom-scaled.jpg\" \/>\n\t<meta property=\"og:image:width\" content=\"3840\" \/>\n\t<meta property=\"og:image:height\" content=\"2880\" \/>\n\t<meta property=\"og:image:type\" content=\"image\/jpeg\" \/>\n<meta name=\"twitter:card\" content=\"summary_large_image\" \/>\n<meta name=\"twitter:label1\" content=\"Gesch\u00e4tzte Lesezeit\" \/>\n\t<meta name=\"twitter:data1\" content=\"1 Minute\" \/>\n<script type=\"application\/ld+json\" class=\"yoast-schema-graph\">{\"@context\":\"https:\\\/\\\/schema.org\",\"@graph\":[{\"@type\":\"WebPage\",\"@id\":\"https:\\\/\\\/valvex.com\\\/de\\\/produkt\\\/element-przedluzajacy-do-kolumny-natryskowej-chrom\\\/\",\"url\":\"https:\\\/\\\/valvex.com\\\/de\\\/produkt\\\/element-przedluzajacy-do-kolumny-natryskowej-chrom\\\/\",\"name\":\"Verl\u00e4ngerung f\u00fcr Duschs\u00e4ule EXTEND Chrom - Valvex\",\"isPartOf\":{\"@id\":\"https:\\\/\\\/valvex.com\\\/de\\\/#website\"},\"primaryImageOfPage\":{\"@id\":\"https:\\\/\\\/valvex.com\\\/de\\\/produkt\\\/element-przedluzajacy-do-kolumny-natryskowej-chrom\\\/#primaryimage\"},\"image\":{\"@id\":\"https:\\\/\\\/valvex.com\\\/de\\\/produkt\\\/element-przedluzajacy-do-kolumny-natryskowej-chrom\\\/#primaryimage\"},\"thumbnailUrl\":\"https:\\\/\\\/valvex.com\\\/wp-content\\\/uploads\\\/2023\\\/01\\\/2409100_Element-przedluzajacy-do-kolumny-natryskowej-chrom-scaled.jpg\",\"datePublished\":\"2023-01-13T12:05:44+00:00\",\"dateModified\":\"2024-12-05T08:38:16+00:00\",\"breadcrumb\":{\"@id\":\"https:\\\/\\\/valvex.com\\\/de\\\/produkt\\\/element-przedluzajacy-do-kolumny-natryskowej-chrom\\\/#breadcrumb\"},\"inLanguage\":\"de\",\"potentialAction\":[{\"@type\":\"ReadAction\",\"target\":[\"https:\\\/\\\/valvex.com\\\/de\\\/produkt\\\/element-przedluzajacy-do-kolumny-natryskowej-chrom\\\/\"]}]},{\"@type\":\"ImageObject\",\"inLanguage\":\"de\",\"@id\":\"https:\\\/\\\/valvex.com\\\/de\\\/produkt\\\/element-przedluzajacy-do-kolumny-natryskowej-chrom\\\/#primaryimage\",\"url\":\"https:\\\/\\\/valvex.com\\\/wp-content\\\/uploads\\\/2023\\\/01\\\/2409100_Element-przedluzajacy-do-kolumny-natryskowej-chrom-scaled.jpg\",\"contentUrl\":\"https:\\\/\\\/valvex.com\\\/wp-content\\\/uploads\\\/2023\\\/01\\\/2409100_Element-przedluzajacy-do-kolumny-natryskowej-chrom-scaled.jpg\",\"width\":3840,\"height\":2880},{\"@type\":\"BreadcrumbList\",\"@id\":\"https:\\\/\\\/valvex.com\\\/de\\\/produkt\\\/element-przedluzajacy-do-kolumny-natryskowej-chrom\\\/#breadcrumb\",\"itemListElement\":[{\"@type\":\"ListItem\",\"position\":1,\"name\":\"Strona g\u0142\u00f3wna\",\"item\":\"https:\\\/\\\/valvex.com\\\/de\\\/\"},{\"@type\":\"ListItem\",\"position\":2,\"name\":\"Badezimmer\",\"item\":\"https:\\\/\\\/valvex.com\\\/de\\\/oferta\\\/badezimmer\\\/\"},{\"@type\":\"ListItem\",\"position\":3,\"name\":\"Zubeh\u00f6r und ersatzteile\",\"item\":\"https:\\\/\\\/valvex.com\\\/de\\\/oferta\\\/badezimmer\\\/zubehoer-und-ersatzteile-de\\\/\"},{\"@type\":\"ListItem\",\"position\":4,\"name\":\"Verl\u00e4ngerung f\u00fcr Duschs\u00e4ule EXTEND Chrom\"}]},{\"@type\":\"WebSite\",\"@id\":\"https:\\\/\\\/valvex.com\\\/de\\\/#website\",\"url\":\"https:\\\/\\\/valvex.com\\\/de\\\/\",\"name\":\"Valvex\",\"description\":\"Hersteller von Sanit\u00e4ranlagen und Armaturen\\n\\n\",\"potentialAction\":[{\"@type\":\"SearchAction\",\"target\":{\"@type\":\"EntryPoint\",\"urlTemplate\":\"https:\\\/\\\/valvex.com\\\/de\\\/?s={search_term_string}\"},\"query-input\":{\"@type\":\"PropertyValueSpecification\",\"valueRequired\":true,\"valueName\":\"search_term_string\"}}],\"inLanguage\":\"de\"}]}<\/script>\n<!-- \/ Yoast SEO plugin. -->","yoast_head_json":{"title":"Verl\u00e4ngerung f\u00fcr Duschs\u00e4ule EXTEND Chrom - Valvex","robots":{"index":"index","follow":"follow","max-snippet":"max-snippet:-1","max-image-preview":"max-image-preview:large","max-video-preview":"max-video-preview:-1"},"canonical":"https:\/\/valvex.com\/de\/produkt\/element-przedluzajacy-do-kolumny-natryskowej-chrom\/","og_locale":"de_DE","og_type":"article","og_title":"Verl\u00e4ngerung f\u00fcr Duschs\u00e4ule EXTEND Chrom - Valvex","og_url":"https:\/\/valvex.com\/de\/produkt\/element-przedluzajacy-do-kolumny-natryskowej-chrom\/","og_site_name":"Valvex","article_modified_time":"2024-12-05T08:38:16+00:00","og_image":[{"width":3840,"height":2880,"url":"https:\/\/valvex.com\/wp-content\/uploads\/2023\/01\/2409100_Element-przedluzajacy-do-kolumny-natryskowej-chrom-scaled.jpg","type":"image\/jpeg"}],"twitter_card":"summary_large_image","twitter_misc":{"Gesch\u00e4tzte Lesezeit":"1 Minute"},"schema":{"@context":"https:\/\/schema.org","@graph":[{"@type":"WebPage","@id":"https:\/\/valvex.com\/de\/produkt\/element-przedluzajacy-do-kolumny-natryskowej-chrom\/","url":"https:\/\/valvex.com\/de\/produkt\/element-przedluzajacy-do-kolumny-natryskowej-chrom\/","name":"Verl\u00e4ngerung f\u00fcr Duschs\u00e4ule EXTEND Chrom - Valvex","isPartOf":{"@id":"https:\/\/valvex.com\/de\/#website"},"primaryImageOfPage":{"@id":"https:\/\/valvex.com\/de\/produkt\/element-przedluzajacy-do-kolumny-natryskowej-chrom\/#primaryimage"},"image":{"@id":"https:\/\/valvex.com\/de\/produkt\/element-przedluzajacy-do-kolumny-natryskowej-chrom\/#primaryimage"},"thumbnailUrl":"https:\/\/valvex.com\/wp-content\/uploads\/2023\/01\/2409100_Element-przedluzajacy-do-kolumny-natryskowej-chrom-scaled.jpg","datePublished":"2023-01-13T12:05:44+00:00","dateModified":"2024-12-05T08:38:16+00:00","breadcrumb":{"@id":"https:\/\/valvex.com\/de\/produkt\/element-przedluzajacy-do-kolumny-natryskowej-chrom\/#breadcrumb"},"inLanguage":"de","potentialAction":[{"@type":"ReadAction","target":["https:\/\/valvex.com\/de\/produkt\/element-przedluzajacy-do-kolumny-natryskowej-chrom\/"]}]},{"@type":"ImageObject","inLanguage":"de","@id":"https:\/\/valvex.com\/de\/produkt\/element-przedluzajacy-do-kolumny-natryskowej-chrom\/#primaryimage","url":"https:\/\/valvex.com\/wp-content\/uploads\/2023\/01\/2409100_Element-przedluzajacy-do-kolumny-natryskowej-chrom-scaled.jpg","contentUrl":"https:\/\/valvex.com\/wp-content\/uploads\/2023\/01\/2409100_Element-przedluzajacy-do-kolumny-natryskowej-chrom-scaled.jpg","width":3840,"height":2880},{"@type":"BreadcrumbList","@id":"https:\/\/valvex.com\/de\/produkt\/element-przedluzajacy-do-kolumny-natryskowej-chrom\/#breadcrumb","itemListElement":[{"@type":"ListItem","position":1,"name":"Strona g\u0142\u00f3wna","item":"https:\/\/valvex.com\/de\/"},{"@type":"ListItem","position":2,"name":"Badezimmer","item":"https:\/\/valvex.com\/de\/oferta\/badezimmer\/"},{"@type":"ListItem","position":3,"name":"Zubeh\u00f6r und ersatzteile","item":"https:\/\/valvex.com\/de\/oferta\/badezimmer\/zubehoer-und-ersatzteile-de\/"},{"@type":"ListItem","position":4,"name":"Verl\u00e4ngerung f\u00fcr Duschs\u00e4ule EXTEND Chrom"}]},{"@type":"WebSite","@id":"https:\/\/valvex.com\/de\/#website","url":"https:\/\/valvex.com\/de\/","name":"Valvex","description":"Hersteller von Sanit\u00e4ranlagen und Armaturen\n\n","potentialAction":[{"@type":"SearchAction","target":{"@type":"EntryPoint","urlTemplate":"https:\/\/valvex.com\/de\/?s={search_term_string}"},"query-input":{"@type":"PropertyValueSpecification","valueRequired":true,"valueName":"search_term_string"}}],"inLanguage":"de"}]}},"_links":{"self":[{"href":"https:\/\/valvex.com\/de\/wp-json\/wp\/v2\/product\/77670","targetHints":{"allow":["GET"]}}],"collection":[{"href":"https:\/\/valvex.com\/de\/wp-json\/wp\/v2\/product"}],"about":[{"href":"https:\/\/valvex.com\/de\/wp-json\/wp\/v2\/types\/product"}],"wp:featuredmedia":[{"embeddable":true,"href":"https:\/\/valvex.com\/de\/wp-json\/wp\/v2\/media\/77672"}],"wp:attachment":[{"href":"https:\/\/valvex.com\/de\/wp-json\/wp\/v2\/media?parent=77670"}],"wp:term":[{"taxonomy":"ikony_produktow","embeddable":true,"href":"https:\/\/valvex.com\/de\/wp-json\/wp\/v2\/ikony_produktow?post=77670"},{"taxonomy":"product_category","embeddable":true,"href":"https:\/\/valvex.com\/de\/wp-json\/wp\/v2\/product_category?post=77670"},{"taxonomy":"product_series","embeddable":true,"href":"https:\/\/valvex.com\/de\/wp-json\/wp\/v2\/product_series?post=77670"},{"taxonomy":"color","embeddable":true,"href":"https:\/\/valvex.com\/de\/wp-json\/wp\/v2\/color?post=77670"}],"curies":[{"name":"wp","href":"https:\/\/api.w.org\/{rel}","templated":true}]}}