{"id":70401,"date":"2022-08-10T00:11:00","date_gmt":"2022-08-09T22:11:00","guid":{"rendered":"http:\/\/valvex.com\/product\/bateria-wannowa-scienna-z-akcesoriami\/"},"modified":"2026-01-12T14:42:30","modified_gmt":"2026-01-12T13:42:30","slug":"decor-bateria-wannowa-scienna-z-akcesoriami","status":"publish","type":"product","link":"https:\/\/valvex.com\/de\/produkt\/decor-bateria-wannowa-scienna-z-akcesoriami\/","title":{"rendered":"Badewannen-Wand-Mischbatterie"},"content":{"rendered":"&#13;\n<h2 class=\"wp-block-heading\">Woda na jedno klikni\u0119cie<\/h2>&#13;\n&#13;\n<p>Nowa seria baterii DECOR \u0142\u0105czy najnowsze rozwi\u0105zania technologiczne i innowacje ze stylem funkcjonowania wedle filozofii zr\u00f3wnowa\u017conego rozwoju. Od teraz korzystaj z wody w wygodny, nowoczesny, ale i odpowiedzialny spos\u00f3b.<\/p>&#13;\n&#13;\n<p>Dzi\u0119ki szybkiemu startowi wody i mo\u017cliwo\u015bci wybrania optymalnej temperatury na sta\u0142e, DECOR jest nie tylko bardziej komfortowy i prosty w obs\u0142udze na co dzie\u0144. Jest r\u00f3wnie\u017c narz\u0119dziem do oszcz\u0119dzania wody oraz Twojego czasu i pieni\u0119dzy. Dzi\u0119ki sta\u0142emu ci\u015bnieniu wody nie ryzykujesz uruchomienia zbyt du\u017cego ci\u015bnienia wody.<\/p>&#13;\n&#13;\n<p>Zastrze\u017cony wz\u00f3r pokr\u0119t\u0142a zmiany temperatury nadaje mu niepowtarzalnego stylu, ale i sprawia, \u017ce jego obs\u0142uga jest komfortowa i pewna.<\/p>&#13;\n&#13;\n<p>Jak korzysta\u0107 z baterii DECOR?<br\/>To bardzo proste!<br\/>1. Ustawiasz pokr\u0119t\u0142o na odpowiadaj\u0105c\u0105 Ci temperatur\u0119.<\/p>&#13;\n&#13;\n<figure class=\"wp-block-image size-full\"><img loading=\"lazy\" decoding=\"async\" width=\"300\" height=\"168\" class=\"wp-image-63381\" src=\"http:\/\/valvex.com\/wp-content\/uploads\/2022\/08\/valvex_click_on-bateria-wannowa-03-300x168-1.png\" alt=\"\"\/><\/figure>&#13;\n&#13;\n<p>2. Wciskasz przycisk.<\/p>&#13;\n&#13;\n<figure class=\"wp-block-image size-full\"><img loading=\"lazy\" decoding=\"async\" width=\"300\" height=\"168\" class=\"wp-image-63382\" src=\"http:\/\/valvex.com\/wp-content\/uploads\/2022\/08\/valvex_click_on-bateria-wannowa-04-1-300x168-1.png\" alt=\"\"\/><\/figure>&#13;\n","protected":false},"featured_media":70403,"template":"","ikony_produktow":[2111,2112,2163,2113,2131,2129,2162,2116],"product_category":[1811,1931,1946],"product_series":[2130],"color":[1967],"class_list":["post-70401","product","type-product","status-publish","has-post-thumbnail","hentry","ikony_produktow-25jahregarantie","ikony_produktow-48-stunden-serviceinpolen","ikony_produktow-handbrause-im-set-enthalten","ikony_produktow-keramikkartuschede","ikony_produktow-wlacz_jednym_kliknieciem-de","ikony_produktow-easyclean-de","ikony_produktow-obrot-de","ikony_produktow-o2-de","product_category-badezimmer","product_category-badewanne","product_category-badewannenarmaturen","product_series-decor-de","color-blackgold"],"acf":[],"yoast_head":"<!-- This site is optimized with the Yoast SEO plugin v27.3 - https:\/\/yoast.com\/product\/yoast-seo-wordpress\/ -->\n<title>Badewannen-Wand-Mischbatterie - Valvex<\/title>\n<meta name=\"robots\" content=\"index, follow, max-snippet:-1, max-image-preview:large, max-video-preview:-1\" \/>\n<link rel=\"canonical\" href=\"https:\/\/valvex.com\/de\/produkt\/decor-bateria-wannowa-scienna-z-akcesoriami\/\" \/>\n<meta property=\"og:locale\" content=\"de_DE\" \/>\n<meta property=\"og:type\" content=\"article\" \/>\n<meta property=\"og:title\" content=\"Badewannen-Wand-Mischbatterie - Valvex\" \/>\n<meta property=\"og:description\" content=\"&#013; Woda na jedno klikni\u0119cie &#013; &#013; Nowa seria baterii DECOR \u0142\u0105czy najnowsze rozwi\u0105zania technologiczne i innowacje ze stylem funkcjonowania wedle filozofii zr\u00f3wnowa\u017conego rozwoju. Od teraz korzystaj z wody w wygodny, nowoczesny, ale i odpowiedzialny spos\u00f3b. &#013; &#013; Dzi\u0119ki szybkiemu startowi wody i mo\u017cliwo\u015bci wybrania optymalnej temperatury na sta\u0142e, DECOR jest nie tylko bardziej komfortowy [&hellip;]\" \/>\n<meta property=\"og:url\" content=\"https:\/\/valvex.com\/de\/produkt\/decor-bateria-wannowa-scienna-z-akcesoriami\/\" \/>\n<meta property=\"og:site_name\" content=\"Valvex\" \/>\n<meta property=\"article:modified_time\" content=\"2026-01-12T13:42:30+00:00\" \/>\n<meta property=\"og:image\" content=\"https:\/\/valvex.com\/wp-content\/uploads\/2022\/08\/VALVEX_2420720_DECOR-Black-Gold_wanna.png\" \/>\n\t<meta property=\"og:image:width\" content=\"800\" \/>\n\t<meta property=\"og:image:height\" content=\"800\" \/>\n\t<meta property=\"og:image:type\" content=\"image\/png\" \/>\n<meta name=\"twitter:card\" content=\"summary_large_image\" \/>\n<meta name=\"twitter:label1\" content=\"Gesch\u00e4tzte Lesezeit\" \/>\n\t<meta name=\"twitter:data1\" content=\"2 Minuten\" \/>\n<script type=\"application\/ld+json\" class=\"yoast-schema-graph\">{\"@context\":\"https:\\\/\\\/schema.org\",\"@graph\":[{\"@type\":\"WebPage\",\"@id\":\"https:\\\/\\\/valvex.com\\\/de\\\/produkt\\\/decor-bateria-wannowa-scienna-z-akcesoriami\\\/\",\"url\":\"https:\\\/\\\/valvex.com\\\/de\\\/produkt\\\/decor-bateria-wannowa-scienna-z-akcesoriami\\\/\",\"name\":\"Badewannen-Wand-Mischbatterie - Valvex\",\"isPartOf\":{\"@id\":\"https:\\\/\\\/valvex.com\\\/de\\\/#website\"},\"primaryImageOfPage\":{\"@id\":\"https:\\\/\\\/valvex.com\\\/de\\\/produkt\\\/decor-bateria-wannowa-scienna-z-akcesoriami\\\/#primaryimage\"},\"image\":{\"@id\":\"https:\\\/\\\/valvex.com\\\/de\\\/produkt\\\/decor-bateria-wannowa-scienna-z-akcesoriami\\\/#primaryimage\"},\"thumbnailUrl\":\"https:\\\/\\\/valvex.com\\\/wp-content\\\/uploads\\\/2022\\\/08\\\/VALVEX_2420720_DECOR-Black-Gold_wanna.png\",\"datePublished\":\"2022-08-09T22:11:00+00:00\",\"dateModified\":\"2026-01-12T13:42:30+00:00\",\"breadcrumb\":{\"@id\":\"https:\\\/\\\/valvex.com\\\/de\\\/produkt\\\/decor-bateria-wannowa-scienna-z-akcesoriami\\\/#breadcrumb\"},\"inLanguage\":\"de\",\"potentialAction\":[{\"@type\":\"ReadAction\",\"target\":[\"https:\\\/\\\/valvex.com\\\/de\\\/produkt\\\/decor-bateria-wannowa-scienna-z-akcesoriami\\\/\"]}]},{\"@type\":\"ImageObject\",\"inLanguage\":\"de\",\"@id\":\"https:\\\/\\\/valvex.com\\\/de\\\/produkt\\\/decor-bateria-wannowa-scienna-z-akcesoriami\\\/#primaryimage\",\"url\":\"https:\\\/\\\/valvex.com\\\/wp-content\\\/uploads\\\/2022\\\/08\\\/VALVEX_2420720_DECOR-Black-Gold_wanna.png\",\"contentUrl\":\"https:\\\/\\\/valvex.com\\\/wp-content\\\/uploads\\\/2022\\\/08\\\/VALVEX_2420720_DECOR-Black-Gold_wanna.png\",\"width\":800,\"height\":800},{\"@type\":\"BreadcrumbList\",\"@id\":\"https:\\\/\\\/valvex.com\\\/de\\\/produkt\\\/decor-bateria-wannowa-scienna-z-akcesoriami\\\/#breadcrumb\",\"itemListElement\":[{\"@type\":\"ListItem\",\"position\":1,\"name\":\"Strona g\u0142\u00f3wna\",\"item\":\"https:\\\/\\\/valvex.com\\\/de\\\/\"},{\"@type\":\"ListItem\",\"position\":2,\"name\":\"Badezimmer\",\"item\":\"https:\\\/\\\/valvex.com\\\/de\\\/oferta\\\/badezimmer\\\/\"},{\"@type\":\"ListItem\",\"position\":3,\"name\":\"Badewannen-Wand-Mischbatterie\"}]},{\"@type\":\"WebSite\",\"@id\":\"https:\\\/\\\/valvex.com\\\/de\\\/#website\",\"url\":\"https:\\\/\\\/valvex.com\\\/de\\\/\",\"name\":\"Valvex\",\"description\":\"Hersteller von Sanit\u00e4ranlagen und Armaturen\\n\\n\",\"potentialAction\":[{\"@type\":\"SearchAction\",\"target\":{\"@type\":\"EntryPoint\",\"urlTemplate\":\"https:\\\/\\\/valvex.com\\\/de\\\/?s={search_term_string}\"},\"query-input\":{\"@type\":\"PropertyValueSpecification\",\"valueRequired\":true,\"valueName\":\"search_term_string\"}}],\"inLanguage\":\"de\"}]}<\/script>\n<!-- \/ Yoast SEO plugin. -->","yoast_head_json":{"title":"Badewannen-Wand-Mischbatterie - Valvex","robots":{"index":"index","follow":"follow","max-snippet":"max-snippet:-1","max-image-preview":"max-image-preview:large","max-video-preview":"max-video-preview:-1"},"canonical":"https:\/\/valvex.com\/de\/produkt\/decor-bateria-wannowa-scienna-z-akcesoriami\/","og_locale":"de_DE","og_type":"article","og_title":"Badewannen-Wand-Mischbatterie - Valvex","og_description":"&#13; Woda na jedno klikni\u0119cie &#13; &#13; Nowa seria baterii DECOR \u0142\u0105czy najnowsze rozwi\u0105zania technologiczne i innowacje ze stylem funkcjonowania wedle filozofii zr\u00f3wnowa\u017conego rozwoju. Od teraz korzystaj z wody w wygodny, nowoczesny, ale i odpowiedzialny spos\u00f3b. &#13; &#13; Dzi\u0119ki szybkiemu startowi wody i mo\u017cliwo\u015bci wybrania optymalnej temperatury na sta\u0142e, DECOR jest nie tylko bardziej komfortowy [&hellip;]","og_url":"https:\/\/valvex.com\/de\/produkt\/decor-bateria-wannowa-scienna-z-akcesoriami\/","og_site_name":"Valvex","article_modified_time":"2026-01-12T13:42:30+00:00","og_image":[{"width":800,"height":800,"url":"https:\/\/valvex.com\/wp-content\/uploads\/2022\/08\/VALVEX_2420720_DECOR-Black-Gold_wanna.png","type":"image\/png"}],"twitter_card":"summary_large_image","twitter_misc":{"Gesch\u00e4tzte Lesezeit":"2 Minuten"},"schema":{"@context":"https:\/\/schema.org","@graph":[{"@type":"WebPage","@id":"https:\/\/valvex.com\/de\/produkt\/decor-bateria-wannowa-scienna-z-akcesoriami\/","url":"https:\/\/valvex.com\/de\/produkt\/decor-bateria-wannowa-scienna-z-akcesoriami\/","name":"Badewannen-Wand-Mischbatterie - Valvex","isPartOf":{"@id":"https:\/\/valvex.com\/de\/#website"},"primaryImageOfPage":{"@id":"https:\/\/valvex.com\/de\/produkt\/decor-bateria-wannowa-scienna-z-akcesoriami\/#primaryimage"},"image":{"@id":"https:\/\/valvex.com\/de\/produkt\/decor-bateria-wannowa-scienna-z-akcesoriami\/#primaryimage"},"thumbnailUrl":"https:\/\/valvex.com\/wp-content\/uploads\/2022\/08\/VALVEX_2420720_DECOR-Black-Gold_wanna.png","datePublished":"2022-08-09T22:11:00+00:00","dateModified":"2026-01-12T13:42:30+00:00","breadcrumb":{"@id":"https:\/\/valvex.com\/de\/produkt\/decor-bateria-wannowa-scienna-z-akcesoriami\/#breadcrumb"},"inLanguage":"de","potentialAction":[{"@type":"ReadAction","target":["https:\/\/valvex.com\/de\/produkt\/decor-bateria-wannowa-scienna-z-akcesoriami\/"]}]},{"@type":"ImageObject","inLanguage":"de","@id":"https:\/\/valvex.com\/de\/produkt\/decor-bateria-wannowa-scienna-z-akcesoriami\/#primaryimage","url":"https:\/\/valvex.com\/wp-content\/uploads\/2022\/08\/VALVEX_2420720_DECOR-Black-Gold_wanna.png","contentUrl":"https:\/\/valvex.com\/wp-content\/uploads\/2022\/08\/VALVEX_2420720_DECOR-Black-Gold_wanna.png","width":800,"height":800},{"@type":"BreadcrumbList","@id":"https:\/\/valvex.com\/de\/produkt\/decor-bateria-wannowa-scienna-z-akcesoriami\/#breadcrumb","itemListElement":[{"@type":"ListItem","position":1,"name":"Strona g\u0142\u00f3wna","item":"https:\/\/valvex.com\/de\/"},{"@type":"ListItem","position":2,"name":"Badezimmer","item":"https:\/\/valvex.com\/de\/oferta\/badezimmer\/"},{"@type":"ListItem","position":3,"name":"Badewannen-Wand-Mischbatterie"}]},{"@type":"WebSite","@id":"https:\/\/valvex.com\/de\/#website","url":"https:\/\/valvex.com\/de\/","name":"Valvex","description":"Hersteller von Sanit\u00e4ranlagen und Armaturen\n\n","potentialAction":[{"@type":"SearchAction","target":{"@type":"EntryPoint","urlTemplate":"https:\/\/valvex.com\/de\/?s={search_term_string}"},"query-input":{"@type":"PropertyValueSpecification","valueRequired":true,"valueName":"search_term_string"}}],"inLanguage":"de"}]}},"_links":{"self":[{"href":"https:\/\/valvex.com\/de\/wp-json\/wp\/v2\/product\/70401","targetHints":{"allow":["GET"]}}],"collection":[{"href":"https:\/\/valvex.com\/de\/wp-json\/wp\/v2\/product"}],"about":[{"href":"https:\/\/valvex.com\/de\/wp-json\/wp\/v2\/types\/product"}],"wp:featuredmedia":[{"embeddable":true,"href":"https:\/\/valvex.com\/de\/wp-json\/wp\/v2\/media\/70403"}],"wp:attachment":[{"href":"https:\/\/valvex.com\/de\/wp-json\/wp\/v2\/media?parent=70401"}],"wp:term":[{"taxonomy":"ikony_produktow","embeddable":true,"href":"https:\/\/valvex.com\/de\/wp-json\/wp\/v2\/ikony_produktow?post=70401"},{"taxonomy":"product_category","embeddable":true,"href":"https:\/\/valvex.com\/de\/wp-json\/wp\/v2\/product_category?post=70401"},{"taxonomy":"product_series","embeddable":true,"href":"https:\/\/valvex.com\/de\/wp-json\/wp\/v2\/product_series?post=70401"},{"taxonomy":"color","embeddable":true,"href":"https:\/\/valvex.com\/de\/wp-json\/wp\/v2\/color?post=70401"}],"curies":[{"name":"wp","href":"https:\/\/api.w.org\/{rel}","templated":true}]}}