{"id":70093,"date":"2022-08-08T09:26:44","date_gmt":"2022-08-08T07:26:44","guid":{"rendered":"http:\/\/valvex.com\/product\/bateria-umywalkowa-stojaca\/"},"modified":"2025-12-12T11:07:00","modified_gmt":"2025-12-12T10:07:00","slug":"decor-bateria-umywalkowa-stojaca","status":"publish","type":"product","link":"https:\/\/valvex.com\/de\/produkt\/decor-bateria-umywalkowa-stojaca\/","title":{"rendered":"WaschtischStandmischbatterie mit automatischer Ablaufgarnitu"},"content":{"rendered":"<\/p>\r\n\r\n<figure class=\"wp-block-image size-full\"><img loading=\"lazy\" decoding=\"async\" width=\"300\" height=\"168\" class=\"wp-image-63364\" src=\"http:\/\/valvex.com\/wp-content\/uploads\/2022\/08\/valvex_click_on-bateria-umywalkowa-02-1-300x168-1.png\" alt=\"\" \/><\/figure>\r\n<strong>2. Dr\u00fccken Sie den Knopf.<\/strong>\r\n\r\n\r\n<figure class=\"wp-block-image size-full\"><img loading=\"lazy\" decoding=\"async\" width=\"300\" height=\"168\" class=\"wp-image-63365\" src=\"http:\/\/valvex.com\/wp-content\/uploads\/2022\/08\/valvex_click_on-bateria-umywalkowa-03-1-300x168-1.png\" alt=\"\" \/><\/figure>\r\n&nbsp;\r\n\r\n\r\n\r\nUnd das war\u2019s! Es ist sehr einfach und bequem \u2013 und dabei auch noch sparsam!\r\n\r\n\r\n<figure class=\"wp-block-image size-full\"><img loading=\"lazy\" decoding=\"async\" width=\"300\" height=\"168\" class=\"wp-image-63366\" src=\"http:\/\/valvex.com\/wp-content\/uploads\/2022\/08\/valvex_click_on-bateria-umywalkowa-04-1-300x168-1.png\" alt=\"\" \/><\/figure><!-- \/wp:image --><!-- wp:post-content --><h3 data-start=\"90\" data-end=\"119\"><strong data-start=\"94\" data-end=\"119\">Wasser auf Knopfdruck<\/strong><\/h3>\r\n<p data-start=\"121\" data-end=\"405\">Die neue Armaturenserie <strong data-start=\"145\" data-end=\"154\">DECOR<\/strong> verbindet modernste technologische L\u00f6sungen und Innovationen mit einem Lebensstil, der von den Grunds\u00e4tzen der nachhaltigen Entwicklung inspiriert ist. Ab jetzt genie\u00dfen Sie Wasser auf eine bequeme, moderne und gleichzeitig verantwortungsvolle Weise.<\/p>\r\n<p data-start=\"407\" data-end=\"848\">Dank des schnellen Wasserstarts und der M\u00f6glichkeit, Ihre bevorzugte Temperatur dauerhaft einzustellen, ist DECOR nicht nur komfortabler und im Alltag einfacher zu bedienen. Er wird auch zu einem Werkzeug, das Wasser sowie Ihre Zeit und Ihr Geld spart. Durch den konstanten Wasserdruck vermeiden Sie versehentlich zu starken Durchfluss, und mit dem <strong data-start=\"756\" data-end=\"770\">SAVE MONEY<\/strong>-System reduzieren Sie den Wasserverbrauch auf weniger als 9 Liter pro Minute.<\/p>\r\n<p data-start=\"850\" data-end=\"1007\">Das patentierte Design des Temperaturreglers verleiht der Armatur einen einzigartigen Stil und gew\u00e4hrleistet zugleich eine komfortable und pr\u00e4zise Bedienung.<\/p>\r\n\r\n<h3 data-start=\"1009\" data-end=\"1051\"><\/h3>\r\n<h3 data-start=\"1009\" data-end=\"1051\"><strong data-start=\"1013\" data-end=\"1051\">Wie benutzt man die DECOR-Armatur?<\/strong><\/h3>\r\n<p data-start=\"1053\" data-end=\"1141\">Es ist ganz einfach!<\/p>\r\n<p data-start=\"1053\" data-end=\"1141\"><br data-start=\"1073\" data-end=\"1076\" \/><strong data-start=\"1076\" data-end=\"1141\">1. Stellen Sie den Regler auf Ihre gew\u00fcnschte Temperatur ein.<\/strong><\/p>\r\n<p data-start=\"1053\" data-end=\"1141\"><!-- wp:image {\"id\":63364,\"sizeSlug\":\"full\",\"linkDestination\":\"none\"} --><\/p>\r\n\r\n<figure class=\"wp-block-image size-full\"><img loading=\"lazy\" decoding=\"async\" width=\"300\" height=\"168\" class=\"wp-image-63364\" src=\"http:\/\/valvex.com\/wp-content\/uploads\/2022\/08\/valvex_click_on-bateria-umywalkowa-02-1-300x168-1.png\" alt=\"\" \/><\/figure>\r\n<strong>2. Dr\u00fccken Sie den Knopf.<\/strong>\r\n\r\n<!-- wp:image {\"id\":63365,\"sizeSlug\":\"full\",\"linkDestination\":\"none\"} -->\r\n<figure class=\"wp-block-image size-full\"><img loading=\"lazy\" decoding=\"async\" width=\"300\" height=\"168\" class=\"wp-image-63365\" src=\"http:\/\/valvex.com\/wp-content\/uploads\/2022\/08\/valvex_click_on-bateria-umywalkowa-03-1-300x168-1.png\" alt=\"\" \/><\/figure>\r\n&nbsp;\r\n\r\n<!-- \/wp:image -->\r\n\r\nUnd das war\u2019s! Es ist sehr einfach und bequem \u2013 und dabei auch noch sparsam!\r\n\r\n<!-- wp:image {\"id\":63366,\"sizeSlug\":\"full\",\"linkDestination\":\"none\"} -->\r\n<figure class=\"wp-block-image size-full\"><img loading=\"lazy\" decoding=\"async\" width=\"300\" height=\"168\" class=\"wp-image-63366\" src=\"http:\/\/valvex.com\/wp-content\/uploads\/2022\/08\/valvex_click_on-bateria-umywalkowa-04-1-300x168-1.png\" alt=\"\" \/><\/figure><!-- \/wp:post-content -->","protected":false},"featured_media":70095,"template":"","ikony_produktow":[2111,2112,2115,2113,2131,2129,2117,2116],"product_category":[2351,1926,1811,1921],"product_series":[2130],"color":[1760],"class_list":["post-70093","product","type-product","status-publish","has-post-thumbnail","hentry","ikony_produktow-25jahregarantie","ikony_produktow-48-stunden-serviceinpolen","ikony_produktow-easyfix-de","ikony_produktow-keramikkartuschede","ikony_produktow-wlacz_jednym_kliknieciem-de","ikony_produktow-easyclean-de","ikony_produktow-save-money-de","ikony_produktow-o2-de","product_category-baterie-stojace-de","product_category-waschtischmischer","product_category-badezimmer","product_category-waschbecken","product_series-decor-de","color-chrome"],"acf":[],"yoast_head":"<!-- This site is optimized with the Yoast SEO plugin v27.3 - https:\/\/yoast.com\/product\/yoast-seo-wordpress\/ -->\n<title>WaschtischStandmischbatterie mit automatischer Ablaufgarnitu - Valvex<\/title>\n<meta name=\"robots\" content=\"index, follow, max-snippet:-1, max-image-preview:large, max-video-preview:-1\" \/>\n<link rel=\"canonical\" href=\"https:\/\/valvex.com\/de\/produkt\/decor-bateria-umywalkowa-stojaca\/\" \/>\n<meta property=\"og:locale\" content=\"de_DE\" \/>\n<meta property=\"og:type\" content=\"article\" \/>\n<meta property=\"og:title\" content=\"WaschtischStandmischbatterie mit automatischer Ablaufgarnitu - Valvex\" \/>\n<meta property=\"og:description\" content=\"Und das war\u2019s! Es ist sehr einfach und bequem \u2013 und dabei auch noch sparsam! Wasser auf Knopfdruck Die neue Armaturenserie DECOR verbindet modernste technologische L\u00f6sungen und Innovationen mit einem Lebensstil, der von den Grunds\u00e4tzen der nachhaltigen Entwicklung inspiriert ist. Ab jetzt genie\u00dfen Sie Wasser auf eine bequeme, moderne und gleichzeitig verantwortungsvolle Weise. Dank des [&hellip;]\" \/>\n<meta property=\"og:url\" content=\"https:\/\/valvex.com\/de\/produkt\/decor-bateria-umywalkowa-stojaca\/\" \/>\n<meta property=\"og:site_name\" content=\"Valvex\" \/>\n<meta property=\"article:modified_time\" content=\"2025-12-12T10:07:00+00:00\" \/>\n<meta property=\"og:image\" content=\"https:\/\/valvex.com\/wp-content\/uploads\/2022\/08\/VALVEX_2420600_DECOR_umywalka.png\" \/>\n\t<meta property=\"og:image:width\" content=\"800\" \/>\n\t<meta property=\"og:image:height\" content=\"800\" \/>\n\t<meta property=\"og:image:type\" content=\"image\/png\" \/>\n<meta name=\"twitter:card\" content=\"summary_large_image\" \/>\n<meta name=\"twitter:label1\" content=\"Gesch\u00e4tzte Lesezeit\" \/>\n\t<meta name=\"twitter:data1\" content=\"2 Minuten\" \/>\n<script type=\"application\/ld+json\" class=\"yoast-schema-graph\">{\"@context\":\"https:\\\/\\\/schema.org\",\"@graph\":[{\"@type\":\"WebPage\",\"@id\":\"https:\\\/\\\/valvex.com\\\/de\\\/produkt\\\/decor-bateria-umywalkowa-stojaca\\\/\",\"url\":\"https:\\\/\\\/valvex.com\\\/de\\\/produkt\\\/decor-bateria-umywalkowa-stojaca\\\/\",\"name\":\"WaschtischStandmischbatterie mit automatischer Ablaufgarnitu - Valvex\",\"isPartOf\":{\"@id\":\"https:\\\/\\\/valvex.com\\\/de\\\/#website\"},\"primaryImageOfPage\":{\"@id\":\"https:\\\/\\\/valvex.com\\\/de\\\/produkt\\\/decor-bateria-umywalkowa-stojaca\\\/#primaryimage\"},\"image\":{\"@id\":\"https:\\\/\\\/valvex.com\\\/de\\\/produkt\\\/decor-bateria-umywalkowa-stojaca\\\/#primaryimage\"},\"thumbnailUrl\":\"https:\\\/\\\/valvex.com\\\/wp-content\\\/uploads\\\/2022\\\/08\\\/VALVEX_2420600_DECOR_umywalka.png\",\"datePublished\":\"2022-08-08T07:26:44+00:00\",\"dateModified\":\"2025-12-12T10:07:00+00:00\",\"breadcrumb\":{\"@id\":\"https:\\\/\\\/valvex.com\\\/de\\\/produkt\\\/decor-bateria-umywalkowa-stojaca\\\/#breadcrumb\"},\"inLanguage\":\"de\",\"potentialAction\":[{\"@type\":\"ReadAction\",\"target\":[\"https:\\\/\\\/valvex.com\\\/de\\\/produkt\\\/decor-bateria-umywalkowa-stojaca\\\/\"]}]},{\"@type\":\"ImageObject\",\"inLanguage\":\"de\",\"@id\":\"https:\\\/\\\/valvex.com\\\/de\\\/produkt\\\/decor-bateria-umywalkowa-stojaca\\\/#primaryimage\",\"url\":\"https:\\\/\\\/valvex.com\\\/wp-content\\\/uploads\\\/2022\\\/08\\\/VALVEX_2420600_DECOR_umywalka.png\",\"contentUrl\":\"https:\\\/\\\/valvex.com\\\/wp-content\\\/uploads\\\/2022\\\/08\\\/VALVEX_2420600_DECOR_umywalka.png\",\"width\":800,\"height\":800},{\"@type\":\"BreadcrumbList\",\"@id\":\"https:\\\/\\\/valvex.com\\\/de\\\/produkt\\\/decor-bateria-umywalkowa-stojaca\\\/#breadcrumb\",\"itemListElement\":[{\"@type\":\"ListItem\",\"position\":1,\"name\":\"Strona g\u0142\u00f3wna\",\"item\":\"https:\\\/\\\/valvex.com\\\/de\\\/\"},{\"@type\":\"ListItem\",\"position\":2,\"name\":\"Badezimmer\",\"item\":\"https:\\\/\\\/valvex.com\\\/de\\\/oferta\\\/badezimmer\\\/\"},{\"@type\":\"ListItem\",\"position\":3,\"name\":\"WaschtischStandmischbatterie mit automatischer Ablaufgarnitu\"}]},{\"@type\":\"WebSite\",\"@id\":\"https:\\\/\\\/valvex.com\\\/de\\\/#website\",\"url\":\"https:\\\/\\\/valvex.com\\\/de\\\/\",\"name\":\"Valvex\",\"description\":\"Hersteller von Sanit\u00e4ranlagen und Armaturen\\n\\n\",\"potentialAction\":[{\"@type\":\"SearchAction\",\"target\":{\"@type\":\"EntryPoint\",\"urlTemplate\":\"https:\\\/\\\/valvex.com\\\/de\\\/?s={search_term_string}\"},\"query-input\":{\"@type\":\"PropertyValueSpecification\",\"valueRequired\":true,\"valueName\":\"search_term_string\"}}],\"inLanguage\":\"de\"}]}<\/script>\n<!-- \/ Yoast SEO plugin. -->","yoast_head_json":{"title":"WaschtischStandmischbatterie mit automatischer Ablaufgarnitu - Valvex","robots":{"index":"index","follow":"follow","max-snippet":"max-snippet:-1","max-image-preview":"max-image-preview:large","max-video-preview":"max-video-preview:-1"},"canonical":"https:\/\/valvex.com\/de\/produkt\/decor-bateria-umywalkowa-stojaca\/","og_locale":"de_DE","og_type":"article","og_title":"WaschtischStandmischbatterie mit automatischer Ablaufgarnitu - Valvex","og_description":"Und das war\u2019s! Es ist sehr einfach und bequem \u2013 und dabei auch noch sparsam! Wasser auf Knopfdruck Die neue Armaturenserie DECOR verbindet modernste technologische L\u00f6sungen und Innovationen mit einem Lebensstil, der von den Grunds\u00e4tzen der nachhaltigen Entwicklung inspiriert ist. Ab jetzt genie\u00dfen Sie Wasser auf eine bequeme, moderne und gleichzeitig verantwortungsvolle Weise. Dank des [&hellip;]","og_url":"https:\/\/valvex.com\/de\/produkt\/decor-bateria-umywalkowa-stojaca\/","og_site_name":"Valvex","article_modified_time":"2025-12-12T10:07:00+00:00","og_image":[{"width":800,"height":800,"url":"https:\/\/valvex.com\/wp-content\/uploads\/2022\/08\/VALVEX_2420600_DECOR_umywalka.png","type":"image\/png"}],"twitter_card":"summary_large_image","twitter_misc":{"Gesch\u00e4tzte Lesezeit":"2 Minuten"},"schema":{"@context":"https:\/\/schema.org","@graph":[{"@type":"WebPage","@id":"https:\/\/valvex.com\/de\/produkt\/decor-bateria-umywalkowa-stojaca\/","url":"https:\/\/valvex.com\/de\/produkt\/decor-bateria-umywalkowa-stojaca\/","name":"WaschtischStandmischbatterie mit automatischer Ablaufgarnitu - Valvex","isPartOf":{"@id":"https:\/\/valvex.com\/de\/#website"},"primaryImageOfPage":{"@id":"https:\/\/valvex.com\/de\/produkt\/decor-bateria-umywalkowa-stojaca\/#primaryimage"},"image":{"@id":"https:\/\/valvex.com\/de\/produkt\/decor-bateria-umywalkowa-stojaca\/#primaryimage"},"thumbnailUrl":"https:\/\/valvex.com\/wp-content\/uploads\/2022\/08\/VALVEX_2420600_DECOR_umywalka.png","datePublished":"2022-08-08T07:26:44+00:00","dateModified":"2025-12-12T10:07:00+00:00","breadcrumb":{"@id":"https:\/\/valvex.com\/de\/produkt\/decor-bateria-umywalkowa-stojaca\/#breadcrumb"},"inLanguage":"de","potentialAction":[{"@type":"ReadAction","target":["https:\/\/valvex.com\/de\/produkt\/decor-bateria-umywalkowa-stojaca\/"]}]},{"@type":"ImageObject","inLanguage":"de","@id":"https:\/\/valvex.com\/de\/produkt\/decor-bateria-umywalkowa-stojaca\/#primaryimage","url":"https:\/\/valvex.com\/wp-content\/uploads\/2022\/08\/VALVEX_2420600_DECOR_umywalka.png","contentUrl":"https:\/\/valvex.com\/wp-content\/uploads\/2022\/08\/VALVEX_2420600_DECOR_umywalka.png","width":800,"height":800},{"@type":"BreadcrumbList","@id":"https:\/\/valvex.com\/de\/produkt\/decor-bateria-umywalkowa-stojaca\/#breadcrumb","itemListElement":[{"@type":"ListItem","position":1,"name":"Strona g\u0142\u00f3wna","item":"https:\/\/valvex.com\/de\/"},{"@type":"ListItem","position":2,"name":"Badezimmer","item":"https:\/\/valvex.com\/de\/oferta\/badezimmer\/"},{"@type":"ListItem","position":3,"name":"WaschtischStandmischbatterie mit automatischer Ablaufgarnitu"}]},{"@type":"WebSite","@id":"https:\/\/valvex.com\/de\/#website","url":"https:\/\/valvex.com\/de\/","name":"Valvex","description":"Hersteller von Sanit\u00e4ranlagen und Armaturen\n\n","potentialAction":[{"@type":"SearchAction","target":{"@type":"EntryPoint","urlTemplate":"https:\/\/valvex.com\/de\/?s={search_term_string}"},"query-input":{"@type":"PropertyValueSpecification","valueRequired":true,"valueName":"search_term_string"}}],"inLanguage":"de"}]}},"_links":{"self":[{"href":"https:\/\/valvex.com\/de\/wp-json\/wp\/v2\/product\/70093","targetHints":{"allow":["GET"]}}],"collection":[{"href":"https:\/\/valvex.com\/de\/wp-json\/wp\/v2\/product"}],"about":[{"href":"https:\/\/valvex.com\/de\/wp-json\/wp\/v2\/types\/product"}],"wp:featuredmedia":[{"embeddable":true,"href":"https:\/\/valvex.com\/de\/wp-json\/wp\/v2\/media\/70095"}],"wp:attachment":[{"href":"https:\/\/valvex.com\/de\/wp-json\/wp\/v2\/media?parent=70093"}],"wp:term":[{"taxonomy":"ikony_produktow","embeddable":true,"href":"https:\/\/valvex.com\/de\/wp-json\/wp\/v2\/ikony_produktow?post=70093"},{"taxonomy":"product_category","embeddable":true,"href":"https:\/\/valvex.com\/de\/wp-json\/wp\/v2\/product_category?post=70093"},{"taxonomy":"product_series","embeddable":true,"href":"https:\/\/valvex.com\/de\/wp-json\/wp\/v2\/product_series?post=70093"},{"taxonomy":"color","embeddable":true,"href":"https:\/\/valvex.com\/de\/wp-json\/wp\/v2\/color?post=70093"}],"curies":[{"name":"wp","href":"https:\/\/api.w.org\/{rel}","templated":true}]}}