{"id":51957,"date":"2021-09-24T15:46:33","date_gmt":"2021-09-24T13:46:33","guid":{"rendered":"http:\/\/valvex.com\/product\/loft-waschtischstandmischbatterie-mit-automatischer-ablaufgarnitur-2\/"},"modified":"2025-12-12T15:30:04","modified_gmt":"2025-12-12T14:30:04","slug":"loft-waschtischstandmischbatterie-mit-automatischer-ablaufgarnitur-51957","status":"publish","type":"product","link":"https:\/\/valvex.com\/de\/produkt\/loft-waschtischstandmischbatterie-mit-automatischer-ablaufgarnitur-51957\/","title":{"rendered":"WaschtischStandmischbatterie mit automatischer Ablaufgarnitur"},"content":{"rendered":"<h3 data-start=\"106\" data-end=\"139\"><strong data-start=\"110\" data-end=\"139\">Design und Funktionalit\u00e4t<\/strong><\/h3>\n<p data-start=\"141\" data-end=\"430\">Die <strong data-start=\"145\" data-end=\"153\">LOFT<\/strong>-Armatur vereint tiefes Schwarz mit einer frischen, minimalistischen Form. Besonders hervorzuheben ist die matte Oberfl\u00e4che, die mit ihrer faszinierenden Struktur \u00fcberzeugt. Neben ihren \u00e4sthetischen Qualit\u00e4ten ist die Armatur mit zahlreichen funktionalen L\u00f6sungen ausgestattet.<\/p>\n<p data-start=\"432\" data-end=\"742\">Der eingesetzte Perlator mit dem <strong data-start=\"465\" data-end=\"477\">LOW-FLOW<\/strong>-System reduziert den Wasserverbrauch auf nur <strong data-start=\"523\" data-end=\"536\">4,5 l\/min<\/strong> und ist sowohl umweltfreundlich als auch schonend f\u00fcr Ihren Geldbeutel. Er senkt die Wasserkosten deutlich, ohne den Nutzungskomfort zu beeintr\u00e4chtigen \u2013 dieser bleibt dank der Strahlbel\u00fcftung unver\u00e4ndert.<\/p>\n<p data-start=\"744\" data-end=\"895\">Die Gummibeschichtung des Perlators (<strong data-start=\"781\" data-end=\"795\">EASY CLEAN<\/strong>) macht ihn widerstandsf\u00e4hig gegen Kalkablagerungen und erleichtert die Reinigung sowie die Wartung.<\/p>\n","protected":false},"featured_media":68313,"template":"","ikony_produktow":[2111,2112,2127,2113,2129,2116],"product_category":[2351,1926,1811,1921],"product_series":[516],"color":[1760],"class_list":["post-51957","product","type-product","status-publish","has-post-thumbnail","hentry","ikony_produktow-25jahregarantie","ikony_produktow-48-stunden-serviceinpolen","ikony_produktow-automatischerclick-clack-ablaufstopfen","ikony_produktow-keramikkartuschede","ikony_produktow-easyclean-de","ikony_produktow-o2-de","product_category-baterie-stojace-de","product_category-waschtischmischer","product_category-badezimmer","product_category-waschbecken","product_series-loft-de","color-chrome"],"acf":[],"yoast_head":"<!-- This site is optimized with the Yoast SEO plugin v27.3 - https:\/\/yoast.com\/product\/yoast-seo-wordpress\/ -->\n<title>WaschtischStandmischbatterie mit automatischer Ablaufgarnitur - Valvex<\/title>\n<meta name=\"robots\" content=\"index, follow, max-snippet:-1, max-image-preview:large, max-video-preview:-1\" \/>\n<link rel=\"canonical\" href=\"https:\/\/valvex.com\/de\/produkt\/loft-waschtischstandmischbatterie-mit-automatischer-ablaufgarnitur-51957\/\" \/>\n<meta property=\"og:locale\" content=\"de_DE\" \/>\n<meta property=\"og:type\" content=\"article\" \/>\n<meta property=\"og:title\" content=\"WaschtischStandmischbatterie mit automatischer Ablaufgarnitur - Valvex\" \/>\n<meta property=\"og:description\" content=\"Design und Funktionalit\u00e4t Die LOFT-Armatur vereint tiefes Schwarz mit einer frischen, minimalistischen Form. Besonders hervorzuheben ist die matte Oberfl\u00e4che, die mit ihrer faszinierenden Struktur \u00fcberzeugt. Neben ihren \u00e4sthetischen Qualit\u00e4ten ist die Armatur mit zahlreichen funktionalen L\u00f6sungen ausgestattet. Der eingesetzte Perlator mit dem LOW-FLOW-System reduziert den Wasserverbrauch auf nur 4,5 l\/min und ist sowohl umweltfreundlich als [&hellip;]\" \/>\n<meta property=\"og:url\" content=\"https:\/\/valvex.com\/de\/produkt\/loft-waschtischstandmischbatterie-mit-automatischer-ablaufgarnitur-51957\/\" \/>\n<meta property=\"og:site_name\" content=\"Valvex\" \/>\n<meta property=\"article:modified_time\" content=\"2025-12-12T14:30:04+00:00\" \/>\n<meta property=\"og:image\" content=\"https:\/\/valvex.com\/wp-content\/uploads\/2021\/09\/VALVEX_2454910_LOFT_umywalka-1.png\" \/>\n\t<meta property=\"og:image:width\" content=\"800\" \/>\n\t<meta property=\"og:image:height\" content=\"800\" \/>\n\t<meta property=\"og:image:type\" content=\"image\/png\" \/>\n<meta name=\"twitter:card\" content=\"summary_large_image\" \/>\n<meta name=\"twitter:label1\" content=\"Gesch\u00e4tzte Lesezeit\" \/>\n\t<meta name=\"twitter:data1\" content=\"1 Minute\" \/>\n<script type=\"application\/ld+json\" class=\"yoast-schema-graph\">{\"@context\":\"https:\\\/\\\/schema.org\",\"@graph\":[{\"@type\":\"WebPage\",\"@id\":\"https:\\\/\\\/valvex.com\\\/de\\\/produkt\\\/loft-waschtischstandmischbatterie-mit-automatischer-ablaufgarnitur-51957\\\/\",\"url\":\"https:\\\/\\\/valvex.com\\\/de\\\/produkt\\\/loft-waschtischstandmischbatterie-mit-automatischer-ablaufgarnitur-51957\\\/\",\"name\":\"WaschtischStandmischbatterie mit automatischer Ablaufgarnitur - Valvex\",\"isPartOf\":{\"@id\":\"https:\\\/\\\/valvex.com\\\/de\\\/#website\"},\"primaryImageOfPage\":{\"@id\":\"https:\\\/\\\/valvex.com\\\/de\\\/produkt\\\/loft-waschtischstandmischbatterie-mit-automatischer-ablaufgarnitur-51957\\\/#primaryimage\"},\"image\":{\"@id\":\"https:\\\/\\\/valvex.com\\\/de\\\/produkt\\\/loft-waschtischstandmischbatterie-mit-automatischer-ablaufgarnitur-51957\\\/#primaryimage\"},\"thumbnailUrl\":\"https:\\\/\\\/valvex.com\\\/wp-content\\\/uploads\\\/2021\\\/09\\\/VALVEX_2454910_LOFT_umywalka-1.png\",\"datePublished\":\"2021-09-24T13:46:33+00:00\",\"dateModified\":\"2025-12-12T14:30:04+00:00\",\"breadcrumb\":{\"@id\":\"https:\\\/\\\/valvex.com\\\/de\\\/produkt\\\/loft-waschtischstandmischbatterie-mit-automatischer-ablaufgarnitur-51957\\\/#breadcrumb\"},\"inLanguage\":\"de\",\"potentialAction\":[{\"@type\":\"ReadAction\",\"target\":[\"https:\\\/\\\/valvex.com\\\/de\\\/produkt\\\/loft-waschtischstandmischbatterie-mit-automatischer-ablaufgarnitur-51957\\\/\"]}]},{\"@type\":\"ImageObject\",\"inLanguage\":\"de\",\"@id\":\"https:\\\/\\\/valvex.com\\\/de\\\/produkt\\\/loft-waschtischstandmischbatterie-mit-automatischer-ablaufgarnitur-51957\\\/#primaryimage\",\"url\":\"https:\\\/\\\/valvex.com\\\/wp-content\\\/uploads\\\/2021\\\/09\\\/VALVEX_2454910_LOFT_umywalka-1.png\",\"contentUrl\":\"https:\\\/\\\/valvex.com\\\/wp-content\\\/uploads\\\/2021\\\/09\\\/VALVEX_2454910_LOFT_umywalka-1.png\",\"width\":800,\"height\":800},{\"@type\":\"BreadcrumbList\",\"@id\":\"https:\\\/\\\/valvex.com\\\/de\\\/produkt\\\/loft-waschtischstandmischbatterie-mit-automatischer-ablaufgarnitur-51957\\\/#breadcrumb\",\"itemListElement\":[{\"@type\":\"ListItem\",\"position\":1,\"name\":\"Strona g\u0142\u00f3wna\",\"item\":\"https:\\\/\\\/valvex.com\\\/de\\\/\"},{\"@type\":\"ListItem\",\"position\":2,\"name\":\"Badezimmer\",\"item\":\"https:\\\/\\\/valvex.com\\\/de\\\/oferta\\\/badezimmer\\\/\"},{\"@type\":\"ListItem\",\"position\":3,\"name\":\"WaschtischStandmischbatterie mit automatischer Ablaufgarnitur\"}]},{\"@type\":\"WebSite\",\"@id\":\"https:\\\/\\\/valvex.com\\\/de\\\/#website\",\"url\":\"https:\\\/\\\/valvex.com\\\/de\\\/\",\"name\":\"Valvex\",\"description\":\"Hersteller von Sanit\u00e4ranlagen und Armaturen\\n\\n\",\"potentialAction\":[{\"@type\":\"SearchAction\",\"target\":{\"@type\":\"EntryPoint\",\"urlTemplate\":\"https:\\\/\\\/valvex.com\\\/de\\\/?s={search_term_string}\"},\"query-input\":{\"@type\":\"PropertyValueSpecification\",\"valueRequired\":true,\"valueName\":\"search_term_string\"}}],\"inLanguage\":\"de\"}]}<\/script>\n<!-- \/ Yoast SEO plugin. -->","yoast_head_json":{"title":"WaschtischStandmischbatterie mit automatischer Ablaufgarnitur - Valvex","robots":{"index":"index","follow":"follow","max-snippet":"max-snippet:-1","max-image-preview":"max-image-preview:large","max-video-preview":"max-video-preview:-1"},"canonical":"https:\/\/valvex.com\/de\/produkt\/loft-waschtischstandmischbatterie-mit-automatischer-ablaufgarnitur-51957\/","og_locale":"de_DE","og_type":"article","og_title":"WaschtischStandmischbatterie mit automatischer Ablaufgarnitur - Valvex","og_description":"Design und Funktionalit\u00e4t Die LOFT-Armatur vereint tiefes Schwarz mit einer frischen, minimalistischen Form. Besonders hervorzuheben ist die matte Oberfl\u00e4che, die mit ihrer faszinierenden Struktur \u00fcberzeugt. Neben ihren \u00e4sthetischen Qualit\u00e4ten ist die Armatur mit zahlreichen funktionalen L\u00f6sungen ausgestattet. Der eingesetzte Perlator mit dem LOW-FLOW-System reduziert den Wasserverbrauch auf nur 4,5 l\/min und ist sowohl umweltfreundlich als [&hellip;]","og_url":"https:\/\/valvex.com\/de\/produkt\/loft-waschtischstandmischbatterie-mit-automatischer-ablaufgarnitur-51957\/","og_site_name":"Valvex","article_modified_time":"2025-12-12T14:30:04+00:00","og_image":[{"width":800,"height":800,"url":"https:\/\/valvex.com\/wp-content\/uploads\/2021\/09\/VALVEX_2454910_LOFT_umywalka-1.png","type":"image\/png"}],"twitter_card":"summary_large_image","twitter_misc":{"Gesch\u00e4tzte Lesezeit":"1 Minute"},"schema":{"@context":"https:\/\/schema.org","@graph":[{"@type":"WebPage","@id":"https:\/\/valvex.com\/de\/produkt\/loft-waschtischstandmischbatterie-mit-automatischer-ablaufgarnitur-51957\/","url":"https:\/\/valvex.com\/de\/produkt\/loft-waschtischstandmischbatterie-mit-automatischer-ablaufgarnitur-51957\/","name":"WaschtischStandmischbatterie mit automatischer Ablaufgarnitur - Valvex","isPartOf":{"@id":"https:\/\/valvex.com\/de\/#website"},"primaryImageOfPage":{"@id":"https:\/\/valvex.com\/de\/produkt\/loft-waschtischstandmischbatterie-mit-automatischer-ablaufgarnitur-51957\/#primaryimage"},"image":{"@id":"https:\/\/valvex.com\/de\/produkt\/loft-waschtischstandmischbatterie-mit-automatischer-ablaufgarnitur-51957\/#primaryimage"},"thumbnailUrl":"https:\/\/valvex.com\/wp-content\/uploads\/2021\/09\/VALVEX_2454910_LOFT_umywalka-1.png","datePublished":"2021-09-24T13:46:33+00:00","dateModified":"2025-12-12T14:30:04+00:00","breadcrumb":{"@id":"https:\/\/valvex.com\/de\/produkt\/loft-waschtischstandmischbatterie-mit-automatischer-ablaufgarnitur-51957\/#breadcrumb"},"inLanguage":"de","potentialAction":[{"@type":"ReadAction","target":["https:\/\/valvex.com\/de\/produkt\/loft-waschtischstandmischbatterie-mit-automatischer-ablaufgarnitur-51957\/"]}]},{"@type":"ImageObject","inLanguage":"de","@id":"https:\/\/valvex.com\/de\/produkt\/loft-waschtischstandmischbatterie-mit-automatischer-ablaufgarnitur-51957\/#primaryimage","url":"https:\/\/valvex.com\/wp-content\/uploads\/2021\/09\/VALVEX_2454910_LOFT_umywalka-1.png","contentUrl":"https:\/\/valvex.com\/wp-content\/uploads\/2021\/09\/VALVEX_2454910_LOFT_umywalka-1.png","width":800,"height":800},{"@type":"BreadcrumbList","@id":"https:\/\/valvex.com\/de\/produkt\/loft-waschtischstandmischbatterie-mit-automatischer-ablaufgarnitur-51957\/#breadcrumb","itemListElement":[{"@type":"ListItem","position":1,"name":"Strona g\u0142\u00f3wna","item":"https:\/\/valvex.com\/de\/"},{"@type":"ListItem","position":2,"name":"Badezimmer","item":"https:\/\/valvex.com\/de\/oferta\/badezimmer\/"},{"@type":"ListItem","position":3,"name":"WaschtischStandmischbatterie mit automatischer Ablaufgarnitur"}]},{"@type":"WebSite","@id":"https:\/\/valvex.com\/de\/#website","url":"https:\/\/valvex.com\/de\/","name":"Valvex","description":"Hersteller von Sanit\u00e4ranlagen und Armaturen\n\n","potentialAction":[{"@type":"SearchAction","target":{"@type":"EntryPoint","urlTemplate":"https:\/\/valvex.com\/de\/?s={search_term_string}"},"query-input":{"@type":"PropertyValueSpecification","valueRequired":true,"valueName":"search_term_string"}}],"inLanguage":"de"}]}},"_links":{"self":[{"href":"https:\/\/valvex.com\/de\/wp-json\/wp\/v2\/product\/51957","targetHints":{"allow":["GET"]}}],"collection":[{"href":"https:\/\/valvex.com\/de\/wp-json\/wp\/v2\/product"}],"about":[{"href":"https:\/\/valvex.com\/de\/wp-json\/wp\/v2\/types\/product"}],"wp:featuredmedia":[{"embeddable":true,"href":"https:\/\/valvex.com\/de\/wp-json\/wp\/v2\/media\/68313"}],"wp:attachment":[{"href":"https:\/\/valvex.com\/de\/wp-json\/wp\/v2\/media?parent=51957"}],"wp:term":[{"taxonomy":"ikony_produktow","embeddable":true,"href":"https:\/\/valvex.com\/de\/wp-json\/wp\/v2\/ikony_produktow?post=51957"},{"taxonomy":"product_category","embeddable":true,"href":"https:\/\/valvex.com\/de\/wp-json\/wp\/v2\/product_category?post=51957"},{"taxonomy":"product_series","embeddable":true,"href":"https:\/\/valvex.com\/de\/wp-json\/wp\/v2\/product_series?post=51957"},{"taxonomy":"color","embeddable":true,"href":"https:\/\/valvex.com\/de\/wp-json\/wp\/v2\/color?post=51957"}],"curies":[{"name":"wp","href":"https:\/\/api.w.org\/{rel}","templated":true}]}}