{"id":51752,"date":"2022-03-03T12:20:03","date_gmt":"2022-03-03T11:20:03","guid":{"rendered":"http:\/\/valvex.com\/product\/loft-gold-waschtisch-standmischbatterier\/"},"modified":"2025-12-12T11:19:50","modified_gmt":"2025-12-12T10:19:50","slug":"loft-waschtisch-standmischbatterier-51752","status":"publish","type":"product","link":"https:\/\/valvex.com\/de\/produkt\/loft-waschtisch-standmischbatterier-51752\/","title":{"rendered":"Waschtisch-Standmischbatterier"},"content":{"rendered":"<h3 data-start=\"94\" data-end=\"140\"><strong data-start=\"98\" data-end=\"140\">LOFT GOLD \u2013 ein Badezimmer voller Gold<\/strong><\/h3>\n<p data-start=\"142\" data-end=\"242\">Eine Armatur, die mit ihrer Farbe begeistert und jede moderne Badezimmereinrichtung perfekt erg\u00e4nzt.<\/p>\n<p data-start=\"244\" data-end=\"526\">Die Armatur ist mit einem Perlator mit dem <strong data-start=\"287\" data-end=\"301\">SAVE MONEY<\/strong>-System ausgestattet, der den Wasserverbrauch auf nur <strong data-start=\"355\" data-end=\"368\">5,7 l\/min<\/strong> reduziert und so die Wasserrechnung deutlich senkt \u2013 ohne Einbu\u00dfen beim Nutzungskomfort. Dank der Bel\u00fcftung des Wasserstrahls bleibt der Komfort unver\u00e4ndert.<\/p>\n<p data-start=\"528\" data-end=\"684\">Die Serie <strong data-start=\"538\" data-end=\"551\">LOFT GOLD<\/strong> zeichnet sich durch eine au\u00dfergew\u00f6hnliche, langlebige goldene Oberfl\u00e4che aus, die mit moderner <strong data-start=\"647\" data-end=\"666\">PVD-Technologie<\/strong> hergestellt wird.<\/p>\n<p data-start=\"686\" data-end=\"879\">Der verstellbare Auslaufwinkel erm\u00f6glicht eine pr\u00e4zise Anpassung des Wasserstrahls an individuelle Bed\u00fcrfnisse. Funktionalit\u00e4t und Komfort vereint in der sch\u00f6nen, kubistischen Form der Armatur.<\/p>\n","protected":false},"featured_media":68448,"template":"","ikony_produktow":[2111,2112,2127,2115,2113,2416,2129,2117,2116],"product_category":[2351,1926,1811,1921],"product_series":[516],"color":[1763],"class_list":["post-51752","product","type-product","status-publish","has-post-thumbnail","hentry","ikony_produktow-25jahregarantie","ikony_produktow-48-stunden-serviceinpolen","ikony_produktow-automatischerclick-clack-ablaufstopfen","ikony_produktow-easyfix-de","ikony_produktow-keramikkartuschede","ikony_produktow-low-flow-system-de","ikony_produktow-easyclean-de","ikony_produktow-save-money-de","ikony_produktow-o2-de","product_category-baterie-stojace-de","product_category-waschtischmischer","product_category-badezimmer","product_category-waschbecken","product_series-loft-de","color-gold"],"acf":[],"yoast_head":"<!-- This site is optimized with the Yoast SEO plugin v27.3 - https:\/\/yoast.com\/product\/yoast-seo-wordpress\/ -->\n<title>Waschtisch-Standmischbatterier - Valvex<\/title>\n<meta name=\"robots\" content=\"index, follow, max-snippet:-1, max-image-preview:large, max-video-preview:-1\" \/>\n<link rel=\"canonical\" href=\"https:\/\/valvex.com\/de\/produkt\/loft-waschtisch-standmischbatterier-51752\/\" \/>\n<meta property=\"og:locale\" content=\"de_DE\" \/>\n<meta property=\"og:type\" content=\"article\" \/>\n<meta property=\"og:title\" content=\"Waschtisch-Standmischbatterier - Valvex\" \/>\n<meta property=\"og:description\" content=\"LOFT GOLD \u2013 ein Badezimmer voller Gold Eine Armatur, die mit ihrer Farbe begeistert und jede moderne Badezimmereinrichtung perfekt erg\u00e4nzt. Die Armatur ist mit einem Perlator mit dem SAVE MONEY-System ausgestattet, der den Wasserverbrauch auf nur 5,7 l\/min reduziert und so die Wasserrechnung deutlich senkt \u2013 ohne Einbu\u00dfen beim Nutzungskomfort. Dank der Bel\u00fcftung des Wasserstrahls [&hellip;]\" \/>\n<meta property=\"og:url\" content=\"https:\/\/valvex.com\/de\/produkt\/loft-waschtisch-standmischbatterier-51752\/\" \/>\n<meta property=\"og:site_name\" content=\"Valvex\" \/>\n<meta property=\"article:modified_time\" content=\"2025-12-12T10:19:50+00:00\" \/>\n<meta property=\"og:image\" content=\"https:\/\/valvex.com\/wp-content\/uploads\/2022\/03\/VALVEX_2455800_LOFT-Gold_umywalka.png\" \/>\n\t<meta property=\"og:image:width\" content=\"800\" \/>\n\t<meta property=\"og:image:height\" content=\"800\" \/>\n\t<meta property=\"og:image:type\" content=\"image\/png\" \/>\n<meta name=\"twitter:card\" content=\"summary_large_image\" \/>\n<meta name=\"twitter:label1\" content=\"Gesch\u00e4tzte Lesezeit\" \/>\n\t<meta name=\"twitter:data1\" content=\"1 Minute\" \/>\n<script type=\"application\/ld+json\" class=\"yoast-schema-graph\">{\"@context\":\"https:\\\/\\\/schema.org\",\"@graph\":[{\"@type\":\"WebPage\",\"@id\":\"https:\\\/\\\/valvex.com\\\/de\\\/produkt\\\/loft-waschtisch-standmischbatterier-51752\\\/\",\"url\":\"https:\\\/\\\/valvex.com\\\/de\\\/produkt\\\/loft-waschtisch-standmischbatterier-51752\\\/\",\"name\":\"Waschtisch-Standmischbatterier - Valvex\",\"isPartOf\":{\"@id\":\"https:\\\/\\\/valvex.com\\\/de\\\/#website\"},\"primaryImageOfPage\":{\"@id\":\"https:\\\/\\\/valvex.com\\\/de\\\/produkt\\\/loft-waschtisch-standmischbatterier-51752\\\/#primaryimage\"},\"image\":{\"@id\":\"https:\\\/\\\/valvex.com\\\/de\\\/produkt\\\/loft-waschtisch-standmischbatterier-51752\\\/#primaryimage\"},\"thumbnailUrl\":\"https:\\\/\\\/valvex.com\\\/wp-content\\\/uploads\\\/2022\\\/03\\\/VALVEX_2455800_LOFT-Gold_umywalka.png\",\"datePublished\":\"2022-03-03T11:20:03+00:00\",\"dateModified\":\"2025-12-12T10:19:50+00:00\",\"breadcrumb\":{\"@id\":\"https:\\\/\\\/valvex.com\\\/de\\\/produkt\\\/loft-waschtisch-standmischbatterier-51752\\\/#breadcrumb\"},\"inLanguage\":\"de\",\"potentialAction\":[{\"@type\":\"ReadAction\",\"target\":[\"https:\\\/\\\/valvex.com\\\/de\\\/produkt\\\/loft-waschtisch-standmischbatterier-51752\\\/\"]}]},{\"@type\":\"ImageObject\",\"inLanguage\":\"de\",\"@id\":\"https:\\\/\\\/valvex.com\\\/de\\\/produkt\\\/loft-waschtisch-standmischbatterier-51752\\\/#primaryimage\",\"url\":\"https:\\\/\\\/valvex.com\\\/wp-content\\\/uploads\\\/2022\\\/03\\\/VALVEX_2455800_LOFT-Gold_umywalka.png\",\"contentUrl\":\"https:\\\/\\\/valvex.com\\\/wp-content\\\/uploads\\\/2022\\\/03\\\/VALVEX_2455800_LOFT-Gold_umywalka.png\",\"width\":800,\"height\":800},{\"@type\":\"BreadcrumbList\",\"@id\":\"https:\\\/\\\/valvex.com\\\/de\\\/produkt\\\/loft-waschtisch-standmischbatterier-51752\\\/#breadcrumb\",\"itemListElement\":[{\"@type\":\"ListItem\",\"position\":1,\"name\":\"Strona g\u0142\u00f3wna\",\"item\":\"https:\\\/\\\/valvex.com\\\/de\\\/\"},{\"@type\":\"ListItem\",\"position\":2,\"name\":\"Badezimmer\",\"item\":\"https:\\\/\\\/valvex.com\\\/de\\\/oferta\\\/badezimmer\\\/\"},{\"@type\":\"ListItem\",\"position\":3,\"name\":\"Waschtisch-Standmischbatterier\"}]},{\"@type\":\"WebSite\",\"@id\":\"https:\\\/\\\/valvex.com\\\/de\\\/#website\",\"url\":\"https:\\\/\\\/valvex.com\\\/de\\\/\",\"name\":\"Valvex\",\"description\":\"Hersteller von Sanit\u00e4ranlagen und Armaturen\\n\\n\",\"potentialAction\":[{\"@type\":\"SearchAction\",\"target\":{\"@type\":\"EntryPoint\",\"urlTemplate\":\"https:\\\/\\\/valvex.com\\\/de\\\/?s={search_term_string}\"},\"query-input\":{\"@type\":\"PropertyValueSpecification\",\"valueRequired\":true,\"valueName\":\"search_term_string\"}}],\"inLanguage\":\"de\"}]}<\/script>\n<!-- \/ Yoast SEO plugin. -->","yoast_head_json":{"title":"Waschtisch-Standmischbatterier - Valvex","robots":{"index":"index","follow":"follow","max-snippet":"max-snippet:-1","max-image-preview":"max-image-preview:large","max-video-preview":"max-video-preview:-1"},"canonical":"https:\/\/valvex.com\/de\/produkt\/loft-waschtisch-standmischbatterier-51752\/","og_locale":"de_DE","og_type":"article","og_title":"Waschtisch-Standmischbatterier - Valvex","og_description":"LOFT GOLD \u2013 ein Badezimmer voller Gold Eine Armatur, die mit ihrer Farbe begeistert und jede moderne Badezimmereinrichtung perfekt erg\u00e4nzt. Die Armatur ist mit einem Perlator mit dem SAVE MONEY-System ausgestattet, der den Wasserverbrauch auf nur 5,7 l\/min reduziert und so die Wasserrechnung deutlich senkt \u2013 ohne Einbu\u00dfen beim Nutzungskomfort. Dank der Bel\u00fcftung des Wasserstrahls [&hellip;]","og_url":"https:\/\/valvex.com\/de\/produkt\/loft-waschtisch-standmischbatterier-51752\/","og_site_name":"Valvex","article_modified_time":"2025-12-12T10:19:50+00:00","og_image":[{"width":800,"height":800,"url":"https:\/\/valvex.com\/wp-content\/uploads\/2022\/03\/VALVEX_2455800_LOFT-Gold_umywalka.png","type":"image\/png"}],"twitter_card":"summary_large_image","twitter_misc":{"Gesch\u00e4tzte Lesezeit":"1 Minute"},"schema":{"@context":"https:\/\/schema.org","@graph":[{"@type":"WebPage","@id":"https:\/\/valvex.com\/de\/produkt\/loft-waschtisch-standmischbatterier-51752\/","url":"https:\/\/valvex.com\/de\/produkt\/loft-waschtisch-standmischbatterier-51752\/","name":"Waschtisch-Standmischbatterier - Valvex","isPartOf":{"@id":"https:\/\/valvex.com\/de\/#website"},"primaryImageOfPage":{"@id":"https:\/\/valvex.com\/de\/produkt\/loft-waschtisch-standmischbatterier-51752\/#primaryimage"},"image":{"@id":"https:\/\/valvex.com\/de\/produkt\/loft-waschtisch-standmischbatterier-51752\/#primaryimage"},"thumbnailUrl":"https:\/\/valvex.com\/wp-content\/uploads\/2022\/03\/VALVEX_2455800_LOFT-Gold_umywalka.png","datePublished":"2022-03-03T11:20:03+00:00","dateModified":"2025-12-12T10:19:50+00:00","breadcrumb":{"@id":"https:\/\/valvex.com\/de\/produkt\/loft-waschtisch-standmischbatterier-51752\/#breadcrumb"},"inLanguage":"de","potentialAction":[{"@type":"ReadAction","target":["https:\/\/valvex.com\/de\/produkt\/loft-waschtisch-standmischbatterier-51752\/"]}]},{"@type":"ImageObject","inLanguage":"de","@id":"https:\/\/valvex.com\/de\/produkt\/loft-waschtisch-standmischbatterier-51752\/#primaryimage","url":"https:\/\/valvex.com\/wp-content\/uploads\/2022\/03\/VALVEX_2455800_LOFT-Gold_umywalka.png","contentUrl":"https:\/\/valvex.com\/wp-content\/uploads\/2022\/03\/VALVEX_2455800_LOFT-Gold_umywalka.png","width":800,"height":800},{"@type":"BreadcrumbList","@id":"https:\/\/valvex.com\/de\/produkt\/loft-waschtisch-standmischbatterier-51752\/#breadcrumb","itemListElement":[{"@type":"ListItem","position":1,"name":"Strona g\u0142\u00f3wna","item":"https:\/\/valvex.com\/de\/"},{"@type":"ListItem","position":2,"name":"Badezimmer","item":"https:\/\/valvex.com\/de\/oferta\/badezimmer\/"},{"@type":"ListItem","position":3,"name":"Waschtisch-Standmischbatterier"}]},{"@type":"WebSite","@id":"https:\/\/valvex.com\/de\/#website","url":"https:\/\/valvex.com\/de\/","name":"Valvex","description":"Hersteller von Sanit\u00e4ranlagen und Armaturen\n\n","potentialAction":[{"@type":"SearchAction","target":{"@type":"EntryPoint","urlTemplate":"https:\/\/valvex.com\/de\/?s={search_term_string}"},"query-input":{"@type":"PropertyValueSpecification","valueRequired":true,"valueName":"search_term_string"}}],"inLanguage":"de"}]}},"_links":{"self":[{"href":"https:\/\/valvex.com\/de\/wp-json\/wp\/v2\/product\/51752","targetHints":{"allow":["GET"]}}],"collection":[{"href":"https:\/\/valvex.com\/de\/wp-json\/wp\/v2\/product"}],"about":[{"href":"https:\/\/valvex.com\/de\/wp-json\/wp\/v2\/types\/product"}],"wp:featuredmedia":[{"embeddable":true,"href":"https:\/\/valvex.com\/de\/wp-json\/wp\/v2\/media\/68448"}],"wp:attachment":[{"href":"https:\/\/valvex.com\/de\/wp-json\/wp\/v2\/media?parent=51752"}],"wp:term":[{"taxonomy":"ikony_produktow","embeddable":true,"href":"https:\/\/valvex.com\/de\/wp-json\/wp\/v2\/ikony_produktow?post=51752"},{"taxonomy":"product_category","embeddable":true,"href":"https:\/\/valvex.com\/de\/wp-json\/wp\/v2\/product_category?post=51752"},{"taxonomy":"product_series","embeddable":true,"href":"https:\/\/valvex.com\/de\/wp-json\/wp\/v2\/product_series?post=51752"},{"taxonomy":"color","embeddable":true,"href":"https:\/\/valvex.com\/de\/wp-json\/wp\/v2\/color?post=51752"}],"curies":[{"name":"wp","href":"https:\/\/api.w.org\/{rel}","templated":true}]}}