{"id":49668,"date":"2021-02-05T16:50:58","date_gmt":"2021-02-05T15:50:58","guid":{"rendered":"http:\/\/valvex.com\/product\/onyx-kugelhahn-voller-durchgang-mit-drossel-mit-halbverschraubung-mit-alu-fluegelgriff-mai-vernickelt\/"},"modified":"2026-02-25T13:20:50","modified_gmt":"2026-02-25T12:20:50","slug":"onyx-kugelhahn-voller-durchgang-mit-drossel-mit-halbverschraubung-mit-alu-fluegelgriff-mai-49668","status":"publish","type":"product","link":"https:\/\/valvex.com\/de\/produkt\/onyx-kugelhahn-voller-durchgang-mit-drossel-mit-halbverschraubung-mit-alu-fluegelgriff-mai-49668\/","title":{"rendered":"Kugelhahn, voller Durchgang, mit Drossel, mit Halbverschraubung, mit Alu-Fl\u00fcgelgriff (MAI)"},"content":{"rendered":"<h3 data-start=\"132\" data-end=\"161\"><strong data-start=\"136\" data-end=\"161\">Produkteigenschaften:<\/strong><\/h3>\n<ul data-start=\"162\" data-end=\"579\">\n<li data-start=\"162\" data-end=\"190\">\n<p data-start=\"164\" data-end=\"190\">Hohe Ventilbest\u00e4ndigkeit<\/p>\n<\/li>\n<li data-start=\"191\" data-end=\"253\">\n<p data-start=\"193\" data-end=\"253\">Dichtungssicherung \u2013 eine einzigartige konstruktive L\u00f6sung<\/p>\n<\/li>\n<li data-start=\"254\" data-end=\"293\">\n<p data-start=\"256\" data-end=\"293\">Ergonomischer Aluminium-Fl\u00fcgelgriff<\/p>\n<\/li>\n<li data-start=\"294\" data-end=\"342\">\n<p data-start=\"296\" data-end=\"342\">Geeignet f\u00fcr den Einsatz in Druckluftanlagen<\/p>\n<\/li>\n<li data-start=\"343\" data-end=\"392\">\n<p data-start=\"345\" data-end=\"392\">Geeignet f\u00fcr den Einsatz in Kaltwasseranlagen<\/p>\n<\/li>\n<li data-start=\"393\" data-end=\"436\">\n<p data-start=\"395\" data-end=\"436\">Antiallergisches <strong data-start=\"412\" data-end=\"427\">NICKEL-FREE<\/strong>-System<\/p>\n<\/li>\n<li data-start=\"437\" data-end=\"460\">\n<p data-start=\"439\" data-end=\"460\">Nenndruck <strong data-start=\"449\" data-end=\"458\">PN 40<\/strong><\/p>\n<\/li>\n<li data-start=\"461\" data-end=\"503\">\n<p data-start=\"463\" data-end=\"503\">Maximale Betriebstemperatur: <strong data-start=\"492\" data-end=\"501\">180\u00b0C<\/strong><\/p>\n<\/li>\n<li data-start=\"504\" data-end=\"546\">\n<p data-start=\"506\" data-end=\"546\">Minimale Betriebstemperatur: <strong data-start=\"535\" data-end=\"544\">\u201320\u00b0C<\/strong><\/p>\n<\/li>\n<li data-start=\"547\" data-end=\"579\">\n<p data-start=\"549\" data-end=\"579\">Geh\u00e4use aus <strong data-start=\"561\" data-end=\"579\">CW617N-Messing<\/strong><\/p>\n<\/li>\n<\/ul>\n<p data-start=\"581\" data-end=\"658\">Der angegebene Preis gilt f\u00fcr das Produkt in der kleinsten verf\u00fcgbaren Gr\u00f6\u00dfe.<\/p>\n","protected":false},"featured_media":72795,"template":"","ikony_produktow":[2111,2236,2391,2428,2378,2223,2255],"product_category":[234,240,245],"product_series":[839],"color":[],"class_list":["post-49668","product","type-product","status-publish","has-post-thumbnail","hentry","ikony_produktow-25jahregarantie","ikony_produktow-compressedair-de","ikony_produktow-fursolaranlagen","ikony_produktow-180c-de","ikony_produktow-pn40de","ikony_produktow-nickelfree-de","ikony_produktow-glycol-de","product_category-anlagenbereich","product_category-wasseranlagensysteme","product_category-kugelhahne","product_series-onyx-de"],"acf":[],"yoast_head":"<!-- This site is optimized with the Yoast SEO plugin v27.3 - https:\/\/yoast.com\/product\/yoast-seo-wordpress\/ -->\n<title>Kugelhahn, voller Durchgang, mit Drossel, mit Halbverschraubung, mit Alu-Fl\u00fcgelgriff (MAI) - Valvex<\/title>\n<meta name=\"robots\" content=\"index, follow, max-snippet:-1, max-image-preview:large, max-video-preview:-1\" \/>\n<link rel=\"canonical\" href=\"https:\/\/valvex.com\/de\/produkt\/onyx-kugelhahn-voller-durchgang-mit-drossel-mit-halbverschraubung-mit-alu-fluegelgriff-mai-49668\/\" \/>\n<meta property=\"og:locale\" content=\"de_DE\" \/>\n<meta property=\"og:type\" content=\"article\" \/>\n<meta property=\"og:title\" content=\"Kugelhahn, voller Durchgang, mit Drossel, mit Halbverschraubung, mit Alu-Fl\u00fcgelgriff (MAI) - Valvex\" \/>\n<meta property=\"og:description\" content=\"Produkteigenschaften: Hohe Ventilbest\u00e4ndigkeit Dichtungssicherung \u2013 eine einzigartige konstruktive L\u00f6sung Ergonomischer Aluminium-Fl\u00fcgelgriff Geeignet f\u00fcr den Einsatz in Druckluftanlagen Geeignet f\u00fcr den Einsatz in Kaltwasseranlagen Antiallergisches NICKEL-FREE-System Nenndruck PN 40 Maximale Betriebstemperatur: 180\u00b0C Minimale Betriebstemperatur: \u201320\u00b0C Geh\u00e4use aus CW617N-Messing Der angegebene Preis gilt f\u00fcr das Produkt in der kleinsten verf\u00fcgbaren Gr\u00f6\u00dfe.\" \/>\n<meta property=\"og:url\" content=\"https:\/\/valvex.com\/de\/produkt\/onyx-kugelhahn-voller-durchgang-mit-drossel-mit-halbverschraubung-mit-alu-fluegelgriff-mai-49668\/\" \/>\n<meta property=\"og:site_name\" content=\"Valvex\" \/>\n<meta property=\"article:modified_time\" content=\"2026-02-25T12:20:50+00:00\" \/>\n<meta property=\"og:image\" content=\"https:\/\/valvex.com\/wp-content\/uploads\/2022\/03\/1452440.jpg\" \/>\n\t<meta property=\"og:image:width\" content=\"650\" \/>\n\t<meta property=\"og:image:height\" content=\"415\" \/>\n\t<meta property=\"og:image:type\" content=\"image\/jpeg\" \/>\n<meta name=\"twitter:card\" content=\"summary_large_image\" \/>\n<meta name=\"twitter:label1\" content=\"Gesch\u00e4tzte Lesezeit\" \/>\n\t<meta name=\"twitter:data1\" content=\"1 Minute\" \/>\n<script type=\"application\/ld+json\" class=\"yoast-schema-graph\">{\"@context\":\"https:\\\/\\\/schema.org\",\"@graph\":[{\"@type\":\"WebPage\",\"@id\":\"https:\\\/\\\/valvex.com\\\/de\\\/produkt\\\/onyx-kugelhahn-voller-durchgang-mit-drossel-mit-halbverschraubung-mit-alu-fluegelgriff-mai-49668\\\/\",\"url\":\"https:\\\/\\\/valvex.com\\\/de\\\/produkt\\\/onyx-kugelhahn-voller-durchgang-mit-drossel-mit-halbverschraubung-mit-alu-fluegelgriff-mai-49668\\\/\",\"name\":\"Kugelhahn, voller Durchgang, mit Drossel, mit Halbverschraubung, mit Alu-Fl\u00fcgelgriff (MAI) - Valvex\",\"isPartOf\":{\"@id\":\"https:\\\/\\\/valvex.com\\\/de\\\/#website\"},\"primaryImageOfPage\":{\"@id\":\"https:\\\/\\\/valvex.com\\\/de\\\/produkt\\\/onyx-kugelhahn-voller-durchgang-mit-drossel-mit-halbverschraubung-mit-alu-fluegelgriff-mai-49668\\\/#primaryimage\"},\"image\":{\"@id\":\"https:\\\/\\\/valvex.com\\\/de\\\/produkt\\\/onyx-kugelhahn-voller-durchgang-mit-drossel-mit-halbverschraubung-mit-alu-fluegelgriff-mai-49668\\\/#primaryimage\"},\"thumbnailUrl\":\"https:\\\/\\\/valvex.com\\\/wp-content\\\/uploads\\\/2022\\\/03\\\/1452440.jpg\",\"datePublished\":\"2021-02-05T15:50:58+00:00\",\"dateModified\":\"2026-02-25T12:20:50+00:00\",\"breadcrumb\":{\"@id\":\"https:\\\/\\\/valvex.com\\\/de\\\/produkt\\\/onyx-kugelhahn-voller-durchgang-mit-drossel-mit-halbverschraubung-mit-alu-fluegelgriff-mai-49668\\\/#breadcrumb\"},\"inLanguage\":\"de\",\"potentialAction\":[{\"@type\":\"ReadAction\",\"target\":[\"https:\\\/\\\/valvex.com\\\/de\\\/produkt\\\/onyx-kugelhahn-voller-durchgang-mit-drossel-mit-halbverschraubung-mit-alu-fluegelgriff-mai-49668\\\/\"]}]},{\"@type\":\"ImageObject\",\"inLanguage\":\"de\",\"@id\":\"https:\\\/\\\/valvex.com\\\/de\\\/produkt\\\/onyx-kugelhahn-voller-durchgang-mit-drossel-mit-halbverschraubung-mit-alu-fluegelgriff-mai-49668\\\/#primaryimage\",\"url\":\"https:\\\/\\\/valvex.com\\\/wp-content\\\/uploads\\\/2022\\\/03\\\/1452440.jpg\",\"contentUrl\":\"https:\\\/\\\/valvex.com\\\/wp-content\\\/uploads\\\/2022\\\/03\\\/1452440.jpg\",\"width\":650,\"height\":415},{\"@type\":\"BreadcrumbList\",\"@id\":\"https:\\\/\\\/valvex.com\\\/de\\\/produkt\\\/onyx-kugelhahn-voller-durchgang-mit-drossel-mit-halbverschraubung-mit-alu-fluegelgriff-mai-49668\\\/#breadcrumb\",\"itemListElement\":[{\"@type\":\"ListItem\",\"position\":1,\"name\":\"Strona g\u0142\u00f3wna\",\"item\":\"https:\\\/\\\/valvex.com\\\/de\\\/\"},{\"@type\":\"ListItem\",\"position\":2,\"name\":\"Anlagenbereich\",\"item\":\"https:\\\/\\\/valvex.com\\\/de\\\/oferta\\\/anlagenbereich\\\/\"},{\"@type\":\"ListItem\",\"position\":3,\"name\":\"Kugelhahn, voller Durchgang, mit Drossel, mit Halbverschraubung, mit Alu-Fl\u00fcgelgriff (MAI)\"}]},{\"@type\":\"WebSite\",\"@id\":\"https:\\\/\\\/valvex.com\\\/de\\\/#website\",\"url\":\"https:\\\/\\\/valvex.com\\\/de\\\/\",\"name\":\"Valvex\",\"description\":\"Hersteller von Sanit\u00e4ranlagen und Armaturen\\n\\n\",\"potentialAction\":[{\"@type\":\"SearchAction\",\"target\":{\"@type\":\"EntryPoint\",\"urlTemplate\":\"https:\\\/\\\/valvex.com\\\/de\\\/?s={search_term_string}\"},\"query-input\":{\"@type\":\"PropertyValueSpecification\",\"valueRequired\":true,\"valueName\":\"search_term_string\"}}],\"inLanguage\":\"de\"}]}<\/script>\n<!-- \/ Yoast SEO plugin. -->","yoast_head_json":{"title":"Kugelhahn, voller Durchgang, mit Drossel, mit Halbverschraubung, mit Alu-Fl\u00fcgelgriff (MAI) - Valvex","robots":{"index":"index","follow":"follow","max-snippet":"max-snippet:-1","max-image-preview":"max-image-preview:large","max-video-preview":"max-video-preview:-1"},"canonical":"https:\/\/valvex.com\/de\/produkt\/onyx-kugelhahn-voller-durchgang-mit-drossel-mit-halbverschraubung-mit-alu-fluegelgriff-mai-49668\/","og_locale":"de_DE","og_type":"article","og_title":"Kugelhahn, voller Durchgang, mit Drossel, mit Halbverschraubung, mit Alu-Fl\u00fcgelgriff (MAI) - Valvex","og_description":"Produkteigenschaften: Hohe Ventilbest\u00e4ndigkeit Dichtungssicherung \u2013 eine einzigartige konstruktive L\u00f6sung Ergonomischer Aluminium-Fl\u00fcgelgriff Geeignet f\u00fcr den Einsatz in Druckluftanlagen Geeignet f\u00fcr den Einsatz in Kaltwasseranlagen Antiallergisches NICKEL-FREE-System Nenndruck PN 40 Maximale Betriebstemperatur: 180\u00b0C Minimale Betriebstemperatur: \u201320\u00b0C Geh\u00e4use aus CW617N-Messing Der angegebene Preis gilt f\u00fcr das Produkt in der kleinsten verf\u00fcgbaren Gr\u00f6\u00dfe.","og_url":"https:\/\/valvex.com\/de\/produkt\/onyx-kugelhahn-voller-durchgang-mit-drossel-mit-halbverschraubung-mit-alu-fluegelgriff-mai-49668\/","og_site_name":"Valvex","article_modified_time":"2026-02-25T12:20:50+00:00","og_image":[{"width":650,"height":415,"url":"https:\/\/valvex.com\/wp-content\/uploads\/2022\/03\/1452440.jpg","type":"image\/jpeg"}],"twitter_card":"summary_large_image","twitter_misc":{"Gesch\u00e4tzte Lesezeit":"1 Minute"},"schema":{"@context":"https:\/\/schema.org","@graph":[{"@type":"WebPage","@id":"https:\/\/valvex.com\/de\/produkt\/onyx-kugelhahn-voller-durchgang-mit-drossel-mit-halbverschraubung-mit-alu-fluegelgriff-mai-49668\/","url":"https:\/\/valvex.com\/de\/produkt\/onyx-kugelhahn-voller-durchgang-mit-drossel-mit-halbverschraubung-mit-alu-fluegelgriff-mai-49668\/","name":"Kugelhahn, voller Durchgang, mit Drossel, mit Halbverschraubung, mit Alu-Fl\u00fcgelgriff (MAI) - Valvex","isPartOf":{"@id":"https:\/\/valvex.com\/de\/#website"},"primaryImageOfPage":{"@id":"https:\/\/valvex.com\/de\/produkt\/onyx-kugelhahn-voller-durchgang-mit-drossel-mit-halbverschraubung-mit-alu-fluegelgriff-mai-49668\/#primaryimage"},"image":{"@id":"https:\/\/valvex.com\/de\/produkt\/onyx-kugelhahn-voller-durchgang-mit-drossel-mit-halbverschraubung-mit-alu-fluegelgriff-mai-49668\/#primaryimage"},"thumbnailUrl":"https:\/\/valvex.com\/wp-content\/uploads\/2022\/03\/1452440.jpg","datePublished":"2021-02-05T15:50:58+00:00","dateModified":"2026-02-25T12:20:50+00:00","breadcrumb":{"@id":"https:\/\/valvex.com\/de\/produkt\/onyx-kugelhahn-voller-durchgang-mit-drossel-mit-halbverschraubung-mit-alu-fluegelgriff-mai-49668\/#breadcrumb"},"inLanguage":"de","potentialAction":[{"@type":"ReadAction","target":["https:\/\/valvex.com\/de\/produkt\/onyx-kugelhahn-voller-durchgang-mit-drossel-mit-halbverschraubung-mit-alu-fluegelgriff-mai-49668\/"]}]},{"@type":"ImageObject","inLanguage":"de","@id":"https:\/\/valvex.com\/de\/produkt\/onyx-kugelhahn-voller-durchgang-mit-drossel-mit-halbverschraubung-mit-alu-fluegelgriff-mai-49668\/#primaryimage","url":"https:\/\/valvex.com\/wp-content\/uploads\/2022\/03\/1452440.jpg","contentUrl":"https:\/\/valvex.com\/wp-content\/uploads\/2022\/03\/1452440.jpg","width":650,"height":415},{"@type":"BreadcrumbList","@id":"https:\/\/valvex.com\/de\/produkt\/onyx-kugelhahn-voller-durchgang-mit-drossel-mit-halbverschraubung-mit-alu-fluegelgriff-mai-49668\/#breadcrumb","itemListElement":[{"@type":"ListItem","position":1,"name":"Strona g\u0142\u00f3wna","item":"https:\/\/valvex.com\/de\/"},{"@type":"ListItem","position":2,"name":"Anlagenbereich","item":"https:\/\/valvex.com\/de\/oferta\/anlagenbereich\/"},{"@type":"ListItem","position":3,"name":"Kugelhahn, voller Durchgang, mit Drossel, mit Halbverschraubung, mit Alu-Fl\u00fcgelgriff (MAI)"}]},{"@type":"WebSite","@id":"https:\/\/valvex.com\/de\/#website","url":"https:\/\/valvex.com\/de\/","name":"Valvex","description":"Hersteller von Sanit\u00e4ranlagen und Armaturen\n\n","potentialAction":[{"@type":"SearchAction","target":{"@type":"EntryPoint","urlTemplate":"https:\/\/valvex.com\/de\/?s={search_term_string}"},"query-input":{"@type":"PropertyValueSpecification","valueRequired":true,"valueName":"search_term_string"}}],"inLanguage":"de"}]}},"_links":{"self":[{"href":"https:\/\/valvex.com\/de\/wp-json\/wp\/v2\/product\/49668","targetHints":{"allow":["GET"]}}],"collection":[{"href":"https:\/\/valvex.com\/de\/wp-json\/wp\/v2\/product"}],"about":[{"href":"https:\/\/valvex.com\/de\/wp-json\/wp\/v2\/types\/product"}],"wp:featuredmedia":[{"embeddable":true,"href":"https:\/\/valvex.com\/de\/wp-json\/wp\/v2\/media\/72795"}],"wp:attachment":[{"href":"https:\/\/valvex.com\/de\/wp-json\/wp\/v2\/media?parent=49668"}],"wp:term":[{"taxonomy":"ikony_produktow","embeddable":true,"href":"https:\/\/valvex.com\/de\/wp-json\/wp\/v2\/ikony_produktow?post=49668"},{"taxonomy":"product_category","embeddable":true,"href":"https:\/\/valvex.com\/de\/wp-json\/wp\/v2\/product_category?post=49668"},{"taxonomy":"product_series","embeddable":true,"href":"https:\/\/valvex.com\/de\/wp-json\/wp\/v2\/product_series?post=49668"},{"taxonomy":"color","embeddable":true,"href":"https:\/\/valvex.com\/de\/wp-json\/wp\/v2\/color?post=49668"}],"curies":[{"name":"wp","href":"https:\/\/api.w.org\/{rel}","templated":true}]}}