{"id":49248,"date":"2019-07-01T18:26:55","date_gmt":"2019-07-01T16:26:55","guid":{"rendered":"http:\/\/valvex.com\/product\/vera-punkt-duschsatz-mit-3-funktionen\/"},"modified":"2025-05-23T10:36:09","modified_gmt":"2025-05-23T08:36:09","slug":"vera-punkt-duschsatz-mit-3-funktionen-49248","status":"publish","type":"product","link":"https:\/\/valvex.com\/de\/produkt\/vera-punkt-duschsatz-mit-3-funktionen-49248\/","title":{"rendered":"Punkt-Duschsatz mit 3-Funktionen"},"content":{"rendered":"<h3>VERA Punkt-Duschsatz mit 3-Funktionen<\/h3>\n<p style=\"text-align: justify;\">Das VERA Punktduschset bewehrt sich hervorragend als Badewannen-Batterie Accessoire. Es kann auch mit einer Dusch-Batterie verbunden werden und die Duschkabine ausstatten. Das Hauptelement des Sets ist der Multifunktionsduschkopf, der es erm\u00f6glicht einen von 3 Wasserstrahlen zu w\u00e4hlen.<\/p>\n<p>&nbsp;<\/p>\n<table style=\"border-color: #ffffff; background-color: #ffffff;\">\n<tbody>\n<tr>\n<td style=\"width: 70px; border-color: #ffffff;\"><img decoding=\"async\" class=\" aligncenter\" src=\"http:\/\/valvex.com\/content\/themes\/valvex\/assets\/img\/product-icons\/normalstream.png\" alt=\"strumie\u0144 normalny\" \/><\/td>\n<td style=\"border-color: #ffffff;\"><strong>Der normale Strahl (normal stream) <\/strong>\u2013 Standard, erfrischend, ideal f\u00fcr die morgendliche Dusche.<\/td>\n<\/tr>\n<tr style=\"width: 70px;\">\n<td style=\"border-color: #ffffff;\"><img decoding=\"async\" class=\" aligncenter\" src=\"http:\/\/valvex.com\/content\/themes\/valvex\/assets\/img\/product-icons\/massagestream.png\" alt=\"strumie\u0144 masuj\u0105cy\" \/><\/td>\n<td style=\"border-color: #ffffff;\"><strong>Der Massage-Strahl (massage stream)\u00a0<\/strong>\u2013 intensiver, starker Wasserstrahl, hervorragende Wahl f\u00fcr eine entspannende Dusche nach dem Training oder anderer k\u00f6rperlicher Anstrengung; lockert die m\u00fcden Muskeln, hilft beim Cellulitis bek\u00e4mpfen.<\/td>\n<\/tr>\n<tr style=\"width: 70px;\">\n<td style=\"border-color: #ffffff;\"><img decoding=\"async\" class=\" aligncenter\" src=\"http:\/\/valvex.com\/content\/themes\/valvex\/assets\/img\/product-icons\/mixedstream.png\" alt=\"strumie\u0144 mieszany\" \/><\/td>\n<td style=\"border-color: #ffffff;\"><strong>Der gemischte Strahl (mixed stream)<\/strong>\u00a0\u2013die Verbindung des normalen Strahles mit einem der weiteren: Sprudel, Massage- oder dem Regen Strahl.<\/td>\n<\/tr>\n<\/tbody>\n<\/table>\n","protected":false},"featured_media":72994,"template":"","ikony_produktow":[2134,2204,2112,2163,2416,2214,2205,2129],"product_category":[2334,2297,1811,1896],"product_series":[677],"color":[],"class_list":["post-49248","product","type-product","status-publish","has-post-thumbnail","hentry","ikony_produktow-2jahregarantie","ikony_produktow-3-funktions-handbrause","ikony_produktow-48-stunden-serviceinpolen","ikony_produktow-handbrause-im-set-enthalten","ikony_produktow-low-flow-system-de","ikony_produktow-massagestream-de","ikony_produktow-normalstream-de","ikony_produktow-easyclean-de","product_category-zestawy-natryskowe-2-de","product_category-duschsets","product_category-badezimmer","product_category-dusche","product_series-vera-de"],"acf":[],"yoast_head":"<!-- This site is optimized with the Yoast SEO plugin v27.3 - https:\/\/yoast.com\/product\/yoast-seo-wordpress\/ -->\n<title>Punkt-Duschsatz mit 3-Funktionen - Valvex<\/title>\n<meta name=\"robots\" content=\"index, follow, max-snippet:-1, max-image-preview:large, max-video-preview:-1\" \/>\n<link rel=\"canonical\" href=\"https:\/\/valvex.com\/de\/produkt\/vera-punkt-duschsatz-mit-3-funktionen-49248\/\" \/>\n<meta property=\"og:locale\" content=\"de_DE\" \/>\n<meta property=\"og:type\" content=\"article\" \/>\n<meta property=\"og:title\" content=\"Punkt-Duschsatz mit 3-Funktionen - Valvex\" \/>\n<meta property=\"og:description\" content=\"VERA Punkt-Duschsatz mit 3-Funktionen Das VERA Punktduschset bewehrt sich hervorragend als Badewannen-Batterie Accessoire. Es kann auch mit einer Dusch-Batterie verbunden werden und die Duschkabine ausstatten. Das Hauptelement des Sets ist der Multifunktionsduschkopf, der es erm\u00f6glicht einen von 3 Wasserstrahlen zu w\u00e4hlen. &nbsp; Der normale Strahl (normal stream) \u2013 Standard, erfrischend, ideal f\u00fcr die morgendliche Dusche. [&hellip;]\" \/>\n<meta property=\"og:url\" content=\"https:\/\/valvex.com\/de\/produkt\/vera-punkt-duschsatz-mit-3-funktionen-49248\/\" \/>\n<meta property=\"og:site_name\" content=\"Valvex\" \/>\n<meta property=\"article:modified_time\" content=\"2025-05-23T08:36:09+00:00\" \/>\n<meta property=\"og:image\" content=\"https:\/\/valvex.com\/wp-content\/uploads\/2022\/03\/2449550.jpg\" \/>\n\t<meta property=\"og:image:width\" content=\"650\" \/>\n\t<meta property=\"og:image:height\" content=\"415\" \/>\n\t<meta property=\"og:image:type\" content=\"image\/jpeg\" \/>\n<meta name=\"twitter:card\" content=\"summary_large_image\" \/>\n<meta name=\"twitter:label1\" content=\"Gesch\u00e4tzte Lesezeit\" \/>\n\t<meta name=\"twitter:data1\" content=\"2 Minuten\" \/>\n<script type=\"application\/ld+json\" class=\"yoast-schema-graph\">{\"@context\":\"https:\\\/\\\/schema.org\",\"@graph\":[{\"@type\":\"WebPage\",\"@id\":\"https:\\\/\\\/valvex.com\\\/de\\\/produkt\\\/vera-punkt-duschsatz-mit-3-funktionen-49248\\\/\",\"url\":\"https:\\\/\\\/valvex.com\\\/de\\\/produkt\\\/vera-punkt-duschsatz-mit-3-funktionen-49248\\\/\",\"name\":\"Punkt-Duschsatz mit 3-Funktionen - Valvex\",\"isPartOf\":{\"@id\":\"https:\\\/\\\/valvex.com\\\/de\\\/#website\"},\"primaryImageOfPage\":{\"@id\":\"https:\\\/\\\/valvex.com\\\/de\\\/produkt\\\/vera-punkt-duschsatz-mit-3-funktionen-49248\\\/#primaryimage\"},\"image\":{\"@id\":\"https:\\\/\\\/valvex.com\\\/de\\\/produkt\\\/vera-punkt-duschsatz-mit-3-funktionen-49248\\\/#primaryimage\"},\"thumbnailUrl\":\"https:\\\/\\\/valvex.com\\\/wp-content\\\/uploads\\\/2022\\\/03\\\/2449550.jpg\",\"datePublished\":\"2019-07-01T16:26:55+00:00\",\"dateModified\":\"2025-05-23T08:36:09+00:00\",\"breadcrumb\":{\"@id\":\"https:\\\/\\\/valvex.com\\\/de\\\/produkt\\\/vera-punkt-duschsatz-mit-3-funktionen-49248\\\/#breadcrumb\"},\"inLanguage\":\"de\",\"potentialAction\":[{\"@type\":\"ReadAction\",\"target\":[\"https:\\\/\\\/valvex.com\\\/de\\\/produkt\\\/vera-punkt-duschsatz-mit-3-funktionen-49248\\\/\"]}]},{\"@type\":\"ImageObject\",\"inLanguage\":\"de\",\"@id\":\"https:\\\/\\\/valvex.com\\\/de\\\/produkt\\\/vera-punkt-duschsatz-mit-3-funktionen-49248\\\/#primaryimage\",\"url\":\"https:\\\/\\\/valvex.com\\\/wp-content\\\/uploads\\\/2022\\\/03\\\/2449550.jpg\",\"contentUrl\":\"https:\\\/\\\/valvex.com\\\/wp-content\\\/uploads\\\/2022\\\/03\\\/2449550.jpg\",\"width\":650,\"height\":415},{\"@type\":\"BreadcrumbList\",\"@id\":\"https:\\\/\\\/valvex.com\\\/de\\\/produkt\\\/vera-punkt-duschsatz-mit-3-funktionen-49248\\\/#breadcrumb\",\"itemListElement\":[{\"@type\":\"ListItem\",\"position\":1,\"name\":\"Strona g\u0142\u00f3wna\",\"item\":\"https:\\\/\\\/valvex.com\\\/de\\\/\"},{\"@type\":\"ListItem\",\"position\":2,\"name\":\"Badezimmer\",\"item\":\"https:\\\/\\\/valvex.com\\\/de\\\/oferta\\\/badezimmer\\\/\"},{\"@type\":\"ListItem\",\"position\":3,\"name\":\"Punkt-Duschsatz mit 3-Funktionen\"}]},{\"@type\":\"WebSite\",\"@id\":\"https:\\\/\\\/valvex.com\\\/de\\\/#website\",\"url\":\"https:\\\/\\\/valvex.com\\\/de\\\/\",\"name\":\"Valvex\",\"description\":\"Hersteller von Sanit\u00e4ranlagen und Armaturen\\n\\n\",\"potentialAction\":[{\"@type\":\"SearchAction\",\"target\":{\"@type\":\"EntryPoint\",\"urlTemplate\":\"https:\\\/\\\/valvex.com\\\/de\\\/?s={search_term_string}\"},\"query-input\":{\"@type\":\"PropertyValueSpecification\",\"valueRequired\":true,\"valueName\":\"search_term_string\"}}],\"inLanguage\":\"de\"}]}<\/script>\n<!-- \/ Yoast SEO plugin. -->","yoast_head_json":{"title":"Punkt-Duschsatz mit 3-Funktionen - Valvex","robots":{"index":"index","follow":"follow","max-snippet":"max-snippet:-1","max-image-preview":"max-image-preview:large","max-video-preview":"max-video-preview:-1"},"canonical":"https:\/\/valvex.com\/de\/produkt\/vera-punkt-duschsatz-mit-3-funktionen-49248\/","og_locale":"de_DE","og_type":"article","og_title":"Punkt-Duschsatz mit 3-Funktionen - Valvex","og_description":"VERA Punkt-Duschsatz mit 3-Funktionen Das VERA Punktduschset bewehrt sich hervorragend als Badewannen-Batterie Accessoire. Es kann auch mit einer Dusch-Batterie verbunden werden und die Duschkabine ausstatten. Das Hauptelement des Sets ist der Multifunktionsduschkopf, der es erm\u00f6glicht einen von 3 Wasserstrahlen zu w\u00e4hlen. &nbsp; Der normale Strahl (normal stream) \u2013 Standard, erfrischend, ideal f\u00fcr die morgendliche Dusche. [&hellip;]","og_url":"https:\/\/valvex.com\/de\/produkt\/vera-punkt-duschsatz-mit-3-funktionen-49248\/","og_site_name":"Valvex","article_modified_time":"2025-05-23T08:36:09+00:00","og_image":[{"width":650,"height":415,"url":"https:\/\/valvex.com\/wp-content\/uploads\/2022\/03\/2449550.jpg","type":"image\/jpeg"}],"twitter_card":"summary_large_image","twitter_misc":{"Gesch\u00e4tzte Lesezeit":"2 Minuten"},"schema":{"@context":"https:\/\/schema.org","@graph":[{"@type":"WebPage","@id":"https:\/\/valvex.com\/de\/produkt\/vera-punkt-duschsatz-mit-3-funktionen-49248\/","url":"https:\/\/valvex.com\/de\/produkt\/vera-punkt-duschsatz-mit-3-funktionen-49248\/","name":"Punkt-Duschsatz mit 3-Funktionen - Valvex","isPartOf":{"@id":"https:\/\/valvex.com\/de\/#website"},"primaryImageOfPage":{"@id":"https:\/\/valvex.com\/de\/produkt\/vera-punkt-duschsatz-mit-3-funktionen-49248\/#primaryimage"},"image":{"@id":"https:\/\/valvex.com\/de\/produkt\/vera-punkt-duschsatz-mit-3-funktionen-49248\/#primaryimage"},"thumbnailUrl":"https:\/\/valvex.com\/wp-content\/uploads\/2022\/03\/2449550.jpg","datePublished":"2019-07-01T16:26:55+00:00","dateModified":"2025-05-23T08:36:09+00:00","breadcrumb":{"@id":"https:\/\/valvex.com\/de\/produkt\/vera-punkt-duschsatz-mit-3-funktionen-49248\/#breadcrumb"},"inLanguage":"de","potentialAction":[{"@type":"ReadAction","target":["https:\/\/valvex.com\/de\/produkt\/vera-punkt-duschsatz-mit-3-funktionen-49248\/"]}]},{"@type":"ImageObject","inLanguage":"de","@id":"https:\/\/valvex.com\/de\/produkt\/vera-punkt-duschsatz-mit-3-funktionen-49248\/#primaryimage","url":"https:\/\/valvex.com\/wp-content\/uploads\/2022\/03\/2449550.jpg","contentUrl":"https:\/\/valvex.com\/wp-content\/uploads\/2022\/03\/2449550.jpg","width":650,"height":415},{"@type":"BreadcrumbList","@id":"https:\/\/valvex.com\/de\/produkt\/vera-punkt-duschsatz-mit-3-funktionen-49248\/#breadcrumb","itemListElement":[{"@type":"ListItem","position":1,"name":"Strona g\u0142\u00f3wna","item":"https:\/\/valvex.com\/de\/"},{"@type":"ListItem","position":2,"name":"Badezimmer","item":"https:\/\/valvex.com\/de\/oferta\/badezimmer\/"},{"@type":"ListItem","position":3,"name":"Punkt-Duschsatz mit 3-Funktionen"}]},{"@type":"WebSite","@id":"https:\/\/valvex.com\/de\/#website","url":"https:\/\/valvex.com\/de\/","name":"Valvex","description":"Hersteller von Sanit\u00e4ranlagen und Armaturen\n\n","potentialAction":[{"@type":"SearchAction","target":{"@type":"EntryPoint","urlTemplate":"https:\/\/valvex.com\/de\/?s={search_term_string}"},"query-input":{"@type":"PropertyValueSpecification","valueRequired":true,"valueName":"search_term_string"}}],"inLanguage":"de"}]}},"_links":{"self":[{"href":"https:\/\/valvex.com\/de\/wp-json\/wp\/v2\/product\/49248","targetHints":{"allow":["GET"]}}],"collection":[{"href":"https:\/\/valvex.com\/de\/wp-json\/wp\/v2\/product"}],"about":[{"href":"https:\/\/valvex.com\/de\/wp-json\/wp\/v2\/types\/product"}],"wp:featuredmedia":[{"embeddable":true,"href":"https:\/\/valvex.com\/de\/wp-json\/wp\/v2\/media\/72994"}],"wp:attachment":[{"href":"https:\/\/valvex.com\/de\/wp-json\/wp\/v2\/media?parent=49248"}],"wp:term":[{"taxonomy":"ikony_produktow","embeddable":true,"href":"https:\/\/valvex.com\/de\/wp-json\/wp\/v2\/ikony_produktow?post=49248"},{"taxonomy":"product_category","embeddable":true,"href":"https:\/\/valvex.com\/de\/wp-json\/wp\/v2\/product_category?post=49248"},{"taxonomy":"product_series","embeddable":true,"href":"https:\/\/valvex.com\/de\/wp-json\/wp\/v2\/product_series?post=49248"},{"taxonomy":"color","embeddable":true,"href":"https:\/\/valvex.com\/de\/wp-json\/wp\/v2\/color?post=49248"}],"curies":[{"name":"wp","href":"https:\/\/api.w.org\/{rel}","templated":true}]}}