{"id":49241,"date":"2019-07-01T18:26:22","date_gmt":"2019-07-01T16:26:22","guid":{"rendered":"http:\/\/valvex.com\/product\/wet-punkt-duschsatz-mit-5-funktionen\/"},"modified":"2025-05-23T10:36:15","modified_gmt":"2025-05-23T08:36:15","slug":"wet-punkt-duschsatz-mit-5-funktionen-49241","status":"publish","type":"product","link":"https:\/\/valvex.com\/de\/produkt\/wet-punkt-duschsatz-mit-5-funktionen-49241\/","title":{"rendered":"Punkt-Duschsatz mit 5-Funktionen"},"content":{"rendered":"<h3>WET Punkt-Duschsatz mit 5-Funktionen<\/h3>\n<p style=\"text-align: justify;\">Eine perfekte L\u00f6sung f\u00fcr ein kleines Badezimmer, wo \u00a0sparsame Raumeinrichtung z\u00e4hlt. Das WET Punkduschset eignet sich auch zu einer Badewannen-Batterie. Das Hauptelement des Sets ist ein Multifunktionsduschkopf, der es erm\u00f6glicht einen von 5 Wasserstrahlen zu w\u00e4hlen.<\/p>\n<table style=\"border-color: #ffffff; background-color: #ffffff;\">\n<tbody>\n<tr>\n<td style=\"width: 70px; border-color: #ffffff;\"><img decoding=\"async\" class=\" aligncenter\" src=\"http:\/\/valvex.com\/content\/themes\/valvex\/assets\/img\/product-icons\/normalstream.png\" alt=\"strumie\u0144 normalny\" \/><\/td>\n<td style=\"border-color: #ffffff;\"><strong>Der normale Strahl (normal stream) <\/strong>\u2013 Standard, erfrischend, ideal f\u00fcr die morgendliche Dusche.<\/td>\n<\/tr>\n<tr style=\"width: 70px;\">\n<td style=\"border-color: #ffffff;\"><img decoding=\"async\" class=\" aligncenter\" src=\"http:\/\/valvex.com\/content\/themes\/valvex\/assets\/img\/product-icons\/massagestream.png\" alt=\"strumie\u0144 masuj\u0105cy\" \/><\/td>\n<td style=\"border-color: #ffffff;\"><strong>Der Massage-Strahl (massage stream)\u00a0<\/strong>\u2013 intensiver, starker Wasserstrahl, hervorragende Wahl f\u00fcr eine entspannende Dusche nach dem Training oder anderer k\u00f6rperlicher Anstrengung; lockert die m\u00fcden Muskeln, hilft beim Cellulitis bek\u00e4mpfen.<\/td>\n<\/tr>\n<tr style=\"width: 70px;\">\n<td style=\"border-color: #ffffff;\"><img decoding=\"async\" class=\" aligncenter\" src=\"http:\/\/valvex.com\/content\/themes\/valvex\/assets\/img\/product-icons\/enjoystream.png\" alt=\"strumie\u0144 musuj\u0105cy\" \/><\/td>\n<td style=\"border-color: #ffffff;\"><strong>Der Regen Strahl (rain stream)<\/strong>\u00a0\u2013 dezent erfrischend, wie ein Sommerregen erweckt er Dich und wirkt zugleich entspannend und motivierend, um jede Tageszeit.<\/td>\n<\/tr>\n<tr style=\"width: 70px;\">\n<td style=\"border-color: #ffffff;\"><img decoding=\"async\" class=\" aligncenter\" src=\"http:\/\/valvex.com\/content\/themes\/valvex\/assets\/img\/product-icons\/softstop.png\" alt=\"Strumie\u0144 ekonomiczny\" \/><\/td>\n<td style=\"border-color: #ffffff;\"><strong>Der \u00f6konomische Strahl (soft stop)<\/strong>\u00a0\u2013 sparsamer, zarter Strahl, der sich bew\u00e4hrt, wenn \u00a0Du eine kurze Pause beim Baden brauchst- um den K\u00f6rper einzuseifen, die Haare zu waschen oder Pflegeeingriffe zu machen- Du kannst mit einer Fingerbewegung den Wasserverbrauch auf 1L\/Min begrenzen<\/td>\n<\/tr>\n<tr style=\"width: 70px;\">\n<td style=\"border-color: #ffffff;\"><img decoding=\"async\" class=\" aligncenter\" src=\"http:\/\/valvex.com\/content\/themes\/valvex\/assets\/img\/product-icons\/mixedstream.png\" alt=\"strumie\u0144 mieszany\" \/><\/td>\n<td style=\"border-color: #ffffff;\"><strong>Der gemischte Strahl (mixed stream)<\/strong>\u00a0\u2013die Verbindung des normalen Strahles mit einem der weiteren: Sprudel, Massage- oder dem Regen Strahl.<\/td>\n<\/tr>\n<\/tbody>\n<\/table>\n","protected":false},"featured_media":72999,"template":"","ikony_produktow":[2134,2112,2407,2410,2163,2416,2214,2205,2129],"product_category":[2334,2297,1811,1896],"product_series":[671],"color":[1760],"class_list":["post-49241","product","type-product","status-publish","has-post-thumbnail","hentry","ikony_produktow-2jahregarantie","ikony_produktow-48-stunden-serviceinpolen","ikony_produktow-5-funktions-handbrause","ikony_produktow-ewasserstrahl","ikony_produktow-handbrause-im-set-enthalten","ikony_produktow-low-flow-system-de","ikony_produktow-massagestream-de","ikony_produktow-normalstream-de","ikony_produktow-easyclean-de","product_category-zestawy-natryskowe-2-de","product_category-duschsets","product_category-badezimmer","product_category-dusche","product_series-wet-de","color-chrome"],"acf":[],"yoast_head":"<!-- This site is optimized with the Yoast SEO plugin v27.3 - https:\/\/yoast.com\/product\/yoast-seo-wordpress\/ -->\n<title>Punkt-Duschsatz mit 5-Funktionen - Valvex<\/title>\n<meta name=\"robots\" content=\"index, follow, max-snippet:-1, max-image-preview:large, max-video-preview:-1\" \/>\n<link rel=\"canonical\" href=\"https:\/\/valvex.com\/de\/produkt\/wet-punkt-duschsatz-mit-5-funktionen-49241\/\" \/>\n<meta property=\"og:locale\" content=\"de_DE\" \/>\n<meta property=\"og:type\" content=\"article\" \/>\n<meta property=\"og:title\" content=\"Punkt-Duschsatz mit 5-Funktionen - Valvex\" \/>\n<meta property=\"og:description\" content=\"WET Punkt-Duschsatz mit 5-Funktionen Eine perfekte L\u00f6sung f\u00fcr ein kleines Badezimmer, wo \u00a0sparsame Raumeinrichtung z\u00e4hlt. Das WET Punkduschset eignet sich auch zu einer Badewannen-Batterie. Das Hauptelement des Sets ist ein Multifunktionsduschkopf, der es erm\u00f6glicht einen von 5 Wasserstrahlen zu w\u00e4hlen. Der normale Strahl (normal stream) \u2013 Standard, erfrischend, ideal f\u00fcr die morgendliche Dusche. Der Massage-Strahl [&hellip;]\" \/>\n<meta property=\"og:url\" content=\"https:\/\/valvex.com\/de\/produkt\/wet-punkt-duschsatz-mit-5-funktionen-49241\/\" \/>\n<meta property=\"og:site_name\" content=\"Valvex\" \/>\n<meta property=\"article:modified_time\" content=\"2025-05-23T08:36:15+00:00\" \/>\n<meta property=\"og:image\" content=\"https:\/\/valvex.com\/wp-content\/uploads\/2022\/03\/2449560.jpg\" \/>\n\t<meta property=\"og:image:width\" content=\"650\" \/>\n\t<meta property=\"og:image:height\" content=\"415\" \/>\n\t<meta property=\"og:image:type\" content=\"image\/jpeg\" \/>\n<meta name=\"twitter:card\" content=\"summary_large_image\" \/>\n<meta name=\"twitter:label1\" content=\"Gesch\u00e4tzte Lesezeit\" \/>\n\t<meta name=\"twitter:data1\" content=\"3 Minuten\" \/>\n<script type=\"application\/ld+json\" class=\"yoast-schema-graph\">{\"@context\":\"https:\\\/\\\/schema.org\",\"@graph\":[{\"@type\":\"WebPage\",\"@id\":\"https:\\\/\\\/valvex.com\\\/de\\\/produkt\\\/wet-punkt-duschsatz-mit-5-funktionen-49241\\\/\",\"url\":\"https:\\\/\\\/valvex.com\\\/de\\\/produkt\\\/wet-punkt-duschsatz-mit-5-funktionen-49241\\\/\",\"name\":\"Punkt-Duschsatz mit 5-Funktionen - Valvex\",\"isPartOf\":{\"@id\":\"https:\\\/\\\/valvex.com\\\/de\\\/#website\"},\"primaryImageOfPage\":{\"@id\":\"https:\\\/\\\/valvex.com\\\/de\\\/produkt\\\/wet-punkt-duschsatz-mit-5-funktionen-49241\\\/#primaryimage\"},\"image\":{\"@id\":\"https:\\\/\\\/valvex.com\\\/de\\\/produkt\\\/wet-punkt-duschsatz-mit-5-funktionen-49241\\\/#primaryimage\"},\"thumbnailUrl\":\"https:\\\/\\\/valvex.com\\\/wp-content\\\/uploads\\\/2022\\\/03\\\/2449560.jpg\",\"datePublished\":\"2019-07-01T16:26:22+00:00\",\"dateModified\":\"2025-05-23T08:36:15+00:00\",\"breadcrumb\":{\"@id\":\"https:\\\/\\\/valvex.com\\\/de\\\/produkt\\\/wet-punkt-duschsatz-mit-5-funktionen-49241\\\/#breadcrumb\"},\"inLanguage\":\"de\",\"potentialAction\":[{\"@type\":\"ReadAction\",\"target\":[\"https:\\\/\\\/valvex.com\\\/de\\\/produkt\\\/wet-punkt-duschsatz-mit-5-funktionen-49241\\\/\"]}]},{\"@type\":\"ImageObject\",\"inLanguage\":\"de\",\"@id\":\"https:\\\/\\\/valvex.com\\\/de\\\/produkt\\\/wet-punkt-duschsatz-mit-5-funktionen-49241\\\/#primaryimage\",\"url\":\"https:\\\/\\\/valvex.com\\\/wp-content\\\/uploads\\\/2022\\\/03\\\/2449560.jpg\",\"contentUrl\":\"https:\\\/\\\/valvex.com\\\/wp-content\\\/uploads\\\/2022\\\/03\\\/2449560.jpg\",\"width\":650,\"height\":415},{\"@type\":\"BreadcrumbList\",\"@id\":\"https:\\\/\\\/valvex.com\\\/de\\\/produkt\\\/wet-punkt-duschsatz-mit-5-funktionen-49241\\\/#breadcrumb\",\"itemListElement\":[{\"@type\":\"ListItem\",\"position\":1,\"name\":\"Strona g\u0142\u00f3wna\",\"item\":\"https:\\\/\\\/valvex.com\\\/de\\\/\"},{\"@type\":\"ListItem\",\"position\":2,\"name\":\"Badezimmer\",\"item\":\"https:\\\/\\\/valvex.com\\\/de\\\/oferta\\\/badezimmer\\\/\"},{\"@type\":\"ListItem\",\"position\":3,\"name\":\"Punkt-Duschsatz mit 5-Funktionen\"}]},{\"@type\":\"WebSite\",\"@id\":\"https:\\\/\\\/valvex.com\\\/de\\\/#website\",\"url\":\"https:\\\/\\\/valvex.com\\\/de\\\/\",\"name\":\"Valvex\",\"description\":\"Hersteller von Sanit\u00e4ranlagen und Armaturen\\n\\n\",\"potentialAction\":[{\"@type\":\"SearchAction\",\"target\":{\"@type\":\"EntryPoint\",\"urlTemplate\":\"https:\\\/\\\/valvex.com\\\/de\\\/?s={search_term_string}\"},\"query-input\":{\"@type\":\"PropertyValueSpecification\",\"valueRequired\":true,\"valueName\":\"search_term_string\"}}],\"inLanguage\":\"de\"}]}<\/script>\n<!-- \/ Yoast SEO plugin. -->","yoast_head_json":{"title":"Punkt-Duschsatz mit 5-Funktionen - Valvex","robots":{"index":"index","follow":"follow","max-snippet":"max-snippet:-1","max-image-preview":"max-image-preview:large","max-video-preview":"max-video-preview:-1"},"canonical":"https:\/\/valvex.com\/de\/produkt\/wet-punkt-duschsatz-mit-5-funktionen-49241\/","og_locale":"de_DE","og_type":"article","og_title":"Punkt-Duschsatz mit 5-Funktionen - Valvex","og_description":"WET Punkt-Duschsatz mit 5-Funktionen Eine perfekte L\u00f6sung f\u00fcr ein kleines Badezimmer, wo \u00a0sparsame Raumeinrichtung z\u00e4hlt. Das WET Punkduschset eignet sich auch zu einer Badewannen-Batterie. Das Hauptelement des Sets ist ein Multifunktionsduschkopf, der es erm\u00f6glicht einen von 5 Wasserstrahlen zu w\u00e4hlen. Der normale Strahl (normal stream) \u2013 Standard, erfrischend, ideal f\u00fcr die morgendliche Dusche. Der Massage-Strahl [&hellip;]","og_url":"https:\/\/valvex.com\/de\/produkt\/wet-punkt-duschsatz-mit-5-funktionen-49241\/","og_site_name":"Valvex","article_modified_time":"2025-05-23T08:36:15+00:00","og_image":[{"width":650,"height":415,"url":"https:\/\/valvex.com\/wp-content\/uploads\/2022\/03\/2449560.jpg","type":"image\/jpeg"}],"twitter_card":"summary_large_image","twitter_misc":{"Gesch\u00e4tzte Lesezeit":"3 Minuten"},"schema":{"@context":"https:\/\/schema.org","@graph":[{"@type":"WebPage","@id":"https:\/\/valvex.com\/de\/produkt\/wet-punkt-duschsatz-mit-5-funktionen-49241\/","url":"https:\/\/valvex.com\/de\/produkt\/wet-punkt-duschsatz-mit-5-funktionen-49241\/","name":"Punkt-Duschsatz mit 5-Funktionen - Valvex","isPartOf":{"@id":"https:\/\/valvex.com\/de\/#website"},"primaryImageOfPage":{"@id":"https:\/\/valvex.com\/de\/produkt\/wet-punkt-duschsatz-mit-5-funktionen-49241\/#primaryimage"},"image":{"@id":"https:\/\/valvex.com\/de\/produkt\/wet-punkt-duschsatz-mit-5-funktionen-49241\/#primaryimage"},"thumbnailUrl":"https:\/\/valvex.com\/wp-content\/uploads\/2022\/03\/2449560.jpg","datePublished":"2019-07-01T16:26:22+00:00","dateModified":"2025-05-23T08:36:15+00:00","breadcrumb":{"@id":"https:\/\/valvex.com\/de\/produkt\/wet-punkt-duschsatz-mit-5-funktionen-49241\/#breadcrumb"},"inLanguage":"de","potentialAction":[{"@type":"ReadAction","target":["https:\/\/valvex.com\/de\/produkt\/wet-punkt-duschsatz-mit-5-funktionen-49241\/"]}]},{"@type":"ImageObject","inLanguage":"de","@id":"https:\/\/valvex.com\/de\/produkt\/wet-punkt-duschsatz-mit-5-funktionen-49241\/#primaryimage","url":"https:\/\/valvex.com\/wp-content\/uploads\/2022\/03\/2449560.jpg","contentUrl":"https:\/\/valvex.com\/wp-content\/uploads\/2022\/03\/2449560.jpg","width":650,"height":415},{"@type":"BreadcrumbList","@id":"https:\/\/valvex.com\/de\/produkt\/wet-punkt-duschsatz-mit-5-funktionen-49241\/#breadcrumb","itemListElement":[{"@type":"ListItem","position":1,"name":"Strona g\u0142\u00f3wna","item":"https:\/\/valvex.com\/de\/"},{"@type":"ListItem","position":2,"name":"Badezimmer","item":"https:\/\/valvex.com\/de\/oferta\/badezimmer\/"},{"@type":"ListItem","position":3,"name":"Punkt-Duschsatz mit 5-Funktionen"}]},{"@type":"WebSite","@id":"https:\/\/valvex.com\/de\/#website","url":"https:\/\/valvex.com\/de\/","name":"Valvex","description":"Hersteller von Sanit\u00e4ranlagen und Armaturen\n\n","potentialAction":[{"@type":"SearchAction","target":{"@type":"EntryPoint","urlTemplate":"https:\/\/valvex.com\/de\/?s={search_term_string}"},"query-input":{"@type":"PropertyValueSpecification","valueRequired":true,"valueName":"search_term_string"}}],"inLanguage":"de"}]}},"_links":{"self":[{"href":"https:\/\/valvex.com\/de\/wp-json\/wp\/v2\/product\/49241","targetHints":{"allow":["GET"]}}],"collection":[{"href":"https:\/\/valvex.com\/de\/wp-json\/wp\/v2\/product"}],"about":[{"href":"https:\/\/valvex.com\/de\/wp-json\/wp\/v2\/types\/product"}],"wp:featuredmedia":[{"embeddable":true,"href":"https:\/\/valvex.com\/de\/wp-json\/wp\/v2\/media\/72999"}],"wp:attachment":[{"href":"https:\/\/valvex.com\/de\/wp-json\/wp\/v2\/media?parent=49241"}],"wp:term":[{"taxonomy":"ikony_produktow","embeddable":true,"href":"https:\/\/valvex.com\/de\/wp-json\/wp\/v2\/ikony_produktow?post=49241"},{"taxonomy":"product_category","embeddable":true,"href":"https:\/\/valvex.com\/de\/wp-json\/wp\/v2\/product_category?post=49241"},{"taxonomy":"product_series","embeddable":true,"href":"https:\/\/valvex.com\/de\/wp-json\/wp\/v2\/product_series?post=49241"},{"taxonomy":"color","embeddable":true,"href":"https:\/\/valvex.com\/de\/wp-json\/wp\/v2\/color?post=49241"}],"curies":[{"name":"wp","href":"https:\/\/api.w.org\/{rel}","templated":true}]}}