{"id":49234,"date":"2019-07-01T18:25:56","date_gmt":"2019-07-01T16:25:56","guid":{"rendered":"http:\/\/valvex.com\/product\/cool-verschiebbare-dusche-mit-3-funktionen-mit-seifenschale\/"},"modified":"2025-05-23T10:36:20","modified_gmt":"2025-05-23T08:36:20","slug":"cool-verschiebbare-dusche-mit-3-funktionen-mit-seifenschale-49234","status":"publish","type":"product","link":"https:\/\/valvex.com\/de\/produkt\/cool-verschiebbare-dusche-mit-3-funktionen-mit-seifenschale-49234\/","title":{"rendered":"Verschiebbare Dusche mit 3-Funktionen, mit Seifenschale"},"content":{"rendered":"<h3>COOL Verschiebbare Dusche mit 3-Funktionen, mit Seifenschale<\/h3>\n<p style=\"text-align: justify;\">Saubere, dezente Form mit funktionalen L\u00f6sungen verbunden. \u00a0Das low-flow System garantiert dank der Durchflusseinschr\u00e4nkung eine Wasserverbrauchreduzierung von sogar 50%. Das regulierbare Montagen-Set ist f\u00fcr die Personen vorteilhaft, die auf schnelle Weise die Duschanlage auswechseln wollen, ohne zus\u00e4tzliche L\u00f6cher bohren zu m\u00fcssen. Das anti-twist System verhindert das Verdrehen des Duschschlauches- somit st\u00f6rt uns nichts beim Duschen. Der Multifunktionsduschkopf mit dem reinigungserleichterndem easy clean System, erm\u00f6glicht es einen von 3 Wasserstrahlen, je nach Stimmung zu w\u00e4hlen.<\/p>\n<table style=\"border-color: #ffffff; background-color: #ffffff;\">\n<tbody>\n<tr>\n<td style=\"width: 70px; border-color: #ffffff;\"><img decoding=\"async\" class=\" aligncenter\" src=\"http:\/\/valvex.com\/content\/themes\/valvex\/assets\/img\/product-icons\/normalstream.png\" alt=\"strumie\u0144 normalny\" \/><\/td>\n<td style=\"border-color: #ffffff;\"><strong>Der normale Strahl (normal stream) <\/strong>\u2013 Standard, erfrischend, ideal f\u00fcr die morgendliche Dusche.<\/td>\n<\/tr>\n<tr style=\"width: 70px;\">\n<td style=\"border-color: #ffffff;\"><img decoding=\"async\" class=\" aligncenter\" src=\"http:\/\/valvex.com\/content\/themes\/valvex\/assets\/img\/product-icons\/massagestream.png\" alt=\"strumie\u0144 masuj\u0105cy\" \/><\/td>\n<td style=\"border-color: #ffffff;\"><strong>Der Massage-Strahl (massage stream)\u00a0<\/strong>\u2013 intensiver, starker Wasserstrahl, hervorragende Wahl f\u00fcr eine entspannende Dusche nach dem Training oder anderer k\u00f6rperlicher Anstrengung; lockert die m\u00fcden Muskeln, hilft beim Cellulitis bek\u00e4mpfen.<\/td>\n<\/tr>\n<tr style=\"width: 70px;\">\n<td style=\"border-color: #ffffff;\"><img decoding=\"async\" class=\" aligncenter\" src=\"http:\/\/valvex.com\/content\/themes\/valvex\/assets\/img\/product-icons\/mixedstream.png\" alt=\"strumie\u0144 mieszany\" \/><\/td>\n<td style=\"border-color: #ffffff;\"><strong>Der gemischte Strahl (mixed stream)<\/strong>\u00a0\u2013die Verbindung des normalen Strahles mit einem der weiteren: Sprudel, Massage- oder dem Regen Strahl.<\/td>\n<\/tr>\n<\/tbody>\n<\/table>\n","protected":false},"featured_media":75950,"template":"","ikony_produktow":[2134,2204,2112,2163,2416,2214,2205,2129,2139],"product_category":[2334,2297,1811,1896],"product_series":[653],"color":[1760],"class_list":["post-49234","product","type-product","status-publish","has-post-thumbnail","hentry","ikony_produktow-2jahregarantie","ikony_produktow-3-funktions-handbrause","ikony_produktow-48-stunden-serviceinpolen","ikony_produktow-handbrause-im-set-enthalten","ikony_produktow-low-flow-system-de","ikony_produktow-massagestream-de","ikony_produktow-normalstream-de","ikony_produktow-easyclean-de","ikony_produktow-waz-de","product_category-zestawy-natryskowe-2-de","product_category-duschsets","product_category-badezimmer","product_category-dusche","product_series-cool-de","color-chrome"],"acf":[],"yoast_head":"<!-- This site is optimized with the Yoast SEO plugin v27.3 - https:\/\/yoast.com\/product\/yoast-seo-wordpress\/ -->\n<title>Verschiebbare Dusche mit 3-Funktionen, mit Seifenschale - Valvex<\/title>\n<meta name=\"robots\" content=\"index, follow, max-snippet:-1, max-image-preview:large, max-video-preview:-1\" \/>\n<link rel=\"canonical\" href=\"https:\/\/valvex.com\/de\/produkt\/cool-verschiebbare-dusche-mit-3-funktionen-mit-seifenschale-49234\/\" \/>\n<meta property=\"og:locale\" content=\"de_DE\" \/>\n<meta property=\"og:type\" content=\"article\" \/>\n<meta property=\"og:title\" content=\"Verschiebbare Dusche mit 3-Funktionen, mit Seifenschale - Valvex\" \/>\n<meta property=\"og:description\" content=\"COOL Verschiebbare Dusche mit 3-Funktionen, mit Seifenschale Saubere, dezente Form mit funktionalen L\u00f6sungen verbunden. \u00a0Das low-flow System garantiert dank der Durchflusseinschr\u00e4nkung eine Wasserverbrauchreduzierung von sogar 50%. Das regulierbare Montagen-Set ist f\u00fcr die Personen vorteilhaft, die auf schnelle Weise die Duschanlage auswechseln wollen, ohne zus\u00e4tzliche L\u00f6cher bohren zu m\u00fcssen. Das anti-twist System verhindert das Verdrehen des [&hellip;]\" \/>\n<meta property=\"og:url\" content=\"https:\/\/valvex.com\/de\/produkt\/cool-verschiebbare-dusche-mit-3-funktionen-mit-seifenschale-49234\/\" \/>\n<meta property=\"og:site_name\" content=\"Valvex\" \/>\n<meta property=\"article:modified_time\" content=\"2025-05-23T08:36:20+00:00\" \/>\n<meta property=\"og:image\" content=\"https:\/\/valvex.com\/wp-content\/uploads\/2019\/07\/2449940_COOL.png\" \/>\n\t<meta property=\"og:image:width\" content=\"800\" \/>\n\t<meta property=\"og:image:height\" content=\"800\" \/>\n\t<meta property=\"og:image:type\" content=\"image\/png\" \/>\n<meta name=\"twitter:card\" content=\"summary_large_image\" \/>\n<meta name=\"twitter:label1\" content=\"Gesch\u00e4tzte Lesezeit\" \/>\n\t<meta name=\"twitter:data1\" content=\"2 Minuten\" \/>\n<script type=\"application\/ld+json\" class=\"yoast-schema-graph\">{\"@context\":\"https:\\\/\\\/schema.org\",\"@graph\":[{\"@type\":\"WebPage\",\"@id\":\"https:\\\/\\\/valvex.com\\\/de\\\/produkt\\\/cool-verschiebbare-dusche-mit-3-funktionen-mit-seifenschale-49234\\\/\",\"url\":\"https:\\\/\\\/valvex.com\\\/de\\\/produkt\\\/cool-verschiebbare-dusche-mit-3-funktionen-mit-seifenschale-49234\\\/\",\"name\":\"Verschiebbare Dusche mit 3-Funktionen, mit Seifenschale - Valvex\",\"isPartOf\":{\"@id\":\"https:\\\/\\\/valvex.com\\\/de\\\/#website\"},\"primaryImageOfPage\":{\"@id\":\"https:\\\/\\\/valvex.com\\\/de\\\/produkt\\\/cool-verschiebbare-dusche-mit-3-funktionen-mit-seifenschale-49234\\\/#primaryimage\"},\"image\":{\"@id\":\"https:\\\/\\\/valvex.com\\\/de\\\/produkt\\\/cool-verschiebbare-dusche-mit-3-funktionen-mit-seifenschale-49234\\\/#primaryimage\"},\"thumbnailUrl\":\"https:\\\/\\\/valvex.com\\\/wp-content\\\/uploads\\\/2019\\\/07\\\/2449940_COOL.png\",\"datePublished\":\"2019-07-01T16:25:56+00:00\",\"dateModified\":\"2025-05-23T08:36:20+00:00\",\"breadcrumb\":{\"@id\":\"https:\\\/\\\/valvex.com\\\/de\\\/produkt\\\/cool-verschiebbare-dusche-mit-3-funktionen-mit-seifenschale-49234\\\/#breadcrumb\"},\"inLanguage\":\"de\",\"potentialAction\":[{\"@type\":\"ReadAction\",\"target\":[\"https:\\\/\\\/valvex.com\\\/de\\\/produkt\\\/cool-verschiebbare-dusche-mit-3-funktionen-mit-seifenschale-49234\\\/\"]}]},{\"@type\":\"ImageObject\",\"inLanguage\":\"de\",\"@id\":\"https:\\\/\\\/valvex.com\\\/de\\\/produkt\\\/cool-verschiebbare-dusche-mit-3-funktionen-mit-seifenschale-49234\\\/#primaryimage\",\"url\":\"https:\\\/\\\/valvex.com\\\/wp-content\\\/uploads\\\/2019\\\/07\\\/2449940_COOL.png\",\"contentUrl\":\"https:\\\/\\\/valvex.com\\\/wp-content\\\/uploads\\\/2019\\\/07\\\/2449940_COOL.png\",\"width\":800,\"height\":800},{\"@type\":\"BreadcrumbList\",\"@id\":\"https:\\\/\\\/valvex.com\\\/de\\\/produkt\\\/cool-verschiebbare-dusche-mit-3-funktionen-mit-seifenschale-49234\\\/#breadcrumb\",\"itemListElement\":[{\"@type\":\"ListItem\",\"position\":1,\"name\":\"Strona g\u0142\u00f3wna\",\"item\":\"https:\\\/\\\/valvex.com\\\/de\\\/\"},{\"@type\":\"ListItem\",\"position\":2,\"name\":\"Badezimmer\",\"item\":\"https:\\\/\\\/valvex.com\\\/de\\\/oferta\\\/badezimmer\\\/\"},{\"@type\":\"ListItem\",\"position\":3,\"name\":\"Verschiebbare Dusche mit 3-Funktionen, mit Seifenschale\"}]},{\"@type\":\"WebSite\",\"@id\":\"https:\\\/\\\/valvex.com\\\/de\\\/#website\",\"url\":\"https:\\\/\\\/valvex.com\\\/de\\\/\",\"name\":\"Valvex\",\"description\":\"Hersteller von Sanit\u00e4ranlagen und Armaturen\\n\\n\",\"potentialAction\":[{\"@type\":\"SearchAction\",\"target\":{\"@type\":\"EntryPoint\",\"urlTemplate\":\"https:\\\/\\\/valvex.com\\\/de\\\/?s={search_term_string}\"},\"query-input\":{\"@type\":\"PropertyValueSpecification\",\"valueRequired\":true,\"valueName\":\"search_term_string\"}}],\"inLanguage\":\"de\"}]}<\/script>\n<!-- \/ Yoast SEO plugin. -->","yoast_head_json":{"title":"Verschiebbare Dusche mit 3-Funktionen, mit Seifenschale - Valvex","robots":{"index":"index","follow":"follow","max-snippet":"max-snippet:-1","max-image-preview":"max-image-preview:large","max-video-preview":"max-video-preview:-1"},"canonical":"https:\/\/valvex.com\/de\/produkt\/cool-verschiebbare-dusche-mit-3-funktionen-mit-seifenschale-49234\/","og_locale":"de_DE","og_type":"article","og_title":"Verschiebbare Dusche mit 3-Funktionen, mit Seifenschale - Valvex","og_description":"COOL Verschiebbare Dusche mit 3-Funktionen, mit Seifenschale Saubere, dezente Form mit funktionalen L\u00f6sungen verbunden. \u00a0Das low-flow System garantiert dank der Durchflusseinschr\u00e4nkung eine Wasserverbrauchreduzierung von sogar 50%. Das regulierbare Montagen-Set ist f\u00fcr die Personen vorteilhaft, die auf schnelle Weise die Duschanlage auswechseln wollen, ohne zus\u00e4tzliche L\u00f6cher bohren zu m\u00fcssen. Das anti-twist System verhindert das Verdrehen des [&hellip;]","og_url":"https:\/\/valvex.com\/de\/produkt\/cool-verschiebbare-dusche-mit-3-funktionen-mit-seifenschale-49234\/","og_site_name":"Valvex","article_modified_time":"2025-05-23T08:36:20+00:00","og_image":[{"width":800,"height":800,"url":"https:\/\/valvex.com\/wp-content\/uploads\/2019\/07\/2449940_COOL.png","type":"image\/png"}],"twitter_card":"summary_large_image","twitter_misc":{"Gesch\u00e4tzte Lesezeit":"2 Minuten"},"schema":{"@context":"https:\/\/schema.org","@graph":[{"@type":"WebPage","@id":"https:\/\/valvex.com\/de\/produkt\/cool-verschiebbare-dusche-mit-3-funktionen-mit-seifenschale-49234\/","url":"https:\/\/valvex.com\/de\/produkt\/cool-verschiebbare-dusche-mit-3-funktionen-mit-seifenschale-49234\/","name":"Verschiebbare Dusche mit 3-Funktionen, mit Seifenschale - Valvex","isPartOf":{"@id":"https:\/\/valvex.com\/de\/#website"},"primaryImageOfPage":{"@id":"https:\/\/valvex.com\/de\/produkt\/cool-verschiebbare-dusche-mit-3-funktionen-mit-seifenschale-49234\/#primaryimage"},"image":{"@id":"https:\/\/valvex.com\/de\/produkt\/cool-verschiebbare-dusche-mit-3-funktionen-mit-seifenschale-49234\/#primaryimage"},"thumbnailUrl":"https:\/\/valvex.com\/wp-content\/uploads\/2019\/07\/2449940_COOL.png","datePublished":"2019-07-01T16:25:56+00:00","dateModified":"2025-05-23T08:36:20+00:00","breadcrumb":{"@id":"https:\/\/valvex.com\/de\/produkt\/cool-verschiebbare-dusche-mit-3-funktionen-mit-seifenschale-49234\/#breadcrumb"},"inLanguage":"de","potentialAction":[{"@type":"ReadAction","target":["https:\/\/valvex.com\/de\/produkt\/cool-verschiebbare-dusche-mit-3-funktionen-mit-seifenschale-49234\/"]}]},{"@type":"ImageObject","inLanguage":"de","@id":"https:\/\/valvex.com\/de\/produkt\/cool-verschiebbare-dusche-mit-3-funktionen-mit-seifenschale-49234\/#primaryimage","url":"https:\/\/valvex.com\/wp-content\/uploads\/2019\/07\/2449940_COOL.png","contentUrl":"https:\/\/valvex.com\/wp-content\/uploads\/2019\/07\/2449940_COOL.png","width":800,"height":800},{"@type":"BreadcrumbList","@id":"https:\/\/valvex.com\/de\/produkt\/cool-verschiebbare-dusche-mit-3-funktionen-mit-seifenschale-49234\/#breadcrumb","itemListElement":[{"@type":"ListItem","position":1,"name":"Strona g\u0142\u00f3wna","item":"https:\/\/valvex.com\/de\/"},{"@type":"ListItem","position":2,"name":"Badezimmer","item":"https:\/\/valvex.com\/de\/oferta\/badezimmer\/"},{"@type":"ListItem","position":3,"name":"Verschiebbare Dusche mit 3-Funktionen, mit Seifenschale"}]},{"@type":"WebSite","@id":"https:\/\/valvex.com\/de\/#website","url":"https:\/\/valvex.com\/de\/","name":"Valvex","description":"Hersteller von Sanit\u00e4ranlagen und Armaturen\n\n","potentialAction":[{"@type":"SearchAction","target":{"@type":"EntryPoint","urlTemplate":"https:\/\/valvex.com\/de\/?s={search_term_string}"},"query-input":{"@type":"PropertyValueSpecification","valueRequired":true,"valueName":"search_term_string"}}],"inLanguage":"de"}]}},"_links":{"self":[{"href":"https:\/\/valvex.com\/de\/wp-json\/wp\/v2\/product\/49234","targetHints":{"allow":["GET"]}}],"collection":[{"href":"https:\/\/valvex.com\/de\/wp-json\/wp\/v2\/product"}],"about":[{"href":"https:\/\/valvex.com\/de\/wp-json\/wp\/v2\/types\/product"}],"wp:featuredmedia":[{"embeddable":true,"href":"https:\/\/valvex.com\/de\/wp-json\/wp\/v2\/media\/75950"}],"wp:attachment":[{"href":"https:\/\/valvex.com\/de\/wp-json\/wp\/v2\/media?parent=49234"}],"wp:term":[{"taxonomy":"ikony_produktow","embeddable":true,"href":"https:\/\/valvex.com\/de\/wp-json\/wp\/v2\/ikony_produktow?post=49234"},{"taxonomy":"product_category","embeddable":true,"href":"https:\/\/valvex.com\/de\/wp-json\/wp\/v2\/product_category?post=49234"},{"taxonomy":"product_series","embeddable":true,"href":"https:\/\/valvex.com\/de\/wp-json\/wp\/v2\/product_series?post=49234"},{"taxonomy":"color","embeddable":true,"href":"https:\/\/valvex.com\/de\/wp-json\/wp\/v2\/color?post=49234"}],"curies":[{"name":"wp","href":"https:\/\/api.w.org\/{rel}","templated":true}]}}