{"id":49171,"date":"2021-02-16T10:10:02","date_gmt":"2021-02-16T09:10:02","guid":{"rendered":"http:\/\/valvex.com\/product\/dione-duschsets-unterputz\/"},"modified":"2024-05-15T10:25:09","modified_gmt":"2024-05-15T08:25:09","slug":"dione-duschsets-unterputz-49171","status":"publish","type":"product","link":"https:\/\/valvex.com\/de\/produkt\/dione-duschsets-unterputz-49171\/","title":{"rendered":"Duschsets, Unterputz"},"content":{"rendered":"<h3>DIONE Duschsets<\/h3>\n<p style=\"text-align: justify\">DIONE ist ein komplettes, verdecktes System der Marke Valvex, welches Modernit\u00e4t, Komfort und Funktionalit\u00e4t vereinbart. Das Kennzeichen des Systems ist die ultra-d\u00fcnne Tropfanlage mit der Dicke von 2,5 Millimeter und dem Durchmesser von 250 Millimeter.<\/p>\n<p style=\"text-align: justify\">Das Herz des Systems ist eine V-BOX, die in der Wand eingebaut ist. Die wasserleitenden Teile sind im Inneren der Abdeckung, was die Ger\u00e4usche des flie\u00dfenden Wassers zart und angenehm macht. Die Abdeckung ist zugleich ein Feuchtigkeitsschutz f\u00fcr die W\u00e4nde. Das Zuschneiden des Abdeckungskragens macht es m\u00f6glich die Montagen-Tiefe in der Wand anzupassen.<\/p>\n<p style=\"text-align: justify\">Das Set besteht aus folgenden Elementen:<\/p>\n<p>\u2022 dem ultra-d\u00fcnnen Duschkopf mit dem Durchmesser von 250 Millimeter<br \/>\n\u2022 dem Duscharm<br \/>\n\u2022 dem verdeckten V-BOX System mit der Abdeckung<br \/>\n\u2022 dem 3-Funktions Duschgriff<br \/>\n\u2022 dem Winkelanschluss, der gleichzeitig als Punktduschhalter dient<br \/>\n\u2022 dem Duschschlauch mit der anti-twist Funktion, die das verdrehen des Schlauches verhindert.<\/p>\n","protected":false},"featured_media":76051,"template":"","ikony_produktow":[2134,2111,2204,2112,2163,2214,2205,1687,2207],"product_category":[2340,1811,1896],"product_series":[594],"color":[1760],"class_list":["post-49171","product","type-product","status-publish","has-post-thumbnail","hentry","ikony_produktow-2jahregarantie","ikony_produktow-25jahregarantie","ikony_produktow-3-funktions-handbrause","ikony_produktow-48-stunden-serviceinpolen","ikony_produktow-handbrause-im-set-enthalten","ikony_produktow-massagestream-de","ikony_produktow-normalstream-de","ikony_produktow-sluchawka_prysznicowa","ikony_produktow-3mm-de","product_category-baterie-podtynkowe-2-de","product_category-badezimmer","product_category-dusche","product_series-dione-de","color-chrome"],"acf":[],"yoast_head":"<!-- This site is optimized with the Yoast SEO plugin v27.3 - https:\/\/yoast.com\/product\/yoast-seo-wordpress\/ -->\n<title>Duschsets, Unterputz - Valvex<\/title>\n<meta name=\"robots\" content=\"index, follow, max-snippet:-1, max-image-preview:large, max-video-preview:-1\" \/>\n<link rel=\"canonical\" href=\"https:\/\/valvex.com\/de\/produkt\/dione-duschsets-unterputz-49171\/\" \/>\n<meta property=\"og:locale\" content=\"de_DE\" \/>\n<meta property=\"og:type\" content=\"article\" \/>\n<meta property=\"og:title\" content=\"Duschsets, Unterputz - Valvex\" \/>\n<meta property=\"og:description\" content=\"DIONE Duschsets DIONE ist ein komplettes, verdecktes System der Marke Valvex, welches Modernit\u00e4t, Komfort und Funktionalit\u00e4t vereinbart. Das Kennzeichen des Systems ist die ultra-d\u00fcnne Tropfanlage mit der Dicke von 2,5 Millimeter und dem Durchmesser von 250 Millimeter. Das Herz des Systems ist eine V-BOX, die in der Wand eingebaut ist. Die wasserleitenden Teile sind im [&hellip;]\" \/>\n<meta property=\"og:url\" content=\"https:\/\/valvex.com\/de\/produkt\/dione-duschsets-unterputz-49171\/\" \/>\n<meta property=\"og:site_name\" content=\"Valvex\" \/>\n<meta property=\"article:modified_time\" content=\"2024-05-15T08:25:09+00:00\" \/>\n<meta property=\"og:image\" content=\"https:\/\/valvex.com\/wp-content\/uploads\/2022\/03\/2449990.jpg\" \/>\n\t<meta property=\"og:image:width\" content=\"650\" \/>\n\t<meta property=\"og:image:height\" content=\"415\" \/>\n\t<meta property=\"og:image:type\" content=\"image\/jpeg\" \/>\n<meta name=\"twitter:card\" content=\"summary_large_image\" \/>\n<meta name=\"twitter:label1\" content=\"Gesch\u00e4tzte Lesezeit\" \/>\n\t<meta name=\"twitter:data1\" content=\"2 Minuten\" \/>\n<script type=\"application\/ld+json\" class=\"yoast-schema-graph\">{\"@context\":\"https:\\\/\\\/schema.org\",\"@graph\":[{\"@type\":\"WebPage\",\"@id\":\"https:\\\/\\\/valvex.com\\\/de\\\/produkt\\\/dione-duschsets-unterputz-49171\\\/\",\"url\":\"https:\\\/\\\/valvex.com\\\/de\\\/produkt\\\/dione-duschsets-unterputz-49171\\\/\",\"name\":\"Duschsets, Unterputz - Valvex\",\"isPartOf\":{\"@id\":\"https:\\\/\\\/valvex.com\\\/de\\\/#website\"},\"primaryImageOfPage\":{\"@id\":\"https:\\\/\\\/valvex.com\\\/de\\\/produkt\\\/dione-duschsets-unterputz-49171\\\/#primaryimage\"},\"image\":{\"@id\":\"https:\\\/\\\/valvex.com\\\/de\\\/produkt\\\/dione-duschsets-unterputz-49171\\\/#primaryimage\"},\"thumbnailUrl\":\"https:\\\/\\\/valvex.com\\\/wp-content\\\/uploads\\\/2021\\\/02\\\/2449990.png\",\"datePublished\":\"2021-02-16T09:10:02+00:00\",\"dateModified\":\"2024-05-15T08:25:09+00:00\",\"breadcrumb\":{\"@id\":\"https:\\\/\\\/valvex.com\\\/de\\\/produkt\\\/dione-duschsets-unterputz-49171\\\/#breadcrumb\"},\"inLanguage\":\"de\",\"potentialAction\":[{\"@type\":\"ReadAction\",\"target\":[\"https:\\\/\\\/valvex.com\\\/de\\\/produkt\\\/dione-duschsets-unterputz-49171\\\/\"]}]},{\"@type\":\"ImageObject\",\"inLanguage\":\"de\",\"@id\":\"https:\\\/\\\/valvex.com\\\/de\\\/produkt\\\/dione-duschsets-unterputz-49171\\\/#primaryimage\",\"url\":\"https:\\\/\\\/valvex.com\\\/wp-content\\\/uploads\\\/2021\\\/02\\\/2449990.png\",\"contentUrl\":\"https:\\\/\\\/valvex.com\\\/wp-content\\\/uploads\\\/2021\\\/02\\\/2449990.png\",\"width\":800,\"height\":800},{\"@type\":\"BreadcrumbList\",\"@id\":\"https:\\\/\\\/valvex.com\\\/de\\\/produkt\\\/dione-duschsets-unterputz-49171\\\/#breadcrumb\",\"itemListElement\":[{\"@type\":\"ListItem\",\"position\":1,\"name\":\"Strona g\u0142\u00f3wna\",\"item\":\"https:\\\/\\\/valvex.com\\\/de\\\/\"},{\"@type\":\"ListItem\",\"position\":2,\"name\":\"Badezimmer\",\"item\":\"https:\\\/\\\/valvex.com\\\/de\\\/oferta\\\/badezimmer\\\/\"},{\"@type\":\"ListItem\",\"position\":3,\"name\":\"Duschsets, Unterputz\"}]},{\"@type\":\"WebSite\",\"@id\":\"https:\\\/\\\/valvex.com\\\/de\\\/#website\",\"url\":\"https:\\\/\\\/valvex.com\\\/de\\\/\",\"name\":\"Valvex\",\"description\":\"Hersteller von Sanit\u00e4ranlagen und Armaturen\\n\\n\",\"potentialAction\":[{\"@type\":\"SearchAction\",\"target\":{\"@type\":\"EntryPoint\",\"urlTemplate\":\"https:\\\/\\\/valvex.com\\\/de\\\/?s={search_term_string}\"},\"query-input\":{\"@type\":\"PropertyValueSpecification\",\"valueRequired\":true,\"valueName\":\"search_term_string\"}}],\"inLanguage\":\"de\"}]}<\/script>\n<!-- \/ Yoast SEO plugin. -->","yoast_head_json":{"title":"Duschsets, Unterputz - Valvex","robots":{"index":"index","follow":"follow","max-snippet":"max-snippet:-1","max-image-preview":"max-image-preview:large","max-video-preview":"max-video-preview:-1"},"canonical":"https:\/\/valvex.com\/de\/produkt\/dione-duschsets-unterputz-49171\/","og_locale":"de_DE","og_type":"article","og_title":"Duschsets, Unterputz - Valvex","og_description":"DIONE Duschsets DIONE ist ein komplettes, verdecktes System der Marke Valvex, welches Modernit\u00e4t, Komfort und Funktionalit\u00e4t vereinbart. Das Kennzeichen des Systems ist die ultra-d\u00fcnne Tropfanlage mit der Dicke von 2,5 Millimeter und dem Durchmesser von 250 Millimeter. Das Herz des Systems ist eine V-BOX, die in der Wand eingebaut ist. Die wasserleitenden Teile sind im [&hellip;]","og_url":"https:\/\/valvex.com\/de\/produkt\/dione-duschsets-unterputz-49171\/","og_site_name":"Valvex","article_modified_time":"2024-05-15T08:25:09+00:00","og_image":[{"width":650,"height":415,"url":"https:\/\/valvex.com\/wp-content\/uploads\/2022\/03\/2449990.jpg","type":"image\/jpeg"}],"twitter_card":"summary_large_image","twitter_misc":{"Gesch\u00e4tzte Lesezeit":"2 Minuten"},"schema":{"@context":"https:\/\/schema.org","@graph":[{"@type":"WebPage","@id":"https:\/\/valvex.com\/de\/produkt\/dione-duschsets-unterputz-49171\/","url":"https:\/\/valvex.com\/de\/produkt\/dione-duschsets-unterputz-49171\/","name":"Duschsets, Unterputz - Valvex","isPartOf":{"@id":"https:\/\/valvex.com\/de\/#website"},"primaryImageOfPage":{"@id":"https:\/\/valvex.com\/de\/produkt\/dione-duschsets-unterputz-49171\/#primaryimage"},"image":{"@id":"https:\/\/valvex.com\/de\/produkt\/dione-duschsets-unterputz-49171\/#primaryimage"},"thumbnailUrl":"https:\/\/valvex.com\/wp-content\/uploads\/2021\/02\/2449990.png","datePublished":"2021-02-16T09:10:02+00:00","dateModified":"2024-05-15T08:25:09+00:00","breadcrumb":{"@id":"https:\/\/valvex.com\/de\/produkt\/dione-duschsets-unterputz-49171\/#breadcrumb"},"inLanguage":"de","potentialAction":[{"@type":"ReadAction","target":["https:\/\/valvex.com\/de\/produkt\/dione-duschsets-unterputz-49171\/"]}]},{"@type":"ImageObject","inLanguage":"de","@id":"https:\/\/valvex.com\/de\/produkt\/dione-duschsets-unterputz-49171\/#primaryimage","url":"https:\/\/valvex.com\/wp-content\/uploads\/2021\/02\/2449990.png","contentUrl":"https:\/\/valvex.com\/wp-content\/uploads\/2021\/02\/2449990.png","width":800,"height":800},{"@type":"BreadcrumbList","@id":"https:\/\/valvex.com\/de\/produkt\/dione-duschsets-unterputz-49171\/#breadcrumb","itemListElement":[{"@type":"ListItem","position":1,"name":"Strona g\u0142\u00f3wna","item":"https:\/\/valvex.com\/de\/"},{"@type":"ListItem","position":2,"name":"Badezimmer","item":"https:\/\/valvex.com\/de\/oferta\/badezimmer\/"},{"@type":"ListItem","position":3,"name":"Duschsets, Unterputz"}]},{"@type":"WebSite","@id":"https:\/\/valvex.com\/de\/#website","url":"https:\/\/valvex.com\/de\/","name":"Valvex","description":"Hersteller von Sanit\u00e4ranlagen und Armaturen\n\n","potentialAction":[{"@type":"SearchAction","target":{"@type":"EntryPoint","urlTemplate":"https:\/\/valvex.com\/de\/?s={search_term_string}"},"query-input":{"@type":"PropertyValueSpecification","valueRequired":true,"valueName":"search_term_string"}}],"inLanguage":"de"}]}},"_links":{"self":[{"href":"https:\/\/valvex.com\/de\/wp-json\/wp\/v2\/product\/49171","targetHints":{"allow":["GET"]}}],"collection":[{"href":"https:\/\/valvex.com\/de\/wp-json\/wp\/v2\/product"}],"about":[{"href":"https:\/\/valvex.com\/de\/wp-json\/wp\/v2\/types\/product"}],"wp:featuredmedia":[{"embeddable":true,"href":"https:\/\/valvex.com\/de\/wp-json\/wp\/v2\/media\/76051"}],"wp:attachment":[{"href":"https:\/\/valvex.com\/de\/wp-json\/wp\/v2\/media?parent=49171"}],"wp:term":[{"taxonomy":"ikony_produktow","embeddable":true,"href":"https:\/\/valvex.com\/de\/wp-json\/wp\/v2\/ikony_produktow?post=49171"},{"taxonomy":"product_category","embeddable":true,"href":"https:\/\/valvex.com\/de\/wp-json\/wp\/v2\/product_category?post=49171"},{"taxonomy":"product_series","embeddable":true,"href":"https:\/\/valvex.com\/de\/wp-json\/wp\/v2\/product_series?post=49171"},{"taxonomy":"color","embeddable":true,"href":"https:\/\/valvex.com\/de\/wp-json\/wp\/v2\/color?post=49171"}],"curies":[{"name":"wp","href":"https:\/\/api.w.org\/{rel}","templated":true}]}}