{"id":49157,"date":"2021-09-24T16:33:53","date_gmt":"2021-09-24T14:33:53","guid":{"rendered":"http:\/\/valvex.com\/product\/timepress-selbstschluss-waschtischbatterie\/"},"modified":"2024-07-10T09:22:53","modified_gmt":"2024-07-10T07:22:53","slug":"timepress-selbstschluss-waschtischbatterie-49157","status":"publish","type":"product","link":"https:\/\/valvex.com\/de\/produkt\/timepress-selbstschluss-waschtischbatterie-49157\/","title":{"rendered":"Selbstschluss-Waschtischbatterie"},"content":{"rendered":"<h3>Solide und pr\u00e4zise.<\/h3>\n<p>Das Timepress Zeitventil bewehrt sich hervorragend in \u00f6ffentlichen Geb\u00e4uden, wo die Nutzung der Batterie wesentlich gr\u00f6\u00dfer, als in Privatwohnungen ist. Was damit zusammenh\u00e4ngt, das Produkt muss robust und sparsam sein. Dank der Zeitregulation der Durchflussdauer, gibt es keine Gefahr von Wasserverschwendung- die vom Hersteller eingestellte Durchflusszeit ist 7 Sekunden.<\/p>\n","protected":false},"featured_media":76368,"template":"","ikony_produktow":[2111,2112],"product_category":[1811,1881],"product_series":[582],"color":[1760],"class_list":["post-49157","product","type-product","status-publish","has-post-thumbnail","hentry","ikony_produktow-25jahregarantie","ikony_produktow-48-stunden-serviceinpolen","product_category-badezimmer","product_category-spezialbatterien","product_series-timepress-de","color-chrome"],"acf":[],"yoast_head":"<!-- This site is optimized with the Yoast SEO plugin v27.3 - https:\/\/yoast.com\/product\/yoast-seo-wordpress\/ -->\n<title>Selbstschluss-Waschtischbatterie - Valvex<\/title>\n<meta name=\"robots\" content=\"index, follow, max-snippet:-1, max-image-preview:large, max-video-preview:-1\" \/>\n<link rel=\"canonical\" href=\"https:\/\/valvex.com\/de\/produkt\/timepress-selbstschluss-waschtischbatterie-49157\/\" \/>\n<meta property=\"og:locale\" content=\"de_DE\" \/>\n<meta property=\"og:type\" content=\"article\" \/>\n<meta property=\"og:title\" content=\"Selbstschluss-Waschtischbatterie - Valvex\" \/>\n<meta property=\"og:description\" content=\"Solide und pr\u00e4zise. Das Timepress Zeitventil bewehrt sich hervorragend in \u00f6ffentlichen Geb\u00e4uden, wo die Nutzung der Batterie wesentlich gr\u00f6\u00dfer, als in Privatwohnungen ist. Was damit zusammenh\u00e4ngt, das Produkt muss robust und sparsam sein. Dank der Zeitregulation der Durchflussdauer, gibt es keine Gefahr von Wasserverschwendung- die vom Hersteller eingestellte Durchflusszeit ist 7 Sekunden.\" \/>\n<meta property=\"og:url\" content=\"https:\/\/valvex.com\/de\/produkt\/timepress-selbstschluss-waschtischbatterie-49157\/\" \/>\n<meta property=\"og:site_name\" content=\"Valvex\" \/>\n<meta property=\"article:modified_time\" content=\"2024-07-10T07:22:53+00:00\" \/>\n<meta property=\"og:image\" content=\"https:\/\/valvex.com\/wp-content\/uploads\/2022\/03\/2452900.jpg\" \/>\n\t<meta property=\"og:image:width\" content=\"650\" \/>\n\t<meta property=\"og:image:height\" content=\"415\" \/>\n\t<meta property=\"og:image:type\" content=\"image\/jpeg\" \/>\n<meta name=\"twitter:card\" content=\"summary_large_image\" \/>\n<meta name=\"twitter:label1\" content=\"Gesch\u00e4tzte Lesezeit\" \/>\n\t<meta name=\"twitter:data1\" content=\"1 Minute\" \/>\n<script type=\"application\/ld+json\" class=\"yoast-schema-graph\">{\"@context\":\"https:\\\/\\\/schema.org\",\"@graph\":[{\"@type\":\"WebPage\",\"@id\":\"https:\\\/\\\/valvex.com\\\/de\\\/produkt\\\/timepress-selbstschluss-waschtischbatterie-49157\\\/\",\"url\":\"https:\\\/\\\/valvex.com\\\/de\\\/produkt\\\/timepress-selbstschluss-waschtischbatterie-49157\\\/\",\"name\":\"Selbstschluss-Waschtischbatterie - Valvex\",\"isPartOf\":{\"@id\":\"https:\\\/\\\/valvex.com\\\/de\\\/#website\"},\"primaryImageOfPage\":{\"@id\":\"https:\\\/\\\/valvex.com\\\/de\\\/produkt\\\/timepress-selbstschluss-waschtischbatterie-49157\\\/#primaryimage\"},\"image\":{\"@id\":\"https:\\\/\\\/valvex.com\\\/de\\\/produkt\\\/timepress-selbstschluss-waschtischbatterie-49157\\\/#primaryimage\"},\"thumbnailUrl\":\"https:\\\/\\\/valvex.com\\\/wp-content\\\/uploads\\\/2021\\\/09\\\/VALVEX_2452900_TIMEPRESS.png\",\"datePublished\":\"2021-09-24T14:33:53+00:00\",\"dateModified\":\"2024-07-10T07:22:53+00:00\",\"breadcrumb\":{\"@id\":\"https:\\\/\\\/valvex.com\\\/de\\\/produkt\\\/timepress-selbstschluss-waschtischbatterie-49157\\\/#breadcrumb\"},\"inLanguage\":\"de\",\"potentialAction\":[{\"@type\":\"ReadAction\",\"target\":[\"https:\\\/\\\/valvex.com\\\/de\\\/produkt\\\/timepress-selbstschluss-waschtischbatterie-49157\\\/\"]}]},{\"@type\":\"ImageObject\",\"inLanguage\":\"de\",\"@id\":\"https:\\\/\\\/valvex.com\\\/de\\\/produkt\\\/timepress-selbstschluss-waschtischbatterie-49157\\\/#primaryimage\",\"url\":\"https:\\\/\\\/valvex.com\\\/wp-content\\\/uploads\\\/2021\\\/09\\\/VALVEX_2452900_TIMEPRESS.png\",\"contentUrl\":\"https:\\\/\\\/valvex.com\\\/wp-content\\\/uploads\\\/2021\\\/09\\\/VALVEX_2452900_TIMEPRESS.png\",\"width\":800,\"height\":800},{\"@type\":\"BreadcrumbList\",\"@id\":\"https:\\\/\\\/valvex.com\\\/de\\\/produkt\\\/timepress-selbstschluss-waschtischbatterie-49157\\\/#breadcrumb\",\"itemListElement\":[{\"@type\":\"ListItem\",\"position\":1,\"name\":\"Strona g\u0142\u00f3wna\",\"item\":\"https:\\\/\\\/valvex.com\\\/de\\\/\"},{\"@type\":\"ListItem\",\"position\":2,\"name\":\"Badezimmer\",\"item\":\"https:\\\/\\\/valvex.com\\\/de\\\/oferta\\\/badezimmer\\\/\"},{\"@type\":\"ListItem\",\"position\":3,\"name\":\"Spezialbatterien\",\"item\":\"https:\\\/\\\/valvex.com\\\/de\\\/oferta\\\/badezimmer\\\/spezialbatterien\\\/\"},{\"@type\":\"ListItem\",\"position\":4,\"name\":\"Selbstschluss-Waschtischbatterie\"}]},{\"@type\":\"WebSite\",\"@id\":\"https:\\\/\\\/valvex.com\\\/de\\\/#website\",\"url\":\"https:\\\/\\\/valvex.com\\\/de\\\/\",\"name\":\"Valvex\",\"description\":\"Hersteller von Sanit\u00e4ranlagen und Armaturen\\n\\n\",\"potentialAction\":[{\"@type\":\"SearchAction\",\"target\":{\"@type\":\"EntryPoint\",\"urlTemplate\":\"https:\\\/\\\/valvex.com\\\/de\\\/?s={search_term_string}\"},\"query-input\":{\"@type\":\"PropertyValueSpecification\",\"valueRequired\":true,\"valueName\":\"search_term_string\"}}],\"inLanguage\":\"de\"}]}<\/script>\n<!-- \/ Yoast SEO plugin. -->","yoast_head_json":{"title":"Selbstschluss-Waschtischbatterie - Valvex","robots":{"index":"index","follow":"follow","max-snippet":"max-snippet:-1","max-image-preview":"max-image-preview:large","max-video-preview":"max-video-preview:-1"},"canonical":"https:\/\/valvex.com\/de\/produkt\/timepress-selbstschluss-waschtischbatterie-49157\/","og_locale":"de_DE","og_type":"article","og_title":"Selbstschluss-Waschtischbatterie - Valvex","og_description":"Solide und pr\u00e4zise. Das Timepress Zeitventil bewehrt sich hervorragend in \u00f6ffentlichen Geb\u00e4uden, wo die Nutzung der Batterie wesentlich gr\u00f6\u00dfer, als in Privatwohnungen ist. Was damit zusammenh\u00e4ngt, das Produkt muss robust und sparsam sein. Dank der Zeitregulation der Durchflussdauer, gibt es keine Gefahr von Wasserverschwendung- die vom Hersteller eingestellte Durchflusszeit ist 7 Sekunden.","og_url":"https:\/\/valvex.com\/de\/produkt\/timepress-selbstschluss-waschtischbatterie-49157\/","og_site_name":"Valvex","article_modified_time":"2024-07-10T07:22:53+00:00","og_image":[{"width":650,"height":415,"url":"https:\/\/valvex.com\/wp-content\/uploads\/2022\/03\/2452900.jpg","type":"image\/jpeg"}],"twitter_card":"summary_large_image","twitter_misc":{"Gesch\u00e4tzte Lesezeit":"1 Minute"},"schema":{"@context":"https:\/\/schema.org","@graph":[{"@type":"WebPage","@id":"https:\/\/valvex.com\/de\/produkt\/timepress-selbstschluss-waschtischbatterie-49157\/","url":"https:\/\/valvex.com\/de\/produkt\/timepress-selbstschluss-waschtischbatterie-49157\/","name":"Selbstschluss-Waschtischbatterie - Valvex","isPartOf":{"@id":"https:\/\/valvex.com\/de\/#website"},"primaryImageOfPage":{"@id":"https:\/\/valvex.com\/de\/produkt\/timepress-selbstschluss-waschtischbatterie-49157\/#primaryimage"},"image":{"@id":"https:\/\/valvex.com\/de\/produkt\/timepress-selbstschluss-waschtischbatterie-49157\/#primaryimage"},"thumbnailUrl":"https:\/\/valvex.com\/wp-content\/uploads\/2021\/09\/VALVEX_2452900_TIMEPRESS.png","datePublished":"2021-09-24T14:33:53+00:00","dateModified":"2024-07-10T07:22:53+00:00","breadcrumb":{"@id":"https:\/\/valvex.com\/de\/produkt\/timepress-selbstschluss-waschtischbatterie-49157\/#breadcrumb"},"inLanguage":"de","potentialAction":[{"@type":"ReadAction","target":["https:\/\/valvex.com\/de\/produkt\/timepress-selbstschluss-waschtischbatterie-49157\/"]}]},{"@type":"ImageObject","inLanguage":"de","@id":"https:\/\/valvex.com\/de\/produkt\/timepress-selbstschluss-waschtischbatterie-49157\/#primaryimage","url":"https:\/\/valvex.com\/wp-content\/uploads\/2021\/09\/VALVEX_2452900_TIMEPRESS.png","contentUrl":"https:\/\/valvex.com\/wp-content\/uploads\/2021\/09\/VALVEX_2452900_TIMEPRESS.png","width":800,"height":800},{"@type":"BreadcrumbList","@id":"https:\/\/valvex.com\/de\/produkt\/timepress-selbstschluss-waschtischbatterie-49157\/#breadcrumb","itemListElement":[{"@type":"ListItem","position":1,"name":"Strona g\u0142\u00f3wna","item":"https:\/\/valvex.com\/de\/"},{"@type":"ListItem","position":2,"name":"Badezimmer","item":"https:\/\/valvex.com\/de\/oferta\/badezimmer\/"},{"@type":"ListItem","position":3,"name":"Spezialbatterien","item":"https:\/\/valvex.com\/de\/oferta\/badezimmer\/spezialbatterien\/"},{"@type":"ListItem","position":4,"name":"Selbstschluss-Waschtischbatterie"}]},{"@type":"WebSite","@id":"https:\/\/valvex.com\/de\/#website","url":"https:\/\/valvex.com\/de\/","name":"Valvex","description":"Hersteller von Sanit\u00e4ranlagen und Armaturen\n\n","potentialAction":[{"@type":"SearchAction","target":{"@type":"EntryPoint","urlTemplate":"https:\/\/valvex.com\/de\/?s={search_term_string}"},"query-input":{"@type":"PropertyValueSpecification","valueRequired":true,"valueName":"search_term_string"}}],"inLanguage":"de"}]}},"_links":{"self":[{"href":"https:\/\/valvex.com\/de\/wp-json\/wp\/v2\/product\/49157","targetHints":{"allow":["GET"]}}],"collection":[{"href":"https:\/\/valvex.com\/de\/wp-json\/wp\/v2\/product"}],"about":[{"href":"https:\/\/valvex.com\/de\/wp-json\/wp\/v2\/types\/product"}],"wp:featuredmedia":[{"embeddable":true,"href":"https:\/\/valvex.com\/de\/wp-json\/wp\/v2\/media\/76368"}],"wp:attachment":[{"href":"https:\/\/valvex.com\/de\/wp-json\/wp\/v2\/media?parent=49157"}],"wp:term":[{"taxonomy":"ikony_produktow","embeddable":true,"href":"https:\/\/valvex.com\/de\/wp-json\/wp\/v2\/ikony_produktow?post=49157"},{"taxonomy":"product_category","embeddable":true,"href":"https:\/\/valvex.com\/de\/wp-json\/wp\/v2\/product_category?post=49157"},{"taxonomy":"product_series","embeddable":true,"href":"https:\/\/valvex.com\/de\/wp-json\/wp\/v2\/product_series?post=49157"},{"taxonomy":"color","embeddable":true,"href":"https:\/\/valvex.com\/de\/wp-json\/wp\/v2\/color?post=49157"}],"curies":[{"name":"wp","href":"https:\/\/api.w.org\/{rel}","templated":true}]}}