{"id":49136,"date":"2021-06-08T11:00:06","date_gmt":"2021-06-08T09:00:06","guid":{"rendered":"http:\/\/valvex.com\/product\/medica-waschtisch-standmischbatterier-mit-drehauslauf\/"},"modified":"2025-12-17T16:44:12","modified_gmt":"2025-12-17T15:44:12","slug":"medica-waschtisch-standmischbatterier-mit-drehauslauf-49136","status":"publish","type":"product","link":"https:\/\/valvex.com\/de\/produkt\/medica-waschtisch-standmischbatterier-mit-drehauslauf-49136\/","title":{"rendered":"Waschtisch-Standmischbatterier mit Drehauslauf"},"content":{"rendered":"<h3>Mit einem speziellem Griff ausgestattet, der \u00d6ffnen, Schlie\u00dfen und Wasserregulation mit Hilfe des Ellenbogens erm\u00f6glicht.<\/h3>\n<p style=\"text-align: justify;\">Die perfekte L\u00f6sung f\u00fcr alle Badezimmer, wo die Einhaltung von maximaler Handhygiene z\u00e4hlt. Die Batterie besitzt ein Attest der Staatlichen Hygiene Anstalt, welches den Gebrauch in Geb\u00e4uden \u00f6ffentlicher Nutzung erm\u00f6glicht: z.B. :Edukationsanstalten, Arztpraxen in dem Operationssaalen, Dienstleistungs- und Industrie-Unternehmen sowie auch in der Lebensmittelbranche.<\/p>\n","protected":false},"featured_media":75750,"template":"","ikony_produktow":[2111,2112,2113,2162,2116],"product_category":[2351,1926,1811,1921,1881],"product_series":[576],"color":[1760],"class_list":["post-49136","product","type-product","status-publish","has-post-thumbnail","hentry","ikony_produktow-25jahregarantie","ikony_produktow-48-stunden-serviceinpolen","ikony_produktow-keramikkartuschede","ikony_produktow-obrot-de","ikony_produktow-o2-de","product_category-baterie-stojace-de","product_category-waschtischmischer","product_category-badezimmer","product_category-waschbecken","product_category-spezialbatterien","product_series-medica-de","color-chrome"],"acf":[],"yoast_head":"<!-- This site is optimized with the Yoast SEO plugin v27.3 - https:\/\/yoast.com\/product\/yoast-seo-wordpress\/ -->\n<title>Waschtisch-Standmischbatterier mit Drehauslauf - Valvex<\/title>\n<meta name=\"robots\" content=\"index, follow, max-snippet:-1, max-image-preview:large, max-video-preview:-1\" \/>\n<link rel=\"canonical\" href=\"https:\/\/valvex.com\/de\/produkt\/medica-waschtisch-standmischbatterier-mit-drehauslauf-49136\/\" \/>\n<meta property=\"og:locale\" content=\"de_DE\" \/>\n<meta property=\"og:type\" content=\"article\" \/>\n<meta property=\"og:title\" content=\"Waschtisch-Standmischbatterier mit Drehauslauf - Valvex\" \/>\n<meta property=\"og:description\" content=\"Mit einem speziellem Griff ausgestattet, der \u00d6ffnen, Schlie\u00dfen und Wasserregulation mit Hilfe des Ellenbogens erm\u00f6glicht. Die perfekte L\u00f6sung f\u00fcr alle Badezimmer, wo die Einhaltung von maximaler Handhygiene z\u00e4hlt. Die Batterie besitzt ein Attest der Staatlichen Hygiene Anstalt, welches den Gebrauch in Geb\u00e4uden \u00f6ffentlicher Nutzung erm\u00f6glicht: z.B. :Edukationsanstalten, Arztpraxen in dem Operationssaalen, Dienstleistungs- und Industrie-Unternehmen sowie [&hellip;]\" \/>\n<meta property=\"og:url\" content=\"https:\/\/valvex.com\/de\/produkt\/medica-waschtisch-standmischbatterier-mit-drehauslauf-49136\/\" \/>\n<meta property=\"og:site_name\" content=\"Valvex\" \/>\n<meta property=\"article:modified_time\" content=\"2025-12-17T15:44:12+00:00\" \/>\n<meta property=\"og:image\" content=\"https:\/\/valvex.com\/wp-content\/uploads\/2021\/06\/VALVEX_2401770_MEDICA-1.png\" \/>\n\t<meta property=\"og:image:width\" content=\"800\" \/>\n\t<meta property=\"og:image:height\" content=\"800\" \/>\n\t<meta property=\"og:image:type\" content=\"image\/png\" \/>\n<meta name=\"twitter:card\" content=\"summary_large_image\" \/>\n<meta name=\"twitter:label1\" content=\"Gesch\u00e4tzte Lesezeit\" \/>\n\t<meta name=\"twitter:data1\" content=\"1 Minute\" \/>\n<script type=\"application\/ld+json\" class=\"yoast-schema-graph\">{\"@context\":\"https:\\\/\\\/schema.org\",\"@graph\":[{\"@type\":\"WebPage\",\"@id\":\"https:\\\/\\\/valvex.com\\\/de\\\/produkt\\\/medica-waschtisch-standmischbatterier-mit-drehauslauf-49136\\\/\",\"url\":\"https:\\\/\\\/valvex.com\\\/de\\\/produkt\\\/medica-waschtisch-standmischbatterier-mit-drehauslauf-49136\\\/\",\"name\":\"Waschtisch-Standmischbatterier mit Drehauslauf - Valvex\",\"isPartOf\":{\"@id\":\"https:\\\/\\\/valvex.com\\\/de\\\/#website\"},\"primaryImageOfPage\":{\"@id\":\"https:\\\/\\\/valvex.com\\\/de\\\/produkt\\\/medica-waschtisch-standmischbatterier-mit-drehauslauf-49136\\\/#primaryimage\"},\"image\":{\"@id\":\"https:\\\/\\\/valvex.com\\\/de\\\/produkt\\\/medica-waschtisch-standmischbatterier-mit-drehauslauf-49136\\\/#primaryimage\"},\"thumbnailUrl\":\"https:\\\/\\\/valvex.com\\\/wp-content\\\/uploads\\\/2021\\\/06\\\/VALVEX_2401770_MEDICA-1.png\",\"datePublished\":\"2021-06-08T09:00:06+00:00\",\"dateModified\":\"2025-12-17T15:44:12+00:00\",\"breadcrumb\":{\"@id\":\"https:\\\/\\\/valvex.com\\\/de\\\/produkt\\\/medica-waschtisch-standmischbatterier-mit-drehauslauf-49136\\\/#breadcrumb\"},\"inLanguage\":\"de\",\"potentialAction\":[{\"@type\":\"ReadAction\",\"target\":[\"https:\\\/\\\/valvex.com\\\/de\\\/produkt\\\/medica-waschtisch-standmischbatterier-mit-drehauslauf-49136\\\/\"]}]},{\"@type\":\"ImageObject\",\"inLanguage\":\"de\",\"@id\":\"https:\\\/\\\/valvex.com\\\/de\\\/produkt\\\/medica-waschtisch-standmischbatterier-mit-drehauslauf-49136\\\/#primaryimage\",\"url\":\"https:\\\/\\\/valvex.com\\\/wp-content\\\/uploads\\\/2021\\\/06\\\/VALVEX_2401770_MEDICA-1.png\",\"contentUrl\":\"https:\\\/\\\/valvex.com\\\/wp-content\\\/uploads\\\/2021\\\/06\\\/VALVEX_2401770_MEDICA-1.png\",\"width\":800,\"height\":800},{\"@type\":\"BreadcrumbList\",\"@id\":\"https:\\\/\\\/valvex.com\\\/de\\\/produkt\\\/medica-waschtisch-standmischbatterier-mit-drehauslauf-49136\\\/#breadcrumb\",\"itemListElement\":[{\"@type\":\"ListItem\",\"position\":1,\"name\":\"Strona g\u0142\u00f3wna\",\"item\":\"https:\\\/\\\/valvex.com\\\/de\\\/\"},{\"@type\":\"ListItem\",\"position\":2,\"name\":\"Badezimmer\",\"item\":\"https:\\\/\\\/valvex.com\\\/de\\\/oferta\\\/badezimmer\\\/\"},{\"@type\":\"ListItem\",\"position\":3,\"name\":\"Waschtisch-Standmischbatterier mit Drehauslauf\"}]},{\"@type\":\"WebSite\",\"@id\":\"https:\\\/\\\/valvex.com\\\/de\\\/#website\",\"url\":\"https:\\\/\\\/valvex.com\\\/de\\\/\",\"name\":\"Valvex\",\"description\":\"Hersteller von Sanit\u00e4ranlagen und Armaturen\\n\\n\",\"potentialAction\":[{\"@type\":\"SearchAction\",\"target\":{\"@type\":\"EntryPoint\",\"urlTemplate\":\"https:\\\/\\\/valvex.com\\\/de\\\/?s={search_term_string}\"},\"query-input\":{\"@type\":\"PropertyValueSpecification\",\"valueRequired\":true,\"valueName\":\"search_term_string\"}}],\"inLanguage\":\"de\"}]}<\/script>\n<!-- \/ Yoast SEO plugin. -->","yoast_head_json":{"title":"Waschtisch-Standmischbatterier mit Drehauslauf - Valvex","robots":{"index":"index","follow":"follow","max-snippet":"max-snippet:-1","max-image-preview":"max-image-preview:large","max-video-preview":"max-video-preview:-1"},"canonical":"https:\/\/valvex.com\/de\/produkt\/medica-waschtisch-standmischbatterier-mit-drehauslauf-49136\/","og_locale":"de_DE","og_type":"article","og_title":"Waschtisch-Standmischbatterier mit Drehauslauf - Valvex","og_description":"Mit einem speziellem Griff ausgestattet, der \u00d6ffnen, Schlie\u00dfen und Wasserregulation mit Hilfe des Ellenbogens erm\u00f6glicht. Die perfekte L\u00f6sung f\u00fcr alle Badezimmer, wo die Einhaltung von maximaler Handhygiene z\u00e4hlt. Die Batterie besitzt ein Attest der Staatlichen Hygiene Anstalt, welches den Gebrauch in Geb\u00e4uden \u00f6ffentlicher Nutzung erm\u00f6glicht: z.B. :Edukationsanstalten, Arztpraxen in dem Operationssaalen, Dienstleistungs- und Industrie-Unternehmen sowie [&hellip;]","og_url":"https:\/\/valvex.com\/de\/produkt\/medica-waschtisch-standmischbatterier-mit-drehauslauf-49136\/","og_site_name":"Valvex","article_modified_time":"2025-12-17T15:44:12+00:00","og_image":[{"width":800,"height":800,"url":"https:\/\/valvex.com\/wp-content\/uploads\/2021\/06\/VALVEX_2401770_MEDICA-1.png","type":"image\/png"}],"twitter_card":"summary_large_image","twitter_misc":{"Gesch\u00e4tzte Lesezeit":"1 Minute"},"schema":{"@context":"https:\/\/schema.org","@graph":[{"@type":"WebPage","@id":"https:\/\/valvex.com\/de\/produkt\/medica-waschtisch-standmischbatterier-mit-drehauslauf-49136\/","url":"https:\/\/valvex.com\/de\/produkt\/medica-waschtisch-standmischbatterier-mit-drehauslauf-49136\/","name":"Waschtisch-Standmischbatterier mit Drehauslauf - Valvex","isPartOf":{"@id":"https:\/\/valvex.com\/de\/#website"},"primaryImageOfPage":{"@id":"https:\/\/valvex.com\/de\/produkt\/medica-waschtisch-standmischbatterier-mit-drehauslauf-49136\/#primaryimage"},"image":{"@id":"https:\/\/valvex.com\/de\/produkt\/medica-waschtisch-standmischbatterier-mit-drehauslauf-49136\/#primaryimage"},"thumbnailUrl":"https:\/\/valvex.com\/wp-content\/uploads\/2021\/06\/VALVEX_2401770_MEDICA-1.png","datePublished":"2021-06-08T09:00:06+00:00","dateModified":"2025-12-17T15:44:12+00:00","breadcrumb":{"@id":"https:\/\/valvex.com\/de\/produkt\/medica-waschtisch-standmischbatterier-mit-drehauslauf-49136\/#breadcrumb"},"inLanguage":"de","potentialAction":[{"@type":"ReadAction","target":["https:\/\/valvex.com\/de\/produkt\/medica-waschtisch-standmischbatterier-mit-drehauslauf-49136\/"]}]},{"@type":"ImageObject","inLanguage":"de","@id":"https:\/\/valvex.com\/de\/produkt\/medica-waschtisch-standmischbatterier-mit-drehauslauf-49136\/#primaryimage","url":"https:\/\/valvex.com\/wp-content\/uploads\/2021\/06\/VALVEX_2401770_MEDICA-1.png","contentUrl":"https:\/\/valvex.com\/wp-content\/uploads\/2021\/06\/VALVEX_2401770_MEDICA-1.png","width":800,"height":800},{"@type":"BreadcrumbList","@id":"https:\/\/valvex.com\/de\/produkt\/medica-waschtisch-standmischbatterier-mit-drehauslauf-49136\/#breadcrumb","itemListElement":[{"@type":"ListItem","position":1,"name":"Strona g\u0142\u00f3wna","item":"https:\/\/valvex.com\/de\/"},{"@type":"ListItem","position":2,"name":"Badezimmer","item":"https:\/\/valvex.com\/de\/oferta\/badezimmer\/"},{"@type":"ListItem","position":3,"name":"Waschtisch-Standmischbatterier mit Drehauslauf"}]},{"@type":"WebSite","@id":"https:\/\/valvex.com\/de\/#website","url":"https:\/\/valvex.com\/de\/","name":"Valvex","description":"Hersteller von Sanit\u00e4ranlagen und Armaturen\n\n","potentialAction":[{"@type":"SearchAction","target":{"@type":"EntryPoint","urlTemplate":"https:\/\/valvex.com\/de\/?s={search_term_string}"},"query-input":{"@type":"PropertyValueSpecification","valueRequired":true,"valueName":"search_term_string"}}],"inLanguage":"de"}]}},"_links":{"self":[{"href":"https:\/\/valvex.com\/de\/wp-json\/wp\/v2\/product\/49136","targetHints":{"allow":["GET"]}}],"collection":[{"href":"https:\/\/valvex.com\/de\/wp-json\/wp\/v2\/product"}],"about":[{"href":"https:\/\/valvex.com\/de\/wp-json\/wp\/v2\/types\/product"}],"wp:featuredmedia":[{"embeddable":true,"href":"https:\/\/valvex.com\/de\/wp-json\/wp\/v2\/media\/75750"}],"wp:attachment":[{"href":"https:\/\/valvex.com\/de\/wp-json\/wp\/v2\/media?parent=49136"}],"wp:term":[{"taxonomy":"ikony_produktow","embeddable":true,"href":"https:\/\/valvex.com\/de\/wp-json\/wp\/v2\/ikony_produktow?post=49136"},{"taxonomy":"product_category","embeddable":true,"href":"https:\/\/valvex.com\/de\/wp-json\/wp\/v2\/product_category?post=49136"},{"taxonomy":"product_series","embeddable":true,"href":"https:\/\/valvex.com\/de\/wp-json\/wp\/v2\/product_series?post=49136"},{"taxonomy":"color","embeddable":true,"href":"https:\/\/valvex.com\/de\/wp-json\/wp\/v2\/color?post=49136"}],"curies":[{"name":"wp","href":"https:\/\/api.w.org\/{rel}","templated":true}]}}