{"id":49094,"date":"2019-07-01T15:49:28","date_gmt":"2019-07-01T13:49:28","guid":{"rendered":"http:\/\/valvex.com\/product\/class-badewannen-wand-mischbatterie-mit-garnitur\/"},"modified":"2024-07-10T09:07:33","modified_gmt":"2024-07-10T07:07:33","slug":"class-badewannen-wand-mischbatterie-mit-garnitur-49094","status":"publish","type":"product","link":"https:\/\/valvex.com\/de\/produkt\/class-badewannen-wand-mischbatterie-mit-garnitur-49094\/","title":{"rendered":"Badewannen-Wand-Mischbatterie mit Garnitur"},"content":{"rendered":"<h3>Der charakteristische Duschschalter erinnert mit seiner Form an die Armatur-Elemente aus den 50-ger Jahren des XX Jahrhunderts.<\/h3>\n<p style=\"text-align: justify;\">Die klassischen zwei Drehkn\u00f6pfe erm\u00f6glichen die flie\u00dfende Regulation vom hei\u00dfen und kaltem Wasser. Die Batterie ist mit einem Duschschlauch und Duschkopf ausgestattet, der am klassischem, in der Batterie montiertem, Griff befestigt ist. Der charakteristische Duschschalter erinnert mit seiner Form an die Armatur-Elemente aus den 50-ger Jahren des XX Jahrhunderts.<\/p>\n<table style=\"border-color: #ffffff; background-color: #ffffff;\">\n<tbody>\n<tr style=\"width: 70px;\">\n<td style=\"border-color: #ffffff;\"><img decoding=\"async\" class=\" aligncenter\" src=\"http:\/\/valvex.com\/content\/themes\/valvex\/assets\/img\/product-icons\/o2.png\" \/><\/td>\n<td style=\"border-color: #ffffff;\"><strong>Aerating stream regulator<\/strong><\/td>\n<\/tr>\n<tr style=\"width: 70px;\">\n<td style=\"border-color: #ffffff;\"><img decoding=\"async\" class=\" aligncenter\" src=\"http:\/\/valvex.com\/content\/themes\/valvex\/assets\/img\/product-icons\/natrysk.png\" \/><\/td>\n<td style=\"border-color: #ffffff;\"><strong>Complete mixer with spot shower set<\/strong><\/td>\n<\/tr>\n<\/tbody>\n<\/table>\n","protected":false},"featured_media":49092,"template":"","ikony_produktow":[],"product_category":[1811,1931,1946,437],"product_series":[564],"color":[1760],"class_list":["post-49094","product","type-product","status-publish","has-post-thumbnail","hentry","product_category-badezimmer","product_category-badewanne","product_category-badewannenarmaturen","product_category-wannebatterien-bathroom-and-kitchen-area","product_series-class-de","color-chrome"],"acf":[],"yoast_head":"<!-- This site is optimized with the Yoast SEO plugin v27.3 - https:\/\/yoast.com\/product\/yoast-seo-wordpress\/ -->\n<title>Badewannen-Wand-Mischbatterie mit Garnitur - Valvex<\/title>\n<meta name=\"robots\" content=\"index, follow, max-snippet:-1, max-image-preview:large, max-video-preview:-1\" \/>\n<link rel=\"canonical\" href=\"https:\/\/valvex.com\/de\/produkt\/class-badewannen-wand-mischbatterie-mit-garnitur-49094\/\" \/>\n<meta property=\"og:locale\" content=\"de_DE\" \/>\n<meta property=\"og:type\" content=\"article\" \/>\n<meta property=\"og:title\" content=\"Badewannen-Wand-Mischbatterie mit Garnitur - Valvex\" \/>\n<meta property=\"og:description\" content=\"Der charakteristische Duschschalter erinnert mit seiner Form an die Armatur-Elemente aus den 50-ger Jahren des XX Jahrhunderts. Die klassischen zwei Drehkn\u00f6pfe erm\u00f6glichen die flie\u00dfende Regulation vom hei\u00dfen und kaltem Wasser. Die Batterie ist mit einem Duschschlauch und Duschkopf ausgestattet, der am klassischem, in der Batterie montiertem, Griff befestigt ist. Der charakteristische Duschschalter erinnert mit seiner [&hellip;]\" \/>\n<meta property=\"og:url\" content=\"https:\/\/valvex.com\/de\/produkt\/class-badewannen-wand-mischbatterie-mit-garnitur-49094\/\" \/>\n<meta property=\"og:site_name\" content=\"Valvex\" \/>\n<meta property=\"article:modified_time\" content=\"2024-07-10T07:07:33+00:00\" \/>\n<meta property=\"og:image\" content=\"https:\/\/valvex.com\/wp-content\/uploads\/2022\/03\/2446030.jpg\" \/>\n\t<meta property=\"og:image:width\" content=\"650\" \/>\n\t<meta property=\"og:image:height\" content=\"415\" \/>\n\t<meta property=\"og:image:type\" content=\"image\/jpeg\" \/>\n<meta name=\"twitter:card\" content=\"summary_large_image\" \/>\n<meta name=\"twitter:label1\" content=\"Gesch\u00e4tzte Lesezeit\" \/>\n\t<meta name=\"twitter:data1\" content=\"2 Minuten\" \/>\n<script type=\"application\/ld+json\" class=\"yoast-schema-graph\">{\"@context\":\"https:\\\/\\\/schema.org\",\"@graph\":[{\"@type\":\"WebPage\",\"@id\":\"https:\\\/\\\/valvex.com\\\/de\\\/produkt\\\/class-badewannen-wand-mischbatterie-mit-garnitur-49094\\\/\",\"url\":\"https:\\\/\\\/valvex.com\\\/de\\\/produkt\\\/class-badewannen-wand-mischbatterie-mit-garnitur-49094\\\/\",\"name\":\"Badewannen-Wand-Mischbatterie mit Garnitur - Valvex\",\"isPartOf\":{\"@id\":\"https:\\\/\\\/valvex.com\\\/de\\\/#website\"},\"primaryImageOfPage\":{\"@id\":\"https:\\\/\\\/valvex.com\\\/de\\\/produkt\\\/class-badewannen-wand-mischbatterie-mit-garnitur-49094\\\/#primaryimage\"},\"image\":{\"@id\":\"https:\\\/\\\/valvex.com\\\/de\\\/produkt\\\/class-badewannen-wand-mischbatterie-mit-garnitur-49094\\\/#primaryimage\"},\"thumbnailUrl\":\"https:\\\/\\\/valvex.com\\\/wp-content\\\/uploads\\\/2022\\\/03\\\/2446030.jpg\",\"datePublished\":\"2019-07-01T13:49:28+00:00\",\"dateModified\":\"2024-07-10T07:07:33+00:00\",\"breadcrumb\":{\"@id\":\"https:\\\/\\\/valvex.com\\\/de\\\/produkt\\\/class-badewannen-wand-mischbatterie-mit-garnitur-49094\\\/#breadcrumb\"},\"inLanguage\":\"de\",\"potentialAction\":[{\"@type\":\"ReadAction\",\"target\":[\"https:\\\/\\\/valvex.com\\\/de\\\/produkt\\\/class-badewannen-wand-mischbatterie-mit-garnitur-49094\\\/\"]}]},{\"@type\":\"ImageObject\",\"inLanguage\":\"de\",\"@id\":\"https:\\\/\\\/valvex.com\\\/de\\\/produkt\\\/class-badewannen-wand-mischbatterie-mit-garnitur-49094\\\/#primaryimage\",\"url\":\"https:\\\/\\\/valvex.com\\\/wp-content\\\/uploads\\\/2022\\\/03\\\/2446030.jpg\",\"contentUrl\":\"https:\\\/\\\/valvex.com\\\/wp-content\\\/uploads\\\/2022\\\/03\\\/2446030.jpg\",\"width\":650,\"height\":415},{\"@type\":\"BreadcrumbList\",\"@id\":\"https:\\\/\\\/valvex.com\\\/de\\\/produkt\\\/class-badewannen-wand-mischbatterie-mit-garnitur-49094\\\/#breadcrumb\",\"itemListElement\":[{\"@type\":\"ListItem\",\"position\":1,\"name\":\"Strona g\u0142\u00f3wna\",\"item\":\"https:\\\/\\\/valvex.com\\\/de\\\/\"},{\"@type\":\"ListItem\",\"position\":2,\"name\":\"Badezimmer\",\"item\":\"https:\\\/\\\/valvex.com\\\/de\\\/oferta\\\/badezimmer\\\/\"},{\"@type\":\"ListItem\",\"position\":3,\"name\":\"Badewanne\",\"item\":\"https:\\\/\\\/valvex.com\\\/de\\\/oferta\\\/badezimmer\\\/badewanne\\\/\"},{\"@type\":\"ListItem\",\"position\":4,\"name\":\"Badewannenarmaturen\",\"item\":\"https:\\\/\\\/valvex.com\\\/de\\\/oferta\\\/badezimmer\\\/badewanne\\\/badewannenarmaturen\\\/\"},{\"@type\":\"ListItem\",\"position\":5,\"name\":\"Badewannen-Wand-Mischbatterie mit Garnitur\"}]},{\"@type\":\"WebSite\",\"@id\":\"https:\\\/\\\/valvex.com\\\/de\\\/#website\",\"url\":\"https:\\\/\\\/valvex.com\\\/de\\\/\",\"name\":\"Valvex\",\"description\":\"Hersteller von Sanit\u00e4ranlagen und Armaturen\\n\\n\",\"potentialAction\":[{\"@type\":\"SearchAction\",\"target\":{\"@type\":\"EntryPoint\",\"urlTemplate\":\"https:\\\/\\\/valvex.com\\\/de\\\/?s={search_term_string}\"},\"query-input\":{\"@type\":\"PropertyValueSpecification\",\"valueRequired\":true,\"valueName\":\"search_term_string\"}}],\"inLanguage\":\"de\"}]}<\/script>\n<!-- \/ Yoast SEO plugin. -->","yoast_head_json":{"title":"Badewannen-Wand-Mischbatterie mit Garnitur - Valvex","robots":{"index":"index","follow":"follow","max-snippet":"max-snippet:-1","max-image-preview":"max-image-preview:large","max-video-preview":"max-video-preview:-1"},"canonical":"https:\/\/valvex.com\/de\/produkt\/class-badewannen-wand-mischbatterie-mit-garnitur-49094\/","og_locale":"de_DE","og_type":"article","og_title":"Badewannen-Wand-Mischbatterie mit Garnitur - Valvex","og_description":"Der charakteristische Duschschalter erinnert mit seiner Form an die Armatur-Elemente aus den 50-ger Jahren des XX Jahrhunderts. Die klassischen zwei Drehkn\u00f6pfe erm\u00f6glichen die flie\u00dfende Regulation vom hei\u00dfen und kaltem Wasser. Die Batterie ist mit einem Duschschlauch und Duschkopf ausgestattet, der am klassischem, in der Batterie montiertem, Griff befestigt ist. Der charakteristische Duschschalter erinnert mit seiner [&hellip;]","og_url":"https:\/\/valvex.com\/de\/produkt\/class-badewannen-wand-mischbatterie-mit-garnitur-49094\/","og_site_name":"Valvex","article_modified_time":"2024-07-10T07:07:33+00:00","og_image":[{"width":650,"height":415,"url":"https:\/\/valvex.com\/wp-content\/uploads\/2022\/03\/2446030.jpg","type":"image\/jpeg"}],"twitter_card":"summary_large_image","twitter_misc":{"Gesch\u00e4tzte Lesezeit":"2 Minuten"},"schema":{"@context":"https:\/\/schema.org","@graph":[{"@type":"WebPage","@id":"https:\/\/valvex.com\/de\/produkt\/class-badewannen-wand-mischbatterie-mit-garnitur-49094\/","url":"https:\/\/valvex.com\/de\/produkt\/class-badewannen-wand-mischbatterie-mit-garnitur-49094\/","name":"Badewannen-Wand-Mischbatterie mit Garnitur - Valvex","isPartOf":{"@id":"https:\/\/valvex.com\/de\/#website"},"primaryImageOfPage":{"@id":"https:\/\/valvex.com\/de\/produkt\/class-badewannen-wand-mischbatterie-mit-garnitur-49094\/#primaryimage"},"image":{"@id":"https:\/\/valvex.com\/de\/produkt\/class-badewannen-wand-mischbatterie-mit-garnitur-49094\/#primaryimage"},"thumbnailUrl":"https:\/\/valvex.com\/wp-content\/uploads\/2022\/03\/2446030.jpg","datePublished":"2019-07-01T13:49:28+00:00","dateModified":"2024-07-10T07:07:33+00:00","breadcrumb":{"@id":"https:\/\/valvex.com\/de\/produkt\/class-badewannen-wand-mischbatterie-mit-garnitur-49094\/#breadcrumb"},"inLanguage":"de","potentialAction":[{"@type":"ReadAction","target":["https:\/\/valvex.com\/de\/produkt\/class-badewannen-wand-mischbatterie-mit-garnitur-49094\/"]}]},{"@type":"ImageObject","inLanguage":"de","@id":"https:\/\/valvex.com\/de\/produkt\/class-badewannen-wand-mischbatterie-mit-garnitur-49094\/#primaryimage","url":"https:\/\/valvex.com\/wp-content\/uploads\/2022\/03\/2446030.jpg","contentUrl":"https:\/\/valvex.com\/wp-content\/uploads\/2022\/03\/2446030.jpg","width":650,"height":415},{"@type":"BreadcrumbList","@id":"https:\/\/valvex.com\/de\/produkt\/class-badewannen-wand-mischbatterie-mit-garnitur-49094\/#breadcrumb","itemListElement":[{"@type":"ListItem","position":1,"name":"Strona g\u0142\u00f3wna","item":"https:\/\/valvex.com\/de\/"},{"@type":"ListItem","position":2,"name":"Badezimmer","item":"https:\/\/valvex.com\/de\/oferta\/badezimmer\/"},{"@type":"ListItem","position":3,"name":"Badewanne","item":"https:\/\/valvex.com\/de\/oferta\/badezimmer\/badewanne\/"},{"@type":"ListItem","position":4,"name":"Badewannenarmaturen","item":"https:\/\/valvex.com\/de\/oferta\/badezimmer\/badewanne\/badewannenarmaturen\/"},{"@type":"ListItem","position":5,"name":"Badewannen-Wand-Mischbatterie mit Garnitur"}]},{"@type":"WebSite","@id":"https:\/\/valvex.com\/de\/#website","url":"https:\/\/valvex.com\/de\/","name":"Valvex","description":"Hersteller von Sanit\u00e4ranlagen und Armaturen\n\n","potentialAction":[{"@type":"SearchAction","target":{"@type":"EntryPoint","urlTemplate":"https:\/\/valvex.com\/de\/?s={search_term_string}"},"query-input":{"@type":"PropertyValueSpecification","valueRequired":true,"valueName":"search_term_string"}}],"inLanguage":"de"}]}},"_links":{"self":[{"href":"https:\/\/valvex.com\/de\/wp-json\/wp\/v2\/product\/49094","targetHints":{"allow":["GET"]}}],"collection":[{"href":"https:\/\/valvex.com\/de\/wp-json\/wp\/v2\/product"}],"about":[{"href":"https:\/\/valvex.com\/de\/wp-json\/wp\/v2\/types\/product"}],"wp:featuredmedia":[{"embeddable":true,"href":"https:\/\/valvex.com\/de\/wp-json\/wp\/v2\/media\/49092"}],"wp:attachment":[{"href":"https:\/\/valvex.com\/de\/wp-json\/wp\/v2\/media?parent=49094"}],"wp:term":[{"taxonomy":"ikony_produktow","embeddable":true,"href":"https:\/\/valvex.com\/de\/wp-json\/wp\/v2\/ikony_produktow?post=49094"},{"taxonomy":"product_category","embeddable":true,"href":"https:\/\/valvex.com\/de\/wp-json\/wp\/v2\/product_category?post=49094"},{"taxonomy":"product_series","embeddable":true,"href":"https:\/\/valvex.com\/de\/wp-json\/wp\/v2\/product_series?post=49094"},{"taxonomy":"color","embeddable":true,"href":"https:\/\/valvex.com\/de\/wp-json\/wp\/v2\/color?post=49094"}],"curies":[{"name":"wp","href":"https:\/\/api.w.org\/{rel}","templated":true}]}}