{"id":48794,"date":"2021-09-24T15:47:47","date_gmt":"2021-09-24T13:47:47","guid":{"rendered":"http:\/\/valvex.com\/product\/loft-kuechen-standmischbatterie-mit-seitlichem-hebel\/"},"modified":"2024-05-16T15:08:46","modified_gmt":"2024-05-16T13:08:46","slug":"loft-k%c3%bcchen-standmischbatterie-mit-seitlichem-hebel-48794","status":"publish","type":"product","link":"https:\/\/valvex.com\/de\/produkt\/loft-k%c3%bcchen-standmischbatterie-mit-seitlichem-hebel-48794\/","title":{"rendered":"K\u00fcchen-Standmischbatterie mit seitlichem Hebel"},"content":{"rendered":"<h3>Die kubistische Form des Ausgusses, die einen dezenten Bogen bildet, gibt der Batterie Leichtigkeit.<\/h3>\n<p style=\"text-align: justify;\">Dank ihr gewinnt jede moderne K\u00fcche einen Hauch von industrieller Atmosph\u00e4re. Die LOFT Batterie vereinbart Modernit\u00e4t und Funktionalit\u00e4t &#8211; die Komfortzone, die es dank dem verstellbaren Ausguss gibt, gibt volle Bewegungsfreiheit und macht K\u00fcchenarbeiten einfacher.<\/p>\n<table style=\"border-color: #ffffff; background-color: #ffffff;\">\n<tbody>\n<tr style=\"width: 70px;\">\n<td style=\"border-color: #ffffff;\"><img decoding=\"async\" class=\" aligncenter\" src=\"http:\/\/valvex.com\/content\/themes\/valvex\/assets\/img\/product-icons\/o2.png\" \/><\/td>\n<td style=\"border-color: #ffffff;\"><strong>Aerating stream regulator<\/strong><\/td>\n<\/tr>\n<tr>\n<td style=\"width: 70px; border-color: #ffffff;\"><img decoding=\"async\" class=\" aligncenter\" src=\"http:\/\/valvex.com\/content\/themes\/valvex\/assets\/img\/product-icons\/hcceramic.png\" \/><\/td>\n<td style=\"border-color: #ffffff;\"><strong>Mixer \/ ceramic head<\/strong><\/td>\n<\/tr>\n<tr style=\"width: 70px;\">\n<td style=\"border-color: #ffffff;\"><img decoding=\"async\" class=\" aligncenter\" src=\"http:\/\/valvex.com\/content\/themes\/valvex\/assets\/img\/product-icons\/obrot.png\" \/><\/td>\n<td style=\"border-color: #ffffff;\"><strong>Rotational spout<\/strong><\/td>\n<\/tr>\n<\/tbody>\n<\/table>\n","protected":false},"featured_media":67796,"template":"","ikony_produktow":[2111,2112,2114,2113,1691,2162,1690,2116],"product_category":[1957,1771,1806,2014,473],"product_series":[516],"color":[1760],"class_list":["post-48794","product","type-product","status-publish","has-post-thumbnail","hentry","ikony_produktow-25jahregarantie","ikony_produktow-48-stunden-serviceinpolen","ikony_produktow-comfortzone-de","ikony_produktow-keramikkartuschede","ikony_produktow-obrot","ikony_produktow-obrot-de","ikony_produktow-o2","ikony_produktow-o2-de","product_category-baterie-kuchenne-3","product_category-kueche","product_category-kuechenmixer","product_category-kuechenmixer-de","product_category-kuchebatterie-bathroom-and-kitchen-area","product_series-loft-de","color-chrome"],"acf":[],"yoast_head":"<!-- This site is optimized with the Yoast SEO plugin v27.3 - https:\/\/yoast.com\/product\/yoast-seo-wordpress\/ -->\n<title>K\u00fcchen-Standmischbatterie mit seitlichem Hebel - Valvex<\/title>\n<meta name=\"robots\" content=\"index, follow, max-snippet:-1, max-image-preview:large, max-video-preview:-1\" \/>\n<link rel=\"canonical\" href=\"https:\/\/valvex.com\/de\/produkt\/loft-k%c3%bcchen-standmischbatterie-mit-seitlichem-hebel-48794\/\" \/>\n<meta property=\"og:locale\" content=\"de_DE\" \/>\n<meta property=\"og:type\" content=\"article\" \/>\n<meta property=\"og:title\" content=\"K\u00fcchen-Standmischbatterie mit seitlichem Hebel - Valvex\" \/>\n<meta property=\"og:description\" content=\"Die kubistische Form des Ausgusses, die einen dezenten Bogen bildet, gibt der Batterie Leichtigkeit. Dank ihr gewinnt jede moderne K\u00fcche einen Hauch von industrieller Atmosph\u00e4re. Die LOFT Batterie vereinbart Modernit\u00e4t und Funktionalit\u00e4t &#8211; die Komfortzone, die es dank dem verstellbaren Ausguss gibt, gibt volle Bewegungsfreiheit und macht K\u00fcchenarbeiten einfacher. Aerating stream regulator Mixer \/ ceramic [&hellip;]\" \/>\n<meta property=\"og:url\" content=\"https:\/\/valvex.com\/de\/produkt\/loft-k%c3%bcchen-standmischbatterie-mit-seitlichem-hebel-48794\/\" \/>\n<meta property=\"og:site_name\" content=\"Valvex\" \/>\n<meta property=\"article:modified_time\" content=\"2024-05-16T13:08:46+00:00\" \/>\n<meta property=\"og:image\" content=\"https:\/\/valvex.com\/wp-content\/uploads\/2021\/09\/VALVEX_2454960_LOFT_kuchnia-1.png\" \/>\n\t<meta property=\"og:image:width\" content=\"800\" \/>\n\t<meta property=\"og:image:height\" content=\"800\" \/>\n\t<meta property=\"og:image:type\" content=\"image\/png\" \/>\n<meta name=\"twitter:card\" content=\"summary_large_image\" \/>\n<meta name=\"twitter:label1\" content=\"Gesch\u00e4tzte Lesezeit\" \/>\n\t<meta name=\"twitter:data1\" content=\"1 Minute\" \/>\n<script type=\"application\/ld+json\" class=\"yoast-schema-graph\">{\"@context\":\"https:\\\/\\\/schema.org\",\"@graph\":[{\"@type\":\"WebPage\",\"@id\":\"https:\\\/\\\/valvex.com\\\/de\\\/produkt\\\/loft-k%c3%bcchen-standmischbatterie-mit-seitlichem-hebel-48794\\\/\",\"url\":\"https:\\\/\\\/valvex.com\\\/de\\\/produkt\\\/loft-k%c3%bcchen-standmischbatterie-mit-seitlichem-hebel-48794\\\/\",\"name\":\"K\u00fcchen-Standmischbatterie mit seitlichem Hebel - Valvex\",\"isPartOf\":{\"@id\":\"https:\\\/\\\/valvex.com\\\/de\\\/#website\"},\"primaryImageOfPage\":{\"@id\":\"https:\\\/\\\/valvex.com\\\/de\\\/produkt\\\/loft-k%c3%bcchen-standmischbatterie-mit-seitlichem-hebel-48794\\\/#primaryimage\"},\"image\":{\"@id\":\"https:\\\/\\\/valvex.com\\\/de\\\/produkt\\\/loft-k%c3%bcchen-standmischbatterie-mit-seitlichem-hebel-48794\\\/#primaryimage\"},\"thumbnailUrl\":\"https:\\\/\\\/valvex.com\\\/wp-content\\\/uploads\\\/2022\\\/05\\\/VALVEX_2454960_LOFT_kuchnia.png\",\"datePublished\":\"2021-09-24T13:47:47+00:00\",\"dateModified\":\"2024-05-16T13:08:46+00:00\",\"breadcrumb\":{\"@id\":\"https:\\\/\\\/valvex.com\\\/de\\\/produkt\\\/loft-k%c3%bcchen-standmischbatterie-mit-seitlichem-hebel-48794\\\/#breadcrumb\"},\"inLanguage\":\"de\",\"potentialAction\":[{\"@type\":\"ReadAction\",\"target\":[\"https:\\\/\\\/valvex.com\\\/de\\\/produkt\\\/loft-k%c3%bcchen-standmischbatterie-mit-seitlichem-hebel-48794\\\/\"]}]},{\"@type\":\"ImageObject\",\"inLanguage\":\"de\",\"@id\":\"https:\\\/\\\/valvex.com\\\/de\\\/produkt\\\/loft-k%c3%bcchen-standmischbatterie-mit-seitlichem-hebel-48794\\\/#primaryimage\",\"url\":\"https:\\\/\\\/valvex.com\\\/wp-content\\\/uploads\\\/2022\\\/05\\\/VALVEX_2454960_LOFT_kuchnia.png\",\"contentUrl\":\"https:\\\/\\\/valvex.com\\\/wp-content\\\/uploads\\\/2022\\\/05\\\/VALVEX_2454960_LOFT_kuchnia.png\",\"width\":800,\"height\":800},{\"@type\":\"BreadcrumbList\",\"@id\":\"https:\\\/\\\/valvex.com\\\/de\\\/produkt\\\/loft-k%c3%bcchen-standmischbatterie-mit-seitlichem-hebel-48794\\\/#breadcrumb\",\"itemListElement\":[{\"@type\":\"ListItem\",\"position\":1,\"name\":\"Strona g\u0142\u00f3wna\",\"item\":\"https:\\\/\\\/valvex.com\\\/de\\\/\"},{\"@type\":\"ListItem\",\"position\":2,\"name\":\"K\u00fcche\",\"item\":\"https:\\\/\\\/valvex.com\\\/de\\\/oferta\\\/kueche\\\/\"},{\"@type\":\"ListItem\",\"position\":3,\"name\":\"K\u00fcchenmixer\",\"item\":\"https:\\\/\\\/valvex.com\\\/de\\\/oferta\\\/kueche\\\/kuechenmixer\\\/\"},{\"@type\":\"ListItem\",\"position\":4,\"name\":\"K\u00fcchen-Standmischbatterie mit seitlichem Hebel\"}]},{\"@type\":\"WebSite\",\"@id\":\"https:\\\/\\\/valvex.com\\\/de\\\/#website\",\"url\":\"https:\\\/\\\/valvex.com\\\/de\\\/\",\"name\":\"Valvex\",\"description\":\"Hersteller von Sanit\u00e4ranlagen und Armaturen\\n\\n\",\"potentialAction\":[{\"@type\":\"SearchAction\",\"target\":{\"@type\":\"EntryPoint\",\"urlTemplate\":\"https:\\\/\\\/valvex.com\\\/de\\\/?s={search_term_string}\"},\"query-input\":{\"@type\":\"PropertyValueSpecification\",\"valueRequired\":true,\"valueName\":\"search_term_string\"}}],\"inLanguage\":\"de\"}]}<\/script>\n<!-- \/ Yoast SEO plugin. -->","yoast_head_json":{"title":"K\u00fcchen-Standmischbatterie mit seitlichem Hebel - Valvex","robots":{"index":"index","follow":"follow","max-snippet":"max-snippet:-1","max-image-preview":"max-image-preview:large","max-video-preview":"max-video-preview:-1"},"canonical":"https:\/\/valvex.com\/de\/produkt\/loft-k%c3%bcchen-standmischbatterie-mit-seitlichem-hebel-48794\/","og_locale":"de_DE","og_type":"article","og_title":"K\u00fcchen-Standmischbatterie mit seitlichem Hebel - Valvex","og_description":"Die kubistische Form des Ausgusses, die einen dezenten Bogen bildet, gibt der Batterie Leichtigkeit. Dank ihr gewinnt jede moderne K\u00fcche einen Hauch von industrieller Atmosph\u00e4re. Die LOFT Batterie vereinbart Modernit\u00e4t und Funktionalit\u00e4t &#8211; die Komfortzone, die es dank dem verstellbaren Ausguss gibt, gibt volle Bewegungsfreiheit und macht K\u00fcchenarbeiten einfacher. Aerating stream regulator Mixer \/ ceramic [&hellip;]","og_url":"https:\/\/valvex.com\/de\/produkt\/loft-k%c3%bcchen-standmischbatterie-mit-seitlichem-hebel-48794\/","og_site_name":"Valvex","article_modified_time":"2024-05-16T13:08:46+00:00","og_image":[{"width":800,"height":800,"url":"https:\/\/valvex.com\/wp-content\/uploads\/2021\/09\/VALVEX_2454960_LOFT_kuchnia-1.png","type":"image\/png"}],"twitter_card":"summary_large_image","twitter_misc":{"Gesch\u00e4tzte Lesezeit":"1 Minute"},"schema":{"@context":"https:\/\/schema.org","@graph":[{"@type":"WebPage","@id":"https:\/\/valvex.com\/de\/produkt\/loft-k%c3%bcchen-standmischbatterie-mit-seitlichem-hebel-48794\/","url":"https:\/\/valvex.com\/de\/produkt\/loft-k%c3%bcchen-standmischbatterie-mit-seitlichem-hebel-48794\/","name":"K\u00fcchen-Standmischbatterie mit seitlichem Hebel - Valvex","isPartOf":{"@id":"https:\/\/valvex.com\/de\/#website"},"primaryImageOfPage":{"@id":"https:\/\/valvex.com\/de\/produkt\/loft-k%c3%bcchen-standmischbatterie-mit-seitlichem-hebel-48794\/#primaryimage"},"image":{"@id":"https:\/\/valvex.com\/de\/produkt\/loft-k%c3%bcchen-standmischbatterie-mit-seitlichem-hebel-48794\/#primaryimage"},"thumbnailUrl":"https:\/\/valvex.com\/wp-content\/uploads\/2022\/05\/VALVEX_2454960_LOFT_kuchnia.png","datePublished":"2021-09-24T13:47:47+00:00","dateModified":"2024-05-16T13:08:46+00:00","breadcrumb":{"@id":"https:\/\/valvex.com\/de\/produkt\/loft-k%c3%bcchen-standmischbatterie-mit-seitlichem-hebel-48794\/#breadcrumb"},"inLanguage":"de","potentialAction":[{"@type":"ReadAction","target":["https:\/\/valvex.com\/de\/produkt\/loft-k%c3%bcchen-standmischbatterie-mit-seitlichem-hebel-48794\/"]}]},{"@type":"ImageObject","inLanguage":"de","@id":"https:\/\/valvex.com\/de\/produkt\/loft-k%c3%bcchen-standmischbatterie-mit-seitlichem-hebel-48794\/#primaryimage","url":"https:\/\/valvex.com\/wp-content\/uploads\/2022\/05\/VALVEX_2454960_LOFT_kuchnia.png","contentUrl":"https:\/\/valvex.com\/wp-content\/uploads\/2022\/05\/VALVEX_2454960_LOFT_kuchnia.png","width":800,"height":800},{"@type":"BreadcrumbList","@id":"https:\/\/valvex.com\/de\/produkt\/loft-k%c3%bcchen-standmischbatterie-mit-seitlichem-hebel-48794\/#breadcrumb","itemListElement":[{"@type":"ListItem","position":1,"name":"Strona g\u0142\u00f3wna","item":"https:\/\/valvex.com\/de\/"},{"@type":"ListItem","position":2,"name":"K\u00fcche","item":"https:\/\/valvex.com\/de\/oferta\/kueche\/"},{"@type":"ListItem","position":3,"name":"K\u00fcchenmixer","item":"https:\/\/valvex.com\/de\/oferta\/kueche\/kuechenmixer\/"},{"@type":"ListItem","position":4,"name":"K\u00fcchen-Standmischbatterie mit seitlichem Hebel"}]},{"@type":"WebSite","@id":"https:\/\/valvex.com\/de\/#website","url":"https:\/\/valvex.com\/de\/","name":"Valvex","description":"Hersteller von Sanit\u00e4ranlagen und Armaturen\n\n","potentialAction":[{"@type":"SearchAction","target":{"@type":"EntryPoint","urlTemplate":"https:\/\/valvex.com\/de\/?s={search_term_string}"},"query-input":{"@type":"PropertyValueSpecification","valueRequired":true,"valueName":"search_term_string"}}],"inLanguage":"de"}]}},"_links":{"self":[{"href":"https:\/\/valvex.com\/de\/wp-json\/wp\/v2\/product\/48794","targetHints":{"allow":["GET"]}}],"collection":[{"href":"https:\/\/valvex.com\/de\/wp-json\/wp\/v2\/product"}],"about":[{"href":"https:\/\/valvex.com\/de\/wp-json\/wp\/v2\/types\/product"}],"wp:featuredmedia":[{"embeddable":true,"href":"https:\/\/valvex.com\/de\/wp-json\/wp\/v2\/media\/67796"}],"wp:attachment":[{"href":"https:\/\/valvex.com\/de\/wp-json\/wp\/v2\/media?parent=48794"}],"wp:term":[{"taxonomy":"ikony_produktow","embeddable":true,"href":"https:\/\/valvex.com\/de\/wp-json\/wp\/v2\/ikony_produktow?post=48794"},{"taxonomy":"product_category","embeddable":true,"href":"https:\/\/valvex.com\/de\/wp-json\/wp\/v2\/product_category?post=48794"},{"taxonomy":"product_series","embeddable":true,"href":"https:\/\/valvex.com\/de\/wp-json\/wp\/v2\/product_series?post=48794"},{"taxonomy":"color","embeddable":true,"href":"https:\/\/valvex.com\/de\/wp-json\/wp\/v2\/color?post=48794"}],"curies":[{"name":"wp","href":"https:\/\/api.w.org\/{rel}","templated":true}]}}