{"id":48759,"date":"2021-09-24T15:46:48","date_gmt":"2021-09-24T13:46:48","guid":{"rendered":"http:\/\/valvex.com\/product\/loft-badewannen-wandmischbatterie\/"},"modified":"2024-05-16T12:50:14","modified_gmt":"2024-05-16T10:50:14","slug":"loft-badewannen-wandmischbatterie-48759","status":"publish","type":"product","link":"https:\/\/valvex.com\/de\/produkt\/loft-badewannen-wandmischbatterie-48759\/","title":{"rendered":"Badewannen-WandMischbatterie"},"content":{"rendered":"<h3>Die LOFT Badewannen-Batterie ist nicht nur ein Gegenstand des t\u00e4glichen Gebrauches, sondern auch ein kleines Meisterwerk der Designerkunst, entworfen, um den Charakter des Raumes zu betonen.<\/h3>\n<p style=\"text-align: justify;\">Die entschlossen, ausdruckstarken Linien fordern Deine Sinne heraus und das Keramik-R\u00fchrwerk garantiert flie\u00dfende und pr\u00e4zise Wasserregulation. Dank dem Schalter mit der Blockade, kannst Du schnell den Wasserstrahl vom Ausguss zum Duschkopf leiten- nichts ist im Stande die entspannenden Momente des Abendbades \u00a0 zu st\u00f6ren.. Wenn Du die Accessoires zu dieser Batterie w\u00e4hlst, pr\u00fcfe die breite Auswahl an Griffen, Duschschl\u00e4uchen und Punkthaltern der Firma Valvex.<\/p>\n<table style=\"border-color: #ffffff; background-color: #ffffff;\">\n<tbody>\n<tr style=\"width: 70px;\">\n<td style=\"border-color: #ffffff;\"><img decoding=\"async\" class=\" aligncenter\" src=\"http:\/\/valvex.com\/content\/themes\/valvex\/assets\/img\/product-icons\/o2.png\" \/><\/td>\n<td style=\"border-color: #ffffff;\"><strong>Aerating stream regulator<\/strong><\/td>\n<\/tr>\n<tr>\n<td style=\"width: 70px; border-color: #ffffff;\"><img decoding=\"async\" class=\" aligncenter\" src=\"http:\/\/valvex.com\/content\/themes\/valvex\/assets\/img\/product-icons\/hcceramic.png\" \/><\/td>\n<td style=\"border-color: #ffffff;\"><strong>Mixer \/ ceramic head<\/strong><\/td>\n<\/tr>\n<tr style=\"width: 70px;\">\n<td style=\"border-color: #ffffff;\"><img decoding=\"async\" class=\" aligncenter\" src=\"http:\/\/valvex.com\/content\/themes\/valvex\/assets\/img\/product-icons\/przelacznikzblokada.png\" \/><\/td>\n<td style=\"border-color: #ffffff;\"><strong>Lock diverter<\/strong><\/td>\n<\/tr>\n<\/tbody>\n<\/table>\n","protected":false},"featured_media":83705,"template":"","ikony_produktow":[2111,2112,2113,2195,1690,2116],"product_category":[1811,1931,1946,437],"product_series":[516],"color":[1760],"class_list":["post-48759","product","type-product","status-publish","has-post-thumbnail","hentry","ikony_produktow-25jahregarantie","ikony_produktow-48-stunden-serviceinpolen","ikony_produktow-keramikkartuschede","ikony_produktow-schaltermitsperre","ikony_produktow-o2","ikony_produktow-o2-de","product_category-badezimmer","product_category-badewanne","product_category-badewannenarmaturen","product_category-wannebatterien-bathroom-and-kitchen-area","product_series-loft-de","color-chrome"],"acf":[],"yoast_head":"<!-- This site is optimized with the Yoast SEO plugin v27.3 - https:\/\/yoast.com\/product\/yoast-seo-wordpress\/ -->\n<title>Badewannen-WandMischbatterie - Valvex<\/title>\n<meta name=\"robots\" content=\"index, follow, max-snippet:-1, max-image-preview:large, max-video-preview:-1\" \/>\n<link rel=\"canonical\" href=\"https:\/\/valvex.com\/de\/produkt\/loft-badewannen-wandmischbatterie-48759\/\" \/>\n<meta property=\"og:locale\" content=\"de_DE\" \/>\n<meta property=\"og:type\" content=\"article\" \/>\n<meta property=\"og:title\" content=\"Badewannen-WandMischbatterie - Valvex\" \/>\n<meta property=\"og:description\" content=\"Die LOFT Badewannen-Batterie ist nicht nur ein Gegenstand des t\u00e4glichen Gebrauches, sondern auch ein kleines Meisterwerk der Designerkunst, entworfen, um den Charakter des Raumes zu betonen. Die entschlossen, ausdruckstarken Linien fordern Deine Sinne heraus und das Keramik-R\u00fchrwerk garantiert flie\u00dfende und pr\u00e4zise Wasserregulation. Dank dem Schalter mit der Blockade, kannst Du schnell den Wasserstrahl vom Ausguss [&hellip;]\" \/>\n<meta property=\"og:url\" content=\"https:\/\/valvex.com\/de\/produkt\/loft-badewannen-wandmischbatterie-48759\/\" \/>\n<meta property=\"og:site_name\" content=\"Valvex\" \/>\n<meta property=\"article:modified_time\" content=\"2024-05-16T10:50:14+00:00\" \/>\n<meta property=\"og:image\" content=\"https:\/\/valvex.com\/wp-content\/uploads\/2021\/09\/VALVEX_2454930_LOFT_wanna.png\" \/>\n\t<meta property=\"og:image:width\" content=\"800\" \/>\n\t<meta property=\"og:image:height\" content=\"800\" \/>\n\t<meta property=\"og:image:type\" content=\"image\/png\" \/>\n<meta name=\"twitter:card\" content=\"summary_large_image\" \/>\n<meta name=\"twitter:label1\" content=\"Gesch\u00e4tzte Lesezeit\" \/>\n\t<meta name=\"twitter:data1\" content=\"1 Minute\" \/>\n<script type=\"application\/ld+json\" class=\"yoast-schema-graph\">{\"@context\":\"https:\\\/\\\/schema.org\",\"@graph\":[{\"@type\":\"WebPage\",\"@id\":\"https:\\\/\\\/valvex.com\\\/de\\\/produkt\\\/loft-badewannen-wandmischbatterie-48759\\\/\",\"url\":\"https:\\\/\\\/valvex.com\\\/de\\\/produkt\\\/loft-badewannen-wandmischbatterie-48759\\\/\",\"name\":\"Badewannen-WandMischbatterie - Valvex\",\"isPartOf\":{\"@id\":\"https:\\\/\\\/valvex.com\\\/de\\\/#website\"},\"primaryImageOfPage\":{\"@id\":\"https:\\\/\\\/valvex.com\\\/de\\\/produkt\\\/loft-badewannen-wandmischbatterie-48759\\\/#primaryimage\"},\"image\":{\"@id\":\"https:\\\/\\\/valvex.com\\\/de\\\/produkt\\\/loft-badewannen-wandmischbatterie-48759\\\/#primaryimage\"},\"thumbnailUrl\":\"https:\\\/\\\/valvex.com\\\/wp-content\\\/uploads\\\/2021\\\/09\\\/Projekt-bez-nazwy293.png\",\"datePublished\":\"2021-09-24T13:46:48+00:00\",\"dateModified\":\"2024-05-16T10:50:14+00:00\",\"breadcrumb\":{\"@id\":\"https:\\\/\\\/valvex.com\\\/de\\\/produkt\\\/loft-badewannen-wandmischbatterie-48759\\\/#breadcrumb\"},\"inLanguage\":\"de\",\"potentialAction\":[{\"@type\":\"ReadAction\",\"target\":[\"https:\\\/\\\/valvex.com\\\/de\\\/produkt\\\/loft-badewannen-wandmischbatterie-48759\\\/\"]}]},{\"@type\":\"ImageObject\",\"inLanguage\":\"de\",\"@id\":\"https:\\\/\\\/valvex.com\\\/de\\\/produkt\\\/loft-badewannen-wandmischbatterie-48759\\\/#primaryimage\",\"url\":\"https:\\\/\\\/valvex.com\\\/wp-content\\\/uploads\\\/2021\\\/09\\\/Projekt-bez-nazwy293.png\",\"contentUrl\":\"https:\\\/\\\/valvex.com\\\/wp-content\\\/uploads\\\/2021\\\/09\\\/Projekt-bez-nazwy293.png\",\"width\":1000,\"height\":1125},{\"@type\":\"BreadcrumbList\",\"@id\":\"https:\\\/\\\/valvex.com\\\/de\\\/produkt\\\/loft-badewannen-wandmischbatterie-48759\\\/#breadcrumb\",\"itemListElement\":[{\"@type\":\"ListItem\",\"position\":1,\"name\":\"Strona g\u0142\u00f3wna\",\"item\":\"https:\\\/\\\/valvex.com\\\/de\\\/\"},{\"@type\":\"ListItem\",\"position\":2,\"name\":\"Badezimmer\",\"item\":\"https:\\\/\\\/valvex.com\\\/de\\\/oferta\\\/badezimmer\\\/\"},{\"@type\":\"ListItem\",\"position\":3,\"name\":\"Badewanne\",\"item\":\"https:\\\/\\\/valvex.com\\\/de\\\/oferta\\\/badezimmer\\\/badewanne\\\/\"},{\"@type\":\"ListItem\",\"position\":4,\"name\":\"Badewannenarmaturen\",\"item\":\"https:\\\/\\\/valvex.com\\\/de\\\/oferta\\\/badezimmer\\\/badewanne\\\/badewannenarmaturen\\\/\"},{\"@type\":\"ListItem\",\"position\":5,\"name\":\"Badewannen-WandMischbatterie\"}]},{\"@type\":\"WebSite\",\"@id\":\"https:\\\/\\\/valvex.com\\\/de\\\/#website\",\"url\":\"https:\\\/\\\/valvex.com\\\/de\\\/\",\"name\":\"Valvex\",\"description\":\"Hersteller von Sanit\u00e4ranlagen und Armaturen\\n\\n\",\"potentialAction\":[{\"@type\":\"SearchAction\",\"target\":{\"@type\":\"EntryPoint\",\"urlTemplate\":\"https:\\\/\\\/valvex.com\\\/de\\\/?s={search_term_string}\"},\"query-input\":{\"@type\":\"PropertyValueSpecification\",\"valueRequired\":true,\"valueName\":\"search_term_string\"}}],\"inLanguage\":\"de\"}]}<\/script>\n<!-- \/ Yoast SEO plugin. -->","yoast_head_json":{"title":"Badewannen-WandMischbatterie - Valvex","robots":{"index":"index","follow":"follow","max-snippet":"max-snippet:-1","max-image-preview":"max-image-preview:large","max-video-preview":"max-video-preview:-1"},"canonical":"https:\/\/valvex.com\/de\/produkt\/loft-badewannen-wandmischbatterie-48759\/","og_locale":"de_DE","og_type":"article","og_title":"Badewannen-WandMischbatterie - Valvex","og_description":"Die LOFT Badewannen-Batterie ist nicht nur ein Gegenstand des t\u00e4glichen Gebrauches, sondern auch ein kleines Meisterwerk der Designerkunst, entworfen, um den Charakter des Raumes zu betonen. Die entschlossen, ausdruckstarken Linien fordern Deine Sinne heraus und das Keramik-R\u00fchrwerk garantiert flie\u00dfende und pr\u00e4zise Wasserregulation. Dank dem Schalter mit der Blockade, kannst Du schnell den Wasserstrahl vom Ausguss [&hellip;]","og_url":"https:\/\/valvex.com\/de\/produkt\/loft-badewannen-wandmischbatterie-48759\/","og_site_name":"Valvex","article_modified_time":"2024-05-16T10:50:14+00:00","og_image":[{"width":800,"height":800,"url":"https:\/\/valvex.com\/wp-content\/uploads\/2021\/09\/VALVEX_2454930_LOFT_wanna.png","type":"image\/png"}],"twitter_card":"summary_large_image","twitter_misc":{"Gesch\u00e4tzte Lesezeit":"1 Minute"},"schema":{"@context":"https:\/\/schema.org","@graph":[{"@type":"WebPage","@id":"https:\/\/valvex.com\/de\/produkt\/loft-badewannen-wandmischbatterie-48759\/","url":"https:\/\/valvex.com\/de\/produkt\/loft-badewannen-wandmischbatterie-48759\/","name":"Badewannen-WandMischbatterie - Valvex","isPartOf":{"@id":"https:\/\/valvex.com\/de\/#website"},"primaryImageOfPage":{"@id":"https:\/\/valvex.com\/de\/produkt\/loft-badewannen-wandmischbatterie-48759\/#primaryimage"},"image":{"@id":"https:\/\/valvex.com\/de\/produkt\/loft-badewannen-wandmischbatterie-48759\/#primaryimage"},"thumbnailUrl":"https:\/\/valvex.com\/wp-content\/uploads\/2021\/09\/Projekt-bez-nazwy293.png","datePublished":"2021-09-24T13:46:48+00:00","dateModified":"2024-05-16T10:50:14+00:00","breadcrumb":{"@id":"https:\/\/valvex.com\/de\/produkt\/loft-badewannen-wandmischbatterie-48759\/#breadcrumb"},"inLanguage":"de","potentialAction":[{"@type":"ReadAction","target":["https:\/\/valvex.com\/de\/produkt\/loft-badewannen-wandmischbatterie-48759\/"]}]},{"@type":"ImageObject","inLanguage":"de","@id":"https:\/\/valvex.com\/de\/produkt\/loft-badewannen-wandmischbatterie-48759\/#primaryimage","url":"https:\/\/valvex.com\/wp-content\/uploads\/2021\/09\/Projekt-bez-nazwy293.png","contentUrl":"https:\/\/valvex.com\/wp-content\/uploads\/2021\/09\/Projekt-bez-nazwy293.png","width":1000,"height":1125},{"@type":"BreadcrumbList","@id":"https:\/\/valvex.com\/de\/produkt\/loft-badewannen-wandmischbatterie-48759\/#breadcrumb","itemListElement":[{"@type":"ListItem","position":1,"name":"Strona g\u0142\u00f3wna","item":"https:\/\/valvex.com\/de\/"},{"@type":"ListItem","position":2,"name":"Badezimmer","item":"https:\/\/valvex.com\/de\/oferta\/badezimmer\/"},{"@type":"ListItem","position":3,"name":"Badewanne","item":"https:\/\/valvex.com\/de\/oferta\/badezimmer\/badewanne\/"},{"@type":"ListItem","position":4,"name":"Badewannenarmaturen","item":"https:\/\/valvex.com\/de\/oferta\/badezimmer\/badewanne\/badewannenarmaturen\/"},{"@type":"ListItem","position":5,"name":"Badewannen-WandMischbatterie"}]},{"@type":"WebSite","@id":"https:\/\/valvex.com\/de\/#website","url":"https:\/\/valvex.com\/de\/","name":"Valvex","description":"Hersteller von Sanit\u00e4ranlagen und Armaturen\n\n","potentialAction":[{"@type":"SearchAction","target":{"@type":"EntryPoint","urlTemplate":"https:\/\/valvex.com\/de\/?s={search_term_string}"},"query-input":{"@type":"PropertyValueSpecification","valueRequired":true,"valueName":"search_term_string"}}],"inLanguage":"de"}]}},"_links":{"self":[{"href":"https:\/\/valvex.com\/de\/wp-json\/wp\/v2\/product\/48759","targetHints":{"allow":["GET"]}}],"collection":[{"href":"https:\/\/valvex.com\/de\/wp-json\/wp\/v2\/product"}],"about":[{"href":"https:\/\/valvex.com\/de\/wp-json\/wp\/v2\/types\/product"}],"wp:featuredmedia":[{"embeddable":true,"href":"https:\/\/valvex.com\/de\/wp-json\/wp\/v2\/media\/83705"}],"wp:attachment":[{"href":"https:\/\/valvex.com\/de\/wp-json\/wp\/v2\/media?parent=48759"}],"wp:term":[{"taxonomy":"ikony_produktow","embeddable":true,"href":"https:\/\/valvex.com\/de\/wp-json\/wp\/v2\/ikony_produktow?post=48759"},{"taxonomy":"product_category","embeddable":true,"href":"https:\/\/valvex.com\/de\/wp-json\/wp\/v2\/product_category?post=48759"},{"taxonomy":"product_series","embeddable":true,"href":"https:\/\/valvex.com\/de\/wp-json\/wp\/v2\/product_series?post=48759"},{"taxonomy":"color","embeddable":true,"href":"https:\/\/valvex.com\/de\/wp-json\/wp\/v2\/color?post=48759"}],"curies":[{"name":"wp","href":"https:\/\/api.w.org\/{rel}","templated":true}]}}