{"id":48745,"date":"2021-02-17T16:39:04","date_gmt":"2021-02-17T15:39:04","guid":{"rendered":"http:\/\/valvex.com\/product\/loft-eco-waschtischstandmischbatterie\/"},"modified":"2024-10-31T11:18:22","modified_gmt":"2024-10-31T10:18:22","slug":"loft-waschtischstandmischbatterie-48745","status":"publish","type":"product","link":"https:\/\/valvex.com\/de\/produkt\/loft-waschtischstandmischbatterie-48745\/","title":{"rendered":"WaschtischStandmischbatterie"},"content":{"rendered":"<h3>Distinguiert und k\u00fchl, majest\u00e4tisch ziert sie Dein Traumbadezimmer.<\/h3>\n<p style=\"text-align: justify;\">Sparsam in der Form, huldigt die Batterie der Fabrikgeb\u00e4ude-Architektur und im Zusammenhang mit der glatten, verchromten Oberfl\u00e4che sorgt sie f\u00fcr einzigartige Stimmung. Es ist auch Sparsamkeit in jedem Tropfen.. Der, in der Batterie verwendete, Perlator mit dem EASY-CLEAN System reduziert den Wasserdurchfluss bis zu 4,5l\/Min und macht somit die Rechnungen wesentlich kleiner, aber nicht den Komfort beim Nutzen &#8211; dieser bleibt n\u00e4mlich unver\u00e4ndert, dank der, zum Wasserstrahl hinzugef\u00fcgten, Luft. \u00a0Der verstellbare Winkel des Ausgusses erm\u00f6glicht die pr\u00e4zise Anpassung des Wasserstrahls zu den pers\u00f6nlichen Bed\u00fcrfnissen, was insbesondre bei gro\u00dfen Waschbecken \u00a0wesentlich ist.<\/p>\n<table style=\"border-color: #ffffff; background-color: #ffffff; width: 35.188%; height: 120px;\">\n<tbody>\n<tr style=\"width: 70px;\">\n<td style=\"border-color: #ffffff; height: 24px; width: 2.06186%;\"><\/td>\n<td style=\"border-color: #ffffff; height: 24px; width: 96.2887%;\"><strong>Aerating stream regulator<\/strong><\/td>\n<\/tr>\n<tr style=\"height: 24px;\">\n<td style=\"width: 2.06186%; border-color: #ffffff; height: 24px;\"><\/td>\n<td style=\"border-color: #ffffff; height: 24px; width: 96.2887%;\"><strong>Mixer \/ ceramic head<\/strong><\/td>\n<\/tr>\n<tr style=\"width: 70px;\">\n<td style=\"border-color: #ffffff; height: 24px; width: 2.06186%;\"><\/td>\n<td style=\"border-color: #ffffff; height: 24px; width: 96.2887%;\"><strong>Comfort<\/strong><\/td>\n<\/tr>\n<tr style=\"width: 70px;\">\n<td style=\"border-color: #ffffff; height: 24px; width: 2.06186%;\"><\/td>\n<td style=\"border-color: #ffffff; height: 24px; width: 96.2887%;\"><strong>Stream regulator with the anti-limescale system<\/strong><\/td>\n<\/tr>\n<tr style=\"width: 70px;\">\n<td style=\"border-color: #ffffff; height: 24px; width: 2.06186%;\"><\/td>\n<td style=\"border-color: #ffffff; height: 24px; width: 96.2887%;\"><strong>Stream regulator with the anti-limescale system<\/strong><\/td>\n<\/tr>\n<\/tbody>\n<\/table>\n","protected":false},"featured_media":76726,"template":"","ikony_produktow":[2111,2112,2115,2114,2113,2416,2129,2117,2116],"product_category":[1811,1921,431],"product_series":[516],"color":[1760],"class_list":["post-48745","product","type-product","status-publish","has-post-thumbnail","hentry","ikony_produktow-25jahregarantie","ikony_produktow-48-stunden-serviceinpolen","ikony_produktow-easyfix-de","ikony_produktow-comfortzone-de","ikony_produktow-keramikkartuschede","ikony_produktow-low-flow-system-de","ikony_produktow-easyclean-de","ikony_produktow-save-money-de","ikony_produktow-o2-de","product_category-badezimmer","product_category-waschbecken","product_category-hohe-waschtischmischer","product_series-loft-de","color-chrome"],"acf":[],"yoast_head":"<!-- This site is optimized with the Yoast SEO plugin v27.3 - https:\/\/yoast.com\/product\/yoast-seo-wordpress\/ -->\n<title>WaschtischStandmischbatterie - Valvex<\/title>\n<meta name=\"robots\" content=\"index, follow, max-snippet:-1, max-image-preview:large, max-video-preview:-1\" \/>\n<link rel=\"canonical\" href=\"https:\/\/valvex.com\/de\/produkt\/loft-waschtischstandmischbatterie-48745\/\" \/>\n<meta property=\"og:locale\" content=\"de_DE\" \/>\n<meta property=\"og:type\" content=\"article\" \/>\n<meta property=\"og:title\" content=\"WaschtischStandmischbatterie - Valvex\" \/>\n<meta property=\"og:description\" content=\"Distinguiert und k\u00fchl, majest\u00e4tisch ziert sie Dein Traumbadezimmer. Sparsam in der Form, huldigt die Batterie der Fabrikgeb\u00e4ude-Architektur und im Zusammenhang mit der glatten, verchromten Oberfl\u00e4che sorgt sie f\u00fcr einzigartige Stimmung. Es ist auch Sparsamkeit in jedem Tropfen.. Der, in der Batterie verwendete, Perlator mit dem EASY-CLEAN System reduziert den Wasserdurchfluss bis zu 4,5l\/Min und macht [&hellip;]\" \/>\n<meta property=\"og:url\" content=\"https:\/\/valvex.com\/de\/produkt\/loft-waschtischstandmischbatterie-48745\/\" \/>\n<meta property=\"og:site_name\" content=\"Valvex\" \/>\n<meta property=\"article:modified_time\" content=\"2024-10-31T10:18:22+00:00\" \/>\n<meta property=\"og:image\" content=\"https:\/\/valvex.com\/wp-content\/uploads\/2021\/02\/VALVEX_2454920_LOFT-3.png\" \/>\n\t<meta property=\"og:image:width\" content=\"800\" \/>\n\t<meta property=\"og:image:height\" content=\"800\" \/>\n\t<meta property=\"og:image:type\" content=\"image\/png\" \/>\n<meta name=\"twitter:card\" content=\"summary_large_image\" \/>\n<meta name=\"twitter:label1\" content=\"Gesch\u00e4tzte Lesezeit\" \/>\n\t<meta name=\"twitter:data1\" content=\"1 Minute\" \/>\n<script type=\"application\/ld+json\" class=\"yoast-schema-graph\">{\"@context\":\"https:\\\/\\\/schema.org\",\"@graph\":[{\"@type\":\"WebPage\",\"@id\":\"https:\\\/\\\/valvex.com\\\/de\\\/produkt\\\/loft-waschtischstandmischbatterie-48745\\\/\",\"url\":\"https:\\\/\\\/valvex.com\\\/de\\\/produkt\\\/loft-waschtischstandmischbatterie-48745\\\/\",\"name\":\"WaschtischStandmischbatterie - Valvex\",\"isPartOf\":{\"@id\":\"https:\\\/\\\/valvex.com\\\/de\\\/#website\"},\"primaryImageOfPage\":{\"@id\":\"https:\\\/\\\/valvex.com\\\/de\\\/produkt\\\/loft-waschtischstandmischbatterie-48745\\\/#primaryimage\"},\"image\":{\"@id\":\"https:\\\/\\\/valvex.com\\\/de\\\/produkt\\\/loft-waschtischstandmischbatterie-48745\\\/#primaryimage\"},\"thumbnailUrl\":\"https:\\\/\\\/valvex.com\\\/wp-content\\\/uploads\\\/2021\\\/02\\\/VALVEX_2454920_LOFT-3.png\",\"datePublished\":\"2021-02-17T15:39:04+00:00\",\"dateModified\":\"2024-10-31T10:18:22+00:00\",\"breadcrumb\":{\"@id\":\"https:\\\/\\\/valvex.com\\\/de\\\/produkt\\\/loft-waschtischstandmischbatterie-48745\\\/#breadcrumb\"},\"inLanguage\":\"de\",\"potentialAction\":[{\"@type\":\"ReadAction\",\"target\":[\"https:\\\/\\\/valvex.com\\\/de\\\/produkt\\\/loft-waschtischstandmischbatterie-48745\\\/\"]}]},{\"@type\":\"ImageObject\",\"inLanguage\":\"de\",\"@id\":\"https:\\\/\\\/valvex.com\\\/de\\\/produkt\\\/loft-waschtischstandmischbatterie-48745\\\/#primaryimage\",\"url\":\"https:\\\/\\\/valvex.com\\\/wp-content\\\/uploads\\\/2021\\\/02\\\/VALVEX_2454920_LOFT-3.png\",\"contentUrl\":\"https:\\\/\\\/valvex.com\\\/wp-content\\\/uploads\\\/2021\\\/02\\\/VALVEX_2454920_LOFT-3.png\",\"width\":800,\"height\":800},{\"@type\":\"BreadcrumbList\",\"@id\":\"https:\\\/\\\/valvex.com\\\/de\\\/produkt\\\/loft-waschtischstandmischbatterie-48745\\\/#breadcrumb\",\"itemListElement\":[{\"@type\":\"ListItem\",\"position\":1,\"name\":\"Strona g\u0142\u00f3wna\",\"item\":\"https:\\\/\\\/valvex.com\\\/de\\\/\"},{\"@type\":\"ListItem\",\"position\":2,\"name\":\"Badezimmer\",\"item\":\"https:\\\/\\\/valvex.com\\\/de\\\/oferta\\\/badezimmer\\\/\"},{\"@type\":\"ListItem\",\"position\":3,\"name\":\"Waschbecken\",\"item\":\"https:\\\/\\\/valvex.com\\\/de\\\/oferta\\\/badezimmer\\\/waschbecken\\\/\"},{\"@type\":\"ListItem\",\"position\":4,\"name\":\"Hohe Waschtischmischer\",\"item\":\"https:\\\/\\\/valvex.com\\\/de\\\/oferta\\\/badezimmer\\\/waschbecken\\\/hohe-waschtischmischer\\\/\"},{\"@type\":\"ListItem\",\"position\":5,\"name\":\"WaschtischStandmischbatterie\"}]},{\"@type\":\"WebSite\",\"@id\":\"https:\\\/\\\/valvex.com\\\/de\\\/#website\",\"url\":\"https:\\\/\\\/valvex.com\\\/de\\\/\",\"name\":\"Valvex\",\"description\":\"Hersteller von Sanit\u00e4ranlagen und Armaturen\\n\\n\",\"potentialAction\":[{\"@type\":\"SearchAction\",\"target\":{\"@type\":\"EntryPoint\",\"urlTemplate\":\"https:\\\/\\\/valvex.com\\\/de\\\/?s={search_term_string}\"},\"query-input\":{\"@type\":\"PropertyValueSpecification\",\"valueRequired\":true,\"valueName\":\"search_term_string\"}}],\"inLanguage\":\"de\"}]}<\/script>\n<!-- \/ Yoast SEO plugin. -->","yoast_head_json":{"title":"WaschtischStandmischbatterie - Valvex","robots":{"index":"index","follow":"follow","max-snippet":"max-snippet:-1","max-image-preview":"max-image-preview:large","max-video-preview":"max-video-preview:-1"},"canonical":"https:\/\/valvex.com\/de\/produkt\/loft-waschtischstandmischbatterie-48745\/","og_locale":"de_DE","og_type":"article","og_title":"WaschtischStandmischbatterie - Valvex","og_description":"Distinguiert und k\u00fchl, majest\u00e4tisch ziert sie Dein Traumbadezimmer. Sparsam in der Form, huldigt die Batterie der Fabrikgeb\u00e4ude-Architektur und im Zusammenhang mit der glatten, verchromten Oberfl\u00e4che sorgt sie f\u00fcr einzigartige Stimmung. Es ist auch Sparsamkeit in jedem Tropfen.. Der, in der Batterie verwendete, Perlator mit dem EASY-CLEAN System reduziert den Wasserdurchfluss bis zu 4,5l\/Min und macht [&hellip;]","og_url":"https:\/\/valvex.com\/de\/produkt\/loft-waschtischstandmischbatterie-48745\/","og_site_name":"Valvex","article_modified_time":"2024-10-31T10:18:22+00:00","og_image":[{"width":800,"height":800,"url":"https:\/\/valvex.com\/wp-content\/uploads\/2021\/02\/VALVEX_2454920_LOFT-3.png","type":"image\/png"}],"twitter_card":"summary_large_image","twitter_misc":{"Gesch\u00e4tzte Lesezeit":"1 Minute"},"schema":{"@context":"https:\/\/schema.org","@graph":[{"@type":"WebPage","@id":"https:\/\/valvex.com\/de\/produkt\/loft-waschtischstandmischbatterie-48745\/","url":"https:\/\/valvex.com\/de\/produkt\/loft-waschtischstandmischbatterie-48745\/","name":"WaschtischStandmischbatterie - Valvex","isPartOf":{"@id":"https:\/\/valvex.com\/de\/#website"},"primaryImageOfPage":{"@id":"https:\/\/valvex.com\/de\/produkt\/loft-waschtischstandmischbatterie-48745\/#primaryimage"},"image":{"@id":"https:\/\/valvex.com\/de\/produkt\/loft-waschtischstandmischbatterie-48745\/#primaryimage"},"thumbnailUrl":"https:\/\/valvex.com\/wp-content\/uploads\/2021\/02\/VALVEX_2454920_LOFT-3.png","datePublished":"2021-02-17T15:39:04+00:00","dateModified":"2024-10-31T10:18:22+00:00","breadcrumb":{"@id":"https:\/\/valvex.com\/de\/produkt\/loft-waschtischstandmischbatterie-48745\/#breadcrumb"},"inLanguage":"de","potentialAction":[{"@type":"ReadAction","target":["https:\/\/valvex.com\/de\/produkt\/loft-waschtischstandmischbatterie-48745\/"]}]},{"@type":"ImageObject","inLanguage":"de","@id":"https:\/\/valvex.com\/de\/produkt\/loft-waschtischstandmischbatterie-48745\/#primaryimage","url":"https:\/\/valvex.com\/wp-content\/uploads\/2021\/02\/VALVEX_2454920_LOFT-3.png","contentUrl":"https:\/\/valvex.com\/wp-content\/uploads\/2021\/02\/VALVEX_2454920_LOFT-3.png","width":800,"height":800},{"@type":"BreadcrumbList","@id":"https:\/\/valvex.com\/de\/produkt\/loft-waschtischstandmischbatterie-48745\/#breadcrumb","itemListElement":[{"@type":"ListItem","position":1,"name":"Strona g\u0142\u00f3wna","item":"https:\/\/valvex.com\/de\/"},{"@type":"ListItem","position":2,"name":"Badezimmer","item":"https:\/\/valvex.com\/de\/oferta\/badezimmer\/"},{"@type":"ListItem","position":3,"name":"Waschbecken","item":"https:\/\/valvex.com\/de\/oferta\/badezimmer\/waschbecken\/"},{"@type":"ListItem","position":4,"name":"Hohe Waschtischmischer","item":"https:\/\/valvex.com\/de\/oferta\/badezimmer\/waschbecken\/hohe-waschtischmischer\/"},{"@type":"ListItem","position":5,"name":"WaschtischStandmischbatterie"}]},{"@type":"WebSite","@id":"https:\/\/valvex.com\/de\/#website","url":"https:\/\/valvex.com\/de\/","name":"Valvex","description":"Hersteller von Sanit\u00e4ranlagen und Armaturen\n\n","potentialAction":[{"@type":"SearchAction","target":{"@type":"EntryPoint","urlTemplate":"https:\/\/valvex.com\/de\/?s={search_term_string}"},"query-input":{"@type":"PropertyValueSpecification","valueRequired":true,"valueName":"search_term_string"}}],"inLanguage":"de"}]}},"_links":{"self":[{"href":"https:\/\/valvex.com\/de\/wp-json\/wp\/v2\/product\/48745","targetHints":{"allow":["GET"]}}],"collection":[{"href":"https:\/\/valvex.com\/de\/wp-json\/wp\/v2\/product"}],"about":[{"href":"https:\/\/valvex.com\/de\/wp-json\/wp\/v2\/types\/product"}],"wp:featuredmedia":[{"embeddable":true,"href":"https:\/\/valvex.com\/de\/wp-json\/wp\/v2\/media\/76726"}],"wp:attachment":[{"href":"https:\/\/valvex.com\/de\/wp-json\/wp\/v2\/media?parent=48745"}],"wp:term":[{"taxonomy":"ikony_produktow","embeddable":true,"href":"https:\/\/valvex.com\/de\/wp-json\/wp\/v2\/ikony_produktow?post=48745"},{"taxonomy":"product_category","embeddable":true,"href":"https:\/\/valvex.com\/de\/wp-json\/wp\/v2\/product_category?post=48745"},{"taxonomy":"product_series","embeddable":true,"href":"https:\/\/valvex.com\/de\/wp-json\/wp\/v2\/product_series?post=48745"},{"taxonomy":"color","embeddable":true,"href":"https:\/\/valvex.com\/de\/wp-json\/wp\/v2\/color?post=48745"}],"curies":[{"name":"wp","href":"https:\/\/api.w.org\/{rel}","templated":true}]}}