{"id":48731,"date":"2019-07-01T12:25:58","date_gmt":"2019-07-01T10:25:58","guid":{"rendered":"http:\/\/valvex.com\/product\/vega-satyna-kuechen-standmischbatterie-mit-ausziehbarer-brause\/"},"modified":"2024-05-17T13:19:26","modified_gmt":"2024-05-17T11:19:26","slug":"vega-satyna-kuechen-standmischbatterie-mit-ausziehbarer-brause","status":"publish","type":"product","link":"https:\/\/valvex.com\/de\/produkt\/vega-satyna-kuechen-standmischbatterie-mit-ausziehbarer-brause\/","title":{"rendered":"VEGA SATYNA K\u00fcchen-Standmischbatterie mit ausziehbarer Brause"},"content":{"rendered":"<h3>Eine einfache Batterie kann es nicht.<\/h3>\n<p style=\"text-align: justify\">F\u00fcr die Personen, die die Feinheit von Satin und die Pr\u00e4zision der Handarbeit sch\u00e4tzen, hat Valvex einen originellen Vorschlag. Es ist Vega Satin, die matte Batterie, der Glanzverlust nicht droht. Dank dem ausziehbaren Ausguss wird die t\u00e4gliche Nutzung einfach und angenehm. und die zwei Wasserstrahlsorten machen das Sp\u00fclen noch einfacher.<\/p>\n<table style=\"border-color: #ffffff;background-color: #ffffff\">\n<tbody>\n<tr style=\"width: 70px\">\n<td style=\"border-color: #ffffff\"><img decoding=\"async\" src=\"http:\/\/valvex.com\/content\/themes\/valvex\/assets\/img\/product-icons\/o2.png\" class=\" aligncenter\" \/><\/td>\n<td style=\"border-color: #ffffff\"><strong>Aerating stream regulator<\/strong><\/td>\n<\/tr>\n<tr>\n<td style=\"width: 70px;border-color: #ffffff\"><img decoding=\"async\" src=\"http:\/\/valvex.com\/content\/themes\/valvex\/assets\/img\/product-icons\/hcceramic.png\" class=\" aligncenter\" \/><\/td>\n<td style=\"border-color: #ffffff\"><strong>Mixer \/ ceramic head<\/strong><\/td>\n<\/tr>\n<tr style=\"width: 70px\">\n<td style=\"border-color: #ffffff\"><img decoding=\"async\" src=\"http:\/\/valvex.com\/content\/themes\/valvex\/assets\/img\/product-icons\/obrot.png\" class=\" aligncenter\" \/><\/td>\n<td style=\"border-color: #ffffff\"><strong>Rotational spout<\/strong><\/td>\n<\/tr>\n<tr style=\"width: 70px\">\n<td style=\"border-color: #ffffff\"><img decoding=\"async\" src=\"http:\/\/valvex.com\/content\/themes\/valvex\/assets\/img\/product-icons\/wyciaganawylewka.png\" class=\" aligncenter\" \/><\/td>\n<td style=\"border-color: #ffffff\"><strong>Expandable spout<\/strong><\/td>\n<\/tr>\n<tr style=\"width: 70px\">\n<td style=\"border-color: #ffffff\"><img decoding=\"async\" src=\"http:\/\/valvex.com\/content\/themes\/valvex\/assets\/img\/product-icons\/comfortzone.png\" class=\" aligncenter\" \/><\/td>\n<td style=\"border-color: #ffffff\"><strong>Comfort<\/strong><\/td>\n<\/tr>\n<\/tbody>\n<\/table>\n","protected":false},"featured_media":48729,"template":"","ikony_produktow":[],"product_category":[1811,1816,1861,1771,1806,473],"product_series":[],"color":[],"class_list":["post-48731","product","type-product","status-publish","has-post-thumbnail","hentry","product_category-badezimmer","product_category-zubehoer-und-ersatzteile-de","product_category-estriche","product_category-kueche","product_category-kuechenmixer","product_category-kuchebatterie-bathroom-and-kitchen-area"],"acf":[],"yoast_head":"<!-- This site is optimized with the Yoast SEO plugin v27.3 - https:\/\/yoast.com\/product\/yoast-seo-wordpress\/ -->\n<title>VEGA SATYNA K\u00fcchen-Standmischbatterie mit ausziehbarer Brause - Valvex<\/title>\n<meta name=\"robots\" content=\"index, follow, max-snippet:-1, max-image-preview:large, max-video-preview:-1\" \/>\n<link rel=\"canonical\" href=\"https:\/\/valvex.com\/de\/produkt\/vega-satyna-kuechen-standmischbatterie-mit-ausziehbarer-brause\/\" \/>\n<meta property=\"og:locale\" content=\"de_DE\" \/>\n<meta property=\"og:type\" content=\"article\" \/>\n<meta property=\"og:title\" content=\"VEGA SATYNA K\u00fcchen-Standmischbatterie mit ausziehbarer Brause - Valvex\" \/>\n<meta property=\"og:description\" content=\"Eine einfache Batterie kann es nicht. F\u00fcr die Personen, die die Feinheit von Satin und die Pr\u00e4zision der Handarbeit sch\u00e4tzen, hat Valvex einen originellen Vorschlag. Es ist Vega Satin, die matte Batterie, der Glanzverlust nicht droht. Dank dem ausziehbaren Ausguss wird die t\u00e4gliche Nutzung einfach und angenehm. und die zwei Wasserstrahlsorten machen das Sp\u00fclen noch [&hellip;]\" \/>\n<meta property=\"og:url\" content=\"https:\/\/valvex.com\/de\/produkt\/vega-satyna-kuechen-standmischbatterie-mit-ausziehbarer-brause\/\" \/>\n<meta property=\"og:site_name\" content=\"Valvex\" \/>\n<meta property=\"article:modified_time\" content=\"2024-05-17T11:19:26+00:00\" \/>\n<meta property=\"og:image\" content=\"https:\/\/valvex.com\/wp-content\/uploads\/2022\/03\/2422250.jpg\" \/>\n\t<meta property=\"og:image:width\" content=\"650\" \/>\n\t<meta property=\"og:image:height\" content=\"415\" \/>\n\t<meta property=\"og:image:type\" content=\"image\/jpeg\" \/>\n<meta name=\"twitter:card\" content=\"summary_large_image\" \/>\n<meta name=\"twitter:label1\" content=\"Gesch\u00e4tzte Lesezeit\" \/>\n\t<meta name=\"twitter:data1\" content=\"2 Minuten\" \/>\n<script type=\"application\/ld+json\" class=\"yoast-schema-graph\">{\"@context\":\"https:\\\/\\\/schema.org\",\"@graph\":[{\"@type\":\"WebPage\",\"@id\":\"https:\\\/\\\/valvex.com\\\/de\\\/produkt\\\/vega-satyna-kuechen-standmischbatterie-mit-ausziehbarer-brause\\\/\",\"url\":\"https:\\\/\\\/valvex.com\\\/de\\\/produkt\\\/vega-satyna-kuechen-standmischbatterie-mit-ausziehbarer-brause\\\/\",\"name\":\"VEGA SATYNA K\u00fcchen-Standmischbatterie mit ausziehbarer Brause - Valvex\",\"isPartOf\":{\"@id\":\"https:\\\/\\\/valvex.com\\\/de\\\/#website\"},\"primaryImageOfPage\":{\"@id\":\"https:\\\/\\\/valvex.com\\\/de\\\/produkt\\\/vega-satyna-kuechen-standmischbatterie-mit-ausziehbarer-brause\\\/#primaryimage\"},\"image\":{\"@id\":\"https:\\\/\\\/valvex.com\\\/de\\\/produkt\\\/vega-satyna-kuechen-standmischbatterie-mit-ausziehbarer-brause\\\/#primaryimage\"},\"thumbnailUrl\":\"https:\\\/\\\/valvex.com\\\/wp-content\\\/uploads\\\/2022\\\/03\\\/2422250.jpg\",\"datePublished\":\"2019-07-01T10:25:58+00:00\",\"dateModified\":\"2024-05-17T11:19:26+00:00\",\"breadcrumb\":{\"@id\":\"https:\\\/\\\/valvex.com\\\/de\\\/produkt\\\/vega-satyna-kuechen-standmischbatterie-mit-ausziehbarer-brause\\\/#breadcrumb\"},\"inLanguage\":\"de\",\"potentialAction\":[{\"@type\":\"ReadAction\",\"target\":[\"https:\\\/\\\/valvex.com\\\/de\\\/produkt\\\/vega-satyna-kuechen-standmischbatterie-mit-ausziehbarer-brause\\\/\"]}]},{\"@type\":\"ImageObject\",\"inLanguage\":\"de\",\"@id\":\"https:\\\/\\\/valvex.com\\\/de\\\/produkt\\\/vega-satyna-kuechen-standmischbatterie-mit-ausziehbarer-brause\\\/#primaryimage\",\"url\":\"https:\\\/\\\/valvex.com\\\/wp-content\\\/uploads\\\/2022\\\/03\\\/2422250.jpg\",\"contentUrl\":\"https:\\\/\\\/valvex.com\\\/wp-content\\\/uploads\\\/2022\\\/03\\\/2422250.jpg\",\"width\":650,\"height\":415},{\"@type\":\"BreadcrumbList\",\"@id\":\"https:\\\/\\\/valvex.com\\\/de\\\/produkt\\\/vega-satyna-kuechen-standmischbatterie-mit-ausziehbarer-brause\\\/#breadcrumb\",\"itemListElement\":[{\"@type\":\"ListItem\",\"position\":1,\"name\":\"Strona g\u0142\u00f3wna\",\"item\":\"https:\\\/\\\/valvex.com\\\/de\\\/\"},{\"@type\":\"ListItem\",\"position\":2,\"name\":\"Badezimmer\",\"item\":\"https:\\\/\\\/valvex.com\\\/de\\\/oferta\\\/badezimmer\\\/\"},{\"@type\":\"ListItem\",\"position\":3,\"name\":\"VEGA SATYNA K\u00fcchen-Standmischbatterie mit ausziehbarer Brause\"}]},{\"@type\":\"WebSite\",\"@id\":\"https:\\\/\\\/valvex.com\\\/de\\\/#website\",\"url\":\"https:\\\/\\\/valvex.com\\\/de\\\/\",\"name\":\"Valvex\",\"description\":\"Hersteller von Sanit\u00e4ranlagen und Armaturen\\n\\n\",\"potentialAction\":[{\"@type\":\"SearchAction\",\"target\":{\"@type\":\"EntryPoint\",\"urlTemplate\":\"https:\\\/\\\/valvex.com\\\/de\\\/?s={search_term_string}\"},\"query-input\":{\"@type\":\"PropertyValueSpecification\",\"valueRequired\":true,\"valueName\":\"search_term_string\"}}],\"inLanguage\":\"de\"}]}<\/script>\n<!-- \/ Yoast SEO plugin. -->","yoast_head_json":{"title":"VEGA SATYNA K\u00fcchen-Standmischbatterie mit ausziehbarer Brause - Valvex","robots":{"index":"index","follow":"follow","max-snippet":"max-snippet:-1","max-image-preview":"max-image-preview:large","max-video-preview":"max-video-preview:-1"},"canonical":"https:\/\/valvex.com\/de\/produkt\/vega-satyna-kuechen-standmischbatterie-mit-ausziehbarer-brause\/","og_locale":"de_DE","og_type":"article","og_title":"VEGA SATYNA K\u00fcchen-Standmischbatterie mit ausziehbarer Brause - Valvex","og_description":"Eine einfache Batterie kann es nicht. F\u00fcr die Personen, die die Feinheit von Satin und die Pr\u00e4zision der Handarbeit sch\u00e4tzen, hat Valvex einen originellen Vorschlag. Es ist Vega Satin, die matte Batterie, der Glanzverlust nicht droht. Dank dem ausziehbaren Ausguss wird die t\u00e4gliche Nutzung einfach und angenehm. und die zwei Wasserstrahlsorten machen das Sp\u00fclen noch [&hellip;]","og_url":"https:\/\/valvex.com\/de\/produkt\/vega-satyna-kuechen-standmischbatterie-mit-ausziehbarer-brause\/","og_site_name":"Valvex","article_modified_time":"2024-05-17T11:19:26+00:00","og_image":[{"width":650,"height":415,"url":"https:\/\/valvex.com\/wp-content\/uploads\/2022\/03\/2422250.jpg","type":"image\/jpeg"}],"twitter_card":"summary_large_image","twitter_misc":{"Gesch\u00e4tzte Lesezeit":"2 Minuten"},"schema":{"@context":"https:\/\/schema.org","@graph":[{"@type":"WebPage","@id":"https:\/\/valvex.com\/de\/produkt\/vega-satyna-kuechen-standmischbatterie-mit-ausziehbarer-brause\/","url":"https:\/\/valvex.com\/de\/produkt\/vega-satyna-kuechen-standmischbatterie-mit-ausziehbarer-brause\/","name":"VEGA SATYNA K\u00fcchen-Standmischbatterie mit ausziehbarer Brause - Valvex","isPartOf":{"@id":"https:\/\/valvex.com\/de\/#website"},"primaryImageOfPage":{"@id":"https:\/\/valvex.com\/de\/produkt\/vega-satyna-kuechen-standmischbatterie-mit-ausziehbarer-brause\/#primaryimage"},"image":{"@id":"https:\/\/valvex.com\/de\/produkt\/vega-satyna-kuechen-standmischbatterie-mit-ausziehbarer-brause\/#primaryimage"},"thumbnailUrl":"https:\/\/valvex.com\/wp-content\/uploads\/2022\/03\/2422250.jpg","datePublished":"2019-07-01T10:25:58+00:00","dateModified":"2024-05-17T11:19:26+00:00","breadcrumb":{"@id":"https:\/\/valvex.com\/de\/produkt\/vega-satyna-kuechen-standmischbatterie-mit-ausziehbarer-brause\/#breadcrumb"},"inLanguage":"de","potentialAction":[{"@type":"ReadAction","target":["https:\/\/valvex.com\/de\/produkt\/vega-satyna-kuechen-standmischbatterie-mit-ausziehbarer-brause\/"]}]},{"@type":"ImageObject","inLanguage":"de","@id":"https:\/\/valvex.com\/de\/produkt\/vega-satyna-kuechen-standmischbatterie-mit-ausziehbarer-brause\/#primaryimage","url":"https:\/\/valvex.com\/wp-content\/uploads\/2022\/03\/2422250.jpg","contentUrl":"https:\/\/valvex.com\/wp-content\/uploads\/2022\/03\/2422250.jpg","width":650,"height":415},{"@type":"BreadcrumbList","@id":"https:\/\/valvex.com\/de\/produkt\/vega-satyna-kuechen-standmischbatterie-mit-ausziehbarer-brause\/#breadcrumb","itemListElement":[{"@type":"ListItem","position":1,"name":"Strona g\u0142\u00f3wna","item":"https:\/\/valvex.com\/de\/"},{"@type":"ListItem","position":2,"name":"Badezimmer","item":"https:\/\/valvex.com\/de\/oferta\/badezimmer\/"},{"@type":"ListItem","position":3,"name":"VEGA SATYNA K\u00fcchen-Standmischbatterie mit ausziehbarer Brause"}]},{"@type":"WebSite","@id":"https:\/\/valvex.com\/de\/#website","url":"https:\/\/valvex.com\/de\/","name":"Valvex","description":"Hersteller von Sanit\u00e4ranlagen und Armaturen\n\n","potentialAction":[{"@type":"SearchAction","target":{"@type":"EntryPoint","urlTemplate":"https:\/\/valvex.com\/de\/?s={search_term_string}"},"query-input":{"@type":"PropertyValueSpecification","valueRequired":true,"valueName":"search_term_string"}}],"inLanguage":"de"}]}},"_links":{"self":[{"href":"https:\/\/valvex.com\/de\/wp-json\/wp\/v2\/product\/48731","targetHints":{"allow":["GET"]}}],"collection":[{"href":"https:\/\/valvex.com\/de\/wp-json\/wp\/v2\/product"}],"about":[{"href":"https:\/\/valvex.com\/de\/wp-json\/wp\/v2\/types\/product"}],"wp:featuredmedia":[{"embeddable":true,"href":"https:\/\/valvex.com\/de\/wp-json\/wp\/v2\/media\/48729"}],"wp:attachment":[{"href":"https:\/\/valvex.com\/de\/wp-json\/wp\/v2\/media?parent=48731"}],"wp:term":[{"taxonomy":"ikony_produktow","embeddable":true,"href":"https:\/\/valvex.com\/de\/wp-json\/wp\/v2\/ikony_produktow?post=48731"},{"taxonomy":"product_category","embeddable":true,"href":"https:\/\/valvex.com\/de\/wp-json\/wp\/v2\/product_category?post=48731"},{"taxonomy":"product_series","embeddable":true,"href":"https:\/\/valvex.com\/de\/wp-json\/wp\/v2\/product_series?post=48731"},{"taxonomy":"color","embeddable":true,"href":"https:\/\/valvex.com\/de\/wp-json\/wp\/v2\/color?post=48731"}],"curies":[{"name":"wp","href":"https:\/\/api.w.org\/{rel}","templated":true}]}}