{"id":48654,"date":"2021-02-17T16:37:13","date_gmt":"2021-02-17T15:37:13","guid":{"rendered":"http:\/\/valvex.com\/product\/vegane-bianco-de-hohe-waschtisch-standmischbatterie-mit-automatischer-ablaufgarnitur\/"},"modified":"2024-08-20T11:09:06","modified_gmt":"2024-08-20T09:09:06","slug":"vegane-de-hohe-waschtisch-standmischbatterie-mit-automatischer-ablaufgarnitur-48654","status":"publish","type":"product","link":"https:\/\/valvex.com\/de\/produkt\/vegane-de-hohe-waschtisch-standmischbatterie-mit-automatischer-ablaufgarnitur-48654\/","title":{"rendered":"De Hohe Waschtisch-Standmischbatterie mit automatischer Ablaufgarnitur"},"content":{"rendered":"<h3>Die hohe, schlanke Silhouette bildet mit der matten, strukturierten Oberfl\u00e4che eine Batterie die f\u00fcr unsere Zeiten geeignet ist.<\/h3>\n<p style=\"text-align: justify;\">Die Batterie passt ideal zu den Aufsatz-Waschbecken und bildet somit eine spezielle Komfortzone f\u00fcr den Nutzer . Der schmale Hebel schm\u00fcckt die Batterie wie eine Krone und erinnert daran, dass sie Respekt und eine prachtvolle Umgebung verdient. Die wei\u00dfe Verzierung \u00a0passt perfekt zu anderen Farben, kontrastiert mit schwarz und bildet somit immer ein modisches Duett.<\/p>\n<table style=\"border-color: #ffffff; background-color: #ffffff;\">\n<tbody>\n<tr style=\"width: 70px;\">\n<td style=\"border-color: #ffffff;\"><img decoding=\"async\" class=\" aligncenter\" src=\"http:\/\/valvex.com\/content\/themes\/valvex\/assets\/img\/product-icons\/o2.png\" \/><\/td>\n<td style=\"border-color: #ffffff;\"><strong>Aerating stream regulator<\/strong><\/td>\n<\/tr>\n<tr>\n<td style=\"width: 70px; border-color: #ffffff;\"><img decoding=\"async\" class=\" aligncenter\" src=\"http:\/\/valvex.com\/content\/themes\/valvex\/assets\/img\/product-icons\/hcceramic.png\" \/><\/td>\n<td style=\"border-color: #ffffff;\"><strong>Mixer \/ ceramic head<\/strong><\/td>\n<\/tr>\n<tr style=\"width: 70px;\">\n<td style=\"border-color: #ffffff;\"><img decoding=\"async\" class=\" aligncenter\" src=\"http:\/\/valvex.com\/content\/themes\/valvex\/assets\/img\/product-icons\/click.png\" \/><\/td>\n<td style=\"border-color: #ffffff;\"><strong>Automatic pop-up drain<\/strong><\/td>\n<\/tr>\n<tr style=\"width: 70px;\">\n<td style=\"border-color: #ffffff;\"><img decoding=\"async\" class=\" aligncenter\" src=\"http:\/\/valvex.com\/content\/themes\/valvex\/assets\/img\/product-icons\/comfortzone.png\" \/><\/td>\n<td style=\"border-color: #ffffff;\"><strong>Comfort<\/strong><\/td>\n<\/tr>\n<\/tbody>\n<\/table>\n","protected":false},"featured_media":48652,"template":"","ikony_produktow":[],"product_category":[1811,1921,431],"product_series":[498],"color":[],"class_list":["post-48654","product","type-product","status-publish","has-post-thumbnail","hentry","product_category-badezimmer","product_category-waschbecken","product_category-hohe-waschtischmischer","product_series-vegane-de"],"acf":[],"yoast_head":"<!-- This site is optimized with the Yoast SEO plugin v27.3 - https:\/\/yoast.com\/product\/yoast-seo-wordpress\/ -->\n<title>De Hohe Waschtisch-Standmischbatterie mit automatischer Ablaufgarnitur - Valvex<\/title>\n<meta name=\"robots\" content=\"index, follow, max-snippet:-1, max-image-preview:large, max-video-preview:-1\" \/>\n<link rel=\"canonical\" href=\"https:\/\/valvex.com\/de\/produkt\/vegane-de-hohe-waschtisch-standmischbatterie-mit-automatischer-ablaufgarnitur-48654\/\" \/>\n<meta property=\"og:locale\" content=\"de_DE\" \/>\n<meta property=\"og:type\" content=\"article\" \/>\n<meta property=\"og:title\" content=\"De Hohe Waschtisch-Standmischbatterie mit automatischer Ablaufgarnitur - Valvex\" \/>\n<meta property=\"og:description\" content=\"Die hohe, schlanke Silhouette bildet mit der matten, strukturierten Oberfl\u00e4che eine Batterie die f\u00fcr unsere Zeiten geeignet ist. Die Batterie passt ideal zu den Aufsatz-Waschbecken und bildet somit eine spezielle Komfortzone f\u00fcr den Nutzer . Der schmale Hebel schm\u00fcckt die Batterie wie eine Krone und erinnert daran, dass sie Respekt und eine prachtvolle Umgebung verdient. [&hellip;]\" \/>\n<meta property=\"og:url\" content=\"https:\/\/valvex.com\/de\/produkt\/vegane-de-hohe-waschtisch-standmischbatterie-mit-automatischer-ablaufgarnitur-48654\/\" \/>\n<meta property=\"og:site_name\" content=\"Valvex\" \/>\n<meta property=\"article:modified_time\" content=\"2024-08-20T09:09:06+00:00\" \/>\n<meta property=\"og:image\" content=\"https:\/\/valvex.com\/wp-content\/uploads\/2022\/03\/2423320.jpg\" \/>\n\t<meta property=\"og:image:width\" content=\"650\" \/>\n\t<meta property=\"og:image:height\" content=\"415\" \/>\n\t<meta property=\"og:image:type\" content=\"image\/jpeg\" \/>\n<meta name=\"twitter:card\" content=\"summary_large_image\" \/>\n<meta name=\"twitter:label1\" content=\"Gesch\u00e4tzte Lesezeit\" \/>\n\t<meta name=\"twitter:data1\" content=\"2 Minuten\" \/>\n<script type=\"application\/ld+json\" class=\"yoast-schema-graph\">{\"@context\":\"https:\\\/\\\/schema.org\",\"@graph\":[{\"@type\":\"WebPage\",\"@id\":\"https:\\\/\\\/valvex.com\\\/de\\\/produkt\\\/vegane-de-hohe-waschtisch-standmischbatterie-mit-automatischer-ablaufgarnitur-48654\\\/\",\"url\":\"https:\\\/\\\/valvex.com\\\/de\\\/produkt\\\/vegane-de-hohe-waschtisch-standmischbatterie-mit-automatischer-ablaufgarnitur-48654\\\/\",\"name\":\"De Hohe Waschtisch-Standmischbatterie mit automatischer Ablaufgarnitur - Valvex\",\"isPartOf\":{\"@id\":\"https:\\\/\\\/valvex.com\\\/de\\\/#website\"},\"primaryImageOfPage\":{\"@id\":\"https:\\\/\\\/valvex.com\\\/de\\\/produkt\\\/vegane-de-hohe-waschtisch-standmischbatterie-mit-automatischer-ablaufgarnitur-48654\\\/#primaryimage\"},\"image\":{\"@id\":\"https:\\\/\\\/valvex.com\\\/de\\\/produkt\\\/vegane-de-hohe-waschtisch-standmischbatterie-mit-automatischer-ablaufgarnitur-48654\\\/#primaryimage\"},\"thumbnailUrl\":\"https:\\\/\\\/valvex.com\\\/wp-content\\\/uploads\\\/2022\\\/03\\\/2423320.jpg\",\"datePublished\":\"2021-02-17T15:37:13+00:00\",\"dateModified\":\"2024-08-20T09:09:06+00:00\",\"breadcrumb\":{\"@id\":\"https:\\\/\\\/valvex.com\\\/de\\\/produkt\\\/vegane-de-hohe-waschtisch-standmischbatterie-mit-automatischer-ablaufgarnitur-48654\\\/#breadcrumb\"},\"inLanguage\":\"de\",\"potentialAction\":[{\"@type\":\"ReadAction\",\"target\":[\"https:\\\/\\\/valvex.com\\\/de\\\/produkt\\\/vegane-de-hohe-waschtisch-standmischbatterie-mit-automatischer-ablaufgarnitur-48654\\\/\"]}]},{\"@type\":\"ImageObject\",\"inLanguage\":\"de\",\"@id\":\"https:\\\/\\\/valvex.com\\\/de\\\/produkt\\\/vegane-de-hohe-waschtisch-standmischbatterie-mit-automatischer-ablaufgarnitur-48654\\\/#primaryimage\",\"url\":\"https:\\\/\\\/valvex.com\\\/wp-content\\\/uploads\\\/2022\\\/03\\\/2423320.jpg\",\"contentUrl\":\"https:\\\/\\\/valvex.com\\\/wp-content\\\/uploads\\\/2022\\\/03\\\/2423320.jpg\",\"width\":650,\"height\":415},{\"@type\":\"BreadcrumbList\",\"@id\":\"https:\\\/\\\/valvex.com\\\/de\\\/produkt\\\/vegane-de-hohe-waschtisch-standmischbatterie-mit-automatischer-ablaufgarnitur-48654\\\/#breadcrumb\",\"itemListElement\":[{\"@type\":\"ListItem\",\"position\":1,\"name\":\"Strona g\u0142\u00f3wna\",\"item\":\"https:\\\/\\\/valvex.com\\\/de\\\/\"},{\"@type\":\"ListItem\",\"position\":2,\"name\":\"Badezimmer\",\"item\":\"https:\\\/\\\/valvex.com\\\/de\\\/oferta\\\/badezimmer\\\/\"},{\"@type\":\"ListItem\",\"position\":3,\"name\":\"De Hohe Waschtisch-Standmischbatterie mit automatischer Ablaufgarnitur\"}]},{\"@type\":\"WebSite\",\"@id\":\"https:\\\/\\\/valvex.com\\\/de\\\/#website\",\"url\":\"https:\\\/\\\/valvex.com\\\/de\\\/\",\"name\":\"Valvex\",\"description\":\"Hersteller von Sanit\u00e4ranlagen und Armaturen\\n\\n\",\"potentialAction\":[{\"@type\":\"SearchAction\",\"target\":{\"@type\":\"EntryPoint\",\"urlTemplate\":\"https:\\\/\\\/valvex.com\\\/de\\\/?s={search_term_string}\"},\"query-input\":{\"@type\":\"PropertyValueSpecification\",\"valueRequired\":true,\"valueName\":\"search_term_string\"}}],\"inLanguage\":\"de\"}]}<\/script>\n<!-- \/ Yoast SEO plugin. -->","yoast_head_json":{"title":"De Hohe Waschtisch-Standmischbatterie mit automatischer Ablaufgarnitur - Valvex","robots":{"index":"index","follow":"follow","max-snippet":"max-snippet:-1","max-image-preview":"max-image-preview:large","max-video-preview":"max-video-preview:-1"},"canonical":"https:\/\/valvex.com\/de\/produkt\/vegane-de-hohe-waschtisch-standmischbatterie-mit-automatischer-ablaufgarnitur-48654\/","og_locale":"de_DE","og_type":"article","og_title":"De Hohe Waschtisch-Standmischbatterie mit automatischer Ablaufgarnitur - Valvex","og_description":"Die hohe, schlanke Silhouette bildet mit der matten, strukturierten Oberfl\u00e4che eine Batterie die f\u00fcr unsere Zeiten geeignet ist. Die Batterie passt ideal zu den Aufsatz-Waschbecken und bildet somit eine spezielle Komfortzone f\u00fcr den Nutzer . Der schmale Hebel schm\u00fcckt die Batterie wie eine Krone und erinnert daran, dass sie Respekt und eine prachtvolle Umgebung verdient. [&hellip;]","og_url":"https:\/\/valvex.com\/de\/produkt\/vegane-de-hohe-waschtisch-standmischbatterie-mit-automatischer-ablaufgarnitur-48654\/","og_site_name":"Valvex","article_modified_time":"2024-08-20T09:09:06+00:00","og_image":[{"width":650,"height":415,"url":"https:\/\/valvex.com\/wp-content\/uploads\/2022\/03\/2423320.jpg","type":"image\/jpeg"}],"twitter_card":"summary_large_image","twitter_misc":{"Gesch\u00e4tzte Lesezeit":"2 Minuten"},"schema":{"@context":"https:\/\/schema.org","@graph":[{"@type":"WebPage","@id":"https:\/\/valvex.com\/de\/produkt\/vegane-de-hohe-waschtisch-standmischbatterie-mit-automatischer-ablaufgarnitur-48654\/","url":"https:\/\/valvex.com\/de\/produkt\/vegane-de-hohe-waschtisch-standmischbatterie-mit-automatischer-ablaufgarnitur-48654\/","name":"De Hohe Waschtisch-Standmischbatterie mit automatischer Ablaufgarnitur - Valvex","isPartOf":{"@id":"https:\/\/valvex.com\/de\/#website"},"primaryImageOfPage":{"@id":"https:\/\/valvex.com\/de\/produkt\/vegane-de-hohe-waschtisch-standmischbatterie-mit-automatischer-ablaufgarnitur-48654\/#primaryimage"},"image":{"@id":"https:\/\/valvex.com\/de\/produkt\/vegane-de-hohe-waschtisch-standmischbatterie-mit-automatischer-ablaufgarnitur-48654\/#primaryimage"},"thumbnailUrl":"https:\/\/valvex.com\/wp-content\/uploads\/2022\/03\/2423320.jpg","datePublished":"2021-02-17T15:37:13+00:00","dateModified":"2024-08-20T09:09:06+00:00","breadcrumb":{"@id":"https:\/\/valvex.com\/de\/produkt\/vegane-de-hohe-waschtisch-standmischbatterie-mit-automatischer-ablaufgarnitur-48654\/#breadcrumb"},"inLanguage":"de","potentialAction":[{"@type":"ReadAction","target":["https:\/\/valvex.com\/de\/produkt\/vegane-de-hohe-waschtisch-standmischbatterie-mit-automatischer-ablaufgarnitur-48654\/"]}]},{"@type":"ImageObject","inLanguage":"de","@id":"https:\/\/valvex.com\/de\/produkt\/vegane-de-hohe-waschtisch-standmischbatterie-mit-automatischer-ablaufgarnitur-48654\/#primaryimage","url":"https:\/\/valvex.com\/wp-content\/uploads\/2022\/03\/2423320.jpg","contentUrl":"https:\/\/valvex.com\/wp-content\/uploads\/2022\/03\/2423320.jpg","width":650,"height":415},{"@type":"BreadcrumbList","@id":"https:\/\/valvex.com\/de\/produkt\/vegane-de-hohe-waschtisch-standmischbatterie-mit-automatischer-ablaufgarnitur-48654\/#breadcrumb","itemListElement":[{"@type":"ListItem","position":1,"name":"Strona g\u0142\u00f3wna","item":"https:\/\/valvex.com\/de\/"},{"@type":"ListItem","position":2,"name":"Badezimmer","item":"https:\/\/valvex.com\/de\/oferta\/badezimmer\/"},{"@type":"ListItem","position":3,"name":"De Hohe Waschtisch-Standmischbatterie mit automatischer Ablaufgarnitur"}]},{"@type":"WebSite","@id":"https:\/\/valvex.com\/de\/#website","url":"https:\/\/valvex.com\/de\/","name":"Valvex","description":"Hersteller von Sanit\u00e4ranlagen und Armaturen\n\n","potentialAction":[{"@type":"SearchAction","target":{"@type":"EntryPoint","urlTemplate":"https:\/\/valvex.com\/de\/?s={search_term_string}"},"query-input":{"@type":"PropertyValueSpecification","valueRequired":true,"valueName":"search_term_string"}}],"inLanguage":"de"}]}},"_links":{"self":[{"href":"https:\/\/valvex.com\/de\/wp-json\/wp\/v2\/product\/48654","targetHints":{"allow":["GET"]}}],"collection":[{"href":"https:\/\/valvex.com\/de\/wp-json\/wp\/v2\/product"}],"about":[{"href":"https:\/\/valvex.com\/de\/wp-json\/wp\/v2\/types\/product"}],"wp:featuredmedia":[{"embeddable":true,"href":"https:\/\/valvex.com\/de\/wp-json\/wp\/v2\/media\/48652"}],"wp:attachment":[{"href":"https:\/\/valvex.com\/de\/wp-json\/wp\/v2\/media?parent=48654"}],"wp:term":[{"taxonomy":"ikony_produktow","embeddable":true,"href":"https:\/\/valvex.com\/de\/wp-json\/wp\/v2\/ikony_produktow?post=48654"},{"taxonomy":"product_category","embeddable":true,"href":"https:\/\/valvex.com\/de\/wp-json\/wp\/v2\/product_category?post=48654"},{"taxonomy":"product_series","embeddable":true,"href":"https:\/\/valvex.com\/de\/wp-json\/wp\/v2\/product_series?post=48654"},{"taxonomy":"color","embeddable":true,"href":"https:\/\/valvex.com\/de\/wp-json\/wp\/v2\/color?post=48654"}],"curies":[{"name":"wp","href":"https:\/\/api.w.org\/{rel}","templated":true}]}}