{"id":48640,"date":"2021-02-17T16:36:59","date_gmt":"2021-02-17T15:36:59","guid":{"rendered":"http:\/\/valvex.com\/product\/vegane-kuechen-standmischbatterie-mit-seitlichem-hebel\/"},"modified":"2024-07-10T09:26:04","modified_gmt":"2024-07-10T07:26:04","slug":"vegane-kuechen-standmischbatterie-mit-seitlichem-hebel-48640","status":"publish","type":"product","link":"https:\/\/valvex.com\/de\/produkt\/vegane-kuechen-standmischbatterie-mit-seitlichem-hebel-48640\/","title":{"rendered":"K\u00fcchen-Standmischbatterie mit seitlichem Hebel"},"content":{"rendered":"<h3>Minimalismus und Extravaganz in einem?<\/h3>\n<p style=\"text-align: justify;\">Genau so ist VEGANE. Der lange, schlanke Ausguss w\u00e4chst majest\u00e4tisch wie ein Schwan- Hals \u00a0aus der Seite der Batterie, die mit einem Dezentem Hebel gekr\u00f6nt ist. Die Asymmetrie bildet somit ein Gleichgewicht f\u00fcr die idealen Proportionen der Batterie. Eine Form die Funktionalit\u00e4t in Deiner K\u00fcche garantiert.<\/p>\n<table style=\"border-color: #ffffff; background-color: #ffffff;\">\n<tbody>\n<tr style=\"width: 70px;\">\n<td style=\"border-color: #ffffff;\"><img decoding=\"async\" class=\" aligncenter\" src=\"http:\/\/valvex.com\/content\/themes\/valvex\/assets\/img\/product-icons\/o2.png\" \/><\/td>\n<td style=\"border-color: #ffffff;\"><strong>Aerating stream regulator<\/strong><\/td>\n<\/tr>\n<tr>\n<td style=\"width: 70px; border-color: #ffffff;\"><img decoding=\"async\" class=\" aligncenter\" src=\"http:\/\/valvex.com\/content\/themes\/valvex\/assets\/img\/product-icons\/hcceramic.png\" \/><\/td>\n<td style=\"border-color: #ffffff;\"><strong>Mixer \/ ceramic head<\/strong><\/td>\n<\/tr>\n<tr style=\"width: 70px;\">\n<td style=\"border-color: #ffffff;\"><img decoding=\"async\" class=\" aligncenter\" src=\"http:\/\/valvex.com\/content\/themes\/valvex\/assets\/img\/product-icons\/obrot.png\" \/><\/td>\n<td style=\"border-color: #ffffff;\"><strong>Rotational spout<\/strong><\/td>\n<\/tr>\n<tr style=\"width: 70px;\">\n<td style=\"border-color: #ffffff;\"><img decoding=\"async\" class=\" aligncenter\" src=\"http:\/\/valvex.com\/content\/themes\/valvex\/assets\/img\/product-icons\/comfortzone.png\" \/><\/td>\n<td style=\"border-color: #ffffff;\"><strong>Comfort<\/strong><\/td>\n<\/tr>\n<\/tbody>\n<\/table>\n","protected":false},"featured_media":48638,"template":"","ikony_produktow":[],"product_category":[1771,1806,473],"product_series":[498],"color":[1760],"class_list":["post-48640","product","type-product","status-publish","has-post-thumbnail","hentry","product_category-kueche","product_category-kuechenmixer","product_category-kuchebatterie-bathroom-and-kitchen-area","product_series-vegane-de","color-chrome"],"acf":[],"yoast_head":"<!-- This site is optimized with the Yoast SEO plugin v27.3 - https:\/\/yoast.com\/product\/yoast-seo-wordpress\/ -->\n<title>K\u00fcchen-Standmischbatterie mit seitlichem Hebel - Valvex<\/title>\n<meta name=\"robots\" content=\"index, follow, max-snippet:-1, max-image-preview:large, max-video-preview:-1\" \/>\n<link rel=\"canonical\" href=\"https:\/\/valvex.com\/de\/produkt\/vegane-kuechen-standmischbatterie-mit-seitlichem-hebel-48640\/\" \/>\n<meta property=\"og:locale\" content=\"de_DE\" \/>\n<meta property=\"og:type\" content=\"article\" \/>\n<meta property=\"og:title\" content=\"K\u00fcchen-Standmischbatterie mit seitlichem Hebel - Valvex\" \/>\n<meta property=\"og:description\" content=\"Minimalismus und Extravaganz in einem? Genau so ist VEGANE. Der lange, schlanke Ausguss w\u00e4chst majest\u00e4tisch wie ein Schwan- Hals \u00a0aus der Seite der Batterie, die mit einem Dezentem Hebel gekr\u00f6nt ist. Die Asymmetrie bildet somit ein Gleichgewicht f\u00fcr die idealen Proportionen der Batterie. Eine Form die Funktionalit\u00e4t in Deiner K\u00fcche garantiert. Aerating stream regulator Mixer [&hellip;]\" \/>\n<meta property=\"og:url\" content=\"https:\/\/valvex.com\/de\/produkt\/vegane-kuechen-standmischbatterie-mit-seitlichem-hebel-48640\/\" \/>\n<meta property=\"og:site_name\" content=\"Valvex\" \/>\n<meta property=\"article:modified_time\" content=\"2024-07-10T07:26:04+00:00\" \/>\n<meta property=\"og:image\" content=\"https:\/\/valvex.com\/wp-content\/uploads\/2022\/03\/2451550.jpg\" \/>\n\t<meta property=\"og:image:width\" content=\"650\" \/>\n\t<meta property=\"og:image:height\" content=\"415\" \/>\n\t<meta property=\"og:image:type\" content=\"image\/jpeg\" \/>\n<meta name=\"twitter:card\" content=\"summary_large_image\" \/>\n<meta name=\"twitter:label1\" content=\"Gesch\u00e4tzte Lesezeit\" \/>\n\t<meta name=\"twitter:data1\" content=\"2 Minuten\" \/>\n<script type=\"application\/ld+json\" class=\"yoast-schema-graph\">{\"@context\":\"https:\\\/\\\/schema.org\",\"@graph\":[{\"@type\":\"WebPage\",\"@id\":\"https:\\\/\\\/valvex.com\\\/de\\\/produkt\\\/vegane-kuechen-standmischbatterie-mit-seitlichem-hebel-48640\\\/\",\"url\":\"https:\\\/\\\/valvex.com\\\/de\\\/produkt\\\/vegane-kuechen-standmischbatterie-mit-seitlichem-hebel-48640\\\/\",\"name\":\"K\u00fcchen-Standmischbatterie mit seitlichem Hebel - Valvex\",\"isPartOf\":{\"@id\":\"https:\\\/\\\/valvex.com\\\/de\\\/#website\"},\"primaryImageOfPage\":{\"@id\":\"https:\\\/\\\/valvex.com\\\/de\\\/produkt\\\/vegane-kuechen-standmischbatterie-mit-seitlichem-hebel-48640\\\/#primaryimage\"},\"image\":{\"@id\":\"https:\\\/\\\/valvex.com\\\/de\\\/produkt\\\/vegane-kuechen-standmischbatterie-mit-seitlichem-hebel-48640\\\/#primaryimage\"},\"thumbnailUrl\":\"https:\\\/\\\/valvex.com\\\/wp-content\\\/uploads\\\/2022\\\/03\\\/2451550.jpg\",\"datePublished\":\"2021-02-17T15:36:59+00:00\",\"dateModified\":\"2024-07-10T07:26:04+00:00\",\"breadcrumb\":{\"@id\":\"https:\\\/\\\/valvex.com\\\/de\\\/produkt\\\/vegane-kuechen-standmischbatterie-mit-seitlichem-hebel-48640\\\/#breadcrumb\"},\"inLanguage\":\"de\",\"potentialAction\":[{\"@type\":\"ReadAction\",\"target\":[\"https:\\\/\\\/valvex.com\\\/de\\\/produkt\\\/vegane-kuechen-standmischbatterie-mit-seitlichem-hebel-48640\\\/\"]}]},{\"@type\":\"ImageObject\",\"inLanguage\":\"de\",\"@id\":\"https:\\\/\\\/valvex.com\\\/de\\\/produkt\\\/vegane-kuechen-standmischbatterie-mit-seitlichem-hebel-48640\\\/#primaryimage\",\"url\":\"https:\\\/\\\/valvex.com\\\/wp-content\\\/uploads\\\/2022\\\/03\\\/2451550.jpg\",\"contentUrl\":\"https:\\\/\\\/valvex.com\\\/wp-content\\\/uploads\\\/2022\\\/03\\\/2451550.jpg\",\"width\":650,\"height\":415},{\"@type\":\"BreadcrumbList\",\"@id\":\"https:\\\/\\\/valvex.com\\\/de\\\/produkt\\\/vegane-kuechen-standmischbatterie-mit-seitlichem-hebel-48640\\\/#breadcrumb\",\"itemListElement\":[{\"@type\":\"ListItem\",\"position\":1,\"name\":\"Strona g\u0142\u00f3wna\",\"item\":\"https:\\\/\\\/valvex.com\\\/de\\\/\"},{\"@type\":\"ListItem\",\"position\":2,\"name\":\"K\u00fcche\",\"item\":\"https:\\\/\\\/valvex.com\\\/de\\\/oferta\\\/kueche\\\/\"},{\"@type\":\"ListItem\",\"position\":3,\"name\":\"K\u00fcchenmixer\",\"item\":\"https:\\\/\\\/valvex.com\\\/de\\\/oferta\\\/kueche\\\/kuechenmixer\\\/\"},{\"@type\":\"ListItem\",\"position\":4,\"name\":\"K\u00fcchen-Standmischbatterie mit seitlichem Hebel\"}]},{\"@type\":\"WebSite\",\"@id\":\"https:\\\/\\\/valvex.com\\\/de\\\/#website\",\"url\":\"https:\\\/\\\/valvex.com\\\/de\\\/\",\"name\":\"Valvex\",\"description\":\"Hersteller von Sanit\u00e4ranlagen und Armaturen\\n\\n\",\"potentialAction\":[{\"@type\":\"SearchAction\",\"target\":{\"@type\":\"EntryPoint\",\"urlTemplate\":\"https:\\\/\\\/valvex.com\\\/de\\\/?s={search_term_string}\"},\"query-input\":{\"@type\":\"PropertyValueSpecification\",\"valueRequired\":true,\"valueName\":\"search_term_string\"}}],\"inLanguage\":\"de\"}]}<\/script>\n<!-- \/ Yoast SEO plugin. -->","yoast_head_json":{"title":"K\u00fcchen-Standmischbatterie mit seitlichem Hebel - Valvex","robots":{"index":"index","follow":"follow","max-snippet":"max-snippet:-1","max-image-preview":"max-image-preview:large","max-video-preview":"max-video-preview:-1"},"canonical":"https:\/\/valvex.com\/de\/produkt\/vegane-kuechen-standmischbatterie-mit-seitlichem-hebel-48640\/","og_locale":"de_DE","og_type":"article","og_title":"K\u00fcchen-Standmischbatterie mit seitlichem Hebel - Valvex","og_description":"Minimalismus und Extravaganz in einem? Genau so ist VEGANE. Der lange, schlanke Ausguss w\u00e4chst majest\u00e4tisch wie ein Schwan- Hals \u00a0aus der Seite der Batterie, die mit einem Dezentem Hebel gekr\u00f6nt ist. Die Asymmetrie bildet somit ein Gleichgewicht f\u00fcr die idealen Proportionen der Batterie. Eine Form die Funktionalit\u00e4t in Deiner K\u00fcche garantiert. Aerating stream regulator Mixer [&hellip;]","og_url":"https:\/\/valvex.com\/de\/produkt\/vegane-kuechen-standmischbatterie-mit-seitlichem-hebel-48640\/","og_site_name":"Valvex","article_modified_time":"2024-07-10T07:26:04+00:00","og_image":[{"width":650,"height":415,"url":"https:\/\/valvex.com\/wp-content\/uploads\/2022\/03\/2451550.jpg","type":"image\/jpeg"}],"twitter_card":"summary_large_image","twitter_misc":{"Gesch\u00e4tzte Lesezeit":"2 Minuten"},"schema":{"@context":"https:\/\/schema.org","@graph":[{"@type":"WebPage","@id":"https:\/\/valvex.com\/de\/produkt\/vegane-kuechen-standmischbatterie-mit-seitlichem-hebel-48640\/","url":"https:\/\/valvex.com\/de\/produkt\/vegane-kuechen-standmischbatterie-mit-seitlichem-hebel-48640\/","name":"K\u00fcchen-Standmischbatterie mit seitlichem Hebel - Valvex","isPartOf":{"@id":"https:\/\/valvex.com\/de\/#website"},"primaryImageOfPage":{"@id":"https:\/\/valvex.com\/de\/produkt\/vegane-kuechen-standmischbatterie-mit-seitlichem-hebel-48640\/#primaryimage"},"image":{"@id":"https:\/\/valvex.com\/de\/produkt\/vegane-kuechen-standmischbatterie-mit-seitlichem-hebel-48640\/#primaryimage"},"thumbnailUrl":"https:\/\/valvex.com\/wp-content\/uploads\/2022\/03\/2451550.jpg","datePublished":"2021-02-17T15:36:59+00:00","dateModified":"2024-07-10T07:26:04+00:00","breadcrumb":{"@id":"https:\/\/valvex.com\/de\/produkt\/vegane-kuechen-standmischbatterie-mit-seitlichem-hebel-48640\/#breadcrumb"},"inLanguage":"de","potentialAction":[{"@type":"ReadAction","target":["https:\/\/valvex.com\/de\/produkt\/vegane-kuechen-standmischbatterie-mit-seitlichem-hebel-48640\/"]}]},{"@type":"ImageObject","inLanguage":"de","@id":"https:\/\/valvex.com\/de\/produkt\/vegane-kuechen-standmischbatterie-mit-seitlichem-hebel-48640\/#primaryimage","url":"https:\/\/valvex.com\/wp-content\/uploads\/2022\/03\/2451550.jpg","contentUrl":"https:\/\/valvex.com\/wp-content\/uploads\/2022\/03\/2451550.jpg","width":650,"height":415},{"@type":"BreadcrumbList","@id":"https:\/\/valvex.com\/de\/produkt\/vegane-kuechen-standmischbatterie-mit-seitlichem-hebel-48640\/#breadcrumb","itemListElement":[{"@type":"ListItem","position":1,"name":"Strona g\u0142\u00f3wna","item":"https:\/\/valvex.com\/de\/"},{"@type":"ListItem","position":2,"name":"K\u00fcche","item":"https:\/\/valvex.com\/de\/oferta\/kueche\/"},{"@type":"ListItem","position":3,"name":"K\u00fcchenmixer","item":"https:\/\/valvex.com\/de\/oferta\/kueche\/kuechenmixer\/"},{"@type":"ListItem","position":4,"name":"K\u00fcchen-Standmischbatterie mit seitlichem Hebel"}]},{"@type":"WebSite","@id":"https:\/\/valvex.com\/de\/#website","url":"https:\/\/valvex.com\/de\/","name":"Valvex","description":"Hersteller von Sanit\u00e4ranlagen und Armaturen\n\n","potentialAction":[{"@type":"SearchAction","target":{"@type":"EntryPoint","urlTemplate":"https:\/\/valvex.com\/de\/?s={search_term_string}"},"query-input":{"@type":"PropertyValueSpecification","valueRequired":true,"valueName":"search_term_string"}}],"inLanguage":"de"}]}},"_links":{"self":[{"href":"https:\/\/valvex.com\/de\/wp-json\/wp\/v2\/product\/48640","targetHints":{"allow":["GET"]}}],"collection":[{"href":"https:\/\/valvex.com\/de\/wp-json\/wp\/v2\/product"}],"about":[{"href":"https:\/\/valvex.com\/de\/wp-json\/wp\/v2\/types\/product"}],"wp:featuredmedia":[{"embeddable":true,"href":"https:\/\/valvex.com\/de\/wp-json\/wp\/v2\/media\/48638"}],"wp:attachment":[{"href":"https:\/\/valvex.com\/de\/wp-json\/wp\/v2\/media?parent=48640"}],"wp:term":[{"taxonomy":"ikony_produktow","embeddable":true,"href":"https:\/\/valvex.com\/de\/wp-json\/wp\/v2\/ikony_produktow?post=48640"},{"taxonomy":"product_category","embeddable":true,"href":"https:\/\/valvex.com\/de\/wp-json\/wp\/v2\/product_category?post=48640"},{"taxonomy":"product_series","embeddable":true,"href":"https:\/\/valvex.com\/de\/wp-json\/wp\/v2\/product_series?post=48640"},{"taxonomy":"color","embeddable":true,"href":"https:\/\/valvex.com\/de\/wp-json\/wp\/v2\/color?post=48640"}],"curies":[{"name":"wp","href":"https:\/\/api.w.org\/{rel}","templated":true}]}}