{"id":48619,"date":"2021-02-17T16:36:36","date_gmt":"2021-02-17T15:36:36","guid":{"rendered":"http:\/\/valvex.com\/product\/vegane-bidet-standmischbatterie-mit-ablaufgarnitur\/"},"modified":"2024-07-10T09:14:46","modified_gmt":"2024-07-10T07:14:46","slug":"vegane-bidet-standmischbatterie-mit-ablaufgarnitur-48619","status":"publish","type":"product","link":"https:\/\/valvex.com\/de\/produkt\/vegane-bidet-standmischbatterie-mit-ablaufgarnitur-48619\/","title":{"rendered":"Bidet-Standmischbatterie mit Ablaufgarnitur"},"content":{"rendered":"<h3>Die simple Form strahlt mit Frische.<\/h3>\n<p style=\"text-align: justify;\">Eine wundersch\u00f6ne, abgerundete und schlanke Form &#8211; das ist die Idee f\u00fcr ein au\u00dfergew\u00f6hnliches und modernes Badezimmer. Die simple Form strahlt mit Frische. Der bewegliche Perlator \u00a0der Batterie sorgt f\u00fcr den Komfort beim t\u00e4glichen Gebrauch.<\/p>\n<table style=\"border-color: #ffffff; background-color: #ffffff;\">\n<tbody>\n<tr style=\"width: 70px;\">\n<td style=\"border-color: #ffffff;\"><img decoding=\"async\" class=\" aligncenter\" src=\"http:\/\/valvex.com\/content\/themes\/valvex\/assets\/img\/product-icons\/o2.png\" \/><\/td>\n<td style=\"border-color: #ffffff;\"><strong>Aerating stream regulator<\/strong><\/td>\n<\/tr>\n<tr>\n<td style=\"width: 70px; border-color: #ffffff;\"><img decoding=\"async\" class=\" aligncenter\" src=\"http:\/\/valvex.com\/content\/themes\/valvex\/assets\/img\/product-icons\/hcceramic.png\" \/><\/td>\n<td style=\"border-color: #ffffff;\"><strong>Mixer \/ ceramic head<\/strong><\/td>\n<\/tr>\n<tr style=\"width: 70px;\">\n<td style=\"border-color: #ffffff;\"><img decoding=\"async\" class=\" aligncenter\" src=\"http:\/\/valvex.com\/content\/themes\/valvex\/assets\/img\/product-icons\/zesp.png\" \/><\/td>\n<td style=\"border-color: #ffffff;\"><strong>Drain assembly with pulling rod<\/strong><\/td>\n<\/tr>\n<\/tbody>\n<\/table>\n","protected":false},"featured_media":48617,"template":"","ikony_produktow":[],"product_category":[1811,1886,1891,449],"product_series":[498],"color":[1760],"class_list":["post-48619","product","type-product","status-publish","has-post-thumbnail","hentry","product_category-badezimmer","product_category-bidet-de","product_category-bidetmischer","product_category-bidetbatterie-bathroom-and-kitchen-area","product_series-vegane-de","color-chrome"],"acf":[],"yoast_head":"<!-- This site is optimized with the Yoast SEO plugin v27.3 - https:\/\/yoast.com\/product\/yoast-seo-wordpress\/ -->\n<title>Bidet-Standmischbatterie mit Ablaufgarnitur - Valvex<\/title>\n<meta name=\"robots\" content=\"index, follow, max-snippet:-1, max-image-preview:large, max-video-preview:-1\" \/>\n<link rel=\"canonical\" href=\"https:\/\/valvex.com\/de\/produkt\/vegane-bidet-standmischbatterie-mit-ablaufgarnitur-48619\/\" \/>\n<meta property=\"og:locale\" content=\"de_DE\" \/>\n<meta property=\"og:type\" content=\"article\" \/>\n<meta property=\"og:title\" content=\"Bidet-Standmischbatterie mit Ablaufgarnitur - Valvex\" \/>\n<meta property=\"og:description\" content=\"Die simple Form strahlt mit Frische. Eine wundersch\u00f6ne, abgerundete und schlanke Form &#8211; das ist die Idee f\u00fcr ein au\u00dfergew\u00f6hnliches und modernes Badezimmer. Die simple Form strahlt mit Frische. Der bewegliche Perlator \u00a0der Batterie sorgt f\u00fcr den Komfort beim t\u00e4glichen Gebrauch. Aerating stream regulator Mixer \/ ceramic head Drain assembly with pulling rod\" \/>\n<meta property=\"og:url\" content=\"https:\/\/valvex.com\/de\/produkt\/vegane-bidet-standmischbatterie-mit-ablaufgarnitur-48619\/\" \/>\n<meta property=\"og:site_name\" content=\"Valvex\" \/>\n<meta property=\"article:modified_time\" content=\"2024-07-10T07:14:46+00:00\" \/>\n<meta property=\"og:image\" content=\"https:\/\/valvex.com\/wp-content\/uploads\/2022\/03\/2422850.jpg\" \/>\n\t<meta property=\"og:image:width\" content=\"650\" \/>\n\t<meta property=\"og:image:height\" content=\"415\" \/>\n\t<meta property=\"og:image:type\" content=\"image\/jpeg\" \/>\n<meta name=\"twitter:card\" content=\"summary_large_image\" \/>\n<meta name=\"twitter:label1\" content=\"Gesch\u00e4tzte Lesezeit\" \/>\n\t<meta name=\"twitter:data1\" content=\"2 Minuten\" \/>\n<script type=\"application\/ld+json\" class=\"yoast-schema-graph\">{\"@context\":\"https:\\\/\\\/schema.org\",\"@graph\":[{\"@type\":\"WebPage\",\"@id\":\"https:\\\/\\\/valvex.com\\\/de\\\/produkt\\\/vegane-bidet-standmischbatterie-mit-ablaufgarnitur-48619\\\/\",\"url\":\"https:\\\/\\\/valvex.com\\\/de\\\/produkt\\\/vegane-bidet-standmischbatterie-mit-ablaufgarnitur-48619\\\/\",\"name\":\"Bidet-Standmischbatterie mit Ablaufgarnitur - Valvex\",\"isPartOf\":{\"@id\":\"https:\\\/\\\/valvex.com\\\/de\\\/#website\"},\"primaryImageOfPage\":{\"@id\":\"https:\\\/\\\/valvex.com\\\/de\\\/produkt\\\/vegane-bidet-standmischbatterie-mit-ablaufgarnitur-48619\\\/#primaryimage\"},\"image\":{\"@id\":\"https:\\\/\\\/valvex.com\\\/de\\\/produkt\\\/vegane-bidet-standmischbatterie-mit-ablaufgarnitur-48619\\\/#primaryimage\"},\"thumbnailUrl\":\"https:\\\/\\\/valvex.com\\\/wp-content\\\/uploads\\\/2022\\\/03\\\/2422850.jpg\",\"datePublished\":\"2021-02-17T15:36:36+00:00\",\"dateModified\":\"2024-07-10T07:14:46+00:00\",\"breadcrumb\":{\"@id\":\"https:\\\/\\\/valvex.com\\\/de\\\/produkt\\\/vegane-bidet-standmischbatterie-mit-ablaufgarnitur-48619\\\/#breadcrumb\"},\"inLanguage\":\"de\",\"potentialAction\":[{\"@type\":\"ReadAction\",\"target\":[\"https:\\\/\\\/valvex.com\\\/de\\\/produkt\\\/vegane-bidet-standmischbatterie-mit-ablaufgarnitur-48619\\\/\"]}]},{\"@type\":\"ImageObject\",\"inLanguage\":\"de\",\"@id\":\"https:\\\/\\\/valvex.com\\\/de\\\/produkt\\\/vegane-bidet-standmischbatterie-mit-ablaufgarnitur-48619\\\/#primaryimage\",\"url\":\"https:\\\/\\\/valvex.com\\\/wp-content\\\/uploads\\\/2022\\\/03\\\/2422850.jpg\",\"contentUrl\":\"https:\\\/\\\/valvex.com\\\/wp-content\\\/uploads\\\/2022\\\/03\\\/2422850.jpg\",\"width\":650,\"height\":415},{\"@type\":\"BreadcrumbList\",\"@id\":\"https:\\\/\\\/valvex.com\\\/de\\\/produkt\\\/vegane-bidet-standmischbatterie-mit-ablaufgarnitur-48619\\\/#breadcrumb\",\"itemListElement\":[{\"@type\":\"ListItem\",\"position\":1,\"name\":\"Strona g\u0142\u00f3wna\",\"item\":\"https:\\\/\\\/valvex.com\\\/de\\\/\"},{\"@type\":\"ListItem\",\"position\":2,\"name\":\"Badezimmer\",\"item\":\"https:\\\/\\\/valvex.com\\\/de\\\/oferta\\\/badezimmer\\\/\"},{\"@type\":\"ListItem\",\"position\":3,\"name\":\"Bidet\",\"item\":\"https:\\\/\\\/valvex.com\\\/de\\\/oferta\\\/badezimmer\\\/bidet-de\\\/\"},{\"@type\":\"ListItem\",\"position\":4,\"name\":\"Bidetmischer\",\"item\":\"https:\\\/\\\/valvex.com\\\/de\\\/oferta\\\/badezimmer\\\/bidet-de\\\/bidetmischer\\\/\"},{\"@type\":\"ListItem\",\"position\":5,\"name\":\"Bidet-Standmischbatterie mit Ablaufgarnitur\"}]},{\"@type\":\"WebSite\",\"@id\":\"https:\\\/\\\/valvex.com\\\/de\\\/#website\",\"url\":\"https:\\\/\\\/valvex.com\\\/de\\\/\",\"name\":\"Valvex\",\"description\":\"Hersteller von Sanit\u00e4ranlagen und Armaturen\\n\\n\",\"potentialAction\":[{\"@type\":\"SearchAction\",\"target\":{\"@type\":\"EntryPoint\",\"urlTemplate\":\"https:\\\/\\\/valvex.com\\\/de\\\/?s={search_term_string}\"},\"query-input\":{\"@type\":\"PropertyValueSpecification\",\"valueRequired\":true,\"valueName\":\"search_term_string\"}}],\"inLanguage\":\"de\"}]}<\/script>\n<!-- \/ Yoast SEO plugin. -->","yoast_head_json":{"title":"Bidet-Standmischbatterie mit Ablaufgarnitur - Valvex","robots":{"index":"index","follow":"follow","max-snippet":"max-snippet:-1","max-image-preview":"max-image-preview:large","max-video-preview":"max-video-preview:-1"},"canonical":"https:\/\/valvex.com\/de\/produkt\/vegane-bidet-standmischbatterie-mit-ablaufgarnitur-48619\/","og_locale":"de_DE","og_type":"article","og_title":"Bidet-Standmischbatterie mit Ablaufgarnitur - Valvex","og_description":"Die simple Form strahlt mit Frische. Eine wundersch\u00f6ne, abgerundete und schlanke Form &#8211; das ist die Idee f\u00fcr ein au\u00dfergew\u00f6hnliches und modernes Badezimmer. Die simple Form strahlt mit Frische. Der bewegliche Perlator \u00a0der Batterie sorgt f\u00fcr den Komfort beim t\u00e4glichen Gebrauch. Aerating stream regulator Mixer \/ ceramic head Drain assembly with pulling rod","og_url":"https:\/\/valvex.com\/de\/produkt\/vegane-bidet-standmischbatterie-mit-ablaufgarnitur-48619\/","og_site_name":"Valvex","article_modified_time":"2024-07-10T07:14:46+00:00","og_image":[{"width":650,"height":415,"url":"https:\/\/valvex.com\/wp-content\/uploads\/2022\/03\/2422850.jpg","type":"image\/jpeg"}],"twitter_card":"summary_large_image","twitter_misc":{"Gesch\u00e4tzte Lesezeit":"2 Minuten"},"schema":{"@context":"https:\/\/schema.org","@graph":[{"@type":"WebPage","@id":"https:\/\/valvex.com\/de\/produkt\/vegane-bidet-standmischbatterie-mit-ablaufgarnitur-48619\/","url":"https:\/\/valvex.com\/de\/produkt\/vegane-bidet-standmischbatterie-mit-ablaufgarnitur-48619\/","name":"Bidet-Standmischbatterie mit Ablaufgarnitur - Valvex","isPartOf":{"@id":"https:\/\/valvex.com\/de\/#website"},"primaryImageOfPage":{"@id":"https:\/\/valvex.com\/de\/produkt\/vegane-bidet-standmischbatterie-mit-ablaufgarnitur-48619\/#primaryimage"},"image":{"@id":"https:\/\/valvex.com\/de\/produkt\/vegane-bidet-standmischbatterie-mit-ablaufgarnitur-48619\/#primaryimage"},"thumbnailUrl":"https:\/\/valvex.com\/wp-content\/uploads\/2022\/03\/2422850.jpg","datePublished":"2021-02-17T15:36:36+00:00","dateModified":"2024-07-10T07:14:46+00:00","breadcrumb":{"@id":"https:\/\/valvex.com\/de\/produkt\/vegane-bidet-standmischbatterie-mit-ablaufgarnitur-48619\/#breadcrumb"},"inLanguage":"de","potentialAction":[{"@type":"ReadAction","target":["https:\/\/valvex.com\/de\/produkt\/vegane-bidet-standmischbatterie-mit-ablaufgarnitur-48619\/"]}]},{"@type":"ImageObject","inLanguage":"de","@id":"https:\/\/valvex.com\/de\/produkt\/vegane-bidet-standmischbatterie-mit-ablaufgarnitur-48619\/#primaryimage","url":"https:\/\/valvex.com\/wp-content\/uploads\/2022\/03\/2422850.jpg","contentUrl":"https:\/\/valvex.com\/wp-content\/uploads\/2022\/03\/2422850.jpg","width":650,"height":415},{"@type":"BreadcrumbList","@id":"https:\/\/valvex.com\/de\/produkt\/vegane-bidet-standmischbatterie-mit-ablaufgarnitur-48619\/#breadcrumb","itemListElement":[{"@type":"ListItem","position":1,"name":"Strona g\u0142\u00f3wna","item":"https:\/\/valvex.com\/de\/"},{"@type":"ListItem","position":2,"name":"Badezimmer","item":"https:\/\/valvex.com\/de\/oferta\/badezimmer\/"},{"@type":"ListItem","position":3,"name":"Bidet","item":"https:\/\/valvex.com\/de\/oferta\/badezimmer\/bidet-de\/"},{"@type":"ListItem","position":4,"name":"Bidetmischer","item":"https:\/\/valvex.com\/de\/oferta\/badezimmer\/bidet-de\/bidetmischer\/"},{"@type":"ListItem","position":5,"name":"Bidet-Standmischbatterie mit Ablaufgarnitur"}]},{"@type":"WebSite","@id":"https:\/\/valvex.com\/de\/#website","url":"https:\/\/valvex.com\/de\/","name":"Valvex","description":"Hersteller von Sanit\u00e4ranlagen und Armaturen\n\n","potentialAction":[{"@type":"SearchAction","target":{"@type":"EntryPoint","urlTemplate":"https:\/\/valvex.com\/de\/?s={search_term_string}"},"query-input":{"@type":"PropertyValueSpecification","valueRequired":true,"valueName":"search_term_string"}}],"inLanguage":"de"}]}},"_links":{"self":[{"href":"https:\/\/valvex.com\/de\/wp-json\/wp\/v2\/product\/48619","targetHints":{"allow":["GET"]}}],"collection":[{"href":"https:\/\/valvex.com\/de\/wp-json\/wp\/v2\/product"}],"about":[{"href":"https:\/\/valvex.com\/de\/wp-json\/wp\/v2\/types\/product"}],"wp:featuredmedia":[{"embeddable":true,"href":"https:\/\/valvex.com\/de\/wp-json\/wp\/v2\/media\/48617"}],"wp:attachment":[{"href":"https:\/\/valvex.com\/de\/wp-json\/wp\/v2\/media?parent=48619"}],"wp:term":[{"taxonomy":"ikony_produktow","embeddable":true,"href":"https:\/\/valvex.com\/de\/wp-json\/wp\/v2\/ikony_produktow?post=48619"},{"taxonomy":"product_category","embeddable":true,"href":"https:\/\/valvex.com\/de\/wp-json\/wp\/v2\/product_category?post=48619"},{"taxonomy":"product_series","embeddable":true,"href":"https:\/\/valvex.com\/de\/wp-json\/wp\/v2\/product_series?post=48619"},{"taxonomy":"color","embeddable":true,"href":"https:\/\/valvex.com\/de\/wp-json\/wp\/v2\/color?post=48619"}],"curies":[{"name":"wp","href":"https:\/\/api.w.org\/{rel}","templated":true}]}}