{"id":48598,"date":"2019-07-01T11:43:15","date_gmt":"2019-07-01T09:43:15","guid":{"rendered":"http:\/\/valvex.com\/product\/vegane-badewannen-fuenflochstandmischbatterie-mit-garnitur\/"},"modified":"2024-07-10T09:07:44","modified_gmt":"2024-07-10T07:07:44","slug":"vegane-badewannen-fuenflochstandmischbatterie-mit-garnitur-48598","status":"publish","type":"product","link":"https:\/\/valvex.com\/de\/produkt\/vegane-badewannen-fuenflochstandmischbatterie-mit-garnitur-48598\/","title":{"rendered":"Badewannen-F\u00fcnflochStandmischbatterie mit Garnitur"},"content":{"rendered":"<h3>Modern und funktional &#8211; dieser Regel folgten die Designer der VEGANE Badewannen &#8211; Batterie mit 5 \u00d6ffnungen.<\/h3>\n<p style=\"text-align: justify;\">Die einzelnen Elemente der Batterie, die so verbunden wurden, dass es f\u00fcr den Nutzer nicht zu sehen ist, bilden zusammen eine \u00e4sthetische und zugleich beeindruckende Verzierung des Badezimmers. Am Rand der Badewanne montiert, ruht die Batterie auf dezente und majest\u00e4tische Weise \u00fcber der positiven Aura des Raumes. Der drehbare Ausguss und der versteckte Duschschlauch sorgen f\u00fcr eine volle Bewegungsfreiheit beim Baden. H\u00f6chstklassige Keramik- Knaufe sorgen f\u00fcr pr\u00e4zise Einstellung des Wasserdurchflusses. Alles ist unter Kontrolle und in voller Harmonie .. Nichts ist im Stande Dich bei dem entspannenden Augenblick, den Du jeden Tag verdienst, zu st\u00f6ren.<\/p>\n<table style=\"border-color: #ffffff; background-color: #ffffff;\">\n<tbody>\n<tr style=\"width: 70px;\">\n<td style=\"border-color: #ffffff;\"><img decoding=\"async\" class=\" aligncenter\" src=\"http:\/\/valvex.com\/content\/themes\/valvex\/assets\/img\/product-icons\/o2.png\" \/><\/td>\n<td style=\"border-color: #ffffff;\"><strong>Aerating stream regulator<\/strong><\/td>\n<\/tr>\n<tr>\n<td style=\"width: 70px; border-color: #ffffff;\"><img decoding=\"async\" class=\" aligncenter\" src=\"http:\/\/valvex.com\/content\/themes\/valvex\/assets\/img\/product-icons\/hcceramic.png\" \/><\/td>\n<td style=\"border-color: #ffffff;\"><strong>Mixer \/ ceramic head<\/strong><\/td>\n<\/tr>\n<tr style=\"width: 70px;\">\n<td style=\"border-color: #ffffff;\"><img decoding=\"async\" class=\" aligncenter\" src=\"http:\/\/valvex.com\/content\/themes\/valvex\/assets\/img\/product-icons\/obrot.png\" \/><\/td>\n<td style=\"border-color: #ffffff;\"><strong>Rotational spout<\/strong><\/td>\n<\/tr>\n<tr style=\"width: 70px;\">\n<td style=\"border-color: #ffffff;\"><img decoding=\"async\" class=\" aligncenter\" src=\"http:\/\/valvex.com\/content\/themes\/valvex\/assets\/img\/product-icons\/natrysk.png\" \/><\/td>\n<td style=\"border-color: #ffffff;\"><strong>Complete mixer with spot shower set<\/strong><\/td>\n<\/tr>\n<\/tbody>\n<\/table>\n","protected":false},"featured_media":48596,"template":"","ikony_produktow":[],"product_category":[1811,1931,1946,437],"product_series":[498],"color":[1760],"class_list":["post-48598","product","type-product","status-publish","has-post-thumbnail","hentry","product_category-badezimmer","product_category-badewanne","product_category-badewannenarmaturen","product_category-wannebatterien-bathroom-and-kitchen-area","product_series-vegane-de","color-chrome"],"acf":[],"yoast_head":"<!-- This site is optimized with the Yoast SEO plugin v27.3 - https:\/\/yoast.com\/product\/yoast-seo-wordpress\/ -->\n<title>Badewannen-F\u00fcnflochStandmischbatterie mit Garnitur - Valvex<\/title>\n<meta name=\"robots\" content=\"index, follow, max-snippet:-1, max-image-preview:large, max-video-preview:-1\" \/>\n<link rel=\"canonical\" href=\"https:\/\/valvex.com\/de\/produkt\/vegane-badewannen-fuenflochstandmischbatterie-mit-garnitur-48598\/\" \/>\n<meta property=\"og:locale\" content=\"de_DE\" \/>\n<meta property=\"og:type\" content=\"article\" \/>\n<meta property=\"og:title\" content=\"Badewannen-F\u00fcnflochStandmischbatterie mit Garnitur - Valvex\" \/>\n<meta property=\"og:description\" content=\"Modern und funktional &#8211; dieser Regel folgten die Designer der VEGANE Badewannen &#8211; Batterie mit 5 \u00d6ffnungen. Die einzelnen Elemente der Batterie, die so verbunden wurden, dass es f\u00fcr den Nutzer nicht zu sehen ist, bilden zusammen eine \u00e4sthetische und zugleich beeindruckende Verzierung des Badezimmers. Am Rand der Badewanne montiert, ruht die Batterie auf dezente [&hellip;]\" \/>\n<meta property=\"og:url\" content=\"https:\/\/valvex.com\/de\/produkt\/vegane-badewannen-fuenflochstandmischbatterie-mit-garnitur-48598\/\" \/>\n<meta property=\"og:site_name\" content=\"Valvex\" \/>\n<meta property=\"article:modified_time\" content=\"2024-07-10T07:07:44+00:00\" \/>\n<meta property=\"og:image\" content=\"https:\/\/valvex.com\/wp-content\/uploads\/2022\/03\/2422830.jpg\" \/>\n\t<meta property=\"og:image:width\" content=\"650\" \/>\n\t<meta property=\"og:image:height\" content=\"415\" \/>\n\t<meta property=\"og:image:type\" content=\"image\/jpeg\" \/>\n<meta name=\"twitter:card\" content=\"summary_large_image\" \/>\n<meta name=\"twitter:label1\" content=\"Gesch\u00e4tzte Lesezeit\" \/>\n\t<meta name=\"twitter:data1\" content=\"2 Minuten\" \/>\n<script type=\"application\/ld+json\" class=\"yoast-schema-graph\">{\"@context\":\"https:\\\/\\\/schema.org\",\"@graph\":[{\"@type\":\"WebPage\",\"@id\":\"https:\\\/\\\/valvex.com\\\/de\\\/produkt\\\/vegane-badewannen-fuenflochstandmischbatterie-mit-garnitur-48598\\\/\",\"url\":\"https:\\\/\\\/valvex.com\\\/de\\\/produkt\\\/vegane-badewannen-fuenflochstandmischbatterie-mit-garnitur-48598\\\/\",\"name\":\"Badewannen-F\u00fcnflochStandmischbatterie mit Garnitur - Valvex\",\"isPartOf\":{\"@id\":\"https:\\\/\\\/valvex.com\\\/de\\\/#website\"},\"primaryImageOfPage\":{\"@id\":\"https:\\\/\\\/valvex.com\\\/de\\\/produkt\\\/vegane-badewannen-fuenflochstandmischbatterie-mit-garnitur-48598\\\/#primaryimage\"},\"image\":{\"@id\":\"https:\\\/\\\/valvex.com\\\/de\\\/produkt\\\/vegane-badewannen-fuenflochstandmischbatterie-mit-garnitur-48598\\\/#primaryimage\"},\"thumbnailUrl\":\"https:\\\/\\\/valvex.com\\\/wp-content\\\/uploads\\\/2022\\\/03\\\/2422830.jpg\",\"datePublished\":\"2019-07-01T09:43:15+00:00\",\"dateModified\":\"2024-07-10T07:07:44+00:00\",\"breadcrumb\":{\"@id\":\"https:\\\/\\\/valvex.com\\\/de\\\/produkt\\\/vegane-badewannen-fuenflochstandmischbatterie-mit-garnitur-48598\\\/#breadcrumb\"},\"inLanguage\":\"de\",\"potentialAction\":[{\"@type\":\"ReadAction\",\"target\":[\"https:\\\/\\\/valvex.com\\\/de\\\/produkt\\\/vegane-badewannen-fuenflochstandmischbatterie-mit-garnitur-48598\\\/\"]}]},{\"@type\":\"ImageObject\",\"inLanguage\":\"de\",\"@id\":\"https:\\\/\\\/valvex.com\\\/de\\\/produkt\\\/vegane-badewannen-fuenflochstandmischbatterie-mit-garnitur-48598\\\/#primaryimage\",\"url\":\"https:\\\/\\\/valvex.com\\\/wp-content\\\/uploads\\\/2022\\\/03\\\/2422830.jpg\",\"contentUrl\":\"https:\\\/\\\/valvex.com\\\/wp-content\\\/uploads\\\/2022\\\/03\\\/2422830.jpg\",\"width\":650,\"height\":415},{\"@type\":\"BreadcrumbList\",\"@id\":\"https:\\\/\\\/valvex.com\\\/de\\\/produkt\\\/vegane-badewannen-fuenflochstandmischbatterie-mit-garnitur-48598\\\/#breadcrumb\",\"itemListElement\":[{\"@type\":\"ListItem\",\"position\":1,\"name\":\"Strona g\u0142\u00f3wna\",\"item\":\"https:\\\/\\\/valvex.com\\\/de\\\/\"},{\"@type\":\"ListItem\",\"position\":2,\"name\":\"Badezimmer\",\"item\":\"https:\\\/\\\/valvex.com\\\/de\\\/oferta\\\/badezimmer\\\/\"},{\"@type\":\"ListItem\",\"position\":3,\"name\":\"Badewanne\",\"item\":\"https:\\\/\\\/valvex.com\\\/de\\\/oferta\\\/badezimmer\\\/badewanne\\\/\"},{\"@type\":\"ListItem\",\"position\":4,\"name\":\"Badewannenarmaturen\",\"item\":\"https:\\\/\\\/valvex.com\\\/de\\\/oferta\\\/badezimmer\\\/badewanne\\\/badewannenarmaturen\\\/\"},{\"@type\":\"ListItem\",\"position\":5,\"name\":\"Badewannen-F\u00fcnflochStandmischbatterie mit Garnitur\"}]},{\"@type\":\"WebSite\",\"@id\":\"https:\\\/\\\/valvex.com\\\/de\\\/#website\",\"url\":\"https:\\\/\\\/valvex.com\\\/de\\\/\",\"name\":\"Valvex\",\"description\":\"Hersteller von Sanit\u00e4ranlagen und Armaturen\\n\\n\",\"potentialAction\":[{\"@type\":\"SearchAction\",\"target\":{\"@type\":\"EntryPoint\",\"urlTemplate\":\"https:\\\/\\\/valvex.com\\\/de\\\/?s={search_term_string}\"},\"query-input\":{\"@type\":\"PropertyValueSpecification\",\"valueRequired\":true,\"valueName\":\"search_term_string\"}}],\"inLanguage\":\"de\"}]}<\/script>\n<!-- \/ Yoast SEO plugin. -->","yoast_head_json":{"title":"Badewannen-F\u00fcnflochStandmischbatterie mit Garnitur - Valvex","robots":{"index":"index","follow":"follow","max-snippet":"max-snippet:-1","max-image-preview":"max-image-preview:large","max-video-preview":"max-video-preview:-1"},"canonical":"https:\/\/valvex.com\/de\/produkt\/vegane-badewannen-fuenflochstandmischbatterie-mit-garnitur-48598\/","og_locale":"de_DE","og_type":"article","og_title":"Badewannen-F\u00fcnflochStandmischbatterie mit Garnitur - Valvex","og_description":"Modern und funktional &#8211; dieser Regel folgten die Designer der VEGANE Badewannen &#8211; Batterie mit 5 \u00d6ffnungen. Die einzelnen Elemente der Batterie, die so verbunden wurden, dass es f\u00fcr den Nutzer nicht zu sehen ist, bilden zusammen eine \u00e4sthetische und zugleich beeindruckende Verzierung des Badezimmers. Am Rand der Badewanne montiert, ruht die Batterie auf dezente [&hellip;]","og_url":"https:\/\/valvex.com\/de\/produkt\/vegane-badewannen-fuenflochstandmischbatterie-mit-garnitur-48598\/","og_site_name":"Valvex","article_modified_time":"2024-07-10T07:07:44+00:00","og_image":[{"width":650,"height":415,"url":"https:\/\/valvex.com\/wp-content\/uploads\/2022\/03\/2422830.jpg","type":"image\/jpeg"}],"twitter_card":"summary_large_image","twitter_misc":{"Gesch\u00e4tzte Lesezeit":"2 Minuten"},"schema":{"@context":"https:\/\/schema.org","@graph":[{"@type":"WebPage","@id":"https:\/\/valvex.com\/de\/produkt\/vegane-badewannen-fuenflochstandmischbatterie-mit-garnitur-48598\/","url":"https:\/\/valvex.com\/de\/produkt\/vegane-badewannen-fuenflochstandmischbatterie-mit-garnitur-48598\/","name":"Badewannen-F\u00fcnflochStandmischbatterie mit Garnitur - Valvex","isPartOf":{"@id":"https:\/\/valvex.com\/de\/#website"},"primaryImageOfPage":{"@id":"https:\/\/valvex.com\/de\/produkt\/vegane-badewannen-fuenflochstandmischbatterie-mit-garnitur-48598\/#primaryimage"},"image":{"@id":"https:\/\/valvex.com\/de\/produkt\/vegane-badewannen-fuenflochstandmischbatterie-mit-garnitur-48598\/#primaryimage"},"thumbnailUrl":"https:\/\/valvex.com\/wp-content\/uploads\/2022\/03\/2422830.jpg","datePublished":"2019-07-01T09:43:15+00:00","dateModified":"2024-07-10T07:07:44+00:00","breadcrumb":{"@id":"https:\/\/valvex.com\/de\/produkt\/vegane-badewannen-fuenflochstandmischbatterie-mit-garnitur-48598\/#breadcrumb"},"inLanguage":"de","potentialAction":[{"@type":"ReadAction","target":["https:\/\/valvex.com\/de\/produkt\/vegane-badewannen-fuenflochstandmischbatterie-mit-garnitur-48598\/"]}]},{"@type":"ImageObject","inLanguage":"de","@id":"https:\/\/valvex.com\/de\/produkt\/vegane-badewannen-fuenflochstandmischbatterie-mit-garnitur-48598\/#primaryimage","url":"https:\/\/valvex.com\/wp-content\/uploads\/2022\/03\/2422830.jpg","contentUrl":"https:\/\/valvex.com\/wp-content\/uploads\/2022\/03\/2422830.jpg","width":650,"height":415},{"@type":"BreadcrumbList","@id":"https:\/\/valvex.com\/de\/produkt\/vegane-badewannen-fuenflochstandmischbatterie-mit-garnitur-48598\/#breadcrumb","itemListElement":[{"@type":"ListItem","position":1,"name":"Strona g\u0142\u00f3wna","item":"https:\/\/valvex.com\/de\/"},{"@type":"ListItem","position":2,"name":"Badezimmer","item":"https:\/\/valvex.com\/de\/oferta\/badezimmer\/"},{"@type":"ListItem","position":3,"name":"Badewanne","item":"https:\/\/valvex.com\/de\/oferta\/badezimmer\/badewanne\/"},{"@type":"ListItem","position":4,"name":"Badewannenarmaturen","item":"https:\/\/valvex.com\/de\/oferta\/badezimmer\/badewanne\/badewannenarmaturen\/"},{"@type":"ListItem","position":5,"name":"Badewannen-F\u00fcnflochStandmischbatterie mit Garnitur"}]},{"@type":"WebSite","@id":"https:\/\/valvex.com\/de\/#website","url":"https:\/\/valvex.com\/de\/","name":"Valvex","description":"Hersteller von Sanit\u00e4ranlagen und Armaturen\n\n","potentialAction":[{"@type":"SearchAction","target":{"@type":"EntryPoint","urlTemplate":"https:\/\/valvex.com\/de\/?s={search_term_string}"},"query-input":{"@type":"PropertyValueSpecification","valueRequired":true,"valueName":"search_term_string"}}],"inLanguage":"de"}]}},"_links":{"self":[{"href":"https:\/\/valvex.com\/de\/wp-json\/wp\/v2\/product\/48598","targetHints":{"allow":["GET"]}}],"collection":[{"href":"https:\/\/valvex.com\/de\/wp-json\/wp\/v2\/product"}],"about":[{"href":"https:\/\/valvex.com\/de\/wp-json\/wp\/v2\/types\/product"}],"wp:featuredmedia":[{"embeddable":true,"href":"https:\/\/valvex.com\/de\/wp-json\/wp\/v2\/media\/48596"}],"wp:attachment":[{"href":"https:\/\/valvex.com\/de\/wp-json\/wp\/v2\/media?parent=48598"}],"wp:term":[{"taxonomy":"ikony_produktow","embeddable":true,"href":"https:\/\/valvex.com\/de\/wp-json\/wp\/v2\/ikony_produktow?post=48598"},{"taxonomy":"product_category","embeddable":true,"href":"https:\/\/valvex.com\/de\/wp-json\/wp\/v2\/product_category?post=48598"},{"taxonomy":"product_series","embeddable":true,"href":"https:\/\/valvex.com\/de\/wp-json\/wp\/v2\/product_series?post=48598"},{"taxonomy":"color","embeddable":true,"href":"https:\/\/valvex.com\/de\/wp-json\/wp\/v2\/color?post=48598"}],"curies":[{"name":"wp","href":"https:\/\/api.w.org\/{rel}","templated":true}]}}