{"id":69559,"date":"2022-08-02T16:30:32","date_gmt":"2022-08-02T14:30:32","guid":{"rendered":"http:\/\/valvex.com\/profibereich\/fur-den-investor\/znajdz-przedstawiciela\/"},"modified":"2024-02-14T00:17:58","modified_gmt":"2024-02-13T23:17:58","slug":"einen-vertreter-finden","status":"publish","type":"page","link":"https:\/\/valvex.com\/de\/profibereich\/fur-den-investor\/einen-vertreter-finden\/","title":{"rendered":"Einen Vertreter finden"},"content":{"rendered":"\n<p>Haben Sie mehrere Fragen, die beantwortet werden m\u00fcssen? Suchen Sie Unterst\u00fctzung von einem vertrauensw\u00fcrdigen Spezialisten mit langj\u00e4hriger Erfahrung? Haben Sie Zweifel, ob unsere Produkte genau das sind, wonach Sie suchen? Wir laden Sie ein, Kontakt mit unseren Handelsvertretern aufzunehmen. Mit unserer Suchmaschine weisen wir Ihnen die Person in Ihrer Region zu, die sich am n\u00e4chsten an Ihrem aktuellen Standort befindet. Wir versprechen, dass die Hilfe, die Sie erhalten, von h\u00f6chstem Standard sein wird.<\/p>\n","protected":false},"excerpt":{"rendered":"<p>Haben Sie mehrere Fragen, die beantwortet werden m\u00fcssen? Suchen Sie Unterst\u00fctzung von einem vertrauensw\u00fcrdigen Spezialisten mit langj\u00e4hriger Erfahrung? Haben Sie Zweifel, ob unsere Produkte genau das sind, wonach Sie suchen? Wir laden Sie ein, Kontakt mit unseren Handelsvertretern aufzunehmen. Mit unserer Suchmaschine weisen wir Ihnen die Person in Ihrer Region zu, die sich am n\u00e4chsten [&hellip;]<\/p>\n","protected":false},"author":12,"featured_media":68204,"parent":69553,"menu_order":295,"comment_status":"closed","ping_status":"closed","template":"page-gdzie-kupic.php","meta":{"_acf_changed":false,"footnotes":""},"class_list":["post-69559","page","type-page","status-publish","has-post-thumbnail","hentry"],"acf":[],"yoast_head":"<!-- This site is optimized with the Yoast SEO plugin v27.3 - https:\/\/yoast.com\/product\/yoast-seo-wordpress\/ -->\n<title>Einen Vertreter finden - Valvex<\/title>\n<meta name=\"robots\" content=\"index, follow, max-snippet:-1, max-image-preview:large, max-video-preview:-1\" \/>\n<link rel=\"canonical\" href=\"https:\/\/valvex.com\/de\/profibereich\/fur-den-investor\/einen-vertreter-finden\/\" \/>\n<meta property=\"og:locale\" content=\"de_DE\" \/>\n<meta property=\"og:type\" content=\"article\" \/>\n<meta property=\"og:title\" content=\"Einen Vertreter finden - Valvex\" \/>\n<meta property=\"og:description\" content=\"Haben Sie mehrere Fragen, die beantwortet werden m\u00fcssen? Suchen Sie Unterst\u00fctzung von einem vertrauensw\u00fcrdigen Spezialisten mit langj\u00e4hriger Erfahrung? Haben Sie Zweifel, ob unsere Produkte genau das sind, wonach Sie suchen? Wir laden Sie ein, Kontakt mit unseren Handelsvertretern aufzunehmen. Mit unserer Suchmaschine weisen wir Ihnen die Person in Ihrer Region zu, die sich am n\u00e4chsten [&hellip;]\" \/>\n<meta property=\"og:url\" content=\"https:\/\/valvex.com\/de\/profibereich\/fur-den-investor\/einen-vertreter-finden\/\" \/>\n<meta property=\"og:site_name\" content=\"Valvex\" \/>\n<meta property=\"article:modified_time\" content=\"2024-02-13T23:17:58+00:00\" \/>\n<meta property=\"og:image\" content=\"https:\/\/valvex.com\/wp-content\/uploads\/2022\/06\/Valvex-dla-inwestora.jpg\" \/>\n\t<meta property=\"og:image:width\" content=\"2400\" \/>\n\t<meta property=\"og:image:height\" content=\"843\" \/>\n\t<meta property=\"og:image:type\" content=\"image\/jpeg\" \/>\n<meta name=\"twitter:card\" content=\"summary_large_image\" \/>\n<meta name=\"twitter:label1\" content=\"Gesch\u00e4tzte Lesezeit\" \/>\n\t<meta name=\"twitter:data1\" content=\"1 Minute\" \/>\n<script type=\"application\/ld+json\" class=\"yoast-schema-graph\">{\"@context\":\"https:\\\/\\\/schema.org\",\"@graph\":[{\"@type\":\"WebPage\",\"@id\":\"https:\\\/\\\/valvex.com\\\/de\\\/profibereich\\\/fur-den-investor\\\/einen-vertreter-finden\\\/\",\"url\":\"https:\\\/\\\/valvex.com\\\/de\\\/profibereich\\\/fur-den-investor\\\/einen-vertreter-finden\\\/\",\"name\":\"Einen Vertreter finden - Valvex\",\"isPartOf\":{\"@id\":\"https:\\\/\\\/valvex.com\\\/de\\\/#website\"},\"primaryImageOfPage\":{\"@id\":\"https:\\\/\\\/valvex.com\\\/de\\\/profibereich\\\/fur-den-investor\\\/einen-vertreter-finden\\\/#primaryimage\"},\"image\":{\"@id\":\"https:\\\/\\\/valvex.com\\\/de\\\/profibereich\\\/fur-den-investor\\\/einen-vertreter-finden\\\/#primaryimage\"},\"thumbnailUrl\":\"https:\\\/\\\/valvex.com\\\/wp-content\\\/uploads\\\/2022\\\/06\\\/Valvex-dla-inwestora.jpg\",\"datePublished\":\"2022-08-02T14:30:32+00:00\",\"dateModified\":\"2024-02-13T23:17:58+00:00\",\"breadcrumb\":{\"@id\":\"https:\\\/\\\/valvex.com\\\/de\\\/profibereich\\\/fur-den-investor\\\/einen-vertreter-finden\\\/#breadcrumb\"},\"inLanguage\":\"de\",\"potentialAction\":[{\"@type\":\"ReadAction\",\"target\":[\"https:\\\/\\\/valvex.com\\\/de\\\/profibereich\\\/fur-den-investor\\\/einen-vertreter-finden\\\/\"]}]},{\"@type\":\"ImageObject\",\"inLanguage\":\"de\",\"@id\":\"https:\\\/\\\/valvex.com\\\/de\\\/profibereich\\\/fur-den-investor\\\/einen-vertreter-finden\\\/#primaryimage\",\"url\":\"https:\\\/\\\/valvex.com\\\/wp-content\\\/uploads\\\/2022\\\/06\\\/Valvex-dla-inwestora.jpg\",\"contentUrl\":\"https:\\\/\\\/valvex.com\\\/wp-content\\\/uploads\\\/2022\\\/06\\\/Valvex-dla-inwestora.jpg\",\"width\":2400,\"height\":843},{\"@type\":\"BreadcrumbList\",\"@id\":\"https:\\\/\\\/valvex.com\\\/de\\\/profibereich\\\/fur-den-investor\\\/einen-vertreter-finden\\\/#breadcrumb\",\"itemListElement\":[{\"@type\":\"ListItem\",\"position\":1,\"name\":\"Strona g\u0142\u00f3wna\",\"item\":\"https:\\\/\\\/valvex.com\\\/de\\\/\"},{\"@type\":\"ListItem\",\"position\":2,\"name\":\"Profibereich\",\"item\":\"https:\\\/\\\/valvex.com\\\/de\\\/strefa-profesjonalisty\\\/\"},{\"@type\":\"ListItem\",\"position\":3,\"name\":\"F\u00fcr den Investor\",\"item\":\"https:\\\/\\\/valvex.com\\\/de\\\/strefa-profesjonalisty\\\/strefa-inwestora\\\/\"},{\"@type\":\"ListItem\",\"position\":4,\"name\":\"Einen Vertreter finden\"}]},{\"@type\":\"WebSite\",\"@id\":\"https:\\\/\\\/valvex.com\\\/de\\\/#website\",\"url\":\"https:\\\/\\\/valvex.com\\\/de\\\/\",\"name\":\"Valvex\",\"description\":\"Hersteller von Sanit\u00e4ranlagen und Armaturen\\n\\n\",\"potentialAction\":[{\"@type\":\"SearchAction\",\"target\":{\"@type\":\"EntryPoint\",\"urlTemplate\":\"https:\\\/\\\/valvex.com\\\/de\\\/?s={search_term_string}\"},\"query-input\":{\"@type\":\"PropertyValueSpecification\",\"valueRequired\":true,\"valueName\":\"search_term_string\"}}],\"inLanguage\":\"de\"}]}<\/script>\n<!-- \/ Yoast SEO plugin. -->","yoast_head_json":{"title":"Einen Vertreter finden - Valvex","robots":{"index":"index","follow":"follow","max-snippet":"max-snippet:-1","max-image-preview":"max-image-preview:large","max-video-preview":"max-video-preview:-1"},"canonical":"https:\/\/valvex.com\/de\/profibereich\/fur-den-investor\/einen-vertreter-finden\/","og_locale":"de_DE","og_type":"article","og_title":"Einen Vertreter finden - Valvex","og_description":"Haben Sie mehrere Fragen, die beantwortet werden m\u00fcssen? Suchen Sie Unterst\u00fctzung von einem vertrauensw\u00fcrdigen Spezialisten mit langj\u00e4hriger Erfahrung? Haben Sie Zweifel, ob unsere Produkte genau das sind, wonach Sie suchen? Wir laden Sie ein, Kontakt mit unseren Handelsvertretern aufzunehmen. Mit unserer Suchmaschine weisen wir Ihnen die Person in Ihrer Region zu, die sich am n\u00e4chsten [&hellip;]","og_url":"https:\/\/valvex.com\/de\/profibereich\/fur-den-investor\/einen-vertreter-finden\/","og_site_name":"Valvex","article_modified_time":"2024-02-13T23:17:58+00:00","og_image":[{"width":2400,"height":843,"url":"https:\/\/valvex.com\/wp-content\/uploads\/2022\/06\/Valvex-dla-inwestora.jpg","type":"image\/jpeg"}],"twitter_card":"summary_large_image","twitter_misc":{"Gesch\u00e4tzte Lesezeit":"1 Minute"},"schema":{"@context":"https:\/\/schema.org","@graph":[{"@type":"WebPage","@id":"https:\/\/valvex.com\/de\/profibereich\/fur-den-investor\/einen-vertreter-finden\/","url":"https:\/\/valvex.com\/de\/profibereich\/fur-den-investor\/einen-vertreter-finden\/","name":"Einen Vertreter finden - Valvex","isPartOf":{"@id":"https:\/\/valvex.com\/de\/#website"},"primaryImageOfPage":{"@id":"https:\/\/valvex.com\/de\/profibereich\/fur-den-investor\/einen-vertreter-finden\/#primaryimage"},"image":{"@id":"https:\/\/valvex.com\/de\/profibereich\/fur-den-investor\/einen-vertreter-finden\/#primaryimage"},"thumbnailUrl":"https:\/\/valvex.com\/wp-content\/uploads\/2022\/06\/Valvex-dla-inwestora.jpg","datePublished":"2022-08-02T14:30:32+00:00","dateModified":"2024-02-13T23:17:58+00:00","breadcrumb":{"@id":"https:\/\/valvex.com\/de\/profibereich\/fur-den-investor\/einen-vertreter-finden\/#breadcrumb"},"inLanguage":"de","potentialAction":[{"@type":"ReadAction","target":["https:\/\/valvex.com\/de\/profibereich\/fur-den-investor\/einen-vertreter-finden\/"]}]},{"@type":"ImageObject","inLanguage":"de","@id":"https:\/\/valvex.com\/de\/profibereich\/fur-den-investor\/einen-vertreter-finden\/#primaryimage","url":"https:\/\/valvex.com\/wp-content\/uploads\/2022\/06\/Valvex-dla-inwestora.jpg","contentUrl":"https:\/\/valvex.com\/wp-content\/uploads\/2022\/06\/Valvex-dla-inwestora.jpg","width":2400,"height":843},{"@type":"BreadcrumbList","@id":"https:\/\/valvex.com\/de\/profibereich\/fur-den-investor\/einen-vertreter-finden\/#breadcrumb","itemListElement":[{"@type":"ListItem","position":1,"name":"Strona g\u0142\u00f3wna","item":"https:\/\/valvex.com\/de\/"},{"@type":"ListItem","position":2,"name":"Profibereich","item":"https:\/\/valvex.com\/de\/strefa-profesjonalisty\/"},{"@type":"ListItem","position":3,"name":"F\u00fcr den Investor","item":"https:\/\/valvex.com\/de\/strefa-profesjonalisty\/strefa-inwestora\/"},{"@type":"ListItem","position":4,"name":"Einen Vertreter finden"}]},{"@type":"WebSite","@id":"https:\/\/valvex.com\/de\/#website","url":"https:\/\/valvex.com\/de\/","name":"Valvex","description":"Hersteller von Sanit\u00e4ranlagen und Armaturen\n\n","potentialAction":[{"@type":"SearchAction","target":{"@type":"EntryPoint","urlTemplate":"https:\/\/valvex.com\/de\/?s={search_term_string}"},"query-input":{"@type":"PropertyValueSpecification","valueRequired":true,"valueName":"search_term_string"}}],"inLanguage":"de"}]}},"_links":{"self":[{"href":"https:\/\/valvex.com\/de\/wp-json\/wp\/v2\/pages\/69559","targetHints":{"allow":["GET"]}}],"collection":[{"href":"https:\/\/valvex.com\/de\/wp-json\/wp\/v2\/pages"}],"about":[{"href":"https:\/\/valvex.com\/de\/wp-json\/wp\/v2\/types\/page"}],"author":[{"embeddable":true,"href":"https:\/\/valvex.com\/de\/wp-json\/wp\/v2\/users\/12"}],"replies":[{"embeddable":true,"href":"https:\/\/valvex.com\/de\/wp-json\/wp\/v2\/comments?post=69559"}],"version-history":[{"count":0,"href":"https:\/\/valvex.com\/de\/wp-json\/wp\/v2\/pages\/69559\/revisions"}],"up":[{"embeddable":true,"href":"https:\/\/valvex.com\/de\/wp-json\/wp\/v2\/pages\/69553"}],"wp:featuredmedia":[{"embeddable":true,"href":"https:\/\/valvex.com\/de\/wp-json\/wp\/v2\/media\/68204"}],"wp:attachment":[{"href":"https:\/\/valvex.com\/de\/wp-json\/wp\/v2\/media?parent=69559"}],"curies":[{"name":"wp","href":"https:\/\/api.w.org\/{rel}","templated":true}]}}