{"id":69540,"date":"2022-08-17T15:51:00","date_gmt":"2022-08-17T13:51:00","guid":{"rendered":"http:\/\/valvex.com\/wspolpracuj-z-valvex\/"},"modified":"2024-04-19T08:56:16","modified_gmt":"2024-04-19T06:56:16","slug":"arbeiten-sie-mit-valvex-zusammen","status":"publish","type":"page","link":"https:\/\/valvex.com\/de\/profibereich\/fur-den-investor\/arbeiten-sie-mit-valvex-zusammen\/","title":{"rendered":"Arbeiten Sie mit Valvex zusammen"},"content":{"rendered":"\n<p>Wir gehen jede Herausforderung verantwortungsvoll an. Wir engagieren uns f\u00fcr die uns \u00fcbertragenen Aufgaben, beseitigen alle auftretenden Probleme und streben nach h\u00f6chster Qualit\u00e4t der Dienstleistungen. Wenn unser Investitionsangebot Ihren Bed\u00fcrfnissen entspricht und Sie Unterst\u00fctzung bei den von Ihnen durchgef\u00fchrten Investitionsprozessen suchen, z\u00f6gern Sie bitte nicht, uns zu kontaktieren.<\/p>\n\n\n\n<p>Wir versprechen Ihnen, dass wir das Wissen und die Erfahrung, die wir in vielen Jahren der Arbeit in einem internationalen Umfeld gesammelt haben, f\u00fcr die Realisierung Ihres Projekts einsetzen werden. Wir finden eine individuelle L\u00f6sung f\u00fcr Ihre Investition, die \u00fcber die \u00fcblichen Ma\u00dfst\u00e4be hinausgeht. Ein pers\u00f6nlicher Vertriebsmitarbeiter wird Sie in jeder Phase des Projekts unterst\u00fctzen. <\/p>\n\n\n\n<p>Um Einzelheiten zu erfahren und zu verhandeln, setzen Sie sich bitte \u00fcber das Kontaktformular mit uns in Verbindung. Hoffentlich bis bald.<\/p>\n\n\n\n<div class=\"wp-block-columns is-layout-flex wp-container-core-columns-is-layout-9d6595d7 wp-block-columns-is-layout-flex\"><\/div>\n\n\n\n<div class=\"wp-block-columns is-layout-flex wp-container-core-columns-is-layout-9d6595d7 wp-block-columns-is-layout-flex\">\n<div class=\"wp-block-column is-layout-flow wp-block-column-is-layout-flow\" style=\"flex-basis:59.6%\">\n<figure class=\"wp-block-gallery has-nested-images columns-default is-cropped wp-block-gallery-1 is-layout-flex wp-block-gallery-is-layout-flex\">\n<figure class=\"wp-block-image size-large\"><img loading=\"lazy\" decoding=\"async\" width=\"513\" height=\"331\" data-id=\"65916\" src=\"http:\/\/valvex.com\/wp-content\/uploads\/2023\/02\/inwestycje_2-2.png\" alt=\"\" class=\"wp-image-65916\" srcset=\"https:\/\/valvex.com\/wp-content\/uploads\/2023\/02\/inwestycje_2-2.png 513w, https:\/\/valvex.com\/wp-content\/uploads\/2023\/02\/inwestycje_2-2-300x194.png 300w\" sizes=\"auto, (max-width: 513px) 100vw, 513px\" \/><\/figure>\n<\/figure>\n<\/div>\n\n\n\n<div class=\"wp-block-column is-layout-flow wp-block-column-is-layout-flow\" style=\"flex-basis:66.67%\">\n<h3 class=\"wp-block-heading mb-16\">Wir laden Sie ein, uns zu kontaktieren<\/h3>\n\n\n\n<div class=\"wpcf7 no-js\" id=\"wpcf7-f69504-o1\" lang=\"de-DE\" dir=\"ltr\" data-wpcf7-id=\"69504\">\n<div class=\"screen-reader-response\"><p role=\"status\" aria-live=\"polite\" aria-atomic=\"true\"><\/p> <ul><\/ul><\/div>\n<form action=\"\/de\/wp-json\/wp\/v2\/pages\/69540#wpcf7-f69504-o1\" method=\"post\" class=\"wpcf7-form init\" aria-label=\"Kontaktformular\" novalidate=\"novalidate\" data-status=\"init\">\n<fieldset class=\"hidden-fields-container\"><input type=\"hidden\" name=\"_wpcf7\" value=\"69504\" \/><input type=\"hidden\" name=\"_wpcf7_version\" value=\"6.1.5\" \/><input type=\"hidden\" name=\"_wpcf7_locale\" value=\"de_DE\" \/><input type=\"hidden\" name=\"_wpcf7_unit_tag\" value=\"wpcf7-f69504-o1\" \/><input type=\"hidden\" name=\"_wpcf7_container_post\" value=\"0\" \/><input type=\"hidden\" name=\"_wpcf7_posted_data_hash\" value=\"\" \/><input type=\"hidden\" name=\"_wpcf7_recaptcha_response\" value=\"\" \/>\n<\/fieldset>\n<div class=\"grid md:grid-cols-2 gap-2\">\n\t<div>\n\t\t<p><label>Vorname <span class=\"wpcf7-form-control-wrap\" data-name=\"your-name\"><input size=\"40\" maxlength=\"400\" class=\"wpcf7-form-control wpcf7-text wpcf7-validates-as-required\" aria-required=\"true\" aria-invalid=\"false\" value=\"\" type=\"text\" name=\"your-name\" \/><\/span> <\/label>\n\t\t<\/p>\n\t<\/div>\n\t<div>\n\t\t<p><label>Nachname <span class=\"wpcf7-form-control-wrap\" data-name=\"your-lastname\"><input size=\"40\" maxlength=\"400\" class=\"wpcf7-form-control wpcf7-text wpcf7-validates-as-required\" aria-required=\"true\" aria-invalid=\"false\" value=\"\" type=\"text\" name=\"your-lastname\" \/><\/span> <\/label>\n\t\t<\/p>\n\t<\/div>\n<\/div>\n<p><label>Firmenname <span class=\"wpcf7-form-control-wrap\" data-name=\"company-name\"><input size=\"40\" maxlength=\"400\" class=\"wpcf7-form-control wpcf7-text wpcf7-validates-as-required\" aria-required=\"true\" aria-invalid=\"false\" value=\"\" type=\"text\" name=\"company-name\" \/><\/span> <\/label>\n<\/p>\n<div class=\"grid md:grid-cols-2 gap-2\">\n\t<div>\n\t\t<p><label>E-mail <span class=\"wpcf7-form-control-wrap\" data-name=\"your-email\"><input size=\"40\" maxlength=\"400\" class=\"wpcf7-form-control wpcf7-email wpcf7-validates-as-required wpcf7-text wpcf7-validates-as-email\" aria-required=\"true\" aria-invalid=\"false\" value=\"\" type=\"email\" name=\"your-email\" \/><\/span> <\/label>\n\t\t<\/p>\n\t<\/div>\n\t<div>\n\t\t<p><label>Telefonnummer <span class=\"wpcf7-form-control-wrap\" data-name=\"your-phone\"><input size=\"40\" maxlength=\"400\" class=\"wpcf7-form-control wpcf7-tel wpcf7-validates-as-required wpcf7-text wpcf7-validates-as-tel\" aria-required=\"true\" aria-invalid=\"false\" value=\"\" type=\"tel\" name=\"your-phone\" \/><\/span> <\/label>\n\t\t<\/p>\n\t<\/div>\n<\/div>\n<p><label>Ihre Nachricht<br \/>\n<span class=\"wpcf7-form-control-wrap\" data-name=\"your-message\"><textarea cols=\"40\" rows=\"10\" maxlength=\"2000\" class=\"wpcf7-form-control wpcf7-textarea wpcf7-validates-as-required\" aria-required=\"true\" aria-invalid=\"false\" name=\"your-message\"><\/textarea><\/span> <\/label>\n<\/p>\n<p style=\"font-size: 0.8rem;color: #989898;font-weight: normal;\">Der Administrator Ihrer angegebenen personenbezogenen Daten ist Valvex S.A. mit Sitz in Jordan\u00f3w, Nad Skaw\u0105 2, 34-240 Jordan\u00f3w, eingetragen im Unternehmerregister des Nationalen Gerichtsregisters durch das Bezirksgericht f\u00fcr Krakau - \u015ar\u00f3dmie\u015bcie in Krakau, Abteilung XII Wirtschaft des KRS unter der Nummer KRS 0000026818, USt-IdNr.: 735-00-24-499, REGON: 490399956. Wir verarbeiten Ihre personenbezogenen Daten, um auf die gesendeten Fragen oder in anderen Angelegenheiten zu antworten, in denen Sie uns unter Verwendung dieses Formulars kontaktieren.\n<\/p>\n<p><label style=\"font-size: 0.8rem;color: #989898;font-weight: normal;\"> <span class=\"wpcf7-form-control-wrap\" data-name=\"dane-osobowe\"><span class=\"wpcf7-form-control wpcf7-acceptance optional\"><span class=\"wpcf7-list-item\"><input type=\"checkbox\" name=\"dane-osobowe\" value=\"1\" aria-invalid=\"false\" \/><\/span><\/span><\/span>&nbsp;&nbsp;Ich erkl\u00e4re mich damit einverstanden, \u00fcber den im Formular angegebenen Kommunikationskanal zu Marketingzwecken kontaktiert zu werden, einschlie\u00dflich der Pr\u00e4sentation ungeforderter Angebote f\u00fcr Produkte und Dienstleistungen von Valvex S.A. In gesetzlich vorgesehenen F\u00e4llen haben Sie das Recht auf: Zugang zu Ihren Daten, Erhalt einer Kopie Ihrer Daten, Berichtigung, L\u00f6schung, Einschr\u00e4nkung der Verarbeitung, \u00dcbertragung, Widerruf der Zustimmung sowie Widerspruch gegen die Datenverarbeitung. Vollst\u00e4ndige Informationen zur Verarbeitung personenbezogener Daten in der Gesch\u00e4ftskommunikation finden Sie im Abschnitt <a href=\"\/de\/datenschutzrichtlinie\/\" target=\"_blank\" style=\"color:#ff0613;\">Datenschutzrichtlinie<\/a><\/label>\n<\/p>\n<div class=\"text-right\">\n\t<p><input class=\"wpcf7-form-control wpcf7-submit has-spinner\" type=\"submit\" value=\"Senden\" \/>\n\t<\/p>\n<\/div><div class=\"wpcf7-response-output\" aria-hidden=\"true\"><\/div>\n<\/form>\n<\/div>\n\n<\/div>\n<\/div>\n\n\n\n<p><\/p>\n","protected":false},"excerpt":{"rendered":"<p>Wir gehen jede Herausforderung verantwortungsvoll an. Wir engagieren uns f\u00fcr die uns \u00fcbertragenen Aufgaben, beseitigen alle auftretenden Probleme und streben nach h\u00f6chster Qualit\u00e4t der Dienstleistungen. Wenn unser Investitionsangebot Ihren Bed\u00fcrfnissen entspricht und Sie Unterst\u00fctzung bei den von Ihnen durchgef\u00fchrten Investitionsprozessen suchen, z\u00f6gern Sie bitte nicht, uns zu kontaktieren. Wir versprechen Ihnen, dass wir das Wissen [&hellip;]<\/p>\n","protected":false},"author":12,"featured_media":68204,"parent":69553,"menu_order":299,"comment_status":"closed","ping_status":"closed","template":"","meta":{"_acf_changed":false,"footnotes":""},"class_list":["post-69540","page","type-page","status-publish","has-post-thumbnail","hentry"],"acf":[],"yoast_head":"<!-- This site is optimized with the Yoast SEO plugin v27.3 - https:\/\/yoast.com\/product\/yoast-seo-wordpress\/ -->\n<title>Arbeiten Sie mit Valvex zusammen - Valvex<\/title>\n<meta name=\"robots\" content=\"index, follow, max-snippet:-1, max-image-preview:large, max-video-preview:-1\" \/>\n<link rel=\"canonical\" href=\"https:\/\/valvex.com\/de\/profibereich\/fur-den-investor\/arbeiten-sie-mit-valvex-zusammen\/\" \/>\n<meta property=\"og:locale\" content=\"de_DE\" \/>\n<meta property=\"og:type\" content=\"article\" \/>\n<meta property=\"og:title\" content=\"Arbeiten Sie mit Valvex zusammen - Valvex\" \/>\n<meta property=\"og:description\" content=\"Wir gehen jede Herausforderung verantwortungsvoll an. Wir engagieren uns f\u00fcr die uns \u00fcbertragenen Aufgaben, beseitigen alle auftretenden Probleme und streben nach h\u00f6chster Qualit\u00e4t der Dienstleistungen. Wenn unser Investitionsangebot Ihren Bed\u00fcrfnissen entspricht und Sie Unterst\u00fctzung bei den von Ihnen durchgef\u00fchrten Investitionsprozessen suchen, z\u00f6gern Sie bitte nicht, uns zu kontaktieren. Wir versprechen Ihnen, dass wir das Wissen [&hellip;]\" \/>\n<meta property=\"og:url\" content=\"https:\/\/valvex.com\/de\/profibereich\/fur-den-investor\/arbeiten-sie-mit-valvex-zusammen\/\" \/>\n<meta property=\"og:site_name\" content=\"Valvex\" \/>\n<meta property=\"article:modified_time\" content=\"2024-04-19T06:56:16+00:00\" \/>\n<meta property=\"og:image\" content=\"https:\/\/valvex.com\/wp-content\/uploads\/2022\/06\/Valvex-dla-inwestora.jpg\" \/>\n\t<meta property=\"og:image:width\" content=\"2400\" \/>\n\t<meta property=\"og:image:height\" content=\"843\" \/>\n\t<meta property=\"og:image:type\" content=\"image\/jpeg\" \/>\n<meta name=\"twitter:card\" content=\"summary_large_image\" \/>\n<meta name=\"twitter:label1\" content=\"Gesch\u00e4tzte Lesezeit\" \/>\n\t<meta name=\"twitter:data1\" content=\"2 Minuten\" \/>\n<script type=\"application\/ld+json\" class=\"yoast-schema-graph\">{\"@context\":\"https:\\\/\\\/schema.org\",\"@graph\":[{\"@type\":\"WebPage\",\"@id\":\"https:\\\/\\\/valvex.com\\\/de\\\/profibereich\\\/fur-den-investor\\\/arbeiten-sie-mit-valvex-zusammen\\\/\",\"url\":\"https:\\\/\\\/valvex.com\\\/de\\\/profibereich\\\/fur-den-investor\\\/arbeiten-sie-mit-valvex-zusammen\\\/\",\"name\":\"Arbeiten Sie mit Valvex zusammen - Valvex\",\"isPartOf\":{\"@id\":\"https:\\\/\\\/valvex.com\\\/de\\\/#website\"},\"primaryImageOfPage\":{\"@id\":\"https:\\\/\\\/valvex.com\\\/de\\\/profibereich\\\/fur-den-investor\\\/arbeiten-sie-mit-valvex-zusammen\\\/#primaryimage\"},\"image\":{\"@id\":\"https:\\\/\\\/valvex.com\\\/de\\\/profibereich\\\/fur-den-investor\\\/arbeiten-sie-mit-valvex-zusammen\\\/#primaryimage\"},\"thumbnailUrl\":\"https:\\\/\\\/valvex.com\\\/wp-content\\\/uploads\\\/2022\\\/06\\\/Valvex-dla-inwestora.jpg\",\"datePublished\":\"2022-08-17T13:51:00+00:00\",\"dateModified\":\"2024-04-19T06:56:16+00:00\",\"breadcrumb\":{\"@id\":\"https:\\\/\\\/valvex.com\\\/de\\\/profibereich\\\/fur-den-investor\\\/arbeiten-sie-mit-valvex-zusammen\\\/#breadcrumb\"},\"inLanguage\":\"de\",\"potentialAction\":[{\"@type\":\"ReadAction\",\"target\":[\"https:\\\/\\\/valvex.com\\\/de\\\/profibereich\\\/fur-den-investor\\\/arbeiten-sie-mit-valvex-zusammen\\\/\"]}]},{\"@type\":\"ImageObject\",\"inLanguage\":\"de\",\"@id\":\"https:\\\/\\\/valvex.com\\\/de\\\/profibereich\\\/fur-den-investor\\\/arbeiten-sie-mit-valvex-zusammen\\\/#primaryimage\",\"url\":\"https:\\\/\\\/valvex.com\\\/wp-content\\\/uploads\\\/2022\\\/06\\\/Valvex-dla-inwestora.jpg\",\"contentUrl\":\"https:\\\/\\\/valvex.com\\\/wp-content\\\/uploads\\\/2022\\\/06\\\/Valvex-dla-inwestora.jpg\",\"width\":2400,\"height\":843},{\"@type\":\"BreadcrumbList\",\"@id\":\"https:\\\/\\\/valvex.com\\\/de\\\/profibereich\\\/fur-den-investor\\\/arbeiten-sie-mit-valvex-zusammen\\\/#breadcrumb\",\"itemListElement\":[{\"@type\":\"ListItem\",\"position\":1,\"name\":\"Strona g\u0142\u00f3wna\",\"item\":\"https:\\\/\\\/valvex.com\\\/de\\\/\"},{\"@type\":\"ListItem\",\"position\":2,\"name\":\"Profibereich\",\"item\":\"https:\\\/\\\/valvex.com\\\/de\\\/strefa-profesjonalisty\\\/\"},{\"@type\":\"ListItem\",\"position\":3,\"name\":\"F\u00fcr den Investor\",\"item\":\"https:\\\/\\\/valvex.com\\\/de\\\/strefa-profesjonalisty\\\/strefa-inwestora\\\/\"},{\"@type\":\"ListItem\",\"position\":4,\"name\":\"Arbeiten Sie mit Valvex zusammen\"}]},{\"@type\":\"WebSite\",\"@id\":\"https:\\\/\\\/valvex.com\\\/de\\\/#website\",\"url\":\"https:\\\/\\\/valvex.com\\\/de\\\/\",\"name\":\"Valvex\",\"description\":\"Hersteller von Sanit\u00e4ranlagen und Armaturen\\n\\n\",\"potentialAction\":[{\"@type\":\"SearchAction\",\"target\":{\"@type\":\"EntryPoint\",\"urlTemplate\":\"https:\\\/\\\/valvex.com\\\/de\\\/?s={search_term_string}\"},\"query-input\":{\"@type\":\"PropertyValueSpecification\",\"valueRequired\":true,\"valueName\":\"search_term_string\"}}],\"inLanguage\":\"de\"}]}<\/script>\n<!-- \/ Yoast SEO plugin. -->","yoast_head_json":{"title":"Arbeiten Sie mit Valvex zusammen - Valvex","robots":{"index":"index","follow":"follow","max-snippet":"max-snippet:-1","max-image-preview":"max-image-preview:large","max-video-preview":"max-video-preview:-1"},"canonical":"https:\/\/valvex.com\/de\/profibereich\/fur-den-investor\/arbeiten-sie-mit-valvex-zusammen\/","og_locale":"de_DE","og_type":"article","og_title":"Arbeiten Sie mit Valvex zusammen - Valvex","og_description":"Wir gehen jede Herausforderung verantwortungsvoll an. Wir engagieren uns f\u00fcr die uns \u00fcbertragenen Aufgaben, beseitigen alle auftretenden Probleme und streben nach h\u00f6chster Qualit\u00e4t der Dienstleistungen. Wenn unser Investitionsangebot Ihren Bed\u00fcrfnissen entspricht und Sie Unterst\u00fctzung bei den von Ihnen durchgef\u00fchrten Investitionsprozessen suchen, z\u00f6gern Sie bitte nicht, uns zu kontaktieren. Wir versprechen Ihnen, dass wir das Wissen [&hellip;]","og_url":"https:\/\/valvex.com\/de\/profibereich\/fur-den-investor\/arbeiten-sie-mit-valvex-zusammen\/","og_site_name":"Valvex","article_modified_time":"2024-04-19T06:56:16+00:00","og_image":[{"width":2400,"height":843,"url":"https:\/\/valvex.com\/wp-content\/uploads\/2022\/06\/Valvex-dla-inwestora.jpg","type":"image\/jpeg"}],"twitter_card":"summary_large_image","twitter_misc":{"Gesch\u00e4tzte Lesezeit":"2 Minuten"},"schema":{"@context":"https:\/\/schema.org","@graph":[{"@type":"WebPage","@id":"https:\/\/valvex.com\/de\/profibereich\/fur-den-investor\/arbeiten-sie-mit-valvex-zusammen\/","url":"https:\/\/valvex.com\/de\/profibereich\/fur-den-investor\/arbeiten-sie-mit-valvex-zusammen\/","name":"Arbeiten Sie mit Valvex zusammen - Valvex","isPartOf":{"@id":"https:\/\/valvex.com\/de\/#website"},"primaryImageOfPage":{"@id":"https:\/\/valvex.com\/de\/profibereich\/fur-den-investor\/arbeiten-sie-mit-valvex-zusammen\/#primaryimage"},"image":{"@id":"https:\/\/valvex.com\/de\/profibereich\/fur-den-investor\/arbeiten-sie-mit-valvex-zusammen\/#primaryimage"},"thumbnailUrl":"https:\/\/valvex.com\/wp-content\/uploads\/2022\/06\/Valvex-dla-inwestora.jpg","datePublished":"2022-08-17T13:51:00+00:00","dateModified":"2024-04-19T06:56:16+00:00","breadcrumb":{"@id":"https:\/\/valvex.com\/de\/profibereich\/fur-den-investor\/arbeiten-sie-mit-valvex-zusammen\/#breadcrumb"},"inLanguage":"de","potentialAction":[{"@type":"ReadAction","target":["https:\/\/valvex.com\/de\/profibereich\/fur-den-investor\/arbeiten-sie-mit-valvex-zusammen\/"]}]},{"@type":"ImageObject","inLanguage":"de","@id":"https:\/\/valvex.com\/de\/profibereich\/fur-den-investor\/arbeiten-sie-mit-valvex-zusammen\/#primaryimage","url":"https:\/\/valvex.com\/wp-content\/uploads\/2022\/06\/Valvex-dla-inwestora.jpg","contentUrl":"https:\/\/valvex.com\/wp-content\/uploads\/2022\/06\/Valvex-dla-inwestora.jpg","width":2400,"height":843},{"@type":"BreadcrumbList","@id":"https:\/\/valvex.com\/de\/profibereich\/fur-den-investor\/arbeiten-sie-mit-valvex-zusammen\/#breadcrumb","itemListElement":[{"@type":"ListItem","position":1,"name":"Strona g\u0142\u00f3wna","item":"https:\/\/valvex.com\/de\/"},{"@type":"ListItem","position":2,"name":"Profibereich","item":"https:\/\/valvex.com\/de\/strefa-profesjonalisty\/"},{"@type":"ListItem","position":3,"name":"F\u00fcr den Investor","item":"https:\/\/valvex.com\/de\/strefa-profesjonalisty\/strefa-inwestora\/"},{"@type":"ListItem","position":4,"name":"Arbeiten Sie mit Valvex zusammen"}]},{"@type":"WebSite","@id":"https:\/\/valvex.com\/de\/#website","url":"https:\/\/valvex.com\/de\/","name":"Valvex","description":"Hersteller von Sanit\u00e4ranlagen und Armaturen\n\n","potentialAction":[{"@type":"SearchAction","target":{"@type":"EntryPoint","urlTemplate":"https:\/\/valvex.com\/de\/?s={search_term_string}"},"query-input":{"@type":"PropertyValueSpecification","valueRequired":true,"valueName":"search_term_string"}}],"inLanguage":"de"}]}},"_links":{"self":[{"href":"https:\/\/valvex.com\/de\/wp-json\/wp\/v2\/pages\/69540","targetHints":{"allow":["GET"]}}],"collection":[{"href":"https:\/\/valvex.com\/de\/wp-json\/wp\/v2\/pages"}],"about":[{"href":"https:\/\/valvex.com\/de\/wp-json\/wp\/v2\/types\/page"}],"author":[{"embeddable":true,"href":"https:\/\/valvex.com\/de\/wp-json\/wp\/v2\/users\/12"}],"replies":[{"embeddable":true,"href":"https:\/\/valvex.com\/de\/wp-json\/wp\/v2\/comments?post=69540"}],"version-history":[{"count":1,"href":"https:\/\/valvex.com\/de\/wp-json\/wp\/v2\/pages\/69540\/revisions"}],"predecessor-version":[{"id":71508,"href":"https:\/\/valvex.com\/de\/wp-json\/wp\/v2\/pages\/69540\/revisions\/71508"}],"up":[{"embeddable":true,"href":"https:\/\/valvex.com\/de\/wp-json\/wp\/v2\/pages\/69553"}],"wp:featuredmedia":[{"embeddable":true,"href":"https:\/\/valvex.com\/de\/wp-json\/wp\/v2\/media\/68204"}],"wp:attachment":[{"href":"https:\/\/valvex.com\/de\/wp-json\/wp\/v2\/media?parent=69540"}],"curies":[{"name":"wp","href":"https:\/\/api.w.org\/{rel}","templated":true}]}}